{"id":995,"date":"2022-04-27T15:01:03","date_gmt":"2022-04-27T13:01:03","guid":{"rendered":"https:\/\/shtandart.xyz\/?post_type=product&#038;p=995"},"modified":"2023-11-20T09:42:06","modified_gmt":"2023-11-20T08:42:06","slug":"t-shirt-shtandart","status":"publish","type":"product","link":"https:\/\/shtandart.eu\/fr\/product\/t-shirt-shtandart\/","title":{"rendered":"T-shirt &#8220;Shtandart&#8221;"},"content":{"rendered":"<p>T-shirt avec le dessin de Shtandart sur le dos.<\/p>\n<p>T-shirt doux et confortable avec une coupe droite qui ne restreint pas vos mouvements. Le logo du Shtandart sur la poitrine et le contour du navire dans le dos indiquent clairement que vous faites partie de l'\u00e9quipe.<\/p>\n<p><strong>Composition:<\/strong> 100% cotton<\/p>\n<p><strong>Couleur:<\/strong> bleu marine<\/p>\n<p><strong>Longueur des manches:<\/strong> courte<\/p>\n<p><strong>Entretien :<\/strong><br \/>\nNe pas repasser l'imprim\u00e9<br \/>\nLaver en machine avec une temp\u00e9rature ne d\u00e9passant pas 40\u00b0C<br \/>\nNe pas utiliser d'eau de Javel<br \/>\nS\u00e9cher \u00e0 l'air libre<\/p>\n<p><span class=\"VIiyi\" lang=\"en\"><span class=\"JLqJ4b ChMk0b\" data-language-for-alternatives=\"en\" data-language-to-translate-into=\"ru\" data-phrase-index=\"0\" data-number-of-phrases=\"1\"><span class=\"Q4iAWc\">Les frais de livraison sont pay\u00e9s s\u00e9par\u00e9ment<\/span><\/span><\/span>!<\/p>\n<p>&nbsp;<\/p>\n<p>&nbsp;<\/p>","protected":false},"excerpt":{"rendered":"<p>T-shirt avec le dessin de Shtandart sur le dos.<\/p>\n<p><span class=\"VIiyi\" lang=\"en\"><span class=\"JLqJ4b ChMk0b\" data-language-for-alternatives=\"en\" data-language-to-translate-into=\"ru\" data-phrase-index=\"0\" data-number-of-phrases=\"1\"><span class=\"Q4iAWc\">Les frais de livraison sont pay\u00e9s s\u00e9par\u00e9ment<\/span><\/span><\/span>!<\/p>","protected":false},"featured_media":996,"template":"","meta":{"_themeisle_gutenberg_block_has_review":false},"product_brand":[],"product_cat":[21,23],"product_tag":[90,91,92,89],"class_list":{"0":"post-995","1":"product","2":"type-product","3":"status-publish","4":"has-post-thumbnail","6":"product_cat-clothing","7":"product_cat-men","8":"product_tag-clothing","9":"product_tag-ship-picture","10":"product_tag-shtandart","11":"product_tag-t-shirt","12":"product_shipping_class-162","14":"first","15":"instock","16":"shipping-taxable","17":"purchasable","18":"product-type-variable"},"yoast_head":"<!-- This site is optimized with the Yoast SEO plugin v25.5 - https:\/\/yoast.com\/wordpress\/plugins\/seo\/ -->\n<title>T-shirt &quot;Shtandart&quot; - Shtandart<\/title>\n<meta name=\"robots\" content=\"index, follow, max-snippet:-1, max-image-preview:large, max-video-preview:-1\" \/>\n<link rel=\"canonical\" href=\"https:\/\/shtandart.eu\/fr\/produit\/t-shirt-shtandart\/\" \/>\n<meta property=\"og:locale\" content=\"fr_FR\" \/>\n<meta property=\"og:type\" content=\"article\" \/>\n<meta property=\"og:title\" content=\"T-shirt &quot;Shtandart&quot; - Shtandart\" \/>\n<meta property=\"og:description\" content=\"T-shirt with the picture of the sailing ship &quot;Shtandart&quot; on the back.  Shipping costs are paid separately!\" \/>\n<meta property=\"og:url\" content=\"https:\/\/shtandart.eu\/fr\/produit\/t-shirt-shtandart\/\" \/>\n<meta property=\"og:site_name\" content=\"Shtandart\" \/>\n<meta property=\"article:publisher\" content=\"https:\/\/www.facebook.com\/Frigate.Shtandart\/\" \/>\n<meta property=\"article:modified_time\" content=\"2023-11-20T08:42:06+00:00\" \/>\n<meta property=\"og:image\" content=\"https:\/\/shtandart.eu\/wp-content\/uploads\/2022\/04\/ship_back.jpg\" \/>\n\t<meta property=\"og:image:width\" content=\"732\" \/>\n\t<meta property=\"og:image:height\" content=\"1064\" \/>\n\t<meta property=\"og:image:type\" content=\"image\/jpeg\" \/>\n<meta name=\"twitter:card\" content=\"summary_large_image\" \/>\n<script type=\"application\/ld+json\" class=\"yoast-schema-graph\">{\"@context\":\"https:\/\/schema.org\",\"@graph\":[{\"@type\":\"WebPage\",\"@id\":\"https:\/\/shtandart.eu\/es\/product\/t-shirt-shtandart\/\",\"url\":\"https:\/\/shtandart.eu\/es\/product\/t-shirt-shtandart\/\",\"name\":\"T-shirt \\\"Shtandart\\\" - Shtandart\",\"isPartOf\":{\"@id\":\"https:\/\/shtandart.eu\/#website\"},\"primaryImageOfPage\":{\"@id\":\"https:\/\/shtandart.eu\/es\/product\/t-shirt-shtandart\/#primaryimage\"},\"image\":{\"@id\":\"https:\/\/shtandart.eu\/es\/product\/t-shirt-shtandart\/#primaryimage\"},\"thumbnailUrl\":\"https:\/\/shtandart.eu\/wp-content\/uploads\/2022\/04\/ship_back.jpg\",\"datePublished\":\"2022-04-27T13:01:03+00:00\",\"dateModified\":\"2023-11-20T08:42:06+00:00\",\"breadcrumb\":{\"@id\":\"https:\/\/shtandart.eu\/es\/product\/t-shirt-shtandart\/#breadcrumb\"},\"inLanguage\":\"fr-FR\",\"potentialAction\":[{\"@type\":\"ReadAction\",\"target\":[\"https:\/\/shtandart.eu\/es\/product\/t-shirt-shtandart\/\"]}]},{\"@type\":\"ImageObject\",\"inLanguage\":\"fr-FR\",\"@id\":\"https:\/\/shtandart.eu\/es\/product\/t-shirt-shtandart\/#primaryimage\",\"url\":\"https:\/\/shtandart.eu\/wp-content\/uploads\/2022\/04\/ship_back.jpg\",\"contentUrl\":\"https:\/\/shtandart.eu\/wp-content\/uploads\/2022\/04\/ship_back.jpg\",\"width\":732,\"height\":1064,\"caption\":\"T-shirt with the image of the ship Shtandart\"},{\"@type\":\"BreadcrumbList\",\"@id\":\"https:\/\/shtandart.eu\/es\/product\/t-shirt-shtandart\/#breadcrumb\",\"itemListElement\":[{\"@type\":\"ListItem\",\"position\":1,\"name\":\"Home\",\"item\":\"https:\/\/shtandart.eu\/\"},{\"@type\":\"ListItem\",\"position\":2,\"name\":\"Shop\",\"item\":\"https:\/\/shtandart.eu\/es\/shop\/\"},{\"@type\":\"ListItem\",\"position\":3,\"name\":\"T-shirt &#8220;Shtandart&#8221;\"}]},{\"@type\":\"WebSite\",\"@id\":\"https:\/\/shtandart.eu\/#website\",\"url\":\"https:\/\/shtandart.eu\/\",\"name\":\"Shtandart\",\"description\":\"\",\"publisher\":{\"@id\":\"https:\/\/shtandart.eu\/#organization\"},\"potentialAction\":[{\"@type\":\"SearchAction\",\"target\":{\"@type\":\"EntryPoint\",\"urlTemplate\":\"https:\/\/shtandart.eu\/?s={search_term_string}\"},\"query-input\":{\"@type\":\"PropertyValueSpecification\",\"valueRequired\":true,\"valueName\":\"search_term_string\"}}],\"inLanguage\":\"fr-FR\"},{\"@type\":\"Organization\",\"@id\":\"https:\/\/shtandart.eu\/#organization\",\"name\":\"Shtandart\",\"url\":\"https:\/\/shtandart.eu\/\",\"logo\":{\"@type\":\"ImageObject\",\"inLanguage\":\"fr-FR\",\"@id\":\"https:\/\/shtandart.eu\/#\/schema\/logo\/image\/\",\"url\":\"https:\/\/shtandart.eu\/wp-content\/uploads\/2023\/12\/\u0411\u0435\u0437-\u0438\u043c\u0435\u043d\u0438-2.png\",\"contentUrl\":\"https:\/\/shtandart.eu\/wp-content\/uploads\/2023\/12\/\u0411\u0435\u0437-\u0438\u043c\u0435\u043d\u0438-2.png\",\"width\":512,\"height\":511,\"caption\":\"Shtandart\"},\"image\":{\"@id\":\"https:\/\/shtandart.eu\/#\/schema\/logo\/image\/\"},\"sameAs\":[\"https:\/\/www.facebook.com\/Frigate.Shtandart\/\"]}]}<\/script>\n<!-- \/ Yoast SEO plugin. -->","yoast_head_json":{"title":"T-shirt \"Shtandart\" - Shtandart","robots":{"index":"index","follow":"follow","max-snippet":"max-snippet:-1","max-image-preview":"max-image-preview:large","max-video-preview":"max-video-preview:-1"},"canonical":"https:\/\/shtandart.eu\/fr\/produit\/t-shirt-shtandart\/","og_locale":"fr_FR","og_type":"article","og_title":"T-shirt \"Shtandart\" - Shtandart","og_description":"T-shirt with the picture of the sailing ship \"Shtandart\" on the back.  Shipping costs are paid separately!","og_url":"https:\/\/shtandart.eu\/fr\/produit\/t-shirt-shtandart\/","og_site_name":"Shtandart","article_publisher":"https:\/\/www.facebook.com\/Frigate.Shtandart\/","article_modified_time":"2023-11-20T08:42:06+00:00","og_image":[{"width":732,"height":1064,"url":"https:\/\/shtandart.eu\/wp-content\/uploads\/2022\/04\/ship_back.jpg","type":"image\/jpeg"}],"twitter_card":"summary_large_image","schema":{"@context":"https:\/\/schema.org","@graph":[{"@type":"WebPage","@id":"https:\/\/shtandart.eu\/es\/product\/t-shirt-shtandart\/","url":"https:\/\/shtandart.eu\/es\/product\/t-shirt-shtandart\/","name":"T-shirt \"Shtandart\" - Shtandart","isPartOf":{"@id":"https:\/\/shtandart.eu\/#website"},"primaryImageOfPage":{"@id":"https:\/\/shtandart.eu\/es\/product\/t-shirt-shtandart\/#primaryimage"},"image":{"@id":"https:\/\/shtandart.eu\/es\/product\/t-shirt-shtandart\/#primaryimage"},"thumbnailUrl":"https:\/\/shtandart.eu\/wp-content\/uploads\/2022\/04\/ship_back.jpg","datePublished":"2022-04-27T13:01:03+00:00","dateModified":"2023-11-20T08:42:06+00:00","breadcrumb":{"@id":"https:\/\/shtandart.eu\/es\/product\/t-shirt-shtandart\/#breadcrumb"},"inLanguage":"fr-FR","potentialAction":[{"@type":"ReadAction","target":["https:\/\/shtandart.eu\/es\/product\/t-shirt-shtandart\/"]}]},{"@type":"ImageObject","inLanguage":"fr-FR","@id":"https:\/\/shtandart.eu\/es\/product\/t-shirt-shtandart\/#primaryimage","url":"https:\/\/shtandart.eu\/wp-content\/uploads\/2022\/04\/ship_back.jpg","contentUrl":"https:\/\/shtandart.eu\/wp-content\/uploads\/2022\/04\/ship_back.jpg","width":732,"height":1064,"caption":"T-shirt with the image of the ship Shtandart"},{"@type":"BreadcrumbList","@id":"https:\/\/shtandart.eu\/es\/product\/t-shirt-shtandart\/#breadcrumb","itemListElement":[{"@type":"ListItem","position":1,"name":"Home","item":"https:\/\/shtandart.eu\/"},{"@type":"ListItem","position":2,"name":"Shop","item":"https:\/\/shtandart.eu\/es\/shop\/"},{"@type":"ListItem","position":3,"name":"T-shirt &#8220;Shtandart&#8221;"}]},{"@type":"WebSite","@id":"https:\/\/shtandart.eu\/#website","url":"https:\/\/shtandart.eu\/","name":"Shtandart","description":"","publisher":{"@id":"https:\/\/shtandart.eu\/#organization"},"potentialAction":[{"@type":"SearchAction","target":{"@type":"EntryPoint","urlTemplate":"https:\/\/shtandart.eu\/?s={search_term_string}"},"query-input":{"@type":"PropertyValueSpecification","valueRequired":true,"valueName":"search_term_string"}}],"inLanguage":"fr-FR"},{"@type":"Organization","@id":"https:\/\/shtandart.eu\/#organization","name":"Shtandart","url":"https:\/\/shtandart.eu\/","logo":{"@type":"ImageObject","inLanguage":"fr-FR","@id":"https:\/\/shtandart.eu\/#\/schema\/logo\/image\/","url":"https:\/\/shtandart.eu\/wp-content\/uploads\/2023\/12\/\u0411\u0435\u0437-\u0438\u043c\u0435\u043d\u0438-2.png","contentUrl":"https:\/\/shtandart.eu\/wp-content\/uploads\/2023\/12\/\u0411\u0435\u0437-\u0438\u043c\u0435\u043d\u0438-2.png","width":512,"height":511,"caption":"Shtandart"},"image":{"@id":"https:\/\/shtandart.eu\/#\/schema\/logo\/image\/"},"sameAs":["https:\/\/www.facebook.com\/Frigate.Shtandart\/"]}]}},"_links":{"self":[{"href":"https:\/\/shtandart.eu\/fr\/wp-json\/wp\/v2\/product\/995","targetHints":{"allow":["GET"]}}],"collection":[{"href":"https:\/\/shtandart.eu\/fr\/wp-json\/wp\/v2\/product"}],"about":[{"href":"https:\/\/shtandart.eu\/fr\/wp-json\/wp\/v2\/types\/product"}],"wp:featuredmedia":[{"embeddable":true,"href":"https:\/\/shtandart.eu\/fr\/wp-json\/wp\/v2\/media\/996"}],"wp:attachment":[{"href":"https:\/\/shtandart.eu\/fr\/wp-json\/wp\/v2\/media?parent=995"}],"wp:term":[{"taxonomy":"product_brand","embeddable":true,"href":"https:\/\/shtandart.eu\/fr\/wp-json\/wp\/v2\/product_brand?post=995"},{"taxonomy":"product_cat","embeddable":true,"href":"https:\/\/shtandart.eu\/fr\/wp-json\/wp\/v2\/product_cat?post=995"},{"taxonomy":"product_tag","embeddable":true,"href":"https:\/\/shtandart.eu\/fr\/wp-json\/wp\/v2\/product_tag?post=995"}],"curies":[{"name":"wp","href":"https:\/\/api.w.org\/{rel}","templated":true}]}}