{"id":992,"date":"2022-04-27T14:44:42","date_gmt":"2022-04-27T12:44:42","guid":{"rendered":"https:\/\/shtandart.xyz\/?post_type=product&#038;p=992"},"modified":"2025-04-11T11:27:20","modified_gmt":"2025-04-11T09:27:20","slug":"mug-life-is-what-you-make-it","status":"publish","type":"product","link":"https:\/\/shtandart.eu\/fr\/product\/mug-life-is-what-you-make-it\/","title":{"rendered":"Mug &#8220;Life is what you make it&#8221; (Out of stock)"},"content":{"rendered":"<p>Tasse avec l'image du navire et la devise - \u201cLife is what you make it\u201d.<\/p>\n<p>Grande tasse en c\u00e9ramique avec l'image du navire et la devise - \u201cLife is what you make it\u201d.<br \/>\nC'est agr\u00e9able de laisser votre esprit voguer vers la mer tout en tenant une tasse chaude orn\u00e9e d'un voilier. Laissez-le naviguer sur la mer de vos mains, et cela marquera certainement le d\u00e9but d'une aventure extraordinaire. Notre devise sera l\u00e0 pour vous rappeler constamment que tout est entre vos mains et pour vous encourager \u00e0 rester optimiste.<\/p>\n<p><span class=\"VIiyi\" lang=\"en\"><span class=\"JLqJ4b ChMk0b\" data-language-for-alternatives=\"en\" data-language-to-translate-into=\"ru\" data-phrase-index=\"0\" data-number-of-phrases=\"1\"><span class=\"Q4iAWc\">Les frais de livraison sont pay\u00e9s s\u00e9par\u00e9ment<\/span><\/span><\/span>!<\/p>","protected":false},"excerpt":{"rendered":"<p>Tasse avec l'image du navire et la devise - \u201cLife is what you make it\u201d.<\/p>\n<p><span class=\"VIiyi\" lang=\"en\"><span class=\"JLqJ4b ChMk0b\" data-language-for-alternatives=\"en\" data-language-to-translate-into=\"ru\" data-phrase-index=\"0\" data-number-of-phrases=\"1\"><span class=\"Q4iAWc\">Les frais de livraison sont pay\u00e9s s\u00e9par\u00e9ment<\/span><\/span><\/span>!<\/p>","protected":false},"featured_media":993,"template":"","meta":{"_themeisle_gutenberg_block_has_review":false},"product_brand":[],"product_cat":[86],"product_tag":[87,88],"class_list":{"0":"post-992","1":"product","2":"type-product","3":"status-publish","4":"has-post-thumbnail","6":"product_cat-souvenirs","7":"product_tag-mug","8":"product_tag-ship","10":"first","11":"outofstock","12":"shipping-taxable","13":"purchasable","14":"product-type-simple"},"yoast_head":"<!-- This site is optimized with the Yoast SEO plugin v25.5 - https:\/\/yoast.com\/wordpress\/plugins\/seo\/ -->\n<title>Mug &quot;Life is what you make it&quot; (Out of stock) - Shtandart<\/title>\n<meta name=\"robots\" content=\"index, follow, max-snippet:-1, max-image-preview:large, max-video-preview:-1\" \/>\n<link rel=\"canonical\" href=\"https:\/\/shtandart.eu\/fr\/produit\/mug-life-is-what-you-make-it\/\" \/>\n<meta property=\"og:locale\" content=\"fr_FR\" \/>\n<meta property=\"og:type\" content=\"article\" \/>\n<meta property=\"og:title\" content=\"Mug &quot;Life is what you make it&quot; (Out of stock) - Shtandart\" \/>\n<meta property=\"og:description\" content=\"Mug with the ship picture and motto - &quot;Life is what you make it&quot;.  Shipping costs are paid separately!\" \/>\n<meta property=\"og:url\" content=\"https:\/\/shtandart.eu\/fr\/produit\/mug-life-is-what-you-make-it\/\" \/>\n<meta property=\"og:site_name\" content=\"Shtandart\" \/>\n<meta property=\"article:publisher\" content=\"https:\/\/www.facebook.com\/Frigate.Shtandart\/\" \/>\n<meta property=\"article:modified_time\" content=\"2025-04-11T09:27:20+00:00\" \/>\n<meta property=\"og:image\" content=\"https:\/\/shtandart.eu\/wp-content\/uploads\/2022\/04\/rzPxHCuRFAw.jpg\" \/>\n\t<meta property=\"og:image:width\" content=\"1199\" \/>\n\t<meta property=\"og:image:height\" content=\"1600\" \/>\n\t<meta property=\"og:image:type\" content=\"image\/jpeg\" \/>\n<meta name=\"twitter:card\" content=\"summary_large_image\" \/>\n<script type=\"application\/ld+json\" class=\"yoast-schema-graph\">{\"@context\":\"https:\/\/schema.org\",\"@graph\":[{\"@type\":\"WebPage\",\"@id\":\"https:\/\/shtandart.eu\/product\/mug-life-is-what-you-make-it\/\",\"url\":\"https:\/\/shtandart.eu\/product\/mug-life-is-what-you-make-it\/\",\"name\":\"Mug \\\"Life is what you make it\\\" (Out of stock) - Shtandart\",\"isPartOf\":{\"@id\":\"https:\/\/shtandart.eu\/#website\"},\"primaryImageOfPage\":{\"@id\":\"https:\/\/shtandart.eu\/product\/mug-life-is-what-you-make-it\/#primaryimage\"},\"image\":{\"@id\":\"https:\/\/shtandart.eu\/product\/mug-life-is-what-you-make-it\/#primaryimage\"},\"thumbnailUrl\":\"https:\/\/shtandart.eu\/wp-content\/uploads\/2022\/04\/rzPxHCuRFAw.jpg\",\"datePublished\":\"2022-04-27T12:44:42+00:00\",\"dateModified\":\"2025-04-11T09:27:20+00:00\",\"breadcrumb\":{\"@id\":\"https:\/\/shtandart.eu\/product\/mug-life-is-what-you-make-it\/#breadcrumb\"},\"inLanguage\":\"fr-FR\",\"potentialAction\":[{\"@type\":\"ReadAction\",\"target\":[\"https:\/\/shtandart.eu\/product\/mug-life-is-what-you-make-it\/\"]}]},{\"@type\":\"ImageObject\",\"inLanguage\":\"fr-FR\",\"@id\":\"https:\/\/shtandart.eu\/product\/mug-life-is-what-you-make-it\/#primaryimage\",\"url\":\"https:\/\/shtandart.eu\/wp-content\/uploads\/2022\/04\/rzPxHCuRFAw.jpg\",\"contentUrl\":\"https:\/\/shtandart.eu\/wp-content\/uploads\/2022\/04\/rzPxHCuRFAw.jpg\",\"width\":1199,\"height\":1600,\"caption\":\"Shtandart mug\"},{\"@type\":\"BreadcrumbList\",\"@id\":\"https:\/\/shtandart.eu\/product\/mug-life-is-what-you-make-it\/#breadcrumb\",\"itemListElement\":[{\"@type\":\"ListItem\",\"position\":1,\"name\":\"Home\",\"item\":\"https:\/\/shtandart.eu\/\"},{\"@type\":\"ListItem\",\"position\":2,\"name\":\"Shop\",\"item\":\"https:\/\/shtandart.eu\/es\/shop\/\"},{\"@type\":\"ListItem\",\"position\":3,\"name\":\"Mug &#8220;Life is what you make it&#8221; (Out of stock)\"}]},{\"@type\":\"WebSite\",\"@id\":\"https:\/\/shtandart.eu\/#website\",\"url\":\"https:\/\/shtandart.eu\/\",\"name\":\"Shtandart\",\"description\":\"\",\"publisher\":{\"@id\":\"https:\/\/shtandart.eu\/#organization\"},\"potentialAction\":[{\"@type\":\"SearchAction\",\"target\":{\"@type\":\"EntryPoint\",\"urlTemplate\":\"https:\/\/shtandart.eu\/?s={search_term_string}\"},\"query-input\":{\"@type\":\"PropertyValueSpecification\",\"valueRequired\":true,\"valueName\":\"search_term_string\"}}],\"inLanguage\":\"fr-FR\"},{\"@type\":\"Organization\",\"@id\":\"https:\/\/shtandart.eu\/#organization\",\"name\":\"Shtandart\",\"url\":\"https:\/\/shtandart.eu\/\",\"logo\":{\"@type\":\"ImageObject\",\"inLanguage\":\"fr-FR\",\"@id\":\"https:\/\/shtandart.eu\/#\/schema\/logo\/image\/\",\"url\":\"https:\/\/shtandart.eu\/wp-content\/uploads\/2023\/12\/\u0411\u0435\u0437-\u0438\u043c\u0435\u043d\u0438-2.png\",\"contentUrl\":\"https:\/\/shtandart.eu\/wp-content\/uploads\/2023\/12\/\u0411\u0435\u0437-\u0438\u043c\u0435\u043d\u0438-2.png\",\"width\":512,\"height\":511,\"caption\":\"Shtandart\"},\"image\":{\"@id\":\"https:\/\/shtandart.eu\/#\/schema\/logo\/image\/\"},\"sameAs\":[\"https:\/\/www.facebook.com\/Frigate.Shtandart\/\"]}]}<\/script>\n<!-- \/ Yoast SEO plugin. -->","yoast_head_json":{"title":"Mug \"Life is what you make it\" (Out of stock) - Shtandart","robots":{"index":"index","follow":"follow","max-snippet":"max-snippet:-1","max-image-preview":"max-image-preview:large","max-video-preview":"max-video-preview:-1"},"canonical":"https:\/\/shtandart.eu\/fr\/produit\/mug-life-is-what-you-make-it\/","og_locale":"fr_FR","og_type":"article","og_title":"Mug \"Life is what you make it\" (Out of stock) - Shtandart","og_description":"Mug with the ship picture and motto - \"Life is what you make it\".  Shipping costs are paid separately!","og_url":"https:\/\/shtandart.eu\/fr\/produit\/mug-life-is-what-you-make-it\/","og_site_name":"Shtandart","article_publisher":"https:\/\/www.facebook.com\/Frigate.Shtandart\/","article_modified_time":"2025-04-11T09:27:20+00:00","og_image":[{"width":1199,"height":1600,"url":"https:\/\/shtandart.eu\/wp-content\/uploads\/2022\/04\/rzPxHCuRFAw.jpg","type":"image\/jpeg"}],"twitter_card":"summary_large_image","schema":{"@context":"https:\/\/schema.org","@graph":[{"@type":"WebPage","@id":"https:\/\/shtandart.eu\/product\/mug-life-is-what-you-make-it\/","url":"https:\/\/shtandart.eu\/product\/mug-life-is-what-you-make-it\/","name":"Mug \"Life is what you make it\" (Out of stock) - Shtandart","isPartOf":{"@id":"https:\/\/shtandart.eu\/#website"},"primaryImageOfPage":{"@id":"https:\/\/shtandart.eu\/product\/mug-life-is-what-you-make-it\/#primaryimage"},"image":{"@id":"https:\/\/shtandart.eu\/product\/mug-life-is-what-you-make-it\/#primaryimage"},"thumbnailUrl":"https:\/\/shtandart.eu\/wp-content\/uploads\/2022\/04\/rzPxHCuRFAw.jpg","datePublished":"2022-04-27T12:44:42+00:00","dateModified":"2025-04-11T09:27:20+00:00","breadcrumb":{"@id":"https:\/\/shtandart.eu\/product\/mug-life-is-what-you-make-it\/#breadcrumb"},"inLanguage":"fr-FR","potentialAction":[{"@type":"ReadAction","target":["https:\/\/shtandart.eu\/product\/mug-life-is-what-you-make-it\/"]}]},{"@type":"ImageObject","inLanguage":"fr-FR","@id":"https:\/\/shtandart.eu\/product\/mug-life-is-what-you-make-it\/#primaryimage","url":"https:\/\/shtandart.eu\/wp-content\/uploads\/2022\/04\/rzPxHCuRFAw.jpg","contentUrl":"https:\/\/shtandart.eu\/wp-content\/uploads\/2022\/04\/rzPxHCuRFAw.jpg","width":1199,"height":1600,"caption":"Shtandart mug"},{"@type":"BreadcrumbList","@id":"https:\/\/shtandart.eu\/product\/mug-life-is-what-you-make-it\/#breadcrumb","itemListElement":[{"@type":"ListItem","position":1,"name":"Home","item":"https:\/\/shtandart.eu\/"},{"@type":"ListItem","position":2,"name":"Shop","item":"https:\/\/shtandart.eu\/es\/shop\/"},{"@type":"ListItem","position":3,"name":"Mug &#8220;Life is what you make it&#8221; (Out of stock)"}]},{"@type":"WebSite","@id":"https:\/\/shtandart.eu\/#website","url":"https:\/\/shtandart.eu\/","name":"Shtandart","description":"","publisher":{"@id":"https:\/\/shtandart.eu\/#organization"},"potentialAction":[{"@type":"SearchAction","target":{"@type":"EntryPoint","urlTemplate":"https:\/\/shtandart.eu\/?s={search_term_string}"},"query-input":{"@type":"PropertyValueSpecification","valueRequired":true,"valueName":"search_term_string"}}],"inLanguage":"fr-FR"},{"@type":"Organization","@id":"https:\/\/shtandart.eu\/#organization","name":"Shtandart","url":"https:\/\/shtandart.eu\/","logo":{"@type":"ImageObject","inLanguage":"fr-FR","@id":"https:\/\/shtandart.eu\/#\/schema\/logo\/image\/","url":"https:\/\/shtandart.eu\/wp-content\/uploads\/2023\/12\/\u0411\u0435\u0437-\u0438\u043c\u0435\u043d\u0438-2.png","contentUrl":"https:\/\/shtandart.eu\/wp-content\/uploads\/2023\/12\/\u0411\u0435\u0437-\u0438\u043c\u0435\u043d\u0438-2.png","width":512,"height":511,"caption":"Shtandart"},"image":{"@id":"https:\/\/shtandart.eu\/#\/schema\/logo\/image\/"},"sameAs":["https:\/\/www.facebook.com\/Frigate.Shtandart\/"]}]}},"_links":{"self":[{"href":"https:\/\/shtandart.eu\/fr\/wp-json\/wp\/v2\/product\/992","targetHints":{"allow":["GET"]}}],"collection":[{"href":"https:\/\/shtandart.eu\/fr\/wp-json\/wp\/v2\/product"}],"about":[{"href":"https:\/\/shtandart.eu\/fr\/wp-json\/wp\/v2\/types\/product"}],"wp:featuredmedia":[{"embeddable":true,"href":"https:\/\/shtandart.eu\/fr\/wp-json\/wp\/v2\/media\/993"}],"wp:attachment":[{"href":"https:\/\/shtandart.eu\/fr\/wp-json\/wp\/v2\/media?parent=992"}],"wp:term":[{"taxonomy":"product_brand","embeddable":true,"href":"https:\/\/shtandart.eu\/fr\/wp-json\/wp\/v2\/product_brand?post=992"},{"taxonomy":"product_cat","embeddable":true,"href":"https:\/\/shtandart.eu\/fr\/wp-json\/wp\/v2\/product_cat?post=992"},{"taxonomy":"product_tag","embeddable":true,"href":"https:\/\/shtandart.eu\/fr\/wp-json\/wp\/v2\/product_tag?post=992"}],"curies":[{"name":"wp","href":"https:\/\/api.w.org\/{rel}","templated":true}]}}