{"id":765,"date":"2020-11-28T02:16:59","date_gmt":"2020-11-28T01:16:59","guid":{"rendered":"https:\/\/shtandart.xyz\/?post_type=product&#038;p=765"},"modified":"2023-11-20T09:11:11","modified_gmt":"2023-11-20T08:11:11","slug":"sailing-voyage-on-s-v-shtandart","status":"publish","type":"product","link":"https:\/\/shtandart.eu\/fr\/product\/sailing-voyage-on-s-v-shtandart\/","title":{"rendered":"Voyage sur Shtandart"},"content":{"rendered":"<p><b>Une bonne id\u00e9e pour un cadeau inoubliable : le certificat pour n'importe quel voyage \u00e0 bord de la fr\u00e9gate Shtandart. Vos proches pourront choisir le moment et l'itin\u00e9raire qui leur conviennent le mieux. Les certificats-cadeaux sont valides pour les trois prochaines ann\u00e9es.<\/b><\/p>","protected":false},"excerpt":{"rendered":"<p><b>Une bonne id\u00e9e pour un cadeau inoubliable : le certificat pour n'importe quel voyage \u00e0 bord de la fr\u00e9gate Shtandart. Vos proches pourront choisir le moment et l'itin\u00e9raire qui leur conviennent le mieux. Les certificats-cadeaux sont valides pour les trois prochaines ann\u00e9es.<\/b><\/p>","protected":false},"featured_media":998,"template":"","meta":{"_themeisle_gutenberg_block_has_review":false},"product_brand":[],"product_cat":[93,42],"product_tag":[97,95,94,96,98,92,99],"class_list":{"0":"post-765","1":"product","2":"type-product","3":"status-publish","4":"has-post-thumbnail","6":"product_cat-sailing-voyage","7":"product_cat-uncategorized","8":"product_tag-adventure","9":"product_tag-gift","10":"product_tag-sailing","11":"product_tag-sailing-ship","12":"product_tag-sailing-vessel","13":"product_tag-shtandart","14":"product_tag-tall-ship","16":"first","17":"instock","18":"featured","19":"shipping-taxable","20":"purchasable","21":"product-type-simple"},"yoast_head":"<!-- This site is optimized with the Yoast SEO plugin v25.5 - https:\/\/yoast.com\/wordpress\/plugins\/seo\/ -->\n<title>Sailing Voyage on S.V. Shtandart - Shtandart<\/title>\n<meta name=\"robots\" content=\"index, follow, max-snippet:-1, max-image-preview:large, max-video-preview:-1\" \/>\n<link rel=\"canonical\" href=\"https:\/\/shtandart.eu\/fr\/produit\/sailing-voyage-on-s-v-shtandart\/\" \/>\n<meta property=\"og:locale\" content=\"fr_FR\" \/>\n<meta property=\"og:type\" content=\"article\" \/>\n<meta property=\"og:title\" content=\"Sailing Voyage on S.V. Shtandart - Shtandart\" \/>\n<meta property=\"og:description\" content=\"A nice idea for an unforgettable gift \u2013 the certificate for any voyage with the frigate Shtandart. Your loved ones will be able to chose the most convenient time and route. Gift certificates are valid for the next three years.\" \/>\n<meta property=\"og:url\" content=\"https:\/\/shtandart.eu\/fr\/produit\/sailing-voyage-on-s-v-shtandart\/\" \/>\n<meta property=\"og:site_name\" content=\"Shtandart\" \/>\n<meta property=\"article:publisher\" content=\"https:\/\/www.facebook.com\/Frigate.Shtandart\/\" \/>\n<meta property=\"article:modified_time\" content=\"2023-11-20T08:11:11+00:00\" \/>\n<meta property=\"og:image\" content=\"https:\/\/shtandart.eu\/wp-content\/uploads\/2020\/11\/SHTANDART-001.jpg\" \/>\n\t<meta property=\"og:image:width\" content=\"2272\" \/>\n\t<meta property=\"og:image:height\" content=\"1520\" \/>\n\t<meta property=\"og:image:type\" content=\"image\/jpeg\" \/>\n<meta name=\"twitter:card\" content=\"summary_large_image\" \/>\n<script type=\"application\/ld+json\" class=\"yoast-schema-graph\">{\"@context\":\"https:\/\/schema.org\",\"@graph\":[{\"@type\":\"WebPage\",\"@id\":\"https:\/\/shtandart.eu\/es\/product\/sailing-voyage-on-s-v-shtandart\/\",\"url\":\"https:\/\/shtandart.eu\/es\/product\/sailing-voyage-on-s-v-shtandart\/\",\"name\":\"Sailing Voyage on S.V. Shtandart - Shtandart\",\"isPartOf\":{\"@id\":\"https:\/\/shtandart.eu\/#website\"},\"primaryImageOfPage\":{\"@id\":\"https:\/\/shtandart.eu\/es\/product\/sailing-voyage-on-s-v-shtandart\/#primaryimage\"},\"image\":{\"@id\":\"https:\/\/shtandart.eu\/es\/product\/sailing-voyage-on-s-v-shtandart\/#primaryimage\"},\"thumbnailUrl\":\"https:\/\/shtandart.eu\/wp-content\/uploads\/2020\/11\/SHTANDART-001.jpg\",\"datePublished\":\"2020-11-28T01:16:59+00:00\",\"dateModified\":\"2023-11-20T08:11:11+00:00\",\"breadcrumb\":{\"@id\":\"https:\/\/shtandart.eu\/es\/product\/sailing-voyage-on-s-v-shtandart\/#breadcrumb\"},\"inLanguage\":\"fr-FR\",\"potentialAction\":[{\"@type\":\"ReadAction\",\"target\":[\"https:\/\/shtandart.eu\/es\/product\/sailing-voyage-on-s-v-shtandart\/\"]}]},{\"@type\":\"ImageObject\",\"inLanguage\":\"fr-FR\",\"@id\":\"https:\/\/shtandart.eu\/es\/product\/sailing-voyage-on-s-v-shtandart\/#primaryimage\",\"url\":\"https:\/\/shtandart.eu\/wp-content\/uploads\/2020\/11\/SHTANDART-001.jpg\",\"contentUrl\":\"https:\/\/shtandart.eu\/wp-content\/uploads\/2020\/11\/SHTANDART-001.jpg\",\"width\":2272,\"height\":1520,\"caption\":\"\u20ac8 \u20ac5 Add to basket Placeholder Sailing Voyage on S.V. Shtandart\"},{\"@type\":\"BreadcrumbList\",\"@id\":\"https:\/\/shtandart.eu\/es\/product\/sailing-voyage-on-s-v-shtandart\/#breadcrumb\",\"itemListElement\":[{\"@type\":\"ListItem\",\"position\":1,\"name\":\"Home\",\"item\":\"https:\/\/shtandart.eu\/\"},{\"@type\":\"ListItem\",\"position\":2,\"name\":\"Shop\",\"item\":\"https:\/\/shtandart.eu\/es\/shop\/\"},{\"@type\":\"ListItem\",\"position\":3,\"name\":\"Sailing Voyage on S.V. Shtandart\"}]},{\"@type\":\"WebSite\",\"@id\":\"https:\/\/shtandart.eu\/#website\",\"url\":\"https:\/\/shtandart.eu\/\",\"name\":\"Shtandart\",\"description\":\"\",\"publisher\":{\"@id\":\"https:\/\/shtandart.eu\/#organization\"},\"potentialAction\":[{\"@type\":\"SearchAction\",\"target\":{\"@type\":\"EntryPoint\",\"urlTemplate\":\"https:\/\/shtandart.eu\/?s={search_term_string}\"},\"query-input\":{\"@type\":\"PropertyValueSpecification\",\"valueRequired\":true,\"valueName\":\"search_term_string\"}}],\"inLanguage\":\"fr-FR\"},{\"@type\":\"Organization\",\"@id\":\"https:\/\/shtandart.eu\/#organization\",\"name\":\"Shtandart\",\"url\":\"https:\/\/shtandart.eu\/\",\"logo\":{\"@type\":\"ImageObject\",\"inLanguage\":\"fr-FR\",\"@id\":\"https:\/\/shtandart.eu\/#\/schema\/logo\/image\/\",\"url\":\"https:\/\/shtandart.eu\/wp-content\/uploads\/2023\/12\/\u0411\u0435\u0437-\u0438\u043c\u0435\u043d\u0438-2.png\",\"contentUrl\":\"https:\/\/shtandart.eu\/wp-content\/uploads\/2023\/12\/\u0411\u0435\u0437-\u0438\u043c\u0435\u043d\u0438-2.png\",\"width\":512,\"height\":511,\"caption\":\"Shtandart\"},\"image\":{\"@id\":\"https:\/\/shtandart.eu\/#\/schema\/logo\/image\/\"},\"sameAs\":[\"https:\/\/www.facebook.com\/Frigate.Shtandart\/\"]}]}<\/script>\n<!-- \/ Yoast SEO plugin. -->","yoast_head_json":{"title":"Sailing Voyage on S.V. Shtandart - Shtandart","robots":{"index":"index","follow":"follow","max-snippet":"max-snippet:-1","max-image-preview":"max-image-preview:large","max-video-preview":"max-video-preview:-1"},"canonical":"https:\/\/shtandart.eu\/fr\/produit\/sailing-voyage-on-s-v-shtandart\/","og_locale":"fr_FR","og_type":"article","og_title":"Sailing Voyage on S.V. Shtandart - Shtandart","og_description":"A nice idea for an unforgettable gift \u2013 the certificate for any voyage with the frigate Shtandart. Your loved ones will be able to chose the most convenient time and route. Gift certificates are valid for the next three years.","og_url":"https:\/\/shtandart.eu\/fr\/produit\/sailing-voyage-on-s-v-shtandart\/","og_site_name":"Shtandart","article_publisher":"https:\/\/www.facebook.com\/Frigate.Shtandart\/","article_modified_time":"2023-11-20T08:11:11+00:00","og_image":[{"width":2272,"height":1520,"url":"https:\/\/shtandart.eu\/wp-content\/uploads\/2020\/11\/SHTANDART-001.jpg","type":"image\/jpeg"}],"twitter_card":"summary_large_image","schema":{"@context":"https:\/\/schema.org","@graph":[{"@type":"WebPage","@id":"https:\/\/shtandart.eu\/es\/product\/sailing-voyage-on-s-v-shtandart\/","url":"https:\/\/shtandart.eu\/es\/product\/sailing-voyage-on-s-v-shtandart\/","name":"Sailing Voyage on S.V. Shtandart - Shtandart","isPartOf":{"@id":"https:\/\/shtandart.eu\/#website"},"primaryImageOfPage":{"@id":"https:\/\/shtandart.eu\/es\/product\/sailing-voyage-on-s-v-shtandart\/#primaryimage"},"image":{"@id":"https:\/\/shtandart.eu\/es\/product\/sailing-voyage-on-s-v-shtandart\/#primaryimage"},"thumbnailUrl":"https:\/\/shtandart.eu\/wp-content\/uploads\/2020\/11\/SHTANDART-001.jpg","datePublished":"2020-11-28T01:16:59+00:00","dateModified":"2023-11-20T08:11:11+00:00","breadcrumb":{"@id":"https:\/\/shtandart.eu\/es\/product\/sailing-voyage-on-s-v-shtandart\/#breadcrumb"},"inLanguage":"fr-FR","potentialAction":[{"@type":"ReadAction","target":["https:\/\/shtandart.eu\/es\/product\/sailing-voyage-on-s-v-shtandart\/"]}]},{"@type":"ImageObject","inLanguage":"fr-FR","@id":"https:\/\/shtandart.eu\/es\/product\/sailing-voyage-on-s-v-shtandart\/#primaryimage","url":"https:\/\/shtandart.eu\/wp-content\/uploads\/2020\/11\/SHTANDART-001.jpg","contentUrl":"https:\/\/shtandart.eu\/wp-content\/uploads\/2020\/11\/SHTANDART-001.jpg","width":2272,"height":1520,"caption":"\u20ac8 \u20ac5 Add to basket Placeholder Sailing Voyage on S.V. Shtandart"},{"@type":"BreadcrumbList","@id":"https:\/\/shtandart.eu\/es\/product\/sailing-voyage-on-s-v-shtandart\/#breadcrumb","itemListElement":[{"@type":"ListItem","position":1,"name":"Home","item":"https:\/\/shtandart.eu\/"},{"@type":"ListItem","position":2,"name":"Shop","item":"https:\/\/shtandart.eu\/es\/shop\/"},{"@type":"ListItem","position":3,"name":"Sailing Voyage on S.V. Shtandart"}]},{"@type":"WebSite","@id":"https:\/\/shtandart.eu\/#website","url":"https:\/\/shtandart.eu\/","name":"Shtandart","description":"","publisher":{"@id":"https:\/\/shtandart.eu\/#organization"},"potentialAction":[{"@type":"SearchAction","target":{"@type":"EntryPoint","urlTemplate":"https:\/\/shtandart.eu\/?s={search_term_string}"},"query-input":{"@type":"PropertyValueSpecification","valueRequired":true,"valueName":"search_term_string"}}],"inLanguage":"fr-FR"},{"@type":"Organization","@id":"https:\/\/shtandart.eu\/#organization","name":"Shtandart","url":"https:\/\/shtandart.eu\/","logo":{"@type":"ImageObject","inLanguage":"fr-FR","@id":"https:\/\/shtandart.eu\/#\/schema\/logo\/image\/","url":"https:\/\/shtandart.eu\/wp-content\/uploads\/2023\/12\/\u0411\u0435\u0437-\u0438\u043c\u0435\u043d\u0438-2.png","contentUrl":"https:\/\/shtandart.eu\/wp-content\/uploads\/2023\/12\/\u0411\u0435\u0437-\u0438\u043c\u0435\u043d\u0438-2.png","width":512,"height":511,"caption":"Shtandart"},"image":{"@id":"https:\/\/shtandart.eu\/#\/schema\/logo\/image\/"},"sameAs":["https:\/\/www.facebook.com\/Frigate.Shtandart\/"]}]}},"_links":{"self":[{"href":"https:\/\/shtandart.eu\/fr\/wp-json\/wp\/v2\/product\/765","targetHints":{"allow":["GET"]}}],"collection":[{"href":"https:\/\/shtandart.eu\/fr\/wp-json\/wp\/v2\/product"}],"about":[{"href":"https:\/\/shtandart.eu\/fr\/wp-json\/wp\/v2\/types\/product"}],"wp:featuredmedia":[{"embeddable":true,"href":"https:\/\/shtandart.eu\/fr\/wp-json\/wp\/v2\/media\/998"}],"wp:attachment":[{"href":"https:\/\/shtandart.eu\/fr\/wp-json\/wp\/v2\/media?parent=765"}],"wp:term":[{"taxonomy":"product_brand","embeddable":true,"href":"https:\/\/shtandart.eu\/fr\/wp-json\/wp\/v2\/product_brand?post=765"},{"taxonomy":"product_cat","embeddable":true,"href":"https:\/\/shtandart.eu\/fr\/wp-json\/wp\/v2\/product_cat?post=765"},{"taxonomy":"product_tag","embeddable":true,"href":"https:\/\/shtandart.eu\/fr\/wp-json\/wp\/v2\/product_tag?post=765"}],"curies":[{"name":"wp","href":"https:\/\/api.w.org\/{rel}","templated":true}]}}