{"id":1089,"date":"2022-05-05T17:45:07","date_gmt":"2022-05-05T15:45:07","guid":{"rendered":"https:\/\/shtandart.xyz\/?post_type=product&#038;p=1089"},"modified":"2023-11-20T09:36:57","modified_gmt":"2023-11-20T08:36:57","slug":"t-shirt-sea-adventures","status":"publish","type":"product","link":"https:\/\/shtandart.eu\/fr\/product\/t-shirt-sea-adventures\/","title":{"rendered":"T-shirt &#8220;Sea adventures&#8221;"},"content":{"rendered":"<p>T-shirt blanc avec une impression des symboles de Shtandart (conception et dessin de Masha Yushkova)<\/p>\n<p>T-shirt blanc \u00e0 coupe droite avec une impression color\u00e9e sur la poitrine. Les d\u00e9tails pr\u00e9f\u00e9r\u00e9s de tout le monde sur le navire, sont rassembl\u00e9s dans un motif fabuleux, rappelant un mandala. Et au centre, bien s\u00fbr, se trouve notre fr\u00e9gate pr\u00e9f\u00e9r\u00e9e. Vous pouvez contempler cette impression magique et attendre avec impatience de nouvelles aventures maritimes ! L'auteur du dessin est Masha Yushkova, membre de l'\u00e9quipage du Shtandart.<br \/>\nThe author of the drawing is Masha Yushkova, a member of the Shtandart crew.<\/p>\n<p><strong>Composition:<\/strong> 65% polyester 35% cotton<\/p>\n<p><strong>Couleur:<\/strong> blanc<\/p>\n<p><strong>Longueur des manches:<\/strong> courte<\/p>\n<p><strong>Entretien :<br \/>\n<\/strong>Laver en machine avec une temp\u00e9rature ne d\u00e9passant pas 40\u00b0C<br \/>\nNe pas utiliser d'eau de Javel<br \/>\nS\u00e9cher \u00e0 l'air libre<strong><br \/>\n<\/strong><span class=\"VIiyi\" lang=\"en\"><span class=\"JLqJ4b ChMk0b\" data-language-for-alternatives=\"en\" data-language-to-translate-into=\"ru\" data-phrase-index=\"0\" data-number-of-phrases=\"1\"><span class=\"Q4iAWc\">Pas de nettoyage \u00e0 sec<\/span><\/span><\/span><strong><br \/>\n<\/strong><\/p>\n<p>&nbsp;<\/p>","protected":false},"excerpt":{"rendered":"<p>T-shirt blanc avec une impression des symboles de Shtandart (conception et dessin de Masha Yushkova)<\/p>","protected":false},"featured_media":1091,"template":"","meta":{"_themeisle_gutenberg_block_has_review":false},"product_brand":[],"product_cat":[21,23,22],"product_tag":[89],"class_list":{"0":"post-1089","1":"product","2":"type-product","3":"status-publish","4":"has-post-thumbnail","6":"product_cat-clothing","7":"product_cat-men","8":"product_cat-women","9":"product_tag-t-shirt","11":"first","12":"instock","13":"shipping-taxable","14":"purchasable","15":"product-type-variable"},"yoast_head":"<!-- This site is optimized with the Yoast SEO plugin v25.5 - https:\/\/yoast.com\/wordpress\/plugins\/seo\/ -->\n<title>T-shirt &quot;Sea adventures&quot; - Shtandart<\/title>\n<meta name=\"robots\" content=\"index, follow, max-snippet:-1, max-image-preview:large, max-video-preview:-1\" \/>\n<link rel=\"canonical\" href=\"https:\/\/shtandart.eu\/fr\/product\/t-shirt-sea-adventures\/\" \/>\n<meta property=\"og:locale\" content=\"fr_FR\" \/>\n<meta property=\"og:type\" content=\"article\" \/>\n<meta property=\"og:title\" content=\"T-shirt &quot;Sea adventures&quot; - Shtandart\" \/>\n<meta property=\"og:description\" content=\"White T-shirt with a print with the symbols of the &quot;Shtandart&quot; (designed by Masha Yushkova)\" \/>\n<meta property=\"og:url\" content=\"https:\/\/shtandart.eu\/fr\/product\/t-shirt-sea-adventures\/\" \/>\n<meta property=\"og:site_name\" content=\"Shtandart\" \/>\n<meta property=\"article:publisher\" content=\"https:\/\/www.facebook.com\/Frigate.Shtandart\/\" \/>\n<meta property=\"article:modified_time\" content=\"2023-11-20T08:36:57+00:00\" \/>\n<meta property=\"og:image\" content=\"https:\/\/shtandart.eu\/wp-content\/uploads\/2022\/05\/masha.jpg\" \/>\n\t<meta property=\"og:image:width\" content=\"1200\" \/>\n\t<meta property=\"og:image:height\" content=\"1600\" \/>\n\t<meta property=\"og:image:type\" content=\"image\/jpeg\" \/>\n<meta name=\"twitter:card\" content=\"summary_large_image\" \/>\n<meta name=\"twitter:label1\" content=\"Dur\u00e9e de lecture estim\u00e9e\" \/>\n\t<meta name=\"twitter:data1\" content=\"1 minute\" \/>\n<script type=\"application\/ld+json\" class=\"yoast-schema-graph\">{\"@context\":\"https:\/\/schema.org\",\"@graph\":[{\"@type\":\"WebPage\",\"@id\":\"https:\/\/shtandart.eu\/fr\/product\/t-shirt-sea-adventures\/\",\"url\":\"https:\/\/shtandart.eu\/fr\/product\/t-shirt-sea-adventures\/\",\"name\":\"T-shirt \\\"Sea adventures\\\" - Shtandart\",\"isPartOf\":{\"@id\":\"https:\/\/shtandart.eu\/#website\"},\"primaryImageOfPage\":{\"@id\":\"https:\/\/shtandart.eu\/fr\/product\/t-shirt-sea-adventures\/#primaryimage\"},\"image\":{\"@id\":\"https:\/\/shtandart.eu\/fr\/product\/t-shirt-sea-adventures\/#primaryimage\"},\"thumbnailUrl\":\"https:\/\/shtandart.eu\/wp-content\/uploads\/2022\/05\/masha.jpg\",\"datePublished\":\"2022-05-05T15:45:07+00:00\",\"dateModified\":\"2023-11-20T08:36:57+00:00\",\"breadcrumb\":{\"@id\":\"https:\/\/shtandart.eu\/fr\/product\/t-shirt-sea-adventures\/#breadcrumb\"},\"inLanguage\":\"fr-FR\",\"potentialAction\":[{\"@type\":\"ReadAction\",\"target\":[\"https:\/\/shtandart.eu\/fr\/product\/t-shirt-sea-adventures\/\"]}]},{\"@type\":\"ImageObject\",\"inLanguage\":\"fr-FR\",\"@id\":\"https:\/\/shtandart.eu\/fr\/product\/t-shirt-sea-adventures\/#primaryimage\",\"url\":\"https:\/\/shtandart.eu\/wp-content\/uploads\/2022\/05\/masha.jpg\",\"contentUrl\":\"https:\/\/shtandart.eu\/wp-content\/uploads\/2022\/05\/masha.jpg\",\"width\":1200,\"height\":1600},{\"@type\":\"BreadcrumbList\",\"@id\":\"https:\/\/shtandart.eu\/fr\/product\/t-shirt-sea-adventures\/#breadcrumb\",\"itemListElement\":[{\"@type\":\"ListItem\",\"position\":1,\"name\":\"Home\",\"item\":\"https:\/\/shtandart.eu\/\"},{\"@type\":\"ListItem\",\"position\":2,\"name\":\"Shop\",\"item\":\"https:\/\/shtandart.eu\/es\/shop\/\"},{\"@type\":\"ListItem\",\"position\":3,\"name\":\"T-shirt &#8220;Sea adventures&#8221;\"}]},{\"@type\":\"WebSite\",\"@id\":\"https:\/\/shtandart.eu\/#website\",\"url\":\"https:\/\/shtandart.eu\/\",\"name\":\"Shtandart\",\"description\":\"\",\"publisher\":{\"@id\":\"https:\/\/shtandart.eu\/#organization\"},\"potentialAction\":[{\"@type\":\"SearchAction\",\"target\":{\"@type\":\"EntryPoint\",\"urlTemplate\":\"https:\/\/shtandart.eu\/?s={search_term_string}\"},\"query-input\":{\"@type\":\"PropertyValueSpecification\",\"valueRequired\":true,\"valueName\":\"search_term_string\"}}],\"inLanguage\":\"fr-FR\"},{\"@type\":\"Organization\",\"@id\":\"https:\/\/shtandart.eu\/#organization\",\"name\":\"Shtandart\",\"url\":\"https:\/\/shtandart.eu\/\",\"logo\":{\"@type\":\"ImageObject\",\"inLanguage\":\"fr-FR\",\"@id\":\"https:\/\/shtandart.eu\/#\/schema\/logo\/image\/\",\"url\":\"https:\/\/shtandart.eu\/wp-content\/uploads\/2023\/12\/\u0411\u0435\u0437-\u0438\u043c\u0435\u043d\u0438-2.png\",\"contentUrl\":\"https:\/\/shtandart.eu\/wp-content\/uploads\/2023\/12\/\u0411\u0435\u0437-\u0438\u043c\u0435\u043d\u0438-2.png\",\"width\":512,\"height\":511,\"caption\":\"Shtandart\"},\"image\":{\"@id\":\"https:\/\/shtandart.eu\/#\/schema\/logo\/image\/\"},\"sameAs\":[\"https:\/\/www.facebook.com\/Frigate.Shtandart\/\"]}]}<\/script>\n<!-- \/ Yoast SEO plugin. -->","yoast_head_json":{"title":"T-shirt \"Sea adventures\" - Shtandart","robots":{"index":"index","follow":"follow","max-snippet":"max-snippet:-1","max-image-preview":"max-image-preview:large","max-video-preview":"max-video-preview:-1"},"canonical":"https:\/\/shtandart.eu\/fr\/product\/t-shirt-sea-adventures\/","og_locale":"fr_FR","og_type":"article","og_title":"T-shirt \"Sea adventures\" - Shtandart","og_description":"White T-shirt with a print with the symbols of the \"Shtandart\" (designed by Masha Yushkova)","og_url":"https:\/\/shtandart.eu\/fr\/product\/t-shirt-sea-adventures\/","og_site_name":"Shtandart","article_publisher":"https:\/\/www.facebook.com\/Frigate.Shtandart\/","article_modified_time":"2023-11-20T08:36:57+00:00","og_image":[{"width":1200,"height":1600,"url":"https:\/\/shtandart.eu\/wp-content\/uploads\/2022\/05\/masha.jpg","type":"image\/jpeg"}],"twitter_card":"summary_large_image","twitter_misc":{"Dur\u00e9e de lecture estim\u00e9e":"1 minute"},"schema":{"@context":"https:\/\/schema.org","@graph":[{"@type":"WebPage","@id":"https:\/\/shtandart.eu\/fr\/product\/t-shirt-sea-adventures\/","url":"https:\/\/shtandart.eu\/fr\/product\/t-shirt-sea-adventures\/","name":"T-shirt \"Sea adventures\" - Shtandart","isPartOf":{"@id":"https:\/\/shtandart.eu\/#website"},"primaryImageOfPage":{"@id":"https:\/\/shtandart.eu\/fr\/product\/t-shirt-sea-adventures\/#primaryimage"},"image":{"@id":"https:\/\/shtandart.eu\/fr\/product\/t-shirt-sea-adventures\/#primaryimage"},"thumbnailUrl":"https:\/\/shtandart.eu\/wp-content\/uploads\/2022\/05\/masha.jpg","datePublished":"2022-05-05T15:45:07+00:00","dateModified":"2023-11-20T08:36:57+00:00","breadcrumb":{"@id":"https:\/\/shtandart.eu\/fr\/product\/t-shirt-sea-adventures\/#breadcrumb"},"inLanguage":"fr-FR","potentialAction":[{"@type":"ReadAction","target":["https:\/\/shtandart.eu\/fr\/product\/t-shirt-sea-adventures\/"]}]},{"@type":"ImageObject","inLanguage":"fr-FR","@id":"https:\/\/shtandart.eu\/fr\/product\/t-shirt-sea-adventures\/#primaryimage","url":"https:\/\/shtandart.eu\/wp-content\/uploads\/2022\/05\/masha.jpg","contentUrl":"https:\/\/shtandart.eu\/wp-content\/uploads\/2022\/05\/masha.jpg","width":1200,"height":1600},{"@type":"BreadcrumbList","@id":"https:\/\/shtandart.eu\/fr\/product\/t-shirt-sea-adventures\/#breadcrumb","itemListElement":[{"@type":"ListItem","position":1,"name":"Home","item":"https:\/\/shtandart.eu\/"},{"@type":"ListItem","position":2,"name":"Shop","item":"https:\/\/shtandart.eu\/es\/shop\/"},{"@type":"ListItem","position":3,"name":"T-shirt &#8220;Sea adventures&#8221;"}]},{"@type":"WebSite","@id":"https:\/\/shtandart.eu\/#website","url":"https:\/\/shtandart.eu\/","name":"Shtandart","description":"","publisher":{"@id":"https:\/\/shtandart.eu\/#organization"},"potentialAction":[{"@type":"SearchAction","target":{"@type":"EntryPoint","urlTemplate":"https:\/\/shtandart.eu\/?s={search_term_string}"},"query-input":{"@type":"PropertyValueSpecification","valueRequired":true,"valueName":"search_term_string"}}],"inLanguage":"fr-FR"},{"@type":"Organization","@id":"https:\/\/shtandart.eu\/#organization","name":"Shtandart","url":"https:\/\/shtandart.eu\/","logo":{"@type":"ImageObject","inLanguage":"fr-FR","@id":"https:\/\/shtandart.eu\/#\/schema\/logo\/image\/","url":"https:\/\/shtandart.eu\/wp-content\/uploads\/2023\/12\/\u0411\u0435\u0437-\u0438\u043c\u0435\u043d\u0438-2.png","contentUrl":"https:\/\/shtandart.eu\/wp-content\/uploads\/2023\/12\/\u0411\u0435\u0437-\u0438\u043c\u0435\u043d\u0438-2.png","width":512,"height":511,"caption":"Shtandart"},"image":{"@id":"https:\/\/shtandart.eu\/#\/schema\/logo\/image\/"},"sameAs":["https:\/\/www.facebook.com\/Frigate.Shtandart\/"]}]}},"_links":{"self":[{"href":"https:\/\/shtandart.eu\/fr\/wp-json\/wp\/v2\/product\/1089","targetHints":{"allow":["GET"]}}],"collection":[{"href":"https:\/\/shtandart.eu\/fr\/wp-json\/wp\/v2\/product"}],"about":[{"href":"https:\/\/shtandart.eu\/fr\/wp-json\/wp\/v2\/types\/product"}],"wp:featuredmedia":[{"embeddable":true,"href":"https:\/\/shtandart.eu\/fr\/wp-json\/wp\/v2\/media\/1091"}],"wp:attachment":[{"href":"https:\/\/shtandart.eu\/fr\/wp-json\/wp\/v2\/media?parent=1089"}],"wp:term":[{"taxonomy":"product_brand","embeddable":true,"href":"https:\/\/shtandart.eu\/fr\/wp-json\/wp\/v2\/product_brand?post=1089"},{"taxonomy":"product_cat","embeddable":true,"href":"https:\/\/shtandart.eu\/fr\/wp-json\/wp\/v2\/product_cat?post=1089"},{"taxonomy":"product_tag","embeddable":true,"href":"https:\/\/shtandart.eu\/fr\/wp-json\/wp\/v2\/product_tag?post=1089"}],"curies":[{"name":"wp","href":"https:\/\/api.w.org\/{rel}","templated":true}]}}