{"id":1013,"date":"2022-04-28T18:02:03","date_gmt":"2022-04-28T16:02:03","guid":{"rendered":"https:\/\/shtandart.xyz\/?post_type=product&#038;p=1013"},"modified":"2025-04-11T11:22:15","modified_gmt":"2025-04-11T09:22:15","slug":"hoodie-shtandart","status":"publish","type":"product","link":"https:\/\/shtandart.eu\/fr\/product\/hoodie-shtandart\/","title":{"rendered":"Sweat \u00e0 capuche \"Shtandart\""},"content":{"rendered":"<p>Sweat bleu marine avec un dessin de Shtandart sur le dos<\/p>\n<p>Montrez \u00e0 tous que tu es dans notre \u00e9quipe ! Ou cachez-vous sous une capuche bleue et r\u00eavez de la mer.<br \/>\nSweat \u00e0 capuche ample. Garde au chaud, respire et prot\u00e8ge du vent. Pratique pour travailler et se d\u00e9tendre.<br \/>\nAu dos, il y a une image de fr\u00e9gate. Le devant est orn\u00e9 de logo du projet Shtandart.<\/p>\n<p><strong>Composition:<\/strong> 50% cotton, 50% polyester or 100% cotton<\/p>\n<p><strong>Couleur:<\/strong> bleu marine<\/p>\n<p><strong>Longueur des manches:<\/strong> longues<\/p>\n<p><strong>Entretien :<br \/>\n<\/strong>Lavage en machine \u00e0 une temp\u00e9rature ne d\u00e9passant pas 30\u00b0C<br \/>\n<span class=\"VIiyi\" lang=\"en\"><span class=\"JLqJ4b ChMk0b\" data-language-for-alternatives=\"en\" data-language-to-translate-into=\"ru\" data-phrase-index=\"0\" data-number-of-phrases=\"1\"><span class=\"Q4iAWc\">Ne<\/span><\/span><\/span> pas utiliser d'eau de Javel<br \/>\n<span class=\"VIiyi\" lang=\"en\"><span class=\"JLqJ4b ChMk0b\" data-language-for-alternatives=\"en\" data-language-to-translate-into=\"ru\" data-phrase-index=\"0\" data-number-of-phrases=\"1\"><span class=\"Q4iAWc\">Pas de repassage<\/span><\/span><\/span><br \/>\nS\u00e9cher \u00e0 l'air libre<strong><br \/>\n<\/strong><span class=\"VIiyi\" lang=\"en\"><span class=\"JLqJ4b ChMk0b\" data-language-for-alternatives=\"en\" data-language-to-translate-into=\"ru\" data-phrase-index=\"0\" data-number-of-phrases=\"1\"><span class=\"Q4iAWc\">Pas de nettoyage \u00e0 sec<\/span><\/span><\/span><\/p>","protected":false},"excerpt":{"rendered":"<p>Sweat \u00e0 capuche avec un dessin de Shtandart sur le dos<\/p>","protected":false},"featured_media":1014,"template":"","meta":{"_themeisle_gutenberg_block_has_review":false},"product_brand":[],"product_cat":[21,23,22],"product_tag":[103],"class_list":{"0":"post-1013","1":"product","2":"type-product","3":"status-publish","4":"has-post-thumbnail","6":"product_cat-clothing","7":"product_cat-men","8":"product_cat-women","9":"product_tag-hoodie","10":"product_shipping_class-163","12":"first","13":"instock","14":"sold-individually","15":"shipping-taxable","16":"purchasable","17":"product-type-variable"},"yoast_head":"<!-- This site is optimized with the Yoast SEO plugin v25.5 - https:\/\/yoast.com\/wordpress\/plugins\/seo\/ -->\n<title>Hoodie &quot;Shtandart&quot; - Shtandart<\/title>\n<meta name=\"robots\" content=\"index, follow, max-snippet:-1, max-image-preview:large, max-video-preview:-1\" \/>\n<link rel=\"canonical\" href=\"https:\/\/shtandart.eu\/fr\/produit\/hoodie-shtandart\/\" \/>\n<meta property=\"og:locale\" content=\"fr_FR\" \/>\n<meta property=\"og:type\" content=\"article\" \/>\n<meta property=\"og:title\" content=\"Hoodie &quot;Shtandart&quot; - Shtandart\" \/>\n<meta property=\"og:description\" content=\"Hoodie with the picture of the ship Shtandart on the back\" \/>\n<meta property=\"og:url\" content=\"https:\/\/shtandart.eu\/fr\/produit\/hoodie-shtandart\/\" \/>\n<meta property=\"og:site_name\" content=\"Shtandart\" \/>\n<meta property=\"article:publisher\" content=\"https:\/\/www.facebook.com\/Frigate.Shtandart\/\" \/>\n<meta property=\"article:modified_time\" content=\"2025-04-11T09:22:15+00:00\" \/>\n<meta property=\"og:image\" content=\"https:\/\/shtandart.eu\/wp-content\/uploads\/2022\/04\/new-face.jpeg\" \/>\n\t<meta property=\"og:image:width\" content=\"725\" \/>\n\t<meta property=\"og:image:height\" content=\"1107\" \/>\n\t<meta property=\"og:image:type\" content=\"image\/jpeg\" \/>\n<meta name=\"twitter:card\" content=\"summary_large_image\" \/>\n<meta name=\"twitter:label1\" content=\"Dur\u00e9e de lecture estim\u00e9e\" \/>\n\t<meta name=\"twitter:data1\" content=\"1 minute\" \/>\n<script type=\"application\/ld+json\" class=\"yoast-schema-graph\">{\"@context\":\"https:\/\/schema.org\",\"@graph\":[{\"@type\":\"WebPage\",\"@id\":\"https:\/\/shtandart.eu\/ru\/product\/hoodie-shtandart\/\",\"url\":\"https:\/\/shtandart.eu\/ru\/product\/hoodie-shtandart\/\",\"name\":\"Hoodie \\\"Shtandart\\\" - Shtandart\",\"isPartOf\":{\"@id\":\"https:\/\/shtandart.eu\/#website\"},\"primaryImageOfPage\":{\"@id\":\"https:\/\/shtandart.eu\/ru\/product\/hoodie-shtandart\/#primaryimage\"},\"image\":{\"@id\":\"https:\/\/shtandart.eu\/ru\/product\/hoodie-shtandart\/#primaryimage\"},\"thumbnailUrl\":\"https:\/\/shtandart.eu\/wp-content\/uploads\/2022\/04\/new-face.jpeg\",\"datePublished\":\"2022-04-28T16:02:03+00:00\",\"dateModified\":\"2025-04-11T09:22:15+00:00\",\"breadcrumb\":{\"@id\":\"https:\/\/shtandart.eu\/ru\/product\/hoodie-shtandart\/#breadcrumb\"},\"inLanguage\":\"fr-FR\",\"potentialAction\":[{\"@type\":\"ReadAction\",\"target\":[\"https:\/\/shtandart.eu\/ru\/product\/hoodie-shtandart\/\"]}]},{\"@type\":\"ImageObject\",\"inLanguage\":\"fr-FR\",\"@id\":\"https:\/\/shtandart.eu\/ru\/product\/hoodie-shtandart\/#primaryimage\",\"url\":\"https:\/\/shtandart.eu\/wp-content\/uploads\/2022\/04\/new-face.jpeg\",\"contentUrl\":\"https:\/\/shtandart.eu\/wp-content\/uploads\/2022\/04\/new-face.jpeg\",\"width\":725,\"height\":1107},{\"@type\":\"BreadcrumbList\",\"@id\":\"https:\/\/shtandart.eu\/ru\/product\/hoodie-shtandart\/#breadcrumb\",\"itemListElement\":[{\"@type\":\"ListItem\",\"position\":1,\"name\":\"Home\",\"item\":\"https:\/\/shtandart.eu\/\"},{\"@type\":\"ListItem\",\"position\":2,\"name\":\"Shop\",\"item\":\"https:\/\/shtandart.eu\/es\/shop\/\"},{\"@type\":\"ListItem\",\"position\":3,\"name\":\"Hoodie &#8220;Shtandart&#8221;\"}]},{\"@type\":\"WebSite\",\"@id\":\"https:\/\/shtandart.eu\/#website\",\"url\":\"https:\/\/shtandart.eu\/\",\"name\":\"Shtandart\",\"description\":\"\",\"publisher\":{\"@id\":\"https:\/\/shtandart.eu\/#organization\"},\"potentialAction\":[{\"@type\":\"SearchAction\",\"target\":{\"@type\":\"EntryPoint\",\"urlTemplate\":\"https:\/\/shtandart.eu\/?s={search_term_string}\"},\"query-input\":{\"@type\":\"PropertyValueSpecification\",\"valueRequired\":true,\"valueName\":\"search_term_string\"}}],\"inLanguage\":\"fr-FR\"},{\"@type\":\"Organization\",\"@id\":\"https:\/\/shtandart.eu\/#organization\",\"name\":\"Shtandart\",\"url\":\"https:\/\/shtandart.eu\/\",\"logo\":{\"@type\":\"ImageObject\",\"inLanguage\":\"fr-FR\",\"@id\":\"https:\/\/shtandart.eu\/#\/schema\/logo\/image\/\",\"url\":\"https:\/\/shtandart.eu\/wp-content\/uploads\/2023\/12\/\u0411\u0435\u0437-\u0438\u043c\u0435\u043d\u0438-2.png\",\"contentUrl\":\"https:\/\/shtandart.eu\/wp-content\/uploads\/2023\/12\/\u0411\u0435\u0437-\u0438\u043c\u0435\u043d\u0438-2.png\",\"width\":512,\"height\":511,\"caption\":\"Shtandart\"},\"image\":{\"@id\":\"https:\/\/shtandart.eu\/#\/schema\/logo\/image\/\"},\"sameAs\":[\"https:\/\/www.facebook.com\/Frigate.Shtandart\/\"]}]}<\/script>\n<!-- \/ Yoast SEO plugin. -->","yoast_head_json":{"title":"Hoodie \"Shtandart\" - Shtandart","robots":{"index":"index","follow":"follow","max-snippet":"max-snippet:-1","max-image-preview":"max-image-preview:large","max-video-preview":"max-video-preview:-1"},"canonical":"https:\/\/shtandart.eu\/fr\/produit\/hoodie-shtandart\/","og_locale":"fr_FR","og_type":"article","og_title":"Hoodie \"Shtandart\" - Shtandart","og_description":"Hoodie with the picture of the ship Shtandart on the back","og_url":"https:\/\/shtandart.eu\/fr\/produit\/hoodie-shtandart\/","og_site_name":"Shtandart","article_publisher":"https:\/\/www.facebook.com\/Frigate.Shtandart\/","article_modified_time":"2025-04-11T09:22:15+00:00","og_image":[{"width":725,"height":1107,"url":"https:\/\/shtandart.eu\/wp-content\/uploads\/2022\/04\/new-face.jpeg","type":"image\/jpeg"}],"twitter_card":"summary_large_image","twitter_misc":{"Dur\u00e9e de lecture estim\u00e9e":"1 minute"},"schema":{"@context":"https:\/\/schema.org","@graph":[{"@type":"WebPage","@id":"https:\/\/shtandart.eu\/ru\/product\/hoodie-shtandart\/","url":"https:\/\/shtandart.eu\/ru\/product\/hoodie-shtandart\/","name":"Hoodie \"Shtandart\" - Shtandart","isPartOf":{"@id":"https:\/\/shtandart.eu\/#website"},"primaryImageOfPage":{"@id":"https:\/\/shtandart.eu\/ru\/product\/hoodie-shtandart\/#primaryimage"},"image":{"@id":"https:\/\/shtandart.eu\/ru\/product\/hoodie-shtandart\/#primaryimage"},"thumbnailUrl":"https:\/\/shtandart.eu\/wp-content\/uploads\/2022\/04\/new-face.jpeg","datePublished":"2022-04-28T16:02:03+00:00","dateModified":"2025-04-11T09:22:15+00:00","breadcrumb":{"@id":"https:\/\/shtandart.eu\/ru\/product\/hoodie-shtandart\/#breadcrumb"},"inLanguage":"fr-FR","potentialAction":[{"@type":"ReadAction","target":["https:\/\/shtandart.eu\/ru\/product\/hoodie-shtandart\/"]}]},{"@type":"ImageObject","inLanguage":"fr-FR","@id":"https:\/\/shtandart.eu\/ru\/product\/hoodie-shtandart\/#primaryimage","url":"https:\/\/shtandart.eu\/wp-content\/uploads\/2022\/04\/new-face.jpeg","contentUrl":"https:\/\/shtandart.eu\/wp-content\/uploads\/2022\/04\/new-face.jpeg","width":725,"height":1107},{"@type":"BreadcrumbList","@id":"https:\/\/shtandart.eu\/ru\/product\/hoodie-shtandart\/#breadcrumb","itemListElement":[{"@type":"ListItem","position":1,"name":"Home","item":"https:\/\/shtandart.eu\/"},{"@type":"ListItem","position":2,"name":"Shop","item":"https:\/\/shtandart.eu\/es\/shop\/"},{"@type":"ListItem","position":3,"name":"Hoodie &#8220;Shtandart&#8221;"}]},{"@type":"WebSite","@id":"https:\/\/shtandart.eu\/#website","url":"https:\/\/shtandart.eu\/","name":"Shtandart","description":"","publisher":{"@id":"https:\/\/shtandart.eu\/#organization"},"potentialAction":[{"@type":"SearchAction","target":{"@type":"EntryPoint","urlTemplate":"https:\/\/shtandart.eu\/?s={search_term_string}"},"query-input":{"@type":"PropertyValueSpecification","valueRequired":true,"valueName":"search_term_string"}}],"inLanguage":"fr-FR"},{"@type":"Organization","@id":"https:\/\/shtandart.eu\/#organization","name":"Shtandart","url":"https:\/\/shtandart.eu\/","logo":{"@type":"ImageObject","inLanguage":"fr-FR","@id":"https:\/\/shtandart.eu\/#\/schema\/logo\/image\/","url":"https:\/\/shtandart.eu\/wp-content\/uploads\/2023\/12\/\u0411\u0435\u0437-\u0438\u043c\u0435\u043d\u0438-2.png","contentUrl":"https:\/\/shtandart.eu\/wp-content\/uploads\/2023\/12\/\u0411\u0435\u0437-\u0438\u043c\u0435\u043d\u0438-2.png","width":512,"height":511,"caption":"Shtandart"},"image":{"@id":"https:\/\/shtandart.eu\/#\/schema\/logo\/image\/"},"sameAs":["https:\/\/www.facebook.com\/Frigate.Shtandart\/"]}]}},"_links":{"self":[{"href":"https:\/\/shtandart.eu\/fr\/wp-json\/wp\/v2\/product\/1013","targetHints":{"allow":["GET"]}}],"collection":[{"href":"https:\/\/shtandart.eu\/fr\/wp-json\/wp\/v2\/product"}],"about":[{"href":"https:\/\/shtandart.eu\/fr\/wp-json\/wp\/v2\/types\/product"}],"wp:featuredmedia":[{"embeddable":true,"href":"https:\/\/shtandart.eu\/fr\/wp-json\/wp\/v2\/media\/1014"}],"wp:attachment":[{"href":"https:\/\/shtandart.eu\/fr\/wp-json\/wp\/v2\/media?parent=1013"}],"wp:term":[{"taxonomy":"product_brand","embeddable":true,"href":"https:\/\/shtandart.eu\/fr\/wp-json\/wp\/v2\/product_brand?post=1013"},{"taxonomy":"product_cat","embeddable":true,"href":"https:\/\/shtandart.eu\/fr\/wp-json\/wp\/v2\/product_cat?post=1013"},{"taxonomy":"product_tag","embeddable":true,"href":"https:\/\/shtandart.eu\/fr\/wp-json\/wp\/v2\/product_tag?post=1013"}],"curies":[{"name":"wp","href":"https:\/\/api.w.org\/{rel}","templated":true}]}}