{"id":1006,"date":"2022-04-28T17:13:13","date_gmt":"2022-04-28T15:13:13","guid":{"rendered":"https:\/\/shtandart.xyz\/?post_type=product&#038;p=1006"},"modified":"2024-01-22T15:39:23","modified_gmt":"2024-01-22T14:39:23","slug":"polo-shtandart","status":"publish","type":"product","link":"https:\/\/shtandart.eu\/fr\/product\/polo-shtandart\/","title":{"rendered":"Polo \u201cShtandart\u201d"},"content":{"rendered":"<p>Polo bleu marine avec l'image du navire \u00e0 l'arri\u00e8re et la devise du Shtandart \"La vie est ce que vous en faites\" sur la manche.<\/p>\n<p>Sentez-vous comme un membre de l'\u00e9quipe dans un polo bleu marine confortable. Il a tout ce dont vous avez besoin pour cela : le logo du Shtandart, la devise sur la manche et le dessin de notre fr\u00e9gate \u00e0 l'arri\u00e8re. Le col ajoute un peu de rigueur et indique clairement qu'il s'agit d'un uniforme.<br \/>\nCe polo offre une chaleur suffisante par temps venteux tout en maintenant une fra\u00eecheur agr\u00e9able sous le soleil.<\/p>\n<p><strong>Composition:<\/strong> 100% cotton<\/p>\n<p><strong>Couleur:<\/strong> bleu marine<\/p>\n<p><strong>Longueur des manches:<\/strong> courte<\/p>\n<p><strong>Entretien :<br \/>\n<\/strong>Ne pas repasser l'imprim\u00e9<br \/>\nLaver en machine avec une temp\u00e9rature ne d\u00e9passant pas 40\u00b0C<br \/>\nNe pas utiliser d'eau de Javel<br \/>\nS\u00e9cher \u00e0 l'air libre<strong><br \/>\n<\/strong><span class=\"VIiyi\" lang=\"en\"><span class=\"JLqJ4b ChMk0b\" data-language-for-alternatives=\"en\" data-language-to-translate-into=\"ru\" data-phrase-index=\"0\" data-number-of-phrases=\"1\"><span class=\"Q4iAWc\">Pas de nettoyage \u00e0 sec<\/span><\/span><\/span><strong><br \/>\n<\/strong><\/p>\n<p>&nbsp;<\/p>","protected":false},"excerpt":{"rendered":"<p>Navy blue polo with the picture of the ship on the back and Shtandart motto &#8220;Life is what you make it&#8221; on the sleeve. Feel like a member of the team in a comfortable navy blue polo. It has everything you need for this: the Shtandart logo, the motto on the sleeve and the drawing [&hellip;]<\/p>","protected":false},"featured_media":1008,"template":"","meta":{"_themeisle_gutenberg_block_has_review":false},"product_brand":[],"product_cat":[21,23,22],"product_tag":[102],"class_list":{"0":"post-1006","1":"product","2":"type-product","3":"status-publish","4":"has-post-thumbnail","6":"product_cat-clothing","7":"product_cat-men","8":"product_cat-women","9":"product_tag-polo","10":"product_shipping_class-163","12":"first","13":"instock","14":"shipping-taxable","15":"purchasable","16":"product-type-variable"},"yoast_head":"<!-- This site is optimized with the Yoast SEO plugin v25.5 - https:\/\/yoast.com\/wordpress\/plugins\/seo\/ -->\n<title>Polo &quot;Shtandart&quot; - Shtandart<\/title>\n<meta name=\"robots\" content=\"index, follow, max-snippet:-1, max-image-preview:large, max-video-preview:-1\" \/>\n<link rel=\"canonical\" href=\"https:\/\/shtandart.eu\/fr\/produit\/polo-shtandart\/\" \/>\n<meta property=\"og:locale\" content=\"fr_FR\" \/>\n<meta property=\"og:type\" content=\"article\" \/>\n<meta property=\"og:title\" content=\"Polo &quot;Shtandart&quot; - Shtandart\" \/>\n<meta property=\"og:description\" content=\"Navy blue polo with the picture of the ship on the back and Shtandart motto &#8220;Life is what you make it&#8221; on the sleeve. Feel like a member of the team in a comfortable navy blue polo. It has everything you need for this: the Shtandart logo, the motto on the sleeve and the drawing [&hellip;]\" \/>\n<meta property=\"og:url\" content=\"https:\/\/shtandart.eu\/fr\/produit\/polo-shtandart\/\" \/>\n<meta property=\"og:site_name\" content=\"Shtandart\" \/>\n<meta property=\"article:publisher\" content=\"https:\/\/www.facebook.com\/Frigate.Shtandart\/\" \/>\n<meta property=\"article:modified_time\" content=\"2024-01-22T14:39:23+00:00\" \/>\n<meta property=\"og:image\" content=\"https:\/\/shtandart.eu\/wp-content\/uploads\/2022\/04\/IMG_1943-scaled.jpg\" \/>\n\t<meta property=\"og:image:width\" content=\"1920\" \/>\n\t<meta property=\"og:image:height\" content=\"2560\" \/>\n\t<meta property=\"og:image:type\" content=\"image\/jpeg\" \/>\n<meta name=\"twitter:card\" content=\"summary_large_image\" \/>\n<meta name=\"twitter:label1\" content=\"Dur\u00e9e de lecture estim\u00e9e\" \/>\n\t<meta name=\"twitter:data1\" content=\"1 minute\" \/>\n<script type=\"application\/ld+json\" class=\"yoast-schema-graph\">{\"@context\":\"https:\/\/schema.org\",\"@graph\":[{\"@type\":\"WebPage\",\"@id\":\"https:\/\/shtandart.eu\/ru\/product\/polo-shtandart\/\",\"url\":\"https:\/\/shtandart.eu\/ru\/product\/polo-shtandart\/\",\"name\":\"Polo \\\"Shtandart\\\" - Shtandart\",\"isPartOf\":{\"@id\":\"https:\/\/shtandart.eu\/#website\"},\"primaryImageOfPage\":{\"@id\":\"https:\/\/shtandart.eu\/ru\/product\/polo-shtandart\/#primaryimage\"},\"image\":{\"@id\":\"https:\/\/shtandart.eu\/ru\/product\/polo-shtandart\/#primaryimage\"},\"thumbnailUrl\":\"https:\/\/shtandart.eu\/wp-content\/uploads\/2022\/04\/IMG_1943-scaled.jpg\",\"datePublished\":\"2022-04-28T15:13:13+00:00\",\"dateModified\":\"2024-01-22T14:39:23+00:00\",\"breadcrumb\":{\"@id\":\"https:\/\/shtandart.eu\/ru\/product\/polo-shtandart\/#breadcrumb\"},\"inLanguage\":\"fr-FR\",\"potentialAction\":[{\"@type\":\"ReadAction\",\"target\":[\"https:\/\/shtandart.eu\/ru\/product\/polo-shtandart\/\"]}]},{\"@type\":\"ImageObject\",\"inLanguage\":\"fr-FR\",\"@id\":\"https:\/\/shtandart.eu\/ru\/product\/polo-shtandart\/#primaryimage\",\"url\":\"https:\/\/shtandart.eu\/wp-content\/uploads\/2022\/04\/IMG_1943-scaled.jpg\",\"contentUrl\":\"https:\/\/shtandart.eu\/wp-content\/uploads\/2022\/04\/IMG_1943-scaled.jpg\",\"width\":1920,\"height\":2560},{\"@type\":\"BreadcrumbList\",\"@id\":\"https:\/\/shtandart.eu\/ru\/product\/polo-shtandart\/#breadcrumb\",\"itemListElement\":[{\"@type\":\"ListItem\",\"position\":1,\"name\":\"Home\",\"item\":\"https:\/\/shtandart.eu\/\"},{\"@type\":\"ListItem\",\"position\":2,\"name\":\"Shop\",\"item\":\"https:\/\/shtandart.eu\/es\/shop\/\"},{\"@type\":\"ListItem\",\"position\":3,\"name\":\"Polo &#8220;Shtandart&#8221;\"}]},{\"@type\":\"WebSite\",\"@id\":\"https:\/\/shtandart.eu\/#website\",\"url\":\"https:\/\/shtandart.eu\/\",\"name\":\"Shtandart\",\"description\":\"\",\"publisher\":{\"@id\":\"https:\/\/shtandart.eu\/#organization\"},\"potentialAction\":[{\"@type\":\"SearchAction\",\"target\":{\"@type\":\"EntryPoint\",\"urlTemplate\":\"https:\/\/shtandart.eu\/?s={search_term_string}\"},\"query-input\":{\"@type\":\"PropertyValueSpecification\",\"valueRequired\":true,\"valueName\":\"search_term_string\"}}],\"inLanguage\":\"fr-FR\"},{\"@type\":\"Organization\",\"@id\":\"https:\/\/shtandart.eu\/#organization\",\"name\":\"Shtandart\",\"url\":\"https:\/\/shtandart.eu\/\",\"logo\":{\"@type\":\"ImageObject\",\"inLanguage\":\"fr-FR\",\"@id\":\"https:\/\/shtandart.eu\/#\/schema\/logo\/image\/\",\"url\":\"https:\/\/shtandart.eu\/wp-content\/uploads\/2023\/12\/\u0411\u0435\u0437-\u0438\u043c\u0435\u043d\u0438-2.png\",\"contentUrl\":\"https:\/\/shtandart.eu\/wp-content\/uploads\/2023\/12\/\u0411\u0435\u0437-\u0438\u043c\u0435\u043d\u0438-2.png\",\"width\":512,\"height\":511,\"caption\":\"Shtandart\"},\"image\":{\"@id\":\"https:\/\/shtandart.eu\/#\/schema\/logo\/image\/\"},\"sameAs\":[\"https:\/\/www.facebook.com\/Frigate.Shtandart\/\"]}]}<\/script>\n<!-- \/ Yoast SEO plugin. -->","yoast_head_json":{"title":"Polo \"Shtandart\" - Shtandart","robots":{"index":"index","follow":"follow","max-snippet":"max-snippet:-1","max-image-preview":"max-image-preview:large","max-video-preview":"max-video-preview:-1"},"canonical":"https:\/\/shtandart.eu\/fr\/produit\/polo-shtandart\/","og_locale":"fr_FR","og_type":"article","og_title":"Polo \"Shtandart\" - Shtandart","og_description":"Navy blue polo with the picture of the ship on the back and Shtandart motto &#8220;Life is what you make it&#8221; on the sleeve. Feel like a member of the team in a comfortable navy blue polo. It has everything you need for this: the Shtandart logo, the motto on the sleeve and the drawing [&hellip;]","og_url":"https:\/\/shtandart.eu\/fr\/produit\/polo-shtandart\/","og_site_name":"Shtandart","article_publisher":"https:\/\/www.facebook.com\/Frigate.Shtandart\/","article_modified_time":"2024-01-22T14:39:23+00:00","og_image":[{"width":1920,"height":2560,"url":"https:\/\/shtandart.eu\/wp-content\/uploads\/2022\/04\/IMG_1943-scaled.jpg","type":"image\/jpeg"}],"twitter_card":"summary_large_image","twitter_misc":{"Dur\u00e9e de lecture estim\u00e9e":"1 minute"},"schema":{"@context":"https:\/\/schema.org","@graph":[{"@type":"WebPage","@id":"https:\/\/shtandart.eu\/ru\/product\/polo-shtandart\/","url":"https:\/\/shtandart.eu\/ru\/product\/polo-shtandart\/","name":"Polo \"Shtandart\" - Shtandart","isPartOf":{"@id":"https:\/\/shtandart.eu\/#website"},"primaryImageOfPage":{"@id":"https:\/\/shtandart.eu\/ru\/product\/polo-shtandart\/#primaryimage"},"image":{"@id":"https:\/\/shtandart.eu\/ru\/product\/polo-shtandart\/#primaryimage"},"thumbnailUrl":"https:\/\/shtandart.eu\/wp-content\/uploads\/2022\/04\/IMG_1943-scaled.jpg","datePublished":"2022-04-28T15:13:13+00:00","dateModified":"2024-01-22T14:39:23+00:00","breadcrumb":{"@id":"https:\/\/shtandart.eu\/ru\/product\/polo-shtandart\/#breadcrumb"},"inLanguage":"fr-FR","potentialAction":[{"@type":"ReadAction","target":["https:\/\/shtandart.eu\/ru\/product\/polo-shtandart\/"]}]},{"@type":"ImageObject","inLanguage":"fr-FR","@id":"https:\/\/shtandart.eu\/ru\/product\/polo-shtandart\/#primaryimage","url":"https:\/\/shtandart.eu\/wp-content\/uploads\/2022\/04\/IMG_1943-scaled.jpg","contentUrl":"https:\/\/shtandart.eu\/wp-content\/uploads\/2022\/04\/IMG_1943-scaled.jpg","width":1920,"height":2560},{"@type":"BreadcrumbList","@id":"https:\/\/shtandart.eu\/ru\/product\/polo-shtandart\/#breadcrumb","itemListElement":[{"@type":"ListItem","position":1,"name":"Home","item":"https:\/\/shtandart.eu\/"},{"@type":"ListItem","position":2,"name":"Shop","item":"https:\/\/shtandart.eu\/es\/shop\/"},{"@type":"ListItem","position":3,"name":"Polo &#8220;Shtandart&#8221;"}]},{"@type":"WebSite","@id":"https:\/\/shtandart.eu\/#website","url":"https:\/\/shtandart.eu\/","name":"Shtandart","description":"","publisher":{"@id":"https:\/\/shtandart.eu\/#organization"},"potentialAction":[{"@type":"SearchAction","target":{"@type":"EntryPoint","urlTemplate":"https:\/\/shtandart.eu\/?s={search_term_string}"},"query-input":{"@type":"PropertyValueSpecification","valueRequired":true,"valueName":"search_term_string"}}],"inLanguage":"fr-FR"},{"@type":"Organization","@id":"https:\/\/shtandart.eu\/#organization","name":"Shtandart","url":"https:\/\/shtandart.eu\/","logo":{"@type":"ImageObject","inLanguage":"fr-FR","@id":"https:\/\/shtandart.eu\/#\/schema\/logo\/image\/","url":"https:\/\/shtandart.eu\/wp-content\/uploads\/2023\/12\/\u0411\u0435\u0437-\u0438\u043c\u0435\u043d\u0438-2.png","contentUrl":"https:\/\/shtandart.eu\/wp-content\/uploads\/2023\/12\/\u0411\u0435\u0437-\u0438\u043c\u0435\u043d\u0438-2.png","width":512,"height":511,"caption":"Shtandart"},"image":{"@id":"https:\/\/shtandart.eu\/#\/schema\/logo\/image\/"},"sameAs":["https:\/\/www.facebook.com\/Frigate.Shtandart\/"]}]}},"_links":{"self":[{"href":"https:\/\/shtandart.eu\/fr\/wp-json\/wp\/v2\/product\/1006","targetHints":{"allow":["GET"]}}],"collection":[{"href":"https:\/\/shtandart.eu\/fr\/wp-json\/wp\/v2\/product"}],"about":[{"href":"https:\/\/shtandart.eu\/fr\/wp-json\/wp\/v2\/types\/product"}],"wp:featuredmedia":[{"embeddable":true,"href":"https:\/\/shtandart.eu\/fr\/wp-json\/wp\/v2\/media\/1008"}],"wp:attachment":[{"href":"https:\/\/shtandart.eu\/fr\/wp-json\/wp\/v2\/media?parent=1006"}],"wp:term":[{"taxonomy":"product_brand","embeddable":true,"href":"https:\/\/shtandart.eu\/fr\/wp-json\/wp\/v2\/product_brand?post=1006"},{"taxonomy":"product_cat","embeddable":true,"href":"https:\/\/shtandart.eu\/fr\/wp-json\/wp\/v2\/product_cat?post=1006"},{"taxonomy":"product_tag","embeddable":true,"href":"https:\/\/shtandart.eu\/fr\/wp-json\/wp\/v2\/product_tag?post=1006"}],"curies":[{"name":"wp","href":"https:\/\/api.w.org\/{rel}","templated":true}]}}