{"id":864,"date":"2021-01-07T18:27:24","date_gmt":"2021-01-07T17:27:24","guid":{"rendered":"https:\/\/shtandart.xyz\/?page_id=864"},"modified":"2023-12-24T10:58:59","modified_gmt":"2023-12-24T09:58:59","slug":"life-on-board","status":"publish","type":"page","link":"https:\/\/shtandart.eu\/fr\/about-shtandart\/life-on-board\/","title":{"rendered":"La vie \u00e0 bord"},"content":{"rendered":"<p style=\"font-size: 1.2em; text-align: center;\" class=\" translation-block\"><strong>Naviguer sur le Shtandart vous offre une opportunit\u00e9 unique d'exp\u00e9rimenter la vie d'un marin du XVIIIe si\u00e8cle, tout en ayant des niveaux de confort et de s\u00e9curit\u00e9 modernes.<\/strong><\/p>\n\n\n\n<figure class=\"wp-block-image size-large\"><img loading=\"lazy\" decoding=\"async\" width=\"1024\" height=\"673\" src=\"http:\/\/shtandart.eu\/wp-content\/uploads\/2023\/11\/7T5A2365-1024x673.jpg\" alt=\"\" class=\"wp-image-2766\" srcset=\"https:\/\/shtandart.eu\/wp-content\/uploads\/2023\/11\/7T5A2365-1024x673.jpg 1024w, https:\/\/shtandart.eu\/wp-content\/uploads\/2023\/11\/7T5A2365-300x197.jpg 300w, https:\/\/shtandart.eu\/wp-content\/uploads\/2023\/11\/7T5A2365-768x505.jpg 768w, https:\/\/shtandart.eu\/wp-content\/uploads\/2023\/11\/7T5A2365-1536x1010.jpg 1536w, https:\/\/shtandart.eu\/wp-content\/uploads\/2023\/11\/7T5A2365-18x12.jpg 18w, https:\/\/shtandart.eu\/wp-content\/uploads\/2023\/11\/7T5A2365-600x394.jpg 600w, https:\/\/shtandart.eu\/wp-content\/uploads\/2023\/11\/7T5A2365.jpg 1643w\" sizes=\"auto, (max-width: 1024px) 100vw, 1024px\" \/><\/figure>\n\n\n\n<h4 class=\"wp-block-heading\">En mer<\/h4>\n\n\n\n<p>\u00c0 son arriv\u00e9e sur le navire, chaque volontaire est affect\u00e9 \u00e0 un tour de garde; il y en a trois au total. \u00c0 bord on les appelles \"les quarts\". Chacun porte le nom des m\u00e2ts de la fr\u00e9gate: m\u00e2t de misaine, grand-m\u00e2t et m\u00e2t d'artimon. Les quarts changent toutes les quatre heures. Au cours de son quart, chaque marin pourra jouer le r\u00f4le d'un guetteur, barreur, apprendre \u00e0 travailler avec des voiles et acqu\u00e9rir d'autres comp\u00e9tences n\u00e9cessaires tout en \u00e9tant guid\u00e9 par des instructeurs exp\u00e9riment\u00e9s.<\/p>\n\n\n\n<p>Apr\u00e8s quatre heures de veille, vous effectuez quatre heures de garde en attente en participant aux travaux d'entretien du navire et, si n\u00e9cessaire, en aidant les gabiers qui sont de quart. Quatre heures plus tard, vient votre temps de repos.<\/p>\n\n\n\n<figure class=\"wp-block-table\"><table><tbody><tr><td>&nbsp;<\/td><td>Quart de m\u00e2t de Misaine<\/td><td>Quart de Grand m\u00e2t<\/td><td>Quart de m\u00e2t d'Artimon<\/td><\/tr><tr><td>00:00 \u2013 04:00<\/td><td>quart<\/td><td>repos<\/td><td>garde en attente<\/td><\/tr><tr><td>04:00 \u2013 08:00<\/td><td>garde en attente<\/td><td>quart<\/td><td>repos<\/td><\/tr><tr><td>08:00 \u2013 12:00<\/td><td>repos<\/td><td>garde en attente<\/td><td>quart<\/td><\/tr><tr><td>12:00 \u2013 16:00<\/td><td>quart<\/td><td>repos<\/td><td>garde en attente<\/td><\/tr><tr><td>16:00 \u2013 20:00<\/td><td>garde en attente<\/td><td>quart<\/td><td>repos<\/td><\/tr><tr><td>20:00 \u2013 24:00<\/td><td>repos<\/td><td>garde en attente<\/td><td>quart<\/td><\/tr><\/tbody><\/table><\/figure>\n\n\n\n\n\n<p>Au port, les membres de l'\u00e9quipage du Shtandart accueillent \u00e0 bord de nombreux invit\u00e9s et visiteurs. Le guetteur sur la passerelle r\u00e9pond \u00e0 de nombreuses questions et a l'occasion de rencontrer de nouvelles personnes et de perfectionner de nouvelles comp\u00e9tences linguistiques.<\/p>\n\n\n\n<p>Nous faisons \u00e9galement des travaux de maintenance qui sont difficiles \u00e0 r\u00e9aliser en pleine mer. Pendant les heures de repos, les membres d'\u00e9quipage peuvent profiter d'une pause agr\u00e9able et partir \u00e0 terre \u00e0 la d\u00e9couverte de la ville. G\u00e9n\u00e9ralement, il y a des festivals, des c\u00e9l\u00e9brations, des f\u00eates et d'autres activit\u00e9s \u00e0 appr\u00e9cier lors de nos escales portuaires.<\/p>\n\n\n\n<h4 class=\"wp-block-heading\">Le m\u00e9nage et la cuisine<\/h4>\n\n\n\n<p>En mer et \u00e0 quai, ceux qui sont de service en cuisine aident \u00e0 pr\u00e9parer les repas sous l'\u0153il attentif de notre cuistot. Et m\u00eame si vous n'\u00eates pas un grand chef, il y aura toujours quelque chose \u00e0 faire, et \u00e0 la fin du voyage, vous partirez certainement avec de nouvelles comp\u00e9tences.<\/p>\n\n\n\n<p>Dans des conditions typiques de navigation, l'\u00e9quipage re\u00e7oit quatre repas par jour. Le menu standard se compose de plats faits maison familiers, notamment du porridge, des soupes, des salades de l\u00e9gumes, des accompagnements de c\u00e9r\u00e9ales et de p\u00e2tes, ainsi que des plats principaux \u00e0 base de poisson, de viande et de volaille. Nous pouvons tenir compte de pr\u00e9f\u00e9rences ou de restrictions alimentaires sp\u00e9cifiques telles que les r\u00e9gimes v\u00e9g\u00e9tariens ou les allergies. Les marins ayant des besoins alimentaires particuliers sont encourag\u00e9s \u00e0 participer activement \u00e0 la pr\u00e9paration de leurs repas.<\/p>\n\n\n\n<figure class=\"wp-block-image size-full\"><img loading=\"lazy\" decoding=\"async\" width=\"1000\" height=\"750\" src=\"https:\/\/shtandart.eu\/wp-content\/uploads\/2023\/07\/washing-deck.jpg\" alt=\"\" class=\"wp-image-1513\" srcset=\"https:\/\/shtandart.eu\/wp-content\/uploads\/2023\/07\/washing-deck.jpg 1000w, https:\/\/shtandart.eu\/wp-content\/uploads\/2023\/07\/washing-deck-300x225.jpg 300w, https:\/\/shtandart.eu\/wp-content\/uploads\/2023\/07\/washing-deck-768x576.jpg 768w, https:\/\/shtandart.eu\/wp-content\/uploads\/2023\/07\/washing-deck-16x12.jpg 16w, https:\/\/shtandart.eu\/wp-content\/uploads\/2023\/07\/washing-deck-600x450.jpg 600w\" sizes=\"auto, (max-width: 1000px) 100vw, 1000px\" \/><\/figure>\n\n\n\n<p>&nbsp;<\/p>\n\n\n\n<p>Chaque matin, apr\u00e8s la c\u00e9r\u00e9monie des couleurs, l'\u00e9quipage lave le pont et nettoie les espaces de vie.<\/p>\n\n\n\n<p>Dans la premi\u00e8re Charte navale russe de 1720, une grande attention a \u00e9t\u00e9 accord\u00e9e au maintien de la propret\u00e9 sur les navires.<\/p>\n\n\n\n<p>Cette charte stipule : \u00abLes navires doivent \u00eatre nettoy\u00e9s et lav\u00e9s toute la journ\u00e9e et les fen\u00eatres doivent \u00eatre ouvertes aussi souvent que le temps le permet. \u00c0 l'ext\u00e9rieur, le matin comme le soir, le navire doit \u00eatre balay\u00e9 et lav\u00e9.<\/p>\n\n\n\n<p>Ces traditions sont parfaitement respect\u00e9es sur le Shtandart.<\/p>\n\n\n\n<p>Ne vous inqui\u00e9tez pas, le nettoyage du pont avec vos amis est tr\u00e8s amusant !<\/p>\n\n\n\n<h4 class=\"wp-block-heading\">L\u2019emploi du temps \u00e0 bord du Shtandart<\/h4>\n\n\n\n<figure class=\"wp-block-table\"><table><tbody><tr><td>07.30<\/td><td>Petit d\u00e9jeuner<\/td><\/tr><tr><td>08.00<\/td><td>C\u00e9r\u00e9monie des couleurs<\/td><\/tr><tr><td>12.00<\/td><td>Repas du midi<\/td><\/tr><tr><td>16.00<\/td><td>Le go\u00fbter<\/td><\/tr><tr><td>20.00<\/td><td>Le repas du soir<\/td><\/tr><tr><td>24.00<\/td><td>Extinction des feux, d\u00e9but de la veille de nuit<\/td><\/tr><\/tbody><\/table><\/figure>\n\n\n<p><strong>Envie de d\u00e9couvrir la vie \u00e0 bord du Shtandart ?<\/strong><\/p>\n<ul>\n<li><a href=\"https:\/\/shtandart.eu\/fr\/services\/sail-with-us\/\">Choisissez votre voyage !<\/a><\/li>\n<li><a href=\"https:\/\/shtandart.eu\/fr\/prepare-your-journey\/\">Pr\u00e9parer sa navigation<\/a><\/li>\n<\/ul>","protected":false},"excerpt":{"rendered":"<p>Sailing on Shtandart gives you a unique opportunity to personally experience the life of an 18th century sailor. At the same time, in spite of being a replica of the 18th century frigate, Shtandart offers modern levels of comfort and safety. At sea Upon arrival on the ship, each person is assigned to a watch. [&hellip;]<\/p>","protected":false},"author":990011,"featured_media":0,"parent":223,"menu_order":0,"comment_status":"closed","ping_status":"closed","template":"","meta":{"_themeisle_gutenberg_block_has_review":false,"footnotes":""},"class_list":["post-864","page","type-page","status-publish","hentry"],"yoast_head":"<!-- This site is optimized with the Yoast SEO plugin v25.5 - https:\/\/yoast.com\/wordpress\/plugins\/seo\/ -->\n<title>Life On Board - Shtandart<\/title>\n<meta name=\"robots\" content=\"index, follow, max-snippet:-1, max-image-preview:large, max-video-preview:-1\" \/>\n<link rel=\"canonical\" href=\"https:\/\/shtandart.eu\/fr\/about-shtandart\/life-on-board\/\" \/>\n<meta property=\"og:locale\" content=\"fr_FR\" \/>\n<meta property=\"og:type\" content=\"article\" \/>\n<meta property=\"og:title\" content=\"Life On Board - Shtandart\" \/>\n<meta property=\"og:description\" content=\"Sailing on Shtandart gives you a unique opportunity to personally experience the life of an 18th century sailor. At the same time, in spite of being a replica of the 18th century frigate, Shtandart offers modern levels of comfort and safety. At sea Upon arrival on the ship, each person is assigned to a watch. [&hellip;]\" \/>\n<meta property=\"og:url\" content=\"https:\/\/shtandart.eu\/fr\/about-shtandart\/life-on-board\/\" \/>\n<meta property=\"og:site_name\" content=\"Shtandart\" \/>\n<meta property=\"article:publisher\" content=\"https:\/\/www.facebook.com\/Frigate.Shtandart\/\" \/>\n<meta property=\"article:modified_time\" content=\"2023-12-24T09:58:59+00:00\" \/>\n<meta property=\"og:image\" content=\"http:\/\/shtandart.eu\/wp-content\/uploads\/2023\/11\/7T5A2365-1024x673.jpg\" \/>\n<meta name=\"twitter:card\" content=\"summary_large_image\" \/>\n<meta name=\"twitter:label1\" content=\"Dur\u00e9e de lecture estim\u00e9e\" \/>\n\t<meta name=\"twitter:data1\" content=\"3 minutes\" \/>\n<script type=\"application\/ld+json\" class=\"yoast-schema-graph\">{\"@context\":\"https:\/\/schema.org\",\"@graph\":[{\"@type\":\"WebPage\",\"@id\":\"https:\/\/shtandart.eu\/ru\/about-shtandart\/life-on-board\/\",\"url\":\"https:\/\/shtandart.eu\/ru\/about-shtandart\/life-on-board\/\",\"name\":\"Life On Board - Shtandart\",\"isPartOf\":{\"@id\":\"https:\/\/shtandart.eu\/#website\"},\"primaryImageOfPage\":{\"@id\":\"https:\/\/shtandart.eu\/ru\/about-shtandart\/life-on-board\/#primaryimage\"},\"image\":{\"@id\":\"https:\/\/shtandart.eu\/ru\/about-shtandart\/life-on-board\/#primaryimage\"},\"thumbnailUrl\":\"http:\/\/shtandart.eu\/wp-content\/uploads\/2023\/11\/7T5A2365-1024x673.jpg\",\"datePublished\":\"2021-01-07T17:27:24+00:00\",\"dateModified\":\"2023-12-24T09:58:59+00:00\",\"breadcrumb\":{\"@id\":\"https:\/\/shtandart.eu\/ru\/about-shtandart\/life-on-board\/#breadcrumb\"},\"inLanguage\":\"fr-FR\",\"potentialAction\":[{\"@type\":\"ReadAction\",\"target\":[\"https:\/\/shtandart.eu\/ru\/about-shtandart\/life-on-board\/\"]}]},{\"@type\":\"ImageObject\",\"inLanguage\":\"fr-FR\",\"@id\":\"https:\/\/shtandart.eu\/ru\/about-shtandart\/life-on-board\/#primaryimage\",\"url\":\"http:\/\/shtandart.eu\/wp-content\/uploads\/2023\/11\/7T5A2365-1024x673.jpg\",\"contentUrl\":\"http:\/\/shtandart.eu\/wp-content\/uploads\/2023\/11\/7T5A2365-1024x673.jpg\"},{\"@type\":\"BreadcrumbList\",\"@id\":\"https:\/\/shtandart.eu\/ru\/about-shtandart\/life-on-board\/#breadcrumb\",\"itemListElement\":[{\"@type\":\"ListItem\",\"position\":1,\"name\":\"Home\",\"item\":\"https:\/\/shtandart.eu\/\"},{\"@type\":\"ListItem\",\"position\":2,\"name\":\"About Shtandart\",\"item\":\"https:\/\/shtandart.eu\/ru\/about-shtandart\/\"},{\"@type\":\"ListItem\",\"position\":3,\"name\":\"Life On Board\"}]},{\"@type\":\"WebSite\",\"@id\":\"https:\/\/shtandart.eu\/#website\",\"url\":\"https:\/\/shtandart.eu\/\",\"name\":\"Shtandart\",\"description\":\"\",\"publisher\":{\"@id\":\"https:\/\/shtandart.eu\/#organization\"},\"potentialAction\":[{\"@type\":\"SearchAction\",\"target\":{\"@type\":\"EntryPoint\",\"urlTemplate\":\"https:\/\/shtandart.eu\/?s={search_term_string}\"},\"query-input\":{\"@type\":\"PropertyValueSpecification\",\"valueRequired\":true,\"valueName\":\"search_term_string\"}}],\"inLanguage\":\"fr-FR\"},{\"@type\":\"Organization\",\"@id\":\"https:\/\/shtandart.eu\/#organization\",\"name\":\"Shtandart\",\"url\":\"https:\/\/shtandart.eu\/\",\"logo\":{\"@type\":\"ImageObject\",\"inLanguage\":\"fr-FR\",\"@id\":\"https:\/\/shtandart.eu\/#\/schema\/logo\/image\/\",\"url\":\"https:\/\/shtandart.eu\/wp-content\/uploads\/2023\/12\/\u0411\u0435\u0437-\u0438\u043c\u0435\u043d\u0438-2.png\",\"contentUrl\":\"https:\/\/shtandart.eu\/wp-content\/uploads\/2023\/12\/\u0411\u0435\u0437-\u0438\u043c\u0435\u043d\u0438-2.png\",\"width\":512,\"height\":511,\"caption\":\"Shtandart\"},\"image\":{\"@id\":\"https:\/\/shtandart.eu\/#\/schema\/logo\/image\/\"},\"sameAs\":[\"https:\/\/www.facebook.com\/Frigate.Shtandart\/\"]}]}<\/script>\n<!-- \/ Yoast SEO plugin. -->","yoast_head_json":{"title":"Life On Board - Shtandart","robots":{"index":"index","follow":"follow","max-snippet":"max-snippet:-1","max-image-preview":"max-image-preview:large","max-video-preview":"max-video-preview:-1"},"canonical":"https:\/\/shtandart.eu\/fr\/about-shtandart\/life-on-board\/","og_locale":"fr_FR","og_type":"article","og_title":"Life On Board - Shtandart","og_description":"Sailing on Shtandart gives you a unique opportunity to personally experience the life of an 18th century sailor. At the same time, in spite of being a replica of the 18th century frigate, Shtandart offers modern levels of comfort and safety. At sea Upon arrival on the ship, each person is assigned to a watch. [&hellip;]","og_url":"https:\/\/shtandart.eu\/fr\/about-shtandart\/life-on-board\/","og_site_name":"Shtandart","article_publisher":"https:\/\/www.facebook.com\/Frigate.Shtandart\/","article_modified_time":"2023-12-24T09:58:59+00:00","og_image":[{"url":"http:\/\/shtandart.eu\/wp-content\/uploads\/2023\/11\/7T5A2365-1024x673.jpg","type":"","width":"","height":""}],"twitter_card":"summary_large_image","twitter_misc":{"Dur\u00e9e de lecture estim\u00e9e":"3 minutes"},"schema":{"@context":"https:\/\/schema.org","@graph":[{"@type":"WebPage","@id":"https:\/\/shtandart.eu\/ru\/about-shtandart\/life-on-board\/","url":"https:\/\/shtandart.eu\/ru\/about-shtandart\/life-on-board\/","name":"Life On Board - Shtandart","isPartOf":{"@id":"https:\/\/shtandart.eu\/#website"},"primaryImageOfPage":{"@id":"https:\/\/shtandart.eu\/ru\/about-shtandart\/life-on-board\/#primaryimage"},"image":{"@id":"https:\/\/shtandart.eu\/ru\/about-shtandart\/life-on-board\/#primaryimage"},"thumbnailUrl":"http:\/\/shtandart.eu\/wp-content\/uploads\/2023\/11\/7T5A2365-1024x673.jpg","datePublished":"2021-01-07T17:27:24+00:00","dateModified":"2023-12-24T09:58:59+00:00","breadcrumb":{"@id":"https:\/\/shtandart.eu\/ru\/about-shtandart\/life-on-board\/#breadcrumb"},"inLanguage":"fr-FR","potentialAction":[{"@type":"ReadAction","target":["https:\/\/shtandart.eu\/ru\/about-shtandart\/life-on-board\/"]}]},{"@type":"ImageObject","inLanguage":"fr-FR","@id":"https:\/\/shtandart.eu\/ru\/about-shtandart\/life-on-board\/#primaryimage","url":"http:\/\/shtandart.eu\/wp-content\/uploads\/2023\/11\/7T5A2365-1024x673.jpg","contentUrl":"http:\/\/shtandart.eu\/wp-content\/uploads\/2023\/11\/7T5A2365-1024x673.jpg"},{"@type":"BreadcrumbList","@id":"https:\/\/shtandart.eu\/ru\/about-shtandart\/life-on-board\/#breadcrumb","itemListElement":[{"@type":"ListItem","position":1,"name":"Home","item":"https:\/\/shtandart.eu\/"},{"@type":"ListItem","position":2,"name":"About Shtandart","item":"https:\/\/shtandart.eu\/ru\/about-shtandart\/"},{"@type":"ListItem","position":3,"name":"Life On Board"}]},{"@type":"WebSite","@id":"https:\/\/shtandart.eu\/#website","url":"https:\/\/shtandart.eu\/","name":"Shtandart","description":"","publisher":{"@id":"https:\/\/shtandart.eu\/#organization"},"potentialAction":[{"@type":"SearchAction","target":{"@type":"EntryPoint","urlTemplate":"https:\/\/shtandart.eu\/?s={search_term_string}"},"query-input":{"@type":"PropertyValueSpecification","valueRequired":true,"valueName":"search_term_string"}}],"inLanguage":"fr-FR"},{"@type":"Organization","@id":"https:\/\/shtandart.eu\/#organization","name":"Shtandart","url":"https:\/\/shtandart.eu\/","logo":{"@type":"ImageObject","inLanguage":"fr-FR","@id":"https:\/\/shtandart.eu\/#\/schema\/logo\/image\/","url":"https:\/\/shtandart.eu\/wp-content\/uploads\/2023\/12\/\u0411\u0435\u0437-\u0438\u043c\u0435\u043d\u0438-2.png","contentUrl":"https:\/\/shtandart.eu\/wp-content\/uploads\/2023\/12\/\u0411\u0435\u0437-\u0438\u043c\u0435\u043d\u0438-2.png","width":512,"height":511,"caption":"Shtandart"},"image":{"@id":"https:\/\/shtandart.eu\/#\/schema\/logo\/image\/"},"sameAs":["https:\/\/www.facebook.com\/Frigate.Shtandart\/"]}]}},"_links":{"self":[{"href":"https:\/\/shtandart.eu\/fr\/wp-json\/wp\/v2\/pages\/864","targetHints":{"allow":["GET"]}}],"collection":[{"href":"https:\/\/shtandart.eu\/fr\/wp-json\/wp\/v2\/pages"}],"about":[{"href":"https:\/\/shtandart.eu\/fr\/wp-json\/wp\/v2\/types\/page"}],"author":[{"embeddable":true,"href":"https:\/\/shtandart.eu\/fr\/wp-json\/wp\/v2\/users\/990011"}],"replies":[{"embeddable":true,"href":"https:\/\/shtandart.eu\/fr\/wp-json\/wp\/v2\/comments?post=864"}],"version-history":[{"count":23,"href":"https:\/\/shtandart.eu\/fr\/wp-json\/wp\/v2\/pages\/864\/revisions"}],"predecessor-version":[{"id":4474,"href":"https:\/\/shtandart.eu\/fr\/wp-json\/wp\/v2\/pages\/864\/revisions\/4474"}],"up":[{"embeddable":true,"href":"https:\/\/shtandart.eu\/fr\/wp-json\/wp\/v2\/pages\/223"}],"wp:attachment":[{"href":"https:\/\/shtandart.eu\/fr\/wp-json\/wp\/v2\/media?parent=864"}],"curies":[{"name":"wp","href":"https:\/\/api.w.org\/{rel}","templated":true}]}}