{"id":856,"date":"2021-01-07T18:14:37","date_gmt":"2021-01-07T17:14:37","guid":{"rendered":"https:\/\/shtandart.xyz\/?page_id=856"},"modified":"2023-11-28T11:14:11","modified_gmt":"2023-11-28T10:14:11","slug":"captains-gigs","status":"publish","type":"page","link":"https:\/\/shtandart.eu\/fr\/captains-gigs\/","title":{"rendered":"Les yoles du capitaine"},"content":{"rendered":"<div>\n<div><\/div>\n<div><\/div>\n<\/div>\n<p><img loading=\"lazy\" decoding=\"async\" width=\"1024\" height=\"668\" class=\"wp-image-857 aligncenter\" src=\"https:\/\/shtandart.eu\/wp-content\/uploads\/2021\/01\/about-gigs-3-1024x668.jpg\" alt=\"\" srcset=\"https:\/\/shtandart.eu\/wp-content\/uploads\/2021\/01\/about-gigs-3-1024x668.jpg 1024w, https:\/\/shtandart.eu\/wp-content\/uploads\/2021\/01\/about-gigs-3-300x196.jpg 300w, https:\/\/shtandart.eu\/wp-content\/uploads\/2021\/01\/about-gigs-3-768x501.jpg 768w, https:\/\/shtandart.eu\/wp-content\/uploads\/2021\/01\/about-gigs-3-600x391.jpg 600w, https:\/\/shtandart.eu\/wp-content\/uploads\/2021\/01\/about-gigs-3.jpg 1280w\" sizes=\"auto, (max-width: 1024px) 100vw, 1024px\" \/><\/p>\n<p>Jusqu'au d\u00e9but du XX<sup>e<\/sup> les yoles \u00e9taient largement utilis\u00e9es dans la marine en Russie, aux USA et en Europe, essentiellement pour le transport des capitaines. Les yoles que nous fabriquons aujourd'hui sont des r\u00e9pliques d'un navire fran\u00e7ais du XVIII<sup>e<\/sup> si\u00e8cle : douze m\u00e8tres de long, dix rames et trois m\u00e2ts.\nCes yoles peuvent atteindre 6 kt \u00e0 la rame sur mer calme et jusqu'\u00e0 10 kt sous voile par vent frais.\nEmbarcation belle et \u00e9l\u00e9gante, int\u00e9ressante \u00e0 manoeuvrer, elle n\u00e9cessite un \u00e9quipage de 13 personnes aguerries.<\/p>\n<div>Il y a six yoles \u00e0 St Petersbourg: Mechta, Alpha, Bravo et Nati, qui appartiennent au projet Shtandart, et Dignit\u00e9 et Enchant\u00e9 qui appartiennent \u00e0 nos amis du projet \"Atlantic Challenge Russia\".\nTous ces navires ont \u00e9t\u00e9s construit par des volontaires sous la supervision d'ing\u00e9nieurs naval exp\u00e9riment\u00e9s.\nSi vous voulez apprendre la construction navale et la navigation \u00e0 la voile, le chantier naval du projet Shtandart \u00e0 Saint P\u00e9tersbourg est le point de d\u00e9part id\u00e9al. Nous vous sugg\u00e9rons de venir vous entra\u00eener r\u00e9guli\u00e8rement, de vous inscrire \u00e0 un camp de vacance, de participer aux longs voyages pendant la saison de navigation, ou de venir vous initier \u00e0 la charpenterie de marine tout au long de l'ann\u00e9e.<\/div>\n<p>De nos jours, les yoles de capitaine sont construites dans plusieurs pays d'apr\u00e8s les plans \u00e9tablis par le programme international pour la jeunesse \"Atlantic Challenge\". Dans le cadre de ce programme des \u00e9quipes du monde entier concourent entre elles et s'affrontent dans une course amicale qui se tient tous les deux ans.\nIls font la d\u00e9monstration de leur aptitudes marines \u00e0 la rame, \u00e0 la voile, \u00e0 la navigation, \u00e0 la r\u00e9alisation de noeuds et bien s\u00fbr \u00e0 travailler en \u00e9quipe.\nEn 2016 l'\u00e9quipe Russe du Shtandart est arriv\u00e9e en t\u00eate de la course \u00e0 Roskilde, au Danemark.<\/p>\n<p><img loading=\"lazy\" decoding=\"async\" width=\"1024\" height=\"678\" class=\"wp-image-858 aligncenter\" src=\"https:\/\/shtandart.eu\/wp-content\/uploads\/2021\/01\/about-gigs-2-1024x678.jpg\" alt=\"\" srcset=\"https:\/\/shtandart.eu\/wp-content\/uploads\/2021\/01\/about-gigs-2-1024x678.jpg 1024w, https:\/\/shtandart.eu\/wp-content\/uploads\/2021\/01\/about-gigs-2-300x199.jpg 300w, https:\/\/shtandart.eu\/wp-content\/uploads\/2021\/01\/about-gigs-2-768x509.jpg 768w, https:\/\/shtandart.eu\/wp-content\/uploads\/2021\/01\/about-gigs-2-600x398.jpg 600w, https:\/\/shtandart.eu\/wp-content\/uploads\/2021\/01\/about-gigs-2.jpg 1280w\" sizes=\"auto, (max-width: 1024px) 100vw, 1024px\" \/><\/p>\n<p>En 2018, une nouvelle \u00e9quipe est arriv\u00e9e 5<sup>\u00e8me<\/sup> de la course \u00e0 Antrim, en Irlande du Nord. Quoi qu'il en soit, le but de l'Atlantic Challenge n'est pas simplement de gagner une course mais de partager une exp\u00e9rience passionnante et de lier des amiti\u00e9es partout dans le monde.<\/p>\n<p><img loading=\"lazy\" decoding=\"async\" width=\"960\" height=\"492\" class=\"wp-image-859 aligncenter\" src=\"https:\/\/shtandart.eu\/wp-content\/uploads\/2021\/01\/about-gigs-1.jpg\" alt=\"\" srcset=\"https:\/\/shtandart.eu\/wp-content\/uploads\/2021\/01\/about-gigs-1.jpg 960w, https:\/\/shtandart.eu\/wp-content\/uploads\/2021\/01\/about-gigs-1-300x154.jpg 300w, https:\/\/shtandart.eu\/wp-content\/uploads\/2021\/01\/about-gigs-1-768x394.jpg 768w, https:\/\/shtandart.eu\/wp-content\/uploads\/2021\/01\/about-gigs-1-600x308.jpg 600w\" sizes=\"auto, (max-width: 960px) 100vw, 960px\" \/><\/p>\n<p><a href=\"https:\/\/www.facebook.com\/GigsShtandart\">facebook.com\/GigsShtandart<\/a><\/p>\n<p><a href=\"https:\/\/vk.com\/shtandart_gigs\" target=\"_blank\" rel=\"noopener\">vk.com\/shtandart_gigs<\/a><\/p>","protected":false},"excerpt":{"rendered":"<p>Until the early 20th century gigs were widely used on naval ships in Russia, the USA and Europe mostly by captains for transportation. The gigs that we build now are the replicas of the French vessel of the 18th century: 12 meters long, 10 oars and three masts. The gig can achieve 6 knots speed [&hellip;]<\/p>","protected":false},"author":2,"featured_media":0,"parent":0,"menu_order":0,"comment_status":"closed","ping_status":"closed","template":"","meta":{"_themeisle_gutenberg_block_has_review":false,"footnotes":""},"class_list":["post-856","page","type-page","status-publish","hentry"],"yoast_head":"<!-- This site is optimized with the Yoast SEO plugin v25.5 - https:\/\/yoast.com\/wordpress\/plugins\/seo\/ -->\n<title>Captain&#039;s Gigs - Shtandart<\/title>\n<meta name=\"robots\" content=\"index, follow, max-snippet:-1, max-image-preview:large, max-video-preview:-1\" \/>\n<link rel=\"canonical\" href=\"https:\/\/shtandart.eu\/fr\/captains-gigs\/\" \/>\n<meta property=\"og:locale\" content=\"fr_FR\" \/>\n<meta property=\"og:type\" content=\"article\" \/>\n<meta property=\"og:title\" content=\"Captain&#039;s Gigs - Shtandart\" \/>\n<meta property=\"og:description\" content=\"Until the early 20th century gigs were widely used on naval ships in Russia, the USA and Europe mostly by captains for transportation. The gigs that we build now are the replicas of the French vessel of the 18th century: 12 meters long, 10 oars and three masts. The gig can achieve 6 knots speed [&hellip;]\" \/>\n<meta property=\"og:url\" content=\"https:\/\/shtandart.eu\/fr\/captains-gigs\/\" \/>\n<meta property=\"og:site_name\" content=\"Shtandart\" \/>\n<meta property=\"article:publisher\" content=\"https:\/\/www.facebook.com\/Frigate.Shtandart\/\" \/>\n<meta property=\"article:modified_time\" content=\"2023-11-28T10:14:11+00:00\" \/>\n<meta property=\"og:image\" content=\"https:\/\/shtandart.eu\/wp-content\/uploads\/2021\/01\/about-gigs-3-1024x668.jpg\" \/>\n<meta name=\"twitter:card\" content=\"summary_large_image\" \/>\n<meta name=\"twitter:label1\" content=\"Dur\u00e9e de lecture estim\u00e9e\" \/>\n\t<meta name=\"twitter:data1\" content=\"1 minute\" \/>\n<script type=\"application\/ld+json\" class=\"yoast-schema-graph\">{\"@context\":\"https:\/\/schema.org\",\"@graph\":[{\"@type\":\"WebPage\",\"@id\":\"https:\/\/shtandart.eu\/captains-gigs\/\",\"url\":\"https:\/\/shtandart.eu\/captains-gigs\/\",\"name\":\"Captain's Gigs - Shtandart\",\"isPartOf\":{\"@id\":\"https:\/\/shtandart.eu\/#website\"},\"primaryImageOfPage\":{\"@id\":\"https:\/\/shtandart.eu\/captains-gigs\/#primaryimage\"},\"image\":{\"@id\":\"https:\/\/shtandart.eu\/captains-gigs\/#primaryimage\"},\"thumbnailUrl\":\"https:\/\/shtandart.eu\/wp-content\/uploads\/2021\/01\/about-gigs-3-1024x668.jpg\",\"datePublished\":\"2021-01-07T17:14:37+00:00\",\"dateModified\":\"2023-11-28T10:14:11+00:00\",\"breadcrumb\":{\"@id\":\"https:\/\/shtandart.eu\/captains-gigs\/#breadcrumb\"},\"inLanguage\":\"fr-FR\",\"potentialAction\":[{\"@type\":\"ReadAction\",\"target\":[\"https:\/\/shtandart.eu\/captains-gigs\/\"]}]},{\"@type\":\"ImageObject\",\"inLanguage\":\"fr-FR\",\"@id\":\"https:\/\/shtandart.eu\/captains-gigs\/#primaryimage\",\"url\":\"https:\/\/shtandart.eu\/wp-content\/uploads\/2021\/01\/about-gigs-3-1024x668.jpg\",\"contentUrl\":\"https:\/\/shtandart.eu\/wp-content\/uploads\/2021\/01\/about-gigs-3-1024x668.jpg\"},{\"@type\":\"BreadcrumbList\",\"@id\":\"https:\/\/shtandart.eu\/captains-gigs\/#breadcrumb\",\"itemListElement\":[{\"@type\":\"ListItem\",\"position\":1,\"name\":\"Home\",\"item\":\"https:\/\/shtandart.eu\/\"},{\"@type\":\"ListItem\",\"position\":2,\"name\":\"Captain&#8217;s Gigs\"}]},{\"@type\":\"WebSite\",\"@id\":\"https:\/\/shtandart.eu\/#website\",\"url\":\"https:\/\/shtandart.eu\/\",\"name\":\"Shtandart\",\"description\":\"\",\"publisher\":{\"@id\":\"https:\/\/shtandart.eu\/#organization\"},\"potentialAction\":[{\"@type\":\"SearchAction\",\"target\":{\"@type\":\"EntryPoint\",\"urlTemplate\":\"https:\/\/shtandart.eu\/?s={search_term_string}\"},\"query-input\":{\"@type\":\"PropertyValueSpecification\",\"valueRequired\":true,\"valueName\":\"search_term_string\"}}],\"inLanguage\":\"fr-FR\"},{\"@type\":\"Organization\",\"@id\":\"https:\/\/shtandart.eu\/#organization\",\"name\":\"Shtandart\",\"url\":\"https:\/\/shtandart.eu\/\",\"logo\":{\"@type\":\"ImageObject\",\"inLanguage\":\"fr-FR\",\"@id\":\"https:\/\/shtandart.eu\/#\/schema\/logo\/image\/\",\"url\":\"https:\/\/shtandart.eu\/wp-content\/uploads\/2023\/12\/\u0411\u0435\u0437-\u0438\u043c\u0435\u043d\u0438-2.png\",\"contentUrl\":\"https:\/\/shtandart.eu\/wp-content\/uploads\/2023\/12\/\u0411\u0435\u0437-\u0438\u043c\u0435\u043d\u0438-2.png\",\"width\":512,\"height\":511,\"caption\":\"Shtandart\"},\"image\":{\"@id\":\"https:\/\/shtandart.eu\/#\/schema\/logo\/image\/\"},\"sameAs\":[\"https:\/\/www.facebook.com\/Frigate.Shtandart\/\"]}]}<\/script>\n<!-- \/ Yoast SEO plugin. -->","yoast_head_json":{"title":"Captain's Gigs - Shtandart","robots":{"index":"index","follow":"follow","max-snippet":"max-snippet:-1","max-image-preview":"max-image-preview:large","max-video-preview":"max-video-preview:-1"},"canonical":"https:\/\/shtandart.eu\/fr\/captains-gigs\/","og_locale":"fr_FR","og_type":"article","og_title":"Captain's Gigs - Shtandart","og_description":"Until the early 20th century gigs were widely used on naval ships in Russia, the USA and Europe mostly by captains for transportation. The gigs that we build now are the replicas of the French vessel of the 18th century: 12 meters long, 10 oars and three masts. The gig can achieve 6 knots speed [&hellip;]","og_url":"https:\/\/shtandart.eu\/fr\/captains-gigs\/","og_site_name":"Shtandart","article_publisher":"https:\/\/www.facebook.com\/Frigate.Shtandart\/","article_modified_time":"2023-11-28T10:14:11+00:00","og_image":[{"url":"https:\/\/shtandart.eu\/wp-content\/uploads\/2021\/01\/about-gigs-3-1024x668.jpg","type":"","width":"","height":""}],"twitter_card":"summary_large_image","twitter_misc":{"Dur\u00e9e de lecture estim\u00e9e":"1 minute"},"schema":{"@context":"https:\/\/schema.org","@graph":[{"@type":"WebPage","@id":"https:\/\/shtandart.eu\/captains-gigs\/","url":"https:\/\/shtandart.eu\/captains-gigs\/","name":"Captain's Gigs - Shtandart","isPartOf":{"@id":"https:\/\/shtandart.eu\/#website"},"primaryImageOfPage":{"@id":"https:\/\/shtandart.eu\/captains-gigs\/#primaryimage"},"image":{"@id":"https:\/\/shtandart.eu\/captains-gigs\/#primaryimage"},"thumbnailUrl":"https:\/\/shtandart.eu\/wp-content\/uploads\/2021\/01\/about-gigs-3-1024x668.jpg","datePublished":"2021-01-07T17:14:37+00:00","dateModified":"2023-11-28T10:14:11+00:00","breadcrumb":{"@id":"https:\/\/shtandart.eu\/captains-gigs\/#breadcrumb"},"inLanguage":"fr-FR","potentialAction":[{"@type":"ReadAction","target":["https:\/\/shtandart.eu\/captains-gigs\/"]}]},{"@type":"ImageObject","inLanguage":"fr-FR","@id":"https:\/\/shtandart.eu\/captains-gigs\/#primaryimage","url":"https:\/\/shtandart.eu\/wp-content\/uploads\/2021\/01\/about-gigs-3-1024x668.jpg","contentUrl":"https:\/\/shtandart.eu\/wp-content\/uploads\/2021\/01\/about-gigs-3-1024x668.jpg"},{"@type":"BreadcrumbList","@id":"https:\/\/shtandart.eu\/captains-gigs\/#breadcrumb","itemListElement":[{"@type":"ListItem","position":1,"name":"Home","item":"https:\/\/shtandart.eu\/"},{"@type":"ListItem","position":2,"name":"Captain&#8217;s Gigs"}]},{"@type":"WebSite","@id":"https:\/\/shtandart.eu\/#website","url":"https:\/\/shtandart.eu\/","name":"Shtandart","description":"","publisher":{"@id":"https:\/\/shtandart.eu\/#organization"},"potentialAction":[{"@type":"SearchAction","target":{"@type":"EntryPoint","urlTemplate":"https:\/\/shtandart.eu\/?s={search_term_string}"},"query-input":{"@type":"PropertyValueSpecification","valueRequired":true,"valueName":"search_term_string"}}],"inLanguage":"fr-FR"},{"@type":"Organization","@id":"https:\/\/shtandart.eu\/#organization","name":"Shtandart","url":"https:\/\/shtandart.eu\/","logo":{"@type":"ImageObject","inLanguage":"fr-FR","@id":"https:\/\/shtandart.eu\/#\/schema\/logo\/image\/","url":"https:\/\/shtandart.eu\/wp-content\/uploads\/2023\/12\/\u0411\u0435\u0437-\u0438\u043c\u0435\u043d\u0438-2.png","contentUrl":"https:\/\/shtandart.eu\/wp-content\/uploads\/2023\/12\/\u0411\u0435\u0437-\u0438\u043c\u0435\u043d\u0438-2.png","width":512,"height":511,"caption":"Shtandart"},"image":{"@id":"https:\/\/shtandart.eu\/#\/schema\/logo\/image\/"},"sameAs":["https:\/\/www.facebook.com\/Frigate.Shtandart\/"]}]}},"_links":{"self":[{"href":"https:\/\/shtandart.eu\/fr\/wp-json\/wp\/v2\/pages\/856","targetHints":{"allow":["GET"]}}],"collection":[{"href":"https:\/\/shtandart.eu\/fr\/wp-json\/wp\/v2\/pages"}],"about":[{"href":"https:\/\/shtandart.eu\/fr\/wp-json\/wp\/v2\/types\/page"}],"author":[{"embeddable":true,"href":"https:\/\/shtandart.eu\/fr\/wp-json\/wp\/v2\/users\/2"}],"replies":[{"embeddable":true,"href":"https:\/\/shtandart.eu\/fr\/wp-json\/wp\/v2\/comments?post=856"}],"version-history":[{"count":9,"href":"https:\/\/shtandart.eu\/fr\/wp-json\/wp\/v2\/pages\/856\/revisions"}],"predecessor-version":[{"id":2788,"href":"https:\/\/shtandart.eu\/fr\/wp-json\/wp\/v2\/pages\/856\/revisions\/2788"}],"wp:attachment":[{"href":"https:\/\/shtandart.eu\/fr\/wp-json\/wp\/v2\/media?parent=856"}],"curies":[{"name":"wp","href":"https:\/\/api.w.org\/{rel}","templated":true}]}}