{"id":4823,"date":"2025-08-14T11:56:56","date_gmt":"2025-08-14T09:56:56","guid":{"rendered":"https:\/\/shtandart.eu\/?page_id=4823"},"modified":"2025-08-26T11:57:58","modified_gmt":"2025-08-26T09:57:58","slug":"tanger-tunisia-27-09-5-10-2025","status":"publish","type":"page","link":"https:\/\/shtandart.eu\/fr\/tanger-tunisia-27-09-5-10-2025\/","title":{"rendered":"Tanger \u2013 Bizerte 27.09 \u2013 5.10.2025"},"content":{"rendered":"<p><strong>Departure from: Tanger, Morocco<br>Embarquement :  27\/09 2025, 10:00<br>Destination: Bizerte, Tunisia<br>Disembarkation: 5\/10 2025, 10:00<br>Jours \u00e0 bord : 10<\/strong><\/p>\n\n\n\n<p><strong>Voyage de Tanger \u00e0 Tunisia  \u00e0 bord du Shtandart<\/strong><\/p>\n\n\n\n<p>Set sail this autumn on a once-in-a-lifetime voyage from the vibrant Moroccan port of&nbsp;Tanger&nbsp;to the storied shores of&nbsp;Tunisia. Aboard the&nbsp;Shtandart&nbsp;\u2014 the replica of an 18th-century frigate \u2014 you\u2019ll navigate the western and central Mediterranean, tracing the maritime paths of ancient traders and explorers.<\/p>\n\n\n\n<p><strong>Devenez membre de l\u2019\u00e9quipage d\u2019un grand voilier historique<\/strong><\/p>\n\n\n\n<p>Ce n\u2019est pas une croisi\u00e8re de luxe \u2014 c\u2019est une v\u00e9ritable aventure \u00e0 la voile. Vous vivrez et travaillerez en tant que membre de l\u2019\u00e9quipage, apprenant les comp\u00e9tences intemporelles de la marine traditionnelle :<\/p>\n\n\n\n<ul class=\"wp-block-list\">\n<li>Haler et ajuster les voiles selon les vents m\u00e9diterran\u00e9ens<\/li>\n\n\n\n<li>Participer aux gardes et naviguer \u00e0 la boussole et aux \u00e9toiles<\/li>\n\n\n\n<li>Monter dans la m\u00e2ture et affaler les voiles haut au-dessus du pont<\/li>\n\n\n\n<li>Prendre la barre et guider une fr\u00e9gate en bois de 34 m\u00e8tres sur les mers ouvertes<\/li>\n<\/ul>\n\n\n\n<p>Aucune exp\u00e9rience pr\u00e9alable de la voile n\u2019est n\u00e9cessaire. Notre \u00e9quipage professionnel vous enseignera tout ce qu\u2019il faut savoir.<\/p>\n\n\n\n<p><strong>Naviguez sur les traces des grandes civilisations<\/strong><\/p>\n\n\n\n<p>En vous dirigeant vers l\u2019est le long des c\u00f4tes nord-africaines, vous traverserez des eaux autrefois domin\u00e9es par les Carthaginois, Romains, Arabes et Ottomans. Attendez-vous \u00e0 des couchers de soleil magnifiques, des paysages c\u00f4tiers historiques, et des escales dans des ports riches de milliers d\u2019ann\u00e9es de traditions maritimes.<\/p>\n\n\n\n<p><strong>Rejoignez le Shtandart et vivez la voile comme jamais auparavant<\/strong><\/p>\n\n\n\n<p>Du port tourn\u00e9 vers l\u2019Atlantique de Tanger aux ports historiques de Tunisie, d\u00e9couvrez un voyage rempli de travail d\u2019\u00e9quipe, d\u2019apprentissage et d\u2019aventure. Montez \u00e0 bord du Shtandart \u2014 et naviguez non seulement \u00e0 travers les mers, mais aussi \u00e0 travers le temps.<\/p>\n\n\n\n<p><\/p>\n\n\n\n<p><strong>H\u00e9bergement et Commodit\u00e9s :<\/strong><\/p>\n\n\n\n<p>Choisissez de dormir dans un hamac exactement comme les marins le faisaient il y a trois si\u00e8cles, ou optez pour une bannette. \n\u00c0 terre comme en mer, nous assurons quatre repas par jour.\nLa vie \u00e0 bord est divis\u00e9e en quarts, auxquels vous participerez durant la totalit\u00e9 de s\u00e9jour.<\/p>\n\n\n\n<p class=\" translation-block\">Pour plus d'informations sur la vie \u00e0 bord du navire, visitez \u00a0<a href=\"\/fr\/about-shtandart\/life-on-board\/\" target=\"_self\">cette page<\/a>.<\/p>\n\n\n\n<p class=\" translation-block\">Pr\u00eat \u00e0 naviguer avec nous ? Envoyez une demande \u00e0 <a href=\"mailto:voyage@shtandart.eu\" target=\"_self\">voyage@shtandart.eu<\/a> pour r\u00e9server votre aventure !<\/p>","protected":false},"excerpt":{"rendered":"<p>Departure from: Tanger, MoroccoBoarding: 27\/09 2025, 10:00Destination: Bizerte, TunisiaDisembarkation: 5\/10 2025, 10:00Days on board: 10 Sail from Tanger to Tunisia Aboard the Shtandart Set sail this autumn on a once-in-a-lifetime voyage from the vibrant Moroccan port of&nbsp;Tanger&nbsp;to the storied shores of&nbsp;Tunisia. Aboard the&nbsp;Shtandart&nbsp;\u2014 the replica of an 18th-century frigate \u2014 you\u2019ll navigate the western and [&hellip;]<\/p>","protected":false},"author":990011,"featured_media":0,"parent":0,"menu_order":0,"comment_status":"closed","ping_status":"closed","template":"","meta":{"_themeisle_gutenberg_block_has_review":false,"footnotes":""},"class_list":["post-4823","page","type-page","status-publish","hentry"],"yoast_head":"<!-- This site is optimized with the Yoast SEO plugin v25.5 - https:\/\/yoast.com\/wordpress\/plugins\/seo\/ -->\n<title>Tanger \u2013 Bizerte 27.09 \u2013 5.10.2025 - Shtandart<\/title>\n<meta name=\"robots\" content=\"index, follow, max-snippet:-1, max-image-preview:large, max-video-preview:-1\" \/>\n<link rel=\"canonical\" href=\"https:\/\/shtandart.eu\/fr\/tanger-tunisia-27-09-5-10-2025\/\" \/>\n<meta property=\"og:locale\" content=\"fr_FR\" \/>\n<meta property=\"og:type\" content=\"article\" \/>\n<meta property=\"og:title\" content=\"Tanger \u2013 Bizerte 27.09 \u2013 5.10.2025 - Shtandart\" \/>\n<meta property=\"og:description\" content=\"Departure from: Tanger, MoroccoBoarding: 27\/09 2025, 10:00Destination: Bizerte, TunisiaDisembarkation: 5\/10 2025, 10:00Days on board: 10 Sail from Tanger to Tunisia Aboard the Shtandart Set sail this autumn on a once-in-a-lifetime voyage from the vibrant Moroccan port of&nbsp;Tanger&nbsp;to the storied shores of&nbsp;Tunisia. Aboard the&nbsp;Shtandart&nbsp;\u2014 the replica of an 18th-century frigate \u2014 you\u2019ll navigate the western and [&hellip;]\" \/>\n<meta property=\"og:url\" content=\"https:\/\/shtandart.eu\/fr\/tanger-tunisia-27-09-5-10-2025\/\" \/>\n<meta property=\"og:site_name\" content=\"Shtandart\" \/>\n<meta property=\"article:publisher\" content=\"https:\/\/www.facebook.com\/Frigate.Shtandart\/\" \/>\n<meta property=\"article:modified_time\" content=\"2025-08-26T09:57:58+00:00\" \/>\n<meta name=\"twitter:card\" content=\"summary_large_image\" \/>\n<meta name=\"twitter:label1\" content=\"Dur\u00e9e de lecture estim\u00e9e\" \/>\n\t<meta name=\"twitter:data1\" content=\"2 minutes\" \/>\n<script type=\"application\/ld+json\" class=\"yoast-schema-graph\">{\"@context\":\"https:\/\/schema.org\",\"@graph\":[{\"@type\":\"WebPage\",\"@id\":\"https:\/\/shtandart.eu\/tanger-tunisia-27-09-5-10-2025\/\",\"url\":\"https:\/\/shtandart.eu\/tanger-tunisia-27-09-5-10-2025\/\",\"name\":\"Tanger \u2013 Bizerte 27.09 \u2013 5.10.2025 - Shtandart\",\"isPartOf\":{\"@id\":\"https:\/\/shtandart.eu\/#website\"},\"datePublished\":\"2025-08-14T09:56:56+00:00\",\"dateModified\":\"2025-08-26T09:57:58+00:00\",\"breadcrumb\":{\"@id\":\"https:\/\/shtandart.eu\/tanger-tunisia-27-09-5-10-2025\/#breadcrumb\"},\"inLanguage\":\"fr-FR\",\"potentialAction\":[{\"@type\":\"ReadAction\",\"target\":[\"https:\/\/shtandart.eu\/tanger-tunisia-27-09-5-10-2025\/\"]}]},{\"@type\":\"BreadcrumbList\",\"@id\":\"https:\/\/shtandart.eu\/tanger-tunisia-27-09-5-10-2025\/#breadcrumb\",\"itemListElement\":[{\"@type\":\"ListItem\",\"position\":1,\"name\":\"Home\",\"item\":\"https:\/\/shtandart.eu\/\"},{\"@type\":\"ListItem\",\"position\":2,\"name\":\"Tanger \u2013 Bizerte 27.09 \u2013 5.10.2025\"}]},{\"@type\":\"WebSite\",\"@id\":\"https:\/\/shtandart.eu\/#website\",\"url\":\"https:\/\/shtandart.eu\/\",\"name\":\"Shtandart\",\"description\":\"\",\"publisher\":{\"@id\":\"https:\/\/shtandart.eu\/#organization\"},\"potentialAction\":[{\"@type\":\"SearchAction\",\"target\":{\"@type\":\"EntryPoint\",\"urlTemplate\":\"https:\/\/shtandart.eu\/?s={search_term_string}\"},\"query-input\":{\"@type\":\"PropertyValueSpecification\",\"valueRequired\":true,\"valueName\":\"search_term_string\"}}],\"inLanguage\":\"fr-FR\"},{\"@type\":\"Organization\",\"@id\":\"https:\/\/shtandart.eu\/#organization\",\"name\":\"Shtandart\",\"url\":\"https:\/\/shtandart.eu\/\",\"logo\":{\"@type\":\"ImageObject\",\"inLanguage\":\"fr-FR\",\"@id\":\"https:\/\/shtandart.eu\/#\/schema\/logo\/image\/\",\"url\":\"https:\/\/shtandart.eu\/wp-content\/uploads\/2023\/12\/\u0411\u0435\u0437-\u0438\u043c\u0435\u043d\u0438-2.png\",\"contentUrl\":\"https:\/\/shtandart.eu\/wp-content\/uploads\/2023\/12\/\u0411\u0435\u0437-\u0438\u043c\u0435\u043d\u0438-2.png\",\"width\":512,\"height\":511,\"caption\":\"Shtandart\"},\"image\":{\"@id\":\"https:\/\/shtandart.eu\/#\/schema\/logo\/image\/\"},\"sameAs\":[\"https:\/\/www.facebook.com\/Frigate.Shtandart\/\"]}]}<\/script>\n<!-- \/ Yoast SEO plugin. -->","yoast_head_json":{"title":"Tanger \u2013 Bizerte 27.09 \u2013 5.10.2025 - Shtandart","robots":{"index":"index","follow":"follow","max-snippet":"max-snippet:-1","max-image-preview":"max-image-preview:large","max-video-preview":"max-video-preview:-1"},"canonical":"https:\/\/shtandart.eu\/fr\/tanger-tunisia-27-09-5-10-2025\/","og_locale":"fr_FR","og_type":"article","og_title":"Tanger \u2013 Bizerte 27.09 \u2013 5.10.2025 - Shtandart","og_description":"Departure from: Tanger, MoroccoBoarding: 27\/09 2025, 10:00Destination: Bizerte, TunisiaDisembarkation: 5\/10 2025, 10:00Days on board: 10 Sail from Tanger to Tunisia Aboard the Shtandart Set sail this autumn on a once-in-a-lifetime voyage from the vibrant Moroccan port of&nbsp;Tanger&nbsp;to the storied shores of&nbsp;Tunisia. Aboard the&nbsp;Shtandart&nbsp;\u2014 the replica of an 18th-century frigate \u2014 you\u2019ll navigate the western and [&hellip;]","og_url":"https:\/\/shtandart.eu\/fr\/tanger-tunisia-27-09-5-10-2025\/","og_site_name":"Shtandart","article_publisher":"https:\/\/www.facebook.com\/Frigate.Shtandart\/","article_modified_time":"2025-08-26T09:57:58+00:00","twitter_card":"summary_large_image","twitter_misc":{"Dur\u00e9e de lecture estim\u00e9e":"2 minutes"},"schema":{"@context":"https:\/\/schema.org","@graph":[{"@type":"WebPage","@id":"https:\/\/shtandart.eu\/tanger-tunisia-27-09-5-10-2025\/","url":"https:\/\/shtandart.eu\/tanger-tunisia-27-09-5-10-2025\/","name":"Tanger \u2013 Bizerte 27.09 \u2013 5.10.2025 - Shtandart","isPartOf":{"@id":"https:\/\/shtandart.eu\/#website"},"datePublished":"2025-08-14T09:56:56+00:00","dateModified":"2025-08-26T09:57:58+00:00","breadcrumb":{"@id":"https:\/\/shtandart.eu\/tanger-tunisia-27-09-5-10-2025\/#breadcrumb"},"inLanguage":"fr-FR","potentialAction":[{"@type":"ReadAction","target":["https:\/\/shtandart.eu\/tanger-tunisia-27-09-5-10-2025\/"]}]},{"@type":"BreadcrumbList","@id":"https:\/\/shtandart.eu\/tanger-tunisia-27-09-5-10-2025\/#breadcrumb","itemListElement":[{"@type":"ListItem","position":1,"name":"Home","item":"https:\/\/shtandart.eu\/"},{"@type":"ListItem","position":2,"name":"Tanger \u2013 Bizerte 27.09 \u2013 5.10.2025"}]},{"@type":"WebSite","@id":"https:\/\/shtandart.eu\/#website","url":"https:\/\/shtandart.eu\/","name":"Shtandart","description":"","publisher":{"@id":"https:\/\/shtandart.eu\/#organization"},"potentialAction":[{"@type":"SearchAction","target":{"@type":"EntryPoint","urlTemplate":"https:\/\/shtandart.eu\/?s={search_term_string}"},"query-input":{"@type":"PropertyValueSpecification","valueRequired":true,"valueName":"search_term_string"}}],"inLanguage":"fr-FR"},{"@type":"Organization","@id":"https:\/\/shtandart.eu\/#organization","name":"Shtandart","url":"https:\/\/shtandart.eu\/","logo":{"@type":"ImageObject","inLanguage":"fr-FR","@id":"https:\/\/shtandart.eu\/#\/schema\/logo\/image\/","url":"https:\/\/shtandart.eu\/wp-content\/uploads\/2023\/12\/\u0411\u0435\u0437-\u0438\u043c\u0435\u043d\u0438-2.png","contentUrl":"https:\/\/shtandart.eu\/wp-content\/uploads\/2023\/12\/\u0411\u0435\u0437-\u0438\u043c\u0435\u043d\u0438-2.png","width":512,"height":511,"caption":"Shtandart"},"image":{"@id":"https:\/\/shtandart.eu\/#\/schema\/logo\/image\/"},"sameAs":["https:\/\/www.facebook.com\/Frigate.Shtandart\/"]}]}},"_links":{"self":[{"href":"https:\/\/shtandart.eu\/fr\/wp-json\/wp\/v2\/pages\/4823","targetHints":{"allow":["GET"]}}],"collection":[{"href":"https:\/\/shtandart.eu\/fr\/wp-json\/wp\/v2\/pages"}],"about":[{"href":"https:\/\/shtandart.eu\/fr\/wp-json\/wp\/v2\/types\/page"}],"author":[{"embeddable":true,"href":"https:\/\/shtandart.eu\/fr\/wp-json\/wp\/v2\/users\/990011"}],"replies":[{"embeddable":true,"href":"https:\/\/shtandart.eu\/fr\/wp-json\/wp\/v2\/comments?post=4823"}],"version-history":[{"count":4,"href":"https:\/\/shtandart.eu\/fr\/wp-json\/wp\/v2\/pages\/4823\/revisions"}],"predecessor-version":[{"id":4855,"href":"https:\/\/shtandart.eu\/fr\/wp-json\/wp\/v2\/pages\/4823\/revisions\/4855"}],"wp:attachment":[{"href":"https:\/\/shtandart.eu\/fr\/wp-json\/wp\/v2\/media?parent=4823"}],"curies":[{"name":"wp","href":"https:\/\/api.w.org\/{rel}","templated":true}]}}