{"id":47,"date":"2016-04-26T11:28:04","date_gmt":"2016-04-26T11:28:04","guid":{"rendered":"https:\/\/shtandart.xyz\/?page_id=47"},"modified":"2023-11-24T17:35:18","modified_gmt":"2023-11-24T16:35:18","slug":"visit-shtandart-ship","status":"publish","type":"page","link":"https:\/\/shtandart.eu\/fr\/visit-shtandart-ship\/","title":{"rendered":"Visiter"},"content":{"rendered":"<div class=\"wpb-content-wrapper\"><div class=\"vc_row wpb_row vc_row-fluid\"><div class=\"wpb_column vc_column_container vc_col-sm-12\"><div class=\"vc_column-inner vc_custom_1462789849557\"><div class=\"wpb_wrapper\"><div class=\"sc_section margin_top_null margin_bottom_huge aligncenter\"><div class=\"sc_section_inner\"><h5 class=\"sc_section_subtitle sc_item_subtitle\">Planifiez votre visite!<\/h5><h1 class=\"sc_section_title sc_item_title\">Bienvenue au Shtandart<\/h1><div class=\"sc_section_content_wrap\"><div id=\"sc_services_1457823805_wrap\" class=\"sc_services_wrap\"><div id=\"sc_services_1457823805\" class=\"sc_services sc_services_style_services-1 sc_services_type_images  margin_top_large margin_bottom_medium\" style=\"width:100%;\"><div class=\"sc_columns columns_wrap\"><div class=\"column-1_3 column_padding_bottom\">\t\t\t<div id=\"sc_services_1457823805_1\"\t\t\t\tclass=\"sc_services_item sc_services_item_1 odd first\"\n\t\t\t\t>\n\t\t\t\t\t\t\t\t\t<div class=\"sc_services_item_featured post_featured\">\n\t\t\t\t\t\t\t<div class=\"post_thumb\" data-image=\"https:\/\/shtandart.eu\/wp-content\/uploads\/2023\/11\/visit.jpg\" data-title=\"Visit Shtandart in a port\">\n\t<a class=\"hover_icon hover_icon_link\" href=\"https:\/\/shtandart.eu\/fr\/services\/visit-shtandart-in-a-port\/\"><img loading=\"lazy\" decoding=\"async\" class=\"wp-post-image\" width=\"740\" height=\"560\" alt=\"Visit Shtandart in a port\" src=\"https:\/\/shtandart.eu\/wp-content\/uploads\/2023\/11\/visit-740x560.jpg\"><\/a>\t<\/div>\n\t\t\t\t\t\t<\/div>\n\t\t\t\t\t\t\t\t\t<div class=\"sc_services_item_content\">\n\t\t\t\t\t<h4 class=\"sc_services_item_title\"><a href=\"https:\/\/shtandart.eu\/fr\/services\/visit-shtandart-in-a-port\/\">Visitez le Shtandart \u00e0 quai<\/a><\/h4>\n\t\t\t\t\t<div class=\"sc_services_item_description\">\n\t\t\t\t\t\t<p>D\u00e9couvrez la fr\u00e9gate en visite libre ! Immergez-vous dans le monde merveilleux des navires du XVIIIe si\u00e8cle.<\/p><a href=\"https:\/\/shtandart.eu\/fr\/services\/visit-shtandart-in-a-port\/\" class=\"sc_services_item_readmore\">En savoir plus<\/a>\t\t\t\t\t<\/div>\n\t\t\t\t<\/div>\n\t\t\t<\/div>\n\t\t<\/div><div class=\"column-1_3 column_padding_bottom\">\t\t\t<div id=\"sc_services_1457823805_2\"\t\t\t\tclass=\"sc_services_item sc_services_item_2 even\"\n\t\t\t\t>\n\t\t\t\t\t\t\t\t\t<div class=\"sc_services_item_featured post_featured\">\n\t\t\t\t\t\t\t<div class=\"post_thumb\" data-image=\"https:\/\/shtandart.eu\/wp-content\/uploads\/2023\/11\/Shtandart_Brest-Rouen_06052023_1402.jpg\" data-title=\"Book your private tour\">\n\t<a class=\"hover_icon hover_icon_link\" href=\"https:\/\/shtandart.eu\/fr\/services\/book-your-private-tour\/\"><img loading=\"lazy\" decoding=\"async\" class=\"wp-post-image\" width=\"740\" height=\"560\" alt=\"Book your private tour\" src=\"https:\/\/shtandart.eu\/wp-content\/uploads\/2023\/11\/Shtandart_Brest-Rouen_06052023_1402-740x560.jpg\"><\/a>\t<\/div>\n\t\t\t\t\t\t<\/div>\n\t\t\t\t\t\t\t\t\t<div class=\"sc_services_item_content\">\n\t\t\t\t\t<h4 class=\"sc_services_item_title\"><a href=\"https:\/\/shtandart.eu\/fr\/services\/book-your-private-tour\/\">R\u00e9server une visite priv\u00e9e<\/a><\/h4>\n\t\t\t\t\t<div class=\"sc_services_item_description\">\n\t\t\t\t\t\t<p>Explorez l'histoire de la navigation au XVIIIe si\u00e8cle avec notre \u00e9quipage !<\/p><a href=\"https:\/\/shtandart.eu\/fr\/services\/book-your-private-tour\/\" class=\"sc_services_item_readmore\">En savoir plus<\/a>\t\t\t\t\t<\/div>\n\t\t\t\t<\/div>\n\t\t\t<\/div>\n\t\t<\/div><div class=\"column-1_3 column_padding_bottom\">\t\t\t<div id=\"sc_services_1457823805_3\"\t\t\t\tclass=\"sc_services_item sc_services_item_3 odd\"\n\t\t\t\t>\n\t\t\t\t\t\t\t\t\t<div class=\"sc_services_item_featured post_featured\">\n\t\t\t\t\t\t\t<div class=\"post_thumb\" data-image=\"https:\/\/shtandart.eu\/wp-content\/uploads\/2023\/10\/IuwR_0QvBtk.jpg\" data-title=\"Become a volunteer\">\n\t<a class=\"hover_icon hover_icon_link\" href=\"https:\/\/shtandart.eu\/fr\/services\/volunteers\/\"><img loading=\"lazy\" decoding=\"async\" class=\"wp-post-image\" width=\"740\" height=\"560\" alt=\"Become a volunteer\" src=\"https:\/\/shtandart.eu\/wp-content\/uploads\/2023\/10\/IuwR_0QvBtk-740x560.jpg\"><\/a>\t<\/div>\n\t\t\t\t\t\t<\/div>\n\t\t\t\t\t\t\t\t\t<div class=\"sc_services_item_content\">\n\t\t\t\t\t<h4 class=\"sc_services_item_title\"><a href=\"https:\/\/shtandart.eu\/fr\/services\/volunteers\/\">Devenir b\u00e9n\u00e9vole<\/a><\/h4>\n\t\t\t\t\t<div class=\"sc_services_item_description\">\n\t\t\t\t\t\t<p>Le navire a \u00e9t\u00e9 construit par des passionn\u00e9s de construction navale et survit gr\u00e2ce \u00e0 l'aide b\u00e9n\u00e9vole.<\/p><a href=\"https:\/\/shtandart.eu\/fr\/services\/volunteers\/\" class=\"sc_services_item_readmore\">En savoir plus<\/a>\t\t\t\t\t<\/div>\n\t\t\t\t<\/div>\n\t\t\t<\/div>\n\t\t<\/div><\/div><\/div><!-- \/.sc_services --><\/div><!-- \/.sc_services_wrap --><\/div><\/div><\/div><\/div><\/div><\/div><\/div>\n<\/div>","protected":false},"excerpt":{"rendered":"The volunteering program on the Shtandart is for those who \u2014 has time, energy, and great will to become a member of the ship\u2019s crew, dreams to find friends and team-mates from different countries and to become a part of a close team, would like to learn something new, is fond of the sea, sailing, [...]","protected":false},"author":1,"featured_media":0,"parent":0,"menu_order":0,"comment_status":"closed","ping_status":"closed","template":"","meta":{"_themeisle_gutenberg_block_has_review":false,"footnotes":""},"class_list":["post-47","page","type-page","status-publish","hentry"],"yoast_head":"<!-- This site is optimized with the Yoast SEO plugin v25.5 - https:\/\/yoast.com\/wordpress\/plugins\/seo\/ -->\n<title>Visit Shtandart - Shtandart<\/title>\n<meta name=\"robots\" content=\"index, follow, max-snippet:-1, max-image-preview:large, max-video-preview:-1\" \/>\n<link rel=\"canonical\" href=\"https:\/\/shtandart.eu\/fr\/visit-shtandart-ship\/\" \/>\n<meta property=\"og:locale\" content=\"fr_FR\" \/>\n<meta property=\"og:type\" content=\"article\" \/>\n<meta property=\"og:title\" content=\"Visit Shtandart - Shtandart\" \/>\n<meta property=\"og:url\" content=\"https:\/\/shtandart.eu\/fr\/visit-shtandart-ship\/\" \/>\n<meta property=\"og:site_name\" content=\"Shtandart\" \/>\n<meta property=\"article:publisher\" content=\"https:\/\/www.facebook.com\/Frigate.Shtandart\/\" \/>\n<meta property=\"article:modified_time\" content=\"2023-11-24T16:35:18+00:00\" \/>\n<meta name=\"twitter:card\" content=\"summary_large_image\" \/>\n<script type=\"application\/ld+json\" class=\"yoast-schema-graph\">{\"@context\":\"https:\/\/schema.org\",\"@graph\":[{\"@type\":\"WebPage\",\"@id\":\"https:\/\/shtandart.eu\/visit-shtandart-ship\/\",\"url\":\"https:\/\/shtandart.eu\/visit-shtandart-ship\/\",\"name\":\"Visit Shtandart - Shtandart\",\"isPartOf\":{\"@id\":\"https:\/\/shtandart.eu\/#website\"},\"datePublished\":\"2016-04-26T11:28:04+00:00\",\"dateModified\":\"2023-11-24T16:35:18+00:00\",\"breadcrumb\":{\"@id\":\"https:\/\/shtandart.eu\/visit-shtandart-ship\/#breadcrumb\"},\"inLanguage\":\"fr-FR\",\"potentialAction\":[{\"@type\":\"ReadAction\",\"target\":[\"https:\/\/shtandart.eu\/visit-shtandart-ship\/\"]}]},{\"@type\":\"BreadcrumbList\",\"@id\":\"https:\/\/shtandart.eu\/visit-shtandart-ship\/#breadcrumb\",\"itemListElement\":[{\"@type\":\"ListItem\",\"position\":1,\"name\":\"Home\",\"item\":\"https:\/\/shtandart.eu\/\"},{\"@type\":\"ListItem\",\"position\":2,\"name\":\"Visit Shtandart\"}]},{\"@type\":\"WebSite\",\"@id\":\"https:\/\/shtandart.eu\/#website\",\"url\":\"https:\/\/shtandart.eu\/\",\"name\":\"Shtandart\",\"description\":\"\",\"publisher\":{\"@id\":\"https:\/\/shtandart.eu\/#organization\"},\"potentialAction\":[{\"@type\":\"SearchAction\",\"target\":{\"@type\":\"EntryPoint\",\"urlTemplate\":\"https:\/\/shtandart.eu\/?s={search_term_string}\"},\"query-input\":{\"@type\":\"PropertyValueSpecification\",\"valueRequired\":true,\"valueName\":\"search_term_string\"}}],\"inLanguage\":\"fr-FR\"},{\"@type\":\"Organization\",\"@id\":\"https:\/\/shtandart.eu\/#organization\",\"name\":\"Shtandart\",\"url\":\"https:\/\/shtandart.eu\/\",\"logo\":{\"@type\":\"ImageObject\",\"inLanguage\":\"fr-FR\",\"@id\":\"https:\/\/shtandart.eu\/#\/schema\/logo\/image\/\",\"url\":\"https:\/\/shtandart.eu\/wp-content\/uploads\/2023\/12\/\u0411\u0435\u0437-\u0438\u043c\u0435\u043d\u0438-2.png\",\"contentUrl\":\"https:\/\/shtandart.eu\/wp-content\/uploads\/2023\/12\/\u0411\u0435\u0437-\u0438\u043c\u0435\u043d\u0438-2.png\",\"width\":512,\"height\":511,\"caption\":\"Shtandart\"},\"image\":{\"@id\":\"https:\/\/shtandart.eu\/#\/schema\/logo\/image\/\"},\"sameAs\":[\"https:\/\/www.facebook.com\/Frigate.Shtandart\/\"]}]}<\/script>\n<!-- \/ Yoast SEO plugin. -->","yoast_head_json":{"title":"Visit Shtandart - Shtandart","robots":{"index":"index","follow":"follow","max-snippet":"max-snippet:-1","max-image-preview":"max-image-preview:large","max-video-preview":"max-video-preview:-1"},"canonical":"https:\/\/shtandart.eu\/fr\/visit-shtandart-ship\/","og_locale":"fr_FR","og_type":"article","og_title":"Visit Shtandart - Shtandart","og_url":"https:\/\/shtandart.eu\/fr\/visit-shtandart-ship\/","og_site_name":"Shtandart","article_publisher":"https:\/\/www.facebook.com\/Frigate.Shtandart\/","article_modified_time":"2023-11-24T16:35:18+00:00","twitter_card":"summary_large_image","schema":{"@context":"https:\/\/schema.org","@graph":[{"@type":"WebPage","@id":"https:\/\/shtandart.eu\/visit-shtandart-ship\/","url":"https:\/\/shtandart.eu\/visit-shtandart-ship\/","name":"Visit Shtandart - Shtandart","isPartOf":{"@id":"https:\/\/shtandart.eu\/#website"},"datePublished":"2016-04-26T11:28:04+00:00","dateModified":"2023-11-24T16:35:18+00:00","breadcrumb":{"@id":"https:\/\/shtandart.eu\/visit-shtandart-ship\/#breadcrumb"},"inLanguage":"fr-FR","potentialAction":[{"@type":"ReadAction","target":["https:\/\/shtandart.eu\/visit-shtandart-ship\/"]}]},{"@type":"BreadcrumbList","@id":"https:\/\/shtandart.eu\/visit-shtandart-ship\/#breadcrumb","itemListElement":[{"@type":"ListItem","position":1,"name":"Home","item":"https:\/\/shtandart.eu\/"},{"@type":"ListItem","position":2,"name":"Visit Shtandart"}]},{"@type":"WebSite","@id":"https:\/\/shtandart.eu\/#website","url":"https:\/\/shtandart.eu\/","name":"Shtandart","description":"","publisher":{"@id":"https:\/\/shtandart.eu\/#organization"},"potentialAction":[{"@type":"SearchAction","target":{"@type":"EntryPoint","urlTemplate":"https:\/\/shtandart.eu\/?s={search_term_string}"},"query-input":{"@type":"PropertyValueSpecification","valueRequired":true,"valueName":"search_term_string"}}],"inLanguage":"fr-FR"},{"@type":"Organization","@id":"https:\/\/shtandart.eu\/#organization","name":"Shtandart","url":"https:\/\/shtandart.eu\/","logo":{"@type":"ImageObject","inLanguage":"fr-FR","@id":"https:\/\/shtandart.eu\/#\/schema\/logo\/image\/","url":"https:\/\/shtandart.eu\/wp-content\/uploads\/2023\/12\/\u0411\u0435\u0437-\u0438\u043c\u0435\u043d\u0438-2.png","contentUrl":"https:\/\/shtandart.eu\/wp-content\/uploads\/2023\/12\/\u0411\u0435\u0437-\u0438\u043c\u0435\u043d\u0438-2.png","width":512,"height":511,"caption":"Shtandart"},"image":{"@id":"https:\/\/shtandart.eu\/#\/schema\/logo\/image\/"},"sameAs":["https:\/\/www.facebook.com\/Frigate.Shtandart\/"]}]}},"_links":{"self":[{"href":"https:\/\/shtandart.eu\/fr\/wp-json\/wp\/v2\/pages\/47","targetHints":{"allow":["GET"]}}],"collection":[{"href":"https:\/\/shtandart.eu\/fr\/wp-json\/wp\/v2\/pages"}],"about":[{"href":"https:\/\/shtandart.eu\/fr\/wp-json\/wp\/v2\/types\/page"}],"author":[{"embeddable":true,"href":"https:\/\/shtandart.eu\/fr\/wp-json\/wp\/v2\/users\/1"}],"replies":[{"embeddable":true,"href":"https:\/\/shtandart.eu\/fr\/wp-json\/wp\/v2\/comments?post=47"}],"version-history":[{"count":15,"href":"https:\/\/shtandart.eu\/fr\/wp-json\/wp\/v2\/pages\/47\/revisions"}],"predecessor-version":[{"id":2675,"href":"https:\/\/shtandart.eu\/fr\/wp-json\/wp\/v2\/pages\/47\/revisions\/2675"}],"wp:attachment":[{"href":"https:\/\/shtandart.eu\/fr\/wp-json\/wp\/v2\/media?parent=47"}],"curies":[{"name":"wp","href":"https:\/\/api.w.org\/{rel}","templated":true}]}}