{"id":4496,"date":"2025-05-15T13:24:46","date_gmt":"2025-05-15T11:24:46","guid":{"rendered":"https:\/\/shtandart.eu\/?page_id=4496"},"modified":"2025-07-05T21:17:08","modified_gmt":"2025-07-05T19:17:08","slug":"lettre-ouverte-a-ladministration-maritime","status":"publish","type":"page","link":"https:\/\/shtandart.eu\/fr\/lettre-ouverte-a-ladministration-maritime\/","title":{"rendered":"Lettre ouverte \u00e0 l\u2019administration maritime fran\u00e7aise"},"content":{"rendered":"<p class=\"has-text-align-right\"><strong>Martus TV GmbH<\/strong><br><strong>Vladimir Martus, Pr\u00e9sident<\/strong><\/p>\n\n\n\n<p><strong><strong>Objet : Demande de clarification concernant la situation du navire-\u00e9cole Shtandart<\/strong><\/strong><\/p>\n\n\n\n<p><strong>La Rochelle, le 15 mai 2025<\/strong><\/p>\n\n\n\n<p><\/p>\n\n\n\n<p>Madame, Monsieur,<\/p>\n\n\n\n<p>Nous sommes conscients que les autorit\u00e9s maritimes fran\u00e7aises re\u00e7oivent r\u00e9guli\u00e8rement des courriers de M. Bernard Grua, agissant sous le nom du collectif \u00ab\u202fNo Shtandart in Europe\u202f\u00bb, et nous le regrettons sinc\u00e8rement. Il s\u2019agit manifestement d\u2019une d\u00e9marche individuelle, n\u2019h\u00e9sitant pas \u00e0 solliciter des associations ukrainiennes pour appuyer ses prises de position. Sa communication, particuli\u00e8rement virulente, vise \u00e0 emp\u00eacher, par tous les moyens, la pr\u00e9sence du Shtandart dans les ports fran\u00e7ais.<\/p>\n\n\n\n<p>Depuis maintenant trois ans, le capitaine du Shtandart et son navire sont la cible d\u2019une campagne continue de menaces, d\u2019accusations infond\u00e9es, d\u2019intimidation et de harc\u00e8lement de la part de M. Grua, aliment\u00e9e par des convictions personnelles radicales.<\/p>\n\n\n\n<p>Le 24 juin 2024, ce pr\u00e9tendu collectif a publiquement revendiqu\u00e9, via un post sur les r\u00e9seaux sociaux, son r\u00f4le dans l\u2019inclusion des r\u00e9pliques de navires historiques dans les sanctions europ\u00e9ennes (D\u00e9cision PESC 2024\/1744), qualifiant cette \u00e9volution de \u00ab\u202fvictoire\u202f\u00bb. Depuis, M. Grua semble avoir fait de l\u2019application de cette sanction une mission personnelle, surveillant chaque d\u00e9placement du navire et intervenant syst\u00e9matiquement aupr\u00e8s des autorit\u00e9s, des m\u00e9dias et des organisateurs d\u00e8s qu\u2019une escale est envisag\u00e9e.<\/p>\n\n\n\n<p>Mais au-del\u00e0 du navire lui-m\u00eame, cette campagne s\u2019est progressivement \u00e9tendue \u00e0 toute personne ou institution exprimant un quelconque soutien au Shtandart. Tous peuvent \u2013 ou ont pu \u2013 faire l\u2019objet de publications hostiles, souvent diffamatoires, parfois assorties de menaces, visant \u00e0 isoler le Shtandart et \u00e0 d\u00e9courager toute forme de solidarit\u00e9.<\/p>\n\n\n\n<p>Il nous semble donc indispensable de rappeler ici les faits essentiels \u00e0 une prise de d\u00e9cision juridique objective et conforme aux responsabilit\u00e9s qui sont les v\u00f4tres :<\/p>\n\n\n\n<ul class=\"wp-block-list\">\n<li>Le Shtandart est la propri\u00e9t\u00e9 d\u2019un citoyen de l\u2019Union europ\u00e9enne. Son capitaine et gestionnaire, M. Vladimir Martus, r\u00e9side de mani\u00e8re permanente en Europe depuis 2011. Il n\u2019entretient aucun lien avec la F\u00e9d\u00e9ration de Russie ni avec ses dirigeants. Le navire n\u2019a pu obtenir de pavillon d\u2019un \u00c9tat membre de l\u2019Union pour des raisons strictement administratives, bien que cette d\u00e9marche reste active.<\/li>\n\n\n\n<li>Jamais le Shtandart, ni son capitaine, ni son \u00e9quipage, n\u2019ont exprim\u00e9 de soutien au pr\u00e9sident Poutine, \u00e0 sa politique ou \u00e0 la guerre en Ukraine. Toutes les publications officielles du navire \u2013 accessibles sur les pages Facebook (<a href=\"https:\/\/www.facebook.com\/Frigate.Shtandart\" target=\"_blank\" rel=\"noreferrer noopener\">https:\/\/www.facebook.com\/Frigate.Shtandart<\/a>) et Instagram (<a href=\"https:\/\/www.instagram.com\/frigate_shtandart\/\" target=\"_blank\" rel=\"noreferrer noopener\">https:\/\/www.instagram.com\/frigate_shtandart\/<\/a>) \u2013 sont totalement exemptes de toute forme de propagande. \u00c0 l\u2019inverse, les publications de M. Grua, au nom de son collectif, utilisent r\u00e9guli\u00e8rement des symboles russes \u00e0 des fins pol\u00e9miques.<\/li>\n\n\n\n<li>Construit \u00e0 Saint-P\u00e9tersbourg en 1999 avec le soutien d\u2019ambassades europ\u00e9ennes et sous le patronage des monarchies britannique et n\u00e9erlandaise, le Shtandart a quitt\u00e9 les eaux et la juridiction russes en 2009 pour des raisons politiques claires et n\u2019y est jamais retourn\u00e9. Il peut \u00e0 juste titre \u00eatre consid\u00e9r\u00e9 comme un navire dissident.<\/li>\n\n\n\n<li>En tant que r\u00e9plique rare d\u2019un navire patrimonial, le Shtandart a \u00e9t\u00e9 accueilli avec enthousiasme dans de nombreux festivals maritimes europ\u00e9ens, attirant un large public et contribuant activement \u00e0 la transmission de la m\u00e9moire maritime.<\/li>\n\n\n\n<li>Plus de 8\u202f000 personnes ont exprim\u00e9 leur soutien \u00e0 sa mission via la p\u00e9tition (<a href=\"http:\/\/www.change.org\/p\/help-preserve-the-piece-of-world-s-cultural-heritage-frigate-shtandart\" target=\"_blank\" rel=\"noreferrer noopener\">www.change.org\/p\/help-preserve-the-piece-of-world-s-cultural-heritage-frigate-shtandart<\/a>), et plusieurs associations, dont MOR GLAZ (<a href=\"https:\/\/morglaz.org\/lassociation-mor-glaz-souhaite-et-demande-aux-autorites-francaises-de-resister-face-a-quelques-opposants-aux-escales-du-shtandart-daccorder-les-autorisations\/\" target=\"_blank\" rel=\"noreferrer noopener\">https:\/\/morglaz.org\/lassociation-mor-glaz-souhaite-et-demande-aux-autorites-francaises-de-resister-face-a-quelques-opposants-aux-escales-du-shtandart-daccorder-les-autorisations\/<\/a>) soutiennent sa pr\u00e9sence dans les ports fran\u00e7ais.<\/li>\n\n\n\n<li>Le Shtandart rassemble des personnes de diff\u00e9rentes nationalit\u00e9s autour de la passion de la mer, de la navigation et de la coop\u00e9ration. Son \u00e9quipage est toujours international, comme en t\u00e9moignent les listes d\u2019\u00e9quipage r\u00e9guli\u00e8rement transmises \u00e0 l\u2019administration maritime fran\u00e7aise.<\/li>\n\n\n\n<li>En dehors des festivals, le navire fonctionne comme \u00e9cole de voile, formant de jeunes marins et contribuant concr\u00e8tement \u00e0 la rel\u00e8ve de la fili\u00e8re maritime europ\u00e9enne. Des t\u00e9moignages sont disponibles sur son site officiel : <a href=\"https:\/\/shtandart.eu\/fr\/choice-of-profession\/\" target=\"_blank\" rel=\"noreferrer noopener\">https:\/\/shtandart.eu\/fr\/choice-of-profession\/<\/a>.<\/li>\n\n\n\n<li>Les autorit\u00e9s maritimes fran\u00e7aises ont d\u00e9j\u00e0 confirm\u00e9 \u00e0 plusieurs reprises (courrier DNRED du 23\/01\/2023, lettre de M. De Beauregard du 18\/04\/2024, etc.) que le navire ne tombe pas sous le coup des sanctions pr\u00e9vues par le r\u00e8glement europ\u00e9en n\u00b0833\/2014. L\u2019ajout des r\u00e9pliques historiques dans la d\u00e9cision PESC 2024\/1744 semble r\u00e9pondre \u00e0 des consid\u00e9rations diplomatiques, en r\u00e9ponse \u00e0 des demandes de la partie ukrainienne, sans qu\u2019une justification juridique claire ait \u00e9t\u00e9 formul\u00e9e. Il est \u00e0 ajouter que ces d\u00e9cisions ont \u00e9t\u00e9 prises apr\u00e8s que le navire Shtandart a chang\u00e9 de pavillon au profit d\u2019un pavillon des \u00celes Cook.<\/li>\n\n\n\n<li>Les motifs de l\u2019interdiction d\u2019escale pour les r\u00e9pliques historiques sont absents du texte, et leur lien avec l\u2019objectif d\u00e9clar\u00e9 des sanctions (r\u00e9duction des ressources finan\u00e7ant la guerre russe) n\u2019est nullement d\u00e9montr\u00e9. Ces failles, ainsi que d\u2019autres manquements au droit de l\u2019Union, justifient pleinement le recours actuellement en cours devant la Cour de justice de l\u2019Union europ\u00e9enne, dont l\u2019audience est pr\u00e9vue dans les mois \u00e0 venir.<\/li>\n\n\n\n<li>Depuis sa cr\u00e9ation, y compris ces trois derni\u00e8res ann\u00e9es, la pr\u00e9sence du Shtandart dans les ports europ\u00e9ens n\u2019a jamais donn\u00e9 lieu au moindre incident susceptible de troubler l\u2019ordre public.<\/li>\n<\/ul>\n\n\n\n<p>Afin de ne pas entretenir un climat d\u2019hostilit\u00e9, nous avons choisi jusqu\u2019\u00e0 pr\u00e9sent de ne pas r\u00e9pondre publiquement aux attaques calomnieuses visant le navire ou son capitaine. Toutefois, nous avons \u00e9t\u00e9 contraints de signaler aux autorit\u00e9s comp\u00e9tentes (parquet de Nantes, police de La Rochelle) des menaces explicites de mort et d\u2019atteinte \u00e0 la s\u00e9curit\u00e9 de l\u2019\u00e9quipage, prof\u00e9r\u00e9es publiquement par M. Grua.<\/p>\n\n\n\n<p>Compte tenu de l\u2019ensemble de ces \u00e9l\u00e9ments, nous vous remercions de l\u2019attention que vous porterez \u00e0 cette requ\u00eate. Nous esp\u00e9rons sinc\u00e8rement que votre administration continuera de permettre au Shtandart, navire-\u00e9cole europ\u00e9en, respectueux des lois et porteur de valeurs de paix et d\u2019unit\u00e9, de participer aux festivals maritimes organis\u00e9s en France.<\/p>\n\n\n\n<p>Tous les documents mentionn\u00e9s dans cette lettre peuvent \u00eatre transmis sur simple demande.<\/p>\n\n\n\n<p>Sincerely,<br><strong>Vladimir MARTUS<\/strong><br>Pr\u00e9sident de Martus TV GmbH<\/p>\n\n\n\n<p><a href=\"https:\/\/shtandart.eu\/wp-content\/uploads\/2025\/05\/Lettre_ouverte.pdf\">Lettre ouverte.pdf<\/a><\/p>","protected":false},"excerpt":{"rendered":"<p>Martus TV GmbHVladimir MARTUS, President Subject: Request for Clarification Regarding the Training Ship Shtandart La Rochelle, May 15, 2025 Dear Sir or Madam, We are aware that the French maritime authorities are regularly receiving letters from Mr. Bernard Grua, who acts under the name of the group &#8220;No Shtandart in Europe&#8221;, and we deeply regret [&hellip;]<\/p>","protected":false},"author":990016,"featured_media":0,"parent":0,"menu_order":0,"comment_status":"closed","ping_status":"closed","template":"","meta":{"_themeisle_gutenberg_block_has_review":false,"footnotes":""},"class_list":["post-4496","page","type-page","status-publish","hentry"],"yoast_head":"<!-- This site is optimized with the Yoast SEO plugin v25.5 - https:\/\/yoast.com\/wordpress\/plugins\/seo\/ -->\n<title>Open letter to French Maritime Administration - Shtandart<\/title>\n<meta name=\"robots\" content=\"index, follow, max-snippet:-1, max-image-preview:large, max-video-preview:-1\" \/>\n<link rel=\"canonical\" href=\"https:\/\/shtandart.eu\/fr\/lettre-ouverte-a-ladministration-maritime\/\" \/>\n<meta property=\"og:locale\" content=\"fr_FR\" \/>\n<meta property=\"og:type\" content=\"article\" \/>\n<meta property=\"og:title\" content=\"Open letter to French Maritime Administration - Shtandart\" \/>\n<meta property=\"og:description\" content=\"Martus TV GmbHVladimir MARTUS, President Subject: Request for Clarification Regarding the Training Ship Shtandart La Rochelle, May 15, 2025 Dear Sir or Madam, We are aware that the French maritime authorities are regularly receiving letters from Mr. Bernard Grua, who acts under the name of the group &#8220;No Shtandart in Europe&#8221;, and we deeply regret [&hellip;]\" \/>\n<meta property=\"og:url\" content=\"https:\/\/shtandart.eu\/fr\/lettre-ouverte-a-ladministration-maritime\/\" \/>\n<meta property=\"og:site_name\" content=\"Shtandart\" \/>\n<meta property=\"article:publisher\" content=\"https:\/\/www.facebook.com\/Frigate.Shtandart\/\" \/>\n<meta property=\"article:modified_time\" content=\"2025-07-05T19:17:08+00:00\" \/>\n<meta name=\"twitter:card\" content=\"summary_large_image\" \/>\n<meta name=\"twitter:label1\" content=\"Dur\u00e9e de lecture estim\u00e9e\" \/>\n\t<meta name=\"twitter:data1\" content=\"4 minutes\" \/>\n<script type=\"application\/ld+json\" class=\"yoast-schema-graph\">{\"@context\":\"https:\/\/schema.org\",\"@graph\":[{\"@type\":\"WebPage\",\"@id\":\"https:\/\/shtandart.eu\/lettre-ouverte-a-ladministration-maritime\/\",\"url\":\"https:\/\/shtandart.eu\/lettre-ouverte-a-ladministration-maritime\/\",\"name\":\"Open letter to French Maritime Administration - Shtandart\",\"isPartOf\":{\"@id\":\"https:\/\/shtandart.eu\/#website\"},\"datePublished\":\"2025-05-15T11:24:46+00:00\",\"dateModified\":\"2025-07-05T19:17:08+00:00\",\"breadcrumb\":{\"@id\":\"https:\/\/shtandart.eu\/lettre-ouverte-a-ladministration-maritime\/#breadcrumb\"},\"inLanguage\":\"fr-FR\",\"potentialAction\":[{\"@type\":\"ReadAction\",\"target\":[\"https:\/\/shtandart.eu\/lettre-ouverte-a-ladministration-maritime\/\"]}]},{\"@type\":\"BreadcrumbList\",\"@id\":\"https:\/\/shtandart.eu\/lettre-ouverte-a-ladministration-maritime\/#breadcrumb\",\"itemListElement\":[{\"@type\":\"ListItem\",\"position\":1,\"name\":\"Home\",\"item\":\"https:\/\/shtandart.eu\/\"},{\"@type\":\"ListItem\",\"position\":2,\"name\":\"Open letter to French Maritime Administration\"}]},{\"@type\":\"WebSite\",\"@id\":\"https:\/\/shtandart.eu\/#website\",\"url\":\"https:\/\/shtandart.eu\/\",\"name\":\"Shtandart\",\"description\":\"\",\"publisher\":{\"@id\":\"https:\/\/shtandart.eu\/#organization\"},\"potentialAction\":[{\"@type\":\"SearchAction\",\"target\":{\"@type\":\"EntryPoint\",\"urlTemplate\":\"https:\/\/shtandart.eu\/?s={search_term_string}\"},\"query-input\":{\"@type\":\"PropertyValueSpecification\",\"valueRequired\":true,\"valueName\":\"search_term_string\"}}],\"inLanguage\":\"fr-FR\"},{\"@type\":\"Organization\",\"@id\":\"https:\/\/shtandart.eu\/#organization\",\"name\":\"Shtandart\",\"url\":\"https:\/\/shtandart.eu\/\",\"logo\":{\"@type\":\"ImageObject\",\"inLanguage\":\"fr-FR\",\"@id\":\"https:\/\/shtandart.eu\/#\/schema\/logo\/image\/\",\"url\":\"https:\/\/shtandart.eu\/wp-content\/uploads\/2023\/12\/\u0411\u0435\u0437-\u0438\u043c\u0435\u043d\u0438-2.png\",\"contentUrl\":\"https:\/\/shtandart.eu\/wp-content\/uploads\/2023\/12\/\u0411\u0435\u0437-\u0438\u043c\u0435\u043d\u0438-2.png\",\"width\":512,\"height\":511,\"caption\":\"Shtandart\"},\"image\":{\"@id\":\"https:\/\/shtandart.eu\/#\/schema\/logo\/image\/\"},\"sameAs\":[\"https:\/\/www.facebook.com\/Frigate.Shtandart\/\"]}]}<\/script>\n<!-- \/ Yoast SEO plugin. -->","yoast_head_json":{"title":"Open letter to French Maritime Administration - Shtandart","robots":{"index":"index","follow":"follow","max-snippet":"max-snippet:-1","max-image-preview":"max-image-preview:large","max-video-preview":"max-video-preview:-1"},"canonical":"https:\/\/shtandart.eu\/fr\/lettre-ouverte-a-ladministration-maritime\/","og_locale":"fr_FR","og_type":"article","og_title":"Open letter to French Maritime Administration - Shtandart","og_description":"Martus TV GmbHVladimir MARTUS, President Subject: Request for Clarification Regarding the Training Ship Shtandart La Rochelle, May 15, 2025 Dear Sir or Madam, We are aware that the French maritime authorities are regularly receiving letters from Mr. Bernard Grua, who acts under the name of the group &#8220;No Shtandart in Europe&#8221;, and we deeply regret [&hellip;]","og_url":"https:\/\/shtandart.eu\/fr\/lettre-ouverte-a-ladministration-maritime\/","og_site_name":"Shtandart","article_publisher":"https:\/\/www.facebook.com\/Frigate.Shtandart\/","article_modified_time":"2025-07-05T19:17:08+00:00","twitter_card":"summary_large_image","twitter_misc":{"Dur\u00e9e de lecture estim\u00e9e":"4 minutes"},"schema":{"@context":"https:\/\/schema.org","@graph":[{"@type":"WebPage","@id":"https:\/\/shtandart.eu\/lettre-ouverte-a-ladministration-maritime\/","url":"https:\/\/shtandart.eu\/lettre-ouverte-a-ladministration-maritime\/","name":"Open letter to French Maritime Administration - Shtandart","isPartOf":{"@id":"https:\/\/shtandart.eu\/#website"},"datePublished":"2025-05-15T11:24:46+00:00","dateModified":"2025-07-05T19:17:08+00:00","breadcrumb":{"@id":"https:\/\/shtandart.eu\/lettre-ouverte-a-ladministration-maritime\/#breadcrumb"},"inLanguage":"fr-FR","potentialAction":[{"@type":"ReadAction","target":["https:\/\/shtandart.eu\/lettre-ouverte-a-ladministration-maritime\/"]}]},{"@type":"BreadcrumbList","@id":"https:\/\/shtandart.eu\/lettre-ouverte-a-ladministration-maritime\/#breadcrumb","itemListElement":[{"@type":"ListItem","position":1,"name":"Home","item":"https:\/\/shtandart.eu\/"},{"@type":"ListItem","position":2,"name":"Open letter to French Maritime Administration"}]},{"@type":"WebSite","@id":"https:\/\/shtandart.eu\/#website","url":"https:\/\/shtandart.eu\/","name":"Shtandart","description":"","publisher":{"@id":"https:\/\/shtandart.eu\/#organization"},"potentialAction":[{"@type":"SearchAction","target":{"@type":"EntryPoint","urlTemplate":"https:\/\/shtandart.eu\/?s={search_term_string}"},"query-input":{"@type":"PropertyValueSpecification","valueRequired":true,"valueName":"search_term_string"}}],"inLanguage":"fr-FR"},{"@type":"Organization","@id":"https:\/\/shtandart.eu\/#organization","name":"Shtandart","url":"https:\/\/shtandart.eu\/","logo":{"@type":"ImageObject","inLanguage":"fr-FR","@id":"https:\/\/shtandart.eu\/#\/schema\/logo\/image\/","url":"https:\/\/shtandart.eu\/wp-content\/uploads\/2023\/12\/\u0411\u0435\u0437-\u0438\u043c\u0435\u043d\u0438-2.png","contentUrl":"https:\/\/shtandart.eu\/wp-content\/uploads\/2023\/12\/\u0411\u0435\u0437-\u0438\u043c\u0435\u043d\u0438-2.png","width":512,"height":511,"caption":"Shtandart"},"image":{"@id":"https:\/\/shtandart.eu\/#\/schema\/logo\/image\/"},"sameAs":["https:\/\/www.facebook.com\/Frigate.Shtandart\/"]}]}},"_links":{"self":[{"href":"https:\/\/shtandart.eu\/fr\/wp-json\/wp\/v2\/pages\/4496","targetHints":{"allow":["GET"]}}],"collection":[{"href":"https:\/\/shtandart.eu\/fr\/wp-json\/wp\/v2\/pages"}],"about":[{"href":"https:\/\/shtandart.eu\/fr\/wp-json\/wp\/v2\/types\/page"}],"author":[{"embeddable":true,"href":"https:\/\/shtandart.eu\/fr\/wp-json\/wp\/v2\/users\/990016"}],"replies":[{"embeddable":true,"href":"https:\/\/shtandart.eu\/fr\/wp-json\/wp\/v2\/comments?post=4496"}],"version-history":[{"count":5,"href":"https:\/\/shtandart.eu\/fr\/wp-json\/wp\/v2\/pages\/4496\/revisions"}],"predecessor-version":[{"id":4661,"href":"https:\/\/shtandart.eu\/fr\/wp-json\/wp\/v2\/pages\/4496\/revisions\/4661"}],"wp:attachment":[{"href":"https:\/\/shtandart.eu\/fr\/wp-json\/wp\/v2\/media?parent=4496"}],"curies":[{"name":"wp","href":"https:\/\/api.w.org\/{rel}","templated":true}]}}