{"id":4488,"date":"2025-05-07T16:17:07","date_gmt":"2025-05-07T14:17:07","guid":{"rendered":"https:\/\/shtandart.eu\/?page_id=4488"},"modified":"2026-05-13T13:59:59","modified_gmt":"2026-05-13T11:59:59","slug":"professional-mariner-training-program","status":"publish","type":"page","link":"https:\/\/shtandart.eu\/fr\/professional-mariner-training-program\/","title":{"rendered":"Programme de formation de marin professionnel"},"content":{"rendered":"<p class=\"has-text-align-left\">TS<strong> <\/strong>TS Shtandart propose des opportunit\u00e9s de navigation et une formation pratique adapt\u00e9es \u00e0 vos besoins individuels.<\/p>\n\n\n\n<p class=\" translation-block\">Vous progresserez dans votre livret de formation \u00e0 bord (EZS ou autre) \u00e0 votre propre rythme, avec un accompagnement personnalis\u00e9 ax\u00e9 sur les comp\u00e9tences cl\u00e9s : quart \u00e0 la passerelle, man\u0153uvres, maniement des voiles carr\u00e9es, navigation et comp\u00e9tences en motivation d\u2019\u00e9quipage.<br>\nNous vous aiderons \u00e0 d\u00e9velopper la confiance et les capacit\u00e9s attendues d\u2019un marin professionnel.<\/p>\n\n\n\n<p>La formation est dirig\u00e9e par le capitaine Vladimir Martus, le visionnaire qui a con\u00e7u, construit et exploite le Shtandart depuis plus de 25 ans, ainsi que par les capitaines Tim Pion et Mikhail Yushkov, reconnus pour leur passion pour l\u2019enseignement et le partage de leur vaste exp\u00e9rience et savoir-faire sur les voiliers \u00e0 gr\u00e9ement carr\u00e9.<\/p>\n\n\n\n<p class=\" translation-block\">Vous pratiquerez vos comp\u00e9tences aux c\u00f4t\u00e9s d\u2019un \u00e9quipage engag\u00e9 \u00e0 maintenir une atmosph\u00e8re conviviale et bienveillante. Pour d\u00e9velopper davantage vos capacit\u00e9s de leadership, vous explorerez diff\u00e9rentes fa\u00e7ons de prendre et de partager les responsabilit\u00e9s au sein de l\u2019\u00e9quipage.<br>\nLes navigations en eaux internationales vous offriront \u00e9galement l\u2019occasion de pratiquer vos comp\u00e9tences linguistiques et de vous familiariser avec la l\u00e9gislation maritime.<\/p>\n\n\n\n<p class=\" translation-block\"><strong>Conditions d\u2019inscription :<\/strong><br>\nLes participants doivent \u00eatre actuellement inscrits dans une formation maritime ou l\u2019avoir d\u00e9j\u00e0 achev\u00e9e.<\/p>\n\n\n\n<p>Le programme est pr\u00e9vu pour une dur\u00e9e minimale de 4 semaines.<\/p>\n\n\n\n<p class=\" translation-block\">Pour les d\u00e9butants, des postes de stagiaires sont \u00e9galement disponibles, mais \u00e0 un tarif plus \u00e9lev\u00e9. Voir les d\u00e9tails : <a href=\"https:\/\/shtandart.eu\/services\/sail-with-us\" target=\"_self\">https:\/\/shtandart.eu\/fr\/services\/sail-with-us<\/a><\/p>\n\n\n\n<p><strong>Ce qui est inclus :&nbsp;<\/strong><\/p>\n\n\n\n<p>\u2022 4 meals\/day<br>\u2022 Accommodation in a bunk or in a traditional hammock<br>\u2022 Professional mentorship aboard a square-rigged ship<br>\u2022 Individual focused training aligned with your on board training record book<\/p>\n\n\n\n<p><strong>Prix et disponibilit\u00e9s<\/strong><br>Toutes les travers\u00e9es Printemps\/\u00c9t\u00e9 2026<br>PRICE: <strong>\u20ac280\/week <\/strong>\u2013 no extra fees<\/p>\n\n\n\n<p>Voyage plan: <a href=\"https:\/\/shtandart.eu\/fr\/\">https:\/\/shtandart.eu<br><\/a>Contact us: <a href=\"mailto:ship@shtandart.eu\">ship@shtandart.eu<\/a><\/p>\n\n\n\n<p><strong>Ready to chart your course?<\/strong><br>This program is part of TS Shtandart\u2019s ongoing mission to support and promote sail training and professional maritime education.&nbsp;<\/p>\n\n\n\n<p><strong>Devenez professionnel. Naviguez en toute confiance. Apprenez avec un objectif !<\/strong><\/p>\n\n\n\n<p><\/p>","protected":false},"excerpt":{"rendered":"<p>TS Shtandart offers sea-time opportunities and practical training tailored to your individual requirements. You&#8217;ll progress through your on board training record book (EZS or other) at your own pace, with personalized guidance focused on core competencies: watchkeeping, manoeuvring, square sail handling, navigation, and crew motivation skills.We will help you build the confidence and capabilities expected [&hellip;]<\/p>","protected":false},"author":990016,"featured_media":0,"parent":0,"menu_order":0,"comment_status":"closed","ping_status":"closed","template":"","meta":{"_themeisle_gutenberg_block_has_review":false,"footnotes":""},"class_list":["post-4488","page","type-page","status-publish","hentry"],"yoast_head":"<!-- This site is optimized with the Yoast SEO plugin v25.5 - https:\/\/yoast.com\/wordpress\/plugins\/seo\/ -->\n<title>Professional Mariner Training Program - Shtandart<\/title>\n<meta name=\"robots\" content=\"index, follow, max-snippet:-1, max-image-preview:large, max-video-preview:-1\" \/>\n<link rel=\"canonical\" href=\"https:\/\/shtandart.eu\/fr\/professional-mariner-training-program\/\" \/>\n<meta property=\"og:locale\" content=\"fr_FR\" \/>\n<meta property=\"og:type\" content=\"article\" \/>\n<meta property=\"og:title\" content=\"Professional Mariner Training Program - Shtandart\" \/>\n<meta property=\"og:description\" content=\"TS Shtandart offers sea-time opportunities and practical training tailored to your individual requirements. You&#8217;ll progress through your on board training record book (EZS or other) at your own pace, with personalized guidance focused on core competencies: watchkeeping, manoeuvring, square sail handling, navigation, and crew motivation skills.We will help you build the confidence and capabilities expected [&hellip;]\" \/>\n<meta property=\"og:url\" content=\"https:\/\/shtandart.eu\/fr\/professional-mariner-training-program\/\" \/>\n<meta property=\"og:site_name\" content=\"Shtandart\" \/>\n<meta property=\"article:publisher\" content=\"https:\/\/www.facebook.com\/Frigate.Shtandart\/\" \/>\n<meta property=\"article:modified_time\" content=\"2026-05-13T11:59:59+00:00\" \/>\n<meta name=\"twitter:card\" content=\"summary_large_image\" \/>\n<meta name=\"twitter:label1\" content=\"Dur\u00e9e de lecture estim\u00e9e\" \/>\n\t<meta name=\"twitter:data1\" content=\"2 minutes\" \/>\n<script type=\"application\/ld+json\" class=\"yoast-schema-graph\">{\"@context\":\"https:\/\/schema.org\",\"@graph\":[{\"@type\":\"WebPage\",\"@id\":\"https:\/\/shtandart.eu\/professional-mariner-training-program\/\",\"url\":\"https:\/\/shtandart.eu\/professional-mariner-training-program\/\",\"name\":\"Professional Mariner Training Program - Shtandart\",\"isPartOf\":{\"@id\":\"https:\/\/shtandart.eu\/#website\"},\"datePublished\":\"2025-05-07T14:17:07+00:00\",\"dateModified\":\"2026-05-13T11:59:59+00:00\",\"breadcrumb\":{\"@id\":\"https:\/\/shtandart.eu\/professional-mariner-training-program\/#breadcrumb\"},\"inLanguage\":\"fr-FR\",\"potentialAction\":[{\"@type\":\"ReadAction\",\"target\":[\"https:\/\/shtandart.eu\/professional-mariner-training-program\/\"]}]},{\"@type\":\"BreadcrumbList\",\"@id\":\"https:\/\/shtandart.eu\/professional-mariner-training-program\/#breadcrumb\",\"itemListElement\":[{\"@type\":\"ListItem\",\"position\":1,\"name\":\"Home\",\"item\":\"https:\/\/shtandart.eu\/\"},{\"@type\":\"ListItem\",\"position\":2,\"name\":\"Professional Mariner Training Program\"}]},{\"@type\":\"WebSite\",\"@id\":\"https:\/\/shtandart.eu\/#website\",\"url\":\"https:\/\/shtandart.eu\/\",\"name\":\"Shtandart\",\"description\":\"\",\"publisher\":{\"@id\":\"https:\/\/shtandart.eu\/#organization\"},\"potentialAction\":[{\"@type\":\"SearchAction\",\"target\":{\"@type\":\"EntryPoint\",\"urlTemplate\":\"https:\/\/shtandart.eu\/?s={search_term_string}\"},\"query-input\":{\"@type\":\"PropertyValueSpecification\",\"valueRequired\":true,\"valueName\":\"search_term_string\"}}],\"inLanguage\":\"fr-FR\"},{\"@type\":\"Organization\",\"@id\":\"https:\/\/shtandart.eu\/#organization\",\"name\":\"Shtandart\",\"url\":\"https:\/\/shtandart.eu\/\",\"logo\":{\"@type\":\"ImageObject\",\"inLanguage\":\"fr-FR\",\"@id\":\"https:\/\/shtandart.eu\/#\/schema\/logo\/image\/\",\"url\":\"https:\/\/shtandart.eu\/wp-content\/uploads\/2023\/12\/\u0411\u0435\u0437-\u0438\u043c\u0435\u043d\u0438-2.png\",\"contentUrl\":\"https:\/\/shtandart.eu\/wp-content\/uploads\/2023\/12\/\u0411\u0435\u0437-\u0438\u043c\u0435\u043d\u0438-2.png\",\"width\":512,\"height\":511,\"caption\":\"Shtandart\"},\"image\":{\"@id\":\"https:\/\/shtandart.eu\/#\/schema\/logo\/image\/\"},\"sameAs\":[\"https:\/\/www.facebook.com\/Frigate.Shtandart\/\"]}]}<\/script>\n<!-- \/ Yoast SEO plugin. -->","yoast_head_json":{"title":"Professional Mariner Training Program - Shtandart","robots":{"index":"index","follow":"follow","max-snippet":"max-snippet:-1","max-image-preview":"max-image-preview:large","max-video-preview":"max-video-preview:-1"},"canonical":"https:\/\/shtandart.eu\/fr\/professional-mariner-training-program\/","og_locale":"fr_FR","og_type":"article","og_title":"Professional Mariner Training Program - Shtandart","og_description":"TS Shtandart offers sea-time opportunities and practical training tailored to your individual requirements. You&#8217;ll progress through your on board training record book (EZS or other) at your own pace, with personalized guidance focused on core competencies: watchkeeping, manoeuvring, square sail handling, navigation, and crew motivation skills.We will help you build the confidence and capabilities expected [&hellip;]","og_url":"https:\/\/shtandart.eu\/fr\/professional-mariner-training-program\/","og_site_name":"Shtandart","article_publisher":"https:\/\/www.facebook.com\/Frigate.Shtandart\/","article_modified_time":"2026-05-13T11:59:59+00:00","twitter_card":"summary_large_image","twitter_misc":{"Dur\u00e9e de lecture estim\u00e9e":"2 minutes"},"schema":{"@context":"https:\/\/schema.org","@graph":[{"@type":"WebPage","@id":"https:\/\/shtandart.eu\/professional-mariner-training-program\/","url":"https:\/\/shtandart.eu\/professional-mariner-training-program\/","name":"Professional Mariner Training Program - Shtandart","isPartOf":{"@id":"https:\/\/shtandart.eu\/#website"},"datePublished":"2025-05-07T14:17:07+00:00","dateModified":"2026-05-13T11:59:59+00:00","breadcrumb":{"@id":"https:\/\/shtandart.eu\/professional-mariner-training-program\/#breadcrumb"},"inLanguage":"fr-FR","potentialAction":[{"@type":"ReadAction","target":["https:\/\/shtandart.eu\/professional-mariner-training-program\/"]}]},{"@type":"BreadcrumbList","@id":"https:\/\/shtandart.eu\/professional-mariner-training-program\/#breadcrumb","itemListElement":[{"@type":"ListItem","position":1,"name":"Home","item":"https:\/\/shtandart.eu\/"},{"@type":"ListItem","position":2,"name":"Professional Mariner Training Program"}]},{"@type":"WebSite","@id":"https:\/\/shtandart.eu\/#website","url":"https:\/\/shtandart.eu\/","name":"Shtandart","description":"","publisher":{"@id":"https:\/\/shtandart.eu\/#organization"},"potentialAction":[{"@type":"SearchAction","target":{"@type":"EntryPoint","urlTemplate":"https:\/\/shtandart.eu\/?s={search_term_string}"},"query-input":{"@type":"PropertyValueSpecification","valueRequired":true,"valueName":"search_term_string"}}],"inLanguage":"fr-FR"},{"@type":"Organization","@id":"https:\/\/shtandart.eu\/#organization","name":"Shtandart","url":"https:\/\/shtandart.eu\/","logo":{"@type":"ImageObject","inLanguage":"fr-FR","@id":"https:\/\/shtandart.eu\/#\/schema\/logo\/image\/","url":"https:\/\/shtandart.eu\/wp-content\/uploads\/2023\/12\/\u0411\u0435\u0437-\u0438\u043c\u0435\u043d\u0438-2.png","contentUrl":"https:\/\/shtandart.eu\/wp-content\/uploads\/2023\/12\/\u0411\u0435\u0437-\u0438\u043c\u0435\u043d\u0438-2.png","width":512,"height":511,"caption":"Shtandart"},"image":{"@id":"https:\/\/shtandart.eu\/#\/schema\/logo\/image\/"},"sameAs":["https:\/\/www.facebook.com\/Frigate.Shtandart\/"]}]}},"_links":{"self":[{"href":"https:\/\/shtandart.eu\/fr\/wp-json\/wp\/v2\/pages\/4488","targetHints":{"allow":["GET"]}}],"collection":[{"href":"https:\/\/shtandart.eu\/fr\/wp-json\/wp\/v2\/pages"}],"about":[{"href":"https:\/\/shtandart.eu\/fr\/wp-json\/wp\/v2\/types\/page"}],"author":[{"embeddable":true,"href":"https:\/\/shtandart.eu\/fr\/wp-json\/wp\/v2\/users\/990016"}],"replies":[{"embeddable":true,"href":"https:\/\/shtandart.eu\/fr\/wp-json\/wp\/v2\/comments?post=4488"}],"version-history":[{"count":5,"href":"https:\/\/shtandart.eu\/fr\/wp-json\/wp\/v2\/pages\/4488\/revisions"}],"predecessor-version":[{"id":5131,"href":"https:\/\/shtandart.eu\/fr\/wp-json\/wp\/v2\/pages\/4488\/revisions\/5131"}],"wp:attachment":[{"href":"https:\/\/shtandart.eu\/fr\/wp-json\/wp\/v2\/media?parent=4488"}],"curies":[{"name":"wp","href":"https:\/\/api.w.org\/{rel}","templated":true}]}}