{"id":4436,"date":"2025-03-19T15:49:35","date_gmt":"2025-03-19T14:49:35","guid":{"rendered":"https:\/\/shtandart.eu\/?page_id=4436"},"modified":"2025-03-19T19:32:57","modified_gmt":"2025-03-19T18:32:57","slug":"letters-of-support","status":"publish","type":"page","link":"https:\/\/shtandart.eu\/fr\/letters-of-support\/","title":{"rendered":"Lettres de soutien"},"content":{"rendered":"<p>Le Shtandart est bien plus qu\u2019un simple navire : c\u2019est un symbole du patrimoine maritime, de la coop\u00e9ration internationale et de l\u2019esprit de la navigation.<\/p>\n\n\n\n<p><strong>Des organisations maritimes,<\/strong><strong> des institutions de formation et des marins professionnels <\/strong>ont exprim\u00e9 leur soutien au Shtandart, reconnaissant son r\u00f4le dans l\u2019\u00e9ducation, les \u00e9changes culturels et la pr\u00e9servation historique. Lisez ces lettres ici, ainsi que des t\u00e9moignages personnels de ceux dont la vie a \u00e9t\u00e9 marqu\u00e9e par leur exp\u00e9rience \u00e0 bord.&nbsp;<\/p>\n\n\n\n<p>Ces voix s\u2019unissent pour prot\u00e9ger un navire qui a inspir\u00e9 et form\u00e9 des g\u00e9n\u00e9rations de marins.<\/p>\n\n\n\n<p>D\u00e9couvrez les lettres ci-dessous pour comprendre pourquoi le Shtandart est si important et comment vous pouvez soutenir notre cause.<\/p>\n\n\n\n<p><a href=\"https:\/\/shtandart.eu\/wp-content\/uploads\/2025\/03\/De-sancties-en-de-Shtandart.pdf\">Lettre de Enkhuizer Zeevaartschool<\/a><\/p>\n\n\n\n<p><a href=\"https:\/\/shtandart.eu\/fr\/story-of-ekaterina-gopenko\/\" data-type=\"page\" data-id=\"4319\">Lettre de Ekaterina Gopenko<\/a><\/p>\n\n\n\n<p><a href=\"https:\/\/shtandart.eu\/fr\/story-of-thibaud-gil\/\" data-type=\"page\" data-id=\"4322\">Lettre de Thibaud Gil<\/a><\/p>\n\n\n\n<p><a href=\"https:\/\/shtandart.eu\/fr\/story-of-tom-curmer\/\" data-type=\"page\" data-id=\"4227\">Lettre de Tom Curmer<\/a><\/p>\n\n\n\n<p><a href=\"https:\/\/shtandart.eu\/fr\/story-of-tim-pion\/\" data-type=\"page\" data-id=\"4225\">Lettre de Tim Pion<\/a><\/p>","protected":false},"excerpt":{"rendered":"<p>Shtandart is more than just a ship\u2014it is a symbol of maritime heritage, international cooperation, and the spirit of seafaring. Maritime organizations, training institutions, and professional mariners have voiced their support for Shtandart, recognizing its role in education, cultural exchange, and historical preservation. Read these letters here, along with personal testimonies from those whose lives [&hellip;]<\/p>","protected":false},"author":990016,"featured_media":0,"parent":0,"menu_order":0,"comment_status":"closed","ping_status":"closed","template":"","meta":{"_themeisle_gutenberg_block_has_review":false,"footnotes":""},"class_list":["post-4436","page","type-page","status-publish","hentry"],"yoast_head":"<!-- This site is optimized with the Yoast SEO plugin v25.5 - https:\/\/yoast.com\/wordpress\/plugins\/seo\/ -->\n<title>Letters of Support - Shtandart<\/title>\n<meta name=\"robots\" content=\"index, follow, max-snippet:-1, max-image-preview:large, max-video-preview:-1\" \/>\n<link rel=\"canonical\" href=\"https:\/\/shtandart.eu\/fr\/letters-of-support\/\" \/>\n<meta property=\"og:locale\" content=\"fr_FR\" \/>\n<meta property=\"og:type\" content=\"article\" \/>\n<meta property=\"og:title\" content=\"Letters of Support - Shtandart\" \/>\n<meta property=\"og:description\" content=\"Shtandart is more than just a ship\u2014it is a symbol of maritime heritage, international cooperation, and the spirit of seafaring. Maritime organizations, training institutions, and professional mariners have voiced their support for Shtandart, recognizing its role in education, cultural exchange, and historical preservation. Read these letters here, along with personal testimonies from those whose lives [&hellip;]\" \/>\n<meta property=\"og:url\" content=\"https:\/\/shtandart.eu\/fr\/letters-of-support\/\" \/>\n<meta property=\"og:site_name\" content=\"Shtandart\" \/>\n<meta property=\"article:publisher\" content=\"https:\/\/www.facebook.com\/Frigate.Shtandart\/\" \/>\n<meta property=\"article:modified_time\" content=\"2025-03-19T18:32:57+00:00\" \/>\n<meta name=\"twitter:card\" content=\"summary_large_image\" \/>\n<meta name=\"twitter:label1\" content=\"Dur\u00e9e de lecture estim\u00e9e\" \/>\n\t<meta name=\"twitter:data1\" content=\"1 minute\" \/>\n<script type=\"application\/ld+json\" class=\"yoast-schema-graph\">{\"@context\":\"https:\/\/schema.org\",\"@graph\":[{\"@type\":\"WebPage\",\"@id\":\"https:\/\/shtandart.eu\/letters-of-support\/\",\"url\":\"https:\/\/shtandart.eu\/letters-of-support\/\",\"name\":\"Letters of Support - Shtandart\",\"isPartOf\":{\"@id\":\"https:\/\/shtandart.eu\/#website\"},\"datePublished\":\"2025-03-19T14:49:35+00:00\",\"dateModified\":\"2025-03-19T18:32:57+00:00\",\"breadcrumb\":{\"@id\":\"https:\/\/shtandart.eu\/letters-of-support\/#breadcrumb\"},\"inLanguage\":\"fr-FR\",\"potentialAction\":[{\"@type\":\"ReadAction\",\"target\":[\"https:\/\/shtandart.eu\/letters-of-support\/\"]}]},{\"@type\":\"BreadcrumbList\",\"@id\":\"https:\/\/shtandart.eu\/letters-of-support\/#breadcrumb\",\"itemListElement\":[{\"@type\":\"ListItem\",\"position\":1,\"name\":\"Home\",\"item\":\"https:\/\/shtandart.eu\/\"},{\"@type\":\"ListItem\",\"position\":2,\"name\":\"Letters of Support\"}]},{\"@type\":\"WebSite\",\"@id\":\"https:\/\/shtandart.eu\/#website\",\"url\":\"https:\/\/shtandart.eu\/\",\"name\":\"Shtandart\",\"description\":\"\",\"publisher\":{\"@id\":\"https:\/\/shtandart.eu\/#organization\"},\"potentialAction\":[{\"@type\":\"SearchAction\",\"target\":{\"@type\":\"EntryPoint\",\"urlTemplate\":\"https:\/\/shtandart.eu\/?s={search_term_string}\"},\"query-input\":{\"@type\":\"PropertyValueSpecification\",\"valueRequired\":true,\"valueName\":\"search_term_string\"}}],\"inLanguage\":\"fr-FR\"},{\"@type\":\"Organization\",\"@id\":\"https:\/\/shtandart.eu\/#organization\",\"name\":\"Shtandart\",\"url\":\"https:\/\/shtandart.eu\/\",\"logo\":{\"@type\":\"ImageObject\",\"inLanguage\":\"fr-FR\",\"@id\":\"https:\/\/shtandart.eu\/#\/schema\/logo\/image\/\",\"url\":\"https:\/\/shtandart.eu\/wp-content\/uploads\/2023\/12\/\u0411\u0435\u0437-\u0438\u043c\u0435\u043d\u0438-2.png\",\"contentUrl\":\"https:\/\/shtandart.eu\/wp-content\/uploads\/2023\/12\/\u0411\u0435\u0437-\u0438\u043c\u0435\u043d\u0438-2.png\",\"width\":512,\"height\":511,\"caption\":\"Shtandart\"},\"image\":{\"@id\":\"https:\/\/shtandart.eu\/#\/schema\/logo\/image\/\"},\"sameAs\":[\"https:\/\/www.facebook.com\/Frigate.Shtandart\/\"]}]}<\/script>\n<!-- \/ Yoast SEO plugin. -->","yoast_head_json":{"title":"Letters of Support - Shtandart","robots":{"index":"index","follow":"follow","max-snippet":"max-snippet:-1","max-image-preview":"max-image-preview:large","max-video-preview":"max-video-preview:-1"},"canonical":"https:\/\/shtandart.eu\/fr\/letters-of-support\/","og_locale":"fr_FR","og_type":"article","og_title":"Letters of Support - Shtandart","og_description":"Shtandart is more than just a ship\u2014it is a symbol of maritime heritage, international cooperation, and the spirit of seafaring. Maritime organizations, training institutions, and professional mariners have voiced their support for Shtandart, recognizing its role in education, cultural exchange, and historical preservation. Read these letters here, along with personal testimonies from those whose lives [&hellip;]","og_url":"https:\/\/shtandart.eu\/fr\/letters-of-support\/","og_site_name":"Shtandart","article_publisher":"https:\/\/www.facebook.com\/Frigate.Shtandart\/","article_modified_time":"2025-03-19T18:32:57+00:00","twitter_card":"summary_large_image","twitter_misc":{"Dur\u00e9e de lecture estim\u00e9e":"1 minute"},"schema":{"@context":"https:\/\/schema.org","@graph":[{"@type":"WebPage","@id":"https:\/\/shtandart.eu\/letters-of-support\/","url":"https:\/\/shtandart.eu\/letters-of-support\/","name":"Letters of Support - Shtandart","isPartOf":{"@id":"https:\/\/shtandart.eu\/#website"},"datePublished":"2025-03-19T14:49:35+00:00","dateModified":"2025-03-19T18:32:57+00:00","breadcrumb":{"@id":"https:\/\/shtandart.eu\/letters-of-support\/#breadcrumb"},"inLanguage":"fr-FR","potentialAction":[{"@type":"ReadAction","target":["https:\/\/shtandart.eu\/letters-of-support\/"]}]},{"@type":"BreadcrumbList","@id":"https:\/\/shtandart.eu\/letters-of-support\/#breadcrumb","itemListElement":[{"@type":"ListItem","position":1,"name":"Home","item":"https:\/\/shtandart.eu\/"},{"@type":"ListItem","position":2,"name":"Letters of Support"}]},{"@type":"WebSite","@id":"https:\/\/shtandart.eu\/#website","url":"https:\/\/shtandart.eu\/","name":"Shtandart","description":"","publisher":{"@id":"https:\/\/shtandart.eu\/#organization"},"potentialAction":[{"@type":"SearchAction","target":{"@type":"EntryPoint","urlTemplate":"https:\/\/shtandart.eu\/?s={search_term_string}"},"query-input":{"@type":"PropertyValueSpecification","valueRequired":true,"valueName":"search_term_string"}}],"inLanguage":"fr-FR"},{"@type":"Organization","@id":"https:\/\/shtandart.eu\/#organization","name":"Shtandart","url":"https:\/\/shtandart.eu\/","logo":{"@type":"ImageObject","inLanguage":"fr-FR","@id":"https:\/\/shtandart.eu\/#\/schema\/logo\/image\/","url":"https:\/\/shtandart.eu\/wp-content\/uploads\/2023\/12\/\u0411\u0435\u0437-\u0438\u043c\u0435\u043d\u0438-2.png","contentUrl":"https:\/\/shtandart.eu\/wp-content\/uploads\/2023\/12\/\u0411\u0435\u0437-\u0438\u043c\u0435\u043d\u0438-2.png","width":512,"height":511,"caption":"Shtandart"},"image":{"@id":"https:\/\/shtandart.eu\/#\/schema\/logo\/image\/"},"sameAs":["https:\/\/www.facebook.com\/Frigate.Shtandart\/"]}]}},"_links":{"self":[{"href":"https:\/\/shtandart.eu\/fr\/wp-json\/wp\/v2\/pages\/4436","targetHints":{"allow":["GET"]}}],"collection":[{"href":"https:\/\/shtandart.eu\/fr\/wp-json\/wp\/v2\/pages"}],"about":[{"href":"https:\/\/shtandart.eu\/fr\/wp-json\/wp\/v2\/types\/page"}],"author":[{"embeddable":true,"href":"https:\/\/shtandart.eu\/fr\/wp-json\/wp\/v2\/users\/990016"}],"replies":[{"embeddable":true,"href":"https:\/\/shtandart.eu\/fr\/wp-json\/wp\/v2\/comments?post=4436"}],"version-history":[{"count":4,"href":"https:\/\/shtandart.eu\/fr\/wp-json\/wp\/v2\/pages\/4436\/revisions"}],"predecessor-version":[{"id":4443,"href":"https:\/\/shtandart.eu\/fr\/wp-json\/wp\/v2\/pages\/4436\/revisions\/4443"}],"wp:attachment":[{"href":"https:\/\/shtandart.eu\/fr\/wp-json\/wp\/v2\/media?parent=4436"}],"curies":[{"name":"wp","href":"https:\/\/api.w.org\/{rel}","templated":true}]}}