{"id":4389,"date":"2025-02-23T11:15:48","date_gmt":"2025-02-23T10:15:48","guid":{"rendered":"https:\/\/shtandart.eu\/?page_id=4389"},"modified":"2025-09-01T09:27:55","modified_gmt":"2025-09-01T07:27:55","slug":"the-dry-dock-period-is-over-but-shtandart-still-needs-you","status":"publish","type":"page","link":"https:\/\/shtandart.eu\/fr\/the-dry-dock-period-is-over-but-shtandart-still-needs-you\/","title":{"rendered":"La p\u00e9riode de cale s\u00e8che est termin\u00e9e \u2013 mais le Shtandart a encore besoin de vous !"},"content":{"rendered":"<p>Le navire est de retour \u00e0 l\u2019eau ! Apr\u00e8s des semaines de travail acharn\u00e9, le Shtandart est enfin sorti de la cale s\u00e8che\u2014plus fort, rafra\u00eechi et plus beau que jamais ! Le voir pr\u00eat \u00e0 naviguer \u00e0 nouveau est un moment de pure joie. Mais rien de tout cela n\u2019aurait \u00e9t\u00e9 possible sans une \u00e9quipe incroyable de b\u00e9n\u00e9voles qui ont donn\u00e9 de leur temps, de leurs comp\u00e9tences et de leur \u00e9nergie pour que cela devienne une r\u00e9alit\u00e9.\n\n\u00c0 toutes celles et ceux qui ont contribu\u00e9\u2014MERCI ! Que vous ayez tenu un pinceau, r\u00e9par\u00e9 des pi\u00e8ces, pr\u00e9par\u00e9 des repas ou simplement apport\u00e9 votre bonne humeur\u2014vous \u00eates le c\u0153ur et l\u2019\u00e2me du Shtandart.<\/p>\n\n\n\n<p>. Le co\u00fbt total des r\u00e9parations s\u2019\u00e9l\u00e8ve \u00e0 un peu plus de 21 500 \u20ac. Ces travaux \u00e9taient indispensables \u00e0 la s\u00e9curit\u00e9 maritime et \u00e0 la pr\u00e9servation du navire sur le long terme. Gr\u00e2ce aux dons et aux soutiens de nos amis, nous avons pu r\u00e9colter 7 500 \u20ac avant les r\u00e9parations, mais cela ne suffit pas.\u00c0 quoi ont servi les fonds ?<\/p>\n\n\n\n<p class=\" translation-block\">Frais d\u2019amarrage en cale s\u00e8che \u2013 3 900 \u20ac\n<br> Travaux de m\u00e9tallurgie et de soudure \u2013 3 100 \u20ac\n<br>Pi\u00e8ces m\u00e9caniques \u2013 3 630 \u20ac\n<br> Peinture \u2013 4 500 \u20ac\n<br> Mat\u00e9riaux essentiels (\u00e9toupe, r\u00e9sine, fixations) \u2013 1 960 \u20ac\n<br> Location d\u2019\u00e9chafaudages \u2013 1 060 \u20ac\n<br> \u00c9lectricit\u00e9 \u2013 500 \u20ac\n<br> Repas de l\u2019\u00e9quipage pendant la cale s\u00e8che \u2013 2 900 \u20ac<\/p>\n\n\n\n<p>Le Shtandart a toujours \u00e9t\u00e9 bien plus qu\u2019un simple navire\u2014c\u2019est une communaut\u00e9, une famille, un morceau d\u2019histoire vivant. Aujourd\u2019hui, il ne flotte que gr\u00e2ce \u00e0 l\u2019engagement de ses b\u00e9n\u00e9voles et la g\u00e9n\u00e9rosit\u00e9 de ses soutiens.\nSi vous aimez ce navire, si vous croyez en sa mission de rassembler les gens \u00e0 travers l\u2019aventure et l\u2019histoire, aidez-nous \u00e0 le garder en vie. Chaque don compte, et chaque contribution maintient ce r\u00eave \u00e0 flot.<\/p>\n\n\n\n<p> Ensemble, continuons \u00e0 faire naviguer le Shtandart\u2014parce qu\u2019il n\u2019est pas juste un navire, il est NOTRE R\u00caVE DE LIBERT\u00c9 !<\/p>\n\n\n\n<p class=\" translation-block\">Avec gratitude et espoir,<br>\nL\u2019\u00e9quipage du Shtandart<\/p>\n\n\n\n<p><\/p>","protected":false},"excerpt":{"rendered":"<p>She\u2019s back in the water! After weeks of hard work, Shtandart is finally out of dry dock\u2014stronger, refreshed, and more beautiful than ever! Seeing her ready to sail again is a moment of pure joy. But this wouldn\u2019t have been possible without an incredible crew of volunteers who poured their time, skills, and energy into [&hellip;]<\/p>","protected":false},"author":990011,"featured_media":0,"parent":0,"menu_order":0,"comment_status":"closed","ping_status":"closed","template":"","meta":{"_themeisle_gutenberg_block_has_review":false,"footnotes":""},"class_list":["post-4389","page","type-page","status-publish","hentry"],"yoast_head":"<!-- This site is optimized with the Yoast SEO plugin v25.5 - https:\/\/yoast.com\/wordpress\/plugins\/seo\/ -->\n<title>The Dry Dock Period is Over \u2013 But Shtandart Still Needs You! - Shtandart<\/title>\n<meta name=\"robots\" content=\"index, follow, max-snippet:-1, max-image-preview:large, max-video-preview:-1\" \/>\n<link rel=\"canonical\" href=\"https:\/\/shtandart.eu\/fr\/the-dry-dock-period-is-over-but-shtandart-still-needs-you\/\" \/>\n<meta property=\"og:locale\" content=\"fr_FR\" \/>\n<meta property=\"og:type\" content=\"article\" \/>\n<meta property=\"og:title\" content=\"The Dry Dock Period is Over \u2013 But Shtandart Still Needs You! - Shtandart\" \/>\n<meta property=\"og:description\" content=\"She\u2019s back in the water! After weeks of hard work, Shtandart is finally out of dry dock\u2014stronger, refreshed, and more beautiful than ever! Seeing her ready to sail again is a moment of pure joy. But this wouldn\u2019t have been possible without an incredible crew of volunteers who poured their time, skills, and energy into [&hellip;]\" \/>\n<meta property=\"og:url\" content=\"https:\/\/shtandart.eu\/fr\/the-dry-dock-period-is-over-but-shtandart-still-needs-you\/\" \/>\n<meta property=\"og:site_name\" content=\"Shtandart\" \/>\n<meta property=\"article:publisher\" content=\"https:\/\/www.facebook.com\/Frigate.Shtandart\/\" \/>\n<meta property=\"article:modified_time\" content=\"2025-09-01T07:27:55+00:00\" \/>\n<meta name=\"twitter:card\" content=\"summary_large_image\" \/>\n<meta name=\"twitter:label1\" content=\"Dur\u00e9e de lecture estim\u00e9e\" \/>\n\t<meta name=\"twitter:data1\" content=\"2 minutes\" \/>\n<script type=\"application\/ld+json\" class=\"yoast-schema-graph\">{\"@context\":\"https:\/\/schema.org\",\"@graph\":[{\"@type\":\"WebPage\",\"@id\":\"https:\/\/shtandart.eu\/the-dry-dock-period-is-over-but-shtandart-still-needs-you\/\",\"url\":\"https:\/\/shtandart.eu\/the-dry-dock-period-is-over-but-shtandart-still-needs-you\/\",\"name\":\"The Dry Dock Period is Over \u2013 But Shtandart Still Needs You! - Shtandart\",\"isPartOf\":{\"@id\":\"https:\/\/shtandart.eu\/#website\"},\"datePublished\":\"2025-02-23T10:15:48+00:00\",\"dateModified\":\"2025-09-01T07:27:55+00:00\",\"breadcrumb\":{\"@id\":\"https:\/\/shtandart.eu\/the-dry-dock-period-is-over-but-shtandart-still-needs-you\/#breadcrumb\"},\"inLanguage\":\"fr-FR\",\"potentialAction\":[{\"@type\":\"ReadAction\",\"target\":[\"https:\/\/shtandart.eu\/the-dry-dock-period-is-over-but-shtandart-still-needs-you\/\"]}]},{\"@type\":\"BreadcrumbList\",\"@id\":\"https:\/\/shtandart.eu\/the-dry-dock-period-is-over-but-shtandart-still-needs-you\/#breadcrumb\",\"itemListElement\":[{\"@type\":\"ListItem\",\"position\":1,\"name\":\"Home\",\"item\":\"https:\/\/shtandart.eu\/\"},{\"@type\":\"ListItem\",\"position\":2,\"name\":\"The Dry Dock Period is Over \u2013 But Shtandart Still Needs You!\"}]},{\"@type\":\"WebSite\",\"@id\":\"https:\/\/shtandart.eu\/#website\",\"url\":\"https:\/\/shtandart.eu\/\",\"name\":\"Shtandart\",\"description\":\"\",\"publisher\":{\"@id\":\"https:\/\/shtandart.eu\/#organization\"},\"potentialAction\":[{\"@type\":\"SearchAction\",\"target\":{\"@type\":\"EntryPoint\",\"urlTemplate\":\"https:\/\/shtandart.eu\/?s={search_term_string}\"},\"query-input\":{\"@type\":\"PropertyValueSpecification\",\"valueRequired\":true,\"valueName\":\"search_term_string\"}}],\"inLanguage\":\"fr-FR\"},{\"@type\":\"Organization\",\"@id\":\"https:\/\/shtandart.eu\/#organization\",\"name\":\"Shtandart\",\"url\":\"https:\/\/shtandart.eu\/\",\"logo\":{\"@type\":\"ImageObject\",\"inLanguage\":\"fr-FR\",\"@id\":\"https:\/\/shtandart.eu\/#\/schema\/logo\/image\/\",\"url\":\"https:\/\/shtandart.eu\/wp-content\/uploads\/2023\/12\/\u0411\u0435\u0437-\u0438\u043c\u0435\u043d\u0438-2.png\",\"contentUrl\":\"https:\/\/shtandart.eu\/wp-content\/uploads\/2023\/12\/\u0411\u0435\u0437-\u0438\u043c\u0435\u043d\u0438-2.png\",\"width\":512,\"height\":511,\"caption\":\"Shtandart\"},\"image\":{\"@id\":\"https:\/\/shtandart.eu\/#\/schema\/logo\/image\/\"},\"sameAs\":[\"https:\/\/www.facebook.com\/Frigate.Shtandart\/\"]}]}<\/script>\n<!-- \/ Yoast SEO plugin. -->","yoast_head_json":{"title":"The Dry Dock Period is Over \u2013 But Shtandart Still Needs You! - Shtandart","robots":{"index":"index","follow":"follow","max-snippet":"max-snippet:-1","max-image-preview":"max-image-preview:large","max-video-preview":"max-video-preview:-1"},"canonical":"https:\/\/shtandart.eu\/fr\/the-dry-dock-period-is-over-but-shtandart-still-needs-you\/","og_locale":"fr_FR","og_type":"article","og_title":"The Dry Dock Period is Over \u2013 But Shtandart Still Needs You! - Shtandart","og_description":"She\u2019s back in the water! After weeks of hard work, Shtandart is finally out of dry dock\u2014stronger, refreshed, and more beautiful than ever! Seeing her ready to sail again is a moment of pure joy. But this wouldn\u2019t have been possible without an incredible crew of volunteers who poured their time, skills, and energy into [&hellip;]","og_url":"https:\/\/shtandart.eu\/fr\/the-dry-dock-period-is-over-but-shtandart-still-needs-you\/","og_site_name":"Shtandart","article_publisher":"https:\/\/www.facebook.com\/Frigate.Shtandart\/","article_modified_time":"2025-09-01T07:27:55+00:00","twitter_card":"summary_large_image","twitter_misc":{"Dur\u00e9e de lecture estim\u00e9e":"2 minutes"},"schema":{"@context":"https:\/\/schema.org","@graph":[{"@type":"WebPage","@id":"https:\/\/shtandart.eu\/the-dry-dock-period-is-over-but-shtandart-still-needs-you\/","url":"https:\/\/shtandart.eu\/the-dry-dock-period-is-over-but-shtandart-still-needs-you\/","name":"The Dry Dock Period is Over \u2013 But Shtandart Still Needs You! - Shtandart","isPartOf":{"@id":"https:\/\/shtandart.eu\/#website"},"datePublished":"2025-02-23T10:15:48+00:00","dateModified":"2025-09-01T07:27:55+00:00","breadcrumb":{"@id":"https:\/\/shtandart.eu\/the-dry-dock-period-is-over-but-shtandart-still-needs-you\/#breadcrumb"},"inLanguage":"fr-FR","potentialAction":[{"@type":"ReadAction","target":["https:\/\/shtandart.eu\/the-dry-dock-period-is-over-but-shtandart-still-needs-you\/"]}]},{"@type":"BreadcrumbList","@id":"https:\/\/shtandart.eu\/the-dry-dock-period-is-over-but-shtandart-still-needs-you\/#breadcrumb","itemListElement":[{"@type":"ListItem","position":1,"name":"Home","item":"https:\/\/shtandart.eu\/"},{"@type":"ListItem","position":2,"name":"The Dry Dock Period is Over \u2013 But Shtandart Still Needs You!"}]},{"@type":"WebSite","@id":"https:\/\/shtandart.eu\/#website","url":"https:\/\/shtandart.eu\/","name":"Shtandart","description":"","publisher":{"@id":"https:\/\/shtandart.eu\/#organization"},"potentialAction":[{"@type":"SearchAction","target":{"@type":"EntryPoint","urlTemplate":"https:\/\/shtandart.eu\/?s={search_term_string}"},"query-input":{"@type":"PropertyValueSpecification","valueRequired":true,"valueName":"search_term_string"}}],"inLanguage":"fr-FR"},{"@type":"Organization","@id":"https:\/\/shtandart.eu\/#organization","name":"Shtandart","url":"https:\/\/shtandart.eu\/","logo":{"@type":"ImageObject","inLanguage":"fr-FR","@id":"https:\/\/shtandart.eu\/#\/schema\/logo\/image\/","url":"https:\/\/shtandart.eu\/wp-content\/uploads\/2023\/12\/\u0411\u0435\u0437-\u0438\u043c\u0435\u043d\u0438-2.png","contentUrl":"https:\/\/shtandart.eu\/wp-content\/uploads\/2023\/12\/\u0411\u0435\u0437-\u0438\u043c\u0435\u043d\u0438-2.png","width":512,"height":511,"caption":"Shtandart"},"image":{"@id":"https:\/\/shtandart.eu\/#\/schema\/logo\/image\/"},"sameAs":["https:\/\/www.facebook.com\/Frigate.Shtandart\/"]}]}},"_links":{"self":[{"href":"https:\/\/shtandart.eu\/fr\/wp-json\/wp\/v2\/pages\/4389","targetHints":{"allow":["GET"]}}],"collection":[{"href":"https:\/\/shtandart.eu\/fr\/wp-json\/wp\/v2\/pages"}],"about":[{"href":"https:\/\/shtandart.eu\/fr\/wp-json\/wp\/v2\/types\/page"}],"author":[{"embeddable":true,"href":"https:\/\/shtandart.eu\/fr\/wp-json\/wp\/v2\/users\/990011"}],"replies":[{"embeddable":true,"href":"https:\/\/shtandart.eu\/fr\/wp-json\/wp\/v2\/comments?post=4389"}],"version-history":[{"count":4,"href":"https:\/\/shtandart.eu\/fr\/wp-json\/wp\/v2\/pages\/4389\/revisions"}],"predecessor-version":[{"id":4434,"href":"https:\/\/shtandart.eu\/fr\/wp-json\/wp\/v2\/pages\/4389\/revisions\/4434"}],"wp:attachment":[{"href":"https:\/\/shtandart.eu\/fr\/wp-json\/wp\/v2\/media?parent=4389"}],"curies":[{"name":"wp","href":"https:\/\/api.w.org\/{rel}","templated":true}]}}