{"id":4319,"date":"2025-02-18T20:11:55","date_gmt":"2025-02-18T19:11:55","guid":{"rendered":"https:\/\/shtandart.eu\/?page_id=4319"},"modified":"2025-02-18T20:11:56","modified_gmt":"2025-02-18T19:11:56","slug":"story-of-ekaterina-gopenko","status":"publish","type":"page","link":"https:\/\/shtandart.eu\/fr\/story-of-ekaterina-gopenko\/","title":{"rendered":"Histoire de Ekaterina Gopenko"},"content":{"rendered":"<figure class=\"wp-block-image size-large\"><img loading=\"lazy\" decoding=\"async\" width=\"1024\" height=\"491\" src=\"https:\/\/shtandart.eu\/wp-content\/uploads\/2025\/02\/Katya-1024x491.jpg\" alt=\"\" class=\"wp-image-4320\" srcset=\"https:\/\/shtandart.eu\/wp-content\/uploads\/2025\/02\/Katya-1024x491.jpg 1024w, https:\/\/shtandart.eu\/wp-content\/uploads\/2025\/02\/Katya-300x144.jpg 300w, https:\/\/shtandart.eu\/wp-content\/uploads\/2025\/02\/Katya-768x368.jpg 768w, https:\/\/shtandart.eu\/wp-content\/uploads\/2025\/02\/Katya-1536x737.jpg 1536w, https:\/\/shtandart.eu\/wp-content\/uploads\/2025\/02\/Katya-18x9.jpg 18w, https:\/\/shtandart.eu\/wp-content\/uploads\/2025\/02\/Katya-600x288.jpg 600w, https:\/\/shtandart.eu\/wp-content\/uploads\/2025\/02\/Katya.jpg 1920w\" sizes=\"auto, (max-width: 1024px) 100vw, 1024px\" \/><\/figure>\n\n\n\n<p>Je m'appelle Ekaterina Gopenko, je suis musicienne. Je suis mont\u00e9e \u00e0 bord du Shtandart pour la premi\u00e8re fois au d\u00e9but du mois de mars 2022. J'avais pr\u00e9vu de participer \u00e0 un voyage d'une semaine six mois auparavant et, au 22 f\u00e9vrier 2022, j'\u00e9tais d\u00e9j\u00e0 en route pour l'Europe. C'est \u00e0 ce moment-l\u00e0 que les \u00e9v\u00e9nements dramatiques se sont d\u00e9roul\u00e9s en Ukraine de l'Est. J'\u00e9tais d\u00e9prim\u00e9e et d\u00e9sorient\u00e9e. Ma famille \u00e9tait rest\u00e9e \u00e0 Zaporijjia, et je ne pouvais pas les joindre. Ces jours-l\u00e0, j'ai beaucoup pleur\u00e9 et je ne savais pas comment continuer \u00e0 vivre.<\/p>\n\n\n\n<p>\u00ab Si tu ne sais pas o\u00f9 aller ensuite, reste ici jusqu'\u00e0 ce que tu comprennes. Tu es la bienvenue ici. \u00bb C'est ce qu'on m'a dit \u00e0 bord du Shtandart. Alors je suis rest\u00e9e. Je ne sais pas comment j'aurais travers\u00e9 cette p\u00e9riode de ma vie sans le soutien des personnes que j'ai rencontr\u00e9es sur le navire. L'\u00e9quipage et les volontaires venus de Russie, de France, d'Espagne, d'Ukraine \u2013 tous ces gens ont pris soin de moi et ont essay\u00e9 de m'aider par tous les moyens possibles.<br>En avril 2022, j'ai commenc\u00e9 \u00e0 retrouver mes esprits et j'ai pu rejouer de la musique. J'ai commenc\u00e9 \u00e0 donner des concerts directement depuis le bord du navire, qui \u00e9tait alors amarr\u00e9 dans le port de Port-de-Bouc. Lors de ces \u00e9v\u00e9nements, nous avons collect\u00e9 des dons pour soutenir l'h\u00f4pital r\u00e9gional pour enfants de Zaporijjia \u2013 un h\u00f4pital de ma ville natale o\u00f9, \u00e0 ce moment-l\u00e0, \u00e9taient soign\u00e9s des enfants bless\u00e9s en provenance de la ligne de front. Ils manquaient constamment de mat\u00e9riel m\u00e9dical et de m\u00e9dicaments, et demandaient toute aide possible.<\/p>\n\n\n\n<p>Nous avons poursuivi cette initiative de concerts : plus tard, j\u2019ai jou\u00e9 \u00e0 bord du navire lors de festivals maritimes et j\u2019ai organis\u00e9 des concerts en ligne.<br>J'ai v\u00e9cu sur le Shtandart pendant presque six mois. D\u00e8s le d\u00e9but de mon s\u00e9jour, le drapeau ukrainien a \u00e9t\u00e9 hiss\u00e9 \u00e0 bord en signe de soutien. Lorsque j\u2019ai appris que la fr\u00e9gate s\u2019\u00e9tait vu interdire l\u2019acc\u00e8s aux ports europ\u00e9ens sous pr\u00e9texte qu\u2019elle \u00e9tait consid\u00e9r\u00e9e comme un navire russe, j\u2019ai \u00e9t\u00e9 boulevers\u00e9e par cette injustice monstrueuse. Juger les gens en fonction de leur passeport, c'est comme les juger sur la couleur de leur peau. Aucun de nous ne choisit le pays dans lequel il na\u00eet. Pourquoi ne pas s\u2019\u00e9valuer les uns les autres en fonction de nos actions et, sur cette base, r\u00e9compenser ou condamner ? Et, selon ma plus profonde conviction, il n\u2019y a aucune raison de punir le Shtandart et son \u00e9quipage. Au contraire, ils m\u00e9ritent d\u2019\u00eatre salu\u00e9s pour leur engagement \u00e0 enseigner \u00e0 des personnes de diff\u00e9rents pays comment vivre et travailler ensemble, plut\u00f4t que de se ha\u00efr ou de se m\u00e9priser.<\/p>\n\n\n\n<p>N\u2019est-ce pas le seul moyen de sauver l\u2019humanit\u00e9 de l\u2019autodestruction ? N\u2019est-ce pas la le\u00e7on que nous devons tous apprendre, si nous voulons survivre en tant qu\u2019esp\u00e8ce ?<\/p>","protected":false},"excerpt":{"rendered":"<p>My name is Ekaterina Gopenko, I am a musician. I first appeared on board of the Shtandart at the very beginning of March 2022, since I had planned a weekly participation in the voyage six months before, and at the time of February 22, 2022 was already on the way to Europe. It was at [&hellip;]<\/p>","protected":false},"author":990016,"featured_media":0,"parent":0,"menu_order":0,"comment_status":"closed","ping_status":"closed","template":"","meta":{"_themeisle_gutenberg_block_has_review":false,"footnotes":""},"class_list":["post-4319","page","type-page","status-publish","hentry"],"yoast_head":"<!-- This site is optimized with the Yoast SEO plugin v25.5 - https:\/\/yoast.com\/wordpress\/plugins\/seo\/ -->\n<title>Story of Ekaterina Gopenko - Shtandart<\/title>\n<meta name=\"robots\" content=\"index, follow, max-snippet:-1, max-image-preview:large, max-video-preview:-1\" \/>\n<link rel=\"canonical\" href=\"https:\/\/shtandart.eu\/fr\/story-of-ekaterina-gopenko\/\" \/>\n<meta property=\"og:locale\" content=\"fr_FR\" \/>\n<meta property=\"og:type\" content=\"article\" \/>\n<meta property=\"og:title\" content=\"Story of Ekaterina Gopenko - Shtandart\" \/>\n<meta property=\"og:description\" content=\"My name is Ekaterina Gopenko, I am a musician. I first appeared on board of the Shtandart at the very beginning of March 2022, since I had planned a weekly participation in the voyage six months before, and at the time of February 22, 2022 was already on the way to Europe. It was at [&hellip;]\" \/>\n<meta property=\"og:url\" content=\"https:\/\/shtandart.eu\/fr\/story-of-ekaterina-gopenko\/\" \/>\n<meta property=\"og:site_name\" content=\"Shtandart\" \/>\n<meta property=\"article:publisher\" content=\"https:\/\/www.facebook.com\/Frigate.Shtandart\/\" \/>\n<meta property=\"article:modified_time\" content=\"2025-02-18T19:11:56+00:00\" \/>\n<meta property=\"og:image\" content=\"https:\/\/shtandart.eu\/wp-content\/uploads\/2025\/02\/Katya-1024x491.jpg\" \/>\n<meta name=\"twitter:card\" content=\"summary_large_image\" \/>\n<meta name=\"twitter:label1\" content=\"Dur\u00e9e de lecture estim\u00e9e\" \/>\n\t<meta name=\"twitter:data1\" content=\"2 minutes\" \/>\n<script type=\"application\/ld+json\" class=\"yoast-schema-graph\">{\"@context\":\"https:\/\/schema.org\",\"@graph\":[{\"@type\":\"WebPage\",\"@id\":\"https:\/\/shtandart.eu\/ru\/story-of-ekaterina-gopenko\/\",\"url\":\"https:\/\/shtandart.eu\/ru\/story-of-ekaterina-gopenko\/\",\"name\":\"Story of Ekaterina Gopenko - Shtandart\",\"isPartOf\":{\"@id\":\"https:\/\/shtandart.eu\/#website\"},\"primaryImageOfPage\":{\"@id\":\"https:\/\/shtandart.eu\/ru\/story-of-ekaterina-gopenko\/#primaryimage\"},\"image\":{\"@id\":\"https:\/\/shtandart.eu\/ru\/story-of-ekaterina-gopenko\/#primaryimage\"},\"thumbnailUrl\":\"https:\/\/shtandart.eu\/wp-content\/uploads\/2025\/02\/Katya-1024x491.jpg\",\"datePublished\":\"2025-02-18T19:11:55+00:00\",\"dateModified\":\"2025-02-18T19:11:56+00:00\",\"breadcrumb\":{\"@id\":\"https:\/\/shtandart.eu\/ru\/story-of-ekaterina-gopenko\/#breadcrumb\"},\"inLanguage\":\"fr-FR\",\"potentialAction\":[{\"@type\":\"ReadAction\",\"target\":[\"https:\/\/shtandart.eu\/ru\/story-of-ekaterina-gopenko\/\"]}]},{\"@type\":\"ImageObject\",\"inLanguage\":\"fr-FR\",\"@id\":\"https:\/\/shtandart.eu\/ru\/story-of-ekaterina-gopenko\/#primaryimage\",\"url\":\"https:\/\/shtandart.eu\/wp-content\/uploads\/2025\/02\/Katya-1024x491.jpg\",\"contentUrl\":\"https:\/\/shtandart.eu\/wp-content\/uploads\/2025\/02\/Katya-1024x491.jpg\"},{\"@type\":\"BreadcrumbList\",\"@id\":\"https:\/\/shtandart.eu\/ru\/story-of-ekaterina-gopenko\/#breadcrumb\",\"itemListElement\":[{\"@type\":\"ListItem\",\"position\":1,\"name\":\"Home\",\"item\":\"https:\/\/shtandart.eu\/\"},{\"@type\":\"ListItem\",\"position\":2,\"name\":\"Story of Ekaterina Gopenko\"}]},{\"@type\":\"WebSite\",\"@id\":\"https:\/\/shtandart.eu\/#website\",\"url\":\"https:\/\/shtandart.eu\/\",\"name\":\"Shtandart\",\"description\":\"\",\"publisher\":{\"@id\":\"https:\/\/shtandart.eu\/#organization\"},\"potentialAction\":[{\"@type\":\"SearchAction\",\"target\":{\"@type\":\"EntryPoint\",\"urlTemplate\":\"https:\/\/shtandart.eu\/?s={search_term_string}\"},\"query-input\":{\"@type\":\"PropertyValueSpecification\",\"valueRequired\":true,\"valueName\":\"search_term_string\"}}],\"inLanguage\":\"fr-FR\"},{\"@type\":\"Organization\",\"@id\":\"https:\/\/shtandart.eu\/#organization\",\"name\":\"Shtandart\",\"url\":\"https:\/\/shtandart.eu\/\",\"logo\":{\"@type\":\"ImageObject\",\"inLanguage\":\"fr-FR\",\"@id\":\"https:\/\/shtandart.eu\/#\/schema\/logo\/image\/\",\"url\":\"https:\/\/shtandart.eu\/wp-content\/uploads\/2023\/12\/\u0411\u0435\u0437-\u0438\u043c\u0435\u043d\u0438-2.png\",\"contentUrl\":\"https:\/\/shtandart.eu\/wp-content\/uploads\/2023\/12\/\u0411\u0435\u0437-\u0438\u043c\u0435\u043d\u0438-2.png\",\"width\":512,\"height\":511,\"caption\":\"Shtandart\"},\"image\":{\"@id\":\"https:\/\/shtandart.eu\/#\/schema\/logo\/image\/\"},\"sameAs\":[\"https:\/\/www.facebook.com\/Frigate.Shtandart\/\"]}]}<\/script>\n<!-- \/ Yoast SEO plugin. -->","yoast_head_json":{"title":"Story of Ekaterina Gopenko - Shtandart","robots":{"index":"index","follow":"follow","max-snippet":"max-snippet:-1","max-image-preview":"max-image-preview:large","max-video-preview":"max-video-preview:-1"},"canonical":"https:\/\/shtandart.eu\/fr\/story-of-ekaterina-gopenko\/","og_locale":"fr_FR","og_type":"article","og_title":"Story of Ekaterina Gopenko - Shtandart","og_description":"My name is Ekaterina Gopenko, I am a musician. I first appeared on board of the Shtandart at the very beginning of March 2022, since I had planned a weekly participation in the voyage six months before, and at the time of February 22, 2022 was already on the way to Europe. It was at [&hellip;]","og_url":"https:\/\/shtandart.eu\/fr\/story-of-ekaterina-gopenko\/","og_site_name":"Shtandart","article_publisher":"https:\/\/www.facebook.com\/Frigate.Shtandart\/","article_modified_time":"2025-02-18T19:11:56+00:00","og_image":[{"url":"https:\/\/shtandart.eu\/wp-content\/uploads\/2025\/02\/Katya-1024x491.jpg","type":"","width":"","height":""}],"twitter_card":"summary_large_image","twitter_misc":{"Dur\u00e9e de lecture estim\u00e9e":"2 minutes"},"schema":{"@context":"https:\/\/schema.org","@graph":[{"@type":"WebPage","@id":"https:\/\/shtandart.eu\/ru\/story-of-ekaterina-gopenko\/","url":"https:\/\/shtandart.eu\/ru\/story-of-ekaterina-gopenko\/","name":"Story of Ekaterina Gopenko - Shtandart","isPartOf":{"@id":"https:\/\/shtandart.eu\/#website"},"primaryImageOfPage":{"@id":"https:\/\/shtandart.eu\/ru\/story-of-ekaterina-gopenko\/#primaryimage"},"image":{"@id":"https:\/\/shtandart.eu\/ru\/story-of-ekaterina-gopenko\/#primaryimage"},"thumbnailUrl":"https:\/\/shtandart.eu\/wp-content\/uploads\/2025\/02\/Katya-1024x491.jpg","datePublished":"2025-02-18T19:11:55+00:00","dateModified":"2025-02-18T19:11:56+00:00","breadcrumb":{"@id":"https:\/\/shtandart.eu\/ru\/story-of-ekaterina-gopenko\/#breadcrumb"},"inLanguage":"fr-FR","potentialAction":[{"@type":"ReadAction","target":["https:\/\/shtandart.eu\/ru\/story-of-ekaterina-gopenko\/"]}]},{"@type":"ImageObject","inLanguage":"fr-FR","@id":"https:\/\/shtandart.eu\/ru\/story-of-ekaterina-gopenko\/#primaryimage","url":"https:\/\/shtandart.eu\/wp-content\/uploads\/2025\/02\/Katya-1024x491.jpg","contentUrl":"https:\/\/shtandart.eu\/wp-content\/uploads\/2025\/02\/Katya-1024x491.jpg"},{"@type":"BreadcrumbList","@id":"https:\/\/shtandart.eu\/ru\/story-of-ekaterina-gopenko\/#breadcrumb","itemListElement":[{"@type":"ListItem","position":1,"name":"Home","item":"https:\/\/shtandart.eu\/"},{"@type":"ListItem","position":2,"name":"Story of Ekaterina Gopenko"}]},{"@type":"WebSite","@id":"https:\/\/shtandart.eu\/#website","url":"https:\/\/shtandart.eu\/","name":"Shtandart","description":"","publisher":{"@id":"https:\/\/shtandart.eu\/#organization"},"potentialAction":[{"@type":"SearchAction","target":{"@type":"EntryPoint","urlTemplate":"https:\/\/shtandart.eu\/?s={search_term_string}"},"query-input":{"@type":"PropertyValueSpecification","valueRequired":true,"valueName":"search_term_string"}}],"inLanguage":"fr-FR"},{"@type":"Organization","@id":"https:\/\/shtandart.eu\/#organization","name":"Shtandart","url":"https:\/\/shtandart.eu\/","logo":{"@type":"ImageObject","inLanguage":"fr-FR","@id":"https:\/\/shtandart.eu\/#\/schema\/logo\/image\/","url":"https:\/\/shtandart.eu\/wp-content\/uploads\/2023\/12\/\u0411\u0435\u0437-\u0438\u043c\u0435\u043d\u0438-2.png","contentUrl":"https:\/\/shtandart.eu\/wp-content\/uploads\/2023\/12\/\u0411\u0435\u0437-\u0438\u043c\u0435\u043d\u0438-2.png","width":512,"height":511,"caption":"Shtandart"},"image":{"@id":"https:\/\/shtandart.eu\/#\/schema\/logo\/image\/"},"sameAs":["https:\/\/www.facebook.com\/Frigate.Shtandart\/"]}]}},"_links":{"self":[{"href":"https:\/\/shtandart.eu\/fr\/wp-json\/wp\/v2\/pages\/4319","targetHints":{"allow":["GET"]}}],"collection":[{"href":"https:\/\/shtandart.eu\/fr\/wp-json\/wp\/v2\/pages"}],"about":[{"href":"https:\/\/shtandart.eu\/fr\/wp-json\/wp\/v2\/types\/page"}],"author":[{"embeddable":true,"href":"https:\/\/shtandart.eu\/fr\/wp-json\/wp\/v2\/users\/990016"}],"replies":[{"embeddable":true,"href":"https:\/\/shtandart.eu\/fr\/wp-json\/wp\/v2\/comments?post=4319"}],"version-history":[{"count":1,"href":"https:\/\/shtandart.eu\/fr\/wp-json\/wp\/v2\/pages\/4319\/revisions"}],"predecessor-version":[{"id":4321,"href":"https:\/\/shtandart.eu\/fr\/wp-json\/wp\/v2\/pages\/4319\/revisions\/4321"}],"wp:attachment":[{"href":"https:\/\/shtandart.eu\/fr\/wp-json\/wp\/v2\/media?parent=4319"}],"curies":[{"name":"wp","href":"https:\/\/api.w.org\/{rel}","templated":true}]}}