{"id":4232,"date":"2025-02-09T12:20:49","date_gmt":"2025-02-09T11:20:49","guid":{"rendered":"https:\/\/shtandart.eu\/?page_id=4232"},"modified":"2025-06-15T14:39:05","modified_gmt":"2025-06-15T12:39:05","slug":"who-are-we","status":"publish","type":"page","link":"https:\/\/shtandart.eu\/fr\/who-are-we\/","title":{"rendered":"Qui sommes-nous"},"content":{"rendered":"<p>Le Shtandart a \u00e9t\u00e9 construit \u00e0 Saint-P\u00e9tersbourg entre 1994 et 1999 par des b\u00e9n\u00e9voles inspir\u00e9s par la premi\u00e8re fr\u00e9gate de Pierre le Grand, lanc\u00e9e en 1703. Le Shtandart est un morceau vivant d\u2019histoire et <strong>l\u2019un des seuls gr\u00e9ements carr\u00e9s en bois encore op\u00e9rationnels en Europe.<\/strong>Construit pour honorer le savoir-faire maritime du XVIIIe si\u00e8cle, Shtandart n\u2019est pas seulement un symbole du pass\u00e9 ; il<strong> navigue activement aujourd\u2019hui<\/strong>, perp\u00e9tuant la tradition des voiliers \u00e0 gr\u00e9ement carr\u00e9.<\/p>\n\n\n\n<p>Au c\u0153ur de la mission du Shtandart se trouvent nos <strong>inoubliables voyages avec un \u00e9quipage international<\/strong> , ouverts \u00e0 tous ceux qui ont soif d\u2019aventure. Que vous soyez un marin exp\u00e9riment\u00e9 ou que vous n\u2019ayez jamais mis le pied sur un bateau, vous \u00eates le bienvenu \u00e0 bord. Tirer sur les cordages, barrer le navire, naviguer et monter la garde la nuit : chaque participant devient un membre essentiel de l\u2019\u00e9quipage. Ces voyages ne se r\u00e9sument pas \u00e0 apprendre \u00e0 naviguer ; ils permettent aussi de sortir de la routine quotidienne, d\u2019embrasser l\u2019aventure de la mer et de cr\u00e9er des souvenirs inoubliables.<\/p>\n\n\n<div class=\"wp-block-image\">\n<figure class=\"alignleft size-large is-resized\"><img loading=\"lazy\" decoding=\"async\" width=\"1024\" height=\"621\" src=\"https:\/\/shtandart.eu\/wp-content\/uploads\/2023\/12\/sea-1024x621.jpg\" alt=\"\" class=\"wp-image-2854\" style=\"width:500px\" srcset=\"https:\/\/shtandart.eu\/wp-content\/uploads\/2023\/12\/sea-1024x621.jpg 1024w, https:\/\/shtandart.eu\/wp-content\/uploads\/2023\/12\/sea-300x182.jpg 300w, https:\/\/shtandart.eu\/wp-content\/uploads\/2023\/12\/sea-768x466.jpg 768w, https:\/\/shtandart.eu\/wp-content\/uploads\/2023\/12\/sea-18x12.jpg 18w, https:\/\/shtandart.eu\/wp-content\/uploads\/2023\/12\/sea-600x364.jpg 600w, https:\/\/shtandart.eu\/wp-content\/uploads\/2023\/12\/sea.jpg 1421w\" sizes=\"auto, (max-width: 1024px) 100vw, 1024px\" \/><\/figure>\n<\/div>\n\n\n<p>Gr\u00e2ce \u00e0 nos officiers hautement exp\u00e9riment\u00e9s et \u00e0 une riche transmission du <strong>savoir maritime<\/strong>, nous nous assurons que chacun, qu\u2019il recherche une aventure unique ou envisage une carri\u00e8re maritime, re\u00e7oive une formation adapt\u00e9e \u00e0 ses attentes. De nombreux stagiaires sont devenus marins professionnels, capitaines ou leaders dans le monde maritime, et beaucoup consid\u00e8rent Shtandart comme l\u2019endroit o\u00f9 ils ont d\u00e9couvert leur passion et fait leurs premiers pas vers une vie en mer.<\/p>\n\n\n\n<p>Depuis 15 ans, Shtandart est un nomade des mers, naviguant \u00e0 travers l\u2019Europe, de la M\u00e9diterran\u00e9e \u00e0 la mer Baltique. Il participe r\u00e9guli\u00e8rement \u00e0 des <strong>festivals maritimes,<\/strong> o\u00f9 sa silhouette \u00e9l\u00e9gante et son parfait \u00e9tat de fonctionnement en font une attraction majeure. Lors de ces \u00e9v\u00e9nements, nous invitons les visiteurs \u00e0 monter \u00e0 bord, d\u00e9couvrir la navigation du XVIIIe si\u00e8cle et comprendre ce qui rend le Shtandart si unique.\n\nNotre objectif est simple mais essentiel<strong> faire vivre l\u2019histoire maritime tout en inspirant et formant la prochaine g\u00e9n\u00e9ration de marins et d\u2019aventuriers<\/strong>. Shtandart n\u2019est pas juste un navire ; c\u2019est un h\u00e9ritage flottant, un t\u00e9moignage du savoir-faire ancien et une invitation \u00e0 vivre la magie de la mer.<\/p>","protected":false},"excerpt":{"rendered":"<p>The Shtandart was built in St. Petersburg in 1999, by volunteers inspired by Peter the Great\u2019s first frigate of 1703. Shtandart is a living piece of history and one of the only operational wooden square riggers of her kind in Europe. Built to honor 18th-century maritime craftsmanship, Shtandart isn\u2019t just a symbol of the past; [&hellip;]<\/p>","protected":false},"author":990016,"featured_media":0,"parent":0,"menu_order":0,"comment_status":"closed","ping_status":"closed","template":"","meta":{"_themeisle_gutenberg_block_has_review":false,"footnotes":""},"class_list":["post-4232","page","type-page","status-publish","hentry"],"yoast_head":"<!-- This site is optimized with the Yoast SEO plugin v25.5 - https:\/\/yoast.com\/wordpress\/plugins\/seo\/ -->\n<title>Who are we - Shtandart<\/title>\n<meta name=\"robots\" content=\"index, follow, max-snippet:-1, max-image-preview:large, max-video-preview:-1\" \/>\n<link rel=\"canonical\" href=\"https:\/\/shtandart.eu\/fr\/who-are-we\/\" \/>\n<meta property=\"og:locale\" content=\"fr_FR\" \/>\n<meta property=\"og:type\" content=\"article\" \/>\n<meta property=\"og:title\" content=\"Who are we - Shtandart\" \/>\n<meta property=\"og:description\" content=\"The Shtandart was built in St. Petersburg in 1999, by volunteers inspired by Peter the Great\u2019s first frigate of 1703. Shtandart is a living piece of history and one of the only operational wooden square riggers of her kind in Europe. Built to honor 18th-century maritime craftsmanship, Shtandart isn\u2019t just a symbol of the past; [&hellip;]\" \/>\n<meta property=\"og:url\" content=\"https:\/\/shtandart.eu\/fr\/who-are-we\/\" \/>\n<meta property=\"og:site_name\" content=\"Shtandart\" \/>\n<meta property=\"article:publisher\" content=\"https:\/\/www.facebook.com\/Frigate.Shtandart\/\" \/>\n<meta property=\"article:modified_time\" content=\"2025-06-15T12:39:05+00:00\" \/>\n<meta property=\"og:image\" content=\"https:\/\/shtandart.eu\/wp-content\/uploads\/2023\/12\/sea-1024x621.jpg\" \/>\n<meta name=\"twitter:card\" content=\"summary_large_image\" \/>\n<meta name=\"twitter:label1\" content=\"Dur\u00e9e de lecture estim\u00e9e\" \/>\n\t<meta name=\"twitter:data1\" content=\"2 minutes\" \/>\n<script type=\"application\/ld+json\" class=\"yoast-schema-graph\">{\"@context\":\"https:\/\/schema.org\",\"@graph\":[{\"@type\":\"WebPage\",\"@id\":\"https:\/\/shtandart.eu\/who-are-we\/\",\"url\":\"https:\/\/shtandart.eu\/who-are-we\/\",\"name\":\"Who are we - Shtandart\",\"isPartOf\":{\"@id\":\"https:\/\/shtandart.eu\/#website\"},\"primaryImageOfPage\":{\"@id\":\"https:\/\/shtandart.eu\/who-are-we\/#primaryimage\"},\"image\":{\"@id\":\"https:\/\/shtandart.eu\/who-are-we\/#primaryimage\"},\"thumbnailUrl\":\"https:\/\/shtandart.eu\/wp-content\/uploads\/2023\/12\/sea-1024x621.jpg\",\"datePublished\":\"2025-02-09T11:20:49+00:00\",\"dateModified\":\"2025-06-15T12:39:05+00:00\",\"breadcrumb\":{\"@id\":\"https:\/\/shtandart.eu\/who-are-we\/#breadcrumb\"},\"inLanguage\":\"fr-FR\",\"potentialAction\":[{\"@type\":\"ReadAction\",\"target\":[\"https:\/\/shtandart.eu\/who-are-we\/\"]}]},{\"@type\":\"ImageObject\",\"inLanguage\":\"fr-FR\",\"@id\":\"https:\/\/shtandart.eu\/who-are-we\/#primaryimage\",\"url\":\"https:\/\/shtandart.eu\/wp-content\/uploads\/2023\/12\/sea-1024x621.jpg\",\"contentUrl\":\"https:\/\/shtandart.eu\/wp-content\/uploads\/2023\/12\/sea-1024x621.jpg\"},{\"@type\":\"BreadcrumbList\",\"@id\":\"https:\/\/shtandart.eu\/who-are-we\/#breadcrumb\",\"itemListElement\":[{\"@type\":\"ListItem\",\"position\":1,\"name\":\"Home\",\"item\":\"https:\/\/shtandart.eu\/\"},{\"@type\":\"ListItem\",\"position\":2,\"name\":\"Who are we\"}]},{\"@type\":\"WebSite\",\"@id\":\"https:\/\/shtandart.eu\/#website\",\"url\":\"https:\/\/shtandart.eu\/\",\"name\":\"Shtandart\",\"description\":\"\",\"publisher\":{\"@id\":\"https:\/\/shtandart.eu\/#organization\"},\"potentialAction\":[{\"@type\":\"SearchAction\",\"target\":{\"@type\":\"EntryPoint\",\"urlTemplate\":\"https:\/\/shtandart.eu\/?s={search_term_string}\"},\"query-input\":{\"@type\":\"PropertyValueSpecification\",\"valueRequired\":true,\"valueName\":\"search_term_string\"}}],\"inLanguage\":\"fr-FR\"},{\"@type\":\"Organization\",\"@id\":\"https:\/\/shtandart.eu\/#organization\",\"name\":\"Shtandart\",\"url\":\"https:\/\/shtandart.eu\/\",\"logo\":{\"@type\":\"ImageObject\",\"inLanguage\":\"fr-FR\",\"@id\":\"https:\/\/shtandart.eu\/#\/schema\/logo\/image\/\",\"url\":\"https:\/\/shtandart.eu\/wp-content\/uploads\/2023\/12\/\u0411\u0435\u0437-\u0438\u043c\u0435\u043d\u0438-2.png\",\"contentUrl\":\"https:\/\/shtandart.eu\/wp-content\/uploads\/2023\/12\/\u0411\u0435\u0437-\u0438\u043c\u0435\u043d\u0438-2.png\",\"width\":512,\"height\":511,\"caption\":\"Shtandart\"},\"image\":{\"@id\":\"https:\/\/shtandart.eu\/#\/schema\/logo\/image\/\"},\"sameAs\":[\"https:\/\/www.facebook.com\/Frigate.Shtandart\/\"]}]}<\/script>\n<!-- \/ Yoast SEO plugin. -->","yoast_head_json":{"title":"Who are we - Shtandart","robots":{"index":"index","follow":"follow","max-snippet":"max-snippet:-1","max-image-preview":"max-image-preview:large","max-video-preview":"max-video-preview:-1"},"canonical":"https:\/\/shtandart.eu\/fr\/who-are-we\/","og_locale":"fr_FR","og_type":"article","og_title":"Who are we - Shtandart","og_description":"The Shtandart was built in St. Petersburg in 1999, by volunteers inspired by Peter the Great\u2019s first frigate of 1703. Shtandart is a living piece of history and one of the only operational wooden square riggers of her kind in Europe. Built to honor 18th-century maritime craftsmanship, Shtandart isn\u2019t just a symbol of the past; [&hellip;]","og_url":"https:\/\/shtandart.eu\/fr\/who-are-we\/","og_site_name":"Shtandart","article_publisher":"https:\/\/www.facebook.com\/Frigate.Shtandart\/","article_modified_time":"2025-06-15T12:39:05+00:00","og_image":[{"url":"https:\/\/shtandart.eu\/wp-content\/uploads\/2023\/12\/sea-1024x621.jpg","type":"","width":"","height":""}],"twitter_card":"summary_large_image","twitter_misc":{"Dur\u00e9e de lecture estim\u00e9e":"2 minutes"},"schema":{"@context":"https:\/\/schema.org","@graph":[{"@type":"WebPage","@id":"https:\/\/shtandart.eu\/who-are-we\/","url":"https:\/\/shtandart.eu\/who-are-we\/","name":"Who are we - Shtandart","isPartOf":{"@id":"https:\/\/shtandart.eu\/#website"},"primaryImageOfPage":{"@id":"https:\/\/shtandart.eu\/who-are-we\/#primaryimage"},"image":{"@id":"https:\/\/shtandart.eu\/who-are-we\/#primaryimage"},"thumbnailUrl":"https:\/\/shtandart.eu\/wp-content\/uploads\/2023\/12\/sea-1024x621.jpg","datePublished":"2025-02-09T11:20:49+00:00","dateModified":"2025-06-15T12:39:05+00:00","breadcrumb":{"@id":"https:\/\/shtandart.eu\/who-are-we\/#breadcrumb"},"inLanguage":"fr-FR","potentialAction":[{"@type":"ReadAction","target":["https:\/\/shtandart.eu\/who-are-we\/"]}]},{"@type":"ImageObject","inLanguage":"fr-FR","@id":"https:\/\/shtandart.eu\/who-are-we\/#primaryimage","url":"https:\/\/shtandart.eu\/wp-content\/uploads\/2023\/12\/sea-1024x621.jpg","contentUrl":"https:\/\/shtandart.eu\/wp-content\/uploads\/2023\/12\/sea-1024x621.jpg"},{"@type":"BreadcrumbList","@id":"https:\/\/shtandart.eu\/who-are-we\/#breadcrumb","itemListElement":[{"@type":"ListItem","position":1,"name":"Home","item":"https:\/\/shtandart.eu\/"},{"@type":"ListItem","position":2,"name":"Who are we"}]},{"@type":"WebSite","@id":"https:\/\/shtandart.eu\/#website","url":"https:\/\/shtandart.eu\/","name":"Shtandart","description":"","publisher":{"@id":"https:\/\/shtandart.eu\/#organization"},"potentialAction":[{"@type":"SearchAction","target":{"@type":"EntryPoint","urlTemplate":"https:\/\/shtandart.eu\/?s={search_term_string}"},"query-input":{"@type":"PropertyValueSpecification","valueRequired":true,"valueName":"search_term_string"}}],"inLanguage":"fr-FR"},{"@type":"Organization","@id":"https:\/\/shtandart.eu\/#organization","name":"Shtandart","url":"https:\/\/shtandart.eu\/","logo":{"@type":"ImageObject","inLanguage":"fr-FR","@id":"https:\/\/shtandart.eu\/#\/schema\/logo\/image\/","url":"https:\/\/shtandart.eu\/wp-content\/uploads\/2023\/12\/\u0411\u0435\u0437-\u0438\u043c\u0435\u043d\u0438-2.png","contentUrl":"https:\/\/shtandart.eu\/wp-content\/uploads\/2023\/12\/\u0411\u0435\u0437-\u0438\u043c\u0435\u043d\u0438-2.png","width":512,"height":511,"caption":"Shtandart"},"image":{"@id":"https:\/\/shtandart.eu\/#\/schema\/logo\/image\/"},"sameAs":["https:\/\/www.facebook.com\/Frigate.Shtandart\/"]}]}},"_links":{"self":[{"href":"https:\/\/shtandart.eu\/fr\/wp-json\/wp\/v2\/pages\/4232","targetHints":{"allow":["GET"]}}],"collection":[{"href":"https:\/\/shtandart.eu\/fr\/wp-json\/wp\/v2\/pages"}],"about":[{"href":"https:\/\/shtandart.eu\/fr\/wp-json\/wp\/v2\/types\/page"}],"author":[{"embeddable":true,"href":"https:\/\/shtandart.eu\/fr\/wp-json\/wp\/v2\/users\/990016"}],"replies":[{"embeddable":true,"href":"https:\/\/shtandart.eu\/fr\/wp-json\/wp\/v2\/comments?post=4232"}],"version-history":[{"count":8,"href":"https:\/\/shtandart.eu\/fr\/wp-json\/wp\/v2\/pages\/4232\/revisions"}],"predecessor-version":[{"id":4621,"href":"https:\/\/shtandart.eu\/fr\/wp-json\/wp\/v2\/pages\/4232\/revisions\/4621"}],"wp:attachment":[{"href":"https:\/\/shtandart.eu\/fr\/wp-json\/wp\/v2\/media?parent=4232"}],"curies":[{"name":"wp","href":"https:\/\/api.w.org\/{rel}","templated":true}]}}