{"id":4227,"date":"2025-02-08T21:57:39","date_gmt":"2025-02-08T20:57:39","guid":{"rendered":"https:\/\/shtandart.eu\/?page_id=4227"},"modified":"2025-02-15T20:47:36","modified_gmt":"2025-02-15T19:47:36","slug":"story-of-tom-curmer","status":"publish","type":"page","link":"https:\/\/shtandart.eu\/fr\/story-of-tom-curmer\/","title":{"rendered":"Histoire de Tom Curmer"},"content":{"rendered":"<p>Je m'appelle Tom, j'ai 23 ans et je nourris depuis peu l'envie d'apprendre la navigation sur vieux gr\u00e9ements typiques du XVIII\u00e8me si\u00e8cle.\u00a0\u00a0<\/p>\n\n\n\n<p>C'est en faisant du b\u00e9n\u00e9volat sur l'Hermione que j'entendis parler pour la premi\u00e8re fois du Shtandart.\u00a0<\/p>\n\n\n\n<p>Je fus tr\u00e8s touch\u00e9 par son histoire, son interdiction d'accoster dans les ports europ\u00e9ens me parue tout de suite scandaleuse et injuste, ce qui me donna d'autant plus envie de les rencontrer afin de servir leur simple cause, inoffensive et belle : faire d\u00e9couvrir et transmettre le savoir de la navigation traditionnelle du XVIII\u00e8me si\u00e8cle sur un trois m\u00e2ts, voiles carr\u00e9es, coque en bois.\u00a0<\/p>\n\n\n\n<p>Il s\u2019av\u00e9rait que le Shtandart avait besoin de b\u00e9n\u00e9voles de longue dur\u00e9e, entre 3 et 6 mois, que j'\u00e9tais disponible, et que j'avais tr\u00e8s envie de d\u00e9couvrir cet univers et ce savoir. Je les contactais, et fus admis.\u00a0<\/p>\n\n\n\n<p>Depuis que je suis \u00e0 bord, je ne cesse d'apprendre chaque jour ; \u00e0 propos de l'organisation de la vie quotidienne, sur l'entretien d'un tel navire (cale s\u00e8che et entretiens annexes), et bien entendu sur les techniques de navigation elles-m\u00eame. Et quand bien-m\u00eame le Shtandart soit aujourd'hui limit\u00e9 dans ses mouvements, et que par cons\u00e9quence je ne puisse pratiquer r\u00e9guli\u00e8rement, on organise des sessions de \"cours\" sur diff\u00e9rentes th\u00e9matiques : on nous enseigne les bases de la navigation c\u00e9leste, les principes de stabilit\u00e9, le fonctionnement des voiles, les virements de bords et tant d'autres choses encore\u2026 On m'a \u00e9galement pr\u00eat\u00e9 un superbe livre retra\u00e7ant l'\u00e9volution des techniques et des navires de 1460 \u00e0 1850 que j'\u00e9tudie chaque jour, et on prend du temps pour m'expliquer quand je n'arrive pas \u00e0 comprendre un passage. C'est excellent.\u00a0<\/p>\n\n\n\n<p>\u00c9tant donn\u00e9 que le Shtandart est une des seules fr\u00e9gates en bois encore navigante, et que le b\u00e9n\u00e9volat me permet d'en apprendre autant sans rien d\u00e9penser, je me sens extr\u00eamement chanceux de pouvoir \u00eatre \u00e0 son bord.\u00a0<\/p>\n\n\n\n<p>C'est gr\u00e2ce au Shtandart et aux rencontres qu'il favorise que j'ai pu d\u00e9couvrir un de mes futurs grands projets de vie ; \u00e0 savoir cr\u00e9er un lieu de vie flottant et naviguant, faire vivre l'impensable d'une exp\u00e9rience \u00e0 long terme sur un navire d'enfants et d'adolescents, leur faire toucher du doigt l'impossible, d\u00e9cupler leur confiance en eux et leur potentiel, les faire r\u00eaver, les faire grandir\u2026\u00a0\u00a0<\/p>\n\n\n\n<p>L'histoire de la construction du Shtandart montre combien tout est possible, que l'on peut croire en ses r\u00eaves et faire de nos r\u00eaves notre r\u00e9alit\u00e9, cela d\u00e9pend de nous voil\u00e0 tout. Aujourd'hui j'ai celui-ci, et qui sait, peut-\u00eatre qu'il m'am\u00e8nera un jour \u00e0 devenir capitaine ?<\/p>","protected":false},"excerpt":{"rendered":"<p>My name is Tom, I am 23 years old, and I recently developed the desire to learn how to sail on traditional 18th-century tall ships. While volunteering on the Hermione, I first heard about the Shtandart. I was deeply moved by its story. Its ban from European ports immediately struck me as scandalous and unfair, [&hellip;]<\/p>","protected":false},"author":990016,"featured_media":0,"parent":0,"menu_order":0,"comment_status":"closed","ping_status":"closed","template":"","meta":{"_themeisle_gutenberg_block_has_review":false,"footnotes":""},"class_list":["post-4227","page","type-page","status-publish","hentry"],"yoast_head":"<!-- This site is optimized with the Yoast SEO plugin v25.5 - https:\/\/yoast.com\/wordpress\/plugins\/seo\/ -->\n<title>Story of Tom Curmer - Shtandart<\/title>\n<meta name=\"robots\" content=\"index, follow, max-snippet:-1, max-image-preview:large, max-video-preview:-1\" \/>\n<link rel=\"canonical\" href=\"https:\/\/shtandart.eu\/fr\/story-of-tom-curmer\/\" \/>\n<meta property=\"og:locale\" content=\"fr_FR\" \/>\n<meta property=\"og:type\" content=\"article\" \/>\n<meta property=\"og:title\" content=\"Story of Tom Curmer - Shtandart\" \/>\n<meta property=\"og:description\" content=\"My name is Tom, I am 23 years old, and I recently developed the desire to learn how to sail on traditional 18th-century tall ships. While volunteering on the Hermione, I first heard about the Shtandart. I was deeply moved by its story. Its ban from European ports immediately struck me as scandalous and unfair, [&hellip;]\" \/>\n<meta property=\"og:url\" content=\"https:\/\/shtandart.eu\/fr\/story-of-tom-curmer\/\" \/>\n<meta property=\"og:site_name\" content=\"Shtandart\" \/>\n<meta property=\"article:publisher\" content=\"https:\/\/www.facebook.com\/Frigate.Shtandart\/\" \/>\n<meta property=\"article:modified_time\" content=\"2025-02-15T19:47:36+00:00\" \/>\n<meta name=\"twitter:card\" content=\"summary_large_image\" \/>\n<meta name=\"twitter:label1\" content=\"Dur\u00e9e de lecture estim\u00e9e\" \/>\n\t<meta name=\"twitter:data1\" content=\"2 minutes\" \/>\n<script type=\"application\/ld+json\" class=\"yoast-schema-graph\">{\"@context\":\"https:\/\/schema.org\",\"@graph\":[{\"@type\":\"WebPage\",\"@id\":\"https:\/\/shtandart.eu\/story-of-tom-curmer\/\",\"url\":\"https:\/\/shtandart.eu\/story-of-tom-curmer\/\",\"name\":\"Story of Tom Curmer - Shtandart\",\"isPartOf\":{\"@id\":\"https:\/\/shtandart.eu\/#website\"},\"datePublished\":\"2025-02-08T20:57:39+00:00\",\"dateModified\":\"2025-02-15T19:47:36+00:00\",\"breadcrumb\":{\"@id\":\"https:\/\/shtandart.eu\/story-of-tom-curmer\/#breadcrumb\"},\"inLanguage\":\"fr-FR\",\"potentialAction\":[{\"@type\":\"ReadAction\",\"target\":[\"https:\/\/shtandart.eu\/story-of-tom-curmer\/\"]}]},{\"@type\":\"BreadcrumbList\",\"@id\":\"https:\/\/shtandart.eu\/story-of-tom-curmer\/#breadcrumb\",\"itemListElement\":[{\"@type\":\"ListItem\",\"position\":1,\"name\":\"Home\",\"item\":\"https:\/\/shtandart.eu\/\"},{\"@type\":\"ListItem\",\"position\":2,\"name\":\"Story of Tom Curmer\"}]},{\"@type\":\"WebSite\",\"@id\":\"https:\/\/shtandart.eu\/#website\",\"url\":\"https:\/\/shtandart.eu\/\",\"name\":\"Shtandart\",\"description\":\"\",\"publisher\":{\"@id\":\"https:\/\/shtandart.eu\/#organization\"},\"potentialAction\":[{\"@type\":\"SearchAction\",\"target\":{\"@type\":\"EntryPoint\",\"urlTemplate\":\"https:\/\/shtandart.eu\/?s={search_term_string}\"},\"query-input\":{\"@type\":\"PropertyValueSpecification\",\"valueRequired\":true,\"valueName\":\"search_term_string\"}}],\"inLanguage\":\"fr-FR\"},{\"@type\":\"Organization\",\"@id\":\"https:\/\/shtandart.eu\/#organization\",\"name\":\"Shtandart\",\"url\":\"https:\/\/shtandart.eu\/\",\"logo\":{\"@type\":\"ImageObject\",\"inLanguage\":\"fr-FR\",\"@id\":\"https:\/\/shtandart.eu\/#\/schema\/logo\/image\/\",\"url\":\"https:\/\/shtandart.eu\/wp-content\/uploads\/2023\/12\/\u0411\u0435\u0437-\u0438\u043c\u0435\u043d\u0438-2.png\",\"contentUrl\":\"https:\/\/shtandart.eu\/wp-content\/uploads\/2023\/12\/\u0411\u0435\u0437-\u0438\u043c\u0435\u043d\u0438-2.png\",\"width\":512,\"height\":511,\"caption\":\"Shtandart\"},\"image\":{\"@id\":\"https:\/\/shtandart.eu\/#\/schema\/logo\/image\/\"},\"sameAs\":[\"https:\/\/www.facebook.com\/Frigate.Shtandart\/\"]}]}<\/script>\n<!-- \/ Yoast SEO plugin. -->","yoast_head_json":{"title":"Story of Tom Curmer - Shtandart","robots":{"index":"index","follow":"follow","max-snippet":"max-snippet:-1","max-image-preview":"max-image-preview:large","max-video-preview":"max-video-preview:-1"},"canonical":"https:\/\/shtandart.eu\/fr\/story-of-tom-curmer\/","og_locale":"fr_FR","og_type":"article","og_title":"Story of Tom Curmer - Shtandart","og_description":"My name is Tom, I am 23 years old, and I recently developed the desire to learn how to sail on traditional 18th-century tall ships. While volunteering on the Hermione, I first heard about the Shtandart. I was deeply moved by its story. Its ban from European ports immediately struck me as scandalous and unfair, [&hellip;]","og_url":"https:\/\/shtandart.eu\/fr\/story-of-tom-curmer\/","og_site_name":"Shtandart","article_publisher":"https:\/\/www.facebook.com\/Frigate.Shtandart\/","article_modified_time":"2025-02-15T19:47:36+00:00","twitter_card":"summary_large_image","twitter_misc":{"Dur\u00e9e de lecture estim\u00e9e":"2 minutes"},"schema":{"@context":"https:\/\/schema.org","@graph":[{"@type":"WebPage","@id":"https:\/\/shtandart.eu\/story-of-tom-curmer\/","url":"https:\/\/shtandart.eu\/story-of-tom-curmer\/","name":"Story of Tom Curmer - Shtandart","isPartOf":{"@id":"https:\/\/shtandart.eu\/#website"},"datePublished":"2025-02-08T20:57:39+00:00","dateModified":"2025-02-15T19:47:36+00:00","breadcrumb":{"@id":"https:\/\/shtandart.eu\/story-of-tom-curmer\/#breadcrumb"},"inLanguage":"fr-FR","potentialAction":[{"@type":"ReadAction","target":["https:\/\/shtandart.eu\/story-of-tom-curmer\/"]}]},{"@type":"BreadcrumbList","@id":"https:\/\/shtandart.eu\/story-of-tom-curmer\/#breadcrumb","itemListElement":[{"@type":"ListItem","position":1,"name":"Home","item":"https:\/\/shtandart.eu\/"},{"@type":"ListItem","position":2,"name":"Story of Tom Curmer"}]},{"@type":"WebSite","@id":"https:\/\/shtandart.eu\/#website","url":"https:\/\/shtandart.eu\/","name":"Shtandart","description":"","publisher":{"@id":"https:\/\/shtandart.eu\/#organization"},"potentialAction":[{"@type":"SearchAction","target":{"@type":"EntryPoint","urlTemplate":"https:\/\/shtandart.eu\/?s={search_term_string}"},"query-input":{"@type":"PropertyValueSpecification","valueRequired":true,"valueName":"search_term_string"}}],"inLanguage":"fr-FR"},{"@type":"Organization","@id":"https:\/\/shtandart.eu\/#organization","name":"Shtandart","url":"https:\/\/shtandart.eu\/","logo":{"@type":"ImageObject","inLanguage":"fr-FR","@id":"https:\/\/shtandart.eu\/#\/schema\/logo\/image\/","url":"https:\/\/shtandart.eu\/wp-content\/uploads\/2023\/12\/\u0411\u0435\u0437-\u0438\u043c\u0435\u043d\u0438-2.png","contentUrl":"https:\/\/shtandart.eu\/wp-content\/uploads\/2023\/12\/\u0411\u0435\u0437-\u0438\u043c\u0435\u043d\u0438-2.png","width":512,"height":511,"caption":"Shtandart"},"image":{"@id":"https:\/\/shtandart.eu\/#\/schema\/logo\/image\/"},"sameAs":["https:\/\/www.facebook.com\/Frigate.Shtandart\/"]}]}},"_links":{"self":[{"href":"https:\/\/shtandart.eu\/fr\/wp-json\/wp\/v2\/pages\/4227","targetHints":{"allow":["GET"]}}],"collection":[{"href":"https:\/\/shtandart.eu\/fr\/wp-json\/wp\/v2\/pages"}],"about":[{"href":"https:\/\/shtandart.eu\/fr\/wp-json\/wp\/v2\/types\/page"}],"author":[{"embeddable":true,"href":"https:\/\/shtandart.eu\/fr\/wp-json\/wp\/v2\/users\/990016"}],"replies":[{"embeddable":true,"href":"https:\/\/shtandart.eu\/fr\/wp-json\/wp\/v2\/comments?post=4227"}],"version-history":[{"count":2,"href":"https:\/\/shtandart.eu\/fr\/wp-json\/wp\/v2\/pages\/4227\/revisions"}],"predecessor-version":[{"id":4315,"href":"https:\/\/shtandart.eu\/fr\/wp-json\/wp\/v2\/pages\/4227\/revisions\/4315"}],"wp:attachment":[{"href":"https:\/\/shtandart.eu\/fr\/wp-json\/wp\/v2\/media?parent=4227"}],"curies":[{"name":"wp","href":"https:\/\/api.w.org\/{rel}","templated":true}]}}