{"id":4150,"date":"2024-12-18T16:20:10","date_gmt":"2024-12-18T15:20:10","guid":{"rendered":"https:\/\/shtandart.eu\/?page_id=4150"},"modified":"2024-12-19T11:46:10","modified_gmt":"2024-12-19T10:46:10","slug":"association","status":"publish","type":"page","link":"https:\/\/shtandart.eu\/fr\/association\/","title":{"rendered":"L'Association Soutient B\u00e9n\u00e9vole au Voilier-\u00c9cole"},"content":{"rendered":"<p>Depuis son lancement, l\u2019embl\u00e9matique Shtandart sillonne les mers d\u2019Europe, des majestueux fjords norv\u00e9giens aux c\u00f4tes ensoleill\u00e9es de Chypre, en passant par Mad\u00e8re et le Maroc. Son \u00e9quipage international accueille le monde \u00e0 son bord, partageant l\u2019esprit d\u2019aventure et d\u2019\u00e9change culturel.<\/p>\n\n\n\n<p>Les ports fran\u00e7ais ont toujours \u00e9t\u00e9 une terre d\u2019accueil chaleureuse pour le Shtandart, reconnaissant sa mission de promouvoir des valeurs humanistes et culturelles. M\u00eame dans les p\u00e9riodes les plus difficiles\u2014qu\u2019il s\u2019agisse de crises sanitaires ou diplomatiques\u2014le Shtandart a \u00e9t\u00e9 soutenu par la communaut\u00e9 maritime fran\u00e7aise.<\/p>\n\n\n\n<p>Mais tout cela n\u2019est possible que gr\u00e2ce \u00e0 l\u2019engagement de ses soutiens! Ici, en France, un r\u00e9seau dynamique de b\u00e9n\u00e9voles permet au navire de continuer \u00e0 naviguer. Ils apportent leur passion, leurs comp\u00e9tences et leur temps pour assurer l\u2019avenir du Shtandart.<\/p>\n\n\n\n<p>Notre association a pour vocation d\u2019aider le navire lors de ses nombreuses escales en France. Nous :<\/p>\n\n\n\n<ul class=\"wp-block-list\">\n<li>Promouvons l\u2019histoire unique et la mission du voilier.<\/li>\n\n\n\n<li>Recrutons des stagiaires pour des exp\u00e9riences d\u2019apprentissage inoubliables.<\/li>\n\n\n\n<li>Participons \u00e0 l\u2019entretien du navire, en r\u00e9alisant des t\u00e2ches essentielles, des r\u00e9parations aux travaux de peinture.<\/li>\n\n\n\n<li>Accueillons le public \u00e0 bord lors de festivals et d\u2019escales, pour partager l\u2019histoire et le charme du Shtandart.<\/li>\n<\/ul>\n\n\n\n<p>En rejoignant notre association, vous ferez partie d\u2019une communaut\u00e9 incroyable qui soutient un navire unique en son genre. Que vous soyez passionn\u00e9 par la mer, l\u2019histoire, le travail d\u2019\u00e9quipe, ou que vous souhaitiez simplement contribuer \u00e0 une belle cause, il y a une place pour vous parmi nous!<\/p>\n\n\n\n<p>Envie de participer? Rejoignez-nous!<br>To learn more, <a href=\"https:\/\/shtandart.eu\/wp-content\/uploads\/2024\/12\/statuts.pdf\">check out our statutes<\/a> or <a href=\"mailto:asb@shtandart.fr\">contact us<\/a> directly. Let\u2019s work together to keep the Shtandart sailing strong and inspiring people across Europe.<\/p>\n\n\n\n<p>Votre soutien est pr\u00e9cieux \u2014 pour le navire, son \u00e9quipage et tous ceux qui ont la chance de vivre sa magie.<\/p>\n\n\n\n<h5 id=\"wp-block-themeisle-blocks-advanced-heading-521b2f94\" class=\"wp-block-themeisle-blocks-advanced-heading wp-block-themeisle-blocks-advanced-heading-521b2f94\">Contacts:<\/h5>\n\n\n\n<p>ASSOCIATION DE SOUTIEN B\u00c9N\u00c9VOLE AU VOILIER-\u00c9COLE SHTANDART<\/p>\n\n\n\n<p><strong>Adresse courriel<\/strong>: <a href=\"mailto:asb@shtandart.fr\">asb@shtandart.fr<\/a><\/p>\n\n\n\n<p><\/p>","protected":false},"excerpt":{"rendered":"<p>Since her launch, the iconic Shtandart has been sailing across Europe, from Norwegian fjords to the sunny shores of Cyprus, via Madeira and Morocco. Her international crew welcomes the world aboard, sharing the spirit of adventure and cultural exchange. French ports have always been a warm home for Shtandart, recognizing her mission to promote humanistic [&hellip;]<\/p>","protected":false},"author":990016,"featured_media":0,"parent":0,"menu_order":0,"comment_status":"closed","ping_status":"closed","template":"","meta":{"_themeisle_gutenberg_block_has_review":false,"footnotes":""},"class_list":["post-4150","page","type-page","status-publish","hentry"],"yoast_head":"<!-- This site is optimized with the Yoast SEO plugin v25.5 - https:\/\/yoast.com\/wordpress\/plugins\/seo\/ -->\n<title>VOLUNTEER ASSOCIATION FOR THE SUPPORT OF SAILING SCHOOL-SHIP SHTANDART - Shtandart<\/title>\n<meta name=\"robots\" content=\"index, follow, max-snippet:-1, max-image-preview:large, max-video-preview:-1\" \/>\n<link rel=\"canonical\" href=\"https:\/\/shtandart.eu\/fr\/association\/\" \/>\n<meta property=\"og:locale\" content=\"fr_FR\" \/>\n<meta property=\"og:type\" content=\"article\" \/>\n<meta property=\"og:title\" content=\"VOLUNTEER ASSOCIATION FOR THE SUPPORT OF SAILING SCHOOL-SHIP SHTANDART - Shtandart\" \/>\n<meta property=\"og:description\" content=\"Since her launch, the iconic Shtandart has been sailing across Europe, from Norwegian fjords to the sunny shores of Cyprus, via Madeira and Morocco. Her international crew welcomes the world aboard, sharing the spirit of adventure and cultural exchange. French ports have always been a warm home for Shtandart, recognizing her mission to promote humanistic [&hellip;]\" \/>\n<meta property=\"og:url\" content=\"https:\/\/shtandart.eu\/fr\/association\/\" \/>\n<meta property=\"og:site_name\" content=\"Shtandart\" \/>\n<meta property=\"article:publisher\" content=\"https:\/\/www.facebook.com\/Frigate.Shtandart\/\" \/>\n<meta property=\"article:modified_time\" content=\"2024-12-19T10:46:10+00:00\" \/>\n<meta name=\"twitter:card\" content=\"summary_large_image\" \/>\n<meta name=\"twitter:label1\" content=\"Dur\u00e9e de lecture estim\u00e9e\" \/>\n\t<meta name=\"twitter:data1\" content=\"1 minute\" \/>\n<script type=\"application\/ld+json\" class=\"yoast-schema-graph\">{\"@context\":\"https:\/\/schema.org\",\"@graph\":[{\"@type\":\"WebPage\",\"@id\":\"https:\/\/shtandart.eu\/fr\/association\/\",\"url\":\"https:\/\/shtandart.eu\/fr\/association\/\",\"name\":\"VOLUNTEER ASSOCIATION FOR THE SUPPORT OF SAILING SCHOOL-SHIP SHTANDART - Shtandart\",\"isPartOf\":{\"@id\":\"https:\/\/shtandart.eu\/#website\"},\"datePublished\":\"2024-12-18T15:20:10+00:00\",\"dateModified\":\"2024-12-19T10:46:10+00:00\",\"breadcrumb\":{\"@id\":\"https:\/\/shtandart.eu\/fr\/association\/#breadcrumb\"},\"inLanguage\":\"fr-FR\",\"potentialAction\":[{\"@type\":\"ReadAction\",\"target\":[\"https:\/\/shtandart.eu\/fr\/association\/\"]}]},{\"@type\":\"BreadcrumbList\",\"@id\":\"https:\/\/shtandart.eu\/fr\/association\/#breadcrumb\",\"itemListElement\":[{\"@type\":\"ListItem\",\"position\":1,\"name\":\"Home\",\"item\":\"https:\/\/shtandart.eu\/\"},{\"@type\":\"ListItem\",\"position\":2,\"name\":\"VOLUNTEER ASSOCIATION FOR THE SUPPORT OF SAILING SCHOOL-SHIP SHTANDART\"}]},{\"@type\":\"WebSite\",\"@id\":\"https:\/\/shtandart.eu\/#website\",\"url\":\"https:\/\/shtandart.eu\/\",\"name\":\"Shtandart\",\"description\":\"\",\"publisher\":{\"@id\":\"https:\/\/shtandart.eu\/#organization\"},\"potentialAction\":[{\"@type\":\"SearchAction\",\"target\":{\"@type\":\"EntryPoint\",\"urlTemplate\":\"https:\/\/shtandart.eu\/?s={search_term_string}\"},\"query-input\":{\"@type\":\"PropertyValueSpecification\",\"valueRequired\":true,\"valueName\":\"search_term_string\"}}],\"inLanguage\":\"fr-FR\"},{\"@type\":\"Organization\",\"@id\":\"https:\/\/shtandart.eu\/#organization\",\"name\":\"Shtandart\",\"url\":\"https:\/\/shtandart.eu\/\",\"logo\":{\"@type\":\"ImageObject\",\"inLanguage\":\"fr-FR\",\"@id\":\"https:\/\/shtandart.eu\/#\/schema\/logo\/image\/\",\"url\":\"https:\/\/shtandart.eu\/wp-content\/uploads\/2023\/12\/\u0411\u0435\u0437-\u0438\u043c\u0435\u043d\u0438-2.png\",\"contentUrl\":\"https:\/\/shtandart.eu\/wp-content\/uploads\/2023\/12\/\u0411\u0435\u0437-\u0438\u043c\u0435\u043d\u0438-2.png\",\"width\":512,\"height\":511,\"caption\":\"Shtandart\"},\"image\":{\"@id\":\"https:\/\/shtandart.eu\/#\/schema\/logo\/image\/\"},\"sameAs\":[\"https:\/\/www.facebook.com\/Frigate.Shtandart\/\"]}]}<\/script>\n<!-- \/ Yoast SEO plugin. -->","yoast_head_json":{"title":"VOLUNTEER ASSOCIATION FOR THE SUPPORT OF SAILING SCHOOL-SHIP SHTANDART - Shtandart","robots":{"index":"index","follow":"follow","max-snippet":"max-snippet:-1","max-image-preview":"max-image-preview:large","max-video-preview":"max-video-preview:-1"},"canonical":"https:\/\/shtandart.eu\/fr\/association\/","og_locale":"fr_FR","og_type":"article","og_title":"VOLUNTEER ASSOCIATION FOR THE SUPPORT OF SAILING SCHOOL-SHIP SHTANDART - Shtandart","og_description":"Since her launch, the iconic Shtandart has been sailing across Europe, from Norwegian fjords to the sunny shores of Cyprus, via Madeira and Morocco. Her international crew welcomes the world aboard, sharing the spirit of adventure and cultural exchange. French ports have always been a warm home for Shtandart, recognizing her mission to promote humanistic [&hellip;]","og_url":"https:\/\/shtandart.eu\/fr\/association\/","og_site_name":"Shtandart","article_publisher":"https:\/\/www.facebook.com\/Frigate.Shtandart\/","article_modified_time":"2024-12-19T10:46:10+00:00","twitter_card":"summary_large_image","twitter_misc":{"Dur\u00e9e de lecture estim\u00e9e":"1 minute"},"schema":{"@context":"https:\/\/schema.org","@graph":[{"@type":"WebPage","@id":"https:\/\/shtandart.eu\/fr\/association\/","url":"https:\/\/shtandart.eu\/fr\/association\/","name":"VOLUNTEER ASSOCIATION FOR THE SUPPORT OF SAILING SCHOOL-SHIP SHTANDART - Shtandart","isPartOf":{"@id":"https:\/\/shtandart.eu\/#website"},"datePublished":"2024-12-18T15:20:10+00:00","dateModified":"2024-12-19T10:46:10+00:00","breadcrumb":{"@id":"https:\/\/shtandart.eu\/fr\/association\/#breadcrumb"},"inLanguage":"fr-FR","potentialAction":[{"@type":"ReadAction","target":["https:\/\/shtandart.eu\/fr\/association\/"]}]},{"@type":"BreadcrumbList","@id":"https:\/\/shtandart.eu\/fr\/association\/#breadcrumb","itemListElement":[{"@type":"ListItem","position":1,"name":"Home","item":"https:\/\/shtandart.eu\/"},{"@type":"ListItem","position":2,"name":"VOLUNTEER ASSOCIATION FOR THE SUPPORT OF SAILING SCHOOL-SHIP SHTANDART"}]},{"@type":"WebSite","@id":"https:\/\/shtandart.eu\/#website","url":"https:\/\/shtandart.eu\/","name":"Shtandart","description":"","publisher":{"@id":"https:\/\/shtandart.eu\/#organization"},"potentialAction":[{"@type":"SearchAction","target":{"@type":"EntryPoint","urlTemplate":"https:\/\/shtandart.eu\/?s={search_term_string}"},"query-input":{"@type":"PropertyValueSpecification","valueRequired":true,"valueName":"search_term_string"}}],"inLanguage":"fr-FR"},{"@type":"Organization","@id":"https:\/\/shtandart.eu\/#organization","name":"Shtandart","url":"https:\/\/shtandart.eu\/","logo":{"@type":"ImageObject","inLanguage":"fr-FR","@id":"https:\/\/shtandart.eu\/#\/schema\/logo\/image\/","url":"https:\/\/shtandart.eu\/wp-content\/uploads\/2023\/12\/\u0411\u0435\u0437-\u0438\u043c\u0435\u043d\u0438-2.png","contentUrl":"https:\/\/shtandart.eu\/wp-content\/uploads\/2023\/12\/\u0411\u0435\u0437-\u0438\u043c\u0435\u043d\u0438-2.png","width":512,"height":511,"caption":"Shtandart"},"image":{"@id":"https:\/\/shtandart.eu\/#\/schema\/logo\/image\/"},"sameAs":["https:\/\/www.facebook.com\/Frigate.Shtandart\/"]}]}},"_links":{"self":[{"href":"https:\/\/shtandart.eu\/fr\/wp-json\/wp\/v2\/pages\/4150","targetHints":{"allow":["GET"]}}],"collection":[{"href":"https:\/\/shtandart.eu\/fr\/wp-json\/wp\/v2\/pages"}],"about":[{"href":"https:\/\/shtandart.eu\/fr\/wp-json\/wp\/v2\/types\/page"}],"author":[{"embeddable":true,"href":"https:\/\/shtandart.eu\/fr\/wp-json\/wp\/v2\/users\/990016"}],"replies":[{"embeddable":true,"href":"https:\/\/shtandart.eu\/fr\/wp-json\/wp\/v2\/comments?post=4150"}],"version-history":[{"count":8,"href":"https:\/\/shtandart.eu\/fr\/wp-json\/wp\/v2\/pages\/4150\/revisions"}],"predecessor-version":[{"id":4166,"href":"https:\/\/shtandart.eu\/fr\/wp-json\/wp\/v2\/pages\/4150\/revisions\/4166"}],"wp:attachment":[{"href":"https:\/\/shtandart.eu\/fr\/wp-json\/wp\/v2\/media?parent=4150"}],"curies":[{"name":"wp","href":"https:\/\/api.w.org\/{rel}","templated":true}]}}