{"id":4101,"date":"2024-12-06T10:20:13","date_gmt":"2024-12-06T09:20:13","guid":{"rendered":"https:\/\/shtandart.eu\/?page_id=4101"},"modified":"2025-04-15T17:15:58","modified_gmt":"2025-04-15T15:15:58","slug":"arcachon-la-rochelle-20-04-24-04-2025","status":"publish","type":"page","link":"https:\/\/shtandart.eu\/fr\/arcachon-la-rochelle-20-04-24-04-2025\/","title":{"rendered":"La Rochelle &#8211; La Rochelle  20.04 \u2013 24.04 2025"},"content":{"rendered":"<p><strong>D\u00e9part: <del datetime=\"2025-04-15T12:21:25+00:00\">Arcachon<\/del> changed: La Rochelle<br>Embarquement : 20\/04, 2025,  \u00e0 18h00<br>Destination : La Rochelle<br>D\u00e9barquement : 24\/04, 2025, \u00e0 18:00<br>Jours \u00e0 bord: 5&nbsp;<\/strong><\/p>\n\n\n\n<p><!---p>Sail from Arcachon to La Rochelle aboard the replica of the historic frigate Shtandart!<br>Join us for a captivating 5-day voyage as we set sail from the picturesque Bay of Arcachon back to the historic port of La Rochelle. This hands-on adventure combines the thrill of traditional sailing with the beauty of France\u2019s Atlantic coastline and a deep dive into the rich traditions of 18th-century seafaring.<\/p---><\/p>\n\n\n\n<p><!--<p><strong>Sail the Atlantic Coast<\/strong><br>Depart from Arcachon, a stunning seaside town known for its serene waters and towering sand dunes, and navigate along the breathtaking French coastline. As we journey north, enjoy pristine beaches, rugged cliffs, and the dynamic waters of the Bay of Biscay before reaching La Rochelle, a city steeped in maritime history.<\/p>--><\/p>\n\n\n\n<p>Vous ne serez pas simplement un passager \u2013 vous serez un membre actif de l\u2019\u00e9quipage. Apprenez \u00e0 hisser les voiles, grimpez aux m\u00e2ts et prenez la barre tout en travaillant avec vos camarades pour guider le Shtandart.<\/p>\n\n\n\n<p class=\" translation-block\"><strong>Vivez l'Histoire Maritime<\/strong>\n<br>\nLe Shtandart est une r\u00e9plique fid\u00e8le d\u2019une fr\u00e9gate en bois du XVIIIe si\u00e8cle, chaque d\u00e9tail refl\u00e9tant l\u2019artisanat de l\u2019\u00c2ge de la Voile. Explorez son gr\u00e9ement, sa coque en bois et son design intemporel tout en d\u00e9couvrant de premi\u00e8re main ce que c\u2019\u00e9tait que de naviguer sur un navire d\u2019une telle grandeur.<\/p>\n\n\n\n<p>Acqu\u00e9rez une exp\u00e9rience pratique en navigation c\u00e9leste et c\u00f4ti\u00e8re et apprenez \u00e0 travailler avec les mar\u00e9es et le vent. Immergez-vous dans les routines des marins du XVIIIe si\u00e8cle, de la man\u0153uvre des voiles \u00e0 la vie \u00e0 bord, et connectez-vous \u00e0 l\u2019histoire maritime d\u2019une mani\u00e8re rare et authentique.<\/p>\n\n\n\n<p><strong>Aucune exp\u00e9rience requise<strong><\/strong>!<\/strong><\/p>\n\n\n\n<p>Que vous soyez un marin exp\u00e9riment\u00e9 ou totalement novice dans le monde de la navigation traditionnelle, cette aventure est ouverte \u00e0 tous. Notre \u00e9quipage exp\u00e9riment\u00e9 vous guidera \u00e0 chaque \u00e9tape pour garantir une exp\u00e9rience s\u00fbre et enrichissante pour tous les aventuriers.<\/p>\n\n\n\n<p>Admirez des couchers de soleil spectaculaires, contemplez les \u00e9toiles sous l\u2019immense ciel nocturne et laissez le rythme des vagues vous emporter vers un monde de r\u00eaves.<\/p>\n\n\n\n<p><strong>H\u00e9bergement et Commodit\u00e9s :<\/strong><\/p>\n\n\n\n<p>Choisissez de dormir dans un hamac exactement comme les marins le faisaient il y a trois si\u00e8cles, ou optez pour une bannette. \n\u00c0 terre comme en mer, nous assurons quatre repas par jour.\nLa vie \u00e0 bord est divis\u00e9e en quarts, auxquels vous participerez durant la totalit\u00e9 de s\u00e9jour.<\/p>\n\n\n\n<p class=\" translation-block\">Pour plus d'informations sur la vie \u00e0 bord du navire, visitez \u00a0<a href=\"\/fr\/about-shtandart\/life-on-board\/\" target=\"_self\">cette page<\/a>.<\/p>\n\n\n\n<p class=\" translation-block\">Pr\u00eat \u00e0 naviguer avec nous ? Envoyez une demande \u00e0 <a href=\"mailto:voyage@shtandart.eu\" target=\"_self\">voyage@shtandart.eu<\/a> pour r\u00e9server votre aventure !<\/p>\n\n\n\n<p><\/p>","protected":false},"excerpt":{"rendered":"<p>Departure from: Arcachon changed: La RochelleBoarding: 20\/04, 2025, 18:00Destination: La RochelleDisembarkation: 24\/04, 2025, 18:00Days on board: 5&nbsp; You won\u2019t be a passenger\u2014you\u2019ll be an active member of the crew. Learn to hoist the sails, climb the masts, and steer the helm as you work with your shipmates to guide the\u00a0Shtandart. Live Maritime HistoryThe&nbsp;Shtandart&nbsp;is a faithful [&hellip;]<\/p>","protected":false},"author":990011,"featured_media":0,"parent":0,"menu_order":0,"comment_status":"closed","ping_status":"closed","template":"","meta":{"_themeisle_gutenberg_block_has_review":false,"footnotes":""},"class_list":["post-4101","page","type-page","status-publish","hentry"],"yoast_head":"<!-- This site is optimized with the Yoast SEO plugin v25.5 - https:\/\/yoast.com\/wordpress\/plugins\/seo\/ -->\n<title>La Rochelle - La Rochelle 20.04 \u2013 24.04 2025 - Shtandart<\/title>\n<meta name=\"robots\" content=\"index, follow, max-snippet:-1, max-image-preview:large, max-video-preview:-1\" \/>\n<link rel=\"canonical\" href=\"https:\/\/shtandart.eu\/fr\/arcachon-la-rochelle-20-04-24-04-2025\/\" \/>\n<meta property=\"og:locale\" content=\"fr_FR\" \/>\n<meta property=\"og:type\" content=\"article\" \/>\n<meta property=\"og:title\" content=\"La Rochelle - La Rochelle 20.04 \u2013 24.04 2025 - Shtandart\" \/>\n<meta property=\"og:description\" content=\"Departure from: Arcachon changed: La RochelleBoarding: 20\/04, 2025, 18:00Destination: La RochelleDisembarkation: 24\/04, 2025, 18:00Days on board: 5&nbsp; You won\u2019t be a passenger\u2014you\u2019ll be an active member of the crew. Learn to hoist the sails, climb the masts, and steer the helm as you work with your shipmates to guide the\u00a0Shtandart. Live Maritime HistoryThe&nbsp;Shtandart&nbsp;is a faithful [&hellip;]\" \/>\n<meta property=\"og:url\" content=\"https:\/\/shtandart.eu\/fr\/arcachon-la-rochelle-20-04-24-04-2025\/\" \/>\n<meta property=\"og:site_name\" content=\"Shtandart\" \/>\n<meta property=\"article:publisher\" content=\"https:\/\/www.facebook.com\/Frigate.Shtandart\/\" \/>\n<meta property=\"article:modified_time\" content=\"2025-04-15T15:15:58+00:00\" \/>\n<meta name=\"twitter:card\" content=\"summary_large_image\" \/>\n<meta name=\"twitter:label1\" content=\"Dur\u00e9e de lecture estim\u00e9e\" \/>\n\t<meta name=\"twitter:data1\" content=\"1 minute\" \/>\n<script type=\"application\/ld+json\" class=\"yoast-schema-graph\">{\"@context\":\"https:\/\/schema.org\",\"@graph\":[{\"@type\":\"WebPage\",\"@id\":\"https:\/\/shtandart.eu\/arcachon-la-rochelle-20-04-24-04-2025\/\",\"url\":\"https:\/\/shtandart.eu\/arcachon-la-rochelle-20-04-24-04-2025\/\",\"name\":\"La Rochelle - La Rochelle 20.04 \u2013 24.04 2025 - Shtandart\",\"isPartOf\":{\"@id\":\"https:\/\/shtandart.eu\/#website\"},\"datePublished\":\"2024-12-06T09:20:13+00:00\",\"dateModified\":\"2025-04-15T15:15:58+00:00\",\"breadcrumb\":{\"@id\":\"https:\/\/shtandart.eu\/arcachon-la-rochelle-20-04-24-04-2025\/#breadcrumb\"},\"inLanguage\":\"fr-FR\",\"potentialAction\":[{\"@type\":\"ReadAction\",\"target\":[\"https:\/\/shtandart.eu\/arcachon-la-rochelle-20-04-24-04-2025\/\"]}]},{\"@type\":\"BreadcrumbList\",\"@id\":\"https:\/\/shtandart.eu\/arcachon-la-rochelle-20-04-24-04-2025\/#breadcrumb\",\"itemListElement\":[{\"@type\":\"ListItem\",\"position\":1,\"name\":\"Home\",\"item\":\"https:\/\/shtandart.eu\/\"},{\"@type\":\"ListItem\",\"position\":2,\"name\":\"La Rochelle &#8211; La Rochelle 20.04 \u2013 24.04 2025\"}]},{\"@type\":\"WebSite\",\"@id\":\"https:\/\/shtandart.eu\/#website\",\"url\":\"https:\/\/shtandart.eu\/\",\"name\":\"Shtandart\",\"description\":\"\",\"publisher\":{\"@id\":\"https:\/\/shtandart.eu\/#organization\"},\"potentialAction\":[{\"@type\":\"SearchAction\",\"target\":{\"@type\":\"EntryPoint\",\"urlTemplate\":\"https:\/\/shtandart.eu\/?s={search_term_string}\"},\"query-input\":{\"@type\":\"PropertyValueSpecification\",\"valueRequired\":true,\"valueName\":\"search_term_string\"}}],\"inLanguage\":\"fr-FR\"},{\"@type\":\"Organization\",\"@id\":\"https:\/\/shtandart.eu\/#organization\",\"name\":\"Shtandart\",\"url\":\"https:\/\/shtandart.eu\/\",\"logo\":{\"@type\":\"ImageObject\",\"inLanguage\":\"fr-FR\",\"@id\":\"https:\/\/shtandart.eu\/#\/schema\/logo\/image\/\",\"url\":\"https:\/\/shtandart.eu\/wp-content\/uploads\/2023\/12\/\u0411\u0435\u0437-\u0438\u043c\u0435\u043d\u0438-2.png\",\"contentUrl\":\"https:\/\/shtandart.eu\/wp-content\/uploads\/2023\/12\/\u0411\u0435\u0437-\u0438\u043c\u0435\u043d\u0438-2.png\",\"width\":512,\"height\":511,\"caption\":\"Shtandart\"},\"image\":{\"@id\":\"https:\/\/shtandart.eu\/#\/schema\/logo\/image\/\"},\"sameAs\":[\"https:\/\/www.facebook.com\/Frigate.Shtandart\/\"]}]}<\/script>\n<!-- \/ Yoast SEO plugin. -->","yoast_head_json":{"title":"La Rochelle - La Rochelle 20.04 \u2013 24.04 2025 - Shtandart","robots":{"index":"index","follow":"follow","max-snippet":"max-snippet:-1","max-image-preview":"max-image-preview:large","max-video-preview":"max-video-preview:-1"},"canonical":"https:\/\/shtandart.eu\/fr\/arcachon-la-rochelle-20-04-24-04-2025\/","og_locale":"fr_FR","og_type":"article","og_title":"La Rochelle - La Rochelle 20.04 \u2013 24.04 2025 - Shtandart","og_description":"Departure from: Arcachon changed: La RochelleBoarding: 20\/04, 2025, 18:00Destination: La RochelleDisembarkation: 24\/04, 2025, 18:00Days on board: 5&nbsp; You won\u2019t be a passenger\u2014you\u2019ll be an active member of the crew. Learn to hoist the sails, climb the masts, and steer the helm as you work with your shipmates to guide the\u00a0Shtandart. Live Maritime HistoryThe&nbsp;Shtandart&nbsp;is a faithful [&hellip;]","og_url":"https:\/\/shtandart.eu\/fr\/arcachon-la-rochelle-20-04-24-04-2025\/","og_site_name":"Shtandart","article_publisher":"https:\/\/www.facebook.com\/Frigate.Shtandart\/","article_modified_time":"2025-04-15T15:15:58+00:00","twitter_card":"summary_large_image","twitter_misc":{"Dur\u00e9e de lecture estim\u00e9e":"1 minute"},"schema":{"@context":"https:\/\/schema.org","@graph":[{"@type":"WebPage","@id":"https:\/\/shtandart.eu\/arcachon-la-rochelle-20-04-24-04-2025\/","url":"https:\/\/shtandart.eu\/arcachon-la-rochelle-20-04-24-04-2025\/","name":"La Rochelle - La Rochelle 20.04 \u2013 24.04 2025 - Shtandart","isPartOf":{"@id":"https:\/\/shtandart.eu\/#website"},"datePublished":"2024-12-06T09:20:13+00:00","dateModified":"2025-04-15T15:15:58+00:00","breadcrumb":{"@id":"https:\/\/shtandart.eu\/arcachon-la-rochelle-20-04-24-04-2025\/#breadcrumb"},"inLanguage":"fr-FR","potentialAction":[{"@type":"ReadAction","target":["https:\/\/shtandart.eu\/arcachon-la-rochelle-20-04-24-04-2025\/"]}]},{"@type":"BreadcrumbList","@id":"https:\/\/shtandart.eu\/arcachon-la-rochelle-20-04-24-04-2025\/#breadcrumb","itemListElement":[{"@type":"ListItem","position":1,"name":"Home","item":"https:\/\/shtandart.eu\/"},{"@type":"ListItem","position":2,"name":"La Rochelle &#8211; La Rochelle 20.04 \u2013 24.04 2025"}]},{"@type":"WebSite","@id":"https:\/\/shtandart.eu\/#website","url":"https:\/\/shtandart.eu\/","name":"Shtandart","description":"","publisher":{"@id":"https:\/\/shtandart.eu\/#organization"},"potentialAction":[{"@type":"SearchAction","target":{"@type":"EntryPoint","urlTemplate":"https:\/\/shtandart.eu\/?s={search_term_string}"},"query-input":{"@type":"PropertyValueSpecification","valueRequired":true,"valueName":"search_term_string"}}],"inLanguage":"fr-FR"},{"@type":"Organization","@id":"https:\/\/shtandart.eu\/#organization","name":"Shtandart","url":"https:\/\/shtandart.eu\/","logo":{"@type":"ImageObject","inLanguage":"fr-FR","@id":"https:\/\/shtandart.eu\/#\/schema\/logo\/image\/","url":"https:\/\/shtandart.eu\/wp-content\/uploads\/2023\/12\/\u0411\u0435\u0437-\u0438\u043c\u0435\u043d\u0438-2.png","contentUrl":"https:\/\/shtandart.eu\/wp-content\/uploads\/2023\/12\/\u0411\u0435\u0437-\u0438\u043c\u0435\u043d\u0438-2.png","width":512,"height":511,"caption":"Shtandart"},"image":{"@id":"https:\/\/shtandart.eu\/#\/schema\/logo\/image\/"},"sameAs":["https:\/\/www.facebook.com\/Frigate.Shtandart\/"]}]}},"_links":{"self":[{"href":"https:\/\/shtandart.eu\/fr\/wp-json\/wp\/v2\/pages\/4101","targetHints":{"allow":["GET"]}}],"collection":[{"href":"https:\/\/shtandart.eu\/fr\/wp-json\/wp\/v2\/pages"}],"about":[{"href":"https:\/\/shtandart.eu\/fr\/wp-json\/wp\/v2\/types\/page"}],"author":[{"embeddable":true,"href":"https:\/\/shtandart.eu\/fr\/wp-json\/wp\/v2\/users\/990011"}],"replies":[{"embeddable":true,"href":"https:\/\/shtandart.eu\/fr\/wp-json\/wp\/v2\/comments?post=4101"}],"version-history":[{"count":10,"href":"https:\/\/shtandart.eu\/fr\/wp-json\/wp\/v2\/pages\/4101\/revisions"}],"predecessor-version":[{"id":4483,"href":"https:\/\/shtandart.eu\/fr\/wp-json\/wp\/v2\/pages\/4101\/revisions\/4483"}],"wp:attachment":[{"href":"https:\/\/shtandart.eu\/fr\/wp-json\/wp\/v2\/media?parent=4101"}],"curies":[{"name":"wp","href":"https:\/\/api.w.org\/{rel}","templated":true}]}}