{"id":3840,"date":"2024-07-25T18:31:23","date_gmt":"2024-07-25T16:31:23","guid":{"rendered":"https:\/\/shtandart.eu\/?page_id=3840"},"modified":"2025-07-12T15:37:18","modified_gmt":"2025-07-12T13:37:18","slug":"open-letter","status":"publish","type":"page","link":"https:\/\/shtandart.eu\/fr\/open-letter\/","title":{"rendered":"Open letter to Members of European Parliament"},"content":{"rendered":"<p class=\" translation-block\"><strong>Nous demandons \u00e0 tous ceux qui souhaitent soutenir notre lutte pour le droit de navigation libre de trouver dans <\/strong> <a href=\"https:\/\/www.europarl.europa.eu\/meps\/en\/search\/advanced\" data-type=\"link\" data-id=\"https:\/\/www.europarl.europa.eu\/meps\/en\/search\/advanced\" target=\"_blank\">une liste de d\u00e9put\u00e9s europ\u00e9ens<\/a> <strong> des personnes de votre pays et envoyez-leur cette lettre ouverte. N'h\u00e9sitez pas \u00e0 ajouter quelque chose qui vient de votre c\u0153ur.<\/strong><\/p>\n\n\n\n<hr class=\"wp-block-separator has-alpha-channel-opacity\"\/>\n\n\n\n<p>Ch\u00e8res Mesdames et Messieurs , cher Monsieur ,&nbsp;<\/p>\n\n\n\n<p>Depuis le 24 juin 2024, certains pays ont interdit au navire Shtandart d'entrer dans leurs ports. Cela s'est produit apr\u00e8s l'adoption des amendements au 14e paquet de sanctions (R\u00e8glement (UE) 2024\/1745 du Conseil du 24 juin 2024), qui affectent d\u00e9sormais \u00e9galement les \u00ab r\u00e9pliques de navires historiques \u00bb.<\/p>\n\n\n\n<p>Ce qui se passe est une v\u00e9ritable torture pour des personnes innocentes. En raison de l'interdiction d'entr\u00e9e dans les ports, l\u2019\u00e9quipage international ne peut plus se ravitailler en eau et en nourriture. Naviguer sur un navire historique sans pouvoir faire un entretient r\u00e9gulier dans un port est dangereux pour l\u2019int\u00e9grit\u00e9 du navire et la vie de son \u00e9quipage.&nbsp;<\/p>\n\n\n\n<p>Le Shtandart est avant tout une immense communaut\u00e9 de personnes de diff\u00e9rentes nationalit\u00e9s, principalement de l'UE. Je connais l'\u00e9quipage du navire depuis de nombreuses ann\u00e9es, ils ont toujours pr\u00f4n\u00e9 la paix.<\/p>\n\n\n\n<p>En tant que citoyen de l'UE, je consid\u00e8re la situation autour du Shtandart comme injuste, discriminatoire et dirig\u00e9e contre des personnes ordinaires qui n'ont pas \u00e9t\u00e9 impliqu\u00e9es dans la guerre. Le Shtandart a \u00e9t\u00e9 \u00ab puni \u00bb parce qu'il a \u00e9t\u00e9 construit en Russie et a autrefois navigu\u00e9 sous pavillon russe. De telles sanctions non seulement ne contribuent pas \u00e0 lutter contre le r\u00e9gime, mais affectent \u00e9galement n\u00e9gativement l'image de l'UE.<\/p>\n\n\n\n<p>De plus, le propri\u00e9taire du navire est un citoyen de l'UE. Les amendements violent le droit d'un citoyen de l'UE d'utiliser sa propri\u00e9t\u00e9.<\/p>\n\n\n\n<p>Je crois \u00e9galement que l'interdiction du Shtandart en Europe viole mes droits. Le Shtandart m'a permis d'apprendre la navigation \/ m'a aid\u00e9 \u00e0 trouver de nouveaux amis \/ nouveaux projets \/ nouveau travail \/ inspiration \/ a chang\u00e9 ma vision \/ quelque chose de personnel.<\/p>\n\n\n\n<p>Plus de 5 000 personnes ont d\u00e9j\u00e0 sign\u00e9 une p\u00e9tition en soutien au Shtandart demandant une exemption des sanctions et l'octroi d'un libre acc\u00e8s aux ports europ\u00e9ens.<\/p>\n\n\n\n<p>Bien que je ne sois pas un expert en droit international, je vois n\u00e9anmoins les possibilit\u00e9s suivantes pour rectifier la situation, par exemple :<\/p>\n\n\n\n<ul class=\"wp-block-list\">\n<li>Modifier dans le paragraphe (R\u00e8glement (UE) 2024\/1745 du Conseil du 24 juin 2024, Article 3ea, paragraphe 3(a)) le mot \u00ab y compris les r\u00e9pliques de navires historiques \u00bb en \u00ab \u00e0 l'exclusion des r\u00e9pliques de navires historiques \u00bb. \u00c9tant donn\u00e9 que le Shtandart est le seul navire r\u00e9pondant \u00e0 ce crit\u00e8re, ce changement n'affectera personne d'autre.<\/li>\n\n\n\n<li>\u00c9largir la liste des exceptions (R\u00e8glement (UE) No 833\/2014 du Conseil du 31 juillet 2014, Article 3ea, paragraphe 2). La loi actuelle stipule que si un navire \u00e9tait sous pavillon russe avant 2022, il re\u00e7oit une \u00ab marque noire \u00bb pour le reste de sa vie, m\u00eame en d\u00e9pit du changement de pavillon, d'enregistrement et de propri\u00e9taire. Il me semble que si la gestion du navire n'a pas \u00e9t\u00e9 vue comme collaborant avec le r\u00e9gime et que le navire a chang\u00e9 de pavillon et d'enregistrement, cette mesure ne devrait pas \u00eatre applicable. Les sanctions devraient viser \u00e0 d\u00e9truire le r\u00e9gime et non \u00e0 restreindre de mani\u00e8re discriminatoire les droits et libert\u00e9s des personnes.<\/li>\n<\/ul>\n\n\n\n<p>Je vous demande de pr\u00eater attention \u00e0 ce cas de violation flagrante des droits de l'homme et de me r\u00e9pondre sur les prochaines \u00e9tapes que vous pr\u00e9voyez pour corriger la situation actuelle.<\/p>\n\n\n\n<p>Liens :<\/p>\n\n\n\n<p>COUNCIL REGULATION (EU) 2024\/1745&nbsp; \u2013 <a href=\"https:\/\/eur-lex.europa.eu\/eli\/reg\/2024\/1745\/oj\">https:\/\/eur-lex.europa.eu\/eli\/reg\/2024\/1745\/oj<\/a><\/p>\n\n\n\n<p>COUNCIL REGULATION (EU) No 833\/2014 \u2013 <a href=\"https:\/\/eur-lex.europa.eu\/legal-content\/EN\/TXT\/?uri=celex%3A32014R0833\">https:\/\/eur-lex.europa.eu\/legal-content\/EN\/TXT\/?uri=celex%3A32014R0833<\/a><\/p>\n\n\n\n<p>PETITION \u2013 <a href=\"https:\/\/www.change.org\/p\/help-preserve-the-piece-of-world-s-cultural-heritage-frigate-shtandart\">https:\/\/www.change.org\/p\/help-preserve-the-piece-of-world-s-cultural-heritage-frigate-shtandart<\/a><\/p>","protected":false},"excerpt":{"rendered":"<p>We are asking for everyone who wants to support our fight for the right of free sailing to find in a list of Members of European Parliament persons from your country and send them this open letter. Feel free to add something from your heart. Dear Ladies and Gentlemen &lt;&gt;, dear Sir &lt;&gt;,&nbsp; Since June [&hellip;]<\/p>","protected":false},"author":990016,"featured_media":0,"parent":0,"menu_order":0,"comment_status":"closed","ping_status":"closed","template":"","meta":{"_themeisle_gutenberg_block_has_review":false,"footnotes":""},"class_list":["post-3840","page","type-page","status-publish","hentry"],"yoast_head":"<!-- This site is optimized with the Yoast SEO plugin v25.5 - https:\/\/yoast.com\/wordpress\/plugins\/seo\/ -->\n<title>Open letter to Members of European Parliament - Shtandart<\/title>\n<meta name=\"robots\" content=\"index, follow, max-snippet:-1, max-image-preview:large, max-video-preview:-1\" \/>\n<link rel=\"canonical\" href=\"https:\/\/shtandart.eu\/fr\/open-letter\/\" \/>\n<meta property=\"og:locale\" content=\"fr_FR\" \/>\n<meta property=\"og:type\" content=\"article\" \/>\n<meta property=\"og:title\" content=\"Open letter to Members of European Parliament - Shtandart\" \/>\n<meta property=\"og:description\" content=\"We are asking for everyone who wants to support our fight for the right of free sailing to find in a list of Members of European Parliament persons from your country and send them this open letter. Feel free to add something from your heart. Dear Ladies and Gentlemen &lt;&gt;, dear Sir &lt;&gt;,&nbsp; Since June [&hellip;]\" \/>\n<meta property=\"og:url\" content=\"https:\/\/shtandart.eu\/fr\/open-letter\/\" \/>\n<meta property=\"og:site_name\" content=\"Shtandart\" \/>\n<meta property=\"article:publisher\" content=\"https:\/\/www.facebook.com\/Frigate.Shtandart\/\" \/>\n<meta property=\"article:modified_time\" content=\"2025-07-12T13:37:18+00:00\" \/>\n<meta name=\"twitter:card\" content=\"summary_large_image\" \/>\n<meta name=\"twitter:label1\" content=\"Dur\u00e9e de lecture estim\u00e9e\" \/>\n\t<meta name=\"twitter:data1\" content=\"3 minutes\" \/>\n<script type=\"application\/ld+json\" class=\"yoast-schema-graph\">{\"@context\":\"https:\/\/schema.org\",\"@graph\":[{\"@type\":\"WebPage\",\"@id\":\"https:\/\/shtandart.eu\/open-letter\/\",\"url\":\"https:\/\/shtandart.eu\/open-letter\/\",\"name\":\"Open letter to Members of European Parliament - Shtandart\",\"isPartOf\":{\"@id\":\"https:\/\/shtandart.eu\/#website\"},\"datePublished\":\"2024-07-25T16:31:23+00:00\",\"dateModified\":\"2025-07-12T13:37:18+00:00\",\"breadcrumb\":{\"@id\":\"https:\/\/shtandart.eu\/open-letter\/#breadcrumb\"},\"inLanguage\":\"fr-FR\",\"potentialAction\":[{\"@type\":\"ReadAction\",\"target\":[\"https:\/\/shtandart.eu\/open-letter\/\"]}]},{\"@type\":\"BreadcrumbList\",\"@id\":\"https:\/\/shtandart.eu\/open-letter\/#breadcrumb\",\"itemListElement\":[{\"@type\":\"ListItem\",\"position\":1,\"name\":\"Home\",\"item\":\"https:\/\/shtandart.eu\/\"},{\"@type\":\"ListItem\",\"position\":2,\"name\":\"Open letter to Members of European Parliament\"}]},{\"@type\":\"WebSite\",\"@id\":\"https:\/\/shtandart.eu\/#website\",\"url\":\"https:\/\/shtandart.eu\/\",\"name\":\"Shtandart\",\"description\":\"\",\"publisher\":{\"@id\":\"https:\/\/shtandart.eu\/#organization\"},\"potentialAction\":[{\"@type\":\"SearchAction\",\"target\":{\"@type\":\"EntryPoint\",\"urlTemplate\":\"https:\/\/shtandart.eu\/?s={search_term_string}\"},\"query-input\":{\"@type\":\"PropertyValueSpecification\",\"valueRequired\":true,\"valueName\":\"search_term_string\"}}],\"inLanguage\":\"fr-FR\"},{\"@type\":\"Organization\",\"@id\":\"https:\/\/shtandart.eu\/#organization\",\"name\":\"Shtandart\",\"url\":\"https:\/\/shtandart.eu\/\",\"logo\":{\"@type\":\"ImageObject\",\"inLanguage\":\"fr-FR\",\"@id\":\"https:\/\/shtandart.eu\/#\/schema\/logo\/image\/\",\"url\":\"https:\/\/shtandart.eu\/wp-content\/uploads\/2023\/12\/\u0411\u0435\u0437-\u0438\u043c\u0435\u043d\u0438-2.png\",\"contentUrl\":\"https:\/\/shtandart.eu\/wp-content\/uploads\/2023\/12\/\u0411\u0435\u0437-\u0438\u043c\u0435\u043d\u0438-2.png\",\"width\":512,\"height\":511,\"caption\":\"Shtandart\"},\"image\":{\"@id\":\"https:\/\/shtandart.eu\/#\/schema\/logo\/image\/\"},\"sameAs\":[\"https:\/\/www.facebook.com\/Frigate.Shtandart\/\"]}]}<\/script>\n<!-- \/ Yoast SEO plugin. -->","yoast_head_json":{"title":"Open letter to Members of European Parliament - Shtandart","robots":{"index":"index","follow":"follow","max-snippet":"max-snippet:-1","max-image-preview":"max-image-preview:large","max-video-preview":"max-video-preview:-1"},"canonical":"https:\/\/shtandart.eu\/fr\/open-letter\/","og_locale":"fr_FR","og_type":"article","og_title":"Open letter to Members of European Parliament - Shtandart","og_description":"We are asking for everyone who wants to support our fight for the right of free sailing to find in a list of Members of European Parliament persons from your country and send them this open letter. Feel free to add something from your heart. Dear Ladies and Gentlemen &lt;&gt;, dear Sir &lt;&gt;,&nbsp; Since June [&hellip;]","og_url":"https:\/\/shtandart.eu\/fr\/open-letter\/","og_site_name":"Shtandart","article_publisher":"https:\/\/www.facebook.com\/Frigate.Shtandart\/","article_modified_time":"2025-07-12T13:37:18+00:00","twitter_card":"summary_large_image","twitter_misc":{"Dur\u00e9e de lecture estim\u00e9e":"3 minutes"},"schema":{"@context":"https:\/\/schema.org","@graph":[{"@type":"WebPage","@id":"https:\/\/shtandart.eu\/open-letter\/","url":"https:\/\/shtandart.eu\/open-letter\/","name":"Open letter to Members of European Parliament - Shtandart","isPartOf":{"@id":"https:\/\/shtandart.eu\/#website"},"datePublished":"2024-07-25T16:31:23+00:00","dateModified":"2025-07-12T13:37:18+00:00","breadcrumb":{"@id":"https:\/\/shtandart.eu\/open-letter\/#breadcrumb"},"inLanguage":"fr-FR","potentialAction":[{"@type":"ReadAction","target":["https:\/\/shtandart.eu\/open-letter\/"]}]},{"@type":"BreadcrumbList","@id":"https:\/\/shtandart.eu\/open-letter\/#breadcrumb","itemListElement":[{"@type":"ListItem","position":1,"name":"Home","item":"https:\/\/shtandart.eu\/"},{"@type":"ListItem","position":2,"name":"Open letter to Members of European Parliament"}]},{"@type":"WebSite","@id":"https:\/\/shtandart.eu\/#website","url":"https:\/\/shtandart.eu\/","name":"Shtandart","description":"","publisher":{"@id":"https:\/\/shtandart.eu\/#organization"},"potentialAction":[{"@type":"SearchAction","target":{"@type":"EntryPoint","urlTemplate":"https:\/\/shtandart.eu\/?s={search_term_string}"},"query-input":{"@type":"PropertyValueSpecification","valueRequired":true,"valueName":"search_term_string"}}],"inLanguage":"fr-FR"},{"@type":"Organization","@id":"https:\/\/shtandart.eu\/#organization","name":"Shtandart","url":"https:\/\/shtandart.eu\/","logo":{"@type":"ImageObject","inLanguage":"fr-FR","@id":"https:\/\/shtandart.eu\/#\/schema\/logo\/image\/","url":"https:\/\/shtandart.eu\/wp-content\/uploads\/2023\/12\/\u0411\u0435\u0437-\u0438\u043c\u0435\u043d\u0438-2.png","contentUrl":"https:\/\/shtandart.eu\/wp-content\/uploads\/2023\/12\/\u0411\u0435\u0437-\u0438\u043c\u0435\u043d\u0438-2.png","width":512,"height":511,"caption":"Shtandart"},"image":{"@id":"https:\/\/shtandart.eu\/#\/schema\/logo\/image\/"},"sameAs":["https:\/\/www.facebook.com\/Frigate.Shtandart\/"]}]}},"_links":{"self":[{"href":"https:\/\/shtandart.eu\/fr\/wp-json\/wp\/v2\/pages\/3840","targetHints":{"allow":["GET"]}}],"collection":[{"href":"https:\/\/shtandart.eu\/fr\/wp-json\/wp\/v2\/pages"}],"about":[{"href":"https:\/\/shtandart.eu\/fr\/wp-json\/wp\/v2\/types\/page"}],"author":[{"embeddable":true,"href":"https:\/\/shtandart.eu\/fr\/wp-json\/wp\/v2\/users\/990016"}],"replies":[{"embeddable":true,"href":"https:\/\/shtandart.eu\/fr\/wp-json\/wp\/v2\/comments?post=3840"}],"version-history":[{"count":3,"href":"https:\/\/shtandart.eu\/fr\/wp-json\/wp\/v2\/pages\/3840\/revisions"}],"predecessor-version":[{"id":4704,"href":"https:\/\/shtandart.eu\/fr\/wp-json\/wp\/v2\/pages\/3840\/revisions\/4704"}],"wp:attachment":[{"href":"https:\/\/shtandart.eu\/fr\/wp-json\/wp\/v2\/media?parent=3840"}],"curies":[{"name":"wp","href":"https:\/\/api.w.org\/{rel}","templated":true}]}}