{"id":3627,"date":"2024-06-23T11:49:19","date_gmt":"2024-06-23T09:49:19","guid":{"rendered":"https:\/\/shtandart.eu\/?page_id=3627"},"modified":"2024-06-23T11:56:19","modified_gmt":"2024-06-23T09:56:19","slug":"la-rochelle-royan-25-06-26-06","status":"publish","type":"page","link":"https:\/\/shtandart.eu\/fr\/la-rochelle-royan-25-06-26-06\/","title":{"rendered":"La Rochelle &#8211; Royan 25.06 &#8211; 26.06"},"content":{"rendered":"<p><strong>Port de d\u00e9part : La Rochelle<br>Embarquement: Juin 25, 2024,  17:00<br>Depart: Juin <strong>25<\/strong>,  2024,  19:00<br>Port de destination : Royan<br>Arriv\u00e9e: Juin 26, 2024, <strong>19:00<\/strong><br>D\u00e9barquement: Juin 27, 2024,  8:30<br>Jours \u00e0 bord : 2<br>Montant de la cotisation pour l'organisation de la navigation : \u20ac129\/\u20ac99<\/strong>*<\/p>\n\n\n\n<p class=\" translation-block\">Bienvenue \u00e0 bord de la fr\u00e9gate Shtandart !\nV\u00e9ritable machine \u00e0 voyager dans le temps, elle vous permettra de repartir 300 ans en arri\u00e8re et ressentir ce que c'\u00e9tait d'\u00eatre un marin du XVIII<sup>e<\/sup> si\u00e8cle.<\/p>\n\n\n\n<p>Alors embarquez avec nous et vivez cette aventure en tant que membre de l'\u00e9quipage pour 2  journ\u00e9es de navigation, o\u00f9 vous apprendrez \u00e0 barrer la fr\u00e9gate, manoeuvrer cordages et voiles, brasser les vergues, carguer, \u00e9tablir les voiles... Et pour les plus aventuriers, grimper dans la m\u00e2ture accompagn\u00e9s de l'\u00e9quipage professionnel!<\/p>\n\n\n\n<p><strong>H\u00e9bergement et Commodit\u00e9s :<\/strong><\/p>\n\n\n\n<p>Choisissez de dormir dans un hamac exactement comme les marins le faisaient il y a trois si\u00e8cles, ou optez pour une bannette. \n\u00c0 terre comme en mer, nous assurons quatre repas par jour.\nLa vie \u00e0 bord est divis\u00e9e en quarts, auxquels vous participerez durant la totalit\u00e9 de s\u00e9jour.<\/p>\n\n\n\n<p class=\" translation-block\">Pour plus d'informations sur la vie \u00e0 bord du navire, visitez \u00a0<a href=\"\/fr\/about-shtandart\/life-on-board\/\" target=\"_self\">cette page<\/a>.<\/p>\n\n\n\n<p><strong>*Prix pour les jeunes de moins de 25 ans.<\/strong><br><strong>Si vous avez moins de 25 ans merci d'utiliser le code de r\u00e9duction \"<em>25yo-30<\/em>\" sur le formulaire de r\u00e9servation avant de proc\u00e9der au paiement de votre r\u00e9servation.<\/strong><\/p>\n\n\n\r\n\t<div id=\"calendarista_25\" class=\"calendarista card calendarista-typography\">\r\n\t\t\t\t<div class=\"calendarista-wizard card\">\r\n\t\t\t<div class=\"card-header\">\r\n\t\t\t\t<div class=\"col-xl-12 calendarista-navbar-container\">\r\n\t\t\t\t\t<div id=\"navbar_calendarista_25\">\r\n\t\t\t\t\t\t<ol class=\"nav nav-tabs calendarista-wizard-nav card-header-tabs calendarista-typography--caption1\">\r\n\t\t\t\t\t\t\t\t\t\t\t\t  <li class=\"nav-item\">\r\n\t\t\t\t\t\t\t<a href=\"#\" class=\"nav-link active\" data-calendarista-index=\"1\">\r\n\t\t\t\t\t\t\t  <span class=\"calendarista-nav-label\">Date et Ports<\/span>\r\n\t\t\t\t\t\t\t<\/a>\r\n\t\t\t\t\t\t  <\/li>\r\n\t\t\t\t\t\t  \t\t\t\t\t\t  <li class=\"nav-item\">\r\n\t\t\t\t\t\t\t<a href=\"#\" class=\"nav-link\" data-calendarista-index=\"2\">\r\n\t\t\t\t\t\t\t  <span class=\"calendarista-nav-label\">D\u00e9tails<\/span>\r\n\t\t\t\t\t\t\t<\/a>\r\n\t\t\t\t\t\t  <\/li>\r\n\t\t\t\t\t\t  \t\t\t\t\t\t  <li class=\"nav-item\">\r\n\t\t\t\t\t\t\t<a href=\"#\" class=\"nav-link\" data-calendarista-index=\"3\">\r\n\t\t\t\t\t\t\t  <span class=\"calendarista-nav-label\">Consultez<\/span>\r\n\t\t\t\t\t\t\t<\/a>\r\n\t\t\t\t\t\t  <\/li>\r\n\t\t\t\t\t\t  \t\t\t\t\t\t<\/ol>\r\n\t\t\t\t\t\t\t\t\t\t\t<\/div>\r\n\t\t\t\t<\/div>\r\n\t\t\t<\/div>\r\n\t\t\t<div class=\"card-body\">\r\n\t\t\t\t<div class=\"calendarista-wizard-section-block calendarista-wizard-section-block-include-thumb calendarista-wizard-section-no-thumbnail\">\r\n\t\t\t\t\t<div class=\"calendarista-wizard-section-block-thumb\" style=\"display:none;\"><\/div>\r\n\t\t\t\t\t<div class=\"container\">\r\n\t\t\t\t\t\t\t\t\t\t\t\t\t\t\t\t\t\t<form id=\"form-calendarista_25\" data-parsley-validate action=\"\/fr\/wp-json\/wp\/v2\/pages\/3627#CAL25\" method=\"post\" \r\n\t\t\t\t\t\t\tdata-parsley-inputs=\"input, textarea, select, hidden\" \r\n\t\t\t\t\t\t\tdata-parsley-excluded=\"input[type=button], input[type=submit], input[type=reset]\" data-trp-original-action=\"\/fr\/wp-json\/wp\/v2\/pages\/3627#CAL25\">\r\n\t\t\t\t\t\t\t<input type=\"hidden\" name=\"projectId\" value=\"25\">\r\n\t\t\t\t\t\t\t<input type=\"hidden\" name=\"calendarMode\" value=\"6\">\r\n\t\t\t\t\t\t\t<input type=\"hidden\" name=\"postbackStep\" value=\"calendar\"> \r\n\t\t\t\t\t\t\t<input type=\"hidden\" name=\"availabilityPreviewUrl\" value=\"\">\r\n\t\t\t\t\t\t\t<input type=\"hidden\" name=\"serviceThumbnailView\" value=\"1\">\r\n\t\t\t\t\t\t\t<input type=\"hidden\" name=\"availabilityThumbnailView\" value=\"1\">\r\n\t\t\t\t\t\t\t<input type=\"hidden\" name=\"__viewstate\" value=\"a:1:{i:0;a:1:{s:9:&quot;projectId&quot;;i:25;}}\">\r\n\t\t\t\t\t\t\t<input type=\"hidden\" name=\"stagingId\" value=\"\">\r\n\t\t\t\t\t\t\t<input type=\"hidden\" name=\"requestId\" value=\"calendarista_req_1777079182_69ec138ec4784\">\r\n\t\t\t\t\t\t\t<input type=\"hidden\" name=\"projectList\" value=\"25\">\r\n\t\t\t\t\t\t\t<input type=\"hidden\" name=\"enableMultipleBooking\" value=\"1\">\r\n\t\t\t\t\t\t\t<input type=\"hidden\" name=\"calendarista_cart\" value=\"\"\/>\r\n\t\t\t\t\t\t\t\t\t<div class=\"calendarista calendarista-calendar-legend25 hide\">\r\n\t\t\t\t<div class=\"clearfix\"><\/div>\r\n\t<\/div>\r\n\t<input type=\"hidden\" name=\"availableDate\" value=\"\"\/>\r\n\t<input type=\"hidden\" name=\"minDate\" value=\"samedi, 25 avril, 2026\"\/>\r\n\t<input type=\"hidden\" name=\"endDate\" value=\"\"\/>\r\n\t<input type=\"hidden\" name=\"clientAvailableDate\" value=\"\"\/>\r\n\t<input type=\"hidden\" name=\"clientEndDate\" value=\"\"\/>\r\n\t<input type=\"hidden\" name=\"maxTimeslots\" value=\"1\"\/>\r\n\t<input type=\"hidden\" name=\"timezone\" value=\"\"\/>\r\n\t<input type=\"hidden\" name=\"dynamicFieldsCount\" value=\"0\" \/>\r\n\t<input type=\"hidden\" name=\"multiDateSelection\" value=\"\"\/>\r\n\t<input type=\"hidden\" name=\"bookingDaysMinimum\" value=\"0\"\/>\r\n\t\t\t\t\t\t\t<div class=\"col-xl-12\">\r\n\t\t<div class=\"form-group\">\r\n\t\t\t\t\t\t<label class=\"form-control-label calendarista-typography--caption1\" for=\"seats_calendarista_25\">\r\n\t\t\t\tVoyages programm\u00e9s\t\t\t<\/label>\r\n\t\t\t\t\t\t<div>\r\n\t\t\t\t\t\t\t\t\t<select id=\"calendarista_package_calendarista_25\" \r\n\t\t\t\t\t\tname=\"package\" \r\n\t\t\t\t\t\tclass=\"form-select calendarista-typography--caption1 calendarista_parsley_validated\"\r\n\t\t\t\t\t\tdata-calendarista-selected-package=\"\"\r\n\t\t\t\t\t\tdata-parsley-required=\"true\">\r\n\t\t\t\t\t\t<option value=\"\">Select a voyage <\/option>\r\n\t\t\t\t\t\t\t\t\t\t\t\t<option value=\"95\"\r\n\t\t\t\t\t\t\tdata-calendarista-startdate=\"2026-04-25\" \r\n\t\t\t\t\t\t\tdata-calendarista-enddate=\"2026-04-27\"\r\n\t\t\t\t\t\t\t>\r\n\t\t\t\t\t\t\t\t\t\t\t\t\t\t\tLa Rochelle \u2013 La Rochelle 16.06 \u2013 19.06\t\t\t\t\t\t\t\t\t\t\t\t\t\t<\/option>\r\n\t\t\t\t\t\t\t\t\t\t\t\t<option value=\"97\"\r\n\t\t\t\t\t\t\tdata-calendarista-startdate=\"2026-04-25\" \r\n\t\t\t\t\t\t\tdata-calendarista-enddate=\"2026-05-03\"\r\n\t\t\t\t\t\t\t>\r\n\t\t\t\t\t\t\t\t\t\t\t\t\t\t\t La Rochelle \u2013 Brest 04.07-12.07 \t\t\t\t\t\t\t\t\t\t\t\t\t\t<\/option>\r\n\t\t\t\t\t\t\t\t\t\t\t\t<option value=\"98\"\r\n\t\t\t\t\t\t\tdata-calendarista-startdate=\"2026-04-25\" \r\n\t\t\t\t\t\t\tdata-calendarista-enddate=\"2026-04-29\"\r\n\t\t\t\t\t\t\t>\r\n\t\t\t\t\t\t\t\t\t\t\t\t\t\t\tBrest festival 12.07-17.07\t\t\t\t\t\t\t\t\t\t\t\t\t\t<\/option>\r\n\t\t\t\t\t\t\t\t\t\t\t\t<option value=\"99\"\r\n\t\t\t\t\t\t\tdata-calendarista-startdate=\"2026-04-25\" \r\n\t\t\t\t\t\t\tdata-calendarista-enddate=\"2026-04-25\"\r\n\t\t\t\t\t\t\t>\r\n\t\t\t\t\t\t\t\t\t\t\t\t\t\t\tParade of sail in Brest 18.07\t\t\t\t\t\t\t\t\t\t\t\t\t\t<\/option>\r\n\t\t\t\t\t\t\t\t\t\t\t\t<option value=\"100\"\r\n\t\t\t\t\t\t\tdata-calendarista-startdate=\"2026-04-25\" \r\n\t\t\t\t\t\t\tdata-calendarista-enddate=\"2026-05-01\"\r\n\t\t\t\t\t\t\t>\r\n\t\t\t\t\t\t\t\t\t\t\t\t\t\t\tBrest - Vigo 19.07-25.07\t\t\t\t\t\t\t\t\t\t\t\t\t\t<\/option>\r\n\t\t\t\t\t\t\t\t\t\t\t\t<option value=\"101\"\r\n\t\t\t\t\t\t\tdata-calendarista-startdate=\"2026-04-25\" \r\n\t\t\t\t\t\t\tdata-calendarista-enddate=\"2026-04-30\"\r\n\t\t\t\t\t\t\t>\r\n\t\t\t\t\t\t\t\t\t\t\t\t\t\t\tVigo - Vigo 29.07 - 03.08\t\t\t\t\t\t\t\t\t\t\t\t\t\t<\/option>\r\n\t\t\t\t\t\t\t\t\t\t\t\t<option value=\"102\"\r\n\t\t\t\t\t\t\tdata-calendarista-startdate=\"2026-04-25\" \r\n\t\t\t\t\t\t\tdata-calendarista-enddate=\"2026-04-30\"\r\n\t\t\t\t\t\t\t>\r\n\t\t\t\t\t\t\t\t\t\t\t\t\t\t\tVigo - La Rochelle 05.08-10.08\t\t\t\t\t\t\t\t\t\t\t\t\t\t<\/option>\r\n\t\t\t\t\t\t\t\t\t\t\t\t<option value=\"103\"\r\n\t\t\t\t\t\t\tdata-calendarista-startdate=\"2026-04-25\" \r\n\t\t\t\t\t\t\tdata-calendarista-enddate=\"2026-04-30\"\r\n\t\t\t\t\t\t\t>\r\n\t\t\t\t\t\t\t\t\t\t\t\t\t\t\tLa Rochelle -Camaret 12.08-17.08\t\t\t\t\t\t\t\t\t\t\t\t\t\t<\/option>\r\n\t\t\t\t\t\t\t\t\t\t\t\t<option value=\"104\"\r\n\t\t\t\t\t\t\tdata-calendarista-startdate=\"2026-04-25\" \r\n\t\t\t\t\t\t\tdata-calendarista-enddate=\"2026-04-28\"\r\n\t\t\t\t\t\t\t>\r\n\t\t\t\t\t\t\t\t\t\t\t\t\t\t\tCamaret - Granville 18.08-21.08\t\t\t\t\t\t\t\t\t\t\t\t\t\t<\/option>\r\n\t\t\t\t\t\t\t\t\t\t\t<\/select>\r\n\t\t\t\t\t\t\t<\/div>\r\n\t\t<\/div>\r\n\t<\/div>\r\n\t\t\t\t\t<div class=\"calendarista-seats-placeholder\"><\/div>\r\n\t\t<div class=\"calendarista-dynamicfield-placeholder\"><\/div>\r\n\t\t<div class=\"calendarista-bookmore-placeholder\"><\/div>\r\n\t\t<div class=\"calendarista-repeat-appointment-placeholder\"><\/div>\r\n\t\t\t<script type=\"text\/javascript\">\r\n\t(function(){\r\n\t\tfunction init(){\r\n\t\t\tvar calendar = new Calendarista.calendar({\r\n\t\t\t\t'id': 'calendarista_25'\r\n\t\t\t\t, 'calendarMode': 6 \r\n\t\t\t\t, 'firstDayOfWeek': 1\t\t\t\t, 'ajaxUrl': 'https:\/\/shtandart.eu\/wp-admin\/admin-ajax.php'\r\n\t\t\t\t, 'projectId': 25 \r\n\t\t\t\t, 'dateFormat': 'DD, d MM, yy'\r\n\t\t\t\t, 'thumbnails': []\t\t\t\t, 'appointment': -1\t\t\t\t, 'bookingDaysMinimum': 0\t\t\t\t, 'bookingDaysMaximum': 0\t\t\t\t, 'dayCountMode': 0\t\t\t\t, 'searchResultStartTime': ''\r\n\t\t\t\t, 'searchResultEndTime':  ''\r\n\t\t\t\t, 'timeDisplayMode': 0\t\t\t\t, 'enableMultipleBooking': 1\t\t\t\t, 'clearLabel': 'Clear'\r\n\t\t\t\t, 'seasons': []\t\t\t\t, 'minTime': 0\t\t\t\t, 'maxTime': 0\t\t\t\t, 'returnSameDay': 0\t\t\t\t, 'returnOptional': 0\t\t\t\t, 'repeatPageSize': 10\t\t\t})\r\n\t\t\t, gmaps;\r\n\t\t\t\t\t\tthis.$nextButton = calendar.$root.find('button[name=\"next\"]');\r\n\t\t\t\t\t\tthis.$nextButton.on('click', function(e){\r\n\t\t\t\tvar $multiDateSelection = calendar.$root.find('input[name=\"multiDateSelection\"]')\r\n\t\t\t\t\t, bookingDaysMinimum = calendar.bookingDaysMinimum\r\n\t\t\t\t\t, multiDatesVal = $multiDateSelection.val()\r\n\t\t\t\t\t, multiDates = multiDatesVal ? multiDatesVal.split(';') : []\r\n\t\t\t\t\t, sel = (multiDates.length > 0 && (!bookingDaysMinimum || multiDates.length >= bookingDaysMinimum)) ? '.calendarista-dynamicfield.calendarista_parsley_validated' : null;\r\n\t\t\t\tif(!Calendarista.wizard.isValid(calendar.$root, sel)){\r\n\t\t\t\t\te.preventDefault();\r\n\t\t\t\t\treturn false;\r\n\t\t\t\t}else if (multiDates.length > 0){\r\n\t\t\t\t\tcalendar.$startDate.parsley().reset();\r\n\t\t\t\t}\r\n\t\t\t\tcalendar.unload();\r\n\t\t\t\tif(gmaps){\r\n\t\t\t\t\tgmaps.unload();\r\n\t\t\t\t}\r\n\t\t\t});\r\n\t\t}\r\n\t\t\t\t\r\n\t\tif (window.addEventListener){\r\n\t\t  window.addEventListener('load', onload, false); \r\n\t\t} else if (window.attachEvent){\r\n\t\t  window.attachEvent('onload', onload);\r\n\t\t}\r\n\t\tfunction onload(e){\r\n\t\t\tinit();\r\n\t\t}\r\n\t\t\t\t\r\n\t})();\r\n\t<\/script>\r\n\t\t\t\t\t\t\t\t<div class=\"clearfix\"><\/div>\r\n\t\t\t\t\t\t\t\t\t\t\t\t\t\t<div class=\"col-xl-12 calendarista-row-single calendarista-cost-summary-placeholder\"><\/div>\r\n\t\t\t\t\t\t\t\t\t\t\t\t\t\t<div class=\"col-xl-12 calendarista-row-double\">\r\n\t\t\t\t\t\t\t\t<div class=\"row\">\r\n\t\t\t\t\t\t\t\t\t<div class=\"col-1\">\r\n\t\t\t\t\t\t\t\t\t\t<div id=\"spinner_calendarista_25\" class=\"spinner-border text-primary calendarista-invisible\" role=\"status\">\r\n\t\t\t\t\t\t\t\t\t\t  <span class=\"sr-only\">Loading...<\/span>\r\n\t\t\t\t\t\t\t\t\t\t<\/div>\r\n\t\t\t\t\t\t\t\t\t<\/div>\r\n\t\t\t\t\t\t\t\t\t<div class=\"col-11 calendarista-align-right\">\r\n\t\t\t\t\t\t\t\t\t\t\t\t\t\t\t\t\t\t\t\t\t\t\t\t\t\t\t\t\t\t\t<button id=\"calendarista_25_next\" type=\"button\" name=\"next\" class=\"btn btn-primary calendarista-typography--button calendarista-btn-next\" value=\"2\">Suivant&nbsp;<i class=\"fa fa-chevron-right\"><\/i><\/button>\r\n\t\t\t\t\t\t\t\t\t\t\t\t\t\t\t\t\t\t\t<\/div>\r\n\t\t\t\t\t\t\t\t<\/div>\r\n\t\t\t\t\t\t\t<\/div>\r\n\t\t\t\t\t\t<input type=\"hidden\" name=\"trp-form-language\" value=\"fr\"\/><\/form>\r\n\t\t\t\t\t\t<div class=\"clearfix\"><\/div>\r\n\t\t\t\t\t\t<script type=\"text\/javascript\">\r\n\t\t\t\t\t\t(function(){\r\n\t\t\t\t\t\t\t\"use strict\";\r\n\t\t\t\t\t\t\tfunction init(){\r\n\t\t\t\t\t\t\t\tnew Calendarista.wizard({\r\n\t\t\t\t\t\t\t\t\t'id': 'calendarista_25'\r\n\t\t\t\t\t\t\t\t\t, 'wizardAction': 'calendarista_wizard'\r\n\t\t\t\t\t\t\t\t\t, 'prevIndex': 0\t\t\t\t\t\t\t\t\t, 'nextIndex': 2\t\t\t\t\t\t\t\t\t, 'stepCounter': 3\t\t\t\t\t\t\t\t\t, 'appointment': 0\r\n\t\t\t\t\t\t\t\t\t, 'steps': [{\"name\":\"calendar\",\"counter\":1,\"label\":\"Date and ports\"},{\"name\":\"form\",\"counter\":2,\"label\":\"Details\"},{\"name\":\"checkout\",\"counter\":3,\"label\":\"Check out\"}]\t\t\t\t\t\t\t\t\t, 'selectedStepName': 'calendar'\r\n\t\t\t\t\t\t\t\t\t, 'selectedStepIndex': 1\t\t\t\t\t\t\t\t});\r\n\t\t\t\t\t\t\t}\r\n\t\t\t\t\t\t\t\t\t\t\t\t\t\tif (window.addEventListener){\r\n\t\t\t\t\t\t\t  window.addEventListener('load', onload, false); \r\n\t\t\t\t\t\t\t} else if (window.attachEvent){\r\n\t\t\t\t\t\t\t  window.attachEvent('onload', onload);\r\n\t\t\t\t\t\t\t}\r\n\t\t\t\t\t\t\tfunction onload(e){\r\n\t\t\t\t\t\t\t\tinit();\r\n\t\t\t\t\t\t\t}\r\n\t\t\t\t\t\t\t\t\t\t\t\t\t})();\r\n\t\t\t\t\t\t<\/script>\r\n\t\t\t\t\t<\/div>\r\n\t\t\t\t<\/div>\r\n\t\t\t<\/div>\r\n\t\t<\/div>\r\n\t<\/div>","protected":false},"excerpt":{"rendered":"<p>Port of Departure: La RochelleBoarding: June 25, 2024, at 17:00Departure: June 25, 2024, at 19:00Destination Port: RoyanArrival: June 26, 2024, at 19:00Disembarkation: June 27, 2024, at 8:30Days on board: 2Contribution for Organising the Voyage: \u20ac129\/\u20ac99* Welcome on board the frigate Shtandart! Here you can really travel in time back 300 years and feel what it\u2019s [&hellip;]<\/p>","protected":false},"author":990011,"featured_media":2867,"parent":0,"menu_order":0,"comment_status":"closed","ping_status":"closed","template":"","meta":{"_themeisle_gutenberg_block_has_review":false,"footnotes":""},"class_list":["post-3627","page","type-page","status-publish","has-post-thumbnail","hentry"],"yoast_head":"<!-- This site is optimized with the Yoast SEO plugin v25.5 - https:\/\/yoast.com\/wordpress\/plugins\/seo\/ -->\n<title>La Rochelle - Royan 25.06 - 26.06 - Shtandart<\/title>\n<meta name=\"robots\" content=\"index, follow, max-snippet:-1, max-image-preview:large, max-video-preview:-1\" \/>\n<link rel=\"canonical\" href=\"https:\/\/shtandart.eu\/fr\/la-rochelle-royan-25-06-26-06\/\" \/>\n<meta property=\"og:locale\" content=\"fr_FR\" \/>\n<meta property=\"og:type\" content=\"article\" \/>\n<meta property=\"og:title\" content=\"La Rochelle - Royan 25.06 - 26.06 - Shtandart\" \/>\n<meta property=\"og:description\" content=\"Port of Departure: La RochelleBoarding: June 25, 2024, at 17:00Departure: June 25, 2024, at 19:00Destination Port: RoyanArrival: June 26, 2024, at 19:00Disembarkation: June 27, 2024, at 8:30Days on board: 2Contribution for Organising the Voyage: \u20ac129\/\u20ac99* Welcome on board the frigate Shtandart! Here you can really travel in time back 300 years and feel what it\u2019s [&hellip;]\" \/>\n<meta property=\"og:url\" content=\"https:\/\/shtandart.eu\/fr\/la-rochelle-royan-25-06-26-06\/\" \/>\n<meta property=\"og:site_name\" content=\"Shtandart\" \/>\n<meta property=\"article:publisher\" content=\"https:\/\/www.facebook.com\/Frigate.Shtandart\/\" \/>\n<meta property=\"article:modified_time\" content=\"2024-06-23T09:56:19+00:00\" \/>\n<meta property=\"og:image\" content=\"https:\/\/shtandart.eu\/wp-content\/uploads\/2023\/12\/Image-5.jpg\" \/>\n\t<meta property=\"og:image:width\" content=\"1280\" \/>\n\t<meta property=\"og:image:height\" content=\"853\" \/>\n\t<meta property=\"og:image:type\" content=\"image\/jpeg\" \/>\n<meta name=\"twitter:card\" content=\"summary_large_image\" \/>\n<meta name=\"twitter:label1\" content=\"Dur\u00e9e de lecture estim\u00e9e\" \/>\n\t<meta name=\"twitter:data1\" content=\"1 minute\" \/>\n<script type=\"application\/ld+json\" class=\"yoast-schema-graph\">{\"@context\":\"https:\/\/schema.org\",\"@graph\":[{\"@type\":\"WebPage\",\"@id\":\"https:\/\/shtandart.eu\/la-rochelle-royan-25-06-26-06\/\",\"url\":\"https:\/\/shtandart.eu\/la-rochelle-royan-25-06-26-06\/\",\"name\":\"La Rochelle - Royan 25.06 - 26.06 - Shtandart\",\"isPartOf\":{\"@id\":\"https:\/\/shtandart.eu\/#website\"},\"primaryImageOfPage\":{\"@id\":\"https:\/\/shtandart.eu\/la-rochelle-royan-25-06-26-06\/#primaryimage\"},\"image\":{\"@id\":\"https:\/\/shtandart.eu\/la-rochelle-royan-25-06-26-06\/#primaryimage\"},\"thumbnailUrl\":\"https:\/\/shtandart.eu\/wp-content\/uploads\/2023\/12\/Image-5.jpg\",\"datePublished\":\"2024-06-23T09:49:19+00:00\",\"dateModified\":\"2024-06-23T09:56:19+00:00\",\"breadcrumb\":{\"@id\":\"https:\/\/shtandart.eu\/la-rochelle-royan-25-06-26-06\/#breadcrumb\"},\"inLanguage\":\"fr-FR\",\"potentialAction\":[{\"@type\":\"ReadAction\",\"target\":[\"https:\/\/shtandart.eu\/la-rochelle-royan-25-06-26-06\/\"]}]},{\"@type\":\"ImageObject\",\"inLanguage\":\"fr-FR\",\"@id\":\"https:\/\/shtandart.eu\/la-rochelle-royan-25-06-26-06\/#primaryimage\",\"url\":\"https:\/\/shtandart.eu\/wp-content\/uploads\/2023\/12\/Image-5.jpg\",\"contentUrl\":\"https:\/\/shtandart.eu\/wp-content\/uploads\/2023\/12\/Image-5.jpg\",\"width\":1280,\"height\":853},{\"@type\":\"BreadcrumbList\",\"@id\":\"https:\/\/shtandart.eu\/la-rochelle-royan-25-06-26-06\/#breadcrumb\",\"itemListElement\":[{\"@type\":\"ListItem\",\"position\":1,\"name\":\"Home\",\"item\":\"https:\/\/shtandart.eu\/\"},{\"@type\":\"ListItem\",\"position\":2,\"name\":\"La Rochelle &#8211; Royan 25.06 &#8211; 26.06\"}]},{\"@type\":\"WebSite\",\"@id\":\"https:\/\/shtandart.eu\/#website\",\"url\":\"https:\/\/shtandart.eu\/\",\"name\":\"Shtandart\",\"description\":\"\",\"publisher\":{\"@id\":\"https:\/\/shtandart.eu\/#organization\"},\"potentialAction\":[{\"@type\":\"SearchAction\",\"target\":{\"@type\":\"EntryPoint\",\"urlTemplate\":\"https:\/\/shtandart.eu\/?s={search_term_string}\"},\"query-input\":{\"@type\":\"PropertyValueSpecification\",\"valueRequired\":true,\"valueName\":\"search_term_string\"}}],\"inLanguage\":\"fr-FR\"},{\"@type\":\"Organization\",\"@id\":\"https:\/\/shtandart.eu\/#organization\",\"name\":\"Shtandart\",\"url\":\"https:\/\/shtandart.eu\/\",\"logo\":{\"@type\":\"ImageObject\",\"inLanguage\":\"fr-FR\",\"@id\":\"https:\/\/shtandart.eu\/#\/schema\/logo\/image\/\",\"url\":\"https:\/\/shtandart.eu\/wp-content\/uploads\/2023\/12\/\u0411\u0435\u0437-\u0438\u043c\u0435\u043d\u0438-2.png\",\"contentUrl\":\"https:\/\/shtandart.eu\/wp-content\/uploads\/2023\/12\/\u0411\u0435\u0437-\u0438\u043c\u0435\u043d\u0438-2.png\",\"width\":512,\"height\":511,\"caption\":\"Shtandart\"},\"image\":{\"@id\":\"https:\/\/shtandart.eu\/#\/schema\/logo\/image\/\"},\"sameAs\":[\"https:\/\/www.facebook.com\/Frigate.Shtandart\/\"]}]}<\/script>\n<!-- \/ Yoast SEO plugin. -->","yoast_head_json":{"title":"La Rochelle - Royan 25.06 - 26.06 - Shtandart","robots":{"index":"index","follow":"follow","max-snippet":"max-snippet:-1","max-image-preview":"max-image-preview:large","max-video-preview":"max-video-preview:-1"},"canonical":"https:\/\/shtandart.eu\/fr\/la-rochelle-royan-25-06-26-06\/","og_locale":"fr_FR","og_type":"article","og_title":"La Rochelle - Royan 25.06 - 26.06 - Shtandart","og_description":"Port of Departure: La RochelleBoarding: June 25, 2024, at 17:00Departure: June 25, 2024, at 19:00Destination Port: RoyanArrival: June 26, 2024, at 19:00Disembarkation: June 27, 2024, at 8:30Days on board: 2Contribution for Organising the Voyage: \u20ac129\/\u20ac99* Welcome on board the frigate Shtandart! Here you can really travel in time back 300 years and feel what it\u2019s [&hellip;]","og_url":"https:\/\/shtandart.eu\/fr\/la-rochelle-royan-25-06-26-06\/","og_site_name":"Shtandart","article_publisher":"https:\/\/www.facebook.com\/Frigate.Shtandart\/","article_modified_time":"2024-06-23T09:56:19+00:00","og_image":[{"width":1280,"height":853,"url":"https:\/\/shtandart.eu\/wp-content\/uploads\/2023\/12\/Image-5.jpg","type":"image\/jpeg"}],"twitter_card":"summary_large_image","twitter_misc":{"Dur\u00e9e de lecture estim\u00e9e":"1 minute"},"schema":{"@context":"https:\/\/schema.org","@graph":[{"@type":"WebPage","@id":"https:\/\/shtandart.eu\/la-rochelle-royan-25-06-26-06\/","url":"https:\/\/shtandart.eu\/la-rochelle-royan-25-06-26-06\/","name":"La Rochelle - Royan 25.06 - 26.06 - Shtandart","isPartOf":{"@id":"https:\/\/shtandart.eu\/#website"},"primaryImageOfPage":{"@id":"https:\/\/shtandart.eu\/la-rochelle-royan-25-06-26-06\/#primaryimage"},"image":{"@id":"https:\/\/shtandart.eu\/la-rochelle-royan-25-06-26-06\/#primaryimage"},"thumbnailUrl":"https:\/\/shtandart.eu\/wp-content\/uploads\/2023\/12\/Image-5.jpg","datePublished":"2024-06-23T09:49:19+00:00","dateModified":"2024-06-23T09:56:19+00:00","breadcrumb":{"@id":"https:\/\/shtandart.eu\/la-rochelle-royan-25-06-26-06\/#breadcrumb"},"inLanguage":"fr-FR","potentialAction":[{"@type":"ReadAction","target":["https:\/\/shtandart.eu\/la-rochelle-royan-25-06-26-06\/"]}]},{"@type":"ImageObject","inLanguage":"fr-FR","@id":"https:\/\/shtandart.eu\/la-rochelle-royan-25-06-26-06\/#primaryimage","url":"https:\/\/shtandart.eu\/wp-content\/uploads\/2023\/12\/Image-5.jpg","contentUrl":"https:\/\/shtandart.eu\/wp-content\/uploads\/2023\/12\/Image-5.jpg","width":1280,"height":853},{"@type":"BreadcrumbList","@id":"https:\/\/shtandart.eu\/la-rochelle-royan-25-06-26-06\/#breadcrumb","itemListElement":[{"@type":"ListItem","position":1,"name":"Home","item":"https:\/\/shtandart.eu\/"},{"@type":"ListItem","position":2,"name":"La Rochelle &#8211; Royan 25.06 &#8211; 26.06"}]},{"@type":"WebSite","@id":"https:\/\/shtandart.eu\/#website","url":"https:\/\/shtandart.eu\/","name":"Shtandart","description":"","publisher":{"@id":"https:\/\/shtandart.eu\/#organization"},"potentialAction":[{"@type":"SearchAction","target":{"@type":"EntryPoint","urlTemplate":"https:\/\/shtandart.eu\/?s={search_term_string}"},"query-input":{"@type":"PropertyValueSpecification","valueRequired":true,"valueName":"search_term_string"}}],"inLanguage":"fr-FR"},{"@type":"Organization","@id":"https:\/\/shtandart.eu\/#organization","name":"Shtandart","url":"https:\/\/shtandart.eu\/","logo":{"@type":"ImageObject","inLanguage":"fr-FR","@id":"https:\/\/shtandart.eu\/#\/schema\/logo\/image\/","url":"https:\/\/shtandart.eu\/wp-content\/uploads\/2023\/12\/\u0411\u0435\u0437-\u0438\u043c\u0435\u043d\u0438-2.png","contentUrl":"https:\/\/shtandart.eu\/wp-content\/uploads\/2023\/12\/\u0411\u0435\u0437-\u0438\u043c\u0435\u043d\u0438-2.png","width":512,"height":511,"caption":"Shtandart"},"image":{"@id":"https:\/\/shtandart.eu\/#\/schema\/logo\/image\/"},"sameAs":["https:\/\/www.facebook.com\/Frigate.Shtandart\/"]}]}},"_links":{"self":[{"href":"https:\/\/shtandart.eu\/fr\/wp-json\/wp\/v2\/pages\/3627","targetHints":{"allow":["GET"]}}],"collection":[{"href":"https:\/\/shtandart.eu\/fr\/wp-json\/wp\/v2\/pages"}],"about":[{"href":"https:\/\/shtandart.eu\/fr\/wp-json\/wp\/v2\/types\/page"}],"author":[{"embeddable":true,"href":"https:\/\/shtandart.eu\/fr\/wp-json\/wp\/v2\/users\/990011"}],"replies":[{"embeddable":true,"href":"https:\/\/shtandart.eu\/fr\/wp-json\/wp\/v2\/comments?post=3627"}],"version-history":[{"count":2,"href":"https:\/\/shtandart.eu\/fr\/wp-json\/wp\/v2\/pages\/3627\/revisions"}],"predecessor-version":[{"id":3629,"href":"https:\/\/shtandart.eu\/fr\/wp-json\/wp\/v2\/pages\/3627\/revisions\/3629"}],"wp:featuredmedia":[{"embeddable":true,"href":"https:\/\/shtandart.eu\/fr\/wp-json\/wp\/v2\/media\/2867"}],"wp:attachment":[{"href":"https:\/\/shtandart.eu\/fr\/wp-json\/wp\/v2\/media?parent=3627"}],"curies":[{"name":"wp","href":"https:\/\/api.w.org\/{rel}","templated":true}]}}