{"id":3280,"date":"2023-02-16T18:05:00","date_gmt":"2023-02-16T17:05:00","guid":{"rendered":"https:\/\/shtandart.eu\/?page_id=3280"},"modified":"2024-03-10T15:34:32","modified_gmt":"2024-03-10T14:34:32","slug":"calais-honfleur-16-05-19-05","status":"publish","type":"page","link":"https:\/\/shtandart.eu\/fr\/calais-honfleur-16-05-19-05\/","title":{"rendered":"Calais &#8211; Honfleur 16.05 &#8211; 19.05"},"content":{"rendered":"<p><strong>_ <strong>Calais<\/strong><br>Boarding: May 16, 2024, at 18:00<br>Departure: May 16, 2024, at 20:00<br>Destination Port: Honfleur<br>Arrival: May 18, 2024, at 08:00<br>Disembarkation: May 19, 2024, at 10:00<br>Jours \u00e0 bord : 4<br>Contribution for Organising the Voyage: \u20ac255\/\u20ac155<\/strong>*<\/p>\n\n\n\n<p>Le 16 mai, la fr\u00e9gate Shtandart, une r\u00e9plique exacte du navire du XVIIIe si\u00e8cle, partira du port de Calais en direction de Honfleur.\nEt toute personne peut se joindre \u00e0 ce voyage d'entra\u00eenement \u00e0 la voile !\u00a0<\/p>\n\n\n\n<p>Imaginez ceci - vous vous tenez \u00e0 la barre d'une fr\u00e9gate du XVIIIe si\u00e8cle en route  vers de nouvelles c\u00f4tes ! Avec un \u00e9quipage amical du Shtandart, vous plongerez dans l'histoire vivante, apprendrez de nouvelles comp\u00e9tences et vous testerez dans des conditions de navigation en mer.\u00a0<\/p>\n\n\n\n<p>Nous invitons tous ceux qui ont l'esprit aventureux et r\u00eavent depuis longtemps de prendre la mer \u00e0 bord d'un grand voilier \u00e0 se joindre \u00e0 nous !<\/p>\n\n\n\n<p><strong>H\u00e9bergement et Commodit\u00e9s :<\/strong><\/p>\n\n\n\n<p>Choisissez de dormir dans un hamac exactement comme les marins le faisaient il y a trois si\u00e8cles, ou optez pour une bannette. \n\u00c0 terre comme en mer, nous assurons quatre repas par jour.\nLa vie \u00e0 bord est divis\u00e9e en quarts, auxquels vous participerez durant la totalit\u00e9 de s\u00e9jour.<\/p>\n\n\n\n<p class=\" translation-block\">Pour plus d'informations sur la vie \u00e0 bord du navire, visitez \u00a0<a href=\"\/fr\/about-shtandart\/life-on-board\/\" target=\"_self\">cette page<\/a>.<\/p>\n\n\n\n<p><strong>*Prix pour les jeunes de moins de 25 ans.<\/strong><br><strong>Si vous avez moins de 25 ans merci d'utiliser le code de r\u00e9duction \"<em>25yo-100<\/em>\" sur le formulaire de r\u00e9servation avant de proc\u00e9der au paiement de votre r\u00e9servation.<\/strong><\/p>\n\n\n\r\n\t<div id=\"calendarista_18\" class=\"calendarista card calendarista-typography\">\r\n\t\t\t\t<div class=\"calendarista-wizard card\">\r\n\t\t\t<div class=\"card-header\">\r\n\t\t\t\t<div class=\"col-xl-12 calendarista-navbar-container\">\r\n\t\t\t\t\t<div id=\"navbar_calendarista_18\">\r\n\t\t\t\t\t\t<ol class=\"nav nav-tabs calendarista-wizard-nav card-header-tabs calendarista-typography--caption1\">\r\n\t\t\t\t\t\t\t\t\t\t\t\t  <li class=\"nav-item\">\r\n\t\t\t\t\t\t\t<a href=\"#\" class=\"nav-link active\" data-calendarista-index=\"1\">\r\n\t\t\t\t\t\t\t  <span class=\"calendarista-nav-label\">Date et Ports<\/span>\r\n\t\t\t\t\t\t\t<\/a>\r\n\t\t\t\t\t\t  <\/li>\r\n\t\t\t\t\t\t  \t\t\t\t\t\t  <li class=\"nav-item\">\r\n\t\t\t\t\t\t\t<a href=\"#\" class=\"nav-link\" data-calendarista-index=\"2\">\r\n\t\t\t\t\t\t\t  <span class=\"calendarista-nav-label\">D\u00e9tails<\/span>\r\n\t\t\t\t\t\t\t<\/a>\r\n\t\t\t\t\t\t  <\/li>\r\n\t\t\t\t\t\t  \t\t\t\t\t\t  <li class=\"nav-item\">\r\n\t\t\t\t\t\t\t<a href=\"#\" class=\"nav-link\" data-calendarista-index=\"3\">\r\n\t\t\t\t\t\t\t  <span class=\"calendarista-nav-label\">Consultez<\/span>\r\n\t\t\t\t\t\t\t<\/a>\r\n\t\t\t\t\t\t  <\/li>\r\n\t\t\t\t\t\t  \t\t\t\t\t\t<\/ol>\r\n\t\t\t\t\t\t\t\t\t\t\t<\/div>\r\n\t\t\t\t<\/div>\r\n\t\t\t<\/div>\r\n\t\t\t<div class=\"card-body\">\r\n\t\t\t\t<div class=\"calendarista-wizard-section-block calendarista-wizard-section-block-include-thumb calendarista-wizard-section-no-thumbnail\">\r\n\t\t\t\t\t<div class=\"calendarista-wizard-section-block-thumb\" style=\"display:none;\"><\/div>\r\n\t\t\t\t\t<div class=\"container\">\r\n\t\t\t\t\t\t\t\t\t\t\t\t\t\t\t\t\t\t<form id=\"form-calendarista_18\" data-parsley-validate action=\"\/fr\/wp-json\/wp\/v2\/pages\/3280#CAL18\" method=\"post\" \r\n\t\t\t\t\t\t\tdata-parsley-inputs=\"input, textarea, select, hidden\" \r\n\t\t\t\t\t\t\tdata-parsley-excluded=\"input[type=button], input[type=submit], input[type=reset]\" data-trp-original-action=\"\/fr\/wp-json\/wp\/v2\/pages\/3280#CAL18\">\r\n\t\t\t\t\t\t\t<input type=\"hidden\" name=\"projectId\" value=\"18\">\r\n\t\t\t\t\t\t\t<input type=\"hidden\" name=\"calendarMode\" value=\"6\">\r\n\t\t\t\t\t\t\t<input type=\"hidden\" name=\"postbackStep\" value=\"calendar\"> \r\n\t\t\t\t\t\t\t<input type=\"hidden\" name=\"availabilityPreviewUrl\" value=\"\">\r\n\t\t\t\t\t\t\t<input type=\"hidden\" name=\"serviceThumbnailView\" value=\"1\">\r\n\t\t\t\t\t\t\t<input type=\"hidden\" name=\"availabilityThumbnailView\" value=\"1\">\r\n\t\t\t\t\t\t\t<input type=\"hidden\" name=\"__viewstate\" value=\"a:1:{i:0;a:1:{s:9:&quot;projectId&quot;;i:18;}}\">\r\n\t\t\t\t\t\t\t<input type=\"hidden\" name=\"stagingId\" value=\"\">\r\n\t\t\t\t\t\t\t<input type=\"hidden\" name=\"requestId\" value=\"calendarista_req_1776592885_69e4a7f52f94e\">\r\n\t\t\t\t\t\t\t<input type=\"hidden\" name=\"projectList\" value=\"18\">\r\n\t\t\t\t\t\t\t<input type=\"hidden\" name=\"enableMultipleBooking\" value=\"1\">\r\n\t\t\t\t\t\t\t<input type=\"hidden\" name=\"calendarista_cart\" value=\"\"\/>\r\n\t\t\t\t\t\t\t\t\t<div class=\"calendarista calendarista-calendar-legend18 hide\">\r\n\t\t\t\t<div class=\"clearfix\"><\/div>\r\n\t<\/div>\r\n\t<input type=\"hidden\" name=\"availableDate\" value=\"\"\/>\r\n\t<input type=\"hidden\" name=\"minDate\" value=\"dimanche, 19 avril, 2026\"\/>\r\n\t<input type=\"hidden\" name=\"endDate\" value=\"\"\/>\r\n\t<input type=\"hidden\" name=\"clientAvailableDate\" value=\"\"\/>\r\n\t<input type=\"hidden\" name=\"clientEndDate\" value=\"\"\/>\r\n\t<input type=\"hidden\" name=\"maxTimeslots\" value=\"1\"\/>\r\n\t<input type=\"hidden\" name=\"timezone\" value=\"\"\/>\r\n\t<input type=\"hidden\" name=\"dynamicFieldsCount\" value=\"0\" \/>\r\n\t<input type=\"hidden\" name=\"multiDateSelection\" value=\"\"\/>\r\n\t<input type=\"hidden\" name=\"bookingDaysMinimum\" value=\"0\"\/>\r\n\t\t\t\t\t\t\t<div class=\"col-xl-12\">\r\n\t\t<div class=\"form-group\">\r\n\t\t\t\t\t\t<label class=\"form-control-label calendarista-typography--caption1\" for=\"seats_calendarista_18\">\r\n\t\t\t\tVoyages programm\u00e9s\t\t\t<\/label>\r\n\t\t\t\t\t\t<div>\r\n\t\t\t\t\t\t\t\t\t<select id=\"calendarista_package_calendarista_18\" \r\n\t\t\t\t\t\tname=\"package\" \r\n\t\t\t\t\t\tclass=\"form-select calendarista-typography--caption1 calendarista_parsley_validated\"\r\n\t\t\t\t\t\tdata-calendarista-selected-package=\"\"\r\n\t\t\t\t\t\tdata-parsley-required=\"true\">\r\n\t\t\t\t\t\t<option value=\"\">S\u00e9lectionner un voyage<\/option>\r\n\t\t\t\t\t\t\t\t\t\t\t\t<option value=\"42\"\r\n\t\t\t\t\t\t\tdata-calendarista-startdate=\"2026-04-19\" \r\n\t\t\t\t\t\t\tdata-calendarista-enddate=\"2026-04-26\"\r\n\t\t\t\t\t\t\t>\r\n\t\t\t\t\t\t\t\t\t\t\t\t\t\t\tLa Rochelle - Vigo 25.02-03.03\t\t\t\t\t\t\t\t\t\t\t\t\t\t<\/option>\r\n\t\t\t\t\t\t\t\t\t\t\t\t<option value=\"61\"\r\n\t\t\t\t\t\t\tdata-calendarista-startdate=\"2026-04-19\" \r\n\t\t\t\t\t\t\tdata-calendarista-enddate=\"2026-04-26\"\r\n\t\t\t\t\t\t\t>\r\n\t\t\t\t\t\t\t\t\t\t\t\t\t\t\tVigo - Tanger 03.03-10.03\t\t\t\t\t\t\t\t\t\t\t\t\t\t<\/option>\r\n\t\t\t\t\t\t\t\t\t\t\t\t<option value=\"63\"\r\n\t\t\t\t\t\t\tdata-calendarista-startdate=\"2026-04-19\" \r\n\t\t\t\t\t\t\tdata-calendarista-enddate=\"2026-04-21\"\r\n\t\t\t\t\t\t\t>\r\n\t\t\t\t\t\t\t\t\t\t\t\t\t\t\tPort-de-Bouc - Sete 24.03-26.03\t\t\t\t\t\t\t\t\t\t\t\t\t\t<\/option>\r\n\t\t\t\t\t\t\t\t\t\t\t\t<option value=\"73\"\r\n\t\t\t\t\t\t\tdata-calendarista-startdate=\"2026-04-19\" \r\n\t\t\t\t\t\t\tdata-calendarista-enddate=\"2026-05-17\"\r\n\t\t\t\t\t\t\t>\r\n\t\t\t\t\t\t\t\t\t\t\t\t\t\t\tSete - Tanger - La Rochelle 01.04-29.04\t\t\t\t\t\t\t\t\t\t\t\t\t\t<\/option>\r\n\t\t\t\t\t\t\t\t\t\t\t\t<option value=\"64\"\r\n\t\t\t\t\t\t\tdata-calendarista-startdate=\"2026-04-19\" \r\n\t\t\t\t\t\t\tdata-calendarista-enddate=\"2026-04-26\"\r\n\t\t\t\t\t\t\t>\r\n\t\t\t\t\t\t\t\t\t\t\t\t\t\t\tValencia - Tanger  08.04-15.04\t\t\t\t\t\t\t\t\t\t\t\t\t\t<\/option>\r\n\t\t\t\t\t\t\t\t\t\t\t\t<option value=\"65\"\r\n\t\t\t\t\t\t\tdata-calendarista-startdate=\"2026-04-19\" \r\n\t\t\t\t\t\t\tdata-calendarista-enddate=\"2026-04-26\"\r\n\t\t\t\t\t\t\t>\r\n\t\t\t\t\t\t\t\t\t\t\t\t\t\t\tTanger  - La Coruna 15.04-22.04\t\t\t\t\t\t\t\t\t\t\t\t\t\t<\/option>\r\n\t\t\t\t\t\t\t\t\t\t\t\t<option value=\"66\"\r\n\t\t\t\t\t\t\tdata-calendarista-startdate=\"2026-04-19\" \r\n\t\t\t\t\t\t\tdata-calendarista-enddate=\"2026-04-25\"\r\n\t\t\t\t\t\t\t>\r\n\t\t\t\t\t\t\t\t\t\t\t\t\t\t\tLa Coruna - La Rochelle 23.04-29.04\t\t\t\t\t\t\t\t\t\t\t\t\t\t<\/option>\r\n\t\t\t\t\t\t\t\t\t\t\t\t<option value=\"67\"\r\n\t\t\t\t\t\t\tdata-calendarista-startdate=\"2026-04-19\" \r\n\t\t\t\t\t\t\tdata-calendarista-enddate=\"2026-04-26\"\r\n\t\t\t\t\t\t\t>\r\n\t\t\t\t\t\t\t\t\t\t\t\t\t\t\tLa Rochelle - Fecamp 01.05-08.05\t\t\t\t\t\t\t\t\t\t\t\t\t\t<\/option>\r\n\t\t\t\t\t\t\t\t\t\t\t\t<option value=\"68\"\r\n\t\t\t\t\t\t\tdata-calendarista-startdate=\"2026-04-19\" \r\n\t\t\t\t\t\t\tdata-calendarista-enddate=\"2026-04-23\"\r\n\t\t\t\t\t\t\t>\r\n\t\t\t\t\t\t\t\t\t\t\t\t\t\t\tFecamp  - Calais 12.05-16.05\t\t\t\t\t\t\t\t\t\t\t\t\t\t<\/option>\r\n\t\t\t\t\t\t\t\t\t\t\t\t<option value=\"89\"\r\n\t\t\t\t\t\t\tdata-calendarista-startdate=\"2026-04-19\" \r\n\t\t\t\t\t\t\tdata-calendarista-enddate=\"2026-04-21\"\r\n\t\t\t\t\t\t\t>\r\n\t\t\t\t\t\t\t\t\t\t\t\t\t\t\tCalais - Honfleur 16.05 - 18.05\t\t\t\t\t\t\t\t\t\t\t\t\t\t<\/option>\r\n\t\t\t\t\t\t\t\t\t\t\t\t<option value=\"90\"\r\n\t\t\t\t\t\t\tdata-calendarista-startdate=\"2026-04-19\" \r\n\t\t\t\t\t\t\tdata-calendarista-enddate=\"2026-04-25\"\r\n\t\t\t\t\t\t\t>\r\n\t\t\t\t\t\t\t\t\t\t\t\t\t\t\tHonfleur - Granville 20.05 - 26.05\t\t\t\t\t\t\t\t\t\t\t\t\t\t<\/option>\r\n\t\t\t\t\t\t\t\t\t\t\t\t<option value=\"91\"\r\n\t\t\t\t\t\t\tdata-calendarista-startdate=\"2026-04-19\" \r\n\t\t\t\t\t\t\tdata-calendarista-enddate=\"2026-04-24\"\r\n\t\t\t\t\t\t\t>\r\n\t\t\t\t\t\t\t\t\t\t\t\t\t\t\tGranville \u2013 Brest 27.05 - 01.06\t\t\t\t\t\t\t\t\t\t\t\t\t\t<\/option>\r\n\t\t\t\t\t\t\t\t\t\t\t\t<option value=\"92\"\r\n\t\t\t\t\t\t\tdata-calendarista-startdate=\"2026-04-19\" \r\n\t\t\t\t\t\t\tdata-calendarista-enddate=\"2026-04-25\"\r\n\t\t\t\t\t\t\t>\r\n\t\t\t\t\t\t\t\t\t\t\t\t\t\t\tBrest - La Rochelle 01.06-07.06\t\t\t\t\t\t\t\t\t\t\t\t\t\t<\/option>\r\n\t\t\t\t\t\t\t\t\t\t\t<\/select>\r\n\t\t\t\t\t\t\t<\/div>\r\n\t\t<\/div>\r\n\t<\/div>\r\n\t\t\t\t\t<div class=\"calendarista-seats-placeholder\"><\/div>\r\n\t\t<div class=\"calendarista-dynamicfield-placeholder\"><\/div>\r\n\t\t<div class=\"calendarista-bookmore-placeholder\"><\/div>\r\n\t\t<div class=\"calendarista-repeat-appointment-placeholder\"><\/div>\r\n\t\t\t<script type=\"text\/javascript\">\r\n\t(function(){\r\n\t\tfunction init(){\r\n\t\t\tvar calendar = new Calendarista.calendar({\r\n\t\t\t\t'id': 'calendarista_18'\r\n\t\t\t\t, 'calendarMode': 6 \r\n\t\t\t\t, 'firstDayOfWeek': 1\t\t\t\t, 'ajaxUrl': 'https:\/\/shtandart.eu\/wp-admin\/admin-ajax.php'\r\n\t\t\t\t, 'projectId': 18 \r\n\t\t\t\t, 'dateFormat': 'DD, d MM, yy'\r\n\t\t\t\t, 'thumbnails': []\t\t\t\t, 'appointment': -1\t\t\t\t, 'bookingDaysMinimum': 0\t\t\t\t, 'bookingDaysMaximum': 0\t\t\t\t, 'dayCountMode': 0\t\t\t\t, 'searchResultStartTime': ''\r\n\t\t\t\t, 'searchResultEndTime':  ''\r\n\t\t\t\t, 'timeDisplayMode': 0\t\t\t\t, 'enableMultipleBooking': 1\t\t\t\t, 'clearLabel': 'Clear'\r\n\t\t\t\t, 'seasons': []\t\t\t\t, 'minTime': 0\t\t\t\t, 'maxTime': 0\t\t\t\t, 'returnSameDay': 0\t\t\t\t, 'returnOptional': 0\t\t\t\t, 'repeatPageSize': 10\t\t\t})\r\n\t\t\t, gmaps;\r\n\t\t\t\t\t\tthis.$nextButton = calendar.$root.find('button[name=\"next\"]');\r\n\t\t\t\t\t\tthis.$nextButton.on('click', function(e){\r\n\t\t\t\tvar $multiDateSelection = calendar.$root.find('input[name=\"multiDateSelection\"]')\r\n\t\t\t\t\t, bookingDaysMinimum = calendar.bookingDaysMinimum\r\n\t\t\t\t\t, multiDatesVal = $multiDateSelection.val()\r\n\t\t\t\t\t, multiDates = multiDatesVal ? multiDatesVal.split(';') : []\r\n\t\t\t\t\t, sel = (multiDates.length > 0 && (!bookingDaysMinimum || multiDates.length >= bookingDaysMinimum)) ? '.calendarista-dynamicfield.calendarista_parsley_validated' : null;\r\n\t\t\t\tif(!Calendarista.wizard.isValid(calendar.$root, sel)){\r\n\t\t\t\t\te.preventDefault();\r\n\t\t\t\t\treturn false;\r\n\t\t\t\t}else if (multiDates.length > 0){\r\n\t\t\t\t\tcalendar.$startDate.parsley().reset();\r\n\t\t\t\t}\r\n\t\t\t\tcalendar.unload();\r\n\t\t\t\tif(gmaps){\r\n\t\t\t\t\tgmaps.unload();\r\n\t\t\t\t}\r\n\t\t\t});\r\n\t\t}\r\n\t\t\t\t\r\n\t\tif (window.addEventListener){\r\n\t\t  window.addEventListener('load', onload, false); \r\n\t\t} else if (window.attachEvent){\r\n\t\t  window.attachEvent('onload', onload);\r\n\t\t}\r\n\t\tfunction onload(e){\r\n\t\t\tinit();\r\n\t\t}\r\n\t\t\t\t\r\n\t})();\r\n\t<\/script>\r\n\t\t\t\t\t\t\t\t<div class=\"clearfix\"><\/div>\r\n\t\t\t\t\t\t\t\t\t\t\t\t\t\t<div class=\"col-xl-12 calendarista-row-single calendarista-cost-summary-placeholder\"><\/div>\r\n\t\t\t\t\t\t\t\t\t\t\t\t\t\t<div class=\"col-xl-12 calendarista-row-double\">\r\n\t\t\t\t\t\t\t\t<div class=\"row\">\r\n\t\t\t\t\t\t\t\t\t<div class=\"col-1\">\r\n\t\t\t\t\t\t\t\t\t\t<div id=\"spinner_calendarista_18\" class=\"spinner-border text-primary calendarista-invisible\" role=\"status\">\r\n\t\t\t\t\t\t\t\t\t\t  <span class=\"sr-only\">Loading...<\/span>\r\n\t\t\t\t\t\t\t\t\t\t<\/div>\r\n\t\t\t\t\t\t\t\t\t<\/div>\r\n\t\t\t\t\t\t\t\t\t<div class=\"col-11 calendarista-align-right\">\r\n\t\t\t\t\t\t\t\t\t\t\t\t\t\t\t\t\t\t\t\t\t\t\t\t\t\t\t\t\t\t\t<button id=\"calendarista_18_next\" type=\"button\" name=\"next\" class=\"btn btn-primary calendarista-typography--button calendarista-btn-next\" value=\"2\">Suivant&nbsp;<i class=\"fa fa-chevron-right\"><\/i><\/button>\r\n\t\t\t\t\t\t\t\t\t\t\t\t\t\t\t\t\t\t\t<\/div>\r\n\t\t\t\t\t\t\t\t<\/div>\r\n\t\t\t\t\t\t\t<\/div>\r\n\t\t\t\t\t\t<input type=\"hidden\" name=\"trp-form-language\" value=\"fr\"\/><\/form>\r\n\t\t\t\t\t\t<div class=\"clearfix\"><\/div>\r\n\t\t\t\t\t\t<script type=\"text\/javascript\">\r\n\t\t\t\t\t\t(function(){\r\n\t\t\t\t\t\t\t\"use strict\";\r\n\t\t\t\t\t\t\tfunction init(){\r\n\t\t\t\t\t\t\t\tnew Calendarista.wizard({\r\n\t\t\t\t\t\t\t\t\t'id': 'calendarista_18'\r\n\t\t\t\t\t\t\t\t\t, 'wizardAction': 'calendarista_wizard'\r\n\t\t\t\t\t\t\t\t\t, 'prevIndex': 0\t\t\t\t\t\t\t\t\t, 'nextIndex': 2\t\t\t\t\t\t\t\t\t, 'stepCounter': 3\t\t\t\t\t\t\t\t\t, 'appointment': 0\r\n\t\t\t\t\t\t\t\t\t, 'steps': [{\"name\":\"calendar\",\"counter\":1,\"label\":\"Date and ports\"},{\"name\":\"form\",\"counter\":2,\"label\":\"Details\"},{\"name\":\"checkout\",\"counter\":3,\"label\":\"Check out\"}]\t\t\t\t\t\t\t\t\t, 'selectedStepName': 'calendar'\r\n\t\t\t\t\t\t\t\t\t, 'selectedStepIndex': 1\t\t\t\t\t\t\t\t});\r\n\t\t\t\t\t\t\t}\r\n\t\t\t\t\t\t\t\t\t\t\t\t\t\tif (window.addEventListener){\r\n\t\t\t\t\t\t\t  window.addEventListener('load', onload, false); \r\n\t\t\t\t\t\t\t} else if (window.attachEvent){\r\n\t\t\t\t\t\t\t  window.attachEvent('onload', onload);\r\n\t\t\t\t\t\t\t}\r\n\t\t\t\t\t\t\tfunction onload(e){\r\n\t\t\t\t\t\t\t\tinit();\r\n\t\t\t\t\t\t\t}\r\n\t\t\t\t\t\t\t\t\t\t\t\t\t})();\r\n\t\t\t\t\t\t<\/script>\r\n\t\t\t\t\t<\/div>\r\n\t\t\t\t<\/div>\r\n\t\t\t<\/div>\r\n\t\t<\/div>\r\n\t<\/div>","protected":false},"excerpt":{"rendered":"<p>Port of Departure: CalaisBoarding: May 16, 2024, at 18:00Departure: May 16, 2024, at 20:00Destination Port: HonfleurArrival: May 18, 2024, at 08:00Disembarkation: May 19, 2024, at 10:00Days on board: 4Contribution for Organising the Voyage: \u20ac255\/\u20ac155* On the 16 of May the frigate Shtandart, an exact copy of the XVIII century ship, will depart from the port [&hellip;]<\/p>","protected":false},"author":990011,"featured_media":3271,"parent":0,"menu_order":0,"comment_status":"closed","ping_status":"closed","template":"","meta":{"_themeisle_gutenberg_block_has_review":false,"footnotes":""},"class_list":["post-3280","page","type-page","status-publish","has-post-thumbnail","hentry"],"yoast_head":"<!-- This site is optimized with the Yoast SEO plugin v25.5 - https:\/\/yoast.com\/wordpress\/plugins\/seo\/ -->\n<title>Calais - Honfleur 16.05 - 19.05 - Shtandart<\/title>\n<meta name=\"robots\" content=\"index, follow, max-snippet:-1, max-image-preview:large, max-video-preview:-1\" \/>\n<link rel=\"canonical\" href=\"https:\/\/shtandart.eu\/fr\/calais-honfleur-16-05-19-05\/\" \/>\n<meta property=\"og:locale\" content=\"fr_FR\" \/>\n<meta property=\"og:type\" content=\"article\" \/>\n<meta property=\"og:title\" content=\"Calais - Honfleur 16.05 - 19.05 - Shtandart\" \/>\n<meta property=\"og:description\" content=\"Port of Departure: CalaisBoarding: May 16, 2024, at 18:00Departure: May 16, 2024, at 20:00Destination Port: HonfleurArrival: May 18, 2024, at 08:00Disembarkation: May 19, 2024, at 10:00Days on board: 4Contribution for Organising the Voyage: \u20ac255\/\u20ac155* On the 16 of May the frigate Shtandart, an exact copy of the XVIII century ship, will depart from the port [&hellip;]\" \/>\n<meta property=\"og:url\" content=\"https:\/\/shtandart.eu\/fr\/calais-honfleur-16-05-19-05\/\" \/>\n<meta property=\"og:site_name\" content=\"Shtandart\" \/>\n<meta property=\"article:publisher\" content=\"https:\/\/www.facebook.com\/Frigate.Shtandart\/\" \/>\n<meta property=\"article:modified_time\" content=\"2024-03-10T14:34:32+00:00\" \/>\n<meta property=\"og:image\" content=\"https:\/\/shtandart.eu\/wp-content\/uploads\/2024\/02\/escale.jpg\" \/>\n\t<meta property=\"og:image:width\" content=\"1065\" \/>\n\t<meta property=\"og:image:height\" content=\"904\" \/>\n\t<meta property=\"og:image:type\" content=\"image\/jpeg\" \/>\n<meta name=\"twitter:card\" content=\"summary_large_image\" \/>\n<meta name=\"twitter:label1\" content=\"Dur\u00e9e de lecture estim\u00e9e\" \/>\n\t<meta name=\"twitter:data1\" content=\"1 minute\" \/>\n<script type=\"application\/ld+json\" class=\"yoast-schema-graph\">{\"@context\":\"https:\/\/schema.org\",\"@graph\":[{\"@type\":\"WebPage\",\"@id\":\"https:\/\/shtandart.eu\/calais-honfleur-16-05-19-05\/\",\"url\":\"https:\/\/shtandart.eu\/calais-honfleur-16-05-19-05\/\",\"name\":\"Calais - Honfleur 16.05 - 19.05 - Shtandart\",\"isPartOf\":{\"@id\":\"https:\/\/shtandart.eu\/#website\"},\"primaryImageOfPage\":{\"@id\":\"https:\/\/shtandart.eu\/calais-honfleur-16-05-19-05\/#primaryimage\"},\"image\":{\"@id\":\"https:\/\/shtandart.eu\/calais-honfleur-16-05-19-05\/#primaryimage\"},\"thumbnailUrl\":\"https:\/\/shtandart.eu\/wp-content\/uploads\/2024\/02\/escale.jpg\",\"datePublished\":\"2023-02-16T17:05:00+00:00\",\"dateModified\":\"2024-03-10T14:34:32+00:00\",\"breadcrumb\":{\"@id\":\"https:\/\/shtandart.eu\/calais-honfleur-16-05-19-05\/#breadcrumb\"},\"inLanguage\":\"fr-FR\",\"potentialAction\":[{\"@type\":\"ReadAction\",\"target\":[\"https:\/\/shtandart.eu\/calais-honfleur-16-05-19-05\/\"]}]},{\"@type\":\"ImageObject\",\"inLanguage\":\"fr-FR\",\"@id\":\"https:\/\/shtandart.eu\/calais-honfleur-16-05-19-05\/#primaryimage\",\"url\":\"https:\/\/shtandart.eu\/wp-content\/uploads\/2024\/02\/escale.jpg\",\"contentUrl\":\"https:\/\/shtandart.eu\/wp-content\/uploads\/2024\/02\/escale.jpg\",\"width\":1065,\"height\":904},{\"@type\":\"BreadcrumbList\",\"@id\":\"https:\/\/shtandart.eu\/calais-honfleur-16-05-19-05\/#breadcrumb\",\"itemListElement\":[{\"@type\":\"ListItem\",\"position\":1,\"name\":\"Home\",\"item\":\"https:\/\/shtandart.eu\/\"},{\"@type\":\"ListItem\",\"position\":2,\"name\":\"Calais &#8211; Honfleur 16.05 &#8211; 19.05\"}]},{\"@type\":\"WebSite\",\"@id\":\"https:\/\/shtandart.eu\/#website\",\"url\":\"https:\/\/shtandart.eu\/\",\"name\":\"Shtandart\",\"description\":\"\",\"publisher\":{\"@id\":\"https:\/\/shtandart.eu\/#organization\"},\"potentialAction\":[{\"@type\":\"SearchAction\",\"target\":{\"@type\":\"EntryPoint\",\"urlTemplate\":\"https:\/\/shtandart.eu\/?s={search_term_string}\"},\"query-input\":{\"@type\":\"PropertyValueSpecification\",\"valueRequired\":true,\"valueName\":\"search_term_string\"}}],\"inLanguage\":\"fr-FR\"},{\"@type\":\"Organization\",\"@id\":\"https:\/\/shtandart.eu\/#organization\",\"name\":\"Shtandart\",\"url\":\"https:\/\/shtandart.eu\/\",\"logo\":{\"@type\":\"ImageObject\",\"inLanguage\":\"fr-FR\",\"@id\":\"https:\/\/shtandart.eu\/#\/schema\/logo\/image\/\",\"url\":\"https:\/\/shtandart.eu\/wp-content\/uploads\/2023\/12\/\u0411\u0435\u0437-\u0438\u043c\u0435\u043d\u0438-2.png\",\"contentUrl\":\"https:\/\/shtandart.eu\/wp-content\/uploads\/2023\/12\/\u0411\u0435\u0437-\u0438\u043c\u0435\u043d\u0438-2.png\",\"width\":512,\"height\":511,\"caption\":\"Shtandart\"},\"image\":{\"@id\":\"https:\/\/shtandart.eu\/#\/schema\/logo\/image\/\"},\"sameAs\":[\"https:\/\/www.facebook.com\/Frigate.Shtandart\/\"]}]}<\/script>\n<!-- \/ Yoast SEO plugin. -->","yoast_head_json":{"title":"Calais - Honfleur 16.05 - 19.05 - Shtandart","robots":{"index":"index","follow":"follow","max-snippet":"max-snippet:-1","max-image-preview":"max-image-preview:large","max-video-preview":"max-video-preview:-1"},"canonical":"https:\/\/shtandart.eu\/fr\/calais-honfleur-16-05-19-05\/","og_locale":"fr_FR","og_type":"article","og_title":"Calais - Honfleur 16.05 - 19.05 - Shtandart","og_description":"Port of Departure: CalaisBoarding: May 16, 2024, at 18:00Departure: May 16, 2024, at 20:00Destination Port: HonfleurArrival: May 18, 2024, at 08:00Disembarkation: May 19, 2024, at 10:00Days on board: 4Contribution for Organising the Voyage: \u20ac255\/\u20ac155* On the 16 of May the frigate Shtandart, an exact copy of the XVIII century ship, will depart from the port [&hellip;]","og_url":"https:\/\/shtandart.eu\/fr\/calais-honfleur-16-05-19-05\/","og_site_name":"Shtandart","article_publisher":"https:\/\/www.facebook.com\/Frigate.Shtandart\/","article_modified_time":"2024-03-10T14:34:32+00:00","og_image":[{"width":1065,"height":904,"url":"https:\/\/shtandart.eu\/wp-content\/uploads\/2024\/02\/escale.jpg","type":"image\/jpeg"}],"twitter_card":"summary_large_image","twitter_misc":{"Dur\u00e9e de lecture estim\u00e9e":"1 minute"},"schema":{"@context":"https:\/\/schema.org","@graph":[{"@type":"WebPage","@id":"https:\/\/shtandart.eu\/calais-honfleur-16-05-19-05\/","url":"https:\/\/shtandart.eu\/calais-honfleur-16-05-19-05\/","name":"Calais - Honfleur 16.05 - 19.05 - Shtandart","isPartOf":{"@id":"https:\/\/shtandart.eu\/#website"},"primaryImageOfPage":{"@id":"https:\/\/shtandart.eu\/calais-honfleur-16-05-19-05\/#primaryimage"},"image":{"@id":"https:\/\/shtandart.eu\/calais-honfleur-16-05-19-05\/#primaryimage"},"thumbnailUrl":"https:\/\/shtandart.eu\/wp-content\/uploads\/2024\/02\/escale.jpg","datePublished":"2023-02-16T17:05:00+00:00","dateModified":"2024-03-10T14:34:32+00:00","breadcrumb":{"@id":"https:\/\/shtandart.eu\/calais-honfleur-16-05-19-05\/#breadcrumb"},"inLanguage":"fr-FR","potentialAction":[{"@type":"ReadAction","target":["https:\/\/shtandart.eu\/calais-honfleur-16-05-19-05\/"]}]},{"@type":"ImageObject","inLanguage":"fr-FR","@id":"https:\/\/shtandart.eu\/calais-honfleur-16-05-19-05\/#primaryimage","url":"https:\/\/shtandart.eu\/wp-content\/uploads\/2024\/02\/escale.jpg","contentUrl":"https:\/\/shtandart.eu\/wp-content\/uploads\/2024\/02\/escale.jpg","width":1065,"height":904},{"@type":"BreadcrumbList","@id":"https:\/\/shtandart.eu\/calais-honfleur-16-05-19-05\/#breadcrumb","itemListElement":[{"@type":"ListItem","position":1,"name":"Home","item":"https:\/\/shtandart.eu\/"},{"@type":"ListItem","position":2,"name":"Calais &#8211; Honfleur 16.05 &#8211; 19.05"}]},{"@type":"WebSite","@id":"https:\/\/shtandart.eu\/#website","url":"https:\/\/shtandart.eu\/","name":"Shtandart","description":"","publisher":{"@id":"https:\/\/shtandart.eu\/#organization"},"potentialAction":[{"@type":"SearchAction","target":{"@type":"EntryPoint","urlTemplate":"https:\/\/shtandart.eu\/?s={search_term_string}"},"query-input":{"@type":"PropertyValueSpecification","valueRequired":true,"valueName":"search_term_string"}}],"inLanguage":"fr-FR"},{"@type":"Organization","@id":"https:\/\/shtandart.eu\/#organization","name":"Shtandart","url":"https:\/\/shtandart.eu\/","logo":{"@type":"ImageObject","inLanguage":"fr-FR","@id":"https:\/\/shtandart.eu\/#\/schema\/logo\/image\/","url":"https:\/\/shtandart.eu\/wp-content\/uploads\/2023\/12\/\u0411\u0435\u0437-\u0438\u043c\u0435\u043d\u0438-2.png","contentUrl":"https:\/\/shtandart.eu\/wp-content\/uploads\/2023\/12\/\u0411\u0435\u0437-\u0438\u043c\u0435\u043d\u0438-2.png","width":512,"height":511,"caption":"Shtandart"},"image":{"@id":"https:\/\/shtandart.eu\/#\/schema\/logo\/image\/"},"sameAs":["https:\/\/www.facebook.com\/Frigate.Shtandart\/"]}]}},"_links":{"self":[{"href":"https:\/\/shtandart.eu\/fr\/wp-json\/wp\/v2\/pages\/3280","targetHints":{"allow":["GET"]}}],"collection":[{"href":"https:\/\/shtandart.eu\/fr\/wp-json\/wp\/v2\/pages"}],"about":[{"href":"https:\/\/shtandart.eu\/fr\/wp-json\/wp\/v2\/types\/page"}],"author":[{"embeddable":true,"href":"https:\/\/shtandart.eu\/fr\/wp-json\/wp\/v2\/users\/990011"}],"replies":[{"embeddable":true,"href":"https:\/\/shtandart.eu\/fr\/wp-json\/wp\/v2\/comments?post=3280"}],"version-history":[{"count":3,"href":"https:\/\/shtandart.eu\/fr\/wp-json\/wp\/v2\/pages\/3280\/revisions"}],"predecessor-version":[{"id":3314,"href":"https:\/\/shtandart.eu\/fr\/wp-json\/wp\/v2\/pages\/3280\/revisions\/3314"}],"wp:featuredmedia":[{"embeddable":true,"href":"https:\/\/shtandart.eu\/fr\/wp-json\/wp\/v2\/media\/3271"}],"wp:attachment":[{"href":"https:\/\/shtandart.eu\/fr\/wp-json\/wp\/v2\/media?parent=3280"}],"curies":[{"name":"wp","href":"https:\/\/api.w.org\/{rel}","templated":true}]}}