{"id":2717,"date":"2023-11-25T18:42:16","date_gmt":"2023-11-25T17:42:16","guid":{"rendered":"https:\/\/shtandart.eu\/?page_id=2717"},"modified":"2024-07-07T11:47:21","modified_gmt":"2024-07-07T09:47:21","slug":"faq","status":"publish","type":"page","link":"https:\/\/shtandart.eu\/fr\/faq\/","title":{"rendered":"FAQ"},"content":{"rendered":"<h2 class=\"wp-block-heading\">Information g\u00e9n\u00e9rale<\/h2>\n\n\n\n<p><strong>O\u00f9 se trouve le Shtandart actuellement et quel est son itin\u00e9raire pr\u00e9vu dans un futur proche ?&nbsp;<\/strong><\/p>\n\n\n\n<p>At the moment, the ship is located in Europe. On our website, you can find <a href=\"https:\/\/www.vesselfinder.com\/vessels\/details\/518999255\">notre emplacement actuel<\/a> as well as a <a href=\"https:\/\/shtandart.eu\/fr\/services\/sail-with-us\/\">le plan de navigation r\u00e9guli\u00e8rement mis \u00e0 jour.<\/a>.<\/p>\n\n\n\n<p><strong>Combien de personnes dans l'\u00e9quipage ?<\/strong><\/p>\n\n\n\n<p>En r\u00e8gle g\u00e9n\u00e9rale, notre \u00e9quipage se compose de 5 \u00e0 6 membres professionnels et de 6 \u00e0 8 b\u00e9n\u00e9voles exp\u00e9riment\u00e9s en navigation.<\/p>\n\n\n\n<p><strong>Est-il possible de grimper dans les m\u00e2ts?<\/strong><\/p>\n\n\n\n<p>Lorsque vous vous embarquez pour un long voyage avec nous, vous avez la possibilit\u00e9 de faire partie int\u00e9grante de l'\u00e9quipage et de vivre l'authentique exp\u00e9rience de marin, notamment en participant \u00e0 l'ascension des m\u00e2ts. Dans les ports et lors des courts trajets, l'approbation du capitaine est requise pour assurer la s\u00e9curit\u00e9 de cette exp\u00e9rience.<\/p>\n\n\n\n<h2 class=\"wp-block-heading\">Pr\u00e9paration \u00e0 la navigation !<\/h2>\n\n\n\n<p><strong>Quelles sont les conditions de vie \u00e0 bord?<\/strong>&nbsp;<\/p>\n\n\n\n<p>Plus de d\u00e9tails sur les conditions de vie \u00e0 bord se trouvent <a href=\"https:\/\/shtandart.eu\/fr\/prepare-your-journey\/\">ici<\/a>.<\/p>\n\n\n\n<p><strong>Qu'est-ce que je dois amener \u00e0 bord?<\/strong>&nbsp;<\/p>\n\n\n\n<p>Vous pouvez trouver la liste d'objets n\u00e9cessaires <a href=\"\/fr\/life-on-board\/\">ici<\/a>.<\/p>\n\n\n\n<p><strong>Ai-je besoin de v\u00eatements sp\u00e9cifiques?<\/strong><\/p>\n\n\n\n<p>En fonction de la m\u00e9t\u00e9o, vous pourriez appr\u00e9cier d'avoir des v\u00eatements qui peuvent vous garder au chaud et au sec en mer. Vous pouvez trouver plus d'informations. <a href=\"https:\/\/shtandart.eu\/fr\/prepare-your-journey\/\">ici<\/a>.<\/p>\n\n\n\n<p><strong>Dois-je apporter de la nourriture?<\/strong><\/p>\n\n\n\n<p>Non, si vous naviguez avec nous, les 4 repas par jour sont inclus dans vos frais de participation.<\/p>\n\n\n\n<p><strong>Combien de temps puis-je rester ?<\/strong>&nbsp;<\/p>\n\n\n\n<p class=\" translation-block\">When you go sailing with us, you can book as many legs of the journey as you like. You can view all of them in <a href=\"\/services\/sail-with-us\/\" target=\"_self\">our sailing plan<\/a> and choose the ones which are the most convenient for you.<\/p>\n\n\n\n<p><strong>Puis-je arriver plus t\u00f4t ou rester \u00e0 bord plus longtemps ?<\/strong><\/p>\n\n\n\n<p>Dans le cas o\u00f9 vous pr\u00e9voyez d'arriver plus t\u00f4t ou de rester \u00e0 bord plus longtemps que la dur\u00e9e choisie de l'\u00e9tape du voyage, cela n'est possible qu'avec l'autorisation du capitaine et moyennant des frais suppl\u00e9mentaires.<\/p>\n\n\n\n<p><strong>Puis-je participer m\u00eame si je ne connais rien \u00e0 la navigation et que je n'ai jamais navigu\u00e9 auparavant ?<\/strong><\/p>\n\n\n\n<p>Bien s\u00fbr! L'exp\u00e9rience de navigation est con\u00e7ue de mani\u00e8re \u00e0 ce que vous puissiez tout apprendre une fois \u00e0 bord. Plus vous restez, plus vous apprenez.\ud83d\ude42<\/p>\n\n\n\n<p><strong>Quelle langue parle l'\u00e9quipage?<\/strong><\/p>\n\n\n\n<p>La langue \u00e0 bord est l'anglais, mais il y a toujours des membres de l'\u00e9quipage qui parlent fran\u00e7ais et russe.&nbsp;<\/p>\n\n\n\n<p><strong>Puis-je venir si je ne parle pas bien anglais?<\/strong><\/p>\n\n\n\n<p>Certainement! Rien n'am\u00e9liora votre capacit\u00e9 \u00e0 vous exprimer comme la vie en mer \ud83d\ude42<\/p>\n\n\n\n<p><strong>Puis-je venir avec mes amis ou ma famille?<\/strong><\/p>\n\n\n\n<p>Bien s\u00fbr! La navigation est une grande aventure \u00e0 partager avec les personnes qui vous sont ch\u00e8res.<\/p>\n\n\n\n<p><strong>Puis-je amener mes enfants pour une longue \u00e9tape?<\/strong><\/p>\n\n\n\n<p>Oui, \u00e0 bord du Shtandart, on accepte les membres d'\u00e9quipage \u00e0 partir de 7 ans. Leur participation est encourag\u00e9e pour favoriser l'ind\u00e9pendance et les comp\u00e9tences en communication, tout en cr\u00e9ant des merveilleux souvenirs.&nbsp;<\/p>\n\n\n\n<p><strong>Puis-je emmener mes tout-petits pour une courte sortie en voilier ?<\/strong><\/p>\n\n\n\n<p>Bien s\u00fbr, vous pouvez venir avec votre b\u00e9b\u00e9, mais il est fortement recommand\u00e9 de consulter les pr\u00e9visions m\u00e9t\u00e9orologiques, car naviguer en mer agit\u00e9e peut \u00eatre difficile pour un enfant. L'approbation du capitaine est \u00e9galement n\u00e9cessaire pour garantir la s\u00e9curit\u00e9 et le plaisir de votre voyage.<\/p>\n\n\n\n<p><strong>Puis-je venir avec mes animaux de compagnie?<\/strong><\/p>\n\n\n\n<p>Seulement si le trajet est court et que le capitaine donne son approbation.&nbsp;<\/p>\n\n\n\n<p><strong>Mes projets ont chang\u00e9. Comment demander un remboursement ?<\/strong><\/p>\n\n\n\n<p class=\" translation-block\">Please review <a href=\"\/refund-policy\/\" target=\"_self\">the refund policy<\/a> and then reach out to us via email voyage@shtandart.eu. Alternatively, you have the option to re-register for another stage of the voyage or receive a gift certificate, valid for 3 years.<\/p>\n\n\n\n<h2 class=\"wp-block-heading\">B\u00e9n\u00e9voles<\/h2>\n\n\n\n<p><strong>Comment je peux devenir b\u00e9n\u00e9vole?<\/strong><\/p>\n\n\n\n<p>Il existe trois fa\u00e7ons de le faire. Premi\u00e8rement, vous pourriez vous joindre \u00e0 nous pour les travaux d'entretien pendant l'automne ou l'hiver. Deuxi\u00e8mement, vous pourriez devenir b\u00e9n\u00e9vole \u00e0 distance en rejoignant notre programme de b\u00e9n\u00e9volat \u00e0 distance. Troisi\u00e8mement, vous pouvez participer sur une base commerciale \u00e0 un ou plusieurs voyages et faire vos preuves en tant que membre pr\u00e9cieux de l'\u00e9quipage. <a href=\"https:\/\/shtandart.eu\/fr\/services\/volunteers\/\">Plus d'information ici! <\/a><\/p>","protected":false},"excerpt":{"rendered":"<p>General information Where is the Shtandart located and where will the ship go in the near future?&nbsp; At the moment, the ship is located in Europe. On our website, you can find where we are now as well as a regularly updated sailing plan. How big is the crew? It depends, but generally we have [&hellip;]<\/p>","protected":false},"author":990011,"featured_media":0,"parent":0,"menu_order":0,"comment_status":"closed","ping_status":"closed","template":"","meta":{"_themeisle_gutenberg_block_has_review":false,"footnotes":""},"class_list":["post-2717","page","type-page","status-publish","hentry"],"yoast_head":"<!-- This site is optimized with the Yoast SEO plugin v25.5 - https:\/\/yoast.com\/wordpress\/plugins\/seo\/ -->\n<title>FAQ - Shtandart<\/title>\n<meta name=\"robots\" content=\"index, follow, max-snippet:-1, max-image-preview:large, max-video-preview:-1\" \/>\n<link rel=\"canonical\" href=\"https:\/\/shtandart.eu\/fr\/faq\/\" \/>\n<meta property=\"og:locale\" content=\"fr_FR\" \/>\n<meta property=\"og:type\" content=\"article\" \/>\n<meta property=\"og:title\" content=\"FAQ - Shtandart\" \/>\n<meta property=\"og:description\" content=\"General information Where is the Shtandart located and where will the ship go in the near future?&nbsp; At the moment, the ship is located in Europe. On our website, you can find where we are now as well as a regularly updated sailing plan. How big is the crew? It depends, but generally we have [&hellip;]\" \/>\n<meta property=\"og:url\" content=\"https:\/\/shtandart.eu\/fr\/faq\/\" \/>\n<meta property=\"og:site_name\" content=\"Shtandart\" \/>\n<meta property=\"article:publisher\" content=\"https:\/\/www.facebook.com\/Frigate.Shtandart\/\" \/>\n<meta property=\"article:modified_time\" content=\"2024-07-07T09:47:21+00:00\" \/>\n<meta name=\"twitter:card\" content=\"summary_large_image\" \/>\n<meta name=\"twitter:label1\" content=\"Dur\u00e9e de lecture estim\u00e9e\" \/>\n\t<meta name=\"twitter:data1\" content=\"3 minutes\" \/>\n<script type=\"application\/ld+json\" class=\"yoast-schema-graph\">{\"@context\":\"https:\/\/schema.org\",\"@graph\":[{\"@type\":\"WebPage\",\"@id\":\"https:\/\/shtandart.eu\/de\/faq\/\",\"url\":\"https:\/\/shtandart.eu\/de\/faq\/\",\"name\":\"FAQ - Shtandart\",\"isPartOf\":{\"@id\":\"https:\/\/shtandart.eu\/#website\"},\"datePublished\":\"2023-11-25T17:42:16+00:00\",\"dateModified\":\"2024-07-07T09:47:21+00:00\",\"breadcrumb\":{\"@id\":\"https:\/\/shtandart.eu\/de\/faq\/#breadcrumb\"},\"inLanguage\":\"fr-FR\",\"potentialAction\":[{\"@type\":\"ReadAction\",\"target\":[\"https:\/\/shtandart.eu\/de\/faq\/\"]}]},{\"@type\":\"BreadcrumbList\",\"@id\":\"https:\/\/shtandart.eu\/de\/faq\/#breadcrumb\",\"itemListElement\":[{\"@type\":\"ListItem\",\"position\":1,\"name\":\"Home\",\"item\":\"https:\/\/shtandart.eu\/\"},{\"@type\":\"ListItem\",\"position\":2,\"name\":\"FAQ\"}]},{\"@type\":\"WebSite\",\"@id\":\"https:\/\/shtandart.eu\/#website\",\"url\":\"https:\/\/shtandart.eu\/\",\"name\":\"Shtandart\",\"description\":\"\",\"publisher\":{\"@id\":\"https:\/\/shtandart.eu\/#organization\"},\"potentialAction\":[{\"@type\":\"SearchAction\",\"target\":{\"@type\":\"EntryPoint\",\"urlTemplate\":\"https:\/\/shtandart.eu\/?s={search_term_string}\"},\"query-input\":{\"@type\":\"PropertyValueSpecification\",\"valueRequired\":true,\"valueName\":\"search_term_string\"}}],\"inLanguage\":\"fr-FR\"},{\"@type\":\"Organization\",\"@id\":\"https:\/\/shtandart.eu\/#organization\",\"name\":\"Shtandart\",\"url\":\"https:\/\/shtandart.eu\/\",\"logo\":{\"@type\":\"ImageObject\",\"inLanguage\":\"fr-FR\",\"@id\":\"https:\/\/shtandart.eu\/#\/schema\/logo\/image\/\",\"url\":\"https:\/\/shtandart.eu\/wp-content\/uploads\/2023\/12\/\u0411\u0435\u0437-\u0438\u043c\u0435\u043d\u0438-2.png\",\"contentUrl\":\"https:\/\/shtandart.eu\/wp-content\/uploads\/2023\/12\/\u0411\u0435\u0437-\u0438\u043c\u0435\u043d\u0438-2.png\",\"width\":512,\"height\":511,\"caption\":\"Shtandart\"},\"image\":{\"@id\":\"https:\/\/shtandart.eu\/#\/schema\/logo\/image\/\"},\"sameAs\":[\"https:\/\/www.facebook.com\/Frigate.Shtandart\/\"]}]}<\/script>\n<!-- \/ Yoast SEO plugin. -->","yoast_head_json":{"title":"FAQ - Shtandart","robots":{"index":"index","follow":"follow","max-snippet":"max-snippet:-1","max-image-preview":"max-image-preview:large","max-video-preview":"max-video-preview:-1"},"canonical":"https:\/\/shtandart.eu\/fr\/faq\/","og_locale":"fr_FR","og_type":"article","og_title":"FAQ - Shtandart","og_description":"General information Where is the Shtandart located and where will the ship go in the near future?&nbsp; At the moment, the ship is located in Europe. On our website, you can find where we are now as well as a regularly updated sailing plan. How big is the crew? It depends, but generally we have [&hellip;]","og_url":"https:\/\/shtandart.eu\/fr\/faq\/","og_site_name":"Shtandart","article_publisher":"https:\/\/www.facebook.com\/Frigate.Shtandart\/","article_modified_time":"2024-07-07T09:47:21+00:00","twitter_card":"summary_large_image","twitter_misc":{"Dur\u00e9e de lecture estim\u00e9e":"3 minutes"},"schema":{"@context":"https:\/\/schema.org","@graph":[{"@type":"WebPage","@id":"https:\/\/shtandart.eu\/de\/faq\/","url":"https:\/\/shtandart.eu\/de\/faq\/","name":"FAQ - Shtandart","isPartOf":{"@id":"https:\/\/shtandart.eu\/#website"},"datePublished":"2023-11-25T17:42:16+00:00","dateModified":"2024-07-07T09:47:21+00:00","breadcrumb":{"@id":"https:\/\/shtandart.eu\/de\/faq\/#breadcrumb"},"inLanguage":"fr-FR","potentialAction":[{"@type":"ReadAction","target":["https:\/\/shtandart.eu\/de\/faq\/"]}]},{"@type":"BreadcrumbList","@id":"https:\/\/shtandart.eu\/de\/faq\/#breadcrumb","itemListElement":[{"@type":"ListItem","position":1,"name":"Home","item":"https:\/\/shtandart.eu\/"},{"@type":"ListItem","position":2,"name":"FAQ"}]},{"@type":"WebSite","@id":"https:\/\/shtandart.eu\/#website","url":"https:\/\/shtandart.eu\/","name":"Shtandart","description":"","publisher":{"@id":"https:\/\/shtandart.eu\/#organization"},"potentialAction":[{"@type":"SearchAction","target":{"@type":"EntryPoint","urlTemplate":"https:\/\/shtandart.eu\/?s={search_term_string}"},"query-input":{"@type":"PropertyValueSpecification","valueRequired":true,"valueName":"search_term_string"}}],"inLanguage":"fr-FR"},{"@type":"Organization","@id":"https:\/\/shtandart.eu\/#organization","name":"Shtandart","url":"https:\/\/shtandart.eu\/","logo":{"@type":"ImageObject","inLanguage":"fr-FR","@id":"https:\/\/shtandart.eu\/#\/schema\/logo\/image\/","url":"https:\/\/shtandart.eu\/wp-content\/uploads\/2023\/12\/\u0411\u0435\u0437-\u0438\u043c\u0435\u043d\u0438-2.png","contentUrl":"https:\/\/shtandart.eu\/wp-content\/uploads\/2023\/12\/\u0411\u0435\u0437-\u0438\u043c\u0435\u043d\u0438-2.png","width":512,"height":511,"caption":"Shtandart"},"image":{"@id":"https:\/\/shtandart.eu\/#\/schema\/logo\/image\/"},"sameAs":["https:\/\/www.facebook.com\/Frigate.Shtandart\/"]}]}},"_links":{"self":[{"href":"https:\/\/shtandart.eu\/fr\/wp-json\/wp\/v2\/pages\/2717","targetHints":{"allow":["GET"]}}],"collection":[{"href":"https:\/\/shtandart.eu\/fr\/wp-json\/wp\/v2\/pages"}],"about":[{"href":"https:\/\/shtandart.eu\/fr\/wp-json\/wp\/v2\/types\/page"}],"author":[{"embeddable":true,"href":"https:\/\/shtandart.eu\/fr\/wp-json\/wp\/v2\/users\/990011"}],"replies":[{"embeddable":true,"href":"https:\/\/shtandart.eu\/fr\/wp-json\/wp\/v2\/comments?post=2717"}],"version-history":[{"count":5,"href":"https:\/\/shtandart.eu\/fr\/wp-json\/wp\/v2\/pages\/2717\/revisions"}],"predecessor-version":[{"id":3646,"href":"https:\/\/shtandart.eu\/fr\/wp-json\/wp\/v2\/pages\/2717\/revisions\/3646"}],"wp:attachment":[{"href":"https:\/\/shtandart.eu\/fr\/wp-json\/wp\/v2\/media?parent=2717"}],"curies":[{"name":"wp","href":"https:\/\/api.w.org\/{rel}","templated":true}]}}