{"id":2641,"date":"2023-11-23T17:39:28","date_gmt":"2023-11-23T16:39:28","guid":{"rendered":"https:\/\/shtandart.eu\/?page_id=2641"},"modified":"2023-12-03T17:02:20","modified_gmt":"2023-12-03T16:02:20","slug":"responsibilities-of-a-crew-member","status":"publish","type":"page","link":"https:\/\/shtandart.eu\/fr\/responsibilities-of-a-crew-member\/","title":{"rendered":"Conditions g\u00e9n\u00e9rales"},"content":{"rendered":"<ul class=\"wp-block-list\">\n<li>Le membre d'\u00e9quipage s'engage \u00e0 repr\u00e9senter la fr\u00e9gate Shtandart de mani\u00e8re positive en adoptant un comportement respectueux, en accueillant les visiteurs avec courtoisie, en veillant \u00e0 son apparence et en respectant les r\u00e8gles de l'uniforme. Les t\u00e2ches effectu\u00e9es \u00e0 bord ne sont pas r\u00e9mun\u00e9r\u00e9s.<\/li>\n\n\n\n<li>Le membre d'\u00e9quipage s'engage \u00e0 se conformer de mani\u00e8re constante \u00e0 toutes les directives raisonnables et l\u00e9gales du Capitaine ou de ses assistants, \u00e0 se comporter avec dignit\u00e9 et \u00e0 agir dans l'int\u00e9r\u00eat sup\u00e9rieur du navire.<\/li>\n\n\n\n<li>Le membre d'\u00e9quipage s'engage \u00e0 remplir les responsabilit\u00e9s qui lui ont \u00e9t\u00e9 d\u00e9sign\u00e9es et \u00e0 ex\u00e9cuter ses t\u00e2ches \u00e0 bord avec diligence et qualit\u00e9.<\/li>\n\n\n\n<li>Le membre d'\u00e9quipage est tenu de respecter les r\u00e9glementations en mati\u00e8re de s\u00e9curit\u00e9 et d'environnement.<\/li>\n\n\n\n<li>Le membre d'\u00e9quipage confirme sa participation volontaire au voyage de la fr\u00e9gate Shtandart, comprenant pleinement et acceptant les risques associ\u00e9s \u00e0 la navigation sur un navire de sport, ainsi que la responsabilit\u00e9 de sa vie, sa sant\u00e9 et ses affaires personnels.<\/li>\n\n\n\n<li>Avant le d\u00e9but du voyage, le membre d'\u00e9quipage s'engage \u00e0 fournir un passeport \u00e9tranger valide pour toute la dur\u00e9e du voyage et \u00e0 obtenir les visas n\u00e9cessaires conform\u00e9ment \u00e0 l'itin\u00e9raire sp\u00e9cifi\u00e9.<\/li>\n\n\n\n<li>Le membre de l'\u00e9quipage confirme qu'il est en bonne condition physique et qu'il n'a aucune restriction de sant\u00e9 pour participer \u00e0 la navigation sur un navire de sport.<\/li>\n\n\n\n<li>Le membre d'\u00e9quipage est responsable de lui-m\u00eame au moment du passage \u00e0 la douane et doit respecter les r\u00e9glementations douani\u00e8res.<\/li>\n\n\n\n<li>Le membre d'\u00e9quipage s'engage \u00e0 ne pas apporter ni stocker d'armes \u00e0 feu, d'objets dangereux, de drogues ou d'alcool \u00e0 bord.<\/li>\n\n\n\n<li>Au cours du voyage, le projet Shtandart fournit aux membres d'\u00e9quipage une alimentation de haute qualit\u00e9, un h\u00e9bergement confortable, des conditions de travail s\u00e9curis\u00e9es, une protection de la sant\u00e9, et la possibilit\u00e9 d'acqu\u00e9rir l'uniforme comme bien personnel.<\/li>\n\n\n\n<li>Le membre d'\u00e9quipage est responsable de prendre en charge les frais li\u00e9s \u00e0 son s\u00e9jour \u00e0 bord, ainsi que les d\u00e9penses de d\u00e9placement vers et depuis l'emplacement du navire de mani\u00e8re ind\u00e9pendante.<\/li>\n\n\n\n<li>Le membre de l'\u00e9quipage est familier avec les termes et conditions de s\u00e9jour \u00e0 bord de la fr\u00e9gate Shtandart et les accepte.<\/li>\n\n\n\n<li>Le navire suit un syst\u00e8me de rotation en trois \u00e9quipes (4 heures toutes les 8 heures), et c'est le Capitaine qui d\u00e9termine l'organisation de la surveillance en mer et \u00e0 quai.<\/li>\n\n\n\n<li>Le Capitaine d\u00e9tient le droit de faire descendre un membre de l'\u00e9quipage en cas de violation de ces r\u00e8gles, de graves manquements \u00e0 la discipline, ou de tout acte mettant en danger la s\u00e9curit\u00e9 de toute personne \u00e0 bord du navire, ind\u00e9pendamment de l'emplacement actuel du navire.<\/li>\n<\/ul>","protected":false},"excerpt":{"rendered":"The voyage crew commits to maintaining a positive image of the frigate Shtandart through respectful behavior, courteous treatment of visitors, maintaining a presentable appearance, adhering to uniform guidelines, and similar expectations. The voyage crew acknowledges and agrees that they are not compensated for duties performed on board the vessel. The voyage crew to consistently adhere [...]","protected":false},"author":990011,"featured_media":0,"parent":0,"menu_order":0,"comment_status":"closed","ping_status":"closed","template":"","meta":{"_themeisle_gutenberg_block_has_review":false,"footnotes":""},"class_list":["post-2641","page","type-page","status-publish","hentry"],"yoast_head":"<!-- This site is optimized with the Yoast SEO plugin v25.5 - https:\/\/yoast.com\/wordpress\/plugins\/seo\/ -->\n<title>Terms and conditions - Shtandart<\/title>\n<meta name=\"robots\" content=\"index, follow, max-snippet:-1, max-image-preview:large, max-video-preview:-1\" \/>\n<link rel=\"canonical\" href=\"https:\/\/shtandart.eu\/fr\/responsibilities-of-a-crew-member\/\" \/>\n<meta property=\"og:locale\" content=\"fr_FR\" \/>\n<meta property=\"og:type\" content=\"article\" \/>\n<meta property=\"og:title\" content=\"Terms and conditions - Shtandart\" \/>\n<meta property=\"og:url\" content=\"https:\/\/shtandart.eu\/fr\/responsibilities-of-a-crew-member\/\" \/>\n<meta property=\"og:site_name\" content=\"Shtandart\" \/>\n<meta property=\"article:publisher\" content=\"https:\/\/www.facebook.com\/Frigate.Shtandart\/\" \/>\n<meta property=\"article:modified_time\" content=\"2023-12-03T16:02:20+00:00\" \/>\n<meta name=\"twitter:card\" content=\"summary_large_image\" \/>\n<meta name=\"twitter:label1\" content=\"Dur\u00e9e de lecture estim\u00e9e\" \/>\n\t<meta name=\"twitter:data1\" content=\"2 minutes\" \/>\n<script type=\"application\/ld+json\" class=\"yoast-schema-graph\">{\"@context\":\"https:\/\/schema.org\",\"@graph\":[{\"@type\":\"WebPage\",\"@id\":\"https:\/\/shtandart.eu\/responsibilities-of-a-crew-member\/\",\"url\":\"https:\/\/shtandart.eu\/responsibilities-of-a-crew-member\/\",\"name\":\"Terms and conditions - Shtandart\",\"isPartOf\":{\"@id\":\"https:\/\/shtandart.eu\/#website\"},\"datePublished\":\"2023-11-23T16:39:28+00:00\",\"dateModified\":\"2023-12-03T16:02:20+00:00\",\"breadcrumb\":{\"@id\":\"https:\/\/shtandart.eu\/responsibilities-of-a-crew-member\/#breadcrumb\"},\"inLanguage\":\"fr-FR\",\"potentialAction\":[{\"@type\":\"ReadAction\",\"target\":[\"https:\/\/shtandart.eu\/responsibilities-of-a-crew-member\/\"]}]},{\"@type\":\"BreadcrumbList\",\"@id\":\"https:\/\/shtandart.eu\/responsibilities-of-a-crew-member\/#breadcrumb\",\"itemListElement\":[{\"@type\":\"ListItem\",\"position\":1,\"name\":\"Home\",\"item\":\"https:\/\/shtandart.eu\/\"},{\"@type\":\"ListItem\",\"position\":2,\"name\":\"Terms and conditions\"}]},{\"@type\":\"WebSite\",\"@id\":\"https:\/\/shtandart.eu\/#website\",\"url\":\"https:\/\/shtandart.eu\/\",\"name\":\"Shtandart\",\"description\":\"\",\"publisher\":{\"@id\":\"https:\/\/shtandart.eu\/#organization\"},\"potentialAction\":[{\"@type\":\"SearchAction\",\"target\":{\"@type\":\"EntryPoint\",\"urlTemplate\":\"https:\/\/shtandart.eu\/?s={search_term_string}\"},\"query-input\":{\"@type\":\"PropertyValueSpecification\",\"valueRequired\":true,\"valueName\":\"search_term_string\"}}],\"inLanguage\":\"fr-FR\"},{\"@type\":\"Organization\",\"@id\":\"https:\/\/shtandart.eu\/#organization\",\"name\":\"Shtandart\",\"url\":\"https:\/\/shtandart.eu\/\",\"logo\":{\"@type\":\"ImageObject\",\"inLanguage\":\"fr-FR\",\"@id\":\"https:\/\/shtandart.eu\/#\/schema\/logo\/image\/\",\"url\":\"https:\/\/shtandart.eu\/wp-content\/uploads\/2023\/12\/\u0411\u0435\u0437-\u0438\u043c\u0435\u043d\u0438-2.png\",\"contentUrl\":\"https:\/\/shtandart.eu\/wp-content\/uploads\/2023\/12\/\u0411\u0435\u0437-\u0438\u043c\u0435\u043d\u0438-2.png\",\"width\":512,\"height\":511,\"caption\":\"Shtandart\"},\"image\":{\"@id\":\"https:\/\/shtandart.eu\/#\/schema\/logo\/image\/\"},\"sameAs\":[\"https:\/\/www.facebook.com\/Frigate.Shtandart\/\"]}]}<\/script>\n<!-- \/ Yoast SEO plugin. -->","yoast_head_json":{"title":"Terms and conditions - Shtandart","robots":{"index":"index","follow":"follow","max-snippet":"max-snippet:-1","max-image-preview":"max-image-preview:large","max-video-preview":"max-video-preview:-1"},"canonical":"https:\/\/shtandart.eu\/fr\/responsibilities-of-a-crew-member\/","og_locale":"fr_FR","og_type":"article","og_title":"Terms and conditions - Shtandart","og_url":"https:\/\/shtandart.eu\/fr\/responsibilities-of-a-crew-member\/","og_site_name":"Shtandart","article_publisher":"https:\/\/www.facebook.com\/Frigate.Shtandart\/","article_modified_time":"2023-12-03T16:02:20+00:00","twitter_card":"summary_large_image","twitter_misc":{"Dur\u00e9e de lecture estim\u00e9e":"2 minutes"},"schema":{"@context":"https:\/\/schema.org","@graph":[{"@type":"WebPage","@id":"https:\/\/shtandart.eu\/responsibilities-of-a-crew-member\/","url":"https:\/\/shtandart.eu\/responsibilities-of-a-crew-member\/","name":"Terms and conditions - Shtandart","isPartOf":{"@id":"https:\/\/shtandart.eu\/#website"},"datePublished":"2023-11-23T16:39:28+00:00","dateModified":"2023-12-03T16:02:20+00:00","breadcrumb":{"@id":"https:\/\/shtandart.eu\/responsibilities-of-a-crew-member\/#breadcrumb"},"inLanguage":"fr-FR","potentialAction":[{"@type":"ReadAction","target":["https:\/\/shtandart.eu\/responsibilities-of-a-crew-member\/"]}]},{"@type":"BreadcrumbList","@id":"https:\/\/shtandart.eu\/responsibilities-of-a-crew-member\/#breadcrumb","itemListElement":[{"@type":"ListItem","position":1,"name":"Home","item":"https:\/\/shtandart.eu\/"},{"@type":"ListItem","position":2,"name":"Terms and conditions"}]},{"@type":"WebSite","@id":"https:\/\/shtandart.eu\/#website","url":"https:\/\/shtandart.eu\/","name":"Shtandart","description":"","publisher":{"@id":"https:\/\/shtandart.eu\/#organization"},"potentialAction":[{"@type":"SearchAction","target":{"@type":"EntryPoint","urlTemplate":"https:\/\/shtandart.eu\/?s={search_term_string}"},"query-input":{"@type":"PropertyValueSpecification","valueRequired":true,"valueName":"search_term_string"}}],"inLanguage":"fr-FR"},{"@type":"Organization","@id":"https:\/\/shtandart.eu\/#organization","name":"Shtandart","url":"https:\/\/shtandart.eu\/","logo":{"@type":"ImageObject","inLanguage":"fr-FR","@id":"https:\/\/shtandart.eu\/#\/schema\/logo\/image\/","url":"https:\/\/shtandart.eu\/wp-content\/uploads\/2023\/12\/\u0411\u0435\u0437-\u0438\u043c\u0435\u043d\u0438-2.png","contentUrl":"https:\/\/shtandart.eu\/wp-content\/uploads\/2023\/12\/\u0411\u0435\u0437-\u0438\u043c\u0435\u043d\u0438-2.png","width":512,"height":511,"caption":"Shtandart"},"image":{"@id":"https:\/\/shtandart.eu\/#\/schema\/logo\/image\/"},"sameAs":["https:\/\/www.facebook.com\/Frigate.Shtandart\/"]}]}},"_links":{"self":[{"href":"https:\/\/shtandart.eu\/fr\/wp-json\/wp\/v2\/pages\/2641","targetHints":{"allow":["GET"]}}],"collection":[{"href":"https:\/\/shtandart.eu\/fr\/wp-json\/wp\/v2\/pages"}],"about":[{"href":"https:\/\/shtandart.eu\/fr\/wp-json\/wp\/v2\/types\/page"}],"author":[{"embeddable":true,"href":"https:\/\/shtandart.eu\/fr\/wp-json\/wp\/v2\/users\/990011"}],"replies":[{"embeddable":true,"href":"https:\/\/shtandart.eu\/fr\/wp-json\/wp\/v2\/comments?post=2641"}],"version-history":[{"count":6,"href":"https:\/\/shtandart.eu\/fr\/wp-json\/wp\/v2\/pages\/2641\/revisions"}],"predecessor-version":[{"id":2947,"href":"https:\/\/shtandart.eu\/fr\/wp-json\/wp\/v2\/pages\/2641\/revisions\/2947"}],"wp:attachment":[{"href":"https:\/\/shtandart.eu\/fr\/wp-json\/wp\/v2\/media?parent=2641"}],"curies":[{"name":"wp","href":"https:\/\/api.w.org\/{rel}","templated":true}]}}