{"id":2331,"date":"2023-11-08T16:33:34","date_gmt":"2023-11-08T15:33:34","guid":{"rendered":"https:\/\/shtandart.xyz\/?page_id=2331"},"modified":"2023-11-08T16:33:37","modified_gmt":"2023-11-08T15:33:37","slug":"excursions-for-schools","status":"publish","type":"page","link":"https:\/\/shtandart.eu\/fr\/excursions-for-schools\/","title":{"rendered":"Excursions for schools"},"content":{"rendered":"<p><em><strong>Explore the history of the 18th century navigation with our crew <\/strong><\/em><\/p>\n\n\n\n<p>Pendant son s\u00e9jour au port, le Shtandart se transforme en un mus\u00e9e vivant d\u00e9voilant la vie \u00e0 bord d'une fr\u00e9gate du XVIIIe si\u00e8cle. Lors de la visite, vous explorerez les divers espaces de vie et de navigation, en apprendrez davantage sur l'histoire du Shtandart original ainsi que sur la construction de sa r\u00e9plique, saisirez la particularit\u00e9 de son gr\u00e9ement et aurez l'occasion d'\u00e9changer avec les membres de l'\u00e9quipage.<\/p>\n\n\n\n<p>Points cl\u00e9s et moments forts :\u00a0<\/p>\n\n\n\n<p>La r\u00e9plique exacte du Shtandart a \u00e9t\u00e9 construite en utilisant des mat\u00e9riaux, des techniques et des m\u00e9thodes authentiques de l'\u00e8re de Pierre le Grand.&nbsp;<\/p>\n\n\n\n<p>L'int\u00e9rieur du navire est caract\u00e9ristique de l'\u00e9poque, avec des sculptures et des d\u00e9tails d\u00e9coratifs enti\u00e8rement faits \u00e0 la main, suivant les conceptions et motifs originaux de l'\u00e9poque ;&nbsp;<\/p>\n\n\n\n<p>Les \u00e9quipements modernes sont enti\u00e8rement dissimul\u00e9s ;&nbsp;<\/p>\n\n\n\n<p>Les canons et l'\u00e9quipement d'artillerie, les seaux et les outils de charpentier, la vaisselle, les hamacs et d'autres articles \u00e0 bord ont \u00e9t\u00e9 soigneusement reproduits pour \u00e9voquer pr\u00e9cis\u00e9ment l'\u00e9poque historique.<\/p>\n\n\n\n<figure class=\"wp-block-image size-large\"><img loading=\"lazy\" decoding=\"async\" width=\"1011\" height=\"1024\" src=\"https:\/\/shtandart.xyz\/wp-content\/uploads\/2023\/02\/shtandart_decks-1011x1024.png\" alt=\"\" class=\"wp-image-2087\" srcset=\"https:\/\/shtandart.eu\/wp-content\/uploads\/2023\/02\/shtandart_decks-1011x1024.png 1011w, https:\/\/shtandart.eu\/wp-content\/uploads\/2023\/02\/shtandart_decks-296x300.png 296w, https:\/\/shtandart.eu\/wp-content\/uploads\/2023\/02\/shtandart_decks-768x778.png 768w, https:\/\/shtandart.eu\/wp-content\/uploads\/2023\/02\/shtandart_decks-12x12.png 12w, https:\/\/shtandart.eu\/wp-content\/uploads\/2023\/02\/shtandart_decks-600x608.png 600w, https:\/\/shtandart.eu\/wp-content\/uploads\/2023\/02\/shtandart_decks-100x100.png 100w, https:\/\/shtandart.eu\/wp-content\/uploads\/2023\/02\/shtandart_decks.png 1393w\" sizes=\"auto, (max-width: 1011px) 100vw, 1011px\" \/><\/figure>\n\n\n\n<ol class=\"wp-block-list\">\n<li>Pont de gaillard d'avant<\/li>\n\n\n\n<li>Pont de batterie<\/li>\n\n\n\n<li>Dunette<\/li>\n\n\n\n<li>Cabine de l'Amiral (salle de navigation)<\/li>\n\n\n\n<li>Salle des machines<\/li>\n\n\n\n<li>Gaillard d'arri\u00e8re<\/li>\n\n\n\n<li>Salle \u00e0 manger<\/li>\n\n\n\n<li>Cabine du capitaine et des officiers<\/li>\n\n\n\n<li>Poste d'\u00e9quipage<\/li>\n<\/ol>\n\n\n\n<p>Please contact us to book a visit:  <a href=\"mailto:voyage@shtandart.eu\">voyage@shtandart.eu<\/a><\/p>","protected":false},"excerpt":{"rendered":"<p>Explore the history of the 18th century navigation with our crew While staying in port Shtandart works like the museum of life aboard the 18th century frigate. During the visit you will discover ship&#8217;s different living and navigation spaces, learn about history of original Shtandart and about the replica construction, understand the specificity of its [&hellip;]<\/p>","protected":false},"author":990011,"featured_media":0,"parent":0,"menu_order":0,"comment_status":"closed","ping_status":"closed","template":"","meta":{"_themeisle_gutenberg_block_has_review":false,"footnotes":""},"class_list":["post-2331","page","type-page","status-publish","hentry"],"yoast_head":"<!-- This site is optimized with the Yoast SEO plugin v25.5 - https:\/\/yoast.com\/wordpress\/plugins\/seo\/ -->\n<title>Excursions for schools - Shtandart<\/title>\n<meta name=\"robots\" content=\"index, follow, max-snippet:-1, max-image-preview:large, max-video-preview:-1\" \/>\n<link rel=\"canonical\" href=\"https:\/\/shtandart.eu\/fr\/excursions-for-schools\/\" \/>\n<meta property=\"og:locale\" content=\"fr_FR\" \/>\n<meta property=\"og:type\" content=\"article\" \/>\n<meta property=\"og:title\" content=\"Excursions for schools - Shtandart\" \/>\n<meta property=\"og:description\" content=\"Explore the history of the 18th century navigation with our crew While staying in port Shtandart works like the museum of life aboard the 18th century frigate. During the visit you will discover ship&#8217;s different living and navigation spaces, learn about history of original Shtandart and about the replica construction, understand the specificity of its [&hellip;]\" \/>\n<meta property=\"og:url\" content=\"https:\/\/shtandart.eu\/fr\/excursions-for-schools\/\" \/>\n<meta property=\"og:site_name\" content=\"Shtandart\" \/>\n<meta property=\"article:publisher\" content=\"https:\/\/www.facebook.com\/Frigate.Shtandart\/\" \/>\n<meta property=\"article:modified_time\" content=\"2023-11-08T15:33:37+00:00\" \/>\n<meta property=\"og:image\" content=\"https:\/\/shtandart.xyz\/wp-content\/uploads\/2023\/02\/shtandart_decks-1011x1024.png\" \/>\n<meta name=\"twitter:card\" content=\"summary_large_image\" \/>\n<meta name=\"twitter:label1\" content=\"Dur\u00e9e de lecture estim\u00e9e\" \/>\n\t<meta name=\"twitter:data1\" content=\"1 minute\" \/>\n<script type=\"application\/ld+json\" class=\"yoast-schema-graph\">{\"@context\":\"https:\/\/schema.org\",\"@graph\":[{\"@type\":\"WebPage\",\"@id\":\"https:\/\/shtandart.eu\/excursions-for-schools\/\",\"url\":\"https:\/\/shtandart.eu\/excursions-for-schools\/\",\"name\":\"Excursions for schools - Shtandart\",\"isPartOf\":{\"@id\":\"https:\/\/shtandart.eu\/#website\"},\"primaryImageOfPage\":{\"@id\":\"https:\/\/shtandart.eu\/excursions-for-schools\/#primaryimage\"},\"image\":{\"@id\":\"https:\/\/shtandart.eu\/excursions-for-schools\/#primaryimage\"},\"thumbnailUrl\":\"https:\/\/shtandart.xyz\/wp-content\/uploads\/2023\/02\/shtandart_decks-1011x1024.png\",\"datePublished\":\"2023-11-08T15:33:34+00:00\",\"dateModified\":\"2023-11-08T15:33:37+00:00\",\"breadcrumb\":{\"@id\":\"https:\/\/shtandart.eu\/excursions-for-schools\/#breadcrumb\"},\"inLanguage\":\"fr-FR\",\"potentialAction\":[{\"@type\":\"ReadAction\",\"target\":[\"https:\/\/shtandart.eu\/excursions-for-schools\/\"]}]},{\"@type\":\"ImageObject\",\"inLanguage\":\"fr-FR\",\"@id\":\"https:\/\/shtandart.eu\/excursions-for-schools\/#primaryimage\",\"url\":\"https:\/\/shtandart.xyz\/wp-content\/uploads\/2023\/02\/shtandart_decks-1011x1024.png\",\"contentUrl\":\"https:\/\/shtandart.xyz\/wp-content\/uploads\/2023\/02\/shtandart_decks-1011x1024.png\"},{\"@type\":\"BreadcrumbList\",\"@id\":\"https:\/\/shtandart.eu\/excursions-for-schools\/#breadcrumb\",\"itemListElement\":[{\"@type\":\"ListItem\",\"position\":1,\"name\":\"Home\",\"item\":\"https:\/\/shtandart.eu\/\"},{\"@type\":\"ListItem\",\"position\":2,\"name\":\"Excursions for schools\"}]},{\"@type\":\"WebSite\",\"@id\":\"https:\/\/shtandart.eu\/#website\",\"url\":\"https:\/\/shtandart.eu\/\",\"name\":\"Shtandart\",\"description\":\"\",\"publisher\":{\"@id\":\"https:\/\/shtandart.eu\/#organization\"},\"potentialAction\":[{\"@type\":\"SearchAction\",\"target\":{\"@type\":\"EntryPoint\",\"urlTemplate\":\"https:\/\/shtandart.eu\/?s={search_term_string}\"},\"query-input\":{\"@type\":\"PropertyValueSpecification\",\"valueRequired\":true,\"valueName\":\"search_term_string\"}}],\"inLanguage\":\"fr-FR\"},{\"@type\":\"Organization\",\"@id\":\"https:\/\/shtandart.eu\/#organization\",\"name\":\"Shtandart\",\"url\":\"https:\/\/shtandart.eu\/\",\"logo\":{\"@type\":\"ImageObject\",\"inLanguage\":\"fr-FR\",\"@id\":\"https:\/\/shtandart.eu\/#\/schema\/logo\/image\/\",\"url\":\"https:\/\/shtandart.eu\/wp-content\/uploads\/2023\/12\/\u0411\u0435\u0437-\u0438\u043c\u0435\u043d\u0438-2.png\",\"contentUrl\":\"https:\/\/shtandart.eu\/wp-content\/uploads\/2023\/12\/\u0411\u0435\u0437-\u0438\u043c\u0435\u043d\u0438-2.png\",\"width\":512,\"height\":511,\"caption\":\"Shtandart\"},\"image\":{\"@id\":\"https:\/\/shtandart.eu\/#\/schema\/logo\/image\/\"},\"sameAs\":[\"https:\/\/www.facebook.com\/Frigate.Shtandart\/\"]}]}<\/script>\n<!-- \/ Yoast SEO plugin. -->","yoast_head_json":{"title":"Excursions for schools - Shtandart","robots":{"index":"index","follow":"follow","max-snippet":"max-snippet:-1","max-image-preview":"max-image-preview:large","max-video-preview":"max-video-preview:-1"},"canonical":"https:\/\/shtandart.eu\/fr\/excursions-for-schools\/","og_locale":"fr_FR","og_type":"article","og_title":"Excursions for schools - Shtandart","og_description":"Explore the history of the 18th century navigation with our crew While staying in port Shtandart works like the museum of life aboard the 18th century frigate. During the visit you will discover ship&#8217;s different living and navigation spaces, learn about history of original Shtandart and about the replica construction, understand the specificity of its [&hellip;]","og_url":"https:\/\/shtandart.eu\/fr\/excursions-for-schools\/","og_site_name":"Shtandart","article_publisher":"https:\/\/www.facebook.com\/Frigate.Shtandart\/","article_modified_time":"2023-11-08T15:33:37+00:00","og_image":[{"url":"https:\/\/shtandart.xyz\/wp-content\/uploads\/2023\/02\/shtandart_decks-1011x1024.png","type":"","width":"","height":""}],"twitter_card":"summary_large_image","twitter_misc":{"Dur\u00e9e de lecture estim\u00e9e":"1 minute"},"schema":{"@context":"https:\/\/schema.org","@graph":[{"@type":"WebPage","@id":"https:\/\/shtandart.eu\/excursions-for-schools\/","url":"https:\/\/shtandart.eu\/excursions-for-schools\/","name":"Excursions for schools - Shtandart","isPartOf":{"@id":"https:\/\/shtandart.eu\/#website"},"primaryImageOfPage":{"@id":"https:\/\/shtandart.eu\/excursions-for-schools\/#primaryimage"},"image":{"@id":"https:\/\/shtandart.eu\/excursions-for-schools\/#primaryimage"},"thumbnailUrl":"https:\/\/shtandart.xyz\/wp-content\/uploads\/2023\/02\/shtandart_decks-1011x1024.png","datePublished":"2023-11-08T15:33:34+00:00","dateModified":"2023-11-08T15:33:37+00:00","breadcrumb":{"@id":"https:\/\/shtandart.eu\/excursions-for-schools\/#breadcrumb"},"inLanguage":"fr-FR","potentialAction":[{"@type":"ReadAction","target":["https:\/\/shtandart.eu\/excursions-for-schools\/"]}]},{"@type":"ImageObject","inLanguage":"fr-FR","@id":"https:\/\/shtandart.eu\/excursions-for-schools\/#primaryimage","url":"https:\/\/shtandart.xyz\/wp-content\/uploads\/2023\/02\/shtandart_decks-1011x1024.png","contentUrl":"https:\/\/shtandart.xyz\/wp-content\/uploads\/2023\/02\/shtandart_decks-1011x1024.png"},{"@type":"BreadcrumbList","@id":"https:\/\/shtandart.eu\/excursions-for-schools\/#breadcrumb","itemListElement":[{"@type":"ListItem","position":1,"name":"Home","item":"https:\/\/shtandart.eu\/"},{"@type":"ListItem","position":2,"name":"Excursions for schools"}]},{"@type":"WebSite","@id":"https:\/\/shtandart.eu\/#website","url":"https:\/\/shtandart.eu\/","name":"Shtandart","description":"","publisher":{"@id":"https:\/\/shtandart.eu\/#organization"},"potentialAction":[{"@type":"SearchAction","target":{"@type":"EntryPoint","urlTemplate":"https:\/\/shtandart.eu\/?s={search_term_string}"},"query-input":{"@type":"PropertyValueSpecification","valueRequired":true,"valueName":"search_term_string"}}],"inLanguage":"fr-FR"},{"@type":"Organization","@id":"https:\/\/shtandart.eu\/#organization","name":"Shtandart","url":"https:\/\/shtandart.eu\/","logo":{"@type":"ImageObject","inLanguage":"fr-FR","@id":"https:\/\/shtandart.eu\/#\/schema\/logo\/image\/","url":"https:\/\/shtandart.eu\/wp-content\/uploads\/2023\/12\/\u0411\u0435\u0437-\u0438\u043c\u0435\u043d\u0438-2.png","contentUrl":"https:\/\/shtandart.eu\/wp-content\/uploads\/2023\/12\/\u0411\u0435\u0437-\u0438\u043c\u0435\u043d\u0438-2.png","width":512,"height":511,"caption":"Shtandart"},"image":{"@id":"https:\/\/shtandart.eu\/#\/schema\/logo\/image\/"},"sameAs":["https:\/\/www.facebook.com\/Frigate.Shtandart\/"]}]}},"_links":{"self":[{"href":"https:\/\/shtandart.eu\/fr\/wp-json\/wp\/v2\/pages\/2331","targetHints":{"allow":["GET"]}}],"collection":[{"href":"https:\/\/shtandart.eu\/fr\/wp-json\/wp\/v2\/pages"}],"about":[{"href":"https:\/\/shtandart.eu\/fr\/wp-json\/wp\/v2\/types\/page"}],"author":[{"embeddable":true,"href":"https:\/\/shtandart.eu\/fr\/wp-json\/wp\/v2\/users\/990011"}],"replies":[{"embeddable":true,"href":"https:\/\/shtandart.eu\/fr\/wp-json\/wp\/v2\/comments?post=2331"}],"version-history":[{"count":0,"href":"https:\/\/shtandart.eu\/fr\/wp-json\/wp\/v2\/pages\/2331\/revisions"}],"wp:attachment":[{"href":"https:\/\/shtandart.eu\/fr\/wp-json\/wp\/v2\/media?parent=2331"}],"curies":[{"name":"wp","href":"https:\/\/api.w.org\/{rel}","templated":true}]}}