{"id":2324,"date":"2023-11-12T15:42:33","date_gmt":"2023-11-12T14:42:33","guid":{"rendered":"https:\/\/shtandart.xyz\/?page_id=2324"},"modified":"2023-12-06T15:12:32","modified_gmt":"2023-12-06T14:12:32","slug":"escale-a-sete","status":"publish","type":"page","link":"https:\/\/shtandart.eu\/fr\/escale-a-sete\/","title":{"rendered":"Escale \u00e0 S\u00e8te 25.03-29.03"},"content":{"rendered":"<p><strong>Embarquement :<\/strong> 25.03.2024 19:00<br \/><strong>Port:<\/strong> S\u00e8te &#8211; festival<br \/><strong>D\u00e9barquement :<\/strong> 29.03.2024 08:00<br \/><strong>Jours \u00e0 bord :<\/strong> 5<br \/><strong>Montant de la cotisation :<\/strong> \u20ac199<\/p>\n<p>L'escale \u00e0 S\u00e8te est une grande F\u00eate des Traditions Maritimes au bord de la M\u00e9diterran\u00e9e. \nOrganis\u00e9e une fois tous les deux ans, elle rassemble une centaine de bateaux et pr\u00e8s de 300\u00a0000 visiteurs. \nDu 26 Mars au 1er Avril, le c\u0153ur de la ville sera anim\u00e9 par les divers parades, les chants marins et les villages th\u00e9matiques. Vous pouvez visiter des r\u00e9pliques de voiliers historiques, de nombreux bateaux de p\u00eache, des voiliers de grande plaisance, des voiles latines, ainsi que des p\u00e9niches et des barques \u00e0 rames traditionnelles.<\/p>\n<p>Le Mercredi 27 Mars, une bataille navale grandeure nature se d\u00e9roulera face au public. En devenant membre de l'\u00e9quipage du Shtandart - une r\u00e9plique de la c\u00e9l\u00e8bre fr\u00e9gate du XVIIIe si\u00e8cle - vous aurez l'occasion de tirer au canon et de vous prendre pour un authentique corsair ! Rejoignez-nous et vous r\u00e9aliserez ce r\u00eave d'enfance ! Vous pouvez rester \u00e0 bord pour la dur\u00e9e du festival, vivre la vie d'un marin du temps du tsar Pierre-le-Grand, grimper dans la m\u00e2ture afin d'y admirer le panorama sur la ville, et d\u00e9couvrir la fac cach\u00e9e du festival : faire la connaissance des autres \u00e9quipages, rendre visite aux autres navires et prendre part aux d\u00eeners de famille agr\u00e9ment\u00e9s d'histoires rocambolesques et arros\u00e9s des meilleurs rhums.<\/p>\n<p><strong>H\u00e9bergement et Commodit\u00e9s:<\/strong><\/p>\n<p>Choisissez de dormir dans un hamac exactement comme les marins le faisaient il y a trois si\u00e8cles, ou optez pour une bannette.<br \/>\u00c0 terre, comme en mer, nous assurons quatre repas par jour.<br \/>La vie \u00e0 bord est divis\u00e9e en quarts, auxquels vous participerez durant la totalit\u00e9 du s\u00e9jour.<\/p>\n<p class=\" translation-block\">Pour plus d'informations sur la vie \u00e0 bord du navire, visitez \u00a0<a href=\"\/about-shtandart\/fr\/life-on-board\/\" target=\"_self\">cette page<\/a>.<\/p>\n\n\r\n\t<div id=\"calendarista_24\" class=\"calendarista card calendarista-typography\">\r\n\t\t\t\t<div class=\"calendarista-wizard card\">\r\n\t\t\t<div class=\"card-header\">\r\n\t\t\t\t<div class=\"col-xl-12 calendarista-navbar-container\">\r\n\t\t\t\t\t<div id=\"navbar_calendarista_24\">\r\n\t\t\t\t\t\t<ol class=\"nav nav-tabs calendarista-wizard-nav card-header-tabs calendarista-typography--caption1\">\r\n\t\t\t\t\t\t\t\t\t\t\t\t  <li class=\"nav-item\">\r\n\t\t\t\t\t\t\t<a href=\"#\" class=\"nav-link active\" data-calendarista-index=\"1\">\r\n\t\t\t\t\t\t\t  <span class=\"calendarista-nav-label\">Date et port <\/span>\r\n\t\t\t\t\t\t\t<\/a>\r\n\t\t\t\t\t\t  <\/li>\r\n\t\t\t\t\t\t  \t\t\t\t\t\t  <li class=\"nav-item\">\r\n\t\t\t\t\t\t\t<a href=\"#\" class=\"nav-link\" data-calendarista-index=\"2\">\r\n\t\t\t\t\t\t\t  <span class=\"calendarista-nav-label\">D\u00e9tails<\/span>\r\n\t\t\t\t\t\t\t<\/a>\r\n\t\t\t\t\t\t  <\/li>\r\n\t\t\t\t\t\t  \t\t\t\t\t\t  <li class=\"nav-item\">\r\n\t\t\t\t\t\t\t<a href=\"#\" class=\"nav-link\" data-calendarista-index=\"3\">\r\n\t\t\t\t\t\t\t  <span class=\"calendarista-nav-label\">Consultez<\/span>\r\n\t\t\t\t\t\t\t<\/a>\r\n\t\t\t\t\t\t  <\/li>\r\n\t\t\t\t\t\t  \t\t\t\t\t\t<\/ol>\r\n\t\t\t\t\t\t\t\t\t\t\t<\/div>\r\n\t\t\t\t<\/div>\r\n\t\t\t<\/div>\r\n\t\t\t<div class=\"card-body\">\r\n\t\t\t\t<div class=\"calendarista-wizard-section-block calendarista-wizard-section-block-include-thumb calendarista-wizard-section-no-thumbnail\">\r\n\t\t\t\t\t<div class=\"calendarista-wizard-section-block-thumb\" style=\"display:none;\"><\/div>\r\n\t\t\t\t\t<div class=\"container\">\r\n\t\t\t\t\t\t\t\t\t\t\t\t\t\t\t\t\t\t<form id=\"form-calendarista_24\" data-parsley-validate action=\"\/fr\/wp-json\/wp\/v2\/pages\/2324#CAL24\" method=\"post\" \r\n\t\t\t\t\t\t\tdata-parsley-inputs=\"input, textarea, select, hidden\" \r\n\t\t\t\t\t\t\tdata-parsley-excluded=\"input[type=button], input[type=submit], input[type=reset]\" data-trp-original-action=\"\/fr\/wp-json\/wp\/v2\/pages\/2324#CAL24\">\r\n\t\t\t\t\t\t\t<input type=\"hidden\" name=\"projectId\" value=\"24\">\r\n\t\t\t\t\t\t\t<input type=\"hidden\" name=\"calendarMode\" value=\"6\">\r\n\t\t\t\t\t\t\t<input type=\"hidden\" name=\"postbackStep\" value=\"calendar\"> \r\n\t\t\t\t\t\t\t<input type=\"hidden\" name=\"availabilityPreviewUrl\" value=\"\">\r\n\t\t\t\t\t\t\t<input type=\"hidden\" name=\"serviceThumbnailView\" value=\"1\">\r\n\t\t\t\t\t\t\t<input type=\"hidden\" name=\"availabilityThumbnailView\" value=\"1\">\r\n\t\t\t\t\t\t\t<input type=\"hidden\" name=\"__viewstate\" value=\"a:1:{i:0;a:1:{s:9:&quot;projectId&quot;;i:24;}}\">\r\n\t\t\t\t\t\t\t<input type=\"hidden\" name=\"stagingId\" value=\"\">\r\n\t\t\t\t\t\t\t<input type=\"hidden\" name=\"requestId\" value=\"calendarista_req_1775457441_69d354a1c41f7\">\r\n\t\t\t\t\t\t\t<input type=\"hidden\" name=\"projectList\" value=\"24\">\r\n\t\t\t\t\t\t\t<input type=\"hidden\" name=\"enableMultipleBooking\" value=\"1\">\r\n\t\t\t\t\t\t\t<input type=\"hidden\" name=\"calendarista_cart\" value=\"\"\/>\r\n\t\t\t\t\t\t\t\t\t<div class=\"calendarista calendarista-calendar-legend24 hide\">\r\n\t\t\t\t<div class=\"clearfix\"><\/div>\r\n\t<\/div>\r\n\t<input type=\"hidden\" name=\"availableDate\" value=\"\"\/>\r\n\t<input type=\"hidden\" name=\"minDate\" value=\"lundi, 6 avril, 2026\"\/>\r\n\t<input type=\"hidden\" name=\"endDate\" value=\"\"\/>\r\n\t<input type=\"hidden\" name=\"clientAvailableDate\" value=\"\"\/>\r\n\t<input type=\"hidden\" name=\"clientEndDate\" value=\"\"\/>\r\n\t<input type=\"hidden\" name=\"maxTimeslots\" value=\"1\"\/>\r\n\t<input type=\"hidden\" name=\"timezone\" value=\"\"\/>\r\n\t<input type=\"hidden\" name=\"dynamicFieldsCount\" value=\"0\" \/>\r\n\t<input type=\"hidden\" name=\"multiDateSelection\" value=\"\"\/>\r\n\t<input type=\"hidden\" name=\"bookingDaysMinimum\" value=\"0\"\/>\r\n\t\t\t\t\t\t\t<div class=\"col-xl-12\">\r\n\t\t<div class=\"form-group\">\r\n\t\t\t\t\t\t<label class=\"form-control-label calendarista-typography--caption1\" for=\"seats_calendarista_24\">\r\n\t\t\t\tFestivals programm\u00e9s\t\t\t<\/label>\r\n\t\t\t\t\t\t<div>\r\n\t\t\t\t\t\t\t\t\t<select id=\"calendarista_package_calendarista_24\" \r\n\t\t\t\t\t\tname=\"package\" \r\n\t\t\t\t\t\tclass=\"form-select calendarista-typography--caption1 calendarista_parsley_validated\"\r\n\t\t\t\t\t\tdata-calendarista-selected-package=\"\"\r\n\t\t\t\t\t\tdata-parsley-required=\"true\">\r\n\t\t\t\t\t\t<option value=\"\">S\u00e9lectionnez un festival<\/option>\r\n\t\t\t\t\t\t\t\t\t\t\t\t<option value=\"57\"\r\n\t\t\t\t\t\t\tdata-calendarista-startdate=\"2026-04-06\" \r\n\t\t\t\t\t\t\tdata-calendarista-enddate=\"2026-04-11\"\r\n\t\t\t\t\t\t\t>\r\n\t\t\t\t\t\t\t\t\t\t\t\t\t\t\tF\u00eates Maritimes de Brest 12.07-17.07 2024\t\t\t\t\t\t\t\t\t\t\t\t\t\t<\/option>\r\n\t\t\t\t\t\t\t\t\t\t\t\t<option value=\"105\"\r\n\t\t\t\t\t\t\tdata-calendarista-startdate=\"2026-04-06\" \r\n\t\t\t\t\t\t\tdata-calendarista-enddate=\"2026-04-06\"\r\n\t\t\t\t\t\t\t>\r\n\t\t\t\t\t\t\t\t\t\t\t\t\t\t\tLa Grande Parade des F\u00eates Maritimes de Brest \u2013 18.07\t\t\t\t\t\t\t\t\t\t\t\t\t\t<\/option>\r\n\t\t\t\t\t\t\t\t\t\t\t<\/select>\r\n\t\t\t\t\t\t\t<\/div>\r\n\t\t<\/div>\r\n\t<\/div>\r\n\t\t\t\t\t<div class=\"calendarista-seats-placeholder\"><\/div>\r\n\t\t<div class=\"calendarista-dynamicfield-placeholder\"><\/div>\r\n\t\t<div class=\"calendarista-bookmore-placeholder\"><\/div>\r\n\t\t<div class=\"calendarista-repeat-appointment-placeholder\"><\/div>\r\n\t\t\t<script type=\"text\/javascript\">\r\n\t(function(){\r\n\t\tfunction init(){\r\n\t\t\tvar calendar = new Calendarista.calendar({\r\n\t\t\t\t'id': 'calendarista_24'\r\n\t\t\t\t, 'calendarMode': 6 \r\n\t\t\t\t, 'firstDayOfWeek': 1\t\t\t\t, 'ajaxUrl': 'https:\/\/shtandart.eu\/wp-admin\/admin-ajax.php'\r\n\t\t\t\t, 'projectId': 24 \r\n\t\t\t\t, 'dateFormat': 'DD, d MM, yy'\r\n\t\t\t\t, 'thumbnails': []\t\t\t\t, 'appointment': -1\t\t\t\t, 'bookingDaysMinimum': 0\t\t\t\t, 'bookingDaysMaximum': 0\t\t\t\t, 'dayCountMode': 0\t\t\t\t, 'searchResultStartTime': ''\r\n\t\t\t\t, 'searchResultEndTime':  ''\r\n\t\t\t\t, 'timeDisplayMode': 0\t\t\t\t, 'enableMultipleBooking': 1\t\t\t\t, 'clearLabel': 'Clear'\r\n\t\t\t\t, 'seasons': []\t\t\t\t, 'minTime': 0\t\t\t\t, 'maxTime': 0\t\t\t\t, 'returnSameDay': 0\t\t\t\t, 'returnOptional': 0\t\t\t\t, 'repeatPageSize': 10\t\t\t})\r\n\t\t\t, gmaps;\r\n\t\t\t\t\t\tthis.$nextButton = calendar.$root.find('button[name=\"next\"]');\r\n\t\t\t\t\t\tthis.$nextButton.on('click', function(e){\r\n\t\t\t\tvar $multiDateSelection = calendar.$root.find('input[name=\"multiDateSelection\"]')\r\n\t\t\t\t\t, bookingDaysMinimum = calendar.bookingDaysMinimum\r\n\t\t\t\t\t, multiDatesVal = $multiDateSelection.val()\r\n\t\t\t\t\t, multiDates = multiDatesVal ? multiDatesVal.split(';') : []\r\n\t\t\t\t\t, sel = (multiDates.length > 0 && (!bookingDaysMinimum || multiDates.length >= bookingDaysMinimum)) ? '.calendarista-dynamicfield.calendarista_parsley_validated' : null;\r\n\t\t\t\tif(!Calendarista.wizard.isValid(calendar.$root, sel)){\r\n\t\t\t\t\te.preventDefault();\r\n\t\t\t\t\treturn false;\r\n\t\t\t\t}else if (multiDates.length > 0){\r\n\t\t\t\t\tcalendar.$startDate.parsley().reset();\r\n\t\t\t\t}\r\n\t\t\t\tcalendar.unload();\r\n\t\t\t\tif(gmaps){\r\n\t\t\t\t\tgmaps.unload();\r\n\t\t\t\t}\r\n\t\t\t});\r\n\t\t}\r\n\t\t\t\t\r\n\t\tif (window.addEventListener){\r\n\t\t  window.addEventListener('load', onload, false); \r\n\t\t} else if (window.attachEvent){\r\n\t\t  window.attachEvent('onload', onload);\r\n\t\t}\r\n\t\tfunction onload(e){\r\n\t\t\tinit();\r\n\t\t}\r\n\t\t\t\t\r\n\t})();\r\n\t<\/script>\r\n\t\t\t\t\t\t\t\t<div class=\"clearfix\"><\/div>\r\n\t\t\t\t\t\t\t\t\t\t\t\t\t\t<div class=\"col-xl-12 calendarista-row-single calendarista-cost-summary-placeholder\"><\/div>\r\n\t\t\t\t\t\t\t\t\t\t\t\t\t\t<div class=\"col-xl-12 calendarista-row-double\">\r\n\t\t\t\t\t\t\t\t<div class=\"row\">\r\n\t\t\t\t\t\t\t\t\t<div class=\"col-1\">\r\n\t\t\t\t\t\t\t\t\t\t<div id=\"spinner_calendarista_24\" class=\"spinner-border text-primary calendarista-invisible\" role=\"status\">\r\n\t\t\t\t\t\t\t\t\t\t  <span class=\"sr-only\">Loading...<\/span>\r\n\t\t\t\t\t\t\t\t\t\t<\/div>\r\n\t\t\t\t\t\t\t\t\t<\/div>\r\n\t\t\t\t\t\t\t\t\t<div class=\"col-11 calendarista-align-right\">\r\n\t\t\t\t\t\t\t\t\t\t\t\t\t\t\t\t\t\t\t\t\t\t\t\t\t\t\t\t\t\t\t<button id=\"calendarista_24_next\" type=\"button\" name=\"next\" class=\"btn btn-primary calendarista-typography--button calendarista-btn-next\" value=\"2\">Suivant&nbsp;<i class=\"fa fa-chevron-right\"><\/i><\/button>\r\n\t\t\t\t\t\t\t\t\t\t\t\t\t\t\t\t\t\t\t<\/div>\r\n\t\t\t\t\t\t\t\t<\/div>\r\n\t\t\t\t\t\t\t<\/div>\r\n\t\t\t\t\t\t<input type=\"hidden\" name=\"trp-form-language\" value=\"fr\"\/><\/form>\r\n\t\t\t\t\t\t<div class=\"clearfix\"><\/div>\r\n\t\t\t\t\t\t<script type=\"text\/javascript\">\r\n\t\t\t\t\t\t(function(){\r\n\t\t\t\t\t\t\t\"use strict\";\r\n\t\t\t\t\t\t\tfunction init(){\r\n\t\t\t\t\t\t\t\tnew Calendarista.wizard({\r\n\t\t\t\t\t\t\t\t\t'id': 'calendarista_24'\r\n\t\t\t\t\t\t\t\t\t, 'wizardAction': 'calendarista_wizard'\r\n\t\t\t\t\t\t\t\t\t, 'prevIndex': 0\t\t\t\t\t\t\t\t\t, 'nextIndex': 2\t\t\t\t\t\t\t\t\t, 'stepCounter': 3\t\t\t\t\t\t\t\t\t, 'appointment': 0\r\n\t\t\t\t\t\t\t\t\t, 'steps': [{\"name\":\"calendar\",\"counter\":1,\"label\":\"Date and port \"},{\"name\":\"form\",\"counter\":2,\"label\":\"Details\"},{\"name\":\"checkout\",\"counter\":3,\"label\":\"Check out\"}]\t\t\t\t\t\t\t\t\t, 'selectedStepName': 'calendar'\r\n\t\t\t\t\t\t\t\t\t, 'selectedStepIndex': 1\t\t\t\t\t\t\t\t});\r\n\t\t\t\t\t\t\t}\r\n\t\t\t\t\t\t\t\t\t\t\t\t\t\tif (window.addEventListener){\r\n\t\t\t\t\t\t\t  window.addEventListener('load', onload, false); \r\n\t\t\t\t\t\t\t} else if (window.attachEvent){\r\n\t\t\t\t\t\t\t  window.attachEvent('onload', onload);\r\n\t\t\t\t\t\t\t}\r\n\t\t\t\t\t\t\tfunction onload(e){\r\n\t\t\t\t\t\t\t\tinit();\r\n\t\t\t\t\t\t\t}\r\n\t\t\t\t\t\t\t\t\t\t\t\t\t})();\r\n\t\t\t\t\t\t<\/script>\r\n\t\t\t\t\t<\/div>\r\n\t\t\t\t<\/div>\r\n\t\t\t<\/div>\r\n\t\t<\/div>\r\n\t<\/div>","protected":false},"excerpt":{"rendered":"<p>Boarding: 25.03.2024 19:00Port: S\u00e8te &#8211; festivalDisembarkation: 29.03.2024 08:00Days on Board: 5Contribution Amount: \u20ac199 The stopover in S\u00e8te is a grand Maritime Traditions Festival on the shores of the Mediterranean. Organized once every two years, it gathers around a hundred boats and nearly 300,000 visitors. From March 26 to April 1, the heart of the city [&hellip;]<\/p>","protected":false},"author":990022,"featured_media":2342,"parent":0,"menu_order":51,"comment_status":"closed","ping_status":"closed","template":"","meta":{"_themeisle_gutenberg_block_has_review":false,"footnotes":""},"class_list":["post-2324","page","type-page","status-publish","has-post-thumbnail","hentry"],"yoast_head":"<!-- This site is optimized with the Yoast SEO plugin v25.5 - https:\/\/yoast.com\/wordpress\/plugins\/seo\/ -->\n<title>Escale \u00e0 S\u00e8te 25.03-29.03 - Shtandart<\/title>\n<meta name=\"robots\" content=\"index, follow, max-snippet:-1, max-image-preview:large, max-video-preview:-1\" \/>\n<link rel=\"canonical\" href=\"https:\/\/shtandart.eu\/fr\/escale-a-sete\/\" \/>\n<meta property=\"og:locale\" content=\"fr_FR\" \/>\n<meta property=\"og:type\" content=\"article\" \/>\n<meta property=\"og:title\" content=\"Escale \u00e0 S\u00e8te 25.03-29.03 - Shtandart\" \/>\n<meta property=\"og:description\" content=\"Boarding: 25.03.2024 19:00Port: S\u00e8te &#8211; festivalDisembarkation: 29.03.2024 08:00Days on Board: 5Contribution Amount: \u20ac199 The stopover in S\u00e8te is a grand Maritime Traditions Festival on the shores of the Mediterranean. Organized once every two years, it gathers around a hundred boats and nearly 300,000 visitors. From March 26 to April 1, the heart of the city [&hellip;]\" \/>\n<meta property=\"og:url\" content=\"https:\/\/shtandart.eu\/fr\/escale-a-sete\/\" \/>\n<meta property=\"og:site_name\" content=\"Shtandart\" \/>\n<meta property=\"article:publisher\" content=\"https:\/\/www.facebook.com\/Frigate.Shtandart\/\" \/>\n<meta property=\"article:modified_time\" content=\"2023-12-06T14:12:32+00:00\" \/>\n<meta property=\"og:image\" content=\"https:\/\/shtandart.eu\/wp-content\/uploads\/2023\/11\/unnamed-19.jpg\" \/>\n\t<meta property=\"og:image:width\" content=\"1280\" \/>\n\t<meta property=\"og:image:height\" content=\"960\" \/>\n\t<meta property=\"og:image:type\" content=\"image\/jpeg\" \/>\n<meta name=\"twitter:card\" content=\"summary_large_image\" \/>\n<meta name=\"twitter:label1\" content=\"Dur\u00e9e de lecture estim\u00e9e\" \/>\n\t<meta name=\"twitter:data1\" content=\"1 minute\" \/>\n<script type=\"application\/ld+json\" class=\"yoast-schema-graph\">{\"@context\":\"https:\/\/schema.org\",\"@graph\":[{\"@type\":\"WebPage\",\"@id\":\"https:\/\/shtandart.eu\/escale-a-sete\/\",\"url\":\"https:\/\/shtandart.eu\/escale-a-sete\/\",\"name\":\"Escale \u00e0 S\u00e8te 25.03-29.03 - Shtandart\",\"isPartOf\":{\"@id\":\"https:\/\/shtandart.eu\/#website\"},\"primaryImageOfPage\":{\"@id\":\"https:\/\/shtandart.eu\/escale-a-sete\/#primaryimage\"},\"image\":{\"@id\":\"https:\/\/shtandart.eu\/escale-a-sete\/#primaryimage\"},\"thumbnailUrl\":\"https:\/\/shtandart.eu\/wp-content\/uploads\/2023\/11\/unnamed-19.jpg\",\"datePublished\":\"2023-11-12T14:42:33+00:00\",\"dateModified\":\"2023-12-06T14:12:32+00:00\",\"breadcrumb\":{\"@id\":\"https:\/\/shtandart.eu\/escale-a-sete\/#breadcrumb\"},\"inLanguage\":\"fr-FR\",\"potentialAction\":[{\"@type\":\"ReadAction\",\"target\":[\"https:\/\/shtandart.eu\/escale-a-sete\/\"]}]},{\"@type\":\"ImageObject\",\"inLanguage\":\"fr-FR\",\"@id\":\"https:\/\/shtandart.eu\/escale-a-sete\/#primaryimage\",\"url\":\"https:\/\/shtandart.eu\/wp-content\/uploads\/2023\/11\/unnamed-19.jpg\",\"contentUrl\":\"https:\/\/shtandart.eu\/wp-content\/uploads\/2023\/11\/unnamed-19.jpg\",\"width\":1280,\"height\":960},{\"@type\":\"BreadcrumbList\",\"@id\":\"https:\/\/shtandart.eu\/escale-a-sete\/#breadcrumb\",\"itemListElement\":[{\"@type\":\"ListItem\",\"position\":1,\"name\":\"Home\",\"item\":\"https:\/\/shtandart.eu\/\"},{\"@type\":\"ListItem\",\"position\":2,\"name\":\"Escale \u00e0 S\u00e8te 25.03-29.03\"}]},{\"@type\":\"WebSite\",\"@id\":\"https:\/\/shtandart.eu\/#website\",\"url\":\"https:\/\/shtandart.eu\/\",\"name\":\"Shtandart\",\"description\":\"\",\"publisher\":{\"@id\":\"https:\/\/shtandart.eu\/#organization\"},\"potentialAction\":[{\"@type\":\"SearchAction\",\"target\":{\"@type\":\"EntryPoint\",\"urlTemplate\":\"https:\/\/shtandart.eu\/?s={search_term_string}\"},\"query-input\":{\"@type\":\"PropertyValueSpecification\",\"valueRequired\":true,\"valueName\":\"search_term_string\"}}],\"inLanguage\":\"fr-FR\"},{\"@type\":\"Organization\",\"@id\":\"https:\/\/shtandart.eu\/#organization\",\"name\":\"Shtandart\",\"url\":\"https:\/\/shtandart.eu\/\",\"logo\":{\"@type\":\"ImageObject\",\"inLanguage\":\"fr-FR\",\"@id\":\"https:\/\/shtandart.eu\/#\/schema\/logo\/image\/\",\"url\":\"https:\/\/shtandart.eu\/wp-content\/uploads\/2023\/12\/\u0411\u0435\u0437-\u0438\u043c\u0435\u043d\u0438-2.png\",\"contentUrl\":\"https:\/\/shtandart.eu\/wp-content\/uploads\/2023\/12\/\u0411\u0435\u0437-\u0438\u043c\u0435\u043d\u0438-2.png\",\"width\":512,\"height\":511,\"caption\":\"Shtandart\"},\"image\":{\"@id\":\"https:\/\/shtandart.eu\/#\/schema\/logo\/image\/\"},\"sameAs\":[\"https:\/\/www.facebook.com\/Frigate.Shtandart\/\"]}]}<\/script>\n<!-- \/ Yoast SEO plugin. -->","yoast_head_json":{"title":"Escale \u00e0 S\u00e8te 25.03-29.03 - Shtandart","robots":{"index":"index","follow":"follow","max-snippet":"max-snippet:-1","max-image-preview":"max-image-preview:large","max-video-preview":"max-video-preview:-1"},"canonical":"https:\/\/shtandart.eu\/fr\/escale-a-sete\/","og_locale":"fr_FR","og_type":"article","og_title":"Escale \u00e0 S\u00e8te 25.03-29.03 - Shtandart","og_description":"Boarding: 25.03.2024 19:00Port: S\u00e8te &#8211; festivalDisembarkation: 29.03.2024 08:00Days on Board: 5Contribution Amount: \u20ac199 The stopover in S\u00e8te is a grand Maritime Traditions Festival on the shores of the Mediterranean. Organized once every two years, it gathers around a hundred boats and nearly 300,000 visitors. From March 26 to April 1, the heart of the city [&hellip;]","og_url":"https:\/\/shtandart.eu\/fr\/escale-a-sete\/","og_site_name":"Shtandart","article_publisher":"https:\/\/www.facebook.com\/Frigate.Shtandart\/","article_modified_time":"2023-12-06T14:12:32+00:00","og_image":[{"width":1280,"height":960,"url":"https:\/\/shtandart.eu\/wp-content\/uploads\/2023\/11\/unnamed-19.jpg","type":"image\/jpeg"}],"twitter_card":"summary_large_image","twitter_misc":{"Dur\u00e9e de lecture estim\u00e9e":"1 minute"},"schema":{"@context":"https:\/\/schema.org","@graph":[{"@type":"WebPage","@id":"https:\/\/shtandart.eu\/escale-a-sete\/","url":"https:\/\/shtandart.eu\/escale-a-sete\/","name":"Escale \u00e0 S\u00e8te 25.03-29.03 - Shtandart","isPartOf":{"@id":"https:\/\/shtandart.eu\/#website"},"primaryImageOfPage":{"@id":"https:\/\/shtandart.eu\/escale-a-sete\/#primaryimage"},"image":{"@id":"https:\/\/shtandart.eu\/escale-a-sete\/#primaryimage"},"thumbnailUrl":"https:\/\/shtandart.eu\/wp-content\/uploads\/2023\/11\/unnamed-19.jpg","datePublished":"2023-11-12T14:42:33+00:00","dateModified":"2023-12-06T14:12:32+00:00","breadcrumb":{"@id":"https:\/\/shtandart.eu\/escale-a-sete\/#breadcrumb"},"inLanguage":"fr-FR","potentialAction":[{"@type":"ReadAction","target":["https:\/\/shtandart.eu\/escale-a-sete\/"]}]},{"@type":"ImageObject","inLanguage":"fr-FR","@id":"https:\/\/shtandart.eu\/escale-a-sete\/#primaryimage","url":"https:\/\/shtandart.eu\/wp-content\/uploads\/2023\/11\/unnamed-19.jpg","contentUrl":"https:\/\/shtandart.eu\/wp-content\/uploads\/2023\/11\/unnamed-19.jpg","width":1280,"height":960},{"@type":"BreadcrumbList","@id":"https:\/\/shtandart.eu\/escale-a-sete\/#breadcrumb","itemListElement":[{"@type":"ListItem","position":1,"name":"Home","item":"https:\/\/shtandart.eu\/"},{"@type":"ListItem","position":2,"name":"Escale \u00e0 S\u00e8te 25.03-29.03"}]},{"@type":"WebSite","@id":"https:\/\/shtandart.eu\/#website","url":"https:\/\/shtandart.eu\/","name":"Shtandart","description":"","publisher":{"@id":"https:\/\/shtandart.eu\/#organization"},"potentialAction":[{"@type":"SearchAction","target":{"@type":"EntryPoint","urlTemplate":"https:\/\/shtandart.eu\/?s={search_term_string}"},"query-input":{"@type":"PropertyValueSpecification","valueRequired":true,"valueName":"search_term_string"}}],"inLanguage":"fr-FR"},{"@type":"Organization","@id":"https:\/\/shtandart.eu\/#organization","name":"Shtandart","url":"https:\/\/shtandart.eu\/","logo":{"@type":"ImageObject","inLanguage":"fr-FR","@id":"https:\/\/shtandart.eu\/#\/schema\/logo\/image\/","url":"https:\/\/shtandart.eu\/wp-content\/uploads\/2023\/12\/\u0411\u0435\u0437-\u0438\u043c\u0435\u043d\u0438-2.png","contentUrl":"https:\/\/shtandart.eu\/wp-content\/uploads\/2023\/12\/\u0411\u0435\u0437-\u0438\u043c\u0435\u043d\u0438-2.png","width":512,"height":511,"caption":"Shtandart"},"image":{"@id":"https:\/\/shtandart.eu\/#\/schema\/logo\/image\/"},"sameAs":["https:\/\/www.facebook.com\/Frigate.Shtandart\/"]}]}},"_links":{"self":[{"href":"https:\/\/shtandart.eu\/fr\/wp-json\/wp\/v2\/pages\/2324","targetHints":{"allow":["GET"]}}],"collection":[{"href":"https:\/\/shtandart.eu\/fr\/wp-json\/wp\/v2\/pages"}],"about":[{"href":"https:\/\/shtandart.eu\/fr\/wp-json\/wp\/v2\/types\/page"}],"author":[{"embeddable":true,"href":"https:\/\/shtandart.eu\/fr\/wp-json\/wp\/v2\/users\/990022"}],"replies":[{"embeddable":true,"href":"https:\/\/shtandart.eu\/fr\/wp-json\/wp\/v2\/comments?post=2324"}],"version-history":[{"count":3,"href":"https:\/\/shtandart.eu\/fr\/wp-json\/wp\/v2\/pages\/2324\/revisions"}],"predecessor-version":[{"id":2991,"href":"https:\/\/shtandart.eu\/fr\/wp-json\/wp\/v2\/pages\/2324\/revisions\/2991"}],"wp:featuredmedia":[{"embeddable":true,"href":"https:\/\/shtandart.eu\/fr\/wp-json\/wp\/v2\/media\/2342"}],"wp:attachment":[{"href":"https:\/\/shtandart.eu\/fr\/wp-json\/wp\/v2\/media?parent=2324"}],"curies":[{"name":"wp","href":"https:\/\/api.w.org\/{rel}","templated":true}]}}