{"id":2313,"date":"2023-11-08T08:28:22","date_gmt":"2023-11-08T07:28:22","guid":{"rendered":"https:\/\/shtandart.xyz\/?page_id=2313"},"modified":"2024-07-15T20:13:40","modified_gmt":"2024-07-15T18:13:40","slug":"support_shtandart","status":"publish","type":"page","link":"https:\/\/shtandart.eu\/fr\/support_shtandart\/","title":{"rendered":"Soutenir"},"content":{"rendered":"<div class=\"wpb-content-wrapper\">\r\n<p>Depuis le tout d\u00e9but, Shtandart a \u00e9t\u00e9 un projet enti\u00e8rement b\u00e9n\u00e9vole, n\u00e9 du r\u00eave de construire un navire historique. Il a d'abord \u00e9t\u00e9 port\u00e9 par un petit groupe d'enthousiastes, puis par un nombre croissant de personnes. Aujourd'hui, nous savons: la r\u00e9alisation d'un v\u00e9ritable r\u00eave est possible, comme en t\u00e9moigne la cr\u00e9ation du Shtandart. Nous exprimons notre gratitude envers tous ceux qui ont contribu\u00e9 \u00e0 la construction de ce navire et qui continuent \u00e0 \u0153uvrer pour pr\u00e9server ce magnifique voilier en bon \u00e9tat.<\/p>\r\n\r\n<figure class=\"wp-block-image size-large\"><img loading=\"lazy\" decoding=\"async\" width=\"1024\" height=\"683\" src=\"\/wp-content\/uploads\/2023\/10\/T5A4257-1024x683.jpg\" alt=\"\" class=\"wp-image-2003\" srcset=\"https:\/\/shtandart.eu\/wp-content\/uploads\/2023\/10\/T5A4257-1024x683.jpg 1024w, https:\/\/shtandart.eu\/wp-content\/uploads\/2023\/10\/T5A4257-300x200.jpg 300w, https:\/\/shtandart.eu\/wp-content\/uploads\/2023\/10\/T5A4257-768x512.jpg 768w, https:\/\/shtandart.eu\/wp-content\/uploads\/2023\/10\/T5A4257-1536x1024.jpg 1536w, https:\/\/shtandart.eu\/wp-content\/uploads\/2023\/10\/T5A4257-18x12.jpg 18w, https:\/\/shtandart.eu\/wp-content\/uploads\/2023\/10\/T5A4257-600x400.jpg 600w, https:\/\/shtandart.eu\/wp-content\/uploads\/2023\/10\/T5A4257.jpg 1620w\" sizes=\"auto, (max-width: 1024px) 100vw, 1024px\" \/><\/figure>\r\n\r\n<p>Apr\u00e8s plus de 20 ans de navigation, il est devenu \u00e9vident d\u00e8s la premi\u00e8re ann\u00e9e d'exploitation du Shtandart que des financements suppl\u00e9mentaires \u00e9taient n\u00e9cessaires pour garantir un bon fonctionnement, une gestion convenable et un entretien professionnel.<\/p>\r\n\r\n\r\n\r\n<!--p>Today our Project is funded in three ways:<\/p-->\r\n<p>Notre projet \u00e9tait financ\u00e9 par trois sources\u00a0:<\/p>\r\n\r\n\r\n\r\n<ol class=\"wp-block-list\">\r\n<li>Par des dons financiers et mat\u00e9riels provenant de soci\u00e9t\u00e9s, de fondations, d'organisations et de particuliers.<\/li>\r\n\r\n\r\n\r\n<li>Revenus g\u00e9n\u00e9r\u00e9s par les tournages, les \u00e9v\u00e9nements de rassemblements de grands voiliers, les festivals maritimes, les visiteurs et les stagiaires \u00e0 bord du navire.<\/li>\r\n\r\n\r\n\r\n<li>Par la vente de souvenirs.\u00a0<\/li>\r\n<\/ol>\r\n\r\n\r\n\r\n<p>Ensemble avec d'autres amis du projet, vous pouvez prendre part \u00e0 la pr\u00e9servation des traditions des aventures en mer \u00e0 bord d'un v\u00e9ritable voilier et nous aider \u00e0 transmettre les connaissances de la navigation historique aux g\u00e9n\u00e9rations futures.<\/p>\r\n\r\n\r\n\r\n<p>Il existe diff\u00e9rentes fa\u00e7ons dont vous pouvez aider le projet Shtandart, allant de la sponsorship d'un hamac \u00e0 la donation de moteurs (comme dans le cas de Volvo !). Bien s\u00fbr, nous n'attendons pas d'autres moteurs, mais l'aide au projet peut prendre presque n'importe quelle forme.<\/p><!---\r\n<p>You can also help the ship by <a href=\"http:\/\/shtandart.eu\/shop\/\">purchasing our souvenirs<\/a>.<\/p-->\r\n\r\n\r\n\r\n<p>Interested parties are warmly invited to become a supporter of the Project. (Please contact us <a href=\"mailto:voyage@shtandart.eu\">voyage@shtandart.eu<\/a> for details).<br \/><!---We thank you very much for your interest in the Shtandart Project.<\/p--->\r\n\r\n\r\n&nbsp;\r\n\r\n<form action=\"https:\/\/www.paypal.com\/donate\" method=\"post\" target=\"_top\" data-trp-original-action=\"https:\/\/www.paypal.com\/donate\"><input name=\"hosted_button_id\" type=\"hidden\" value=\"EDDVH8T7JHU8A\" \/> <input title=\"Faire un don\" alt=\"Bouton Faites un don avec PayPal\" name=\"submit\" src=\"https:\/\/www.paypalobjects.com\/en_US\/GB\/i\/btn\/btn_donateCC_LG.gif\" type=\"image\" \/> <img loading=\"lazy\" decoding=\"async\" src=\"https:\/\/www.paypalobjects.com\/en_US\/GB\/i\/btn\/btn_donateCC_LG.gif\" width=\"1\" height=\"1\" border=\"0\" \/><input type=\"hidden\" name=\"trp-form-language\" value=\"fr\"\/><\/form>&nbsp;\r\n\r\n<div class=\"vc_row wpb_row vc_row-fluid\"><div class=\"wpb_column vc_column_container vc_col-sm-12\"><div class=\"vc_column-inner\"><div class=\"wpb_wrapper\"><\/div><\/div><\/div><\/div><div class=\"vc_row wpb_row vc_row-fluid\"><div class=\"wpb_column vc_column_container vc_col-sm-12\"><div class=\"vc_column-inner\"><div class=\"wpb_wrapper\"><\/div><\/div><\/div><\/div><div data-vc-full-width=\"true\" data-vc-full-width-init=\"false\" data-vc-stretch-content=\"true\" class=\"vc_row wpb_row vc_row-fluid vc_row-no-padding\"><div class=\"wpb_column vc_column_container vc_col-sm-12\"><div class=\"vc_column-inner\"><div class=\"wpb_wrapper\"><div class=\"sc_section margin_top_huge margin_bottom_huge aligncenter\"><div class=\"sc_section_inner\"><h5 class=\"sc_section_subtitle sc_item_subtitle\">Merci \u00e0 nos<\/h5><h1 class=\"sc_section_title sc_item_title\">Sponsors<\/h1><div class=\"sc_section_content_wrap\"><div id=\"sc_clients_1874584599_wrap\" class=\"sc_clients_wrap\"><div id=\"sc_clients_1874584599\" class=\"sc_clients sc_clients_style_clients-1  margin_top_large\" style=\"width:100%;\"><div class=\"sc_slider_swiper swiper-slider-container sc_slider_nopagination sc_slider_nocontrols\" data-interval=\"5025\" data-slides-per-view=\"5\" data-slides-min-width=\"100\"><div class=\"slides swiper-wrapper\"><div class=\"swiper-slide\" data-style=\"width:100%;\" style=\"width:100%;\">\t\t\t<div id=\"sc_clients_1874584599_1\" class=\"sc_clients_item sc_clients_item_1 odd first\">\n\t\t\t\t\t\t\t\t<div class=\"sc_client_image\"><img decoding=\"async\" class=\"wp-post-image\" alt=\"Doen\" src=\"https:\/\/shtandart.eu\/wp-content\/uploads\/2016\/04\/stichting-doen-logo-vector.png\"><\/div>\n\t\t\t\t\t\t\t<\/div>\n\t\t<\/div><div class=\"swiper-slide\" data-style=\"width:100%;\" style=\"width:100%;\">\t\t\t<div id=\"sc_clients_1874584599_2\" class=\"sc_clients_item sc_clients_item_2 even\">\n\t\t\t\t\t\t\t\t<div class=\"sc_client_image\"><img decoding=\"async\" class=\"wp-post-image\" alt=\"Dolphin Exhibitions\" src=\"https:\/\/shtandart.eu\/wp-content\/uploads\/2016\/04\/Dolphin-Exhibitions.jpg\"><\/div>\n\t\t\t\t\t\t\t<\/div>\n\t\t<\/div><div class=\"swiper-slide\" data-style=\"width:100%;\" style=\"width:100%;\">\t\t\t<div id=\"sc_clients_1874584599_3\" class=\"sc_clients_item sc_clients_item_3 odd\">\n\t\t\t\t\t\t\t\t<div class=\"sc_client_image\"><img decoding=\"async\" class=\"wp-post-image\" alt=\"Maprom\" src=\"https:\/\/shtandart.eu\/wp-content\/uploads\/2016\/04\/maprom.png\"><\/div>\n\t\t\t\t\t\t\t<\/div>\n\t\t<\/div><div class=\"swiper-slide\" data-style=\"width:100%;\" style=\"width:100%;\">\t\t\t<div id=\"sc_clients_1874584599_4\" class=\"sc_clients_item sc_clients_item_4 even\">\n\t\t\t\t\t\t\t\t<div class=\"sc_client_image\"><img decoding=\"async\" class=\"wp-post-image\" alt=\"Port La rochelle\" src=\"https:\/\/shtandart.eu\/wp-content\/uploads\/2016\/04\/logo-port-plaisance-la-rochelle.png\"><\/div>\n\t\t\t\t\t\t\t<\/div>\n\t\t<\/div><div class=\"swiper-slide\" data-style=\"width:100%;\" style=\"width:100%;\">\t\t\t<div id=\"sc_clients_1874584599_5\" class=\"sc_clients_item sc_clients_item_5 odd\">\n\t\t\t\t\t\t\t\t<div class=\"sc_client_image\"><img decoding=\"async\" class=\"wp-post-image\" alt=\"Volvo\" src=\"https:\/\/shtandart.eu\/wp-content\/uploads\/2016\/04\/volvo-zeichen.png\"><\/div>\n\t\t\t\t\t\t\t<\/div>\n\t\t<\/div><\/div><div class=\"sc_slider_controls_wrap\"><a class=\"sc_slider_prev\" href=\"#\"><\/a><a class=\"sc_slider_next\" href=\"#\"><\/a><\/div><div class=\"sc_slider_pagination_wrap\"><\/div><\/div><\/div><!-- \/.sc_clients --><\/div><!-- \/.sc_clients_wrap --><\/div><\/div><\/div><\/div><\/div><\/div><\/div><div class=\"vc_row-full-width vc_clearfix\"><\/div><\/div>","protected":false},"excerpt":{"rendered":"<p>From the very beginning, Shtandart was a completely volunteer project, a dream of a historic ship, first by a very small group of enthusiasts, and then by an increasing number of people. Now we know \u2013 a real dream is achievable. We saw this in the successful creation of the Shtandart. We are grateful to [&hellip;]<\/p>","protected":false},"author":990011,"featured_media":0,"parent":0,"menu_order":0,"comment_status":"closed","ping_status":"closed","template":"","meta":{"_themeisle_gutenberg_block_has_review":false,"footnotes":""},"class_list":["post-2313","page","type-page","status-publish","hentry"],"yoast_head":"<!-- This site is optimized with the Yoast SEO plugin v25.5 - https:\/\/yoast.com\/wordpress\/plugins\/seo\/ -->\n<title>Support - Shtandart<\/title>\n<meta name=\"robots\" content=\"index, follow, max-snippet:-1, max-image-preview:large, max-video-preview:-1\" \/>\n<link rel=\"canonical\" href=\"https:\/\/shtandart.eu\/fr\/support_shtandart\/\" \/>\n<meta property=\"og:locale\" content=\"fr_FR\" \/>\n<meta property=\"og:type\" content=\"article\" \/>\n<meta property=\"og:title\" content=\"Support - Shtandart\" \/>\n<meta property=\"og:description\" content=\"From the very beginning, Shtandart was a completely volunteer project, a dream of a historic ship, first by a very small group of enthusiasts, and then by an increasing number of people. Now we know \u2013 a real dream is achievable. We saw this in the successful creation of the Shtandart. We are grateful to [&hellip;]\" \/>\n<meta property=\"og:url\" content=\"https:\/\/shtandart.eu\/fr\/support_shtandart\/\" \/>\n<meta property=\"og:site_name\" content=\"Shtandart\" \/>\n<meta property=\"article:publisher\" content=\"https:\/\/www.facebook.com\/Frigate.Shtandart\/\" \/>\n<meta property=\"article:modified_time\" content=\"2024-07-15T18:13:40+00:00\" \/>\n<meta property=\"og:image\" content=\"https:\/\/www.paypalobjects.com\/en_US\/GB\/i\/btn\/btn_donateCC_LG.gif\" \/>\n<meta name=\"twitter:card\" content=\"summary_large_image\" \/>\n<meta name=\"twitter:label1\" content=\"Dur\u00e9e de lecture estim\u00e9e\" \/>\n\t<meta name=\"twitter:data1\" content=\"2 minutes\" \/>\n<script type=\"application\/ld+json\" class=\"yoast-schema-graph\">{\"@context\":\"https:\/\/schema.org\",\"@graph\":[{\"@type\":\"WebPage\",\"@id\":\"https:\/\/shtandart.eu\/support_shtandart\/\",\"url\":\"https:\/\/shtandart.eu\/support_shtandart\/\",\"name\":\"Support - Shtandart\",\"isPartOf\":{\"@id\":\"https:\/\/shtandart.eu\/#website\"},\"primaryImageOfPage\":{\"@id\":\"https:\/\/shtandart.eu\/support_shtandart\/#primaryimage\"},\"image\":{\"@id\":\"https:\/\/shtandart.eu\/support_shtandart\/#primaryimage\"},\"thumbnailUrl\":\"https:\/\/www.paypalobjects.com\/en_US\/GB\/i\/btn\/btn_donateCC_LG.gif\",\"datePublished\":\"2023-11-08T07:28:22+00:00\",\"dateModified\":\"2024-07-15T18:13:40+00:00\",\"breadcrumb\":{\"@id\":\"https:\/\/shtandart.eu\/support_shtandart\/#breadcrumb\"},\"inLanguage\":\"fr-FR\",\"potentialAction\":[{\"@type\":\"ReadAction\",\"target\":[\"https:\/\/shtandart.eu\/support_shtandart\/\"]}]},{\"@type\":\"ImageObject\",\"inLanguage\":\"fr-FR\",\"@id\":\"https:\/\/shtandart.eu\/support_shtandart\/#primaryimage\",\"url\":\"https:\/\/www.paypalobjects.com\/en_US\/GB\/i\/btn\/btn_donateCC_LG.gif\",\"contentUrl\":\"https:\/\/www.paypalobjects.com\/en_US\/GB\/i\/btn\/btn_donateCC_LG.gif\"},{\"@type\":\"BreadcrumbList\",\"@id\":\"https:\/\/shtandart.eu\/support_shtandart\/#breadcrumb\",\"itemListElement\":[{\"@type\":\"ListItem\",\"position\":1,\"name\":\"Home\",\"item\":\"https:\/\/shtandart.eu\/\"},{\"@type\":\"ListItem\",\"position\":2,\"name\":\"Support\"}]},{\"@type\":\"WebSite\",\"@id\":\"https:\/\/shtandart.eu\/#website\",\"url\":\"https:\/\/shtandart.eu\/\",\"name\":\"Shtandart\",\"description\":\"\",\"publisher\":{\"@id\":\"https:\/\/shtandart.eu\/#organization\"},\"potentialAction\":[{\"@type\":\"SearchAction\",\"target\":{\"@type\":\"EntryPoint\",\"urlTemplate\":\"https:\/\/shtandart.eu\/?s={search_term_string}\"},\"query-input\":{\"@type\":\"PropertyValueSpecification\",\"valueRequired\":true,\"valueName\":\"search_term_string\"}}],\"inLanguage\":\"fr-FR\"},{\"@type\":\"Organization\",\"@id\":\"https:\/\/shtandart.eu\/#organization\",\"name\":\"Shtandart\",\"url\":\"https:\/\/shtandart.eu\/\",\"logo\":{\"@type\":\"ImageObject\",\"inLanguage\":\"fr-FR\",\"@id\":\"https:\/\/shtandart.eu\/#\/schema\/logo\/image\/\",\"url\":\"https:\/\/shtandart.eu\/wp-content\/uploads\/2023\/12\/\u0411\u0435\u0437-\u0438\u043c\u0435\u043d\u0438-2.png\",\"contentUrl\":\"https:\/\/shtandart.eu\/wp-content\/uploads\/2023\/12\/\u0411\u0435\u0437-\u0438\u043c\u0435\u043d\u0438-2.png\",\"width\":512,\"height\":511,\"caption\":\"Shtandart\"},\"image\":{\"@id\":\"https:\/\/shtandart.eu\/#\/schema\/logo\/image\/\"},\"sameAs\":[\"https:\/\/www.facebook.com\/Frigate.Shtandart\/\"]}]}<\/script>\n<!-- \/ Yoast SEO plugin. -->","yoast_head_json":{"title":"Support - Shtandart","robots":{"index":"index","follow":"follow","max-snippet":"max-snippet:-1","max-image-preview":"max-image-preview:large","max-video-preview":"max-video-preview:-1"},"canonical":"https:\/\/shtandart.eu\/fr\/support_shtandart\/","og_locale":"fr_FR","og_type":"article","og_title":"Support - Shtandart","og_description":"From the very beginning, Shtandart was a completely volunteer project, a dream of a historic ship, first by a very small group of enthusiasts, and then by an increasing number of people. Now we know \u2013 a real dream is achievable. We saw this in the successful creation of the Shtandart. We are grateful to [&hellip;]","og_url":"https:\/\/shtandart.eu\/fr\/support_shtandart\/","og_site_name":"Shtandart","article_publisher":"https:\/\/www.facebook.com\/Frigate.Shtandart\/","article_modified_time":"2024-07-15T18:13:40+00:00","og_image":[{"url":"https:\/\/www.paypalobjects.com\/en_US\/GB\/i\/btn\/btn_donateCC_LG.gif","type":"","width":"","height":""}],"twitter_card":"summary_large_image","twitter_misc":{"Dur\u00e9e de lecture estim\u00e9e":"2 minutes"},"schema":{"@context":"https:\/\/schema.org","@graph":[{"@type":"WebPage","@id":"https:\/\/shtandart.eu\/support_shtandart\/","url":"https:\/\/shtandart.eu\/support_shtandart\/","name":"Support - Shtandart","isPartOf":{"@id":"https:\/\/shtandart.eu\/#website"},"primaryImageOfPage":{"@id":"https:\/\/shtandart.eu\/support_shtandart\/#primaryimage"},"image":{"@id":"https:\/\/shtandart.eu\/support_shtandart\/#primaryimage"},"thumbnailUrl":"https:\/\/www.paypalobjects.com\/en_US\/GB\/i\/btn\/btn_donateCC_LG.gif","datePublished":"2023-11-08T07:28:22+00:00","dateModified":"2024-07-15T18:13:40+00:00","breadcrumb":{"@id":"https:\/\/shtandart.eu\/support_shtandart\/#breadcrumb"},"inLanguage":"fr-FR","potentialAction":[{"@type":"ReadAction","target":["https:\/\/shtandart.eu\/support_shtandart\/"]}]},{"@type":"ImageObject","inLanguage":"fr-FR","@id":"https:\/\/shtandart.eu\/support_shtandart\/#primaryimage","url":"https:\/\/www.paypalobjects.com\/en_US\/GB\/i\/btn\/btn_donateCC_LG.gif","contentUrl":"https:\/\/www.paypalobjects.com\/en_US\/GB\/i\/btn\/btn_donateCC_LG.gif"},{"@type":"BreadcrumbList","@id":"https:\/\/shtandart.eu\/support_shtandart\/#breadcrumb","itemListElement":[{"@type":"ListItem","position":1,"name":"Home","item":"https:\/\/shtandart.eu\/"},{"@type":"ListItem","position":2,"name":"Support"}]},{"@type":"WebSite","@id":"https:\/\/shtandart.eu\/#website","url":"https:\/\/shtandart.eu\/","name":"Shtandart","description":"","publisher":{"@id":"https:\/\/shtandart.eu\/#organization"},"potentialAction":[{"@type":"SearchAction","target":{"@type":"EntryPoint","urlTemplate":"https:\/\/shtandart.eu\/?s={search_term_string}"},"query-input":{"@type":"PropertyValueSpecification","valueRequired":true,"valueName":"search_term_string"}}],"inLanguage":"fr-FR"},{"@type":"Organization","@id":"https:\/\/shtandart.eu\/#organization","name":"Shtandart","url":"https:\/\/shtandart.eu\/","logo":{"@type":"ImageObject","inLanguage":"fr-FR","@id":"https:\/\/shtandart.eu\/#\/schema\/logo\/image\/","url":"https:\/\/shtandart.eu\/wp-content\/uploads\/2023\/12\/\u0411\u0435\u0437-\u0438\u043c\u0435\u043d\u0438-2.png","contentUrl":"https:\/\/shtandart.eu\/wp-content\/uploads\/2023\/12\/\u0411\u0435\u0437-\u0438\u043c\u0435\u043d\u0438-2.png","width":512,"height":511,"caption":"Shtandart"},"image":{"@id":"https:\/\/shtandart.eu\/#\/schema\/logo\/image\/"},"sameAs":["https:\/\/www.facebook.com\/Frigate.Shtandart\/"]}]}},"_links":{"self":[{"href":"https:\/\/shtandart.eu\/fr\/wp-json\/wp\/v2\/pages\/2313","targetHints":{"allow":["GET"]}}],"collection":[{"href":"https:\/\/shtandart.eu\/fr\/wp-json\/wp\/v2\/pages"}],"about":[{"href":"https:\/\/shtandart.eu\/fr\/wp-json\/wp\/v2\/types\/page"}],"author":[{"embeddable":true,"href":"https:\/\/shtandart.eu\/fr\/wp-json\/wp\/v2\/users\/990011"}],"replies":[{"embeddable":true,"href":"https:\/\/shtandart.eu\/fr\/wp-json\/wp\/v2\/comments?post=2313"}],"version-history":[{"count":7,"href":"https:\/\/shtandart.eu\/fr\/wp-json\/wp\/v2\/pages\/2313\/revisions"}],"predecessor-version":[{"id":2676,"href":"https:\/\/shtandart.eu\/fr\/wp-json\/wp\/v2\/pages\/2313\/revisions\/2676"}],"wp:attachment":[{"href":"https:\/\/shtandart.eu\/fr\/wp-json\/wp\/v2\/media?parent=2313"}],"curies":[{"name":"wp","href":"https:\/\/api.w.org\/{rel}","templated":true}]}}