{"id":1573,"date":"2023-10-05T18:36:15","date_gmt":"2023-10-05T16:36:15","guid":{"rendered":"https:\/\/shtandart.xyz\/?page_id=1573"},"modified":"2023-12-01T17:32:01","modified_gmt":"2023-12-01T16:32:01","slug":"live-action-role-playing","status":"publish","type":"page","link":"https:\/\/shtandart.eu\/fr\/live-action-role-playing\/","title":{"rendered":"Jeux de r\u00f4le grandeur nature (GN)"},"content":{"rendered":"<p><strong>Quel meilleur endroit pour un jeu de r\u00f4le en grandeur nature que sur un vrai navire \u00e0 voile ? <\/strong><\/p>\n<p>L'atmosph\u00e8re unique de la fr\u00e9gate Shtandart vous plongera directement dans l'\u00e8re des d\u00e9couvertes maritimes et l'\u00e2ge d'or de la piraterie. \u00c0 bord du Shtandart votre jeu de r\u00f4le grandeur nature deviendra une aventure passionnante, pleine de sensations authentiques et beaucoup d'amusement !<\/p>\n\n\n<figure class=\"wp-block-image size-large\"><img loading=\"lazy\" decoding=\"async\" width=\"1024\" height=\"681\" src=\"https:\/\/shtandart.eu\/wp-content\/uploads\/2023\/12\/crew-1024x681.jpg\" alt=\"\" class=\"wp-image-2861\" srcset=\"https:\/\/shtandart.eu\/wp-content\/uploads\/2023\/12\/crew-1024x681.jpg 1024w, https:\/\/shtandart.eu\/wp-content\/uploads\/2023\/12\/crew-300x200.jpg 300w, https:\/\/shtandart.eu\/wp-content\/uploads\/2023\/12\/crew-768x511.jpg 768w, https:\/\/shtandart.eu\/wp-content\/uploads\/2023\/12\/crew-1536x1022.jpg 1536w, https:\/\/shtandart.eu\/wp-content\/uploads\/2023\/12\/crew-18x12.jpg 18w, https:\/\/shtandart.eu\/wp-content\/uploads\/2023\/12\/crew-600x399.jpg 600w, https:\/\/shtandart.eu\/wp-content\/uploads\/2023\/12\/crew.jpg 1623w\" sizes=\"auto, (max-width: 1024px) 100vw, 1024px\" \/><\/figure>\n\n\n\n<p><em>Pour plus d'information ou pour r\u00e9server votre \u00e9v\u00e8nement, contactez-nous :&nbsp;<a href=\"mailto:voyage@shtandart.eu\">voyage@shtandart.eu<\/a>.<\/em><\/p>","protected":false},"excerpt":{"rendered":"<p>What better place to Live action role-playing game\u00a0than a real sailing ship? The unique atmosphere of the frigate Shtandart will help you plunge directly into the era of sea discoveries and voyages, or the golden age of piracy. With Shtandart your LARP game will become a real exciting adventure that will give you incredible emotions [&hellip;]<\/p>","protected":false},"author":990017,"featured_media":2296,"parent":0,"menu_order":0,"comment_status":"closed","ping_status":"closed","template":"","meta":{"_themeisle_gutenberg_block_has_review":false,"footnotes":""},"class_list":["post-1573","page","type-page","status-publish","has-post-thumbnail","hentry"],"yoast_head":"<!-- This site is optimized with the Yoast SEO plugin v25.5 - https:\/\/yoast.com\/wordpress\/plugins\/seo\/ -->\n<title>Live Action Role Playing (LARP) - Shtandart<\/title>\n<meta name=\"robots\" content=\"index, follow, max-snippet:-1, max-image-preview:large, max-video-preview:-1\" \/>\n<link rel=\"canonical\" href=\"https:\/\/shtandart.eu\/fr\/live-action-role-playing\/\" \/>\n<meta property=\"og:locale\" content=\"fr_FR\" \/>\n<meta property=\"og:type\" content=\"article\" \/>\n<meta property=\"og:title\" content=\"Live Action Role Playing (LARP) - Shtandart\" \/>\n<meta property=\"og:description\" content=\"What better place to Live action role-playing game\u00a0than a real sailing ship? The unique atmosphere of the frigate Shtandart will help you plunge directly into the era of sea discoveries and voyages, or the golden age of piracy. With Shtandart your LARP game will become a real exciting adventure that will give you incredible emotions [&hellip;]\" \/>\n<meta property=\"og:url\" content=\"https:\/\/shtandart.eu\/fr\/live-action-role-playing\/\" \/>\n<meta property=\"og:site_name\" content=\"Shtandart\" \/>\n<meta property=\"article:publisher\" content=\"https:\/\/www.facebook.com\/Frigate.Shtandart\/\" \/>\n<meta property=\"article:modified_time\" content=\"2023-12-01T16:32:01+00:00\" \/>\n<meta property=\"og:image\" content=\"https:\/\/shtandart.eu\/wp-content\/uploads\/2023\/11\/unnamed-14-scaled.jpg\" \/>\n\t<meta property=\"og:image:width\" content=\"2560\" \/>\n\t<meta property=\"og:image:height\" content=\"1920\" \/>\n\t<meta property=\"og:image:type\" content=\"image\/jpeg\" \/>\n<meta name=\"twitter:card\" content=\"summary_large_image\" \/>\n<script type=\"application\/ld+json\" class=\"yoast-schema-graph\">{\"@context\":\"https:\/\/schema.org\",\"@graph\":[{\"@type\":\"WebPage\",\"@id\":\"https:\/\/shtandart.eu\/live-action-role-playing\/\",\"url\":\"https:\/\/shtandart.eu\/live-action-role-playing\/\",\"name\":\"Live Action Role Playing (LARP) - Shtandart\",\"isPartOf\":{\"@id\":\"https:\/\/shtandart.eu\/#website\"},\"primaryImageOfPage\":{\"@id\":\"https:\/\/shtandart.eu\/live-action-role-playing\/#primaryimage\"},\"image\":{\"@id\":\"https:\/\/shtandart.eu\/live-action-role-playing\/#primaryimage\"},\"thumbnailUrl\":\"https:\/\/shtandart.eu\/wp-content\/uploads\/2023\/11\/unnamed-14-scaled.jpg\",\"datePublished\":\"2023-10-05T16:36:15+00:00\",\"dateModified\":\"2023-12-01T16:32:01+00:00\",\"breadcrumb\":{\"@id\":\"https:\/\/shtandart.eu\/live-action-role-playing\/#breadcrumb\"},\"inLanguage\":\"fr-FR\",\"potentialAction\":[{\"@type\":\"ReadAction\",\"target\":[\"https:\/\/shtandart.eu\/live-action-role-playing\/\"]}]},{\"@type\":\"ImageObject\",\"inLanguage\":\"fr-FR\",\"@id\":\"https:\/\/shtandart.eu\/live-action-role-playing\/#primaryimage\",\"url\":\"https:\/\/shtandart.eu\/wp-content\/uploads\/2023\/11\/unnamed-14-scaled.jpg\",\"contentUrl\":\"https:\/\/shtandart.eu\/wp-content\/uploads\/2023\/11\/unnamed-14-scaled.jpg\",\"width\":2560,\"height\":1920},{\"@type\":\"BreadcrumbList\",\"@id\":\"https:\/\/shtandart.eu\/live-action-role-playing\/#breadcrumb\",\"itemListElement\":[{\"@type\":\"ListItem\",\"position\":1,\"name\":\"Home\",\"item\":\"https:\/\/shtandart.eu\/\"},{\"@type\":\"ListItem\",\"position\":2,\"name\":\"Live Action Role Playing (LARP)\"}]},{\"@type\":\"WebSite\",\"@id\":\"https:\/\/shtandart.eu\/#website\",\"url\":\"https:\/\/shtandart.eu\/\",\"name\":\"Shtandart\",\"description\":\"\",\"publisher\":{\"@id\":\"https:\/\/shtandart.eu\/#organization\"},\"potentialAction\":[{\"@type\":\"SearchAction\",\"target\":{\"@type\":\"EntryPoint\",\"urlTemplate\":\"https:\/\/shtandart.eu\/?s={search_term_string}\"},\"query-input\":{\"@type\":\"PropertyValueSpecification\",\"valueRequired\":true,\"valueName\":\"search_term_string\"}}],\"inLanguage\":\"fr-FR\"},{\"@type\":\"Organization\",\"@id\":\"https:\/\/shtandart.eu\/#organization\",\"name\":\"Shtandart\",\"url\":\"https:\/\/shtandart.eu\/\",\"logo\":{\"@type\":\"ImageObject\",\"inLanguage\":\"fr-FR\",\"@id\":\"https:\/\/shtandart.eu\/#\/schema\/logo\/image\/\",\"url\":\"https:\/\/shtandart.eu\/wp-content\/uploads\/2023\/12\/\u0411\u0435\u0437-\u0438\u043c\u0435\u043d\u0438-2.png\",\"contentUrl\":\"https:\/\/shtandart.eu\/wp-content\/uploads\/2023\/12\/\u0411\u0435\u0437-\u0438\u043c\u0435\u043d\u0438-2.png\",\"width\":512,\"height\":511,\"caption\":\"Shtandart\"},\"image\":{\"@id\":\"https:\/\/shtandart.eu\/#\/schema\/logo\/image\/\"},\"sameAs\":[\"https:\/\/www.facebook.com\/Frigate.Shtandart\/\"]}]}<\/script>\n<!-- \/ Yoast SEO plugin. -->","yoast_head_json":{"title":"Live Action Role Playing (LARP) - Shtandart","robots":{"index":"index","follow":"follow","max-snippet":"max-snippet:-1","max-image-preview":"max-image-preview:large","max-video-preview":"max-video-preview:-1"},"canonical":"https:\/\/shtandart.eu\/fr\/live-action-role-playing\/","og_locale":"fr_FR","og_type":"article","og_title":"Live Action Role Playing (LARP) - Shtandart","og_description":"What better place to Live action role-playing game\u00a0than a real sailing ship? The unique atmosphere of the frigate Shtandart will help you plunge directly into the era of sea discoveries and voyages, or the golden age of piracy. With Shtandart your LARP game will become a real exciting adventure that will give you incredible emotions [&hellip;]","og_url":"https:\/\/shtandart.eu\/fr\/live-action-role-playing\/","og_site_name":"Shtandart","article_publisher":"https:\/\/www.facebook.com\/Frigate.Shtandart\/","article_modified_time":"2023-12-01T16:32:01+00:00","og_image":[{"width":2560,"height":1920,"url":"https:\/\/shtandart.eu\/wp-content\/uploads\/2023\/11\/unnamed-14-scaled.jpg","type":"image\/jpeg"}],"twitter_card":"summary_large_image","schema":{"@context":"https:\/\/schema.org","@graph":[{"@type":"WebPage","@id":"https:\/\/shtandart.eu\/live-action-role-playing\/","url":"https:\/\/shtandart.eu\/live-action-role-playing\/","name":"Live Action Role Playing (LARP) - Shtandart","isPartOf":{"@id":"https:\/\/shtandart.eu\/#website"},"primaryImageOfPage":{"@id":"https:\/\/shtandart.eu\/live-action-role-playing\/#primaryimage"},"image":{"@id":"https:\/\/shtandart.eu\/live-action-role-playing\/#primaryimage"},"thumbnailUrl":"https:\/\/shtandart.eu\/wp-content\/uploads\/2023\/11\/unnamed-14-scaled.jpg","datePublished":"2023-10-05T16:36:15+00:00","dateModified":"2023-12-01T16:32:01+00:00","breadcrumb":{"@id":"https:\/\/shtandart.eu\/live-action-role-playing\/#breadcrumb"},"inLanguage":"fr-FR","potentialAction":[{"@type":"ReadAction","target":["https:\/\/shtandart.eu\/live-action-role-playing\/"]}]},{"@type":"ImageObject","inLanguage":"fr-FR","@id":"https:\/\/shtandart.eu\/live-action-role-playing\/#primaryimage","url":"https:\/\/shtandart.eu\/wp-content\/uploads\/2023\/11\/unnamed-14-scaled.jpg","contentUrl":"https:\/\/shtandart.eu\/wp-content\/uploads\/2023\/11\/unnamed-14-scaled.jpg","width":2560,"height":1920},{"@type":"BreadcrumbList","@id":"https:\/\/shtandart.eu\/live-action-role-playing\/#breadcrumb","itemListElement":[{"@type":"ListItem","position":1,"name":"Home","item":"https:\/\/shtandart.eu\/"},{"@type":"ListItem","position":2,"name":"Live Action Role Playing (LARP)"}]},{"@type":"WebSite","@id":"https:\/\/shtandart.eu\/#website","url":"https:\/\/shtandart.eu\/","name":"Shtandart","description":"","publisher":{"@id":"https:\/\/shtandart.eu\/#organization"},"potentialAction":[{"@type":"SearchAction","target":{"@type":"EntryPoint","urlTemplate":"https:\/\/shtandart.eu\/?s={search_term_string}"},"query-input":{"@type":"PropertyValueSpecification","valueRequired":true,"valueName":"search_term_string"}}],"inLanguage":"fr-FR"},{"@type":"Organization","@id":"https:\/\/shtandart.eu\/#organization","name":"Shtandart","url":"https:\/\/shtandart.eu\/","logo":{"@type":"ImageObject","inLanguage":"fr-FR","@id":"https:\/\/shtandart.eu\/#\/schema\/logo\/image\/","url":"https:\/\/shtandart.eu\/wp-content\/uploads\/2023\/12\/\u0411\u0435\u0437-\u0438\u043c\u0435\u043d\u0438-2.png","contentUrl":"https:\/\/shtandart.eu\/wp-content\/uploads\/2023\/12\/\u0411\u0435\u0437-\u0438\u043c\u0435\u043d\u0438-2.png","width":512,"height":511,"caption":"Shtandart"},"image":{"@id":"https:\/\/shtandart.eu\/#\/schema\/logo\/image\/"},"sameAs":["https:\/\/www.facebook.com\/Frigate.Shtandart\/"]}]}},"_links":{"self":[{"href":"https:\/\/shtandart.eu\/fr\/wp-json\/wp\/v2\/pages\/1573","targetHints":{"allow":["GET"]}}],"collection":[{"href":"https:\/\/shtandart.eu\/fr\/wp-json\/wp\/v2\/pages"}],"about":[{"href":"https:\/\/shtandart.eu\/fr\/wp-json\/wp\/v2\/types\/page"}],"author":[{"embeddable":true,"href":"https:\/\/shtandart.eu\/fr\/wp-json\/wp\/v2\/users\/990017"}],"replies":[{"embeddable":true,"href":"https:\/\/shtandart.eu\/fr\/wp-json\/wp\/v2\/comments?post=1573"}],"version-history":[{"count":1,"href":"https:\/\/shtandart.eu\/fr\/wp-json\/wp\/v2\/pages\/1573\/revisions"}],"predecessor-version":[{"id":2862,"href":"https:\/\/shtandart.eu\/fr\/wp-json\/wp\/v2\/pages\/1573\/revisions\/2862"}],"wp:featuredmedia":[{"embeddable":true,"href":"https:\/\/shtandart.eu\/fr\/wp-json\/wp\/v2\/media\/2296"}],"wp:attachment":[{"href":"https:\/\/shtandart.eu\/fr\/wp-json\/wp\/v2\/media?parent=1573"}],"curies":[{"name":"wp","href":"https:\/\/api.w.org\/{rel}","templated":true}]}}