{"id":1432,"date":"2023-05-03T17:46:16","date_gmt":"2023-05-03T15:46:16","guid":{"rendered":"https:\/\/shtandart.xyz\/?page_id=1432"},"modified":"2024-01-27T09:46:26","modified_gmt":"2024-01-27T08:46:26","slug":"reception-aboard","status":"publish","type":"page","link":"https:\/\/shtandart.eu\/fr\/reception-aboard\/","title":{"rendered":"R\u00e9ception \u00e0 bord"},"content":{"rendered":"<p><b>Nous sommes ravis de vous proposer un espace insolite \u00e0 bord de la fr\u00e9gate Shtandart pour vos \u00e9v\u00e9nements exceptionnels : cocktail, conf\u00e9rence de presse, s\u00e9minaire, d\u00e9jeuner\/brunch\/d\u00eener VIP, petit-d\u00e9jeuner, etc. Contactez-nous pour pr\u00e9senter votre projet.<\/b><\/p>\n<p><\/p>\n<figure class=\"wp-block-image size-full\"><img loading=\"lazy\" decoding=\"async\" width=\"1339\" height=\"893\" class=\"wp-image-2751\" src=\"http:\/\/shtandart.eu\/wp-content\/uploads\/2023\/11\/DSC4436.jpg\" alt=\"\" srcset=\"https:\/\/shtandart.eu\/wp-content\/uploads\/2023\/11\/DSC4436.jpg 1339w, https:\/\/shtandart.eu\/wp-content\/uploads\/2023\/11\/DSC4436-300x200.jpg 300w, https:\/\/shtandart.eu\/wp-content\/uploads\/2023\/11\/DSC4436-1024x683.jpg 1024w, https:\/\/shtandart.eu\/wp-content\/uploads\/2023\/11\/DSC4436-768x512.jpg 768w, https:\/\/shtandart.eu\/wp-content\/uploads\/2023\/11\/DSC4436-18x12.jpg 18w, https:\/\/shtandart.eu\/wp-content\/uploads\/2023\/11\/DSC4436-600x400.jpg 600w\" sizes=\"auto, (max-width: 1339px) 100vw, 1339px\" \/><\/figure>\n<p><\/p>\n\n\n<p>La fr\u00e9gate Shtandart est une copie exacte du navire historique con\u00e7u par Pierre le Grand en 1703. La r\u00e9plique a \u00e9t\u00e9 construite \u00e0 Saint-P\u00e9tersbourg.&nbsp;<\/p>\n\n\n\n<p>Les techniques authentiques et les m\u00e9thodes de construction utilis\u00e9es pendant la construction du navire, les magnifiques sculptures, la vue de ses voiles puissantes et le son de son gr\u00e9ement majestueux, cr\u00e9eront une impression inoubliable. Les membres de l'\u00e9quipage en uniforme historique apporteront \u00e9galement une touche unique \u00e0 votre \u00e9v\u00e9nement.&nbsp;<\/p>\n\n\n\n<p><strong>Les r\u00e9ceptions peuvent \u00eatre organis\u00e9es \u00e0 bord du navire.<\/strong>L'espace du pont de 100 m\u00e8tres carr\u00e9s offre une capacit\u00e9 d'accueil confortable jusqu'\u00e0 100 personnes. Avec un int\u00e9rieur chaleureux, une atmosph\u00e8re d\u00e9contract\u00e9e, une d\u00e9licieuse cuisine et des cocktails, les conversations suivent naturellement leur cours. Si vous le souhaitez, un traiteur de votre choix peut \u00eatre engag\u00e9.&nbsp;<\/p>\n\n\n\n<p><strong>D\u00e9jeuner ou d\u00eener avec des amis, de la famille ou des coll\u00e8gues.<\/strong>Menu complet pour le d\u00e9jeuner ou le d\u00eener, pr\u00e9vu pour 25 personnes dans la salle \u00e0 manger ou 12 personnes dans la cabine de l'amiral. La cuisine traditionnelle russe vous r\u00e9serve des surprises d\u00e9licieuses. Une exp\u00e9rience de voyage dans le temps est garantie gr\u00e2ce \u00e0 l'atmosph\u00e8re unique, les costumes et le cadre caract\u00e9ristique du XVIII\u00e8me si\u00e8cle. Nous vous transporterons ais\u00e9ment de plus de 300 ans dans le pass\u00e9 !&nbsp;<\/p>\n\n\n\n<p><strong>Lectures et s\u00e9minaires.<\/strong>&nbsp;Tenus dans un cadre aussi inhabituel et unique, ils encouragent \u00e0 penser de mani\u00e8re plus cr\u00e9ative et aident \u00e0 voir les choses sous un nouvel angle.&nbsp;<\/p>\n\n\n\n<p>&nbsp;<\/p>\n\n\n\n<p><em>Pour plus d'information ou pour r\u00e9server votre \u00e9v\u00e8nement, contactez-nous :&nbsp;<a href=\"mailto:voyage@shtandart.eu\">voyage@shtandart.eu<\/a>.<\/em><\/p>","protected":false},"excerpt":{"rendered":"<p>We are pleased to provide you with an unusual and inspiring space on the frigate Shtandart for your exceptional events: cocktail, press conference, seminar, VIP lunch\/brunch\/dinner, breakfast, etc &#8211; contact us to tell us about your project. Frigate Shtandart is a full-size replica of the historical ship. The original was constructed and built by Peter [&hellip;]<\/p>","protected":false},"author":990017,"featured_media":0,"parent":0,"menu_order":0,"comment_status":"closed","ping_status":"closed","template":"","meta":{"_themeisle_gutenberg_block_has_review":false,"footnotes":""},"class_list":["post-1432","page","type-page","status-publish","hentry"],"yoast_head":"<!-- This site is optimized with the Yoast SEO plugin v25.5 - https:\/\/yoast.com\/wordpress\/plugins\/seo\/ -->\n<title>Reception on board - Shtandart<\/title>\n<meta name=\"robots\" content=\"index, follow, max-snippet:-1, max-image-preview:large, max-video-preview:-1\" \/>\n<link rel=\"canonical\" href=\"https:\/\/shtandart.eu\/fr\/reception-aboard\/\" \/>\n<meta property=\"og:locale\" content=\"fr_FR\" \/>\n<meta property=\"og:type\" content=\"article\" \/>\n<meta property=\"og:title\" content=\"Reception on board - Shtandart\" \/>\n<meta property=\"og:description\" content=\"We are pleased to provide you with an unusual and inspiring space on the frigate Shtandart for your exceptional events: cocktail, press conference, seminar, VIP lunch\/brunch\/dinner, breakfast, etc &#8211; contact us to tell us about your project. Frigate Shtandart is a full-size replica of the historical ship. The original was constructed and built by Peter [&hellip;]\" \/>\n<meta property=\"og:url\" content=\"https:\/\/shtandart.eu\/fr\/reception-aboard\/\" \/>\n<meta property=\"og:site_name\" content=\"Shtandart\" \/>\n<meta property=\"article:publisher\" content=\"https:\/\/www.facebook.com\/Frigate.Shtandart\/\" \/>\n<meta property=\"article:modified_time\" content=\"2024-01-27T08:46:26+00:00\" \/>\n<meta property=\"og:image\" content=\"http:\/\/shtandart.eu\/wp-content\/uploads\/2023\/11\/DSC4436.jpg\" \/>\n<meta name=\"twitter:card\" content=\"summary_large_image\" \/>\n<meta name=\"twitter:label1\" content=\"Dur\u00e9e de lecture estim\u00e9e\" \/>\n\t<meta name=\"twitter:data1\" content=\"1 minute\" \/>\n<script type=\"application\/ld+json\" class=\"yoast-schema-graph\">{\"@context\":\"https:\/\/schema.org\",\"@graph\":[{\"@type\":\"WebPage\",\"@id\":\"https:\/\/shtandart.eu\/reception-aboard\/\",\"url\":\"https:\/\/shtandart.eu\/reception-aboard\/\",\"name\":\"Reception on board - Shtandart\",\"isPartOf\":{\"@id\":\"https:\/\/shtandart.eu\/#website\"},\"primaryImageOfPage\":{\"@id\":\"https:\/\/shtandart.eu\/reception-aboard\/#primaryimage\"},\"image\":{\"@id\":\"https:\/\/shtandart.eu\/reception-aboard\/#primaryimage\"},\"thumbnailUrl\":\"http:\/\/shtandart.eu\/wp-content\/uploads\/2023\/11\/DSC4436.jpg\",\"datePublished\":\"2023-05-03T15:46:16+00:00\",\"dateModified\":\"2024-01-27T08:46:26+00:00\",\"breadcrumb\":{\"@id\":\"https:\/\/shtandart.eu\/reception-aboard\/#breadcrumb\"},\"inLanguage\":\"fr-FR\",\"potentialAction\":[{\"@type\":\"ReadAction\",\"target\":[\"https:\/\/shtandart.eu\/reception-aboard\/\"]}]},{\"@type\":\"ImageObject\",\"inLanguage\":\"fr-FR\",\"@id\":\"https:\/\/shtandart.eu\/reception-aboard\/#primaryimage\",\"url\":\"http:\/\/shtandart.eu\/wp-content\/uploads\/2023\/11\/DSC4436.jpg\",\"contentUrl\":\"http:\/\/shtandart.eu\/wp-content\/uploads\/2023\/11\/DSC4436.jpg\"},{\"@type\":\"BreadcrumbList\",\"@id\":\"https:\/\/shtandart.eu\/reception-aboard\/#breadcrumb\",\"itemListElement\":[{\"@type\":\"ListItem\",\"position\":1,\"name\":\"Home\",\"item\":\"https:\/\/shtandart.eu\/\"},{\"@type\":\"ListItem\",\"position\":2,\"name\":\"Reception on board\"}]},{\"@type\":\"WebSite\",\"@id\":\"https:\/\/shtandart.eu\/#website\",\"url\":\"https:\/\/shtandart.eu\/\",\"name\":\"Shtandart\",\"description\":\"\",\"publisher\":{\"@id\":\"https:\/\/shtandart.eu\/#organization\"},\"potentialAction\":[{\"@type\":\"SearchAction\",\"target\":{\"@type\":\"EntryPoint\",\"urlTemplate\":\"https:\/\/shtandart.eu\/?s={search_term_string}\"},\"query-input\":{\"@type\":\"PropertyValueSpecification\",\"valueRequired\":true,\"valueName\":\"search_term_string\"}}],\"inLanguage\":\"fr-FR\"},{\"@type\":\"Organization\",\"@id\":\"https:\/\/shtandart.eu\/#organization\",\"name\":\"Shtandart\",\"url\":\"https:\/\/shtandart.eu\/\",\"logo\":{\"@type\":\"ImageObject\",\"inLanguage\":\"fr-FR\",\"@id\":\"https:\/\/shtandart.eu\/#\/schema\/logo\/image\/\",\"url\":\"https:\/\/shtandart.eu\/wp-content\/uploads\/2023\/12\/\u0411\u0435\u0437-\u0438\u043c\u0435\u043d\u0438-2.png\",\"contentUrl\":\"https:\/\/shtandart.eu\/wp-content\/uploads\/2023\/12\/\u0411\u0435\u0437-\u0438\u043c\u0435\u043d\u0438-2.png\",\"width\":512,\"height\":511,\"caption\":\"Shtandart\"},\"image\":{\"@id\":\"https:\/\/shtandart.eu\/#\/schema\/logo\/image\/\"},\"sameAs\":[\"https:\/\/www.facebook.com\/Frigate.Shtandart\/\"]}]}<\/script>\n<!-- \/ Yoast SEO plugin. -->","yoast_head_json":{"title":"Reception on board - Shtandart","robots":{"index":"index","follow":"follow","max-snippet":"max-snippet:-1","max-image-preview":"max-image-preview:large","max-video-preview":"max-video-preview:-1"},"canonical":"https:\/\/shtandart.eu\/fr\/reception-aboard\/","og_locale":"fr_FR","og_type":"article","og_title":"Reception on board - Shtandart","og_description":"We are pleased to provide you with an unusual and inspiring space on the frigate Shtandart for your exceptional events: cocktail, press conference, seminar, VIP lunch\/brunch\/dinner, breakfast, etc &#8211; contact us to tell us about your project. Frigate Shtandart is a full-size replica of the historical ship. The original was constructed and built by Peter [&hellip;]","og_url":"https:\/\/shtandart.eu\/fr\/reception-aboard\/","og_site_name":"Shtandart","article_publisher":"https:\/\/www.facebook.com\/Frigate.Shtandart\/","article_modified_time":"2024-01-27T08:46:26+00:00","og_image":[{"url":"http:\/\/shtandart.eu\/wp-content\/uploads\/2023\/11\/DSC4436.jpg","type":"","width":"","height":""}],"twitter_card":"summary_large_image","twitter_misc":{"Dur\u00e9e de lecture estim\u00e9e":"1 minute"},"schema":{"@context":"https:\/\/schema.org","@graph":[{"@type":"WebPage","@id":"https:\/\/shtandart.eu\/reception-aboard\/","url":"https:\/\/shtandart.eu\/reception-aboard\/","name":"Reception on board - Shtandart","isPartOf":{"@id":"https:\/\/shtandart.eu\/#website"},"primaryImageOfPage":{"@id":"https:\/\/shtandart.eu\/reception-aboard\/#primaryimage"},"image":{"@id":"https:\/\/shtandart.eu\/reception-aboard\/#primaryimage"},"thumbnailUrl":"http:\/\/shtandart.eu\/wp-content\/uploads\/2023\/11\/DSC4436.jpg","datePublished":"2023-05-03T15:46:16+00:00","dateModified":"2024-01-27T08:46:26+00:00","breadcrumb":{"@id":"https:\/\/shtandart.eu\/reception-aboard\/#breadcrumb"},"inLanguage":"fr-FR","potentialAction":[{"@type":"ReadAction","target":["https:\/\/shtandart.eu\/reception-aboard\/"]}]},{"@type":"ImageObject","inLanguage":"fr-FR","@id":"https:\/\/shtandart.eu\/reception-aboard\/#primaryimage","url":"http:\/\/shtandart.eu\/wp-content\/uploads\/2023\/11\/DSC4436.jpg","contentUrl":"http:\/\/shtandart.eu\/wp-content\/uploads\/2023\/11\/DSC4436.jpg"},{"@type":"BreadcrumbList","@id":"https:\/\/shtandart.eu\/reception-aboard\/#breadcrumb","itemListElement":[{"@type":"ListItem","position":1,"name":"Home","item":"https:\/\/shtandart.eu\/"},{"@type":"ListItem","position":2,"name":"Reception on board"}]},{"@type":"WebSite","@id":"https:\/\/shtandart.eu\/#website","url":"https:\/\/shtandart.eu\/","name":"Shtandart","description":"","publisher":{"@id":"https:\/\/shtandart.eu\/#organization"},"potentialAction":[{"@type":"SearchAction","target":{"@type":"EntryPoint","urlTemplate":"https:\/\/shtandart.eu\/?s={search_term_string}"},"query-input":{"@type":"PropertyValueSpecification","valueRequired":true,"valueName":"search_term_string"}}],"inLanguage":"fr-FR"},{"@type":"Organization","@id":"https:\/\/shtandart.eu\/#organization","name":"Shtandart","url":"https:\/\/shtandart.eu\/","logo":{"@type":"ImageObject","inLanguage":"fr-FR","@id":"https:\/\/shtandart.eu\/#\/schema\/logo\/image\/","url":"https:\/\/shtandart.eu\/wp-content\/uploads\/2023\/12\/\u0411\u0435\u0437-\u0438\u043c\u0435\u043d\u0438-2.png","contentUrl":"https:\/\/shtandart.eu\/wp-content\/uploads\/2023\/12\/\u0411\u0435\u0437-\u0438\u043c\u0435\u043d\u0438-2.png","width":512,"height":511,"caption":"Shtandart"},"image":{"@id":"https:\/\/shtandart.eu\/#\/schema\/logo\/image\/"},"sameAs":["https:\/\/www.facebook.com\/Frigate.Shtandart\/"]}]}},"_links":{"self":[{"href":"https:\/\/shtandart.eu\/fr\/wp-json\/wp\/v2\/pages\/1432","targetHints":{"allow":["GET"]}}],"collection":[{"href":"https:\/\/shtandart.eu\/fr\/wp-json\/wp\/v2\/pages"}],"about":[{"href":"https:\/\/shtandart.eu\/fr\/wp-json\/wp\/v2\/types\/page"}],"author":[{"embeddable":true,"href":"https:\/\/shtandart.eu\/fr\/wp-json\/wp\/v2\/users\/990017"}],"replies":[{"embeddable":true,"href":"https:\/\/shtandart.eu\/fr\/wp-json\/wp\/v2\/comments?post=1432"}],"version-history":[{"count":2,"href":"https:\/\/shtandart.eu\/fr\/wp-json\/wp\/v2\/pages\/1432\/revisions"}],"predecessor-version":[{"id":2796,"href":"https:\/\/shtandart.eu\/fr\/wp-json\/wp\/v2\/pages\/1432\/revisions\/2796"}],"wp:attachment":[{"href":"https:\/\/shtandart.eu\/fr\/wp-json\/wp\/v2\/media?parent=1432"}],"curies":[{"name":"wp","href":"https:\/\/api.w.org\/{rel}","templated":true}]}}