{"id":1290,"date":"2023-02-13T17:20:39","date_gmt":"2023-02-13T16:20:39","guid":{"rendered":"https:\/\/shtandart.xyz\/?page_id=1290"},"modified":"2025-10-16T14:54:01","modified_gmt":"2025-10-16T12:54:01","slug":"filming-opportunities","status":"publish","type":"page","link":"https:\/\/shtandart.eu\/fr\/filming-opportunities\/","title":{"rendered":"Opportunit\u00e9s de tournage"},"content":{"rendered":"<p><strong>Nous serons ravis de vous offrir la possibilit\u00e9 de r\u00e9aliser vos projets de films documentaires, historiques, d'aventure ou de science-fiction \u00e0 bord de la r\u00e9plique exacte de la fr\u00e9gate Shtandart, construite en 1703 sous le r\u00e8gne de Pierre le Grand.&nbsp;<\/strong><\/p>\n\n\n\n<figure class=\"wp-block-image size-large\"><img loading=\"lazy\" decoding=\"async\" width=\"1024\" height=\"678\" src=\"http:\/\/shtandart.eu\/wp-content\/uploads\/2023\/10\/DSC_3708-1024x678.jpg\" alt=\"\" class=\"wp-image-1822\" srcset=\"https:\/\/shtandart.eu\/wp-content\/uploads\/2023\/10\/DSC_3708-1024x678.jpg 1024w, https:\/\/shtandart.eu\/wp-content\/uploads\/2023\/10\/DSC_3708-300x199.jpg 300w, https:\/\/shtandart.eu\/wp-content\/uploads\/2023\/10\/DSC_3708-768x509.jpg 768w, https:\/\/shtandart.eu\/wp-content\/uploads\/2023\/10\/DSC_3708-18x12.jpg 18w, https:\/\/shtandart.eu\/wp-content\/uploads\/2023\/10\/DSC_3708-600x398.jpg 600w, https:\/\/shtandart.eu\/wp-content\/uploads\/2023\/10\/DSC_3708.jpg 1280w\" sizes=\"auto, (max-width: 1024px) 100vw, 1024px\" \/><\/figure>\n\n\n\n<p><strong>Points cl\u00e9s et moments forts :&nbsp;<\/strong><\/p>\n\n\n\n<p>La r\u00e9plique exacte du Shtandart a \u00e9t\u00e9 construite en utilisant des mat\u00e9riaux, des techniques et des m\u00e9thodes authentiques de l'\u00e8re de Pierre le Grand.&nbsp;<\/p>\n\n\n\n<p>L'int\u00e9rieur du navire est caract\u00e9ristique de l'\u00e9poque, avec des sculptures et des d\u00e9tails d\u00e9coratifs enti\u00e8rement faits \u00e0 la main, suivant les conceptions et motifs originaux de l'\u00e9poque ;&nbsp;<\/p>\n\n\n\n<p>Les \u00e9quipements modernes sont enti\u00e8rement dissimul\u00e9s ;&nbsp;<\/p>\n\n\n\n<p>Les canons et l'\u00e9quipement d'artillerie, les seaux et les outils de menuiserie, la vaisselle, les hamacs et d'autres articles \u00e0 bord ont \u00e9t\u00e9 soigneusement recr\u00e9\u00e9s pour repr\u00e9senter avec pr\u00e9cision l'\u00e8re historique ;&nbsp;<\/p>\n\n\n\n<p>Les canons sont en parfait \u00e9tat de fonctionnement, pr\u00eats \u00e0 \u00eatre utilis\u00e9s ;&nbsp;<\/p>\n\n\n\n<p>Le tournage sur place \u00e9vite la n\u00e9cessit\u00e9 de concevoir et de construire des d\u00e9cors et accessoires sp\u00e9ciaux.&nbsp;<\/p>\n\n\n\n<p class=\" translation-block\">Filmer \u00e0 bord d'un v\u00e9ritable navire offre la possibilit\u00e9 de r\u00e9aliser des gros plans des acteurs et des parties du navire dans les sc\u00e8nes d'action ; Un bateau sp\u00e9cial est disponible pour filmer la fr\u00e9gate en mouvement avec toutes les voiles d\u00e9ploy\u00e9es ;<br>Plein d'opportunit\u00e9s pour tourner sous tous les angles !<\/p>\n\n\n\n<p><strong>Voici une liste des films auxquels la fr\u00e9gate Shtandart a particip\u00e9 :<\/strong><\/p>\n\n\n\n<p><strong><a href=\"https:\/\/shtandart.eu\/fr\/notes-of-the-secret-chancellerys-courier-2010-2011-russia\/\">Notes du courrier de la chancellerie secr\u00e8te (2010\u20132011, Russie)<\/a><\/strong><br>R\u00e9alis\u00e9 par Oleg Ryaskov. Une s\u00e9rie t\u00e9l\u00e9vis\u00e9e historique bas\u00e9e sur le roman d\u2019Oleg Ryaskov, se d\u00e9roulant dans la Russie du d\u00e9but du XVIIIe si\u00e8cle. La fr\u00e9gate Shtandart joue un r\u00f4le central dans les sc\u00e8nes maritimes.<\/p>\n\n\n\n<p><strong><a href=\"https:\/\/shtandart.eu\/fr\/nova-zembla-2011-netherlands\/\">Nova Zembla (2011, Pays-Bas)<\/a><\/strong><br>R\u00e9alis\u00e9 par Reinout Oerlemans. Premier long-m\u00e9trage n\u00e9erlandais tourn\u00e9 en 3D, retra\u00e7ant l\u2019exp\u00e9dition arctique de Willem Barentsz. Le Shtandart a servi de doublure pour un navire hollandais du XVIe si\u00e8cle, apportant un r\u00e9alisme aux sc\u00e8nes d\u2019exploration polaire.<\/p>\n\n\n\n<p><strong><a href=\"https:\/\/shtandart.eu\/fr\/admiral-michiel-de-ruyter-2015-netherlands\/\">Admiral (Michiel de Ruyter, 2015, Pays-Bas)<\/a><\/strong><br>R\u00e9alis\u00e9 par Roel Rein\u00e9. Une grande fresque historique sur le h\u00e9ros naval n\u00e9erlandais Michiel de Ruyter. Le Shtandart a \u00e9t\u00e9 utilis\u00e9 pour repr\u00e9senter les navires de guerre du XVIIe si\u00e8cle.<\/p>\n\n\n\n<p><strong><a href=\"https:\/\/shtandart.eu\/fr\/peter-wendy-2015-uk\/\">Peter and Wendy (2015, Royaume-Uni)<\/a><\/strong><br>R\u00e9alis\u00e9 par Diarmuid Lawrence, sc\u00e9nario d\u2019Adrian Hodges. T\u00e9l\u00e9film adapt\u00e9 de Peter Pan de J.M. Barrie, m\u00ealant drame hospitalier contemporain et monde fantastique du Pays imaginaire. Le Shtandart appara\u00eet comme le navire pirate du capitaine Crochet.<\/p>\n\n\n\n<p><strong><a href=\"https:\/\/shtandart.eu\/fr\/22-angeles-2016\/\">22 \u00c1ngeles (2016, Espagne)<\/a><\/strong><br>R\u00e9alis\u00e9 par Miguel Bardem, sc\u00e9nario d\u2019Alicia Luna. Un t\u00e9l\u00e9film historique sur l\u2019exp\u00e9dition Balmis, qui transporta le vaccin contre la variole \u00e0 travers l\u2019Atlantique. Le Shtandart a \u00e9t\u00e9 utilis\u00e9 pour les sc\u00e8nes de navigation de l\u2019exp\u00e9dition espagnole.<\/p>\n\n\n\n<p><strong><a href=\"https:\/\/shtandart.eu\/fr\/la-fortuna-2021\/\">La Fortuna (2021, Espagne\/\u00c9tats-Unis)<\/a><\/strong><br>R\u00e9alis\u00e9 par Alejandro Amen\u00e1bar, \u00e9crit par Amen\u00e1bar et Alejandro Hern\u00e1ndez, bas\u00e9 sur le roman graphique El tesoro del Cisne Negro de Paco Roca et Guillermo Corral. Une mini-s\u00e9rie hispano-am\u00e9ricaine en six \u00e9pisodes m\u00ealant aventure et drame politique. Deux grands voiliers ont particip\u00e9 au tournage : la fr\u00e9gate \u00c9toile du Roy et la fr\u00e9gate Shtandart, apportant un r\u00e9alisme historique aux s\u00e9quences maritimes.<\/p>\n\n\n\n<p><strong>Sp\u00e9cifications techniques du navire :&nbsp;<\/strong><\/p>\n\n\n\n<p class=\" translation-block\">Longueur (avec le bout dehors) - 34.5 m \u00a0<br>\nLongueur sur le pont - 25.5 m\u00a0<br>\nLargeur maximale - 7 m\u00a0<br>\nTirant d'eau - 3,3 m\u00a0<br>\nTonnage - 220 t\u00a0<br>\nHauteur maximale des m\u00e2ts - 33 m\u00a0<br>\nCoque - ch\u00eane et m\u00e9l\u00e8ze\u00a0<br>\nM\u00e2ts - pin pour la construction navale\u00a0<br>\nMoteurs - Volvo Penta TAMD 122P, 2 x 560 \u00a0chevaux \u00a0<br>\nG\u00e9n\u00e9rateur \u00e9lectrique - (220V), 32 kWt\u00a0<br><\/p>\n\n\n\n<p class=\" translation-block\">Contactez-nous (<a href=\"mailto:voyage@shtandart.eu\" target=\"_self\">voyage@shtandart.eu<\/a>) pour plus de d\u00e9tails!<\/p>","protected":false},"excerpt":{"rendered":"<p>We\u2019ll be very glad to provide your team with the opportunity to do filming for documentary, historical, adventure or sci-fi projects onboard the exact replica of Peter the Great\u2019s 1703 built frigate Shtandart.&nbsp; Key points and highlights:&nbsp; The exact replica Shtandart was built using authentic materials, methods and techniques of the Peter the Great era;&nbsp; [&hellip;]<\/p>","protected":false},"author":990011,"featured_media":0,"parent":0,"menu_order":0,"comment_status":"closed","ping_status":"closed","template":"","meta":{"_themeisle_gutenberg_block_has_review":false,"footnotes":""},"class_list":["post-1290","page","type-page","status-publish","hentry"],"yoast_head":"<!-- This site is optimized with the Yoast SEO plugin v25.5 - https:\/\/yoast.com\/wordpress\/plugins\/seo\/ -->\n<title>Filming opportunities - Shtandart<\/title>\n<meta name=\"robots\" content=\"index, follow, max-snippet:-1, max-image-preview:large, max-video-preview:-1\" \/>\n<link rel=\"canonical\" href=\"https:\/\/shtandart.eu\/fr\/filming-opportunities\/\" \/>\n<meta property=\"og:locale\" content=\"fr_FR\" \/>\n<meta property=\"og:type\" content=\"article\" \/>\n<meta property=\"og:title\" content=\"Filming opportunities - Shtandart\" \/>\n<meta property=\"og:description\" content=\"We\u2019ll be very glad to provide your team with the opportunity to do filming for documentary, historical, adventure or sci-fi projects onboard the exact replica of Peter the Great\u2019s 1703 built frigate Shtandart.&nbsp; Key points and highlights:&nbsp; The exact replica Shtandart was built using authentic materials, methods and techniques of the Peter the Great era;&nbsp; [&hellip;]\" \/>\n<meta property=\"og:url\" content=\"https:\/\/shtandart.eu\/fr\/filming-opportunities\/\" \/>\n<meta property=\"og:site_name\" content=\"Shtandart\" \/>\n<meta property=\"article:publisher\" content=\"https:\/\/www.facebook.com\/Frigate.Shtandart\/\" \/>\n<meta property=\"article:modified_time\" content=\"2025-10-16T12:54:01+00:00\" \/>\n<meta property=\"og:image\" content=\"http:\/\/shtandart.eu\/wp-content\/uploads\/2023\/10\/DSC_3708-1024x678.jpg\" \/>\n<meta name=\"twitter:card\" content=\"summary_large_image\" \/>\n<meta name=\"twitter:label1\" content=\"Dur\u00e9e de lecture estim\u00e9e\" \/>\n\t<meta name=\"twitter:data1\" content=\"3 minutes\" \/>\n<script type=\"application\/ld+json\" class=\"yoast-schema-graph\">{\"@context\":\"https:\/\/schema.org\",\"@graph\":[{\"@type\":\"WebPage\",\"@id\":\"https:\/\/shtandart.eu\/filming-opportunities\/\",\"url\":\"https:\/\/shtandart.eu\/filming-opportunities\/\",\"name\":\"Filming opportunities - Shtandart\",\"isPartOf\":{\"@id\":\"https:\/\/shtandart.eu\/#website\"},\"primaryImageOfPage\":{\"@id\":\"https:\/\/shtandart.eu\/filming-opportunities\/#primaryimage\"},\"image\":{\"@id\":\"https:\/\/shtandart.eu\/filming-opportunities\/#primaryimage\"},\"thumbnailUrl\":\"http:\/\/shtandart.eu\/wp-content\/uploads\/2023\/10\/DSC_3708-1024x678.jpg\",\"datePublished\":\"2023-02-13T16:20:39+00:00\",\"dateModified\":\"2025-10-16T12:54:01+00:00\",\"breadcrumb\":{\"@id\":\"https:\/\/shtandart.eu\/filming-opportunities\/#breadcrumb\"},\"inLanguage\":\"fr-FR\",\"potentialAction\":[{\"@type\":\"ReadAction\",\"target\":[\"https:\/\/shtandart.eu\/filming-opportunities\/\"]}]},{\"@type\":\"ImageObject\",\"inLanguage\":\"fr-FR\",\"@id\":\"https:\/\/shtandart.eu\/filming-opportunities\/#primaryimage\",\"url\":\"http:\/\/shtandart.eu\/wp-content\/uploads\/2023\/10\/DSC_3708-1024x678.jpg\",\"contentUrl\":\"http:\/\/shtandart.eu\/wp-content\/uploads\/2023\/10\/DSC_3708-1024x678.jpg\"},{\"@type\":\"BreadcrumbList\",\"@id\":\"https:\/\/shtandart.eu\/filming-opportunities\/#breadcrumb\",\"itemListElement\":[{\"@type\":\"ListItem\",\"position\":1,\"name\":\"Home\",\"item\":\"https:\/\/shtandart.eu\/\"},{\"@type\":\"ListItem\",\"position\":2,\"name\":\"Filming opportunities\"}]},{\"@type\":\"WebSite\",\"@id\":\"https:\/\/shtandart.eu\/#website\",\"url\":\"https:\/\/shtandart.eu\/\",\"name\":\"Shtandart\",\"description\":\"\",\"publisher\":{\"@id\":\"https:\/\/shtandart.eu\/#organization\"},\"potentialAction\":[{\"@type\":\"SearchAction\",\"target\":{\"@type\":\"EntryPoint\",\"urlTemplate\":\"https:\/\/shtandart.eu\/?s={search_term_string}\"},\"query-input\":{\"@type\":\"PropertyValueSpecification\",\"valueRequired\":true,\"valueName\":\"search_term_string\"}}],\"inLanguage\":\"fr-FR\"},{\"@type\":\"Organization\",\"@id\":\"https:\/\/shtandart.eu\/#organization\",\"name\":\"Shtandart\",\"url\":\"https:\/\/shtandart.eu\/\",\"logo\":{\"@type\":\"ImageObject\",\"inLanguage\":\"fr-FR\",\"@id\":\"https:\/\/shtandart.eu\/#\/schema\/logo\/image\/\",\"url\":\"https:\/\/shtandart.eu\/wp-content\/uploads\/2023\/12\/\u0411\u0435\u0437-\u0438\u043c\u0435\u043d\u0438-2.png\",\"contentUrl\":\"https:\/\/shtandart.eu\/wp-content\/uploads\/2023\/12\/\u0411\u0435\u0437-\u0438\u043c\u0435\u043d\u0438-2.png\",\"width\":512,\"height\":511,\"caption\":\"Shtandart\"},\"image\":{\"@id\":\"https:\/\/shtandart.eu\/#\/schema\/logo\/image\/\"},\"sameAs\":[\"https:\/\/www.facebook.com\/Frigate.Shtandart\/\"]}]}<\/script>\n<!-- \/ Yoast SEO plugin. -->","yoast_head_json":{"title":"Filming opportunities - Shtandart","robots":{"index":"index","follow":"follow","max-snippet":"max-snippet:-1","max-image-preview":"max-image-preview:large","max-video-preview":"max-video-preview:-1"},"canonical":"https:\/\/shtandart.eu\/fr\/filming-opportunities\/","og_locale":"fr_FR","og_type":"article","og_title":"Filming opportunities - Shtandart","og_description":"We\u2019ll be very glad to provide your team with the opportunity to do filming for documentary, historical, adventure or sci-fi projects onboard the exact replica of Peter the Great\u2019s 1703 built frigate Shtandart.&nbsp; Key points and highlights:&nbsp; The exact replica Shtandart was built using authentic materials, methods and techniques of the Peter the Great era;&nbsp; [&hellip;]","og_url":"https:\/\/shtandart.eu\/fr\/filming-opportunities\/","og_site_name":"Shtandart","article_publisher":"https:\/\/www.facebook.com\/Frigate.Shtandart\/","article_modified_time":"2025-10-16T12:54:01+00:00","og_image":[{"url":"http:\/\/shtandart.eu\/wp-content\/uploads\/2023\/10\/DSC_3708-1024x678.jpg","type":"","width":"","height":""}],"twitter_card":"summary_large_image","twitter_misc":{"Dur\u00e9e de lecture estim\u00e9e":"3 minutes"},"schema":{"@context":"https:\/\/schema.org","@graph":[{"@type":"WebPage","@id":"https:\/\/shtandart.eu\/filming-opportunities\/","url":"https:\/\/shtandart.eu\/filming-opportunities\/","name":"Filming opportunities - Shtandart","isPartOf":{"@id":"https:\/\/shtandart.eu\/#website"},"primaryImageOfPage":{"@id":"https:\/\/shtandart.eu\/filming-opportunities\/#primaryimage"},"image":{"@id":"https:\/\/shtandart.eu\/filming-opportunities\/#primaryimage"},"thumbnailUrl":"http:\/\/shtandart.eu\/wp-content\/uploads\/2023\/10\/DSC_3708-1024x678.jpg","datePublished":"2023-02-13T16:20:39+00:00","dateModified":"2025-10-16T12:54:01+00:00","breadcrumb":{"@id":"https:\/\/shtandart.eu\/filming-opportunities\/#breadcrumb"},"inLanguage":"fr-FR","potentialAction":[{"@type":"ReadAction","target":["https:\/\/shtandart.eu\/filming-opportunities\/"]}]},{"@type":"ImageObject","inLanguage":"fr-FR","@id":"https:\/\/shtandart.eu\/filming-opportunities\/#primaryimage","url":"http:\/\/shtandart.eu\/wp-content\/uploads\/2023\/10\/DSC_3708-1024x678.jpg","contentUrl":"http:\/\/shtandart.eu\/wp-content\/uploads\/2023\/10\/DSC_3708-1024x678.jpg"},{"@type":"BreadcrumbList","@id":"https:\/\/shtandart.eu\/filming-opportunities\/#breadcrumb","itemListElement":[{"@type":"ListItem","position":1,"name":"Home","item":"https:\/\/shtandart.eu\/"},{"@type":"ListItem","position":2,"name":"Filming opportunities"}]},{"@type":"WebSite","@id":"https:\/\/shtandart.eu\/#website","url":"https:\/\/shtandart.eu\/","name":"Shtandart","description":"","publisher":{"@id":"https:\/\/shtandart.eu\/#organization"},"potentialAction":[{"@type":"SearchAction","target":{"@type":"EntryPoint","urlTemplate":"https:\/\/shtandart.eu\/?s={search_term_string}"},"query-input":{"@type":"PropertyValueSpecification","valueRequired":true,"valueName":"search_term_string"}}],"inLanguage":"fr-FR"},{"@type":"Organization","@id":"https:\/\/shtandart.eu\/#organization","name":"Shtandart","url":"https:\/\/shtandart.eu\/","logo":{"@type":"ImageObject","inLanguage":"fr-FR","@id":"https:\/\/shtandart.eu\/#\/schema\/logo\/image\/","url":"https:\/\/shtandart.eu\/wp-content\/uploads\/2023\/12\/\u0411\u0435\u0437-\u0438\u043c\u0435\u043d\u0438-2.png","contentUrl":"https:\/\/shtandart.eu\/wp-content\/uploads\/2023\/12\/\u0411\u0435\u0437-\u0438\u043c\u0435\u043d\u0438-2.png","width":512,"height":511,"caption":"Shtandart"},"image":{"@id":"https:\/\/shtandart.eu\/#\/schema\/logo\/image\/"},"sameAs":["https:\/\/www.facebook.com\/Frigate.Shtandart\/"]}]}},"_links":{"self":[{"href":"https:\/\/shtandart.eu\/fr\/wp-json\/wp\/v2\/pages\/1290","targetHints":{"allow":["GET"]}}],"collection":[{"href":"https:\/\/shtandart.eu\/fr\/wp-json\/wp\/v2\/pages"}],"about":[{"href":"https:\/\/shtandart.eu\/fr\/wp-json\/wp\/v2\/types\/page"}],"author":[{"embeddable":true,"href":"https:\/\/shtandart.eu\/fr\/wp-json\/wp\/v2\/users\/990011"}],"replies":[{"embeddable":true,"href":"https:\/\/shtandart.eu\/fr\/wp-json\/wp\/v2\/comments?post=1290"}],"version-history":[{"count":10,"href":"https:\/\/shtandart.eu\/fr\/wp-json\/wp\/v2\/pages\/1290\/revisions"}],"predecessor-version":[{"id":4966,"href":"https:\/\/shtandart.eu\/fr\/wp-json\/wp\/v2\/pages\/1290\/revisions\/4966"}],"wp:attachment":[{"href":"https:\/\/shtandart.eu\/fr\/wp-json\/wp\/v2\/media?parent=1290"}],"curies":[{"name":"wp","href":"https:\/\/api.w.org\/{rel}","templated":true}]}}