{"id":1287,"date":"2023-02-13T16:49:45","date_gmt":"2023-02-13T15:49:45","guid":{"rendered":"https:\/\/shtandart.xyz\/?page_id=1287"},"modified":"2025-09-01T19:37:58","modified_gmt":"2025-09-01T17:37:58","slug":"support","status":"publish","type":"page","link":"https:\/\/shtandart.eu\/fr\/support\/","title":{"rendered":"Sponsors \/ Dons"},"content":{"rendered":"<p>Depuis le tout d\u00e9but, Shtandart a \u00e9t\u00e9 un projet enti\u00e8rement b\u00e9n\u00e9vole, n\u00e9 du r\u00eave de construire un navire historique. Il a d'abord \u00e9t\u00e9 port\u00e9 par un petit groupe d'enthousiastes, puis par un nombre croissant de personnes. D\u00e9sormais, nous savons que la r\u00e9alisation d'un v\u00e9ritable r\u00eave est possible, comme en t\u00e9moigne la cr\u00e9ation du Shtandart. Nous exprimons notre gratitude envers tous ceux qui ont contribu\u00e9 \u00e0 la construction de ce navire et qui continuent \u00e0 \u0153uvrer pour pr\u00e9server ce magnifique voilier en bon \u00e9tat.<\/p>\n\n\n\n<figure class=\"wp-block-image size-large\"><img loading=\"lazy\" decoding=\"async\" width=\"1024\" height=\"683\" src=\"https:\/\/shtandart.xyz\/wp-content\/uploads\/2023\/10\/T5A4257-1024x683.jpg\" alt=\"\" class=\"wp-image-2003\" srcset=\"https:\/\/shtandart.eu\/wp-content\/uploads\/2023\/10\/T5A4257-1024x683.jpg 1024w, https:\/\/shtandart.eu\/wp-content\/uploads\/2023\/10\/T5A4257-300x200.jpg 300w, https:\/\/shtandart.eu\/wp-content\/uploads\/2023\/10\/T5A4257-768x512.jpg 768w, https:\/\/shtandart.eu\/wp-content\/uploads\/2023\/10\/T5A4257-1536x1024.jpg 1536w, https:\/\/shtandart.eu\/wp-content\/uploads\/2023\/10\/T5A4257-18x12.jpg 18w, https:\/\/shtandart.eu\/wp-content\/uploads\/2023\/10\/T5A4257-600x400.jpg 600w, https:\/\/shtandart.eu\/wp-content\/uploads\/2023\/10\/T5A4257.jpg 1620w\" sizes=\"auto, (max-width: 1024px) 100vw, 1024px\" \/><\/figure>\n\n\n\n<p>Apr\u00e8s plus de 20 ans de navigation, il est devenu \u00e9vident d\u00e8s la premi\u00e8re ann\u00e9e d'exploitation du Shtandart que des financements suppl\u00e9mentaires \u00e9taient n\u00e9cessaires pour garantir un bon fonctionnement, une gestion convenable et un entretien professionnel.&nbsp;<\/p>\n\n\n\n<p>Aujourd'hui, notre projet est financ\u00e9 par trois sources :<\/p>\n\n\n\n<ol class=\"wp-block-list\">\n<li>Par des dons financiers et mat\u00e9riels provenant de soci\u00e9t\u00e9s, de fondations, d'organisations et de particuliers.&nbsp;<\/li>\n\n\n\n<li>Revenus g\u00e9n\u00e9r\u00e9s par les tournages, les \u00e9v\u00e9nements de rassemblements de grands voiliers, les festivals maritimes, les visiteurs et les stagiaires \u00e0 bord du navire.&nbsp;<\/li>\n\n\n\n<li>Par la vente de souvenirs.&nbsp;<\/li>\n<\/ol>\n\n\n\n<p>Ensemble avec d'autres amis du projet, vous pouvez prendre part \u00e0 la pr\u00e9servation des traditions des aventures en mer \u00e0 bord d'un v\u00e9ritable voilier et nous aider \u00e0 transmettre les connaissances de la navigation historique aux g\u00e9n\u00e9rations futures.<\/p>\n\n\n\n<p>Vous pouvez aider le projet Shtandart de multiples fa\u00e7ons, allant du sponsoring d'un hamac \u00e0 la donation de moteurs (comme dans le cas de Volvo !). Bien s\u00fbr, nous n'attendons pas d'autres moteurs, mais l'aide au projet peut prendre presque n'importe quelle forme.<\/p>\n\n\n\n<p class=\" translation-block\">Ceux qui sont int\u00e9ress\u00e9s sont cordialement invit\u00e9s \u00e0 soutenir le projet. (Contactez-nous  \u00e0 l'adresse <a href=\"mailto:voyage@shtandart.eu\" target=\"_self\">voyage@shtandart.eu<\/a> pour plus de d\u00e9tails).<\/p>","protected":false},"excerpt":{"rendered":"<p>From the very beginning, Shtandart was a fully volunteer project, born as the dream of a historic ship. It started with a small group of enthusiasts and grew as more people joined in. Now, we know that a true dream is achievable, as exemplified by the creation of the frigate Shtandart. We express our gratitude [&hellip;]<\/p>","protected":false},"author":990011,"featured_media":0,"parent":0,"menu_order":0,"comment_status":"closed","ping_status":"closed","template":"blog-donations.php","meta":{"_themeisle_gutenberg_block_has_review":false,"footnotes":""},"class_list":["post-1287","page","type-page","status-publish","hentry"],"yoast_head":"<!-- This site is optimized with the Yoast SEO plugin v25.5 - https:\/\/yoast.com\/wordpress\/plugins\/seo\/ -->\n<title>Sponsorship \/ Donations - Shtandart<\/title>\n<meta name=\"robots\" content=\"index, follow, max-snippet:-1, max-image-preview:large, max-video-preview:-1\" \/>\n<link rel=\"canonical\" href=\"https:\/\/shtandart.eu\/fr\/support\/\" \/>\n<meta property=\"og:locale\" content=\"fr_FR\" \/>\n<meta property=\"og:type\" content=\"article\" \/>\n<meta property=\"og:title\" content=\"Sponsorship \/ Donations - Shtandart\" \/>\n<meta property=\"og:description\" content=\"From the very beginning, Shtandart was a fully volunteer project, born as the dream of a historic ship. It started with a small group of enthusiasts and grew as more people joined in. Now, we know that a true dream is achievable, as exemplified by the creation of the frigate Shtandart. We express our gratitude [&hellip;]\" \/>\n<meta property=\"og:url\" content=\"https:\/\/shtandart.eu\/fr\/support\/\" \/>\n<meta property=\"og:site_name\" content=\"Shtandart\" \/>\n<meta property=\"article:publisher\" content=\"https:\/\/www.facebook.com\/Frigate.Shtandart\/\" \/>\n<meta property=\"article:modified_time\" content=\"2025-09-01T17:37:58+00:00\" \/>\n<meta property=\"og:image\" content=\"https:\/\/shtandart.eu\/wp-content\/uploads\/2023\/10\/T5A4257.jpg\" \/>\n\t<meta property=\"og:image:width\" content=\"1620\" \/>\n\t<meta property=\"og:image:height\" content=\"1080\" \/>\n\t<meta property=\"og:image:type\" content=\"image\/jpeg\" \/>\n<meta name=\"twitter:card\" content=\"summary_large_image\" \/>\n<meta name=\"twitter:label1\" content=\"Dur\u00e9e de lecture estim\u00e9e\" \/>\n\t<meta name=\"twitter:data1\" content=\"2 minutes\" \/>\n<script type=\"application\/ld+json\" class=\"yoast-schema-graph\">{\"@context\":\"https:\/\/schema.org\",\"@graph\":[{\"@type\":\"WebPage\",\"@id\":\"https:\/\/shtandart.eu\/support\/\",\"url\":\"https:\/\/shtandart.eu\/support\/\",\"name\":\"Sponsorship \/ Donations - Shtandart\",\"isPartOf\":{\"@id\":\"https:\/\/shtandart.eu\/#website\"},\"primaryImageOfPage\":{\"@id\":\"https:\/\/shtandart.eu\/support\/#primaryimage\"},\"image\":{\"@id\":\"https:\/\/shtandart.eu\/support\/#primaryimage\"},\"thumbnailUrl\":\"https:\/\/shtandart.xyz\/wp-content\/uploads\/2023\/10\/T5A4257-1024x683.jpg\",\"datePublished\":\"2023-02-13T15:49:45+00:00\",\"dateModified\":\"2025-09-01T17:37:58+00:00\",\"breadcrumb\":{\"@id\":\"https:\/\/shtandart.eu\/support\/#breadcrumb\"},\"inLanguage\":\"fr-FR\",\"potentialAction\":[{\"@type\":\"ReadAction\",\"target\":[\"https:\/\/shtandart.eu\/support\/\"]}]},{\"@type\":\"ImageObject\",\"inLanguage\":\"fr-FR\",\"@id\":\"https:\/\/shtandart.eu\/support\/#primaryimage\",\"url\":\"https:\/\/shtandart.xyz\/wp-content\/uploads\/2023\/10\/T5A4257-1024x683.jpg\",\"contentUrl\":\"https:\/\/shtandart.xyz\/wp-content\/uploads\/2023\/10\/T5A4257-1024x683.jpg\"},{\"@type\":\"BreadcrumbList\",\"@id\":\"https:\/\/shtandart.eu\/support\/#breadcrumb\",\"itemListElement\":[{\"@type\":\"ListItem\",\"position\":1,\"name\":\"Home\",\"item\":\"https:\/\/shtandart.eu\/\"},{\"@type\":\"ListItem\",\"position\":2,\"name\":\"Sponsorship \/ Donations\"}]},{\"@type\":\"WebSite\",\"@id\":\"https:\/\/shtandart.eu\/#website\",\"url\":\"https:\/\/shtandart.eu\/\",\"name\":\"Shtandart\",\"description\":\"\",\"publisher\":{\"@id\":\"https:\/\/shtandart.eu\/#organization\"},\"potentialAction\":[{\"@type\":\"SearchAction\",\"target\":{\"@type\":\"EntryPoint\",\"urlTemplate\":\"https:\/\/shtandart.eu\/?s={search_term_string}\"},\"query-input\":{\"@type\":\"PropertyValueSpecification\",\"valueRequired\":true,\"valueName\":\"search_term_string\"}}],\"inLanguage\":\"fr-FR\"},{\"@type\":\"Organization\",\"@id\":\"https:\/\/shtandart.eu\/#organization\",\"name\":\"Shtandart\",\"url\":\"https:\/\/shtandart.eu\/\",\"logo\":{\"@type\":\"ImageObject\",\"inLanguage\":\"fr-FR\",\"@id\":\"https:\/\/shtandart.eu\/#\/schema\/logo\/image\/\",\"url\":\"https:\/\/shtandart.eu\/wp-content\/uploads\/2023\/12\/\u0411\u0435\u0437-\u0438\u043c\u0435\u043d\u0438-2.png\",\"contentUrl\":\"https:\/\/shtandart.eu\/wp-content\/uploads\/2023\/12\/\u0411\u0435\u0437-\u0438\u043c\u0435\u043d\u0438-2.png\",\"width\":512,\"height\":511,\"caption\":\"Shtandart\"},\"image\":{\"@id\":\"https:\/\/shtandart.eu\/#\/schema\/logo\/image\/\"},\"sameAs\":[\"https:\/\/www.facebook.com\/Frigate.Shtandart\/\"]}]}<\/script>\n<!-- \/ Yoast SEO plugin. -->","yoast_head_json":{"title":"Sponsorship \/ Donations - Shtandart","robots":{"index":"index","follow":"follow","max-snippet":"max-snippet:-1","max-image-preview":"max-image-preview:large","max-video-preview":"max-video-preview:-1"},"canonical":"https:\/\/shtandart.eu\/fr\/support\/","og_locale":"fr_FR","og_type":"article","og_title":"Sponsorship \/ Donations - Shtandart","og_description":"From the very beginning, Shtandart was a fully volunteer project, born as the dream of a historic ship. It started with a small group of enthusiasts and grew as more people joined in. Now, we know that a true dream is achievable, as exemplified by the creation of the frigate Shtandart. We express our gratitude [&hellip;]","og_url":"https:\/\/shtandart.eu\/fr\/support\/","og_site_name":"Shtandart","article_publisher":"https:\/\/www.facebook.com\/Frigate.Shtandart\/","article_modified_time":"2025-09-01T17:37:58+00:00","og_image":[{"width":1620,"height":1080,"url":"https:\/\/shtandart.eu\/wp-content\/uploads\/2023\/10\/T5A4257.jpg","type":"image\/jpeg"}],"twitter_card":"summary_large_image","twitter_misc":{"Dur\u00e9e de lecture estim\u00e9e":"2 minutes"},"schema":{"@context":"https:\/\/schema.org","@graph":[{"@type":"WebPage","@id":"https:\/\/shtandart.eu\/support\/","url":"https:\/\/shtandart.eu\/support\/","name":"Sponsorship \/ Donations - Shtandart","isPartOf":{"@id":"https:\/\/shtandart.eu\/#website"},"primaryImageOfPage":{"@id":"https:\/\/shtandart.eu\/support\/#primaryimage"},"image":{"@id":"https:\/\/shtandart.eu\/support\/#primaryimage"},"thumbnailUrl":"https:\/\/shtandart.xyz\/wp-content\/uploads\/2023\/10\/T5A4257-1024x683.jpg","datePublished":"2023-02-13T15:49:45+00:00","dateModified":"2025-09-01T17:37:58+00:00","breadcrumb":{"@id":"https:\/\/shtandart.eu\/support\/#breadcrumb"},"inLanguage":"fr-FR","potentialAction":[{"@type":"ReadAction","target":["https:\/\/shtandart.eu\/support\/"]}]},{"@type":"ImageObject","inLanguage":"fr-FR","@id":"https:\/\/shtandart.eu\/support\/#primaryimage","url":"https:\/\/shtandart.xyz\/wp-content\/uploads\/2023\/10\/T5A4257-1024x683.jpg","contentUrl":"https:\/\/shtandart.xyz\/wp-content\/uploads\/2023\/10\/T5A4257-1024x683.jpg"},{"@type":"BreadcrumbList","@id":"https:\/\/shtandart.eu\/support\/#breadcrumb","itemListElement":[{"@type":"ListItem","position":1,"name":"Home","item":"https:\/\/shtandart.eu\/"},{"@type":"ListItem","position":2,"name":"Sponsorship \/ Donations"}]},{"@type":"WebSite","@id":"https:\/\/shtandart.eu\/#website","url":"https:\/\/shtandart.eu\/","name":"Shtandart","description":"","publisher":{"@id":"https:\/\/shtandart.eu\/#organization"},"potentialAction":[{"@type":"SearchAction","target":{"@type":"EntryPoint","urlTemplate":"https:\/\/shtandart.eu\/?s={search_term_string}"},"query-input":{"@type":"PropertyValueSpecification","valueRequired":true,"valueName":"search_term_string"}}],"inLanguage":"fr-FR"},{"@type":"Organization","@id":"https:\/\/shtandart.eu\/#organization","name":"Shtandart","url":"https:\/\/shtandart.eu\/","logo":{"@type":"ImageObject","inLanguage":"fr-FR","@id":"https:\/\/shtandart.eu\/#\/schema\/logo\/image\/","url":"https:\/\/shtandart.eu\/wp-content\/uploads\/2023\/12\/\u0411\u0435\u0437-\u0438\u043c\u0435\u043d\u0438-2.png","contentUrl":"https:\/\/shtandart.eu\/wp-content\/uploads\/2023\/12\/\u0411\u0435\u0437-\u0438\u043c\u0435\u043d\u0438-2.png","width":512,"height":511,"caption":"Shtandart"},"image":{"@id":"https:\/\/shtandart.eu\/#\/schema\/logo\/image\/"},"sameAs":["https:\/\/www.facebook.com\/Frigate.Shtandart\/"]}]}},"_links":{"self":[{"href":"https:\/\/shtandart.eu\/fr\/wp-json\/wp\/v2\/pages\/1287","targetHints":{"allow":["GET"]}}],"collection":[{"href":"https:\/\/shtandart.eu\/fr\/wp-json\/wp\/v2\/pages"}],"about":[{"href":"https:\/\/shtandart.eu\/fr\/wp-json\/wp\/v2\/types\/page"}],"author":[{"embeddable":true,"href":"https:\/\/shtandart.eu\/fr\/wp-json\/wp\/v2\/users\/990011"}],"replies":[{"embeddable":true,"href":"https:\/\/shtandart.eu\/fr\/wp-json\/wp\/v2\/comments?post=1287"}],"version-history":[{"count":7,"href":"https:\/\/shtandart.eu\/fr\/wp-json\/wp\/v2\/pages\/1287\/revisions"}],"predecessor-version":[{"id":4435,"href":"https:\/\/shtandart.eu\/fr\/wp-json\/wp\/v2\/pages\/1287\/revisions\/4435"}],"wp:attachment":[{"href":"https:\/\/shtandart.eu\/fr\/wp-json\/wp\/v2\/media?parent=1287"}],"curies":[{"name":"wp","href":"https:\/\/api.w.org\/{rel}","templated":true}]}}