{"id":1279,"date":"2023-02-13T15:26:41","date_gmt":"2023-02-13T14:26:41","guid":{"rendered":"https:\/\/shtandart.xyz\/?page_id=1279"},"modified":"2023-11-08T08:15:10","modified_gmt":"2023-11-08T07:15:10","slug":"corporate-events","status":"publish","type":"page","link":"https:\/\/shtandart.eu\/fr\/corporate-events\/","title":{"rendered":"Privatiser"},"content":{"rendered":"<p>If you are looking for an unusual place to hold an event, a reception, a team-building exercise, a lecture, a seminar or even simply a special lunch or dinner with friends, family or colleagues, we would like to offer you an opportunity to have your event onboard our 28-gun 18th century Russian tall-ship!&nbsp;<\/p>\n\n\n\n<p>La fr\u00e9gate Shtandart est une copie exacte du navire historique con\u00e7u par Pierre le Grand en 1703. La r\u00e9plique a \u00e9t\u00e9 construite \u00e0 Saint-P\u00e9tersbourg.&nbsp;<\/p>\n\n\n\n<p>Les techniques authentiques et les m\u00e9thodes de construction utilis\u00e9es pendant la construction du navire, les magnifiques sculptures, la vue de ses voiles puissantes et le son de son gr\u00e9ement majestueux, cr\u00e9eront une impression inoubliable. Les membres de l'\u00e9quipage en uniforme historique apporteront \u00e9galement une touche unique \u00e0 votre \u00e9v\u00e9nement.&nbsp;<\/p>\n\n\n\n<p><strong>Les r\u00e9ceptions peuvent \u00eatre organis\u00e9es \u00e0 bord du navire.<\/strong>. Deck space of 100 sq. meters will comfortably accommodate up to 100 people. Cosy interior, relaxed atmosphere, delicious food and cocktails will help the conversations flow. If you prefer, arrangements can be made to have a caterer of your choice.&nbsp;<\/p>\n\n\n\n<p><strong>Day trips<\/strong>. An exciting event for your group, team or company. Sailing within 5 miles of shore, trips can last from 2 to 8 hours. Maximum number of guests \u2013 100 people. Meals and drinks can be served (buffet-style). Guests will have an opportunity to steer a three-mast historic tall-ship, have a go at working the sails (perhaps with some help from the crew : ) or just take in a magnificent view from the topmast. The feeling is truly amazing!&nbsp;<\/p>\n\n\n\n<p><strong>\u00c9v\u00e9nements de team building<\/strong>. A chance for your colleagues to become crew of Shtandart for a day or two. Team-building doesn\u2019t get better than this! You\u2019ll have to do all the work of running the ship \u2013 setting the sails, keeping watch, plotting the course\u2026 But don\u2019t panic, 7 full-time crew will provide you with safety instructions, necessary training and explanations before you set sail.&nbsp;<\/p>\n\n\n\n<p><strong>D\u00e9jeuner ou d\u00eener avec des amis, de la famille ou des coll\u00e8gues.<\/strong>Menu complet pour le d\u00e9jeuner ou le d\u00eener, pr\u00e9vu pour 25 personnes dans la salle \u00e0 manger ou 12 personnes dans la cabine de l'amiral. La cuisine traditionnelle russe vous r\u00e9serve des surprises d\u00e9licieuses. Une exp\u00e9rience de voyage dans le temps est garantie gr\u00e2ce \u00e0 l'atmosph\u00e8re unique, les costumes et le cadre caract\u00e9ristique du XVIII\u00e8me si\u00e8cle. Nous vous transporterons ais\u00e9ment de plus de 300 ans dans le pass\u00e9 !&nbsp;<\/p>\n\n\n\n<p><strong>Lectures et s\u00e9minaires.<\/strong> held in such an unusual and unique surroundings will encourage thinking more \u2018out of the box\u2019 and perhaps will help see things from a new perspective!<\/p>\n\n\n\n<p><strong>Live action role-playing (LARP) <\/strong>on\u00a0the real sailing ship. The unique atmosphere of the frigate Shtandart will help you plunge directly into the era of sea discoveries and voyages, or the golden age of piracy. With Shtandart your LARP game will become a real exciting adventure that will give you incredible emotions and a lot of fun!<\/p>\n\n\n\n<p><em>For more information, or to book your corporate event with us, please contact us: voyage@shtandart.eu.<\/em><\/p>","protected":false},"excerpt":{"rendered":"<p>If you are looking for an unusual place to hold an event, a reception, a team-building exercise, a lecture, a seminar or even simply a special lunch or dinner with friends, family or colleagues, we would like to offer you an opportunity to have your event onboard our 28-gun 18th century Russian tall-ship!&nbsp; Frigate Shtandart [&hellip;]<\/p>","protected":false},"author":990011,"featured_media":0,"parent":0,"menu_order":0,"comment_status":"closed","ping_status":"closed","template":"","meta":{"_themeisle_gutenberg_block_has_review":false,"footnotes":""},"class_list":["post-1279","page","type-page","status-publish","hentry"],"yoast_head":"<!-- This site is optimized with the Yoast SEO plugin v25.5 - https:\/\/yoast.com\/wordpress\/plugins\/seo\/ -->\n<title>Corporate events - Shtandart<\/title>\n<meta name=\"robots\" content=\"index, follow, max-snippet:-1, max-image-preview:large, max-video-preview:-1\" \/>\n<link rel=\"canonical\" href=\"https:\/\/shtandart.eu\/fr\/corporate-events\/\" \/>\n<meta property=\"og:locale\" content=\"fr_FR\" \/>\n<meta property=\"og:type\" content=\"article\" \/>\n<meta property=\"og:title\" content=\"Corporate events - Shtandart\" \/>\n<meta property=\"og:description\" content=\"If you are looking for an unusual place to hold an event, a reception, a team-building exercise, a lecture, a seminar or even simply a special lunch or dinner with friends, family or colleagues, we would like to offer you an opportunity to have your event onboard our 28-gun 18th century Russian tall-ship!&nbsp; Frigate Shtandart [&hellip;]\" \/>\n<meta property=\"og:url\" content=\"https:\/\/shtandart.eu\/fr\/corporate-events\/\" \/>\n<meta property=\"og:site_name\" content=\"Shtandart\" \/>\n<meta property=\"article:publisher\" content=\"https:\/\/www.facebook.com\/Frigate.Shtandart\/\" \/>\n<meta property=\"article:modified_time\" content=\"2023-11-08T07:15:10+00:00\" \/>\n<meta name=\"twitter:card\" content=\"summary_large_image\" \/>\n<meta name=\"twitter:label1\" content=\"Dur\u00e9e de lecture estim\u00e9e\" \/>\n\t<meta name=\"twitter:data1\" content=\"2 minutes\" \/>\n<script type=\"application\/ld+json\" class=\"yoast-schema-graph\">{\"@context\":\"https:\/\/schema.org\",\"@graph\":[{\"@type\":\"WebPage\",\"@id\":\"https:\/\/shtandart.eu\/corporate-events\/\",\"url\":\"https:\/\/shtandart.eu\/corporate-events\/\",\"name\":\"Corporate events - Shtandart\",\"isPartOf\":{\"@id\":\"https:\/\/shtandart.eu\/#website\"},\"datePublished\":\"2023-02-13T14:26:41+00:00\",\"dateModified\":\"2023-11-08T07:15:10+00:00\",\"breadcrumb\":{\"@id\":\"https:\/\/shtandart.eu\/corporate-events\/#breadcrumb\"},\"inLanguage\":\"fr-FR\",\"potentialAction\":[{\"@type\":\"ReadAction\",\"target\":[\"https:\/\/shtandart.eu\/corporate-events\/\"]}]},{\"@type\":\"BreadcrumbList\",\"@id\":\"https:\/\/shtandart.eu\/corporate-events\/#breadcrumb\",\"itemListElement\":[{\"@type\":\"ListItem\",\"position\":1,\"name\":\"Home\",\"item\":\"https:\/\/shtandart.eu\/\"},{\"@type\":\"ListItem\",\"position\":2,\"name\":\"Corporate events\"}]},{\"@type\":\"WebSite\",\"@id\":\"https:\/\/shtandart.eu\/#website\",\"url\":\"https:\/\/shtandart.eu\/\",\"name\":\"Shtandart\",\"description\":\"\",\"publisher\":{\"@id\":\"https:\/\/shtandart.eu\/#organization\"},\"potentialAction\":[{\"@type\":\"SearchAction\",\"target\":{\"@type\":\"EntryPoint\",\"urlTemplate\":\"https:\/\/shtandart.eu\/?s={search_term_string}\"},\"query-input\":{\"@type\":\"PropertyValueSpecification\",\"valueRequired\":true,\"valueName\":\"search_term_string\"}}],\"inLanguage\":\"fr-FR\"},{\"@type\":\"Organization\",\"@id\":\"https:\/\/shtandart.eu\/#organization\",\"name\":\"Shtandart\",\"url\":\"https:\/\/shtandart.eu\/\",\"logo\":{\"@type\":\"ImageObject\",\"inLanguage\":\"fr-FR\",\"@id\":\"https:\/\/shtandart.eu\/#\/schema\/logo\/image\/\",\"url\":\"https:\/\/shtandart.eu\/wp-content\/uploads\/2023\/12\/\u0411\u0435\u0437-\u0438\u043c\u0435\u043d\u0438-2.png\",\"contentUrl\":\"https:\/\/shtandart.eu\/wp-content\/uploads\/2023\/12\/\u0411\u0435\u0437-\u0438\u043c\u0435\u043d\u0438-2.png\",\"width\":512,\"height\":511,\"caption\":\"Shtandart\"},\"image\":{\"@id\":\"https:\/\/shtandart.eu\/#\/schema\/logo\/image\/\"},\"sameAs\":[\"https:\/\/www.facebook.com\/Frigate.Shtandart\/\"]}]}<\/script>\n<!-- \/ Yoast SEO plugin. -->","yoast_head_json":{"title":"Corporate events - Shtandart","robots":{"index":"index","follow":"follow","max-snippet":"max-snippet:-1","max-image-preview":"max-image-preview:large","max-video-preview":"max-video-preview:-1"},"canonical":"https:\/\/shtandart.eu\/fr\/corporate-events\/","og_locale":"fr_FR","og_type":"article","og_title":"Corporate events - Shtandart","og_description":"If you are looking for an unusual place to hold an event, a reception, a team-building exercise, a lecture, a seminar or even simply a special lunch or dinner with friends, family or colleagues, we would like to offer you an opportunity to have your event onboard our 28-gun 18th century Russian tall-ship!&nbsp; Frigate Shtandart [&hellip;]","og_url":"https:\/\/shtandart.eu\/fr\/corporate-events\/","og_site_name":"Shtandart","article_publisher":"https:\/\/www.facebook.com\/Frigate.Shtandart\/","article_modified_time":"2023-11-08T07:15:10+00:00","twitter_card":"summary_large_image","twitter_misc":{"Dur\u00e9e de lecture estim\u00e9e":"2 minutes"},"schema":{"@context":"https:\/\/schema.org","@graph":[{"@type":"WebPage","@id":"https:\/\/shtandart.eu\/corporate-events\/","url":"https:\/\/shtandart.eu\/corporate-events\/","name":"Corporate events - Shtandart","isPartOf":{"@id":"https:\/\/shtandart.eu\/#website"},"datePublished":"2023-02-13T14:26:41+00:00","dateModified":"2023-11-08T07:15:10+00:00","breadcrumb":{"@id":"https:\/\/shtandart.eu\/corporate-events\/#breadcrumb"},"inLanguage":"fr-FR","potentialAction":[{"@type":"ReadAction","target":["https:\/\/shtandart.eu\/corporate-events\/"]}]},{"@type":"BreadcrumbList","@id":"https:\/\/shtandart.eu\/corporate-events\/#breadcrumb","itemListElement":[{"@type":"ListItem","position":1,"name":"Home","item":"https:\/\/shtandart.eu\/"},{"@type":"ListItem","position":2,"name":"Corporate events"}]},{"@type":"WebSite","@id":"https:\/\/shtandart.eu\/#website","url":"https:\/\/shtandart.eu\/","name":"Shtandart","description":"","publisher":{"@id":"https:\/\/shtandart.eu\/#organization"},"potentialAction":[{"@type":"SearchAction","target":{"@type":"EntryPoint","urlTemplate":"https:\/\/shtandart.eu\/?s={search_term_string}"},"query-input":{"@type":"PropertyValueSpecification","valueRequired":true,"valueName":"search_term_string"}}],"inLanguage":"fr-FR"},{"@type":"Organization","@id":"https:\/\/shtandart.eu\/#organization","name":"Shtandart","url":"https:\/\/shtandart.eu\/","logo":{"@type":"ImageObject","inLanguage":"fr-FR","@id":"https:\/\/shtandart.eu\/#\/schema\/logo\/image\/","url":"https:\/\/shtandart.eu\/wp-content\/uploads\/2023\/12\/\u0411\u0435\u0437-\u0438\u043c\u0435\u043d\u0438-2.png","contentUrl":"https:\/\/shtandart.eu\/wp-content\/uploads\/2023\/12\/\u0411\u0435\u0437-\u0438\u043c\u0435\u043d\u0438-2.png","width":512,"height":511,"caption":"Shtandart"},"image":{"@id":"https:\/\/shtandart.eu\/#\/schema\/logo\/image\/"},"sameAs":["https:\/\/www.facebook.com\/Frigate.Shtandart\/"]}]}},"_links":{"self":[{"href":"https:\/\/shtandart.eu\/fr\/wp-json\/wp\/v2\/pages\/1279","targetHints":{"allow":["GET"]}}],"collection":[{"href":"https:\/\/shtandart.eu\/fr\/wp-json\/wp\/v2\/pages"}],"about":[{"href":"https:\/\/shtandart.eu\/fr\/wp-json\/wp\/v2\/types\/page"}],"author":[{"embeddable":true,"href":"https:\/\/shtandart.eu\/fr\/wp-json\/wp\/v2\/users\/990011"}],"replies":[{"embeddable":true,"href":"https:\/\/shtandart.eu\/fr\/wp-json\/wp\/v2\/comments?post=1279"}],"version-history":[{"count":0,"href":"https:\/\/shtandart.eu\/fr\/wp-json\/wp\/v2\/pages\/1279\/revisions"}],"wp:attachment":[{"href":"https:\/\/shtandart.eu\/fr\/wp-json\/wp\/v2\/media?parent=1279"}],"curies":[{"name":"wp","href":"https:\/\/api.w.org\/{rel}","templated":true}]}}