{"id":1267,"date":"2023-02-13T10:00:36","date_gmt":"2023-02-13T09:00:36","guid":{"rendered":"https:\/\/shtandart.xyz\/?page_id=1267"},"modified":"2023-12-28T10:16:00","modified_gmt":"2023-12-28T09:16:00","slug":"prepare-your-journey","status":"publish","type":"page","link":"https:\/\/shtandart.eu\/fr\/prepare-your-journey\/","title":{"rendered":"pr\u00e9parer sa navigation"},"content":{"rendered":"<p style=\"text-align: center; font-size: 1.5em;\"><strong>\u00cates-vous pr\u00eat pour naviguer? V\u00e9rifions!<\/strong><\/p>\n\n\n<p><strong>L\u2019essentiel dans vos bagages<\/strong><\/p>\n\n\n\n<ul class=\"wp-block-list\">\n<li>Les documents:\n<ul class=\"wp-block-list\">\n<li>Passeport ou carte d'identit\u00e9 (indispensable pour les voyages internationaux);<\/li>\n\n\n\n<li>Assurance, valable pour la dur\u00e9e de votre voyage, adapt\u00e9e \u00e0 la pratique de la voile;<\/li>\n\n\n\n<li>De l'argent (peut-\u00eatre en aurez-vous besoin lorsque vous visiterez des ports);<\/li>\n<\/ul>\n<\/li>\n\n\n\n<li>Nous avons une petite pharmacie \u00e0 bord mais il est pr\u00e9f\u00e9rable de prendre votre propre petite trousse \u00e0 pharmacie.<\/li>\n\n\n\n<li>Des v\u00eatements et des chaussures:  \n<ul class=\"wp-block-list\">\n<li>Des habits chauds (il peut faire tr\u00e8s froid lors des quarts de nuit) et un chapeau pour le soleil;<\/li>\n\n\n\n<li>Des chaussures de sport sans talon haut (pour grimper aux cordages)<\/li>\n<\/ul>\n\n\n\n<ul class=\"wp-block-list\">\n<li>Des gants ou des mitaines pour \u00e9viter les ampoules \u00e0 force de hisser les voiles.<\/li>\n<\/ul>\n<\/li>\n\n\n\n<li>Votre trousse de toilette habituelle, une serviette, un maillot de bain, des lunettes de soleil et une bonne cr\u00e8me solaire;\n<ul class=\"wp-block-list\">\n<li>Un sac de couchage si possible (sinon nous en avons \u00e0 bord).<\/li>\n<\/ul>\n<\/li>\n<\/ul>\n\n\n\n<p><strong>Objets qu'il vaut mieux laisser \u00e0 la maison :<\/strong> \u00c9quipement de s\u00e9curit\u00e9 (armes, sprays), objets de valeur, bijoux co\u00fbteux, valises rigides.<\/p>\n\n\n\n<p><strong><strong>Informations suppl\u00e9mentaires:<\/strong><\/strong>:<\/p>\n\n\n\n<ul class=\"wp-block-list\">\n<li><a href=\"https:\/\/shtandart.eu\/fr\/about-shtandart\/life-on-board\/\">\u00c0 propos de la vie \u00e0 bord<\/a><\/li>\n\n\n\n<li><a href=\"https:\/\/shtandart.eu\/fr\/faq\/\">Lisez les r\u00e9ponses aux questions fr\u00e9quentes<\/a><\/li>\n\n\n\n<li><a href=\"https:\/\/shtandart.eu\/fr\/services\/sail-with-us\/\">Consultez le plan de navigation<\/a><\/li>\n<\/ul>","protected":false},"excerpt":{"rendered":"<p>Are you ready for your sailing trip? Here&#8217;s our checklist to help you! You must bring the following items: Items best left at home: safety equipment (weapons, sprays), valuables, expensive jewellery, hard suitcases. Some more useful information:<\/p>","protected":false},"author":990011,"featured_media":0,"parent":0,"menu_order":0,"comment_status":"closed","ping_status":"closed","template":"","meta":{"_themeisle_gutenberg_block_has_review":false,"footnotes":""},"class_list":["post-1267","page","type-page","status-publish","hentry"],"yoast_head":"<!-- This site is optimized with the Yoast SEO plugin v25.5 - https:\/\/yoast.com\/wordpress\/plugins\/seo\/ -->\n<title>Get Ready for your Journey - Shtandart<\/title>\n<meta name=\"robots\" content=\"index, follow, max-snippet:-1, max-image-preview:large, max-video-preview:-1\" \/>\n<link rel=\"canonical\" href=\"https:\/\/shtandart.eu\/fr\/prepare-your-journey\/\" \/>\n<meta property=\"og:locale\" content=\"fr_FR\" \/>\n<meta property=\"og:type\" content=\"article\" \/>\n<meta property=\"og:title\" content=\"Get Ready for your Journey - Shtandart\" \/>\n<meta property=\"og:description\" content=\"Are you ready for your sailing trip? Here&#8217;s our checklist to help you! You must bring the following items: Items best left at home: safety equipment (weapons, sprays), valuables, expensive jewellery, hard suitcases. Some more useful information:\" \/>\n<meta property=\"og:url\" content=\"https:\/\/shtandart.eu\/fr\/prepare-your-journey\/\" \/>\n<meta property=\"og:site_name\" content=\"Shtandart\" \/>\n<meta property=\"article:publisher\" content=\"https:\/\/www.facebook.com\/Frigate.Shtandart\/\" \/>\n<meta property=\"article:modified_time\" content=\"2023-12-28T09:16:00+00:00\" \/>\n<meta name=\"twitter:card\" content=\"summary_large_image\" \/>\n<meta name=\"twitter:label1\" content=\"Dur\u00e9e de lecture estim\u00e9e\" \/>\n\t<meta name=\"twitter:data1\" content=\"1 minute\" \/>\n<script type=\"application\/ld+json\" class=\"yoast-schema-graph\">{\"@context\":\"https:\/\/schema.org\",\"@graph\":[{\"@type\":\"WebPage\",\"@id\":\"https:\/\/shtandart.eu\/prepare-your-journey\/\",\"url\":\"https:\/\/shtandart.eu\/prepare-your-journey\/\",\"name\":\"Get Ready for your Journey - Shtandart\",\"isPartOf\":{\"@id\":\"https:\/\/shtandart.eu\/#website\"},\"datePublished\":\"2023-02-13T09:00:36+00:00\",\"dateModified\":\"2023-12-28T09:16:00+00:00\",\"breadcrumb\":{\"@id\":\"https:\/\/shtandart.eu\/prepare-your-journey\/#breadcrumb\"},\"inLanguage\":\"fr-FR\",\"potentialAction\":[{\"@type\":\"ReadAction\",\"target\":[\"https:\/\/shtandart.eu\/prepare-your-journey\/\"]}]},{\"@type\":\"BreadcrumbList\",\"@id\":\"https:\/\/shtandart.eu\/prepare-your-journey\/#breadcrumb\",\"itemListElement\":[{\"@type\":\"ListItem\",\"position\":1,\"name\":\"Home\",\"item\":\"https:\/\/shtandart.eu\/\"},{\"@type\":\"ListItem\",\"position\":2,\"name\":\"Get Ready for your Journey\"}]},{\"@type\":\"WebSite\",\"@id\":\"https:\/\/shtandart.eu\/#website\",\"url\":\"https:\/\/shtandart.eu\/\",\"name\":\"Shtandart\",\"description\":\"\",\"publisher\":{\"@id\":\"https:\/\/shtandart.eu\/#organization\"},\"potentialAction\":[{\"@type\":\"SearchAction\",\"target\":{\"@type\":\"EntryPoint\",\"urlTemplate\":\"https:\/\/shtandart.eu\/?s={search_term_string}\"},\"query-input\":{\"@type\":\"PropertyValueSpecification\",\"valueRequired\":true,\"valueName\":\"search_term_string\"}}],\"inLanguage\":\"fr-FR\"},{\"@type\":\"Organization\",\"@id\":\"https:\/\/shtandart.eu\/#organization\",\"name\":\"Shtandart\",\"url\":\"https:\/\/shtandart.eu\/\",\"logo\":{\"@type\":\"ImageObject\",\"inLanguage\":\"fr-FR\",\"@id\":\"https:\/\/shtandart.eu\/#\/schema\/logo\/image\/\",\"url\":\"https:\/\/shtandart.eu\/wp-content\/uploads\/2023\/12\/\u0411\u0435\u0437-\u0438\u043c\u0435\u043d\u0438-2.png\",\"contentUrl\":\"https:\/\/shtandart.eu\/wp-content\/uploads\/2023\/12\/\u0411\u0435\u0437-\u0438\u043c\u0435\u043d\u0438-2.png\",\"width\":512,\"height\":511,\"caption\":\"Shtandart\"},\"image\":{\"@id\":\"https:\/\/shtandart.eu\/#\/schema\/logo\/image\/\"},\"sameAs\":[\"https:\/\/www.facebook.com\/Frigate.Shtandart\/\"]}]}<\/script>\n<!-- \/ Yoast SEO plugin. -->","yoast_head_json":{"title":"Get Ready for your Journey - Shtandart","robots":{"index":"index","follow":"follow","max-snippet":"max-snippet:-1","max-image-preview":"max-image-preview:large","max-video-preview":"max-video-preview:-1"},"canonical":"https:\/\/shtandart.eu\/fr\/prepare-your-journey\/","og_locale":"fr_FR","og_type":"article","og_title":"Get Ready for your Journey - Shtandart","og_description":"Are you ready for your sailing trip? Here&#8217;s our checklist to help you! You must bring the following items: Items best left at home: safety equipment (weapons, sprays), valuables, expensive jewellery, hard suitcases. Some more useful information:","og_url":"https:\/\/shtandart.eu\/fr\/prepare-your-journey\/","og_site_name":"Shtandart","article_publisher":"https:\/\/www.facebook.com\/Frigate.Shtandart\/","article_modified_time":"2023-12-28T09:16:00+00:00","twitter_card":"summary_large_image","twitter_misc":{"Dur\u00e9e de lecture estim\u00e9e":"1 minute"},"schema":{"@context":"https:\/\/schema.org","@graph":[{"@type":"WebPage","@id":"https:\/\/shtandart.eu\/prepare-your-journey\/","url":"https:\/\/shtandart.eu\/prepare-your-journey\/","name":"Get Ready for your Journey - Shtandart","isPartOf":{"@id":"https:\/\/shtandart.eu\/#website"},"datePublished":"2023-02-13T09:00:36+00:00","dateModified":"2023-12-28T09:16:00+00:00","breadcrumb":{"@id":"https:\/\/shtandart.eu\/prepare-your-journey\/#breadcrumb"},"inLanguage":"fr-FR","potentialAction":[{"@type":"ReadAction","target":["https:\/\/shtandart.eu\/prepare-your-journey\/"]}]},{"@type":"BreadcrumbList","@id":"https:\/\/shtandart.eu\/prepare-your-journey\/#breadcrumb","itemListElement":[{"@type":"ListItem","position":1,"name":"Home","item":"https:\/\/shtandart.eu\/"},{"@type":"ListItem","position":2,"name":"Get Ready for your Journey"}]},{"@type":"WebSite","@id":"https:\/\/shtandart.eu\/#website","url":"https:\/\/shtandart.eu\/","name":"Shtandart","description":"","publisher":{"@id":"https:\/\/shtandart.eu\/#organization"},"potentialAction":[{"@type":"SearchAction","target":{"@type":"EntryPoint","urlTemplate":"https:\/\/shtandart.eu\/?s={search_term_string}"},"query-input":{"@type":"PropertyValueSpecification","valueRequired":true,"valueName":"search_term_string"}}],"inLanguage":"fr-FR"},{"@type":"Organization","@id":"https:\/\/shtandart.eu\/#organization","name":"Shtandart","url":"https:\/\/shtandart.eu\/","logo":{"@type":"ImageObject","inLanguage":"fr-FR","@id":"https:\/\/shtandart.eu\/#\/schema\/logo\/image\/","url":"https:\/\/shtandart.eu\/wp-content\/uploads\/2023\/12\/\u0411\u0435\u0437-\u0438\u043c\u0435\u043d\u0438-2.png","contentUrl":"https:\/\/shtandart.eu\/wp-content\/uploads\/2023\/12\/\u0411\u0435\u0437-\u0438\u043c\u0435\u043d\u0438-2.png","width":512,"height":511,"caption":"Shtandart"},"image":{"@id":"https:\/\/shtandart.eu\/#\/schema\/logo\/image\/"},"sameAs":["https:\/\/www.facebook.com\/Frigate.Shtandart\/"]}]}},"_links":{"self":[{"href":"https:\/\/shtandart.eu\/fr\/wp-json\/wp\/v2\/pages\/1267","targetHints":{"allow":["GET"]}}],"collection":[{"href":"https:\/\/shtandart.eu\/fr\/wp-json\/wp\/v2\/pages"}],"about":[{"href":"https:\/\/shtandart.eu\/fr\/wp-json\/wp\/v2\/types\/page"}],"author":[{"embeddable":true,"href":"https:\/\/shtandart.eu\/fr\/wp-json\/wp\/v2\/users\/990011"}],"replies":[{"embeddable":true,"href":"https:\/\/shtandart.eu\/fr\/wp-json\/wp\/v2\/comments?post=1267"}],"version-history":[{"count":15,"href":"https:\/\/shtandart.eu\/fr\/wp-json\/wp\/v2\/pages\/1267\/revisions"}],"predecessor-version":[{"id":3133,"href":"https:\/\/shtandart.eu\/fr\/wp-json\/wp\/v2\/pages\/1267\/revisions\/3133"}],"wp:attachment":[{"href":"https:\/\/shtandart.eu\/fr\/wp-json\/wp\/v2\/media?parent=1267"}],"curies":[{"name":"wp","href":"https:\/\/api.w.org\/{rel}","templated":true}]}}