{"id":49,"date":"2016-04-26T11:28:44","date_gmt":"2016-04-26T11:28:44","guid":{"rendered":"https:\/\/shtandart.xyz\/?page_id=49"},"modified":"2016-05-18T08:00:08","modified_gmt":"2016-05-18T08:00:08","slug":"classes","status":"publish","type":"page","link":"https:\/\/shtandart.eu\/es\/classes\/","title":{"rendered":"Classes"},"content":{"rendered":"<div class=\"wpb-content-wrapper\"><div class=\"vc_row wpb_row vc_row-fluid\"><div class=\"wpb_column vc_column_container vc_col-sm-12\"><div class=\"vc_column-inner vc_custom_1462959296737\"><div class=\"wpb_wrapper\"><div class=\"sc_section margin_top_huge aligncenter\"><div class=\"sc_section_inner\"><h5 class=\"sc_section_subtitle sc_item_subtitle\">hello there!<\/h5><h1 class=\"sc_section_title sc_item_title\">Our Classes<\/h1><div class=\"sc_section_content_wrap\"><div id=\"sc_services_117837040_wrap\" class=\"sc_services_wrap\"><div id=\"sc_services_117837040\" class=\"sc_services sc_services_style_services-3 sc_services_type_images\" style=\"width:100%;\"><div class=\"sc_columns columns_wrap\"><\/div><\/div><!-- \/.sc_services --><\/div><!-- \/.sc_services_wrap --><\/div><\/div><\/div><\/div><\/div><\/div><\/div><div data-vc-full-width=\"true\" data-vc-full-width-init=\"false\" class=\"vc_row wpb_row vc_row-fluid vc_custom_1463558392877 vc_row-has-fill\"><div class=\"wpb_column vc_column_container vc_col-sm-12\"><div class=\"vc_column-inner\"><div class=\"wpb_wrapper\"><div id=\"sc_testimonials_2129448659\" class=\"sc_testimonials sc_testimonials_style_testimonials-1  margin_top_huge margin_bottom_huge aligncenter\" style=\"width:100%;\"><div class=\"sc_slider_swiper swiper-slider-container sc_slider_nopagination sc_slider_controls sc_slider_controls_side\" data-interval=\"6001\" data-slides-min-width=\"250\"><div class=\"slides swiper-wrapper\"><div class=\"swiper-slide\" data-style=\"width:100%;\" style=\"width:100%;\">\t\t\t<div id=\"sc_testimonials_2129448659_1\" class=\"sc_testimonial_item\">\n\t\t\t\t<div class=\"sc_testimonial_content\"><p>\u201cI see the people who come on the boat, they are transforming \u2014 when they achieve their dreams, their lives truly change. This place holds great significance; it\u2019s not just an apprenticeship for sailing, but a lesson for life.\u201d<\/p>\n<\/div>\n\t\t\t\t\t\t\t\t<div class=\"sc_testimonial_avatar\"><img loading=\"lazy\" decoding=\"async\" class=\"wp-post-image\" width=\"186\" height=\"186\" alt=\"Shuling Liu\" src=\"https:\/\/shtandart.eu\/wp-content\/uploads\/2025\/07\/shu-ling-300-186x186.jpg\"><\/div>\n\t\t\t\t\t\t\t\t\t\t\t\t<div class=\"sc_testimonial_author\"><span class=\"sc_testimonial_author_name\">Shuling Liu<\/span><span class=\"sc_testimonial_author_position\">China<\/span><\/div>\n\t\t\t\t\t\t\t<\/div>\n\t\t<\/div><div class=\"swiper-slide\" data-style=\"width:100%;\" style=\"width:100%;\">\t\t\t<div id=\"sc_testimonials_2129448659_2\" class=\"sc_testimonial_item\">\n\t\t\t\t<div class=\"sc_testimonial_content\"><p>El Shtandart es m\u00e1s que aventura, m\u00e1s que educaci\u00f3n mar\u00edtima y cultural, el Shtandart es una experiencia que te cambia la vida.<\/p>\n<\/div>\n\t\t\t\t\t\t\t\t<div class=\"sc_testimonial_avatar\"><img loading=\"lazy\" decoding=\"async\" class=\"wp-post-image\" width=\"186\" height=\"186\" alt=\"Lilya Efimova\" src=\"https:\/\/shtandart.eu\/wp-content\/uploads\/2023\/10\/IMG_20201028_094614-186x186.jpg\"><\/div>\n\t\t\t\t\t\t\t\t\t\t\t\t<div class=\"sc_testimonial_author\"><a href=\"#\" class=\"sc_testimonial_author_name\">Lilya Efimova<\/a><span class=\"sc_testimonial_author_position\">Pa\u00edses Bajos<\/span><\/div>\n\t\t\t\t\t\t\t<\/div>\n\t\t<\/div><div class=\"swiper-slide\" data-style=\"width:100%;\" style=\"width:100%;\">\t\t\t<div id=\"sc_testimonials_2129448659_3\" class=\"sc_testimonial_item\">\n\t\t\t\t<div class=\"sc_testimonial_content\"><p>No importa lo que hagas cuando est\u00e1s a bordo: Limpiar la cubierta, subir a los m\u00e1stiles, cocinar o dormir bajo cubierta \u00a1Una vez que lo pruebas, ya no vuelves a ser la misma!<\/p>\n<\/div>\n\t\t\t\t\t\t\t\t<div class=\"sc_testimonial_avatar\"><img loading=\"lazy\" decoding=\"async\" class=\"wp-post-image\" width=\"186\" height=\"186\" alt=\"Nastya Baranchikova\" src=\"https:\/\/shtandart.eu\/wp-content\/uploads\/2016\/04\/Nastya.jpg\"><\/div>\n\t\t\t\t\t\t\t\t\t\t\t\t<div class=\"sc_testimonial_author\"><a href=\"#\" class=\"sc_testimonial_author_name\">Nastya Baranchikova<\/a><span class=\"sc_testimonial_author_position\">France<\/span><\/div>\n\t\t\t\t\t\t\t<\/div>\n\t\t<\/div><\/div><div class=\"sc_slider_controls_wrap\"><a class=\"sc_slider_prev\" href=\"#\"><\/a><a class=\"sc_slider_next\" href=\"#\"><\/a><\/div><div class=\"sc_slider_pagination_wrap\"><\/div><\/div><\/div><\/div><\/div><\/div><\/div><div class=\"vc_row-full-width vc_clearfix\"><\/div>\n<\/div>","protected":false},"excerpt":{"rendered":"No importa lo que hagas cuando est\u00e1s a bordo: Limpiar la cubierta, subir a los m\u00e1stiles, cocinar o dormir bajo cubierta \u00a1Una vez que lo pruebas, ya no vuelves a ser la misma!","protected":false},"author":1,"featured_media":0,"parent":0,"menu_order":0,"comment_status":"closed","ping_status":"closed","template":"","meta":{"_themeisle_gutenberg_block_has_review":false,"footnotes":""},"class_list":["post-49","page","type-page","status-publish","hentry"],"yoast_head":"<!-- This site is optimized with the Yoast SEO plugin v25.5 - https:\/\/yoast.com\/wordpress\/plugins\/seo\/ -->\n<title>Classes - Shtandart<\/title>\n<meta name=\"robots\" content=\"index, follow, max-snippet:-1, max-image-preview:large, max-video-preview:-1\" \/>\n<link rel=\"canonical\" href=\"https:\/\/shtandart.eu\/es\/classes\/\" \/>\n<meta property=\"og:locale\" content=\"es_ES\" \/>\n<meta property=\"og:type\" content=\"article\" \/>\n<meta property=\"og:title\" content=\"Classes - Shtandart\" \/>\n<meta property=\"og:url\" content=\"https:\/\/shtandart.eu\/es\/classes\/\" \/>\n<meta property=\"og:site_name\" content=\"Shtandart\" \/>\n<meta property=\"article:publisher\" content=\"https:\/\/www.facebook.com\/Frigate.Shtandart\/\" \/>\n<meta property=\"article:modified_time\" content=\"2016-05-18T08:00:08+00:00\" \/>\n<meta name=\"twitter:card\" content=\"summary_large_image\" \/>\n<meta name=\"twitter:label1\" content=\"Tiempo de lectura\" \/>\n\t<meta name=\"twitter:data1\" content=\"1 minuto\" \/>\n<script type=\"application\/ld+json\" class=\"yoast-schema-graph\">{\"@context\":\"https:\/\/schema.org\",\"@graph\":[{\"@type\":\"WebPage\",\"@id\":\"https:\/\/shtandart.eu\/classes\/\",\"url\":\"https:\/\/shtandart.eu\/classes\/\",\"name\":\"Classes - Shtandart\",\"isPartOf\":{\"@id\":\"https:\/\/shtandart.eu\/#website\"},\"datePublished\":\"2016-04-26T11:28:44+00:00\",\"dateModified\":\"2016-05-18T08:00:08+00:00\",\"breadcrumb\":{\"@id\":\"https:\/\/shtandart.eu\/classes\/#breadcrumb\"},\"inLanguage\":\"es\",\"potentialAction\":[{\"@type\":\"ReadAction\",\"target\":[\"https:\/\/shtandart.eu\/classes\/\"]}]},{\"@type\":\"BreadcrumbList\",\"@id\":\"https:\/\/shtandart.eu\/classes\/#breadcrumb\",\"itemListElement\":[{\"@type\":\"ListItem\",\"position\":1,\"name\":\"Home\",\"item\":\"https:\/\/shtandart.eu\/\"},{\"@type\":\"ListItem\",\"position\":2,\"name\":\"Classes\"}]},{\"@type\":\"WebSite\",\"@id\":\"https:\/\/shtandart.eu\/#website\",\"url\":\"https:\/\/shtandart.eu\/\",\"name\":\"Shtandart\",\"description\":\"\",\"publisher\":{\"@id\":\"https:\/\/shtandart.eu\/#organization\"},\"potentialAction\":[{\"@type\":\"SearchAction\",\"target\":{\"@type\":\"EntryPoint\",\"urlTemplate\":\"https:\/\/shtandart.eu\/?s={search_term_string}\"},\"query-input\":{\"@type\":\"PropertyValueSpecification\",\"valueRequired\":true,\"valueName\":\"search_term_string\"}}],\"inLanguage\":\"es\"},{\"@type\":\"Organization\",\"@id\":\"https:\/\/shtandart.eu\/#organization\",\"name\":\"Shtandart\",\"url\":\"https:\/\/shtandart.eu\/\",\"logo\":{\"@type\":\"ImageObject\",\"inLanguage\":\"es\",\"@id\":\"https:\/\/shtandart.eu\/#\/schema\/logo\/image\/\",\"url\":\"https:\/\/shtandart.eu\/wp-content\/uploads\/2023\/12\/\u0411\u0435\u0437-\u0438\u043c\u0435\u043d\u0438-2.png\",\"contentUrl\":\"https:\/\/shtandart.eu\/wp-content\/uploads\/2023\/12\/\u0411\u0435\u0437-\u0438\u043c\u0435\u043d\u0438-2.png\",\"width\":512,\"height\":511,\"caption\":\"Shtandart\"},\"image\":{\"@id\":\"https:\/\/shtandart.eu\/#\/schema\/logo\/image\/\"},\"sameAs\":[\"https:\/\/www.facebook.com\/Frigate.Shtandart\/\"]}]}<\/script>\n<!-- \/ Yoast SEO plugin. -->","yoast_head_json":{"title":"Classes - Shtandart","robots":{"index":"index","follow":"follow","max-snippet":"max-snippet:-1","max-image-preview":"max-image-preview:large","max-video-preview":"max-video-preview:-1"},"canonical":"https:\/\/shtandart.eu\/es\/classes\/","og_locale":"es_ES","og_type":"article","og_title":"Classes - Shtandart","og_url":"https:\/\/shtandart.eu\/es\/classes\/","og_site_name":"Shtandart","article_publisher":"https:\/\/www.facebook.com\/Frigate.Shtandart\/","article_modified_time":"2016-05-18T08:00:08+00:00","twitter_card":"summary_large_image","twitter_misc":{"Tiempo de lectura":"1 minuto"},"schema":{"@context":"https:\/\/schema.org","@graph":[{"@type":"WebPage","@id":"https:\/\/shtandart.eu\/classes\/","url":"https:\/\/shtandart.eu\/classes\/","name":"Classes - Shtandart","isPartOf":{"@id":"https:\/\/shtandart.eu\/#website"},"datePublished":"2016-04-26T11:28:44+00:00","dateModified":"2016-05-18T08:00:08+00:00","breadcrumb":{"@id":"https:\/\/shtandart.eu\/classes\/#breadcrumb"},"inLanguage":"es","potentialAction":[{"@type":"ReadAction","target":["https:\/\/shtandart.eu\/classes\/"]}]},{"@type":"BreadcrumbList","@id":"https:\/\/shtandart.eu\/classes\/#breadcrumb","itemListElement":[{"@type":"ListItem","position":1,"name":"Home","item":"https:\/\/shtandart.eu\/"},{"@type":"ListItem","position":2,"name":"Classes"}]},{"@type":"WebSite","@id":"https:\/\/shtandart.eu\/#website","url":"https:\/\/shtandart.eu\/","name":"Shtandart","description":"","publisher":{"@id":"https:\/\/shtandart.eu\/#organization"},"potentialAction":[{"@type":"SearchAction","target":{"@type":"EntryPoint","urlTemplate":"https:\/\/shtandart.eu\/?s={search_term_string}"},"query-input":{"@type":"PropertyValueSpecification","valueRequired":true,"valueName":"search_term_string"}}],"inLanguage":"es"},{"@type":"Organization","@id":"https:\/\/shtandart.eu\/#organization","name":"Shtandart","url":"https:\/\/shtandart.eu\/","logo":{"@type":"ImageObject","inLanguage":"es","@id":"https:\/\/shtandart.eu\/#\/schema\/logo\/image\/","url":"https:\/\/shtandart.eu\/wp-content\/uploads\/2023\/12\/\u0411\u0435\u0437-\u0438\u043c\u0435\u043d\u0438-2.png","contentUrl":"https:\/\/shtandart.eu\/wp-content\/uploads\/2023\/12\/\u0411\u0435\u0437-\u0438\u043c\u0435\u043d\u0438-2.png","width":512,"height":511,"caption":"Shtandart"},"image":{"@id":"https:\/\/shtandart.eu\/#\/schema\/logo\/image\/"},"sameAs":["https:\/\/www.facebook.com\/Frigate.Shtandart\/"]}]}},"_links":{"self":[{"href":"https:\/\/shtandart.eu\/es\/wp-json\/wp\/v2\/pages\/49","targetHints":{"allow":["GET"]}}],"collection":[{"href":"https:\/\/shtandart.eu\/es\/wp-json\/wp\/v2\/pages"}],"about":[{"href":"https:\/\/shtandart.eu\/es\/wp-json\/wp\/v2\/types\/page"}],"author":[{"embeddable":true,"href":"https:\/\/shtandart.eu\/es\/wp-json\/wp\/v2\/users\/1"}],"replies":[{"embeddable":true,"href":"https:\/\/shtandart.eu\/es\/wp-json\/wp\/v2\/comments?post=49"}],"version-history":[{"count":0,"href":"https:\/\/shtandart.eu\/es\/wp-json\/wp\/v2\/pages\/49\/revisions"}],"wp:attachment":[{"href":"https:\/\/shtandart.eu\/es\/wp-json\/wp\/v2\/media?parent=49"}],"curies":[{"name":"wp","href":"https:\/\/api.w.org\/{rel}","templated":true}]}}