{"id":4449,"date":"2025-03-28T08:34:44","date_gmt":"2025-03-28T07:34:44","guid":{"rendered":"https:\/\/shtandart.eu\/?page_id=4449"},"modified":"2025-03-29T08:28:47","modified_gmt":"2025-03-29T07:28:47","slug":"vannes-golf-de-morbihan-26-05-29-05-2025","status":"publish","type":"page","link":"https:\/\/shtandart.eu\/es\/vannes-golf-de-morbihan-26-05-29-05-2025\/","title":{"rendered":"Vannes (Golf de Morbihan) &#8211; 26.05 \u2013 29.05 2025"},"content":{"rendered":"<p><strong>Departure from: Vannes<br>Boarding: 26\/05 2025, 10:00<br>Destination: Vannes<br>Disembarkation: 29\/05 2025, 10:00<br>Days on board: 4<\/strong><\/p>\n\n\n\n<p><strong>A Journey on the Training Frigate Shtandart: Exploring the Golf de Morbihan<\/strong><\/p>\n\n\n\n<p>Embark on a unique voyage aboard the Shtandart, the unique replica of an 18th-century frigate, and immerse yourself in the world of historical navigation. This journey offers an exceptional opportunity to experience life on a sailing vessel, combining the thrill of the open sea with the richness of maritime history.<\/p>\n\n\n\n<p>During this adventure, you will spend four nights anchored in the picturesque Golf de Morbihan, a haven for sailors and nature lovers alike. And each day, the Shtandart will set sail, venturing out into the sea through the famous strait near Port Navalo. Known for its powerful currents, this passage offers a challenging and exhilarating experience for both novice and experienced sailors. As part of the crew, you will have the chance to participate in the daily tasks of sailing the frigate, from hoisting and trimming the sails to navigating the ship through the strait.<\/p>\n\n\n\n<p>This is not just a trip; it is a step back in time, allowing you to connect with the history of sailing. Learn about the art of celestial navigation, the use of sextants, and the importance of maritime maps as you follow in the footsteps of daring seafarers from 18th-century.<\/p>\n\n\n\n<p>Join the Shtandart and set sail into the past, experiencing the thrill of historical sailing on this unforgettable ship.<\/p>\n\n\n\n<p><strong>Alojamiento y comodidades:<\/strong><\/p>\n\n\n\n<p>Elige dormir en una hamaca, como hac\u00edan los marineros hace tres siglos, u opta por una litera. Tanto en el mar como en tierra, ofrecemos cuatro comidas al d\u00eda. La vida a bordo se divide en guardias, en las que participar\u00e1s activamente durante toda tu estancia.<\/p>\n\n\n\n<p class=\" translation-block\">For more information about life on the ship, visit&nbsp;<a href=\"\/about-shtandart\/life-on-board\/\" target=\"_self\">here<\/a>.<\/p>\n\n\n\n<p class=\" translation-block\">Are you ready to sail with us? Send a request to&nbsp;<a href=\"mailto:voyage@shtandart.eu\" target=\"_self\">voyage@shtandart.eu<\/a>&nbsp;to reserve your adventure!<\/p>","protected":false},"excerpt":{"rendered":"<p>Departure from: VannesBoarding: 26\/05 2025, 10:00Destination: VannesDisembarkation: 29\/05 2025, 10:00Days on board: 4 A Journey on the Training Frigate Shtandart: Exploring the Golf de Morbihan Embark on a unique voyage aboard the Shtandart, the unique replica of an 18th-century frigate, and immerse yourself in the world of historical navigation. This journey offers an exceptional opportunity [&hellip;]<\/p>","protected":false},"author":990011,"featured_media":0,"parent":0,"menu_order":0,"comment_status":"closed","ping_status":"closed","template":"","meta":{"_themeisle_gutenberg_block_has_review":false,"footnotes":""},"class_list":["post-4449","page","type-page","status-publish","hentry"],"yoast_head":"<!-- This site is optimized with the Yoast SEO plugin v25.5 - https:\/\/yoast.com\/wordpress\/plugins\/seo\/ -->\n<title>Vannes (Golf de Morbihan) - 26.05 \u2013 29.05 2025 - Shtandart<\/title>\n<meta name=\"robots\" content=\"index, follow, max-snippet:-1, max-image-preview:large, max-video-preview:-1\" \/>\n<link rel=\"canonical\" href=\"https:\/\/shtandart.eu\/es\/vannes-golf-de-morbihan-26-05-29-05-2025\/\" \/>\n<meta property=\"og:locale\" content=\"es_ES\" \/>\n<meta property=\"og:type\" content=\"article\" \/>\n<meta property=\"og:title\" content=\"Vannes (Golf de Morbihan) - 26.05 \u2013 29.05 2025 - Shtandart\" \/>\n<meta property=\"og:description\" content=\"Departure from: VannesBoarding: 26\/05 2025, 10:00Destination: VannesDisembarkation: 29\/05 2025, 10:00Days on board: 4 A Journey on the Training Frigate Shtandart: Exploring the Golf de Morbihan Embark on a unique voyage aboard the Shtandart, the unique replica of an 18th-century frigate, and immerse yourself in the world of historical navigation. This journey offers an exceptional opportunity [&hellip;]\" \/>\n<meta property=\"og:url\" content=\"https:\/\/shtandart.eu\/es\/vannes-golf-de-morbihan-26-05-29-05-2025\/\" \/>\n<meta property=\"og:site_name\" content=\"Shtandart\" \/>\n<meta property=\"article:publisher\" content=\"https:\/\/www.facebook.com\/Frigate.Shtandart\/\" \/>\n<meta property=\"article:modified_time\" content=\"2025-03-29T07:28:47+00:00\" \/>\n<meta name=\"twitter:card\" content=\"summary_large_image\" \/>\n<meta name=\"twitter:label1\" content=\"Tiempo de lectura\" \/>\n\t<meta name=\"twitter:data1\" content=\"2 minutos\" \/>\n<script type=\"application\/ld+json\" class=\"yoast-schema-graph\">{\"@context\":\"https:\/\/schema.org\",\"@graph\":[{\"@type\":\"WebPage\",\"@id\":\"https:\/\/shtandart.eu\/vannes-golf-de-morbihan-26-05-29-05-2025\/\",\"url\":\"https:\/\/shtandart.eu\/vannes-golf-de-morbihan-26-05-29-05-2025\/\",\"name\":\"Vannes (Golf de Morbihan) - 26.05 \u2013 29.05 2025 - Shtandart\",\"isPartOf\":{\"@id\":\"https:\/\/shtandart.eu\/#website\"},\"datePublished\":\"2025-03-28T07:34:44+00:00\",\"dateModified\":\"2025-03-29T07:28:47+00:00\",\"breadcrumb\":{\"@id\":\"https:\/\/shtandart.eu\/vannes-golf-de-morbihan-26-05-29-05-2025\/#breadcrumb\"},\"inLanguage\":\"es\",\"potentialAction\":[{\"@type\":\"ReadAction\",\"target\":[\"https:\/\/shtandart.eu\/vannes-golf-de-morbihan-26-05-29-05-2025\/\"]}]},{\"@type\":\"BreadcrumbList\",\"@id\":\"https:\/\/shtandart.eu\/vannes-golf-de-morbihan-26-05-29-05-2025\/#breadcrumb\",\"itemListElement\":[{\"@type\":\"ListItem\",\"position\":1,\"name\":\"Home\",\"item\":\"https:\/\/shtandart.eu\/\"},{\"@type\":\"ListItem\",\"position\":2,\"name\":\"Vannes (Golf de Morbihan) &#8211; 26.05 \u2013 29.05 2025\"}]},{\"@type\":\"WebSite\",\"@id\":\"https:\/\/shtandart.eu\/#website\",\"url\":\"https:\/\/shtandart.eu\/\",\"name\":\"Shtandart\",\"description\":\"\",\"publisher\":{\"@id\":\"https:\/\/shtandart.eu\/#organization\"},\"potentialAction\":[{\"@type\":\"SearchAction\",\"target\":{\"@type\":\"EntryPoint\",\"urlTemplate\":\"https:\/\/shtandart.eu\/?s={search_term_string}\"},\"query-input\":{\"@type\":\"PropertyValueSpecification\",\"valueRequired\":true,\"valueName\":\"search_term_string\"}}],\"inLanguage\":\"es\"},{\"@type\":\"Organization\",\"@id\":\"https:\/\/shtandart.eu\/#organization\",\"name\":\"Shtandart\",\"url\":\"https:\/\/shtandart.eu\/\",\"logo\":{\"@type\":\"ImageObject\",\"inLanguage\":\"es\",\"@id\":\"https:\/\/shtandart.eu\/#\/schema\/logo\/image\/\",\"url\":\"https:\/\/shtandart.eu\/wp-content\/uploads\/2023\/12\/\u0411\u0435\u0437-\u0438\u043c\u0435\u043d\u0438-2.png\",\"contentUrl\":\"https:\/\/shtandart.eu\/wp-content\/uploads\/2023\/12\/\u0411\u0435\u0437-\u0438\u043c\u0435\u043d\u0438-2.png\",\"width\":512,\"height\":511,\"caption\":\"Shtandart\"},\"image\":{\"@id\":\"https:\/\/shtandart.eu\/#\/schema\/logo\/image\/\"},\"sameAs\":[\"https:\/\/www.facebook.com\/Frigate.Shtandart\/\"]}]}<\/script>\n<!-- \/ Yoast SEO plugin. -->","yoast_head_json":{"title":"Vannes (Golf de Morbihan) - 26.05 \u2013 29.05 2025 - Shtandart","robots":{"index":"index","follow":"follow","max-snippet":"max-snippet:-1","max-image-preview":"max-image-preview:large","max-video-preview":"max-video-preview:-1"},"canonical":"https:\/\/shtandart.eu\/es\/vannes-golf-de-morbihan-26-05-29-05-2025\/","og_locale":"es_ES","og_type":"article","og_title":"Vannes (Golf de Morbihan) - 26.05 \u2013 29.05 2025 - Shtandart","og_description":"Departure from: VannesBoarding: 26\/05 2025, 10:00Destination: VannesDisembarkation: 29\/05 2025, 10:00Days on board: 4 A Journey on the Training Frigate Shtandart: Exploring the Golf de Morbihan Embark on a unique voyage aboard the Shtandart, the unique replica of an 18th-century frigate, and immerse yourself in the world of historical navigation. This journey offers an exceptional opportunity [&hellip;]","og_url":"https:\/\/shtandart.eu\/es\/vannes-golf-de-morbihan-26-05-29-05-2025\/","og_site_name":"Shtandart","article_publisher":"https:\/\/www.facebook.com\/Frigate.Shtandart\/","article_modified_time":"2025-03-29T07:28:47+00:00","twitter_card":"summary_large_image","twitter_misc":{"Tiempo de lectura":"2 minutos"},"schema":{"@context":"https:\/\/schema.org","@graph":[{"@type":"WebPage","@id":"https:\/\/shtandart.eu\/vannes-golf-de-morbihan-26-05-29-05-2025\/","url":"https:\/\/shtandart.eu\/vannes-golf-de-morbihan-26-05-29-05-2025\/","name":"Vannes (Golf de Morbihan) - 26.05 \u2013 29.05 2025 - Shtandart","isPartOf":{"@id":"https:\/\/shtandart.eu\/#website"},"datePublished":"2025-03-28T07:34:44+00:00","dateModified":"2025-03-29T07:28:47+00:00","breadcrumb":{"@id":"https:\/\/shtandart.eu\/vannes-golf-de-morbihan-26-05-29-05-2025\/#breadcrumb"},"inLanguage":"es","potentialAction":[{"@type":"ReadAction","target":["https:\/\/shtandart.eu\/vannes-golf-de-morbihan-26-05-29-05-2025\/"]}]},{"@type":"BreadcrumbList","@id":"https:\/\/shtandart.eu\/vannes-golf-de-morbihan-26-05-29-05-2025\/#breadcrumb","itemListElement":[{"@type":"ListItem","position":1,"name":"Home","item":"https:\/\/shtandart.eu\/"},{"@type":"ListItem","position":2,"name":"Vannes (Golf de Morbihan) &#8211; 26.05 \u2013 29.05 2025"}]},{"@type":"WebSite","@id":"https:\/\/shtandart.eu\/#website","url":"https:\/\/shtandart.eu\/","name":"Shtandart","description":"","publisher":{"@id":"https:\/\/shtandart.eu\/#organization"},"potentialAction":[{"@type":"SearchAction","target":{"@type":"EntryPoint","urlTemplate":"https:\/\/shtandart.eu\/?s={search_term_string}"},"query-input":{"@type":"PropertyValueSpecification","valueRequired":true,"valueName":"search_term_string"}}],"inLanguage":"es"},{"@type":"Organization","@id":"https:\/\/shtandart.eu\/#organization","name":"Shtandart","url":"https:\/\/shtandart.eu\/","logo":{"@type":"ImageObject","inLanguage":"es","@id":"https:\/\/shtandart.eu\/#\/schema\/logo\/image\/","url":"https:\/\/shtandart.eu\/wp-content\/uploads\/2023\/12\/\u0411\u0435\u0437-\u0438\u043c\u0435\u043d\u0438-2.png","contentUrl":"https:\/\/shtandart.eu\/wp-content\/uploads\/2023\/12\/\u0411\u0435\u0437-\u0438\u043c\u0435\u043d\u0438-2.png","width":512,"height":511,"caption":"Shtandart"},"image":{"@id":"https:\/\/shtandart.eu\/#\/schema\/logo\/image\/"},"sameAs":["https:\/\/www.facebook.com\/Frigate.Shtandart\/"]}]}},"_links":{"self":[{"href":"https:\/\/shtandart.eu\/es\/wp-json\/wp\/v2\/pages\/4449","targetHints":{"allow":["GET"]}}],"collection":[{"href":"https:\/\/shtandart.eu\/es\/wp-json\/wp\/v2\/pages"}],"about":[{"href":"https:\/\/shtandart.eu\/es\/wp-json\/wp\/v2\/types\/page"}],"author":[{"embeddable":true,"href":"https:\/\/shtandart.eu\/es\/wp-json\/wp\/v2\/users\/990011"}],"replies":[{"embeddable":true,"href":"https:\/\/shtandart.eu\/es\/wp-json\/wp\/v2\/comments?post=4449"}],"version-history":[{"count":3,"href":"https:\/\/shtandart.eu\/es\/wp-json\/wp\/v2\/pages\/4449\/revisions"}],"predecessor-version":[{"id":4460,"href":"https:\/\/shtandart.eu\/es\/wp-json\/wp\/v2\/pages\/4449\/revisions\/4460"}],"wp:attachment":[{"href":"https:\/\/shtandart.eu\/es\/wp-json\/wp\/v2\/media?parent=4449"}],"curies":[{"name":"wp","href":"https:\/\/api.w.org\/{rel}","templated":true}]}}