{"id":4150,"date":"2024-12-18T16:20:10","date_gmt":"2024-12-18T15:20:10","guid":{"rendered":"https:\/\/shtandart.eu\/?page_id=4150"},"modified":"2024-12-19T11:46:10","modified_gmt":"2024-12-19T10:46:10","slug":"association","status":"publish","type":"page","link":"https:\/\/shtandart.eu\/es\/association\/","title":{"rendered":"VOLUNTEER ASSOCIATION FOR THE SUPPORT OF SAILING SCHOOL-SHIP SHTANDART"},"content":{"rendered":"<p>Since her launch, the iconic Shtandart has been sailing across Europe, from Norwegian fjords to the sunny shores of Cyprus, via Madeira and Morocco. Her international crew welcomes the world aboard, sharing the spirit of adventure and cultural exchange.<\/p>\n\n\n\n<p>French ports have always been a warm home for Shtandart, recognizing her mission to promote humanistic and cultural values. Even in the most challenging times\u2014whether during global health crises or diplomatic hurdles\u2014Shtandart has been embraced by the French maritime community.<\/p>\n\n\n\n<p>But this is only possible thanks to the dedication of her supporters! Here in France, a vibrant network of volunteers keeps the ship sailing. They bring their passion, skills, and time to ensure Shtandart thrives.<\/p>\n\n\n\n<p>Our association exists to help the ship during her many visits to France. We:<\/p>\n\n\n\n<ul class=\"wp-block-list\">\n<li>Promote the ship\u2019s unique story and mission.<\/li>\n\n\n\n<li>Recruit trainees to embark on unforgettable learning journeys.<\/li>\n\n\n\n<li>Assist with maintenance tasks, from hands-on repair work to painting and other crucial upkeep.<\/li>\n\n\n\n<li>Welcome the public aboard during festivals and port visits, sharing Shtandart\u2019s history and charm.<\/li>\n<\/ul>\n\n\n\n<p>By joining us, you\u2019ll become part of an incredible community that supports a one-of-a-kind ship. Whether you love the sea, history, teamwork, or simply want to give back, there\u2019s a place for you in our association.<\/p>\n\n\n\n<p>Interested? Get involved!<br>To learn more, <a href=\"https:\/\/shtandart.eu\/wp-content\/uploads\/2024\/12\/statuts.pdf\">check out our statutes<\/a> or <a href=\"mailto:asb@shtandart.fr\">contact us<\/a> directly. Let\u2019s work together to keep the Shtandart sailing strong and inspiring people across Europe.<\/p>\n\n\n\n<p>Your support means the world\u2014to the ship, her crew, and everyone who gets to experience her magic.<\/p>\n\n\n\n<h5 id=\"wp-block-themeisle-blocks-advanced-heading-521b2f94\" class=\"wp-block-themeisle-blocks-advanced-heading wp-block-themeisle-blocks-advanced-heading-521b2f94\">Contacts:<\/h5>\n\n\n\n<p>ASSOCIATION DE SOUTIEN B\u00c9N\u00c9VOLE AU VOILIER-\u00c9COLE SHTANDART<\/p>\n\n\n\n<p><strong>Correo electr\u00f3nico<\/strong>: <a href=\"mailto:asb@shtandart.fr\">asb@shtandart.fr<\/a><\/p>\n\n\n\n<p><\/p>","protected":false},"excerpt":{"rendered":"<p>Since her launch, the iconic Shtandart has been sailing across Europe, from Norwegian fjords to the sunny shores of Cyprus, via Madeira and Morocco. Her international crew welcomes the world aboard, sharing the spirit of adventure and cultural exchange. French ports have always been a warm home for Shtandart, recognizing her mission to promote humanistic [&hellip;]<\/p>","protected":false},"author":990016,"featured_media":0,"parent":0,"menu_order":0,"comment_status":"closed","ping_status":"closed","template":"","meta":{"_themeisle_gutenberg_block_has_review":false,"footnotes":""},"class_list":["post-4150","page","type-page","status-publish","hentry"],"yoast_head":"<!-- This site is optimized with the Yoast SEO plugin v25.5 - https:\/\/yoast.com\/wordpress\/plugins\/seo\/ -->\n<title>VOLUNTEER ASSOCIATION FOR THE SUPPORT OF SAILING SCHOOL-SHIP SHTANDART - Shtandart<\/title>\n<meta name=\"robots\" content=\"index, follow, max-snippet:-1, max-image-preview:large, max-video-preview:-1\" \/>\n<link rel=\"canonical\" href=\"https:\/\/shtandart.eu\/es\/association\/\" \/>\n<meta property=\"og:locale\" content=\"es_ES\" \/>\n<meta property=\"og:type\" content=\"article\" \/>\n<meta property=\"og:title\" content=\"VOLUNTEER ASSOCIATION FOR THE SUPPORT OF SAILING SCHOOL-SHIP SHTANDART - Shtandart\" \/>\n<meta property=\"og:description\" content=\"Since her launch, the iconic Shtandart has been sailing across Europe, from Norwegian fjords to the sunny shores of Cyprus, via Madeira and Morocco. Her international crew welcomes the world aboard, sharing the spirit of adventure and cultural exchange. French ports have always been a warm home for Shtandart, recognizing her mission to promote humanistic [&hellip;]\" \/>\n<meta property=\"og:url\" content=\"https:\/\/shtandart.eu\/es\/association\/\" \/>\n<meta property=\"og:site_name\" content=\"Shtandart\" \/>\n<meta property=\"article:publisher\" content=\"https:\/\/www.facebook.com\/Frigate.Shtandart\/\" \/>\n<meta property=\"article:modified_time\" content=\"2024-12-19T10:46:10+00:00\" \/>\n<meta name=\"twitter:card\" content=\"summary_large_image\" \/>\n<meta name=\"twitter:label1\" content=\"Tiempo de lectura\" \/>\n\t<meta name=\"twitter:data1\" content=\"1 minuto\" \/>\n<script type=\"application\/ld+json\" class=\"yoast-schema-graph\">{\"@context\":\"https:\/\/schema.org\",\"@graph\":[{\"@type\":\"WebPage\",\"@id\":\"https:\/\/shtandart.eu\/fr\/association\/\",\"url\":\"https:\/\/shtandart.eu\/fr\/association\/\",\"name\":\"VOLUNTEER ASSOCIATION FOR THE SUPPORT OF SAILING SCHOOL-SHIP SHTANDART - Shtandart\",\"isPartOf\":{\"@id\":\"https:\/\/shtandart.eu\/#website\"},\"datePublished\":\"2024-12-18T15:20:10+00:00\",\"dateModified\":\"2024-12-19T10:46:10+00:00\",\"breadcrumb\":{\"@id\":\"https:\/\/shtandart.eu\/fr\/association\/#breadcrumb\"},\"inLanguage\":\"es\",\"potentialAction\":[{\"@type\":\"ReadAction\",\"target\":[\"https:\/\/shtandart.eu\/fr\/association\/\"]}]},{\"@type\":\"BreadcrumbList\",\"@id\":\"https:\/\/shtandart.eu\/fr\/association\/#breadcrumb\",\"itemListElement\":[{\"@type\":\"ListItem\",\"position\":1,\"name\":\"Home\",\"item\":\"https:\/\/shtandart.eu\/\"},{\"@type\":\"ListItem\",\"position\":2,\"name\":\"VOLUNTEER ASSOCIATION FOR THE SUPPORT OF SAILING SCHOOL-SHIP SHTANDART\"}]},{\"@type\":\"WebSite\",\"@id\":\"https:\/\/shtandart.eu\/#website\",\"url\":\"https:\/\/shtandart.eu\/\",\"name\":\"Shtandart\",\"description\":\"\",\"publisher\":{\"@id\":\"https:\/\/shtandart.eu\/#organization\"},\"potentialAction\":[{\"@type\":\"SearchAction\",\"target\":{\"@type\":\"EntryPoint\",\"urlTemplate\":\"https:\/\/shtandart.eu\/?s={search_term_string}\"},\"query-input\":{\"@type\":\"PropertyValueSpecification\",\"valueRequired\":true,\"valueName\":\"search_term_string\"}}],\"inLanguage\":\"es\"},{\"@type\":\"Organization\",\"@id\":\"https:\/\/shtandart.eu\/#organization\",\"name\":\"Shtandart\",\"url\":\"https:\/\/shtandart.eu\/\",\"logo\":{\"@type\":\"ImageObject\",\"inLanguage\":\"es\",\"@id\":\"https:\/\/shtandart.eu\/#\/schema\/logo\/image\/\",\"url\":\"https:\/\/shtandart.eu\/wp-content\/uploads\/2023\/12\/\u0411\u0435\u0437-\u0438\u043c\u0435\u043d\u0438-2.png\",\"contentUrl\":\"https:\/\/shtandart.eu\/wp-content\/uploads\/2023\/12\/\u0411\u0435\u0437-\u0438\u043c\u0435\u043d\u0438-2.png\",\"width\":512,\"height\":511,\"caption\":\"Shtandart\"},\"image\":{\"@id\":\"https:\/\/shtandart.eu\/#\/schema\/logo\/image\/\"},\"sameAs\":[\"https:\/\/www.facebook.com\/Frigate.Shtandart\/\"]}]}<\/script>\n<!-- \/ Yoast SEO plugin. -->","yoast_head_json":{"title":"VOLUNTEER ASSOCIATION FOR THE SUPPORT OF SAILING SCHOOL-SHIP SHTANDART - Shtandart","robots":{"index":"index","follow":"follow","max-snippet":"max-snippet:-1","max-image-preview":"max-image-preview:large","max-video-preview":"max-video-preview:-1"},"canonical":"https:\/\/shtandart.eu\/es\/association\/","og_locale":"es_ES","og_type":"article","og_title":"VOLUNTEER ASSOCIATION FOR THE SUPPORT OF SAILING SCHOOL-SHIP SHTANDART - Shtandart","og_description":"Since her launch, the iconic Shtandart has been sailing across Europe, from Norwegian fjords to the sunny shores of Cyprus, via Madeira and Morocco. Her international crew welcomes the world aboard, sharing the spirit of adventure and cultural exchange. French ports have always been a warm home for Shtandart, recognizing her mission to promote humanistic [&hellip;]","og_url":"https:\/\/shtandart.eu\/es\/association\/","og_site_name":"Shtandart","article_publisher":"https:\/\/www.facebook.com\/Frigate.Shtandart\/","article_modified_time":"2024-12-19T10:46:10+00:00","twitter_card":"summary_large_image","twitter_misc":{"Tiempo de lectura":"1 minuto"},"schema":{"@context":"https:\/\/schema.org","@graph":[{"@type":"WebPage","@id":"https:\/\/shtandart.eu\/fr\/association\/","url":"https:\/\/shtandart.eu\/fr\/association\/","name":"VOLUNTEER ASSOCIATION FOR THE SUPPORT OF SAILING SCHOOL-SHIP SHTANDART - Shtandart","isPartOf":{"@id":"https:\/\/shtandart.eu\/#website"},"datePublished":"2024-12-18T15:20:10+00:00","dateModified":"2024-12-19T10:46:10+00:00","breadcrumb":{"@id":"https:\/\/shtandart.eu\/fr\/association\/#breadcrumb"},"inLanguage":"es","potentialAction":[{"@type":"ReadAction","target":["https:\/\/shtandart.eu\/fr\/association\/"]}]},{"@type":"BreadcrumbList","@id":"https:\/\/shtandart.eu\/fr\/association\/#breadcrumb","itemListElement":[{"@type":"ListItem","position":1,"name":"Home","item":"https:\/\/shtandart.eu\/"},{"@type":"ListItem","position":2,"name":"VOLUNTEER ASSOCIATION FOR THE SUPPORT OF SAILING SCHOOL-SHIP SHTANDART"}]},{"@type":"WebSite","@id":"https:\/\/shtandart.eu\/#website","url":"https:\/\/shtandart.eu\/","name":"Shtandart","description":"","publisher":{"@id":"https:\/\/shtandart.eu\/#organization"},"potentialAction":[{"@type":"SearchAction","target":{"@type":"EntryPoint","urlTemplate":"https:\/\/shtandart.eu\/?s={search_term_string}"},"query-input":{"@type":"PropertyValueSpecification","valueRequired":true,"valueName":"search_term_string"}}],"inLanguage":"es"},{"@type":"Organization","@id":"https:\/\/shtandart.eu\/#organization","name":"Shtandart","url":"https:\/\/shtandart.eu\/","logo":{"@type":"ImageObject","inLanguage":"es","@id":"https:\/\/shtandart.eu\/#\/schema\/logo\/image\/","url":"https:\/\/shtandart.eu\/wp-content\/uploads\/2023\/12\/\u0411\u0435\u0437-\u0438\u043c\u0435\u043d\u0438-2.png","contentUrl":"https:\/\/shtandart.eu\/wp-content\/uploads\/2023\/12\/\u0411\u0435\u0437-\u0438\u043c\u0435\u043d\u0438-2.png","width":512,"height":511,"caption":"Shtandart"},"image":{"@id":"https:\/\/shtandart.eu\/#\/schema\/logo\/image\/"},"sameAs":["https:\/\/www.facebook.com\/Frigate.Shtandart\/"]}]}},"_links":{"self":[{"href":"https:\/\/shtandart.eu\/es\/wp-json\/wp\/v2\/pages\/4150","targetHints":{"allow":["GET"]}}],"collection":[{"href":"https:\/\/shtandart.eu\/es\/wp-json\/wp\/v2\/pages"}],"about":[{"href":"https:\/\/shtandart.eu\/es\/wp-json\/wp\/v2\/types\/page"}],"author":[{"embeddable":true,"href":"https:\/\/shtandart.eu\/es\/wp-json\/wp\/v2\/users\/990016"}],"replies":[{"embeddable":true,"href":"https:\/\/shtandart.eu\/es\/wp-json\/wp\/v2\/comments?post=4150"}],"version-history":[{"count":8,"href":"https:\/\/shtandart.eu\/es\/wp-json\/wp\/v2\/pages\/4150\/revisions"}],"predecessor-version":[{"id":4166,"href":"https:\/\/shtandart.eu\/es\/wp-json\/wp\/v2\/pages\/4150\/revisions\/4166"}],"wp:attachment":[{"href":"https:\/\/shtandart.eu\/es\/wp-json\/wp\/v2\/media?parent=4150"}],"curies":[{"name":"wp","href":"https:\/\/api.w.org\/{rel}","templated":true}]}}