{"id":4095,"date":"2024-12-05T19:34:36","date_gmt":"2024-12-05T18:34:36","guid":{"rendered":"https:\/\/shtandart.eu\/?page_id=4095"},"modified":"2024-12-15T16:03:13","modified_gmt":"2024-12-15T15:03:13","slug":"la-rochelle-calais-29-04-04-05-2025","status":"publish","type":"page","link":"https:\/\/shtandart.eu\/es\/la-rochelle-calais-29-04-04-05-2025\/","title":{"rendered":"La Rochelle \u2013 Calais 29.04 \u2013 04.05 2025"},"content":{"rendered":"<p><strong>Departure from: La Rochelle<br>Boarding: 29\/04, 2025, 18:00<br>Destination: Calais<br>Disembarkation: 04\/05, 2025, 18:00<br>Days on board: 6<\/strong><\/p>\n\n\n\n<p>Embark on a thrilling 6-days voyage aboard the Shtandart, a stunning replica of an 18th-century wooden frigate. This extraordinary adventure takes you to the English Channel (La Manche), offering a rare chance to combine hands-on sailing with an in-depth exploration of historical seafaring and navigation.<\/p>\n\n\n\n<p>Sailing aboard the Shtandart isn\u2019t just a journey\u2014it\u2019s a step back in time. Join the crew as you hoist sails, climb the masts, and steer the helm through diverse weather conditions. The English Channel is a dynamic waterway, offering you a unique chance to experience the challenges and rewards of real maritime teamwork.<br><br>Delve into the unique construction of the Shtandart, from its handcrafted wooden hull to the intricate rigging. Every plank and line of this ship is a testament to the ingenuity and craftsmanship of the Age of Sail. As you sail, you\u2019ll gain a deeper appreciation for the challenges and triumphs of navigating such vessels across unpredictable seas.<\/p>\n\n\n\n<p>Sailing the English Channel is more than just a physical journey\u2014it\u2019s a voyage through history. Follow in the wake of explorers, traders, and naval officers who sailed these waters centuries ago, shaping the cultural and economic ties between England and France.<\/p>\n\n\n\n<p><strong>Alojamiento y comodidades:<\/strong><\/p>\n\n\n\n<p>Elige dormir en una hamaca, como hac\u00edan los marineros hace tres siglos, u opta por una litera. Tanto en el mar como en tierra, ofrecemos cuatro comidas al d\u00eda. La vida a bordo se divide en guardias, en las que participar\u00e1s activamente durante toda tu estancia.<\/p>\n\n\n\n<p class=\" translation-block\">For more information about life on the ship, visit&nbsp;<a href=\"\/about-shtandart\/life-on-board\/\" target=\"_self\">here<\/a>.<\/p>\n\n\n\n<p class=\" translation-block\">Are you ready to sail with us? Send a request to&nbsp;<a href=\"mailto:voyage@shtandart.eu\" target=\"_self\">voyage@shtandart.eu<\/a>&nbsp;to reserve your adventure!<\/p>","protected":false},"excerpt":{"rendered":"<p>Departure from: La RochelleBoarding: 29\/04, 2025, 18:00Destination: CalaisDisembarkation: 04\/05, 2025, 18:00Days on board: 6 Embark on a thrilling 6-days voyage aboard the Shtandart, a stunning replica of an 18th-century wooden frigate. This extraordinary adventure takes you to the English Channel (La Manche), offering a rare chance to combine hands-on sailing with an in-depth exploration of [&hellip;]<\/p>","protected":false},"author":990011,"featured_media":0,"parent":0,"menu_order":0,"comment_status":"closed","ping_status":"closed","template":"","meta":{"_themeisle_gutenberg_block_has_review":false,"footnotes":""},"class_list":["post-4095","page","type-page","status-publish","hentry"],"yoast_head":"<!-- This site is optimized with the Yoast SEO plugin v25.5 - https:\/\/yoast.com\/wordpress\/plugins\/seo\/ -->\n<title>La Rochelle \u2013 Calais 29.04 \u2013 04.05 2025 - Shtandart<\/title>\n<meta name=\"robots\" content=\"index, follow, max-snippet:-1, max-image-preview:large, max-video-preview:-1\" \/>\n<link rel=\"canonical\" href=\"https:\/\/shtandart.eu\/es\/la-rochelle-calais-29-04-04-05-2025\/\" \/>\n<meta property=\"og:locale\" content=\"es_ES\" \/>\n<meta property=\"og:type\" content=\"article\" \/>\n<meta property=\"og:title\" content=\"La Rochelle \u2013 Calais 29.04 \u2013 04.05 2025 - Shtandart\" \/>\n<meta property=\"og:description\" content=\"Departure from: La RochelleBoarding: 29\/04, 2025, 18:00Destination: CalaisDisembarkation: 04\/05, 2025, 18:00Days on board: 6 Embark on a thrilling 6-days voyage aboard the Shtandart, a stunning replica of an 18th-century wooden frigate. This extraordinary adventure takes you to the English Channel (La Manche), offering a rare chance to combine hands-on sailing with an in-depth exploration of [&hellip;]\" \/>\n<meta property=\"og:url\" content=\"https:\/\/shtandart.eu\/es\/la-rochelle-calais-29-04-04-05-2025\/\" \/>\n<meta property=\"og:site_name\" content=\"Shtandart\" \/>\n<meta property=\"article:publisher\" content=\"https:\/\/www.facebook.com\/Frigate.Shtandart\/\" \/>\n<meta property=\"article:modified_time\" content=\"2024-12-15T15:03:13+00:00\" \/>\n<meta name=\"twitter:card\" content=\"summary_large_image\" \/>\n<meta name=\"twitter:label1\" content=\"Tiempo de lectura\" \/>\n\t<meta name=\"twitter:data1\" content=\"1 minuto\" \/>\n<script type=\"application\/ld+json\" class=\"yoast-schema-graph\">{\"@context\":\"https:\/\/schema.org\",\"@graph\":[{\"@type\":\"WebPage\",\"@id\":\"https:\/\/shtandart.eu\/la-rochelle-calais-29-04-04-05-2025\/\",\"url\":\"https:\/\/shtandart.eu\/la-rochelle-calais-29-04-04-05-2025\/\",\"name\":\"La Rochelle \u2013 Calais 29.04 \u2013 04.05 2025 - Shtandart\",\"isPartOf\":{\"@id\":\"https:\/\/shtandart.eu\/#website\"},\"datePublished\":\"2024-12-05T18:34:36+00:00\",\"dateModified\":\"2024-12-15T15:03:13+00:00\",\"breadcrumb\":{\"@id\":\"https:\/\/shtandart.eu\/la-rochelle-calais-29-04-04-05-2025\/#breadcrumb\"},\"inLanguage\":\"es\",\"potentialAction\":[{\"@type\":\"ReadAction\",\"target\":[\"https:\/\/shtandart.eu\/la-rochelle-calais-29-04-04-05-2025\/\"]}]},{\"@type\":\"BreadcrumbList\",\"@id\":\"https:\/\/shtandart.eu\/la-rochelle-calais-29-04-04-05-2025\/#breadcrumb\",\"itemListElement\":[{\"@type\":\"ListItem\",\"position\":1,\"name\":\"Home\",\"item\":\"https:\/\/shtandart.eu\/\"},{\"@type\":\"ListItem\",\"position\":2,\"name\":\"La Rochelle \u2013 Calais 29.04 \u2013 04.05 2025\"}]},{\"@type\":\"WebSite\",\"@id\":\"https:\/\/shtandart.eu\/#website\",\"url\":\"https:\/\/shtandart.eu\/\",\"name\":\"Shtandart\",\"description\":\"\",\"publisher\":{\"@id\":\"https:\/\/shtandart.eu\/#organization\"},\"potentialAction\":[{\"@type\":\"SearchAction\",\"target\":{\"@type\":\"EntryPoint\",\"urlTemplate\":\"https:\/\/shtandart.eu\/?s={search_term_string}\"},\"query-input\":{\"@type\":\"PropertyValueSpecification\",\"valueRequired\":true,\"valueName\":\"search_term_string\"}}],\"inLanguage\":\"es\"},{\"@type\":\"Organization\",\"@id\":\"https:\/\/shtandart.eu\/#organization\",\"name\":\"Shtandart\",\"url\":\"https:\/\/shtandart.eu\/\",\"logo\":{\"@type\":\"ImageObject\",\"inLanguage\":\"es\",\"@id\":\"https:\/\/shtandart.eu\/#\/schema\/logo\/image\/\",\"url\":\"https:\/\/shtandart.eu\/wp-content\/uploads\/2023\/12\/\u0411\u0435\u0437-\u0438\u043c\u0435\u043d\u0438-2.png\",\"contentUrl\":\"https:\/\/shtandart.eu\/wp-content\/uploads\/2023\/12\/\u0411\u0435\u0437-\u0438\u043c\u0435\u043d\u0438-2.png\",\"width\":512,\"height\":511,\"caption\":\"Shtandart\"},\"image\":{\"@id\":\"https:\/\/shtandart.eu\/#\/schema\/logo\/image\/\"},\"sameAs\":[\"https:\/\/www.facebook.com\/Frigate.Shtandart\/\"]}]}<\/script>\n<!-- \/ Yoast SEO plugin. -->","yoast_head_json":{"title":"La Rochelle \u2013 Calais 29.04 \u2013 04.05 2025 - Shtandart","robots":{"index":"index","follow":"follow","max-snippet":"max-snippet:-1","max-image-preview":"max-image-preview:large","max-video-preview":"max-video-preview:-1"},"canonical":"https:\/\/shtandart.eu\/es\/la-rochelle-calais-29-04-04-05-2025\/","og_locale":"es_ES","og_type":"article","og_title":"La Rochelle \u2013 Calais 29.04 \u2013 04.05 2025 - Shtandart","og_description":"Departure from: La RochelleBoarding: 29\/04, 2025, 18:00Destination: CalaisDisembarkation: 04\/05, 2025, 18:00Days on board: 6 Embark on a thrilling 6-days voyage aboard the Shtandart, a stunning replica of an 18th-century wooden frigate. This extraordinary adventure takes you to the English Channel (La Manche), offering a rare chance to combine hands-on sailing with an in-depth exploration of [&hellip;]","og_url":"https:\/\/shtandart.eu\/es\/la-rochelle-calais-29-04-04-05-2025\/","og_site_name":"Shtandart","article_publisher":"https:\/\/www.facebook.com\/Frigate.Shtandart\/","article_modified_time":"2024-12-15T15:03:13+00:00","twitter_card":"summary_large_image","twitter_misc":{"Tiempo de lectura":"1 minuto"},"schema":{"@context":"https:\/\/schema.org","@graph":[{"@type":"WebPage","@id":"https:\/\/shtandart.eu\/la-rochelle-calais-29-04-04-05-2025\/","url":"https:\/\/shtandart.eu\/la-rochelle-calais-29-04-04-05-2025\/","name":"La Rochelle \u2013 Calais 29.04 \u2013 04.05 2025 - Shtandart","isPartOf":{"@id":"https:\/\/shtandart.eu\/#website"},"datePublished":"2024-12-05T18:34:36+00:00","dateModified":"2024-12-15T15:03:13+00:00","breadcrumb":{"@id":"https:\/\/shtandart.eu\/la-rochelle-calais-29-04-04-05-2025\/#breadcrumb"},"inLanguage":"es","potentialAction":[{"@type":"ReadAction","target":["https:\/\/shtandart.eu\/la-rochelle-calais-29-04-04-05-2025\/"]}]},{"@type":"BreadcrumbList","@id":"https:\/\/shtandart.eu\/la-rochelle-calais-29-04-04-05-2025\/#breadcrumb","itemListElement":[{"@type":"ListItem","position":1,"name":"Home","item":"https:\/\/shtandart.eu\/"},{"@type":"ListItem","position":2,"name":"La Rochelle \u2013 Calais 29.04 \u2013 04.05 2025"}]},{"@type":"WebSite","@id":"https:\/\/shtandart.eu\/#website","url":"https:\/\/shtandart.eu\/","name":"Shtandart","description":"","publisher":{"@id":"https:\/\/shtandart.eu\/#organization"},"potentialAction":[{"@type":"SearchAction","target":{"@type":"EntryPoint","urlTemplate":"https:\/\/shtandart.eu\/?s={search_term_string}"},"query-input":{"@type":"PropertyValueSpecification","valueRequired":true,"valueName":"search_term_string"}}],"inLanguage":"es"},{"@type":"Organization","@id":"https:\/\/shtandart.eu\/#organization","name":"Shtandart","url":"https:\/\/shtandart.eu\/","logo":{"@type":"ImageObject","inLanguage":"es","@id":"https:\/\/shtandart.eu\/#\/schema\/logo\/image\/","url":"https:\/\/shtandart.eu\/wp-content\/uploads\/2023\/12\/\u0411\u0435\u0437-\u0438\u043c\u0435\u043d\u0438-2.png","contentUrl":"https:\/\/shtandart.eu\/wp-content\/uploads\/2023\/12\/\u0411\u0435\u0437-\u0438\u043c\u0435\u043d\u0438-2.png","width":512,"height":511,"caption":"Shtandart"},"image":{"@id":"https:\/\/shtandart.eu\/#\/schema\/logo\/image\/"},"sameAs":["https:\/\/www.facebook.com\/Frigate.Shtandart\/"]}]}},"_links":{"self":[{"href":"https:\/\/shtandart.eu\/es\/wp-json\/wp\/v2\/pages\/4095","targetHints":{"allow":["GET"]}}],"collection":[{"href":"https:\/\/shtandart.eu\/es\/wp-json\/wp\/v2\/pages"}],"about":[{"href":"https:\/\/shtandart.eu\/es\/wp-json\/wp\/v2\/types\/page"}],"author":[{"embeddable":true,"href":"https:\/\/shtandart.eu\/es\/wp-json\/wp\/v2\/users\/990011"}],"replies":[{"embeddable":true,"href":"https:\/\/shtandart.eu\/es\/wp-json\/wp\/v2\/comments?post=4095"}],"version-history":[{"count":5,"href":"https:\/\/shtandart.eu\/es\/wp-json\/wp\/v2\/pages\/4095\/revisions"}],"predecessor-version":[{"id":4129,"href":"https:\/\/shtandart.eu\/es\/wp-json\/wp\/v2\/pages\/4095\/revisions\/4129"}],"wp:attachment":[{"href":"https:\/\/shtandart.eu\/es\/wp-json\/wp\/v2\/media?parent=4095"}],"curies":[{"name":"wp","href":"https:\/\/api.w.org\/{rel}","templated":true}]}}