{"id":4063,"date":"2024-12-01T15:51:57","date_gmt":"2024-12-01T14:51:57","guid":{"rendered":"https:\/\/shtandart.eu\/?page_id=4063"},"modified":"2024-12-08T12:39:17","modified_gmt":"2024-12-08T11:39:17","slug":"la-rochelle-la-rochelle-15-04-24-04-2025","status":"publish","type":"page","link":"https:\/\/shtandart.eu\/es\/la-rochelle-la-rochelle-15-04-24-04-2025\/","title":{"rendered":"La Rochelle \u2013 La Rochelle 15.04 \u2013 24.04 2025"},"content":{"rendered":"<p><strong>Departure from: La Rochelle<br>Boarding: 15\/04 2025, 12:00<br>Destination: La Rochelle<br>Disembarkation: 24\/04 2025, 18:00<br>D\u00edas a Bordo: 10<\/strong><\/p>\n\n\n\n<p><strong>Set Sail into History aboard the Shtandart!<\/strong><\/p>\n\n\n\n<p>Step aboard the magnificent Shtandart, a stunning replica of the 18th-century frigate, and embark on an unforgettable journey into the past. On this ship, history comes alive as you experience life just as daring seafarers once did.<\/p>\n\n\n\n<p>This is no ordinary voyage. As a member of our crew, you\u2019ll actively participate in sailing the Shtandart. Learn to hoist and trim the sails, climb to the masts, and even take the helm to steer this historic vessel through serene coastlines or thrilling open waters. Each moment aboard is an immersive lesson in the art of traditional sailing\u2014a chance to truly connect with the timeless romance of the sea.<\/p>\n\n\n\n<p><strong>Discover Historical Navigation<\/strong><\/p>\n\n\n\n<p>Go beyond modern navigation tools and delve into the fascinating world of historical seafaring. Learn how mariners of the 18th century relied on the stars, the sun, and the wind to chart their course. Through hands-on practice, gain insights into celestial navigation, the use of sextants, and maritime maps. Whether you\u2019re a seasoned sailor or a curious beginner, these timeless skills will leave you with a newfound respect for the ingenuity of our ancestors.<\/p>\n\n\n\n<p><\/p>\n\n\n\n<p><strong>Alojamiento y comodidades:<\/strong><\/p>\n\n\n\n<p>Elige dormir en una hamaca, como hac\u00edan los marineros hace tres siglos, u opta por una litera. Tanto en el mar como en tierra, ofrecemos cuatro comidas al d\u00eda. La vida a bordo se divide en guardias, en las que participar\u00e1s activamente durante toda tu estancia.<\/p>\n\n\n\n<p class=\" translation-block\">For more information about life on the ship, visit&nbsp;<a href=\"\/about-shtandart\/life-on-board\/\" target=\"_self\">here<\/a>.<\/p>\n\n\n\n<p class=\" translation-block\">Are you ready to sail with us? Send a request to&nbsp;<a href=\"mailto:voyage@shtandart.eu\" target=\"_self\">voyage@shtandart.eu<\/a>&nbsp;to reserve your adventure!<\/p>","protected":false},"excerpt":{"rendered":"<p>Departure from: La RochelleBoarding: 15\/04 2025, 12:00Destination: La RochelleDisembarkation: 24\/04 2025, 18:00Days on board: 10 Set Sail into History aboard the Shtandart! Step aboard the magnificent Shtandart, a stunning replica of the 18th-century frigate, and embark on an unforgettable journey into the past. On this ship, history comes alive as you experience life just as [&hellip;]<\/p>","protected":false},"author":990011,"featured_media":0,"parent":0,"menu_order":0,"comment_status":"closed","ping_status":"closed","template":"","meta":{"_themeisle_gutenberg_block_has_review":false,"footnotes":""},"class_list":["post-4063","page","type-page","status-publish","hentry"],"yoast_head":"<!-- This site is optimized with the Yoast SEO plugin v25.5 - https:\/\/yoast.com\/wordpress\/plugins\/seo\/ -->\n<title>La Rochelle \u2013 La Rochelle 15.04 \u2013 24.04 2025 - Shtandart<\/title>\n<meta name=\"robots\" content=\"index, follow, max-snippet:-1, max-image-preview:large, max-video-preview:-1\" \/>\n<link rel=\"canonical\" href=\"https:\/\/shtandart.eu\/es\/la-rochelle-la-rochelle-15-04-24-04-2025\/\" \/>\n<meta property=\"og:locale\" content=\"es_ES\" \/>\n<meta property=\"og:type\" content=\"article\" \/>\n<meta property=\"og:title\" content=\"La Rochelle \u2013 La Rochelle 15.04 \u2013 24.04 2025 - Shtandart\" \/>\n<meta property=\"og:description\" content=\"Departure from: La RochelleBoarding: 15\/04 2025, 12:00Destination: La RochelleDisembarkation: 24\/04 2025, 18:00Days on board: 10 Set Sail into History aboard the Shtandart! Step aboard the magnificent Shtandart, a stunning replica of the 18th-century frigate, and embark on an unforgettable journey into the past. On this ship, history comes alive as you experience life just as [&hellip;]\" \/>\n<meta property=\"og:url\" content=\"https:\/\/shtandart.eu\/es\/la-rochelle-la-rochelle-15-04-24-04-2025\/\" \/>\n<meta property=\"og:site_name\" content=\"Shtandart\" \/>\n<meta property=\"article:publisher\" content=\"https:\/\/www.facebook.com\/Frigate.Shtandart\/\" \/>\n<meta property=\"article:modified_time\" content=\"2024-12-08T11:39:17+00:00\" \/>\n<meta name=\"twitter:card\" content=\"summary_large_image\" \/>\n<meta name=\"twitter:label1\" content=\"Tiempo de lectura\" \/>\n\t<meta name=\"twitter:data1\" content=\"1 minuto\" \/>\n<script type=\"application\/ld+json\" class=\"yoast-schema-graph\">{\"@context\":\"https:\/\/schema.org\",\"@graph\":[{\"@type\":\"WebPage\",\"@id\":\"https:\/\/shtandart.eu\/de\/la-rochelle-la-rochelle-15-04-24-04-2025\/\",\"url\":\"https:\/\/shtandart.eu\/de\/la-rochelle-la-rochelle-15-04-24-04-2025\/\",\"name\":\"La Rochelle \u2013 La Rochelle 15.04 \u2013 24.04 2025 - Shtandart\",\"isPartOf\":{\"@id\":\"https:\/\/shtandart.eu\/#website\"},\"datePublished\":\"2024-12-01T14:51:57+00:00\",\"dateModified\":\"2024-12-08T11:39:17+00:00\",\"breadcrumb\":{\"@id\":\"https:\/\/shtandart.eu\/de\/la-rochelle-la-rochelle-15-04-24-04-2025\/#breadcrumb\"},\"inLanguage\":\"es\",\"potentialAction\":[{\"@type\":\"ReadAction\",\"target\":[\"https:\/\/shtandart.eu\/de\/la-rochelle-la-rochelle-15-04-24-04-2025\/\"]}]},{\"@type\":\"BreadcrumbList\",\"@id\":\"https:\/\/shtandart.eu\/de\/la-rochelle-la-rochelle-15-04-24-04-2025\/#breadcrumb\",\"itemListElement\":[{\"@type\":\"ListItem\",\"position\":1,\"name\":\"Home\",\"item\":\"https:\/\/shtandart.eu\/\"},{\"@type\":\"ListItem\",\"position\":2,\"name\":\"La Rochelle \u2013 La Rochelle 15.04 \u2013 24.04 2025\"}]},{\"@type\":\"WebSite\",\"@id\":\"https:\/\/shtandart.eu\/#website\",\"url\":\"https:\/\/shtandart.eu\/\",\"name\":\"Shtandart\",\"description\":\"\",\"publisher\":{\"@id\":\"https:\/\/shtandart.eu\/#organization\"},\"potentialAction\":[{\"@type\":\"SearchAction\",\"target\":{\"@type\":\"EntryPoint\",\"urlTemplate\":\"https:\/\/shtandart.eu\/?s={search_term_string}\"},\"query-input\":{\"@type\":\"PropertyValueSpecification\",\"valueRequired\":true,\"valueName\":\"search_term_string\"}}],\"inLanguage\":\"es\"},{\"@type\":\"Organization\",\"@id\":\"https:\/\/shtandart.eu\/#organization\",\"name\":\"Shtandart\",\"url\":\"https:\/\/shtandart.eu\/\",\"logo\":{\"@type\":\"ImageObject\",\"inLanguage\":\"es\",\"@id\":\"https:\/\/shtandart.eu\/#\/schema\/logo\/image\/\",\"url\":\"https:\/\/shtandart.eu\/wp-content\/uploads\/2023\/12\/\u0411\u0435\u0437-\u0438\u043c\u0435\u043d\u0438-2.png\",\"contentUrl\":\"https:\/\/shtandart.eu\/wp-content\/uploads\/2023\/12\/\u0411\u0435\u0437-\u0438\u043c\u0435\u043d\u0438-2.png\",\"width\":512,\"height\":511,\"caption\":\"Shtandart\"},\"image\":{\"@id\":\"https:\/\/shtandart.eu\/#\/schema\/logo\/image\/\"},\"sameAs\":[\"https:\/\/www.facebook.com\/Frigate.Shtandart\/\"]}]}<\/script>\n<!-- \/ Yoast SEO plugin. -->","yoast_head_json":{"title":"La Rochelle \u2013 La Rochelle 15.04 \u2013 24.04 2025 - Shtandart","robots":{"index":"index","follow":"follow","max-snippet":"max-snippet:-1","max-image-preview":"max-image-preview:large","max-video-preview":"max-video-preview:-1"},"canonical":"https:\/\/shtandart.eu\/es\/la-rochelle-la-rochelle-15-04-24-04-2025\/","og_locale":"es_ES","og_type":"article","og_title":"La Rochelle \u2013 La Rochelle 15.04 \u2013 24.04 2025 - Shtandart","og_description":"Departure from: La RochelleBoarding: 15\/04 2025, 12:00Destination: La RochelleDisembarkation: 24\/04 2025, 18:00Days on board: 10 Set Sail into History aboard the Shtandart! Step aboard the magnificent Shtandart, a stunning replica of the 18th-century frigate, and embark on an unforgettable journey into the past. On this ship, history comes alive as you experience life just as [&hellip;]","og_url":"https:\/\/shtandart.eu\/es\/la-rochelle-la-rochelle-15-04-24-04-2025\/","og_site_name":"Shtandart","article_publisher":"https:\/\/www.facebook.com\/Frigate.Shtandart\/","article_modified_time":"2024-12-08T11:39:17+00:00","twitter_card":"summary_large_image","twitter_misc":{"Tiempo de lectura":"1 minuto"},"schema":{"@context":"https:\/\/schema.org","@graph":[{"@type":"WebPage","@id":"https:\/\/shtandart.eu\/de\/la-rochelle-la-rochelle-15-04-24-04-2025\/","url":"https:\/\/shtandart.eu\/de\/la-rochelle-la-rochelle-15-04-24-04-2025\/","name":"La Rochelle \u2013 La Rochelle 15.04 \u2013 24.04 2025 - Shtandart","isPartOf":{"@id":"https:\/\/shtandart.eu\/#website"},"datePublished":"2024-12-01T14:51:57+00:00","dateModified":"2024-12-08T11:39:17+00:00","breadcrumb":{"@id":"https:\/\/shtandart.eu\/de\/la-rochelle-la-rochelle-15-04-24-04-2025\/#breadcrumb"},"inLanguage":"es","potentialAction":[{"@type":"ReadAction","target":["https:\/\/shtandart.eu\/de\/la-rochelle-la-rochelle-15-04-24-04-2025\/"]}]},{"@type":"BreadcrumbList","@id":"https:\/\/shtandart.eu\/de\/la-rochelle-la-rochelle-15-04-24-04-2025\/#breadcrumb","itemListElement":[{"@type":"ListItem","position":1,"name":"Home","item":"https:\/\/shtandart.eu\/"},{"@type":"ListItem","position":2,"name":"La Rochelle \u2013 La Rochelle 15.04 \u2013 24.04 2025"}]},{"@type":"WebSite","@id":"https:\/\/shtandart.eu\/#website","url":"https:\/\/shtandart.eu\/","name":"Shtandart","description":"","publisher":{"@id":"https:\/\/shtandart.eu\/#organization"},"potentialAction":[{"@type":"SearchAction","target":{"@type":"EntryPoint","urlTemplate":"https:\/\/shtandart.eu\/?s={search_term_string}"},"query-input":{"@type":"PropertyValueSpecification","valueRequired":true,"valueName":"search_term_string"}}],"inLanguage":"es"},{"@type":"Organization","@id":"https:\/\/shtandart.eu\/#organization","name":"Shtandart","url":"https:\/\/shtandart.eu\/","logo":{"@type":"ImageObject","inLanguage":"es","@id":"https:\/\/shtandart.eu\/#\/schema\/logo\/image\/","url":"https:\/\/shtandart.eu\/wp-content\/uploads\/2023\/12\/\u0411\u0435\u0437-\u0438\u043c\u0435\u043d\u0438-2.png","contentUrl":"https:\/\/shtandart.eu\/wp-content\/uploads\/2023\/12\/\u0411\u0435\u0437-\u0438\u043c\u0435\u043d\u0438-2.png","width":512,"height":511,"caption":"Shtandart"},"image":{"@id":"https:\/\/shtandart.eu\/#\/schema\/logo\/image\/"},"sameAs":["https:\/\/www.facebook.com\/Frigate.Shtandart\/"]}]}},"_links":{"self":[{"href":"https:\/\/shtandart.eu\/es\/wp-json\/wp\/v2\/pages\/4063","targetHints":{"allow":["GET"]}}],"collection":[{"href":"https:\/\/shtandart.eu\/es\/wp-json\/wp\/v2\/pages"}],"about":[{"href":"https:\/\/shtandart.eu\/es\/wp-json\/wp\/v2\/types\/page"}],"author":[{"embeddable":true,"href":"https:\/\/shtandart.eu\/es\/wp-json\/wp\/v2\/users\/990011"}],"replies":[{"embeddable":true,"href":"https:\/\/shtandart.eu\/es\/wp-json\/wp\/v2\/comments?post=4063"}],"version-history":[{"count":2,"href":"https:\/\/shtandart.eu\/es\/wp-json\/wp\/v2\/pages\/4063\/revisions"}],"predecessor-version":[{"id":4111,"href":"https:\/\/shtandart.eu\/es\/wp-json\/wp\/v2\/pages\/4063\/revisions\/4111"}],"wp:attachment":[{"href":"https:\/\/shtandart.eu\/es\/wp-json\/wp\/v2\/media?parent=4063"}],"curies":[{"name":"wp","href":"https:\/\/api.w.org\/{rel}","templated":true}]}}