{"id":2484,"date":"2023-09-30T14:23:10","date_gmt":"2023-09-30T12:23:10","guid":{"rendered":"https:\/\/shtandart.eu\/?page_id=2484"},"modified":"2024-04-06T09:17:29","modified_gmt":"2024-04-06T07:17:29","slug":"castellion-tanger-08-04-15-04","status":"publish","type":"page","link":"https:\/\/shtandart.eu\/es\/castellion-tanger-08-04-15-04\/","title":{"rendered":"Denia* &#8211; Tangier 08.04 &#8211; 15.04"},"content":{"rendered":"<p><strong>Port of Departure: <br>Boarding: April 8, 2024, at 09:00<br>Departure: April 9, 2024, at 08:00<br>Destination Port: <strong>Tangier<\/strong><br>Arrival: April 14, 2024, at 12:00<br>Disembarkation: April 15, 2024, at 10:00<br>Days on board: 8<br>Contribution for Organising the Voyage: \u20ac795\/\u20ac595<\/strong><\/p>\n\n\n\n<p>So, we&#8217;re back to the equally vibrant and bustling Morocco. 500 nautical miles in the southwest direction and once again, the enchanting city of Tangier opens its port before us. If you&#8217;re here for the first time, make sure to explore the local attractions: the Dar-el-Makhzen Palace, the medieval Bab-el-Assa gates, and the famous Eastern bazaar.<\/p>\n\n\n\n<p>And if you have the opportunity to stay for a few days, be sure to visit one of the most famous places in the world, a city painted in various shades of blue &#8211; Chefchaouen. Truly extraordinary, it will captivate you with its typical architecture, clay pots of flowers against heavenly walls and vivid carpets with intricate patterns. In these parts, spring is incredibly picturesque\u2026 and time flies by unnoticed on the road to Chefchaouen. From the bus window, you can enjoy the abundance of natural landscapes of the Rif Mountains: forests of Atlas cedars, the Akchour waterfalls, and numerous poppy fields.<\/p>\n\n\n\n<p>As for the sea adventure, for which we&#8217;ve all gathered on our beautiful frigate, it promises to be unforgettable! Over 5 days at sea, you&#8217;ll learn to hoist and lower sails, follow the set course at the helm, read navigational charts, learn rigging, and ascend the 30-meter mast, feeling like a true 18th-century sailor! Moreover, life on the ship is filled with a creative atmosphere: someone draws under the sails, someone plays the guitar, someone sings along, and some even dance! And all of this in a warm, homely environment where there is always someone to chat with and have a good laugh with! <\/p>\n\n\n\n<p>*The port of embarkation has been changed. Instead of Castellon, the ship will depart from another port<\/p>\n\n\n\n<p><strong>Alojamiento y comodidades:<\/strong><\/p>\n\n\n\n<p>Elige dormir en una hamaca, como hac\u00edan los marineros hace tres siglos, u opta por una litera. Tanto en el mar como en tierra, ofrecemos cuatro comidas al d\u00eda. La vida a bordo se divide en guardias, en las que participar\u00e1s activamente durante toda tu estancia.<\/p>\n\n\n\n<p>Para obtener m\u00e1s informaci\u00f3n sobre la vida en el barco, haz click <a href=\"https:\/\/shtandart.eu\/es\/about-shtandart\/life-on-board\/\">aqu\u00ed.<\/a>.<\/p>\n\n\n\n<p>*<strong>Cost for travelers 25 years and younger.<\/strong><\/p>\n\n\n\n<p><strong>If you are under 25 years old, please use the coupon code 25yo-200 on the checkout tab before proceeding to pay for your reservation.<\/strong><\/p>\n\n\n\r\n\t<div id=\"calendarista_18\" class=\"calendarista card calendarista-typography\">\r\n\t\t\t\t<div class=\"calendarista-wizard card\">\r\n\t\t\t<div class=\"card-header\">\r\n\t\t\t\t<div class=\"col-xl-12 calendarista-navbar-container\">\r\n\t\t\t\t\t<div id=\"navbar_calendarista_18\">\r\n\t\t\t\t\t\t<ol class=\"nav nav-tabs calendarista-wizard-nav card-header-tabs calendarista-typography--caption1\">\r\n\t\t\t\t\t\t\t\t\t\t\t\t  <li class=\"nav-item\">\r\n\t\t\t\t\t\t\t<a href=\"#\" class=\"nav-link active\" data-calendarista-index=\"1\">\r\n\t\t\t\t\t\t\t  <span class=\"calendarista-nav-label\">Fechas y puertos<\/span>\r\n\t\t\t\t\t\t\t<\/a>\r\n\t\t\t\t\t\t  <\/li>\r\n\t\t\t\t\t\t  \t\t\t\t\t\t  <li class=\"nav-item\">\r\n\t\t\t\t\t\t\t<a href=\"#\" class=\"nav-link\" data-calendarista-index=\"2\">\r\n\t\t\t\t\t\t\t  <span class=\"calendarista-nav-label\">Detalles<\/span>\r\n\t\t\t\t\t\t\t<\/a>\r\n\t\t\t\t\t\t  <\/li>\r\n\t\t\t\t\t\t  \t\t\t\t\t\t  <li class=\"nav-item\">\r\n\t\t\t\t\t\t\t<a href=\"#\" class=\"nav-link\" data-calendarista-index=\"3\">\r\n\t\t\t\t\t\t\t  <span class=\"calendarista-nav-label\">Check out<\/span>\r\n\t\t\t\t\t\t\t<\/a>\r\n\t\t\t\t\t\t  <\/li>\r\n\t\t\t\t\t\t  \t\t\t\t\t\t<\/ol>\r\n\t\t\t\t\t\t\t\t\t\t\t<\/div>\r\n\t\t\t\t<\/div>\r\n\t\t\t<\/div>\r\n\t\t\t<div class=\"card-body\">\r\n\t\t\t\t<div class=\"calendarista-wizard-section-block calendarista-wizard-section-block-include-thumb calendarista-wizard-section-no-thumbnail\">\r\n\t\t\t\t\t<div class=\"calendarista-wizard-section-block-thumb\" style=\"display:none;\"><\/div>\r\n\t\t\t\t\t<div class=\"container\">\r\n\t\t\t\t\t\t\t\t\t\t\t\t\t\t\t\t\t\t<form id=\"form-calendarista_18\" data-parsley-validate action=\"\/es\/wp-json\/wp\/v2\/pages\/2484#CAL18\" method=\"post\" \r\n\t\t\t\t\t\t\tdata-parsley-inputs=\"input, textarea, select, hidden\" \r\n\t\t\t\t\t\t\tdata-parsley-excluded=\"input[type=button], input[type=submit], input[type=reset]\" data-trp-original-action=\"\/es\/wp-json\/wp\/v2\/pages\/2484#CAL18\">\r\n\t\t\t\t\t\t\t<input type=\"hidden\" name=\"projectId\" value=\"18\">\r\n\t\t\t\t\t\t\t<input type=\"hidden\" name=\"calendarMode\" value=\"6\">\r\n\t\t\t\t\t\t\t<input type=\"hidden\" name=\"postbackStep\" value=\"calendar\"> \r\n\t\t\t\t\t\t\t<input type=\"hidden\" name=\"availabilityPreviewUrl\" value=\"\">\r\n\t\t\t\t\t\t\t<input type=\"hidden\" name=\"serviceThumbnailView\" value=\"1\">\r\n\t\t\t\t\t\t\t<input type=\"hidden\" name=\"availabilityThumbnailView\" value=\"1\">\r\n\t\t\t\t\t\t\t<input type=\"hidden\" name=\"__viewstate\" value=\"a:1:{i:0;a:1:{s:9:&quot;projectId&quot;;i:18;}}\">\r\n\t\t\t\t\t\t\t<input type=\"hidden\" name=\"stagingId\" value=\"\">\r\n\t\t\t\t\t\t\t<input type=\"hidden\" name=\"requestId\" value=\"calendarista_req_1776740603_69e6e8fb4107b\">\r\n\t\t\t\t\t\t\t<input type=\"hidden\" name=\"projectList\" value=\"18\">\r\n\t\t\t\t\t\t\t<input type=\"hidden\" name=\"enableMultipleBooking\" value=\"1\">\r\n\t\t\t\t\t\t\t<input type=\"hidden\" name=\"calendarista_cart\" value=\"\"\/>\r\n\t\t\t\t\t\t\t\t\t<div class=\"calendarista calendarista-calendar-legend18 hide\">\r\n\t\t\t\t<div class=\"clearfix\"><\/div>\r\n\t<\/div>\r\n\t<input type=\"hidden\" name=\"availableDate\" value=\"\"\/>\r\n\t<input type=\"hidden\" name=\"minDate\" value=\"martes, 21 abril, 2026\"\/>\r\n\t<input type=\"hidden\" name=\"endDate\" value=\"\"\/>\r\n\t<input type=\"hidden\" name=\"clientAvailableDate\" value=\"\"\/>\r\n\t<input type=\"hidden\" name=\"clientEndDate\" value=\"\"\/>\r\n\t<input type=\"hidden\" name=\"maxTimeslots\" value=\"1\"\/>\r\n\t<input type=\"hidden\" name=\"timezone\" value=\"\"\/>\r\n\t<input type=\"hidden\" name=\"dynamicFieldsCount\" value=\"0\" \/>\r\n\t<input type=\"hidden\" name=\"multiDateSelection\" value=\"\"\/>\r\n\t<input type=\"hidden\" name=\"bookingDaysMinimum\" value=\"0\"\/>\r\n\t\t\t\t\t\t\t<div class=\"col-xl-12\">\r\n\t\t<div class=\"form-group\">\r\n\t\t\t\t\t\t<label class=\"form-control-label calendarista-typography--caption1\" for=\"seats_calendarista_18\">\r\n\t\t\t\tViajes disponibles\t\t\t<\/label>\r\n\t\t\t\t\t\t<div>\r\n\t\t\t\t\t\t\t\t\t<select id=\"calendarista_package_calendarista_18\" \r\n\t\t\t\t\t\tname=\"package\" \r\n\t\t\t\t\t\tclass=\"form-select calendarista-typography--caption1 calendarista_parsley_validated\"\r\n\t\t\t\t\t\tdata-calendarista-selected-package=\"\"\r\n\t\t\t\t\t\tdata-parsley-required=\"true\">\r\n\t\t\t\t\t\t<option value=\"\">Select a voyages<\/option>\r\n\t\t\t\t\t\t\t\t\t\t\t\t<option value=\"42\"\r\n\t\t\t\t\t\t\tdata-calendarista-startdate=\"2026-04-21\" \r\n\t\t\t\t\t\t\tdata-calendarista-enddate=\"2026-04-28\"\r\n\t\t\t\t\t\t\t>\r\n\t\t\t\t\t\t\t\t\t\t\t\t\t\t\tLa Rochelle - Vigo 25.02-03.03\t\t\t\t\t\t\t\t\t\t\t\t\t\t<\/option>\r\n\t\t\t\t\t\t\t\t\t\t\t\t<option value=\"61\"\r\n\t\t\t\t\t\t\tdata-calendarista-startdate=\"2026-04-21\" \r\n\t\t\t\t\t\t\tdata-calendarista-enddate=\"2026-04-28\"\r\n\t\t\t\t\t\t\t>\r\n\t\t\t\t\t\t\t\t\t\t\t\t\t\t\tVigo - Tanger 03.03-10.03\t\t\t\t\t\t\t\t\t\t\t\t\t\t<\/option>\r\n\t\t\t\t\t\t\t\t\t\t\t\t<option value=\"63\"\r\n\t\t\t\t\t\t\tdata-calendarista-startdate=\"2026-04-21\" \r\n\t\t\t\t\t\t\tdata-calendarista-enddate=\"2026-04-23\"\r\n\t\t\t\t\t\t\t>\r\n\t\t\t\t\t\t\t\t\t\t\t\t\t\t\tPort-de-Bouc - Sete 24.03-26.03\t\t\t\t\t\t\t\t\t\t\t\t\t\t<\/option>\r\n\t\t\t\t\t\t\t\t\t\t\t\t<option value=\"73\"\r\n\t\t\t\t\t\t\tdata-calendarista-startdate=\"2026-04-21\" \r\n\t\t\t\t\t\t\tdata-calendarista-enddate=\"2026-05-19\"\r\n\t\t\t\t\t\t\t>\r\n\t\t\t\t\t\t\t\t\t\t\t\t\t\t\tSete - Tanger - La Rochelle 01.04-29.04\t\t\t\t\t\t\t\t\t\t\t\t\t\t<\/option>\r\n\t\t\t\t\t\t\t\t\t\t\t\t<option value=\"64\"\r\n\t\t\t\t\t\t\tdata-calendarista-startdate=\"2026-04-21\" \r\n\t\t\t\t\t\t\tdata-calendarista-enddate=\"2026-04-28\"\r\n\t\t\t\t\t\t\t>\r\n\t\t\t\t\t\t\t\t\t\t\t\t\t\t\tValencia - Tanger  08.04-15.04\t\t\t\t\t\t\t\t\t\t\t\t\t\t<\/option>\r\n\t\t\t\t\t\t\t\t\t\t\t\t<option value=\"65\"\r\n\t\t\t\t\t\t\tdata-calendarista-startdate=\"2026-04-21\" \r\n\t\t\t\t\t\t\tdata-calendarista-enddate=\"2026-04-28\"\r\n\t\t\t\t\t\t\t>\r\n\t\t\t\t\t\t\t\t\t\t\t\t\t\t\tTanger  - La Coruna 15.04-22.04\t\t\t\t\t\t\t\t\t\t\t\t\t\t<\/option>\r\n\t\t\t\t\t\t\t\t\t\t\t\t<option value=\"66\"\r\n\t\t\t\t\t\t\tdata-calendarista-startdate=\"2026-04-21\" \r\n\t\t\t\t\t\t\tdata-calendarista-enddate=\"2026-04-27\"\r\n\t\t\t\t\t\t\t>\r\n\t\t\t\t\t\t\t\t\t\t\t\t\t\t\tLa Coruna - La Rochelle 23.04-29.04\t\t\t\t\t\t\t\t\t\t\t\t\t\t<\/option>\r\n\t\t\t\t\t\t\t\t\t\t\t\t<option value=\"67\"\r\n\t\t\t\t\t\t\tdata-calendarista-startdate=\"2026-04-21\" \r\n\t\t\t\t\t\t\tdata-calendarista-enddate=\"2026-04-28\"\r\n\t\t\t\t\t\t\t>\r\n\t\t\t\t\t\t\t\t\t\t\t\t\t\t\tLa Rochelle - Fecamp 01.05-08.05\t\t\t\t\t\t\t\t\t\t\t\t\t\t<\/option>\r\n\t\t\t\t\t\t\t\t\t\t\t\t<option value=\"68\"\r\n\t\t\t\t\t\t\tdata-calendarista-startdate=\"2026-04-21\" \r\n\t\t\t\t\t\t\tdata-calendarista-enddate=\"2026-04-25\"\r\n\t\t\t\t\t\t\t>\r\n\t\t\t\t\t\t\t\t\t\t\t\t\t\t\tFecamp  - Calais 12.05-16.05\t\t\t\t\t\t\t\t\t\t\t\t\t\t<\/option>\r\n\t\t\t\t\t\t\t\t\t\t\t\t<option value=\"89\"\r\n\t\t\t\t\t\t\tdata-calendarista-startdate=\"2026-04-21\" \r\n\t\t\t\t\t\t\tdata-calendarista-enddate=\"2026-04-23\"\r\n\t\t\t\t\t\t\t>\r\n\t\t\t\t\t\t\t\t\t\t\t\t\t\t\tCalais - Honfleur 16.05 - 18.05\t\t\t\t\t\t\t\t\t\t\t\t\t\t<\/option>\r\n\t\t\t\t\t\t\t\t\t\t\t\t<option value=\"90\"\r\n\t\t\t\t\t\t\tdata-calendarista-startdate=\"2026-04-21\" \r\n\t\t\t\t\t\t\tdata-calendarista-enddate=\"2026-04-27\"\r\n\t\t\t\t\t\t\t>\r\n\t\t\t\t\t\t\t\t\t\t\t\t\t\t\tHonfleur - Granville 20.05 - 26.05\t\t\t\t\t\t\t\t\t\t\t\t\t\t<\/option>\r\n\t\t\t\t\t\t\t\t\t\t\t\t<option value=\"91\"\r\n\t\t\t\t\t\t\tdata-calendarista-startdate=\"2026-04-21\" \r\n\t\t\t\t\t\t\tdata-calendarista-enddate=\"2026-04-26\"\r\n\t\t\t\t\t\t\t>\r\n\t\t\t\t\t\t\t\t\t\t\t\t\t\t\tGranville \u2013 Brest 27.05 - 01.06\t\t\t\t\t\t\t\t\t\t\t\t\t\t<\/option>\r\n\t\t\t\t\t\t\t\t\t\t\t\t<option value=\"92\"\r\n\t\t\t\t\t\t\tdata-calendarista-startdate=\"2026-04-21\" \r\n\t\t\t\t\t\t\tdata-calendarista-enddate=\"2026-04-27\"\r\n\t\t\t\t\t\t\t>\r\n\t\t\t\t\t\t\t\t\t\t\t\t\t\t\tBrest - La Rochelle 01.06-07.06\t\t\t\t\t\t\t\t\t\t\t\t\t\t<\/option>\r\n\t\t\t\t\t\t\t\t\t\t\t<\/select>\r\n\t\t\t\t\t\t\t<\/div>\r\n\t\t<\/div>\r\n\t<\/div>\r\n\t\t\t\t\t<div class=\"calendarista-seats-placeholder\"><\/div>\r\n\t\t<div class=\"calendarista-dynamicfield-placeholder\"><\/div>\r\n\t\t<div class=\"calendarista-bookmore-placeholder\"><\/div>\r\n\t\t<div class=\"calendarista-repeat-appointment-placeholder\"><\/div>\r\n\t\t\t<script type=\"text\/javascript\">\r\n\t(function(){\r\n\t\tfunction init(){\r\n\t\t\tvar calendar = new Calendarista.calendar({\r\n\t\t\t\t'id': 'calendarista_18'\r\n\t\t\t\t, 'calendarMode': 6 \r\n\t\t\t\t, 'firstDayOfWeek': 1\t\t\t\t, 'ajaxUrl': 'https:\/\/shtandart.eu\/wp-admin\/admin-ajax.php'\r\n\t\t\t\t, 'projectId': 18 \r\n\t\t\t\t, 'dateFormat': 'DD, d MM, yy'\r\n\t\t\t\t, 'thumbnails': []\t\t\t\t, 'appointment': -1\t\t\t\t, 'bookingDaysMinimum': 0\t\t\t\t, 'bookingDaysMaximum': 0\t\t\t\t, 'dayCountMode': 0\t\t\t\t, 'searchResultStartTime': ''\r\n\t\t\t\t, 'searchResultEndTime':  ''\r\n\t\t\t\t, 'timeDisplayMode': 0\t\t\t\t, 'enableMultipleBooking': 1\t\t\t\t, 'clearLabel': 'Clear'\r\n\t\t\t\t, 'seasons': []\t\t\t\t, 'minTime': 0\t\t\t\t, 'maxTime': 0\t\t\t\t, 'returnSameDay': 0\t\t\t\t, 'returnOptional': 0\t\t\t\t, 'repeatPageSize': 10\t\t\t})\r\n\t\t\t, gmaps;\r\n\t\t\t\t\t\tthis.$nextButton = calendar.$root.find('button[name=\"next\"]');\r\n\t\t\t\t\t\tthis.$nextButton.on('click', function(e){\r\n\t\t\t\tvar $multiDateSelection = calendar.$root.find('input[name=\"multiDateSelection\"]')\r\n\t\t\t\t\t, bookingDaysMinimum = calendar.bookingDaysMinimum\r\n\t\t\t\t\t, multiDatesVal = $multiDateSelection.val()\r\n\t\t\t\t\t, multiDates = multiDatesVal ? multiDatesVal.split(';') : []\r\n\t\t\t\t\t, sel = (multiDates.length > 0 && (!bookingDaysMinimum || multiDates.length >= bookingDaysMinimum)) ? '.calendarista-dynamicfield.calendarista_parsley_validated' : null;\r\n\t\t\t\tif(!Calendarista.wizard.isValid(calendar.$root, sel)){\r\n\t\t\t\t\te.preventDefault();\r\n\t\t\t\t\treturn false;\r\n\t\t\t\t}else if (multiDates.length > 0){\r\n\t\t\t\t\tcalendar.$startDate.parsley().reset();\r\n\t\t\t\t}\r\n\t\t\t\tcalendar.unload();\r\n\t\t\t\tif(gmaps){\r\n\t\t\t\t\tgmaps.unload();\r\n\t\t\t\t}\r\n\t\t\t});\r\n\t\t}\r\n\t\t\t\t\r\n\t\tif (window.addEventListener){\r\n\t\t  window.addEventListener('load', onload, false); \r\n\t\t} else if (window.attachEvent){\r\n\t\t  window.attachEvent('onload', onload);\r\n\t\t}\r\n\t\tfunction onload(e){\r\n\t\t\tinit();\r\n\t\t}\r\n\t\t\t\t\r\n\t})();\r\n\t<\/script>\r\n\t\t\t\t\t\t\t\t<div class=\"clearfix\"><\/div>\r\n\t\t\t\t\t\t\t\t\t\t\t\t\t\t<div class=\"col-xl-12 calendarista-row-single calendarista-cost-summary-placeholder\"><\/div>\r\n\t\t\t\t\t\t\t\t\t\t\t\t\t\t<div class=\"col-xl-12 calendarista-row-double\">\r\n\t\t\t\t\t\t\t\t<div class=\"row\">\r\n\t\t\t\t\t\t\t\t\t<div class=\"col-1\">\r\n\t\t\t\t\t\t\t\t\t\t<div id=\"spinner_calendarista_18\" class=\"spinner-border text-primary calendarista-invisible\" role=\"status\">\r\n\t\t\t\t\t\t\t\t\t\t  <span class=\"sr-only\">Loading...<\/span>\r\n\t\t\t\t\t\t\t\t\t\t<\/div>\r\n\t\t\t\t\t\t\t\t\t<\/div>\r\n\t\t\t\t\t\t\t\t\t<div class=\"col-11 calendarista-align-right\">\r\n\t\t\t\t\t\t\t\t\t\t\t\t\t\t\t\t\t\t\t\t\t\t\t\t\t\t\t\t\t\t\t<button id=\"calendarista_18_next\" type=\"button\" name=\"next\" class=\"btn btn-primary calendarista-typography--button calendarista-btn-next\" value=\"2\">SIGUIENTE&nbsp;<i class=\"fa fa-chevron-right\"><\/i><\/button>\r\n\t\t\t\t\t\t\t\t\t\t\t\t\t\t\t\t\t\t\t<\/div>\r\n\t\t\t\t\t\t\t\t<\/div>\r\n\t\t\t\t\t\t\t<\/div>\r\n\t\t\t\t\t\t<input type=\"hidden\" name=\"trp-form-language\" value=\"es\"\/><\/form>\r\n\t\t\t\t\t\t<div class=\"clearfix\"><\/div>\r\n\t\t\t\t\t\t<script type=\"text\/javascript\">\r\n\t\t\t\t\t\t(function(){\r\n\t\t\t\t\t\t\t\"use strict\";\r\n\t\t\t\t\t\t\tfunction init(){\r\n\t\t\t\t\t\t\t\tnew Calendarista.wizard({\r\n\t\t\t\t\t\t\t\t\t'id': 'calendarista_18'\r\n\t\t\t\t\t\t\t\t\t, 'wizardAction': 'calendarista_wizard'\r\n\t\t\t\t\t\t\t\t\t, 'prevIndex': 0\t\t\t\t\t\t\t\t\t, 'nextIndex': 2\t\t\t\t\t\t\t\t\t, 'stepCounter': 3\t\t\t\t\t\t\t\t\t, 'appointment': 0\r\n\t\t\t\t\t\t\t\t\t, 'steps': [{\"name\":\"calendar\",\"counter\":1,\"label\":\"Date and ports\"},{\"name\":\"form\",\"counter\":2,\"label\":\"Details\"},{\"name\":\"checkout\",\"counter\":3,\"label\":\"Check out\"}]\t\t\t\t\t\t\t\t\t, 'selectedStepName': 'calendar'\r\n\t\t\t\t\t\t\t\t\t, 'selectedStepIndex': 1\t\t\t\t\t\t\t\t});\r\n\t\t\t\t\t\t\t}\r\n\t\t\t\t\t\t\t\t\t\t\t\t\t\tif (window.addEventListener){\r\n\t\t\t\t\t\t\t  window.addEventListener('load', onload, false); \r\n\t\t\t\t\t\t\t} else if (window.attachEvent){\r\n\t\t\t\t\t\t\t  window.attachEvent('onload', onload);\r\n\t\t\t\t\t\t\t}\r\n\t\t\t\t\t\t\tfunction onload(e){\r\n\t\t\t\t\t\t\t\tinit();\r\n\t\t\t\t\t\t\t}\r\n\t\t\t\t\t\t\t\t\t\t\t\t\t})();\r\n\t\t\t\t\t\t<\/script>\r\n\t\t\t\t\t<\/div>\r\n\t\t\t\t<\/div>\r\n\t\t\t<\/div>\r\n\t\t<\/div>\r\n\t<\/div>\r\n\t\n\n\n\n<p><\/p>\n\n\n\n<p><\/p>","protected":false},"excerpt":{"rendered":"<p>Port of Departure: Boarding: April 8, 2024, at 09:00Departure: April 9, 2024, at 08:00Destination Port: TangierArrival: April 14, 2024, at 12:00Disembarkation: April 15, 2024, at 10:00Days on board: 8Contribution for Organising the Voyage: \u20ac795\/\u20ac595 So, we&#8217;re back to the equally vibrant and bustling Morocco. 500 nautical miles in the southwest direction and once again, the [&hellip;]<\/p>","protected":false},"author":990022,"featured_media":2002,"parent":0,"menu_order":0,"comment_status":"closed","ping_status":"closed","template":"","meta":{"_themeisle_gutenberg_block_has_review":false,"footnotes":""},"class_list":["post-2484","page","type-page","status-publish","has-post-thumbnail","hentry"],"yoast_head":"<!-- This site is optimized with the Yoast SEO plugin v25.5 - https:\/\/yoast.com\/wordpress\/plugins\/seo\/ -->\n<title>Denia* - Tangier 08.04 - 15.04 - Shtandart<\/title>\n<meta name=\"robots\" content=\"index, follow, max-snippet:-1, max-image-preview:large, max-video-preview:-1\" \/>\n<link rel=\"canonical\" href=\"https:\/\/shtandart.eu\/es\/castellion-tanger-08-04-15-04\/\" \/>\n<meta property=\"og:locale\" content=\"es_ES\" \/>\n<meta property=\"og:type\" content=\"article\" \/>\n<meta property=\"og:title\" content=\"Denia* - Tangier 08.04 - 15.04 - Shtandart\" \/>\n<meta property=\"og:description\" content=\"Port of Departure: Boarding: April 8, 2024, at 09:00Departure: April 9, 2024, at 08:00Destination Port: TangierArrival: April 14, 2024, at 12:00Disembarkation: April 15, 2024, at 10:00Days on board: 8Contribution for Organising the Voyage: \u20ac795\/\u20ac595 So, we&#8217;re back to the equally vibrant and bustling Morocco. 500 nautical miles in the southwest direction and once again, the [&hellip;]\" \/>\n<meta property=\"og:url\" content=\"https:\/\/shtandart.eu\/es\/castellion-tanger-08-04-15-04\/\" \/>\n<meta property=\"og:site_name\" content=\"Shtandart\" \/>\n<meta property=\"article:publisher\" content=\"https:\/\/www.facebook.com\/Frigate.Shtandart\/\" \/>\n<meta property=\"article:modified_time\" content=\"2024-04-06T07:17:29+00:00\" \/>\n<meta property=\"og:image\" content=\"https:\/\/shtandart.eu\/wp-content\/uploads\/2023\/10\/T5A3907-3.jpg\" \/>\n\t<meta property=\"og:image:width\" content=\"1673\" \/>\n\t<meta property=\"og:image:height\" content=\"1080\" \/>\n\t<meta property=\"og:image:type\" content=\"image\/jpeg\" \/>\n<meta name=\"twitter:card\" content=\"summary_large_image\" \/>\n<meta name=\"twitter:label1\" content=\"Tiempo de lectura\" \/>\n\t<meta name=\"twitter:data1\" content=\"2 minutos\" \/>\n<script type=\"application\/ld+json\" class=\"yoast-schema-graph\">{\"@context\":\"https:\/\/schema.org\",\"@graph\":[{\"@type\":\"WebPage\",\"@id\":\"https:\/\/shtandart.eu\/castellion-tanger-08-04-15-04\/\",\"url\":\"https:\/\/shtandart.eu\/castellion-tanger-08-04-15-04\/\",\"name\":\"Denia* - Tangier 08.04 - 15.04 - Shtandart\",\"isPartOf\":{\"@id\":\"https:\/\/shtandart.eu\/#website\"},\"primaryImageOfPage\":{\"@id\":\"https:\/\/shtandart.eu\/castellion-tanger-08-04-15-04\/#primaryimage\"},\"image\":{\"@id\":\"https:\/\/shtandart.eu\/castellion-tanger-08-04-15-04\/#primaryimage\"},\"thumbnailUrl\":\"https:\/\/shtandart.eu\/wp-content\/uploads\/2023\/10\/T5A3907-3.jpg\",\"datePublished\":\"2023-09-30T12:23:10+00:00\",\"dateModified\":\"2024-04-06T07:17:29+00:00\",\"breadcrumb\":{\"@id\":\"https:\/\/shtandart.eu\/castellion-tanger-08-04-15-04\/#breadcrumb\"},\"inLanguage\":\"es\",\"potentialAction\":[{\"@type\":\"ReadAction\",\"target\":[\"https:\/\/shtandart.eu\/castellion-tanger-08-04-15-04\/\"]}]},{\"@type\":\"ImageObject\",\"inLanguage\":\"es\",\"@id\":\"https:\/\/shtandart.eu\/castellion-tanger-08-04-15-04\/#primaryimage\",\"url\":\"https:\/\/shtandart.eu\/wp-content\/uploads\/2023\/10\/T5A3907-3.jpg\",\"contentUrl\":\"https:\/\/shtandart.eu\/wp-content\/uploads\/2023\/10\/T5A3907-3.jpg\",\"width\":1673,\"height\":1080},{\"@type\":\"BreadcrumbList\",\"@id\":\"https:\/\/shtandart.eu\/castellion-tanger-08-04-15-04\/#breadcrumb\",\"itemListElement\":[{\"@type\":\"ListItem\",\"position\":1,\"name\":\"Home\",\"item\":\"https:\/\/shtandart.eu\/\"},{\"@type\":\"ListItem\",\"position\":2,\"name\":\"Denia* &#8211; Tangier 08.04 &#8211; 15.04\"}]},{\"@type\":\"WebSite\",\"@id\":\"https:\/\/shtandart.eu\/#website\",\"url\":\"https:\/\/shtandart.eu\/\",\"name\":\"Shtandart\",\"description\":\"\",\"publisher\":{\"@id\":\"https:\/\/shtandart.eu\/#organization\"},\"potentialAction\":[{\"@type\":\"SearchAction\",\"target\":{\"@type\":\"EntryPoint\",\"urlTemplate\":\"https:\/\/shtandart.eu\/?s={search_term_string}\"},\"query-input\":{\"@type\":\"PropertyValueSpecification\",\"valueRequired\":true,\"valueName\":\"search_term_string\"}}],\"inLanguage\":\"es\"},{\"@type\":\"Organization\",\"@id\":\"https:\/\/shtandart.eu\/#organization\",\"name\":\"Shtandart\",\"url\":\"https:\/\/shtandart.eu\/\",\"logo\":{\"@type\":\"ImageObject\",\"inLanguage\":\"es\",\"@id\":\"https:\/\/shtandart.eu\/#\/schema\/logo\/image\/\",\"url\":\"https:\/\/shtandart.eu\/wp-content\/uploads\/2023\/12\/\u0411\u0435\u0437-\u0438\u043c\u0435\u043d\u0438-2.png\",\"contentUrl\":\"https:\/\/shtandart.eu\/wp-content\/uploads\/2023\/12\/\u0411\u0435\u0437-\u0438\u043c\u0435\u043d\u0438-2.png\",\"width\":512,\"height\":511,\"caption\":\"Shtandart\"},\"image\":{\"@id\":\"https:\/\/shtandart.eu\/#\/schema\/logo\/image\/\"},\"sameAs\":[\"https:\/\/www.facebook.com\/Frigate.Shtandart\/\"]}]}<\/script>\n<!-- \/ Yoast SEO plugin. -->","yoast_head_json":{"title":"Denia* - Tangier 08.04 - 15.04 - Shtandart","robots":{"index":"index","follow":"follow","max-snippet":"max-snippet:-1","max-image-preview":"max-image-preview:large","max-video-preview":"max-video-preview:-1"},"canonical":"https:\/\/shtandart.eu\/es\/castellion-tanger-08-04-15-04\/","og_locale":"es_ES","og_type":"article","og_title":"Denia* - Tangier 08.04 - 15.04 - Shtandart","og_description":"Port of Departure: Boarding: April 8, 2024, at 09:00Departure: April 9, 2024, at 08:00Destination Port: TangierArrival: April 14, 2024, at 12:00Disembarkation: April 15, 2024, at 10:00Days on board: 8Contribution for Organising the Voyage: \u20ac795\/\u20ac595 So, we&#8217;re back to the equally vibrant and bustling Morocco. 500 nautical miles in the southwest direction and once again, the [&hellip;]","og_url":"https:\/\/shtandart.eu\/es\/castellion-tanger-08-04-15-04\/","og_site_name":"Shtandart","article_publisher":"https:\/\/www.facebook.com\/Frigate.Shtandart\/","article_modified_time":"2024-04-06T07:17:29+00:00","og_image":[{"width":1673,"height":1080,"url":"https:\/\/shtandart.eu\/wp-content\/uploads\/2023\/10\/T5A3907-3.jpg","type":"image\/jpeg"}],"twitter_card":"summary_large_image","twitter_misc":{"Tiempo de lectura":"2 minutos"},"schema":{"@context":"https:\/\/schema.org","@graph":[{"@type":"WebPage","@id":"https:\/\/shtandart.eu\/castellion-tanger-08-04-15-04\/","url":"https:\/\/shtandart.eu\/castellion-tanger-08-04-15-04\/","name":"Denia* - Tangier 08.04 - 15.04 - Shtandart","isPartOf":{"@id":"https:\/\/shtandart.eu\/#website"},"primaryImageOfPage":{"@id":"https:\/\/shtandart.eu\/castellion-tanger-08-04-15-04\/#primaryimage"},"image":{"@id":"https:\/\/shtandart.eu\/castellion-tanger-08-04-15-04\/#primaryimage"},"thumbnailUrl":"https:\/\/shtandart.eu\/wp-content\/uploads\/2023\/10\/T5A3907-3.jpg","datePublished":"2023-09-30T12:23:10+00:00","dateModified":"2024-04-06T07:17:29+00:00","breadcrumb":{"@id":"https:\/\/shtandart.eu\/castellion-tanger-08-04-15-04\/#breadcrumb"},"inLanguage":"es","potentialAction":[{"@type":"ReadAction","target":["https:\/\/shtandart.eu\/castellion-tanger-08-04-15-04\/"]}]},{"@type":"ImageObject","inLanguage":"es","@id":"https:\/\/shtandart.eu\/castellion-tanger-08-04-15-04\/#primaryimage","url":"https:\/\/shtandart.eu\/wp-content\/uploads\/2023\/10\/T5A3907-3.jpg","contentUrl":"https:\/\/shtandart.eu\/wp-content\/uploads\/2023\/10\/T5A3907-3.jpg","width":1673,"height":1080},{"@type":"BreadcrumbList","@id":"https:\/\/shtandart.eu\/castellion-tanger-08-04-15-04\/#breadcrumb","itemListElement":[{"@type":"ListItem","position":1,"name":"Home","item":"https:\/\/shtandart.eu\/"},{"@type":"ListItem","position":2,"name":"Denia* &#8211; Tangier 08.04 &#8211; 15.04"}]},{"@type":"WebSite","@id":"https:\/\/shtandart.eu\/#website","url":"https:\/\/shtandart.eu\/","name":"Shtandart","description":"","publisher":{"@id":"https:\/\/shtandart.eu\/#organization"},"potentialAction":[{"@type":"SearchAction","target":{"@type":"EntryPoint","urlTemplate":"https:\/\/shtandart.eu\/?s={search_term_string}"},"query-input":{"@type":"PropertyValueSpecification","valueRequired":true,"valueName":"search_term_string"}}],"inLanguage":"es"},{"@type":"Organization","@id":"https:\/\/shtandart.eu\/#organization","name":"Shtandart","url":"https:\/\/shtandart.eu\/","logo":{"@type":"ImageObject","inLanguage":"es","@id":"https:\/\/shtandart.eu\/#\/schema\/logo\/image\/","url":"https:\/\/shtandart.eu\/wp-content\/uploads\/2023\/12\/\u0411\u0435\u0437-\u0438\u043c\u0435\u043d\u0438-2.png","contentUrl":"https:\/\/shtandart.eu\/wp-content\/uploads\/2023\/12\/\u0411\u0435\u0437-\u0438\u043c\u0435\u043d\u0438-2.png","width":512,"height":511,"caption":"Shtandart"},"image":{"@id":"https:\/\/shtandart.eu\/#\/schema\/logo\/image\/"},"sameAs":["https:\/\/www.facebook.com\/Frigate.Shtandart\/"]}]}},"_links":{"self":[{"href":"https:\/\/shtandart.eu\/es\/wp-json\/wp\/v2\/pages\/2484","targetHints":{"allow":["GET"]}}],"collection":[{"href":"https:\/\/shtandart.eu\/es\/wp-json\/wp\/v2\/pages"}],"about":[{"href":"https:\/\/shtandart.eu\/es\/wp-json\/wp\/v2\/types\/page"}],"author":[{"embeddable":true,"href":"https:\/\/shtandart.eu\/es\/wp-json\/wp\/v2\/users\/990022"}],"replies":[{"embeddable":true,"href":"https:\/\/shtandart.eu\/es\/wp-json\/wp\/v2\/comments?post=2484"}],"version-history":[{"count":13,"href":"https:\/\/shtandart.eu\/es\/wp-json\/wp\/v2\/pages\/2484\/revisions"}],"predecessor-version":[{"id":3421,"href":"https:\/\/shtandart.eu\/es\/wp-json\/wp\/v2\/pages\/2484\/revisions\/3421"}],"wp:featuredmedia":[{"embeddable":true,"href":"https:\/\/shtandart.eu\/es\/wp-json\/wp\/v2\/media\/2002"}],"wp:attachment":[{"href":"https:\/\/shtandart.eu\/es\/wp-json\/wp\/v2\/media?parent=2484"}],"curies":[{"name":"wp","href":"https:\/\/api.w.org\/{rel}","templated":true}]}}