{"id":2264,"date":"2023-04-05T17:30:00","date_gmt":"2023-04-05T15:30:00","guid":{"rendered":"https:\/\/shtandart.xyz\/?page_id=2264"},"modified":"2024-05-29T09:47:31","modified_gmt":"2024-05-29T07:47:31","slug":"sea-festival-in-la-rochelle-20-23-june-2024","status":"publish","type":"page","link":"https:\/\/shtandart.eu\/es\/sea-festival-in-la-rochelle-20-23-june-2024\/","title":{"rendered":"Festival del mar en La Rochelle 20.06-23.06"},"content":{"rendered":"<p><strong>Port of embarkation: La Rochelle<br>Boarding: June 20, 2024, at 19:00<br>Disembarkation: June 23, 2024, at 10:00<br>Days on board: 4<br>Contribution for Organising the Voyage: \u20ac149<\/strong><\/p>\n\n\n\n<p>We invite you to become part of the maritime festival in La Rochelle and join the crew of the Shtandart, the replica of the historic 1703 frigate.<\/p>\n\n\n\n<p>The first ever&nbsp;La Rochelle Maritime Festival&nbsp;will take place&nbsp;from 20th&nbsp;to 23rd&nbsp;June 2024. Enjoy a unique experience at this new international event celebrating the world of tall-ship and maritime heritage!<\/p>\n\n\n\n<p><strong>Alojamiento y comodidades:<\/strong><\/p>\n\n\n\n<p>Elige dormir en una hamaca, como hac\u00edan los marineros hace tres siglos, u opta por una litera. Tanto en el mar como en tierra, ofrecemos cuatro comidas al d\u00eda. La vida a bordo se divide en guardias, en las que participar\u00e1s activamente durante toda tu estancia.<\/p>\n\n\n\n<p class=\" translation-block\">For more information about life on the ship, visit&nbsp;<a href=\"\/about-shtandart\/life-on-board\/\" target=\"_self\">here<\/a>.<\/p>\n\n\n\r\n\t<div id=\"calendarista_24\" class=\"calendarista card calendarista-typography\">\r\n\t\t\t\t<div class=\"calendarista-wizard card\">\r\n\t\t\t<div class=\"card-header\">\r\n\t\t\t\t<div class=\"col-xl-12 calendarista-navbar-container\">\r\n\t\t\t\t\t<div id=\"navbar_calendarista_24\">\r\n\t\t\t\t\t\t<ol class=\"nav nav-tabs calendarista-wizard-nav card-header-tabs calendarista-typography--caption1\">\r\n\t\t\t\t\t\t\t\t\t\t\t\t  <li class=\"nav-item\">\r\n\t\t\t\t\t\t\t<a href=\"#\" class=\"nav-link active\" data-calendarista-index=\"1\">\r\n\t\t\t\t\t\t\t  <span class=\"calendarista-nav-label\">Date and port <\/span>\r\n\t\t\t\t\t\t\t<\/a>\r\n\t\t\t\t\t\t  <\/li>\r\n\t\t\t\t\t\t  \t\t\t\t\t\t  <li class=\"nav-item\">\r\n\t\t\t\t\t\t\t<a href=\"#\" class=\"nav-link\" data-calendarista-index=\"2\">\r\n\t\t\t\t\t\t\t  <span class=\"calendarista-nav-label\">Detalles<\/span>\r\n\t\t\t\t\t\t\t<\/a>\r\n\t\t\t\t\t\t  <\/li>\r\n\t\t\t\t\t\t  \t\t\t\t\t\t  <li class=\"nav-item\">\r\n\t\t\t\t\t\t\t<a href=\"#\" class=\"nav-link\" data-calendarista-index=\"3\">\r\n\t\t\t\t\t\t\t  <span class=\"calendarista-nav-label\">Check out<\/span>\r\n\t\t\t\t\t\t\t<\/a>\r\n\t\t\t\t\t\t  <\/li>\r\n\t\t\t\t\t\t  \t\t\t\t\t\t<\/ol>\r\n\t\t\t\t\t\t\t\t\t\t\t<\/div>\r\n\t\t\t\t<\/div>\r\n\t\t\t<\/div>\r\n\t\t\t<div class=\"card-body\">\r\n\t\t\t\t<div class=\"calendarista-wizard-section-block calendarista-wizard-section-block-include-thumb calendarista-wizard-section-no-thumbnail\">\r\n\t\t\t\t\t<div class=\"calendarista-wizard-section-block-thumb\" style=\"display:none;\"><\/div>\r\n\t\t\t\t\t<div class=\"container\">\r\n\t\t\t\t\t\t\t\t\t\t\t\t\t\t\t\t\t\t<form id=\"form-calendarista_24\" data-parsley-validate action=\"\/es\/wp-json\/wp\/v2\/pages\/2264#CAL24\" method=\"post\" \r\n\t\t\t\t\t\t\tdata-parsley-inputs=\"input, textarea, select, hidden\" \r\n\t\t\t\t\t\t\tdata-parsley-excluded=\"input[type=button], input[type=submit], input[type=reset]\" data-trp-original-action=\"\/es\/wp-json\/wp\/v2\/pages\/2264#CAL24\">\r\n\t\t\t\t\t\t\t<input type=\"hidden\" name=\"projectId\" value=\"24\">\r\n\t\t\t\t\t\t\t<input type=\"hidden\" name=\"calendarMode\" value=\"6\">\r\n\t\t\t\t\t\t\t<input type=\"hidden\" name=\"postbackStep\" value=\"calendar\"> \r\n\t\t\t\t\t\t\t<input type=\"hidden\" name=\"availabilityPreviewUrl\" value=\"\">\r\n\t\t\t\t\t\t\t<input type=\"hidden\" name=\"serviceThumbnailView\" value=\"1\">\r\n\t\t\t\t\t\t\t<input type=\"hidden\" name=\"availabilityThumbnailView\" value=\"1\">\r\n\t\t\t\t\t\t\t<input type=\"hidden\" name=\"__viewstate\" value=\"a:1:{i:0;a:1:{s:9:&quot;projectId&quot;;i:24;}}\">\r\n\t\t\t\t\t\t\t<input type=\"hidden\" name=\"stagingId\" value=\"\">\r\n\t\t\t\t\t\t\t<input type=\"hidden\" name=\"requestId\" value=\"calendarista_req_1775558654_69d4dffee8e88\">\r\n\t\t\t\t\t\t\t<input type=\"hidden\" name=\"projectList\" value=\"24\">\r\n\t\t\t\t\t\t\t<input type=\"hidden\" name=\"enableMultipleBooking\" value=\"1\">\r\n\t\t\t\t\t\t\t<input type=\"hidden\" name=\"calendarista_cart\" value=\"\"\/>\r\n\t\t\t\t\t\t\t\t\t<div class=\"calendarista calendarista-calendar-legend24 hide\">\r\n\t\t\t\t<div class=\"clearfix\"><\/div>\r\n\t<\/div>\r\n\t<input type=\"hidden\" name=\"availableDate\" value=\"\"\/>\r\n\t<input type=\"hidden\" name=\"minDate\" value=\"martes, 7 abril, 2026\"\/>\r\n\t<input type=\"hidden\" name=\"endDate\" value=\"\"\/>\r\n\t<input type=\"hidden\" name=\"clientAvailableDate\" value=\"\"\/>\r\n\t<input type=\"hidden\" name=\"clientEndDate\" value=\"\"\/>\r\n\t<input type=\"hidden\" name=\"maxTimeslots\" value=\"1\"\/>\r\n\t<input type=\"hidden\" name=\"timezone\" value=\"\"\/>\r\n\t<input type=\"hidden\" name=\"dynamicFieldsCount\" value=\"0\" \/>\r\n\t<input type=\"hidden\" name=\"multiDateSelection\" value=\"\"\/>\r\n\t<input type=\"hidden\" name=\"bookingDaysMinimum\" value=\"0\"\/>\r\n\t\t\t\t\t\t\t<div class=\"col-xl-12\">\r\n\t\t<div class=\"form-group\">\r\n\t\t\t\t\t\t<label class=\"form-control-label calendarista-typography--caption1\" for=\"seats_calendarista_24\">\r\n\t\t\t\tAvailable festivals\t\t\t<\/label>\r\n\t\t\t\t\t\t<div>\r\n\t\t\t\t\t\t\t\t\t<select id=\"calendarista_package_calendarista_24\" \r\n\t\t\t\t\t\tname=\"package\" \r\n\t\t\t\t\t\tclass=\"form-select calendarista-typography--caption1 calendarista_parsley_validated\"\r\n\t\t\t\t\t\tdata-calendarista-selected-package=\"\"\r\n\t\t\t\t\t\tdata-parsley-required=\"true\">\r\n\t\t\t\t\t\t<option value=\"\">Select a festival<\/option>\r\n\t\t\t\t\t\t\t\t\t\t\t\t<option value=\"57\"\r\n\t\t\t\t\t\t\tdata-calendarista-startdate=\"2026-04-07\" \r\n\t\t\t\t\t\t\tdata-calendarista-enddate=\"2026-04-12\"\r\n\t\t\t\t\t\t\t>\r\n\t\t\t\t\t\t\t\t\t\t\t\t\t\t\tSea festival in Brest 12.07-17.07 2024\t\t\t\t\t\t\t\t\t\t\t\t\t\t<\/option>\r\n\t\t\t\t\t\t\t\t\t\t\t\t<option value=\"105\"\r\n\t\t\t\t\t\t\tdata-calendarista-startdate=\"2026-04-07\" \r\n\t\t\t\t\t\t\tdata-calendarista-enddate=\"2026-04-07\"\r\n\t\t\t\t\t\t\t>\r\n\t\t\t\t\t\t\t\t\t\t\t\t\t\t\tParade of Sail in Brest 18.07 2024\t\t\t\t\t\t\t\t\t\t\t\t\t\t<\/option>\r\n\t\t\t\t\t\t\t\t\t\t\t<\/select>\r\n\t\t\t\t\t\t\t<\/div>\r\n\t\t<\/div>\r\n\t<\/div>\r\n\t\t\t\t\t<div class=\"calendarista-seats-placeholder\"><\/div>\r\n\t\t<div class=\"calendarista-dynamicfield-placeholder\"><\/div>\r\n\t\t<div class=\"calendarista-bookmore-placeholder\"><\/div>\r\n\t\t<div class=\"calendarista-repeat-appointment-placeholder\"><\/div>\r\n\t\t\t<script type=\"text\/javascript\">\r\n\t(function(){\r\n\t\tfunction init(){\r\n\t\t\tvar calendar = new Calendarista.calendar({\r\n\t\t\t\t'id': 'calendarista_24'\r\n\t\t\t\t, 'calendarMode': 6 \r\n\t\t\t\t, 'firstDayOfWeek': 1\t\t\t\t, 'ajaxUrl': 'https:\/\/shtandart.eu\/wp-admin\/admin-ajax.php'\r\n\t\t\t\t, 'projectId': 24 \r\n\t\t\t\t, 'dateFormat': 'DD, d MM, yy'\r\n\t\t\t\t, 'thumbnails': []\t\t\t\t, 'appointment': -1\t\t\t\t, 'bookingDaysMinimum': 0\t\t\t\t, 'bookingDaysMaximum': 0\t\t\t\t, 'dayCountMode': 0\t\t\t\t, 'searchResultStartTime': ''\r\n\t\t\t\t, 'searchResultEndTime':  ''\r\n\t\t\t\t, 'timeDisplayMode': 0\t\t\t\t, 'enableMultipleBooking': 1\t\t\t\t, 'clearLabel': 'Clear'\r\n\t\t\t\t, 'seasons': []\t\t\t\t, 'minTime': 0\t\t\t\t, 'maxTime': 0\t\t\t\t, 'returnSameDay': 0\t\t\t\t, 'returnOptional': 0\t\t\t\t, 'repeatPageSize': 10\t\t\t})\r\n\t\t\t, gmaps;\r\n\t\t\t\t\t\tthis.$nextButton = calendar.$root.find('button[name=\"next\"]');\r\n\t\t\t\t\t\tthis.$nextButton.on('click', function(e){\r\n\t\t\t\tvar $multiDateSelection = calendar.$root.find('input[name=\"multiDateSelection\"]')\r\n\t\t\t\t\t, bookingDaysMinimum = calendar.bookingDaysMinimum\r\n\t\t\t\t\t, multiDatesVal = $multiDateSelection.val()\r\n\t\t\t\t\t, multiDates = multiDatesVal ? multiDatesVal.split(';') : []\r\n\t\t\t\t\t, sel = (multiDates.length > 0 && (!bookingDaysMinimum || multiDates.length >= bookingDaysMinimum)) ? '.calendarista-dynamicfield.calendarista_parsley_validated' : null;\r\n\t\t\t\tif(!Calendarista.wizard.isValid(calendar.$root, sel)){\r\n\t\t\t\t\te.preventDefault();\r\n\t\t\t\t\treturn false;\r\n\t\t\t\t}else if (multiDates.length > 0){\r\n\t\t\t\t\tcalendar.$startDate.parsley().reset();\r\n\t\t\t\t}\r\n\t\t\t\tcalendar.unload();\r\n\t\t\t\tif(gmaps){\r\n\t\t\t\t\tgmaps.unload();\r\n\t\t\t\t}\r\n\t\t\t});\r\n\t\t}\r\n\t\t\t\t\r\n\t\tif (window.addEventListener){\r\n\t\t  window.addEventListener('load', onload, false); \r\n\t\t} else if (window.attachEvent){\r\n\t\t  window.attachEvent('onload', onload);\r\n\t\t}\r\n\t\tfunction onload(e){\r\n\t\t\tinit();\r\n\t\t}\r\n\t\t\t\t\r\n\t})();\r\n\t<\/script>\r\n\t\t\t\t\t\t\t\t<div class=\"clearfix\"><\/div>\r\n\t\t\t\t\t\t\t\t\t\t\t\t\t\t<div class=\"col-xl-12 calendarista-row-single calendarista-cost-summary-placeholder\"><\/div>\r\n\t\t\t\t\t\t\t\t\t\t\t\t\t\t<div class=\"col-xl-12 calendarista-row-double\">\r\n\t\t\t\t\t\t\t\t<div class=\"row\">\r\n\t\t\t\t\t\t\t\t\t<div class=\"col-1\">\r\n\t\t\t\t\t\t\t\t\t\t<div id=\"spinner_calendarista_24\" class=\"spinner-border text-primary calendarista-invisible\" role=\"status\">\r\n\t\t\t\t\t\t\t\t\t\t  <span class=\"sr-only\">Loading...<\/span>\r\n\t\t\t\t\t\t\t\t\t\t<\/div>\r\n\t\t\t\t\t\t\t\t\t<\/div>\r\n\t\t\t\t\t\t\t\t\t<div class=\"col-11 calendarista-align-right\">\r\n\t\t\t\t\t\t\t\t\t\t\t\t\t\t\t\t\t\t\t\t\t\t\t\t\t\t\t\t\t\t\t<button id=\"calendarista_24_next\" type=\"button\" name=\"next\" class=\"btn btn-primary calendarista-typography--button calendarista-btn-next\" value=\"2\">SIGUIENTE&nbsp;<i class=\"fa fa-chevron-right\"><\/i><\/button>\r\n\t\t\t\t\t\t\t\t\t\t\t\t\t\t\t\t\t\t\t<\/div>\r\n\t\t\t\t\t\t\t\t<\/div>\r\n\t\t\t\t\t\t\t<\/div>\r\n\t\t\t\t\t\t<input type=\"hidden\" name=\"trp-form-language\" value=\"es\"\/><\/form>\r\n\t\t\t\t\t\t<div class=\"clearfix\"><\/div>\r\n\t\t\t\t\t\t<script type=\"text\/javascript\">\r\n\t\t\t\t\t\t(function(){\r\n\t\t\t\t\t\t\t\"use strict\";\r\n\t\t\t\t\t\t\tfunction init(){\r\n\t\t\t\t\t\t\t\tnew Calendarista.wizard({\r\n\t\t\t\t\t\t\t\t\t'id': 'calendarista_24'\r\n\t\t\t\t\t\t\t\t\t, 'wizardAction': 'calendarista_wizard'\r\n\t\t\t\t\t\t\t\t\t, 'prevIndex': 0\t\t\t\t\t\t\t\t\t, 'nextIndex': 2\t\t\t\t\t\t\t\t\t, 'stepCounter': 3\t\t\t\t\t\t\t\t\t, 'appointment': 0\r\n\t\t\t\t\t\t\t\t\t, 'steps': [{\"name\":\"calendar\",\"counter\":1,\"label\":\"Date and port \"},{\"name\":\"form\",\"counter\":2,\"label\":\"Details\"},{\"name\":\"checkout\",\"counter\":3,\"label\":\"Check out\"}]\t\t\t\t\t\t\t\t\t, 'selectedStepName': 'calendar'\r\n\t\t\t\t\t\t\t\t\t, 'selectedStepIndex': 1\t\t\t\t\t\t\t\t});\r\n\t\t\t\t\t\t\t}\r\n\t\t\t\t\t\t\t\t\t\t\t\t\t\tif (window.addEventListener){\r\n\t\t\t\t\t\t\t  window.addEventListener('load', onload, false); \r\n\t\t\t\t\t\t\t} else if (window.attachEvent){\r\n\t\t\t\t\t\t\t  window.attachEvent('onload', onload);\r\n\t\t\t\t\t\t\t}\r\n\t\t\t\t\t\t\tfunction onload(e){\r\n\t\t\t\t\t\t\t\tinit();\r\n\t\t\t\t\t\t\t}\r\n\t\t\t\t\t\t\t\t\t\t\t\t\t})();\r\n\t\t\t\t\t\t<\/script>\r\n\t\t\t\t\t<\/div>\r\n\t\t\t\t<\/div>\r\n\t\t\t<\/div>\r\n\t\t<\/div>\r\n\t<\/div>","protected":false},"excerpt":{"rendered":"<p>Port of embarkation: La RochelleBoarding: June 20, 2024, at 19:00Disembarkation: June 23, 2024, at 10:00Days on board: 4Contribution for Organising the Voyage: \u20ac149 We invite you to become part of the maritime festival in La Rochelle and join the crew of the Shtandart, the replica of the historic 1703 frigate. The first ever&nbsp;La Rochelle Maritime [&hellip;]<\/p>","protected":false},"author":990011,"featured_media":2267,"parent":0,"menu_order":0,"comment_status":"closed","ping_status":"closed","template":"","meta":{"_themeisle_gutenberg_block_has_review":false,"footnotes":""},"class_list":["post-2264","page","type-page","status-publish","has-post-thumbnail","hentry"],"yoast_head":"<!-- This site is optimized with the Yoast SEO plugin v25.5 - https:\/\/yoast.com\/wordpress\/plugins\/seo\/ -->\n<title>Sea festival in La Rochelle 20.06-23.06 - Shtandart<\/title>\n<meta name=\"robots\" content=\"index, follow, max-snippet:-1, max-image-preview:large, max-video-preview:-1\" \/>\n<link rel=\"canonical\" href=\"https:\/\/shtandart.eu\/es\/sea-festival-in-la-rochelle-20-23-june-2024\/\" \/>\n<meta property=\"og:locale\" content=\"es_ES\" \/>\n<meta property=\"og:type\" content=\"article\" \/>\n<meta property=\"og:title\" content=\"Sea festival in La Rochelle 20.06-23.06 - Shtandart\" \/>\n<meta property=\"og:description\" content=\"Port of embarkation: La RochelleBoarding: June 20, 2024, at 19:00Disembarkation: June 23, 2024, at 10:00Days on board: 4Contribution for Organising the Voyage: \u20ac149 We invite you to become part of the maritime festival in La Rochelle and join the crew of the Shtandart, the replica of the historic 1703 frigate. The first ever&nbsp;La Rochelle Maritime [&hellip;]\" \/>\n<meta property=\"og:url\" content=\"https:\/\/shtandart.eu\/es\/sea-festival-in-la-rochelle-20-23-june-2024\/\" \/>\n<meta property=\"og:site_name\" content=\"Shtandart\" \/>\n<meta property=\"article:publisher\" content=\"https:\/\/www.facebook.com\/Frigate.Shtandart\/\" \/>\n<meta property=\"article:modified_time\" content=\"2024-05-29T07:47:31+00:00\" \/>\n<meta property=\"og:image\" content=\"https:\/\/shtandart.eu\/wp-content\/uploads\/2023\/11\/la-rochelle-scaled.jpg\" \/>\n\t<meta property=\"og:image:width\" content=\"2560\" \/>\n\t<meta property=\"og:image:height\" content=\"2174\" \/>\n\t<meta property=\"og:image:type\" content=\"image\/jpeg\" \/>\n<meta name=\"twitter:card\" content=\"summary_large_image\" \/>\n<meta name=\"twitter:label1\" content=\"Tiempo de lectura\" \/>\n\t<meta name=\"twitter:data1\" content=\"1 minuto\" \/>\n<script type=\"application\/ld+json\" class=\"yoast-schema-graph\">{\"@context\":\"https:\/\/schema.org\",\"@graph\":[{\"@type\":\"WebPage\",\"@id\":\"https:\/\/shtandart.eu\/sea-festival-in-la-rochelle-20-23-june-2024\/\",\"url\":\"https:\/\/shtandart.eu\/sea-festival-in-la-rochelle-20-23-june-2024\/\",\"name\":\"Sea festival in La Rochelle 20.06-23.06 - Shtandart\",\"isPartOf\":{\"@id\":\"https:\/\/shtandart.eu\/#website\"},\"primaryImageOfPage\":{\"@id\":\"https:\/\/shtandart.eu\/sea-festival-in-la-rochelle-20-23-june-2024\/#primaryimage\"},\"image\":{\"@id\":\"https:\/\/shtandart.eu\/sea-festival-in-la-rochelle-20-23-june-2024\/#primaryimage\"},\"thumbnailUrl\":\"https:\/\/shtandart.eu\/wp-content\/uploads\/2023\/11\/la-rochelle-scaled.jpg\",\"datePublished\":\"2023-04-05T15:30:00+00:00\",\"dateModified\":\"2024-05-29T07:47:31+00:00\",\"breadcrumb\":{\"@id\":\"https:\/\/shtandart.eu\/sea-festival-in-la-rochelle-20-23-june-2024\/#breadcrumb\"},\"inLanguage\":\"es\",\"potentialAction\":[{\"@type\":\"ReadAction\",\"target\":[\"https:\/\/shtandart.eu\/sea-festival-in-la-rochelle-20-23-june-2024\/\"]}]},{\"@type\":\"ImageObject\",\"inLanguage\":\"es\",\"@id\":\"https:\/\/shtandart.eu\/sea-festival-in-la-rochelle-20-23-june-2024\/#primaryimage\",\"url\":\"https:\/\/shtandart.eu\/wp-content\/uploads\/2023\/11\/la-rochelle-scaled.jpg\",\"contentUrl\":\"https:\/\/shtandart.eu\/wp-content\/uploads\/2023\/11\/la-rochelle-scaled.jpg\",\"width\":2560,\"height\":2174},{\"@type\":\"BreadcrumbList\",\"@id\":\"https:\/\/shtandart.eu\/sea-festival-in-la-rochelle-20-23-june-2024\/#breadcrumb\",\"itemListElement\":[{\"@type\":\"ListItem\",\"position\":1,\"name\":\"Home\",\"item\":\"https:\/\/shtandart.eu\/\"},{\"@type\":\"ListItem\",\"position\":2,\"name\":\"Sea festival in La Rochelle 20.06-23.06\"}]},{\"@type\":\"WebSite\",\"@id\":\"https:\/\/shtandart.eu\/#website\",\"url\":\"https:\/\/shtandart.eu\/\",\"name\":\"Shtandart\",\"description\":\"\",\"publisher\":{\"@id\":\"https:\/\/shtandart.eu\/#organization\"},\"potentialAction\":[{\"@type\":\"SearchAction\",\"target\":{\"@type\":\"EntryPoint\",\"urlTemplate\":\"https:\/\/shtandart.eu\/?s={search_term_string}\"},\"query-input\":{\"@type\":\"PropertyValueSpecification\",\"valueRequired\":true,\"valueName\":\"search_term_string\"}}],\"inLanguage\":\"es\"},{\"@type\":\"Organization\",\"@id\":\"https:\/\/shtandart.eu\/#organization\",\"name\":\"Shtandart\",\"url\":\"https:\/\/shtandart.eu\/\",\"logo\":{\"@type\":\"ImageObject\",\"inLanguage\":\"es\",\"@id\":\"https:\/\/shtandart.eu\/#\/schema\/logo\/image\/\",\"url\":\"https:\/\/shtandart.eu\/wp-content\/uploads\/2023\/12\/\u0411\u0435\u0437-\u0438\u043c\u0435\u043d\u0438-2.png\",\"contentUrl\":\"https:\/\/shtandart.eu\/wp-content\/uploads\/2023\/12\/\u0411\u0435\u0437-\u0438\u043c\u0435\u043d\u0438-2.png\",\"width\":512,\"height\":511,\"caption\":\"Shtandart\"},\"image\":{\"@id\":\"https:\/\/shtandart.eu\/#\/schema\/logo\/image\/\"},\"sameAs\":[\"https:\/\/www.facebook.com\/Frigate.Shtandart\/\"]}]}<\/script>\n<!-- \/ Yoast SEO plugin. -->","yoast_head_json":{"title":"Sea festival in La Rochelle 20.06-23.06 - Shtandart","robots":{"index":"index","follow":"follow","max-snippet":"max-snippet:-1","max-image-preview":"max-image-preview:large","max-video-preview":"max-video-preview:-1"},"canonical":"https:\/\/shtandart.eu\/es\/sea-festival-in-la-rochelle-20-23-june-2024\/","og_locale":"es_ES","og_type":"article","og_title":"Sea festival in La Rochelle 20.06-23.06 - Shtandart","og_description":"Port of embarkation: La RochelleBoarding: June 20, 2024, at 19:00Disembarkation: June 23, 2024, at 10:00Days on board: 4Contribution for Organising the Voyage: \u20ac149 We invite you to become part of the maritime festival in La Rochelle and join the crew of the Shtandart, the replica of the historic 1703 frigate. The first ever&nbsp;La Rochelle Maritime [&hellip;]","og_url":"https:\/\/shtandart.eu\/es\/sea-festival-in-la-rochelle-20-23-june-2024\/","og_site_name":"Shtandart","article_publisher":"https:\/\/www.facebook.com\/Frigate.Shtandart\/","article_modified_time":"2024-05-29T07:47:31+00:00","og_image":[{"width":2560,"height":2174,"url":"https:\/\/shtandart.eu\/wp-content\/uploads\/2023\/11\/la-rochelle-scaled.jpg","type":"image\/jpeg"}],"twitter_card":"summary_large_image","twitter_misc":{"Tiempo de lectura":"1 minuto"},"schema":{"@context":"https:\/\/schema.org","@graph":[{"@type":"WebPage","@id":"https:\/\/shtandart.eu\/sea-festival-in-la-rochelle-20-23-june-2024\/","url":"https:\/\/shtandart.eu\/sea-festival-in-la-rochelle-20-23-june-2024\/","name":"Sea festival in La Rochelle 20.06-23.06 - Shtandart","isPartOf":{"@id":"https:\/\/shtandart.eu\/#website"},"primaryImageOfPage":{"@id":"https:\/\/shtandart.eu\/sea-festival-in-la-rochelle-20-23-june-2024\/#primaryimage"},"image":{"@id":"https:\/\/shtandart.eu\/sea-festival-in-la-rochelle-20-23-june-2024\/#primaryimage"},"thumbnailUrl":"https:\/\/shtandart.eu\/wp-content\/uploads\/2023\/11\/la-rochelle-scaled.jpg","datePublished":"2023-04-05T15:30:00+00:00","dateModified":"2024-05-29T07:47:31+00:00","breadcrumb":{"@id":"https:\/\/shtandart.eu\/sea-festival-in-la-rochelle-20-23-june-2024\/#breadcrumb"},"inLanguage":"es","potentialAction":[{"@type":"ReadAction","target":["https:\/\/shtandart.eu\/sea-festival-in-la-rochelle-20-23-june-2024\/"]}]},{"@type":"ImageObject","inLanguage":"es","@id":"https:\/\/shtandart.eu\/sea-festival-in-la-rochelle-20-23-june-2024\/#primaryimage","url":"https:\/\/shtandart.eu\/wp-content\/uploads\/2023\/11\/la-rochelle-scaled.jpg","contentUrl":"https:\/\/shtandart.eu\/wp-content\/uploads\/2023\/11\/la-rochelle-scaled.jpg","width":2560,"height":2174},{"@type":"BreadcrumbList","@id":"https:\/\/shtandart.eu\/sea-festival-in-la-rochelle-20-23-june-2024\/#breadcrumb","itemListElement":[{"@type":"ListItem","position":1,"name":"Home","item":"https:\/\/shtandart.eu\/"},{"@type":"ListItem","position":2,"name":"Sea festival in La Rochelle 20.06-23.06"}]},{"@type":"WebSite","@id":"https:\/\/shtandart.eu\/#website","url":"https:\/\/shtandart.eu\/","name":"Shtandart","description":"","publisher":{"@id":"https:\/\/shtandart.eu\/#organization"},"potentialAction":[{"@type":"SearchAction","target":{"@type":"EntryPoint","urlTemplate":"https:\/\/shtandart.eu\/?s={search_term_string}"},"query-input":{"@type":"PropertyValueSpecification","valueRequired":true,"valueName":"search_term_string"}}],"inLanguage":"es"},{"@type":"Organization","@id":"https:\/\/shtandart.eu\/#organization","name":"Shtandart","url":"https:\/\/shtandart.eu\/","logo":{"@type":"ImageObject","inLanguage":"es","@id":"https:\/\/shtandart.eu\/#\/schema\/logo\/image\/","url":"https:\/\/shtandart.eu\/wp-content\/uploads\/2023\/12\/\u0411\u0435\u0437-\u0438\u043c\u0435\u043d\u0438-2.png","contentUrl":"https:\/\/shtandart.eu\/wp-content\/uploads\/2023\/12\/\u0411\u0435\u0437-\u0438\u043c\u0435\u043d\u0438-2.png","width":512,"height":511,"caption":"Shtandart"},"image":{"@id":"https:\/\/shtandart.eu\/#\/schema\/logo\/image\/"},"sameAs":["https:\/\/www.facebook.com\/Frigate.Shtandart\/"]}]}},"_links":{"self":[{"href":"https:\/\/shtandart.eu\/es\/wp-json\/wp\/v2\/pages\/2264","targetHints":{"allow":["GET"]}}],"collection":[{"href":"https:\/\/shtandart.eu\/es\/wp-json\/wp\/v2\/pages"}],"about":[{"href":"https:\/\/shtandart.eu\/es\/wp-json\/wp\/v2\/types\/page"}],"author":[{"embeddable":true,"href":"https:\/\/shtandart.eu\/es\/wp-json\/wp\/v2\/users\/990011"}],"replies":[{"embeddable":true,"href":"https:\/\/shtandart.eu\/es\/wp-json\/wp\/v2\/comments?post=2264"}],"version-history":[{"count":4,"href":"https:\/\/shtandart.eu\/es\/wp-json\/wp\/v2\/pages\/2264\/revisions"}],"predecessor-version":[{"id":3591,"href":"https:\/\/shtandart.eu\/es\/wp-json\/wp\/v2\/pages\/2264\/revisions\/3591"}],"wp:featuredmedia":[{"embeddable":true,"href":"https:\/\/shtandart.eu\/es\/wp-json\/wp\/v2\/media\/2267"}],"wp:attachment":[{"href":"https:\/\/shtandart.eu\/es\/wp-json\/wp\/v2\/media?parent=2264"}],"curies":[{"name":"wp","href":"https:\/\/api.w.org\/{rel}","templated":true}]}}