{"id":148,"date":"2016-04-28T14:06:59","date_gmt":"2016-04-28T14:06:59","guid":{"rendered":"https:\/\/shtandart.xyz\/?page_id=148"},"modified":"2018-07-30T11:27:08","modified_gmt":"2018-07-30T11:27:08","slug":"shortcodes","status":"publish","type":"page","link":"https:\/\/shtandart.eu\/es\/shortcodes\/","title":{"rendered":"Shortcodes"},"content":{"rendered":"<div class=\"wpb-content-wrapper\"><div class=\"vc_row wpb_row vc_row-fluid\"><div class=\"wpb_column vc_column_container vc_col-sm-12\"><div class=\"vc_column-inner\"><div class=\"wpb_wrapper\"><div class=\"columns_wrap sc_columns columns_nofluid sc_columns_count_2\"><div class=\"column-1_2 sc_column_item sc_column_item_1 odd first\"><div class=\"sc_section margin_bottom_huge\"><div class=\"sc_section_inner\"><div class=\"sc_section_content_wrap\"><h1 class=\"sc_title sc_title_regular margin_top_null margin_bottom_large\">Video<\/h1><video class=\"sc_video\" src=\"https:\/\/player.vimeo.com\/video\/14474364\" width=\"100%\" height=\"\" data-width=\"100%\" data-height=\"\" data-ratio=\"16:9\" style=\"width:100%;\" controls=\"controls\" loop=\"loop\"><\/video><\/div><\/div><\/div><\/div><div class=\"column-1_2 sc_column_item sc_column_item_2 even\"><div class=\"sc_section margin_bottom_huge\"><div class=\"sc_section_inner\"><div class=\"sc_section_content_wrap\"><h1 class=\"sc_title sc_title_regular margin_top_null margin_bottom_large\">GALER\u00cdA<\/h1><div id=\"sc_slider_1370839684\" class=\"sc_slider sc_slider_swiper swiper-slider-container sc_slider_nocontrols sc_slider_pagination sc_slider_bg\" data-interval=\"8702\" style=\"width:100%;\"><div class=\"slides swiper-wrapper\" style=\"\"><\/div><div class=\"sc_slider_pagination_wrap\"><\/div><\/div><\/div><\/div><\/div><\/div><\/div><\/div><\/div><\/div><\/div><div class=\"vc_row wpb_row vc_row-fluid\"><div class=\"wpb_column vc_column_container vc_col-sm-12\"><div class=\"vc_column-inner\"><div class=\"wpb_wrapper\"><div class=\"columns_wrap sc_columns columns_nofluid sc_columns_count_2\"><div class=\"column-1_2 sc_column_item sc_column_item_1 odd first\"><div class=\"sc_section margin_bottom_huge\"><div class=\"sc_section_inner\"><div class=\"sc_section_content_wrap\"><h1 class=\"sc_title sc_title_regular margin_top_null margin_bottom_large\">Audio<\/h1><audio class=\"sc_audio\" src=\"https:\/\/shtandart.xyz\/wp-content\/uploads\/2016\/04\/sample-melody.mp3\" width=\"\" height=\"\" data-title=\"Insert Audio Title Here\" data-author=\"Lily Hunter\"><\/audio><\/div><\/div><\/div><\/div><div class=\"column-1_2 sc_column_item sc_column_item_2 even\"><div class=\"sc_section margin_bottom_huge\"><div class=\"sc_section_inner\"><div class=\"sc_section_content_wrap\"><h1 class=\"sc_title sc_title_regular margin_top_null margin_bottom_large\">Progress Bar<\/h1><div id=\"sc_skills_diagram_2094022729\" class=\"sc_skills sc_skills_pie sc_skills_compact_off\" data-type=\"pie\" data-caption=\"Skills\"><div class=\"columns_wrap sc_skills_columns sc_skills_columns_3\"><div class=\"sc_skills_column column-1_3\"><div class=\"sc_skills_item sc_skills_style_1 odd first\"><canvas id=\"sc_skills_canvas_123204678_canvas\"><\/canvas><div class=\"sc_skills_total\" data-start=\"0\" data-stop=\"80\" data-step=\"1\" data-steps=\"100\" data-max=\"100\" data-speed=\"25\" data-duration=\"2000\" data-color=\"#07b5d0\" data-bg_color=\"#eefafc\" data-border_color=\"#f1f5f8\" data-cutout=\"95\" data-easing=\"easeOutCirc\" data-ed=\"%\">0%<\/div><\/div><div class=\"sc_skills_info\"><div class=\"sc_skills_label\">Graphic Design<\/div><\/div><\/div><div class=\"sc_skills_column column-1_3\"><div class=\"sc_skills_item sc_skills_style_1 even\"><canvas id=\"sc_skills_canvas_767696861_canvas\"><\/canvas><div class=\"sc_skills_total\" data-start=\"0\" data-stop=\"75\" data-step=\"1\" data-steps=\"100\" data-max=\"100\" data-speed=\"10\" data-duration=\"750\" data-color=\"#07b5d0\" data-bg_color=\"#eefafc\" data-border_color=\"#f1f5f8\" data-cutout=\"95\" data-easing=\"easeOutCirc\" data-ed=\"%\">0%<\/div><\/div><div class=\"sc_skills_info\"><div class=\"sc_skills_label\">HTML & CSS3<\/div><\/div><\/div><div class=\"sc_skills_column column-1_3\"><div class=\"sc_skills_item sc_skills_style_1 odd\"><canvas id=\"sc_skills_canvas_337346278_canvas\"><\/canvas><div class=\"sc_skills_total\" data-start=\"0\" data-stop=\"90\" data-step=\"1\" data-steps=\"100\" data-max=\"100\" data-speed=\"22\" data-duration=\"1980\" data-color=\"#07b5d0\" data-bg_color=\"#eefafc\" data-border_color=\"#f1f5f8\" data-cutout=\"95\" data-easing=\"easeOutCirc\" data-ed=\"%\">0%<\/div><\/div><div class=\"sc_skills_info\"><div class=\"sc_skills_label\">Illustration<\/div><\/div><\/div><\/div><\/div><\/div><\/div><\/div><\/div><\/div><\/div><\/div><\/div><\/div><div class=\"vc_row wpb_row vc_row-fluid\"><div class=\"wpb_column vc_column_container vc_col-sm-12\"><div class=\"vc_column-inner\"><div class=\"wpb_wrapper\"><div class=\"columns_wrap sc_columns columns_nofluid sc_columns_count_2\"><div class=\"column-1_2 sc_column_item sc_column_item_1 odd first\"><div class=\"sc_section margin_bottom_huge\"><div class=\"sc_section_inner\"><div class=\"sc_section_content_wrap\"><h1 class=\"sc_title sc_title_regular margin_top_null margin_bottom_large\">Skills<\/h1><div id=\"sc_skills_diagram_2067658506\" class=\"sc_skills sc_skills_bar sc_skills_horizontal\" style=\"width:93%;\" data-type=\"bar\" data-caption=\"Skills\" data-dir=\"horizontal\"><div class=\"sc_skills_info\"><div class=\"sc_skills_label\">Graphic design<\/div><\/div><div class=\"sc_skills_item sc_skills_style_1 odd first\"><div class=\"sc_skills_count\" style=\"background-color:#fd991c; border-color:#fd991c\"><div class=\"sc_skills_total\" data-start=\"0\" data-stop=\"85\" data-step=\"1\" data-max=\"100\" data-speed=\"30\" data-duration=\"2550\" data-ed=\"%\">0%<\/div><\/div><\/div><div class=\"sc_skills_info\"><div class=\"sc_skills_label\">HTML5 & Css3<\/div><\/div><div class=\"sc_skills_item sc_skills_style_1 even\"><div class=\"sc_skills_count\" style=\"background-color:#fd991c; border-color:#fd991c\"><div class=\"sc_skills_total\" data-start=\"0\" data-stop=\"50\" data-step=\"1\" data-max=\"100\" data-speed=\"29\" data-duration=\"1450\" data-ed=\"%\">0%<\/div><\/div><\/div><div class=\"sc_skills_info\"><div class=\"sc_skills_label\">Web design<\/div><\/div><div class=\"sc_skills_item sc_skills_style_1 odd\"><div class=\"sc_skills_count\" style=\"background-color:#fd991c; border-color:#fd991c\"><div class=\"sc_skills_total\" data-start=\"0\" data-stop=\"45\" data-step=\"1\" data-max=\"100\" data-speed=\"23\" data-duration=\"1035\" data-ed=\"%\">0%<\/div><\/div><\/div><div class=\"sc_skills_info\"><div class=\"sc_skills_label\">Wordpress<\/div><\/div><div class=\"sc_skills_item sc_skills_style_1 even\"><div class=\"sc_skills_count\" style=\"background-color:#fd991c; border-color:#fd991c\"><div class=\"sc_skills_total\" data-start=\"0\" data-stop=\"70\" data-step=\"1\" data-max=\"100\" data-speed=\"24\" data-duration=\"1680\" data-ed=\"%\">0%<\/div><\/div><\/div><\/div><\/div><\/div><\/div><\/div><div class=\"column-1_2 sc_column_item sc_column_item_2 even\"><div class=\"sc_section margin_bottom_huge\"><div class=\"sc_section_inner\"><div class=\"sc_section_content_wrap\"><h1 class=\"sc_title sc_title_regular margin_top_null margin_bottom_large\">Countdowns<\/h1><div id=\"sc_countdown_1206018685\" class=\"sc_countdown sc_countdown_style_1 aligncenter\" data-date=\"2016-10-18\" data-time=\"12:20:20\"><div class=\"sc_countdown_inner\"><div class=\"sc_countdown_item sc_countdown_days\"><span class=\"sc_countdown_digits\"><span><\/span><span><\/span><span><\/span><\/span><span class=\"sc_countdown_label\">Days<\/span><\/div><div class=\"sc_countdown_separator\">:<\/div><div class=\"sc_countdown_item sc_countdown_hours\"><span class=\"sc_countdown_digits\"><span><\/span><span><\/span><\/span><span class=\"sc_countdown_label\">Hours<\/span><\/div><div class=\"sc_countdown_separator\">:<\/div><div class=\"sc_countdown_item sc_countdown_minutes\"><span class=\"sc_countdown_digits\"><span><\/span><span><\/span><\/span><span class=\"sc_countdown_label\">Minutes<\/span><\/div><div class=\"sc_countdown_separator\">:<\/div><div class=\"sc_countdown_item sc_countdown_seconds\"><span class=\"sc_countdown_digits\"><span><\/span><span><\/span><\/span><span class=\"sc_countdown_label\">Seconds<\/span><\/div><div class=\"sc_countdown_placeholder hide\"><\/div><\/div><\/div><\/div><\/div><\/div><\/div><\/div><\/div><\/div><\/div><\/div><div class=\"vc_row wpb_row vc_row-fluid\"><div class=\"wpb_column vc_column_container vc_col-sm-12\"><div class=\"vc_column-inner\"><div class=\"wpb_wrapper\"><div class=\"sc_section margin_bottom_huge\"><div class=\"sc_section_inner\"><div class=\"sc_section_content_wrap\"><h1 class=\"sc_title sc_title_regular margin_top_null margin_bottom_large\">Price Plans<\/h1><div class=\"columns_wrap sc_columns columns_nofluid sc_columns_count_4\"><div class=\"column-1_4 sc_column_item sc_column_item_1 odd first\"><div class=\"sc_price_block sc_price_block_style_1\"><div class=\"sc_price_block_title\"><span>Plan #1<\/span><\/div><div class=\"sc_price_block_money\"><div class=\"sc_price\"><span class=\"sc_price_currency\">from $<\/span><span class=\"sc_price_money\">19<\/span><span class=\"sc_price_info\"><span class=\"sc_price_penny\">99<\/span><span class=\"sc_price_period_empty\"><\/span><\/span><\/div><\/div><div class=\"sc_price_block_description\"><\/p>\n<ul>\n<li>Ipsa quae architecto<\/li>\n<li>Illo inventore<\/li>\n<li>Lorem dolor<\/li>\n<li>Sit amet<\/li>\n<\/ul>\n<p><\/div><div class=\"sc_price_block_link\"><a href=\"#\" class=\"sc_button sc_button_square sc_button_style_filled sc_button_size_medium\">view more<\/a><\/div><\/div><\/div><div class=\"column-1_4 sc_column_item sc_column_item_2 even\"><div class=\"sc_price_block sc_price_block_style_1\"><div class=\"sc_price_block_title\"><span>Plan #2<\/span><\/div><div class=\"sc_price_block_money\"><div class=\"sc_price\"><span class=\"sc_price_currency\">from $<\/span><span class=\"sc_price_money\">29<\/span><span class=\"sc_price_info\"><span class=\"sc_price_penny\">99<\/span><span class=\"sc_price_period_empty\"><\/span><\/span><\/div><\/div><div class=\"sc_price_block_description\"><\/p>\n<ul>\n<li>Ipsa quae architecto<\/li>\n<li>Illo inventore<\/li>\n<li>Lorem dolor<\/li>\n<li>Sit amet<\/li>\n<\/ul>\n<p><\/div><div class=\"sc_price_block_link\"><a href=\"#\" class=\"sc_button sc_button_square sc_button_style_filled sc_button_size_medium\">view more<\/a><\/div><\/div><\/div><div class=\"column-1_4 sc_column_item sc_column_item_3 odd\"><div class=\"sc_price_block sc_price_block_style_1\"><div class=\"sc_price_block_title\"><span>Plan #3<\/span><\/div><div class=\"sc_price_block_money\"><div class=\"sc_price\"><span class=\"sc_price_currency\">from $<\/span><span class=\"sc_price_money\">39<\/span><span class=\"sc_price_info\"><span class=\"sc_price_penny\">99<\/span><span class=\"sc_price_period_empty\"><\/span><\/span><\/div><\/div><div class=\"sc_price_block_description\"><\/p>\n<ul>\n<li>Ipsa quae architecto<\/li>\n<li>Illo inventore<\/li>\n<li>Lorem dolor<\/li>\n<li>Sit amet<\/li>\n<\/ul>\n<p><\/div><div class=\"sc_price_block_link\"><a href=\"#\" class=\"sc_button sc_button_square sc_button_style_filled sc_button_size_medium\">view more<\/a><\/div><\/div><\/div><div class=\"column-1_4 sc_column_item sc_column_item_4 even\"><div class=\"sc_price_block sc_price_block_style_1\"><div class=\"sc_price_block_title\"><span>Plan #4<\/span><\/div><div class=\"sc_price_block_money\"><div class=\"sc_price\"><span class=\"sc_price_currency\">from $<\/span><span class=\"sc_price_money\">49<\/span><span class=\"sc_price_info\"><span class=\"sc_price_penny\">99<\/span><span class=\"sc_price_period_empty\"><\/span><\/span><\/div><\/div><div class=\"sc_price_block_description\"><\/p>\n<ul>\n<li>Ipsa quae architecto<\/li>\n<li>Illo inventore<\/li>\n<li>Lorem dolor<\/li>\n<li>Sit amet<\/li>\n<\/ul>\n<p><\/div><div class=\"sc_price_block_link\"><a href=\"#\" class=\"sc_button sc_button_square sc_button_style_filled sc_button_size_medium\">view more<\/a><\/div><\/div><\/div><\/div><\/div><\/div><\/div><\/div><\/div><\/div><\/div><div class=\"vc_row wpb_row vc_row-fluid\"><div class=\"wpb_column vc_column_container vc_col-sm-12\"><div class=\"vc_column-inner\"><div class=\"wpb_wrapper\"><div class=\"sc_section sc_section_block margin_bottom_huge\"><div class=\"sc_section_inner\"><div class=\"sc_section_content_wrap\"><h1 class=\"sc_title sc_title_regular margin_top_null margin_bottom_large\">Testimonials<\/h1><div class=\"sc_section\" style=\"background-image:url(https:\/\/shtandart.eu\/wp-content\/uploads\/2016\/04\/background-10.jpg);background-repeat:no-repeat;background-size:cover;\"><div class=\"sc_section_inner\"><div class=\"sc_section_overlay\" style=\"\"><div class=\"sc_section_content padding_on\" style=\"\"><div class=\"sc_section_content_wrap\"><div id=\"sc_testimonials_987606769\" class=\"sc_testimonials sc_testimonials_style_testimonials-1  margin_top_large margin_bottom_large\" style=\"width:100%;\"><div class=\"sc_slider_swiper swiper-slider-container sc_slider_nopagination sc_slider_controls sc_slider_controls_side\" data-interval=\"6956\" data-slides-min-width=\"250\"><div class=\"slides swiper-wrapper\"><div class=\"swiper-slide\" data-style=\"width:100%;\" style=\"width:100%;\">\t\t\t<div id=\"sc_testimonials_987606769_1\" class=\"sc_testimonial_item\">\n\t\t\t\t<div class=\"sc_testimonial_content\"><p>\u201cI see the people who come on the boat, they are transforming \u2014 when they achieve their dreams, their lives truly change. This place holds great significance; it\u2019s not just an apprenticeship for sailing, but a lesson for life.\u201d<\/p>\n<\/div>\n\t\t\t\t\t\t\t\t<div class=\"sc_testimonial_avatar\"><img loading=\"lazy\" decoding=\"async\" class=\"wp-post-image\" width=\"186\" height=\"186\" alt=\"Shuling Liu\" src=\"https:\/\/shtandart.eu\/wp-content\/uploads\/2025\/07\/shu-ling-300-186x186.jpg\"><\/div>\n\t\t\t\t\t\t\t\t\t\t\t\t<div class=\"sc_testimonial_author\"><span class=\"sc_testimonial_author_name\">Shuling Liu<\/span><span class=\"sc_testimonial_author_position\">China<\/span><\/div>\n\t\t\t\t\t\t\t<\/div>\n\t\t<\/div><div class=\"swiper-slide\" data-style=\"width:100%;\" style=\"width:100%;\">\t\t\t<div id=\"sc_testimonials_987606769_2\" class=\"sc_testimonial_item\">\n\t\t\t\t<div class=\"sc_testimonial_content\"><p>El Shtandart es m\u00e1s que aventura, m\u00e1s que educaci\u00f3n mar\u00edtima y cultural, el Shtandart es una experiencia que te cambia la vida.<\/p>\n<\/div>\n\t\t\t\t\t\t\t\t<div class=\"sc_testimonial_avatar\"><img loading=\"lazy\" decoding=\"async\" class=\"wp-post-image\" width=\"186\" height=\"186\" alt=\"Lilya Efimova\" src=\"https:\/\/shtandart.eu\/wp-content\/uploads\/2023\/10\/IMG_20201028_094614-186x186.jpg\"><\/div>\n\t\t\t\t\t\t\t\t\t\t\t\t<div class=\"sc_testimonial_author\"><a href=\"#\" class=\"sc_testimonial_author_name\">Lilya Efimova<\/a><span class=\"sc_testimonial_author_position\">Pa\u00edses Bajos<\/span><\/div>\n\t\t\t\t\t\t\t<\/div>\n\t\t<\/div><div class=\"swiper-slide\" data-style=\"width:100%;\" style=\"width:100%;\">\t\t\t<div id=\"sc_testimonials_987606769_3\" class=\"sc_testimonial_item\">\n\t\t\t\t<div class=\"sc_testimonial_content\"><p>No importa lo que hagas cuando est\u00e1s a bordo: Limpiar la cubierta, subir a los m\u00e1stiles, cocinar o dormir bajo cubierta \u00a1Una vez que lo pruebas, ya no vuelves a ser la misma!<\/p>\n<\/div>\n\t\t\t\t\t\t\t\t<div class=\"sc_testimonial_avatar\"><img loading=\"lazy\" decoding=\"async\" class=\"wp-post-image\" width=\"186\" height=\"186\" alt=\"Nastya Baranchikova\" src=\"https:\/\/shtandart.eu\/wp-content\/uploads\/2016\/04\/Nastya.jpg\"><\/div>\n\t\t\t\t\t\t\t\t\t\t\t\t<div class=\"sc_testimonial_author\"><a href=\"#\" class=\"sc_testimonial_author_name\">Nastya Baranchikova<\/a><span class=\"sc_testimonial_author_position\">France<\/span><\/div>\n\t\t\t\t\t\t\t<\/div>\n\t\t<\/div><\/div><div class=\"sc_slider_controls_wrap\"><a class=\"sc_slider_prev\" href=\"#\"><\/a><a class=\"sc_slider_next\" href=\"#\"><\/a><\/div><div class=\"sc_slider_pagination_wrap\"><\/div><\/div><\/div><\/div><\/div><\/div><\/div><\/div><\/div><\/div><\/div><\/div><\/div><\/div><\/div><div class=\"vc_row wpb_row vc_row-fluid\"><div class=\"wpb_column vc_column_container vc_col-sm-12\"><div class=\"vc_column-inner\"><div class=\"wpb_wrapper\"><div class=\"columns_wrap sc_columns columns_nofluid sc_columns_count_2\"><div class=\"column-1_2 sc_column_item sc_column_item_1 odd first\"><div class=\"sc_section margin_bottom_huge\"><div class=\"sc_section_inner\"><div class=\"sc_section_content_wrap\"><h1 class=\"sc_title sc_title_regular margin_top_null margin_bottom_large\">Call to Action<\/h1><section class=\"vc_cta3-container\"><div class=\"vc_general vc_do_cta3 vc_cta3 vc_cta3-style-classic vc_cta3-shape-rounded vc_cta3-align-center vc_cta3-color-classic vc_cta3-icon-size-md vc_custom_1532950023326\"><div class=\"vc_cta3_content-container\"><div class=\"vc_cta3-content\"><header class=\"vc_cta3-content-header\"><h2 style=\"font-size: 4.125em;color: #ffffff;line-height: 120%\" class=\"vc_custom_heading vc_do_custom_heading\" >Rapid Progression Beginner Kayak Course<\/h2><h4>Length: 2 Days \/ Price: $265 \/ Includeslunch &amp; all equipment<\/h4><\/header><p><a class=\"sc_button sc_button_square sc_button_style_filled sc_button_size_medium\" href=\"#\">Reserve now!<\/a><\/p>\n<\/div><\/div><\/div><\/section><\/div><\/div><\/div><\/div><div class=\"column-1_2 sc_column_item sc_column_item_2 even\"><div class=\"sc_section margin_bottom_huge\"><div class=\"sc_section_inner\"><div class=\"sc_section_content_wrap\"><h1 class=\"sc_title sc_title_regular margin_top_null margin_bottom_large\">Map<\/h1><div id=\"sc_googlemap_613673274\" class=\"sc_googlemap\" style=\"width:100%;height:646px;\" data-zoom=\"10\" data-style=\"greyscale\"><iframe src=\"https:\/\/maps.google.com\/maps?t=m&output=embed&iwloc=near&z=10&q=\" scrolling=\"no\" marginheight=\"0\" marginwidth=\"0\" frameborder=\"0\"\n                    aria-label=\"\"><\/iframe><\/div><\/div><\/div><\/div><\/div><\/div><\/div><\/div><\/div><\/div><div class=\"vc_row wpb_row vc_row-fluid\"><div class=\"wpb_column vc_column_container vc_col-sm-12\"><div class=\"vc_column-inner\"><div class=\"wpb_wrapper\"><div class=\"sc_section\"><div class=\"sc_section_inner\"><div class=\"sc_section_content_wrap\"><h1 class=\"sc_title sc_title_regular margin_top_null margin_bottom_large\">Promo Block<\/h1><div class=\"sc_promo margin_top_medium margin_bottom_medium sc_promo_size_large\"><div class=\"sc_promo_inner\"><div class=\"sc_promo_image\" style=\"background-image:url(https:\/\/shtandart.eu\/wp-content\/uploads\/2016\/04\/image-12-1.jpg);width:49%;left: 0;\"><\/div><div class=\"sc_promo_block sc_align_center\" style=\"width: 51%; float: right; margin:2.5em 2.75em;\"><div class=\"sc_promo_block_inner\"><h6 class=\"sc_promo_subtitle sc_item_subtitle\">Beginner Kayak Course<\/h6><h2 class=\"sc_promo_title sc_item_title\">Promo Block Example<\/h2><div class=\"sc_promo_descr sc_item_descr\">Length: 2 Days \/ Price: $265 \/ Includes<br \/>\nlunch & all equipment<\/div><div class=\"sc_promo_button sc_item_button\"><a href=\"#\" class=\"sc_button sc_button_square sc_button_style_border sc_button_size_medium\">More info<\/a><\/div><\/div><\/div><\/div><\/div><\/div><\/div><\/div><\/div><\/div><\/div><\/div>\n<\/div>","protected":false},"excerpt":{"rendered":"No importa lo que hagas cuando est\u00e1s a bordo: Limpiar la cubierta, subir a los m\u00e1stiles, cocinar o dormir bajo cubierta \u00a1Una vez que lo pruebas, ya no vuelves a ser la misma!","protected":false},"author":1,"featured_media":0,"parent":0,"menu_order":0,"comment_status":"closed","ping_status":"closed","template":"","meta":{"_themeisle_gutenberg_block_has_review":false,"footnotes":""},"class_list":["post-148","page","type-page","status-publish","hentry"],"yoast_head":"<!-- This site is optimized with the Yoast SEO plugin v25.5 - https:\/\/yoast.com\/wordpress\/plugins\/seo\/ -->\n<title>Shortcodes - Shtandart<\/title>\n<meta name=\"robots\" content=\"index, follow, max-snippet:-1, max-image-preview:large, max-video-preview:-1\" \/>\n<link rel=\"canonical\" href=\"https:\/\/shtandart.eu\/es\/shortcodes\/\" \/>\n<meta property=\"og:locale\" content=\"es_ES\" \/>\n<meta property=\"og:type\" content=\"article\" \/>\n<meta property=\"og:title\" content=\"Shortcodes - Shtandart\" \/>\n<meta property=\"og:url\" content=\"https:\/\/shtandart.eu\/es\/shortcodes\/\" \/>\n<meta property=\"og:site_name\" content=\"Shtandart\" \/>\n<meta property=\"article:publisher\" content=\"https:\/\/www.facebook.com\/Frigate.Shtandart\/\" \/>\n<meta property=\"article:modified_time\" content=\"2018-07-30T11:27:08+00:00\" \/>\n<meta name=\"twitter:card\" content=\"summary_large_image\" \/>\n<meta name=\"twitter:label1\" content=\"Tiempo de lectura\" \/>\n\t<meta name=\"twitter:data1\" content=\"4 minutos\" \/>\n<script type=\"application\/ld+json\" class=\"yoast-schema-graph\">{\"@context\":\"https:\/\/schema.org\",\"@graph\":[{\"@type\":\"WebPage\",\"@id\":\"https:\/\/shtandart.eu\/shortcodes\/\",\"url\":\"https:\/\/shtandart.eu\/shortcodes\/\",\"name\":\"Shortcodes - Shtandart\",\"isPartOf\":{\"@id\":\"https:\/\/shtandart.eu\/#website\"},\"datePublished\":\"2016-04-28T14:06:59+00:00\",\"dateModified\":\"2018-07-30T11:27:08+00:00\",\"breadcrumb\":{\"@id\":\"https:\/\/shtandart.eu\/shortcodes\/#breadcrumb\"},\"inLanguage\":\"es\",\"potentialAction\":[{\"@type\":\"ReadAction\",\"target\":[\"https:\/\/shtandart.eu\/shortcodes\/\"]}]},{\"@type\":\"BreadcrumbList\",\"@id\":\"https:\/\/shtandart.eu\/shortcodes\/#breadcrumb\",\"itemListElement\":[{\"@type\":\"ListItem\",\"position\":1,\"name\":\"Home\",\"item\":\"https:\/\/shtandart.eu\/\"},{\"@type\":\"ListItem\",\"position\":2,\"name\":\"Shortcodes\"}]},{\"@type\":\"WebSite\",\"@id\":\"https:\/\/shtandart.eu\/#website\",\"url\":\"https:\/\/shtandart.eu\/\",\"name\":\"Shtandart\",\"description\":\"\",\"publisher\":{\"@id\":\"https:\/\/shtandart.eu\/#organization\"},\"potentialAction\":[{\"@type\":\"SearchAction\",\"target\":{\"@type\":\"EntryPoint\",\"urlTemplate\":\"https:\/\/shtandart.eu\/?s={search_term_string}\"},\"query-input\":{\"@type\":\"PropertyValueSpecification\",\"valueRequired\":true,\"valueName\":\"search_term_string\"}}],\"inLanguage\":\"es\"},{\"@type\":\"Organization\",\"@id\":\"https:\/\/shtandart.eu\/#organization\",\"name\":\"Shtandart\",\"url\":\"https:\/\/shtandart.eu\/\",\"logo\":{\"@type\":\"ImageObject\",\"inLanguage\":\"es\",\"@id\":\"https:\/\/shtandart.eu\/#\/schema\/logo\/image\/\",\"url\":\"https:\/\/shtandart.eu\/wp-content\/uploads\/2023\/12\/\u0411\u0435\u0437-\u0438\u043c\u0435\u043d\u0438-2.png\",\"contentUrl\":\"https:\/\/shtandart.eu\/wp-content\/uploads\/2023\/12\/\u0411\u0435\u0437-\u0438\u043c\u0435\u043d\u0438-2.png\",\"width\":512,\"height\":511,\"caption\":\"Shtandart\"},\"image\":{\"@id\":\"https:\/\/shtandart.eu\/#\/schema\/logo\/image\/\"},\"sameAs\":[\"https:\/\/www.facebook.com\/Frigate.Shtandart\/\"]}]}<\/script>\n<!-- \/ Yoast SEO plugin. -->","yoast_head_json":{"title":"Shortcodes - Shtandart","robots":{"index":"index","follow":"follow","max-snippet":"max-snippet:-1","max-image-preview":"max-image-preview:large","max-video-preview":"max-video-preview:-1"},"canonical":"https:\/\/shtandart.eu\/es\/shortcodes\/","og_locale":"es_ES","og_type":"article","og_title":"Shortcodes - Shtandart","og_url":"https:\/\/shtandart.eu\/es\/shortcodes\/","og_site_name":"Shtandart","article_publisher":"https:\/\/www.facebook.com\/Frigate.Shtandart\/","article_modified_time":"2018-07-30T11:27:08+00:00","twitter_card":"summary_large_image","twitter_misc":{"Tiempo de lectura":"4 minutos"},"schema":{"@context":"https:\/\/schema.org","@graph":[{"@type":"WebPage","@id":"https:\/\/shtandart.eu\/shortcodes\/","url":"https:\/\/shtandart.eu\/shortcodes\/","name":"Shortcodes - Shtandart","isPartOf":{"@id":"https:\/\/shtandart.eu\/#website"},"datePublished":"2016-04-28T14:06:59+00:00","dateModified":"2018-07-30T11:27:08+00:00","breadcrumb":{"@id":"https:\/\/shtandart.eu\/shortcodes\/#breadcrumb"},"inLanguage":"es","potentialAction":[{"@type":"ReadAction","target":["https:\/\/shtandart.eu\/shortcodes\/"]}]},{"@type":"BreadcrumbList","@id":"https:\/\/shtandart.eu\/shortcodes\/#breadcrumb","itemListElement":[{"@type":"ListItem","position":1,"name":"Home","item":"https:\/\/shtandart.eu\/"},{"@type":"ListItem","position":2,"name":"Shortcodes"}]},{"@type":"WebSite","@id":"https:\/\/shtandart.eu\/#website","url":"https:\/\/shtandart.eu\/","name":"Shtandart","description":"","publisher":{"@id":"https:\/\/shtandart.eu\/#organization"},"potentialAction":[{"@type":"SearchAction","target":{"@type":"EntryPoint","urlTemplate":"https:\/\/shtandart.eu\/?s={search_term_string}"},"query-input":{"@type":"PropertyValueSpecification","valueRequired":true,"valueName":"search_term_string"}}],"inLanguage":"es"},{"@type":"Organization","@id":"https:\/\/shtandart.eu\/#organization","name":"Shtandart","url":"https:\/\/shtandart.eu\/","logo":{"@type":"ImageObject","inLanguage":"es","@id":"https:\/\/shtandart.eu\/#\/schema\/logo\/image\/","url":"https:\/\/shtandart.eu\/wp-content\/uploads\/2023\/12\/\u0411\u0435\u0437-\u0438\u043c\u0435\u043d\u0438-2.png","contentUrl":"https:\/\/shtandart.eu\/wp-content\/uploads\/2023\/12\/\u0411\u0435\u0437-\u0438\u043c\u0435\u043d\u0438-2.png","width":512,"height":511,"caption":"Shtandart"},"image":{"@id":"https:\/\/shtandart.eu\/#\/schema\/logo\/image\/"},"sameAs":["https:\/\/www.facebook.com\/Frigate.Shtandart\/"]}]}},"_links":{"self":[{"href":"https:\/\/shtandart.eu\/es\/wp-json\/wp\/v2\/pages\/148","targetHints":{"allow":["GET"]}}],"collection":[{"href":"https:\/\/shtandart.eu\/es\/wp-json\/wp\/v2\/pages"}],"about":[{"href":"https:\/\/shtandart.eu\/es\/wp-json\/wp\/v2\/types\/page"}],"author":[{"embeddable":true,"href":"https:\/\/shtandart.eu\/es\/wp-json\/wp\/v2\/users\/1"}],"replies":[{"embeddable":true,"href":"https:\/\/shtandart.eu\/es\/wp-json\/wp\/v2\/comments?post=148"}],"version-history":[{"count":0,"href":"https:\/\/shtandart.eu\/es\/wp-json\/wp\/v2\/pages\/148\/revisions"}],"wp:attachment":[{"href":"https:\/\/shtandart.eu\/es\/wp-json\/wp\/v2\/media?parent=148"}],"curies":[{"name":"wp","href":"https:\/\/api.w.org\/{rel}","templated":true}]}}