{"id":1290,"date":"2023-02-13T17:20:39","date_gmt":"2023-02-13T16:20:39","guid":{"rendered":"https:\/\/shtandart.xyz\/?page_id=1290"},"modified":"2025-10-16T14:54:01","modified_gmt":"2025-10-16T12:54:01","slug":"filming-opportunities","status":"publish","type":"page","link":"https:\/\/shtandart.eu\/es\/filming-opportunities\/","title":{"rendered":"OPORTUNIDADES PARA FILMACIONES"},"content":{"rendered":"<p><strong>We\u2019ll be very glad to provide your team with the opportunity to do filming for documentary, historical, adventure or sci-fi projects onboard the exact replica of Peter the Great\u2019s 1703 built frigate Shtandart.&nbsp;<\/strong><\/p>\n\n\n\n<figure class=\"wp-block-image size-large\"><img loading=\"lazy\" decoding=\"async\" width=\"1024\" height=\"678\" src=\"http:\/\/shtandart.eu\/wp-content\/uploads\/2023\/10\/DSC_3708-1024x678.jpg\" alt=\"\" class=\"wp-image-1822\" srcset=\"https:\/\/shtandart.eu\/wp-content\/uploads\/2023\/10\/DSC_3708-1024x678.jpg 1024w, https:\/\/shtandart.eu\/wp-content\/uploads\/2023\/10\/DSC_3708-300x199.jpg 300w, https:\/\/shtandart.eu\/wp-content\/uploads\/2023\/10\/DSC_3708-768x509.jpg 768w, https:\/\/shtandart.eu\/wp-content\/uploads\/2023\/10\/DSC_3708-18x12.jpg 18w, https:\/\/shtandart.eu\/wp-content\/uploads\/2023\/10\/DSC_3708-600x398.jpg 600w, https:\/\/shtandart.eu\/wp-content\/uploads\/2023\/10\/DSC_3708.jpg 1280w\" sizes=\"auto, (max-width: 1024px) 100vw, 1024px\" \/><\/figure>\n\n\n\n<p><strong>Key points and highlights:&nbsp;<\/strong><\/p>\n\n\n\n<p>The exact replica Shtandart was built using authentic materials, methods and techniques of the Peter the Great era;&nbsp;<\/p>\n\n\n\n<p>The interior of the ship is characteristic of the time, carvings and decorative details are all hand-made, following the original designs and patterns of the time;&nbsp;<\/p>\n\n\n\n<p>Modern equipment and elements are fully concealed;&nbsp;<\/p>\n\n\n\n<p>Guns and artillery equipment, buckets and carpenter tools, tableware, hammocks and other items onboard were carefully recreated to accurately represent the historical era;&nbsp;<\/p>\n\n\n\n<p>Guns are in perfect working order, ready to be fired;&nbsp;<\/p>\n\n\n\n<p>Filming on location eliminates the need for designing and building special sets and props;&nbsp;<\/p>\n\n\n\n<p class=\" translation-block\">Filming onboard a real ship allows for close ups of actors and parts of the ship in the action scenes;<br>A special boat is available to film the frigate in motion at sea, under full sails;&nbsp;<br>Plenty of opportunities for filming from unusual angles!<\/p>\n\n\n\n<p><strong>Here is a list of films in which the frigate Shtandart took part:<\/strong><\/p>\n\n\n\n<p><strong><a href=\"https:\/\/shtandart.eu\/es\/notes-of-the-secret-chancellerys-courier-2010-2011-russia\/\">Notes of the Secret Chancellery\u2019s Courier (2010\u20132011, Russia)<\/a><\/strong><br>Directed by Oleg Ryaskov. A historical TV series based on the novel by Oleg Ryaskov, set in early 18th-century Russia. The frigate Shtandart played a central role in maritime episodes.<\/p>\n\n\n\n<p><strong><a href=\"https:\/\/shtandart.eu\/es\/nova-zembla-2011-netherlands\/\">Nova Zembla (2011, Netherlands)<\/a><\/strong><br>Directed by Reinout Oerlemans. The first Dutch feature film shot in 3D, dramatizing Willem Barentsz\u2019s Arctic expedition. The Shtandart doubled as a 16th-century Dutch vessel, providing realism for the polar exploration scenes.<\/p>\n\n\n\n<p><strong><a href=\"https:\/\/shtandart.eu\/es\/admiral-michiel-de-ruyter-2015-netherlands\/\">Admiral (Michiel de Ruyter, 2015, Netherlands)<\/a><\/strong><br>Directed by Roel Rein\u00e9. A large-scale historical epic about Dutch naval hero Michiel de Ruyter. The Shtandart was used to represent period warships of the 17th century.<\/p>\n\n\n\n<p><strong><a href=\"https:\/\/shtandart.eu\/es\/peter-wendy-2015-uk\/\">Peter and Wendy (2015, United Kingdom)<\/a><\/strong><br>Directed by Diarmuid Lawrence, screenplay by Adrian Hodges. A TV film adaptation of J.M. Barrie\u2019s&nbsp;Peter Pan, blending modern hospital drama with the fantasy world of Neverland. The Shtandart appears as Captain Hook\u2019s pirate ship.<\/p>\n\n\n\n<p><strong><a href=\"https:\/\/shtandart.eu\/es\/22-angeles-2016\/\">22 \u00c1ngeles (2016, Spain)<\/a><\/strong><br>Directed by Miguel Bardem, screenplay by Alicia Luna. A historical TV movie about the Balmis Expedition, which carried the smallpox vaccine across the Atlantic. The Shtandart was used for the scenes of the Spanish expedition\u2019s voyage.<\/p>\n\n\n\n<p><strong><a href=\"https:\/\/shtandart.eu\/es\/la-fortuna-2021\/\">La Fortuna (2021, Spain\/USA co-production)<\/a><\/strong><br>Directed by Alejandro Amen\u00e1bar, written by Amen\u00e1bar and Alejandro Hern\u00e1ndez, based on the graphic novel\u00a0El tesoro del Cisne Negro\u00a0by Paco Roca and Guillermo Corral. A six-episode Spanish-American miniseries blending adventure and political drama. Two tall ships took part in filming: the frigate \u00c9toile du Roy and the frigate Shtandart, which brought historical realism to the maritime sequences.<\/p>\n\n\n\n<p><strong>Ship\u2019s technical specs:&nbsp;<\/strong><\/p>\n\n\n\n<p class=\" translation-block\">Eslora (con baupr\u00e9s): 34,5 m\u00a0<br>\nEslora en cubierta: 25,5 m\u00a0<br>\nManga m\u00e1xima: 7 m\u00a0<br>\nCalado: 3,3 m\u00a0<br>\nTonelaje: 220 t\u00a0<br>\nAltura m\u00e1xima de los m\u00e1stiles: 33 m\u00a0<br>\nCasco: roble y alerce\u00a0<br>\nM\u00e1stiles: pino naval\u00a0<br>\nMotores: Volvo Penta TAMD 122P, 2 x 560 CV\u00a0<br>\nGenerador el\u00e9ctrico: (220 V), 32 kW<\/p>\n\n\n\n<p class=\" translation-block\">Please contact us (<a href=\"mailto:voyage@shtandart.eu\" target=\"_self\">voyage@shtandart.eu<\/a>) for further details!<\/p>","protected":false},"excerpt":{"rendered":"<p>We\u2019ll be very glad to provide your team with the opportunity to do filming for documentary, historical, adventure or sci-fi projects onboard the exact replica of Peter the Great\u2019s 1703 built frigate Shtandart.&nbsp; Key points and highlights:&nbsp; The exact replica Shtandart was built using authentic materials, methods and techniques of the Peter the Great era;&nbsp; [&hellip;]<\/p>","protected":false},"author":990011,"featured_media":0,"parent":0,"menu_order":0,"comment_status":"closed","ping_status":"closed","template":"","meta":{"_themeisle_gutenberg_block_has_review":false,"footnotes":""},"class_list":["post-1290","page","type-page","status-publish","hentry"],"yoast_head":"<!-- This site is optimized with the Yoast SEO plugin v25.5 - https:\/\/yoast.com\/wordpress\/plugins\/seo\/ -->\n<title>Filming opportunities - Shtandart<\/title>\n<meta name=\"robots\" content=\"index, follow, max-snippet:-1, max-image-preview:large, max-video-preview:-1\" \/>\n<link rel=\"canonical\" href=\"https:\/\/shtandart.eu\/es\/filming-opportunities\/\" \/>\n<meta property=\"og:locale\" content=\"es_ES\" \/>\n<meta property=\"og:type\" content=\"article\" \/>\n<meta property=\"og:title\" content=\"Filming opportunities - Shtandart\" \/>\n<meta property=\"og:description\" content=\"We\u2019ll be very glad to provide your team with the opportunity to do filming for documentary, historical, adventure or sci-fi projects onboard the exact replica of Peter the Great\u2019s 1703 built frigate Shtandart.&nbsp; Key points and highlights:&nbsp; The exact replica Shtandart was built using authentic materials, methods and techniques of the Peter the Great era;&nbsp; [&hellip;]\" \/>\n<meta property=\"og:url\" content=\"https:\/\/shtandart.eu\/es\/filming-opportunities\/\" \/>\n<meta property=\"og:site_name\" content=\"Shtandart\" \/>\n<meta property=\"article:publisher\" content=\"https:\/\/www.facebook.com\/Frigate.Shtandart\/\" \/>\n<meta property=\"article:modified_time\" content=\"2025-10-16T12:54:01+00:00\" \/>\n<meta property=\"og:image\" content=\"http:\/\/shtandart.eu\/wp-content\/uploads\/2023\/10\/DSC_3708-1024x678.jpg\" \/>\n<meta name=\"twitter:card\" content=\"summary_large_image\" \/>\n<meta name=\"twitter:label1\" content=\"Tiempo de lectura\" \/>\n\t<meta name=\"twitter:data1\" content=\"3 minutos\" \/>\n<script type=\"application\/ld+json\" class=\"yoast-schema-graph\">{\"@context\":\"https:\/\/schema.org\",\"@graph\":[{\"@type\":\"WebPage\",\"@id\":\"https:\/\/shtandart.eu\/filming-opportunities\/\",\"url\":\"https:\/\/shtandart.eu\/filming-opportunities\/\",\"name\":\"Filming opportunities - Shtandart\",\"isPartOf\":{\"@id\":\"https:\/\/shtandart.eu\/#website\"},\"primaryImageOfPage\":{\"@id\":\"https:\/\/shtandart.eu\/filming-opportunities\/#primaryimage\"},\"image\":{\"@id\":\"https:\/\/shtandart.eu\/filming-opportunities\/#primaryimage\"},\"thumbnailUrl\":\"http:\/\/shtandart.eu\/wp-content\/uploads\/2023\/10\/DSC_3708-1024x678.jpg\",\"datePublished\":\"2023-02-13T16:20:39+00:00\",\"dateModified\":\"2025-10-16T12:54:01+00:00\",\"breadcrumb\":{\"@id\":\"https:\/\/shtandart.eu\/filming-opportunities\/#breadcrumb\"},\"inLanguage\":\"es\",\"potentialAction\":[{\"@type\":\"ReadAction\",\"target\":[\"https:\/\/shtandart.eu\/filming-opportunities\/\"]}]},{\"@type\":\"ImageObject\",\"inLanguage\":\"es\",\"@id\":\"https:\/\/shtandart.eu\/filming-opportunities\/#primaryimage\",\"url\":\"http:\/\/shtandart.eu\/wp-content\/uploads\/2023\/10\/DSC_3708-1024x678.jpg\",\"contentUrl\":\"http:\/\/shtandart.eu\/wp-content\/uploads\/2023\/10\/DSC_3708-1024x678.jpg\"},{\"@type\":\"BreadcrumbList\",\"@id\":\"https:\/\/shtandart.eu\/filming-opportunities\/#breadcrumb\",\"itemListElement\":[{\"@type\":\"ListItem\",\"position\":1,\"name\":\"Home\",\"item\":\"https:\/\/shtandart.eu\/\"},{\"@type\":\"ListItem\",\"position\":2,\"name\":\"Filming opportunities\"}]},{\"@type\":\"WebSite\",\"@id\":\"https:\/\/shtandart.eu\/#website\",\"url\":\"https:\/\/shtandart.eu\/\",\"name\":\"Shtandart\",\"description\":\"\",\"publisher\":{\"@id\":\"https:\/\/shtandart.eu\/#organization\"},\"potentialAction\":[{\"@type\":\"SearchAction\",\"target\":{\"@type\":\"EntryPoint\",\"urlTemplate\":\"https:\/\/shtandart.eu\/?s={search_term_string}\"},\"query-input\":{\"@type\":\"PropertyValueSpecification\",\"valueRequired\":true,\"valueName\":\"search_term_string\"}}],\"inLanguage\":\"es\"},{\"@type\":\"Organization\",\"@id\":\"https:\/\/shtandart.eu\/#organization\",\"name\":\"Shtandart\",\"url\":\"https:\/\/shtandart.eu\/\",\"logo\":{\"@type\":\"ImageObject\",\"inLanguage\":\"es\",\"@id\":\"https:\/\/shtandart.eu\/#\/schema\/logo\/image\/\",\"url\":\"https:\/\/shtandart.eu\/wp-content\/uploads\/2023\/12\/\u0411\u0435\u0437-\u0438\u043c\u0435\u043d\u0438-2.png\",\"contentUrl\":\"https:\/\/shtandart.eu\/wp-content\/uploads\/2023\/12\/\u0411\u0435\u0437-\u0438\u043c\u0435\u043d\u0438-2.png\",\"width\":512,\"height\":511,\"caption\":\"Shtandart\"},\"image\":{\"@id\":\"https:\/\/shtandart.eu\/#\/schema\/logo\/image\/\"},\"sameAs\":[\"https:\/\/www.facebook.com\/Frigate.Shtandart\/\"]}]}<\/script>\n<!-- \/ Yoast SEO plugin. -->","yoast_head_json":{"title":"Filming opportunities - Shtandart","robots":{"index":"index","follow":"follow","max-snippet":"max-snippet:-1","max-image-preview":"max-image-preview:large","max-video-preview":"max-video-preview:-1"},"canonical":"https:\/\/shtandart.eu\/es\/filming-opportunities\/","og_locale":"es_ES","og_type":"article","og_title":"Filming opportunities - Shtandart","og_description":"We\u2019ll be very glad to provide your team with the opportunity to do filming for documentary, historical, adventure or sci-fi projects onboard the exact replica of Peter the Great\u2019s 1703 built frigate Shtandart.&nbsp; Key points and highlights:&nbsp; The exact replica Shtandart was built using authentic materials, methods and techniques of the Peter the Great era;&nbsp; [&hellip;]","og_url":"https:\/\/shtandart.eu\/es\/filming-opportunities\/","og_site_name":"Shtandart","article_publisher":"https:\/\/www.facebook.com\/Frigate.Shtandart\/","article_modified_time":"2025-10-16T12:54:01+00:00","og_image":[{"url":"http:\/\/shtandart.eu\/wp-content\/uploads\/2023\/10\/DSC_3708-1024x678.jpg","type":"","width":"","height":""}],"twitter_card":"summary_large_image","twitter_misc":{"Tiempo de lectura":"3 minutos"},"schema":{"@context":"https:\/\/schema.org","@graph":[{"@type":"WebPage","@id":"https:\/\/shtandart.eu\/filming-opportunities\/","url":"https:\/\/shtandart.eu\/filming-opportunities\/","name":"Filming opportunities - Shtandart","isPartOf":{"@id":"https:\/\/shtandart.eu\/#website"},"primaryImageOfPage":{"@id":"https:\/\/shtandart.eu\/filming-opportunities\/#primaryimage"},"image":{"@id":"https:\/\/shtandart.eu\/filming-opportunities\/#primaryimage"},"thumbnailUrl":"http:\/\/shtandart.eu\/wp-content\/uploads\/2023\/10\/DSC_3708-1024x678.jpg","datePublished":"2023-02-13T16:20:39+00:00","dateModified":"2025-10-16T12:54:01+00:00","breadcrumb":{"@id":"https:\/\/shtandart.eu\/filming-opportunities\/#breadcrumb"},"inLanguage":"es","potentialAction":[{"@type":"ReadAction","target":["https:\/\/shtandart.eu\/filming-opportunities\/"]}]},{"@type":"ImageObject","inLanguage":"es","@id":"https:\/\/shtandart.eu\/filming-opportunities\/#primaryimage","url":"http:\/\/shtandart.eu\/wp-content\/uploads\/2023\/10\/DSC_3708-1024x678.jpg","contentUrl":"http:\/\/shtandart.eu\/wp-content\/uploads\/2023\/10\/DSC_3708-1024x678.jpg"},{"@type":"BreadcrumbList","@id":"https:\/\/shtandart.eu\/filming-opportunities\/#breadcrumb","itemListElement":[{"@type":"ListItem","position":1,"name":"Home","item":"https:\/\/shtandart.eu\/"},{"@type":"ListItem","position":2,"name":"Filming opportunities"}]},{"@type":"WebSite","@id":"https:\/\/shtandart.eu\/#website","url":"https:\/\/shtandart.eu\/","name":"Shtandart","description":"","publisher":{"@id":"https:\/\/shtandart.eu\/#organization"},"potentialAction":[{"@type":"SearchAction","target":{"@type":"EntryPoint","urlTemplate":"https:\/\/shtandart.eu\/?s={search_term_string}"},"query-input":{"@type":"PropertyValueSpecification","valueRequired":true,"valueName":"search_term_string"}}],"inLanguage":"es"},{"@type":"Organization","@id":"https:\/\/shtandart.eu\/#organization","name":"Shtandart","url":"https:\/\/shtandart.eu\/","logo":{"@type":"ImageObject","inLanguage":"es","@id":"https:\/\/shtandart.eu\/#\/schema\/logo\/image\/","url":"https:\/\/shtandart.eu\/wp-content\/uploads\/2023\/12\/\u0411\u0435\u0437-\u0438\u043c\u0435\u043d\u0438-2.png","contentUrl":"https:\/\/shtandart.eu\/wp-content\/uploads\/2023\/12\/\u0411\u0435\u0437-\u0438\u043c\u0435\u043d\u0438-2.png","width":512,"height":511,"caption":"Shtandart"},"image":{"@id":"https:\/\/shtandart.eu\/#\/schema\/logo\/image\/"},"sameAs":["https:\/\/www.facebook.com\/Frigate.Shtandart\/"]}]}},"_links":{"self":[{"href":"https:\/\/shtandart.eu\/es\/wp-json\/wp\/v2\/pages\/1290","targetHints":{"allow":["GET"]}}],"collection":[{"href":"https:\/\/shtandart.eu\/es\/wp-json\/wp\/v2\/pages"}],"about":[{"href":"https:\/\/shtandart.eu\/es\/wp-json\/wp\/v2\/types\/page"}],"author":[{"embeddable":true,"href":"https:\/\/shtandart.eu\/es\/wp-json\/wp\/v2\/users\/990011"}],"replies":[{"embeddable":true,"href":"https:\/\/shtandart.eu\/es\/wp-json\/wp\/v2\/comments?post=1290"}],"version-history":[{"count":10,"href":"https:\/\/shtandart.eu\/es\/wp-json\/wp\/v2\/pages\/1290\/revisions"}],"predecessor-version":[{"id":4966,"href":"https:\/\/shtandart.eu\/es\/wp-json\/wp\/v2\/pages\/1290\/revisions\/4966"}],"wp:attachment":[{"href":"https:\/\/shtandart.eu\/es\/wp-json\/wp\/v2\/media?parent=1290"}],"curies":[{"name":"wp","href":"https:\/\/api.w.org\/{rel}","templated":true}]}}