{"id":1267,"date":"2023-02-13T10:00:36","date_gmt":"2023-02-13T09:00:36","guid":{"rendered":"https:\/\/shtandart.xyz\/?page_id=1267"},"modified":"2023-12-28T10:16:00","modified_gmt":"2023-12-28T09:16:00","slug":"prepare-your-journey","status":"publish","type":"page","link":"https:\/\/shtandart.eu\/es\/prepare-your-journey\/","title":{"rendered":"PREP\u00c1RATE PARA TU VIAJE"},"content":{"rendered":"<p style=\"text-align: center; font-size: 1.5em;\"><strong>\u00bfCrees que est\u00e1s listo para tu viaje en velero? \u00a1Aqu\u00ed tienes nuestra lista para ayudarte!<\/strong><\/p>\n\n\n<p><strong>!<\/strong><\/p>\n\n\n\n<ul class=\"wp-block-list\">\n<li>- Documentos:\n<ul class=\"wp-block-list\">\n<li>Pasaporte con todos los visados necesarios para tu viaje;<\/li>\n\n\n\n<li>P\u00f3liza de seguro de viaje internacional v\u00e1lido durante la duraci\u00f3n de tu viaje; es mejor llevar un seguro que cubra navegaci\u00f3n a vela en un yate privado;<\/li>\n\n\n\n<li>Dinero (puede que necesites algo al visitar puertos);<\/li>\n<\/ul>\n<\/li>\n\n\n\n<li>Medicaci\u00f3n - si utilizas alguna, por favor trae contigo el doble de la cantidad que necesitas para la duraci\u00f3n del viaje. Informa al capit\u00e1n sobre tu(s) condici\u00f3n(es) de salud (por ejemplo, alergias, diabetes, etc.) antes del inicio del viaje;<\/li>\n\n\n\n<li>Ropa y calzado:  \n<ul class=\"wp-block-list\">\n<li>Ropa abrigada y preferiblemente impermeable, gorro (puede hacer fr\u00edo durante las guardias nocturnas);<\/li>\n\n\n\n<li>Calzado deportivo con suela r\u00edgida antideslizante;<\/li>\n<\/ul>\n\n\n\n<ul class=\"wp-block-list\">\n<li>Guantes nauticos.<\/li>\n<\/ul>\n<\/li>\n\n\n\n<li>Productos de higiene personal, toalla, ba\u00f1ador, gafas de sol, protector solar con un SPF alto;\n<ul class=\"wp-block-list\">\n<li>Saco de dormir (hay sacos de dormir a bordo pero usar el tuyo propio siempre es m\u00e1s c\u00f3modo). Tambi\u00e9n puedes traer contigo un arn\u00e9s, si tienes uno, con dos cabos de anclaje de unos 60 cm con mosquetones de seguridad.<\/li>\n<\/ul>\n<\/li>\n<\/ul>\n\n\n\n<p><strong>Mejor dejar en casa:<\/strong> equipo de defensa personal (armas, sprays), objetos de valor, joyas costosas, maletas r\u00edgidas.<\/p>\n\n\n\n<p><strong><strong>M\u00e1s informaci\u00f3n \u00fatil:<\/strong><\/strong>:<\/p>\n\n\n\n<ul class=\"wp-block-list\">\n<li><a href=\"https:\/\/shtandart.eu\/es\/about-shtandart\/life-on-board\/\">Lee sobre la vida a bordo<\/a><\/li>\n\n\n\n<li><a href=\"https:\/\/shtandart.eu\/es\/faq\/\">Lee las preguntas frecuentes<\/a><\/li>\n\n\n\n<li><a href=\"https:\/\/shtandart.eu\/es\/services\/sail-with-us\/\">Consulta el itinerario de navegaci\u00f3n<\/a><\/li>\n<\/ul>","protected":false},"excerpt":{"rendered":"<p>Are you ready for your sailing trip? Here&#8217;s our checklist to help you! You must bring the following items: Items best left at home: safety equipment (weapons, sprays), valuables, expensive jewellery, hard suitcases. Some more useful information:<\/p>","protected":false},"author":990011,"featured_media":0,"parent":0,"menu_order":0,"comment_status":"closed","ping_status":"closed","template":"","meta":{"_themeisle_gutenberg_block_has_review":false,"footnotes":""},"class_list":["post-1267","page","type-page","status-publish","hentry"],"yoast_head":"<!-- This site is optimized with the Yoast SEO plugin v25.5 - https:\/\/yoast.com\/wordpress\/plugins\/seo\/ -->\n<title>Get Ready for your Journey - Shtandart<\/title>\n<meta name=\"robots\" content=\"index, follow, max-snippet:-1, max-image-preview:large, max-video-preview:-1\" \/>\n<link rel=\"canonical\" href=\"https:\/\/shtandart.eu\/es\/prepare-your-journey\/\" \/>\n<meta property=\"og:locale\" content=\"es_ES\" \/>\n<meta property=\"og:type\" content=\"article\" \/>\n<meta property=\"og:title\" content=\"Get Ready for your Journey - Shtandart\" \/>\n<meta property=\"og:description\" content=\"Are you ready for your sailing trip? Here&#8217;s our checklist to help you! You must bring the following items: Items best left at home: safety equipment (weapons, sprays), valuables, expensive jewellery, hard suitcases. Some more useful information:\" \/>\n<meta property=\"og:url\" content=\"https:\/\/shtandart.eu\/es\/prepare-your-journey\/\" \/>\n<meta property=\"og:site_name\" content=\"Shtandart\" \/>\n<meta property=\"article:publisher\" content=\"https:\/\/www.facebook.com\/Frigate.Shtandart\/\" \/>\n<meta property=\"article:modified_time\" content=\"2023-12-28T09:16:00+00:00\" \/>\n<meta name=\"twitter:card\" content=\"summary_large_image\" \/>\n<meta name=\"twitter:label1\" content=\"Tiempo de lectura\" \/>\n\t<meta name=\"twitter:data1\" content=\"1 minuto\" \/>\n<script type=\"application\/ld+json\" class=\"yoast-schema-graph\">{\"@context\":\"https:\/\/schema.org\",\"@graph\":[{\"@type\":\"WebPage\",\"@id\":\"https:\/\/shtandart.eu\/prepare-your-journey\/\",\"url\":\"https:\/\/shtandart.eu\/prepare-your-journey\/\",\"name\":\"Get Ready for your Journey - Shtandart\",\"isPartOf\":{\"@id\":\"https:\/\/shtandart.eu\/#website\"},\"datePublished\":\"2023-02-13T09:00:36+00:00\",\"dateModified\":\"2023-12-28T09:16:00+00:00\",\"breadcrumb\":{\"@id\":\"https:\/\/shtandart.eu\/prepare-your-journey\/#breadcrumb\"},\"inLanguage\":\"es\",\"potentialAction\":[{\"@type\":\"ReadAction\",\"target\":[\"https:\/\/shtandart.eu\/prepare-your-journey\/\"]}]},{\"@type\":\"BreadcrumbList\",\"@id\":\"https:\/\/shtandart.eu\/prepare-your-journey\/#breadcrumb\",\"itemListElement\":[{\"@type\":\"ListItem\",\"position\":1,\"name\":\"Home\",\"item\":\"https:\/\/shtandart.eu\/\"},{\"@type\":\"ListItem\",\"position\":2,\"name\":\"Get Ready for your Journey\"}]},{\"@type\":\"WebSite\",\"@id\":\"https:\/\/shtandart.eu\/#website\",\"url\":\"https:\/\/shtandart.eu\/\",\"name\":\"Shtandart\",\"description\":\"\",\"publisher\":{\"@id\":\"https:\/\/shtandart.eu\/#organization\"},\"potentialAction\":[{\"@type\":\"SearchAction\",\"target\":{\"@type\":\"EntryPoint\",\"urlTemplate\":\"https:\/\/shtandart.eu\/?s={search_term_string}\"},\"query-input\":{\"@type\":\"PropertyValueSpecification\",\"valueRequired\":true,\"valueName\":\"search_term_string\"}}],\"inLanguage\":\"es\"},{\"@type\":\"Organization\",\"@id\":\"https:\/\/shtandart.eu\/#organization\",\"name\":\"Shtandart\",\"url\":\"https:\/\/shtandart.eu\/\",\"logo\":{\"@type\":\"ImageObject\",\"inLanguage\":\"es\",\"@id\":\"https:\/\/shtandart.eu\/#\/schema\/logo\/image\/\",\"url\":\"https:\/\/shtandart.eu\/wp-content\/uploads\/2023\/12\/\u0411\u0435\u0437-\u0438\u043c\u0435\u043d\u0438-2.png\",\"contentUrl\":\"https:\/\/shtandart.eu\/wp-content\/uploads\/2023\/12\/\u0411\u0435\u0437-\u0438\u043c\u0435\u043d\u0438-2.png\",\"width\":512,\"height\":511,\"caption\":\"Shtandart\"},\"image\":{\"@id\":\"https:\/\/shtandart.eu\/#\/schema\/logo\/image\/\"},\"sameAs\":[\"https:\/\/www.facebook.com\/Frigate.Shtandart\/\"]}]}<\/script>\n<!-- \/ Yoast SEO plugin. -->","yoast_head_json":{"title":"Get Ready for your Journey - Shtandart","robots":{"index":"index","follow":"follow","max-snippet":"max-snippet:-1","max-image-preview":"max-image-preview:large","max-video-preview":"max-video-preview:-1"},"canonical":"https:\/\/shtandart.eu\/es\/prepare-your-journey\/","og_locale":"es_ES","og_type":"article","og_title":"Get Ready for your Journey - Shtandart","og_description":"Are you ready for your sailing trip? Here&#8217;s our checklist to help you! You must bring the following items: Items best left at home: safety equipment (weapons, sprays), valuables, expensive jewellery, hard suitcases. Some more useful information:","og_url":"https:\/\/shtandart.eu\/es\/prepare-your-journey\/","og_site_name":"Shtandart","article_publisher":"https:\/\/www.facebook.com\/Frigate.Shtandart\/","article_modified_time":"2023-12-28T09:16:00+00:00","twitter_card":"summary_large_image","twitter_misc":{"Tiempo de lectura":"1 minuto"},"schema":{"@context":"https:\/\/schema.org","@graph":[{"@type":"WebPage","@id":"https:\/\/shtandart.eu\/prepare-your-journey\/","url":"https:\/\/shtandart.eu\/prepare-your-journey\/","name":"Get Ready for your Journey - Shtandart","isPartOf":{"@id":"https:\/\/shtandart.eu\/#website"},"datePublished":"2023-02-13T09:00:36+00:00","dateModified":"2023-12-28T09:16:00+00:00","breadcrumb":{"@id":"https:\/\/shtandart.eu\/prepare-your-journey\/#breadcrumb"},"inLanguage":"es","potentialAction":[{"@type":"ReadAction","target":["https:\/\/shtandart.eu\/prepare-your-journey\/"]}]},{"@type":"BreadcrumbList","@id":"https:\/\/shtandart.eu\/prepare-your-journey\/#breadcrumb","itemListElement":[{"@type":"ListItem","position":1,"name":"Home","item":"https:\/\/shtandart.eu\/"},{"@type":"ListItem","position":2,"name":"Get Ready for your Journey"}]},{"@type":"WebSite","@id":"https:\/\/shtandart.eu\/#website","url":"https:\/\/shtandart.eu\/","name":"Shtandart","description":"","publisher":{"@id":"https:\/\/shtandart.eu\/#organization"},"potentialAction":[{"@type":"SearchAction","target":{"@type":"EntryPoint","urlTemplate":"https:\/\/shtandart.eu\/?s={search_term_string}"},"query-input":{"@type":"PropertyValueSpecification","valueRequired":true,"valueName":"search_term_string"}}],"inLanguage":"es"},{"@type":"Organization","@id":"https:\/\/shtandart.eu\/#organization","name":"Shtandart","url":"https:\/\/shtandart.eu\/","logo":{"@type":"ImageObject","inLanguage":"es","@id":"https:\/\/shtandart.eu\/#\/schema\/logo\/image\/","url":"https:\/\/shtandart.eu\/wp-content\/uploads\/2023\/12\/\u0411\u0435\u0437-\u0438\u043c\u0435\u043d\u0438-2.png","contentUrl":"https:\/\/shtandart.eu\/wp-content\/uploads\/2023\/12\/\u0411\u0435\u0437-\u0438\u043c\u0435\u043d\u0438-2.png","width":512,"height":511,"caption":"Shtandart"},"image":{"@id":"https:\/\/shtandart.eu\/#\/schema\/logo\/image\/"},"sameAs":["https:\/\/www.facebook.com\/Frigate.Shtandart\/"]}]}},"_links":{"self":[{"href":"https:\/\/shtandart.eu\/es\/wp-json\/wp\/v2\/pages\/1267","targetHints":{"allow":["GET"]}}],"collection":[{"href":"https:\/\/shtandart.eu\/es\/wp-json\/wp\/v2\/pages"}],"about":[{"href":"https:\/\/shtandart.eu\/es\/wp-json\/wp\/v2\/types\/page"}],"author":[{"embeddable":true,"href":"https:\/\/shtandart.eu\/es\/wp-json\/wp\/v2\/users\/990011"}],"replies":[{"embeddable":true,"href":"https:\/\/shtandart.eu\/es\/wp-json\/wp\/v2\/comments?post=1267"}],"version-history":[{"count":15,"href":"https:\/\/shtandart.eu\/es\/wp-json\/wp\/v2\/pages\/1267\/revisions"}],"predecessor-version":[{"id":3133,"href":"https:\/\/shtandart.eu\/es\/wp-json\/wp\/v2\/pages\/1267\/revisions\/3133"}],"wp:attachment":[{"href":"https:\/\/shtandart.eu\/es\/wp-json\/wp\/v2\/media?parent=1267"}],"curies":[{"name":"wp","href":"https:\/\/api.w.org\/{rel}","templated":true}]}}