{"id":864,"date":"2021-01-07T18:27:24","date_gmt":"2021-01-07T17:27:24","guid":{"rendered":"https:\/\/shtandart.xyz\/?page_id=864"},"modified":"2023-12-24T10:58:59","modified_gmt":"2023-12-24T09:58:59","slug":"life-on-board","status":"publish","type":"page","link":"https:\/\/shtandart.eu\/de\/about-shtandart\/life-on-board\/","title":{"rendered":"Leben an Bord"},"content":{"rendered":"<p style=\"font-size: 1.2em; text-align: center;\" class=\" translation-block\"><strong>Segeln auf der Shtandart gibt Dir die einzigartige Gelegenheit, das Leben eines Seemanns aus dem 18. Jahrhunderts selbst zu erleben. Die Shtandart verbindet zwei Elemente: sie ist die Replik einer Fregatte aus dem 18. Jahrhundert, ausgestattet mit Komfort und moderner Sicherheitstechnik.<\/strong><\/p>\n\n\n\n<figure class=\"wp-block-image size-large\"><img loading=\"lazy\" decoding=\"async\" width=\"1024\" height=\"673\" src=\"http:\/\/shtandart.eu\/wp-content\/uploads\/2023\/11\/7T5A2365-1024x673.jpg\" alt=\"\" class=\"wp-image-2766\" srcset=\"https:\/\/shtandart.eu\/wp-content\/uploads\/2023\/11\/7T5A2365-1024x673.jpg 1024w, https:\/\/shtandart.eu\/wp-content\/uploads\/2023\/11\/7T5A2365-300x197.jpg 300w, https:\/\/shtandart.eu\/wp-content\/uploads\/2023\/11\/7T5A2365-768x505.jpg 768w, https:\/\/shtandart.eu\/wp-content\/uploads\/2023\/11\/7T5A2365-1536x1010.jpg 1536w, https:\/\/shtandart.eu\/wp-content\/uploads\/2023\/11\/7T5A2365-18x12.jpg 18w, https:\/\/shtandart.eu\/wp-content\/uploads\/2023\/11\/7T5A2365-600x394.jpg 600w, https:\/\/shtandart.eu\/wp-content\/uploads\/2023\/11\/7T5A2365.jpg 1643w\" sizes=\"auto, (max-width: 1024px) 100vw, 1024px\" \/><\/figure>\n\n\n\n<h4 class=\"wp-block-heading\">Auf hoher See<\/h4>\n\n\n\n<p>Bei Ankunft auf dem Schiff wird jeder Mitsegler einer bestimmten Wache zugeteilt. Es gibt drei verschiedene Wachen, benannt nach den Masten der Fregatte: Vormastwache, Hauptmastwache und Besanmastwache. Die Wachen wechseln alle vier Stunden. W\u00e4hrend Deiner Wache wirst Du als Ausguck und Ruderg\u00e4nger t\u00e4tig sein, Du lernst die Segel zu bedienen und Du kannst Dir verschiedene seem\u00e4nnische Kenntnisse aneignen, immer unter der Anleitung unserer erfahrenen Ausbilder.<\/p>\n\n\n\n<p>Nach vier Stunden Wache hast Du vier Stunden Bereitschaftswache. Du bist dann mit Wartungsarbeiten am Schiff besch\u00e4ftigt oder hilfst, falls notwendig, den Wachg\u00e4ngern. Dann hast Du vier Stunden Ruhezeit.<\/p>\n\n\n\n<figure class=\"wp-block-table\"><table><tbody><tr><td>&nbsp;<\/td><td>Vormastwache<\/td><td>Hauptmastwache<\/td><td>Besanmastwache<\/td><\/tr><tr><td>00:00 \u2013 04:00<\/td><td>Wache<\/td><td>Ruhezeit<\/td><td>Bereitschaft<\/td><\/tr><tr><td>04:00 \u2013 08:00<\/td><td>Bereitschaft<\/td><td>Wache<\/td><td>Ruhezeit<\/td><\/tr><tr><td>08:00 \u2013 12:00<\/td><td>Ruhezeit<\/td><td>Bereitschaft<\/td><td>Wache<\/td><\/tr><tr><td>12:00 \u2013 16:00<\/td><td>Wache<\/td><td>Ruhezeit<\/td><td>Bereitschaft<\/td><\/tr><tr><td>16:00 \u2013 20:00<\/td><td>Bereitschaft<\/td><td>Wache<\/td><td>Ruhezeit<\/td><\/tr><tr><td>20:00 \u2013 24:00<\/td><td>Ruhezeit<\/td><td>Bereitschaft<\/td><td>Wache<\/td><\/tr><\/tbody><\/table><\/figure>\n\n\n\n\n\n<p>Im Hafen hei\u00dft die Shtandart-Mannschaft viele G\u00e4ste und Besucher an Bord willkommen. Der Wachf\u00fchrer an der Gangway beantwortet alle Arten von Fragen, lernt auf diesem Wege viele neue Leute kennen und kann dabei auch seine Fremdsprachenkenntnisse vertiefen.<\/p>\n\n\n\n<p>Im Hafen f\u00fchren wir auch Wartungsarbeiten am Schiff aus, die wir w\u00e4hrend des Segelns auf See nicht erledigen k\u00f6nnen. Alle wachfreien Mitsegler k\u00f6nnen eine willkommene Pause einlegen und die freie Zeit zum Sightseeing nutzen. Es gibt immer Festivals, Feiern, Parties oder andere Aktivit\u00e4ten, an denen man w\u00e4hrend unserer Hafenbesuche teilnehmen kann.<\/p>\n\n\n\n<h4 class=\"wp-block-heading\">Saubermachen und Kochen<\/h4>\n\n\n\n<p>Auf See und an Land bereitet die K\u00fcchenmannschaft das Essen unter den aufmerksamen Augen des Quartiermeisters zu. Auch wenn Du nicht kochen kannst, gibt es immer was zu tun und am Ende des T\u00f6rns hast Du mit Sicherheit etwas dazu gelernt.<\/p>\n\n\n\n<p>Auf See gibt es \u00fcblicherweise vier Malzeiten am Tag. Die Standartverpflegung besteht aus famili\u00e4rer Hausmannskost einschlie\u00dflich Suppen, Gem\u00fcse, Salaten sowie Zuspeisen wie Getreidespeisen und Pasta. Nat\u00fcrlich kommen auch Freunde des russischen Kasha auf ihre Kosten. Als Hauptgerichte kommen Fisch, Fleisch und Gefl\u00fcgel auf den Tisch. Di\u00e4tw\u00fcnsche sind kein Problem und nat\u00fcrlich ber\u00fccksichtigt die K\u00fcche auch Allergien. Wer spezielle Di\u00e4tanforderungen hat, wird ermutigt, selbst bei der Zubereitung seiner Speisen mitzuhelfen.<\/p>\n\n\n\n<figure class=\"wp-block-image size-full\"><img loading=\"lazy\" decoding=\"async\" width=\"1000\" height=\"750\" src=\"https:\/\/shtandart.eu\/wp-content\/uploads\/2023\/07\/washing-deck.jpg\" alt=\"\" class=\"wp-image-1513\" srcset=\"https:\/\/shtandart.eu\/wp-content\/uploads\/2023\/07\/washing-deck.jpg 1000w, https:\/\/shtandart.eu\/wp-content\/uploads\/2023\/07\/washing-deck-300x225.jpg 300w, https:\/\/shtandart.eu\/wp-content\/uploads\/2023\/07\/washing-deck-768x576.jpg 768w, https:\/\/shtandart.eu\/wp-content\/uploads\/2023\/07\/washing-deck-16x12.jpg 16w, https:\/\/shtandart.eu\/wp-content\/uploads\/2023\/07\/washing-deck-600x450.jpg 600w\" sizes=\"auto, (max-width: 1000px) 100vw, 1000px\" \/><\/figure>\n\n\n\n<p>&nbsp;<\/p>\n\n\n\n<p>Jeden Morgen, nach dem Flaggenapell, s\u00e4ubert die Mannschaft das Deck und die Quartiere.<\/p>\n\n\n\n<p>Schon der erste russische Marine-Codex von 1720 hat der Reinlichkeit auf dem Schiff gro\u00dfe Bedeutung zugemessen.<\/p>\n\n\n\n<p>Er besagt: \u201cSchiffe m\u00fcssen jeden Tag geputzt und geschrubbt werden. Die Fenster auf allen Decks m\u00fcssen so oft wie m\u00f6glich ge\u00f6ffnet werden. Innen und au\u00dfen sind sie jeden Tag morgens und abends zu sauberzuwischen\u201c.<\/p>\n\n\n\n<p>Auf der Shtandart wird dieser Brauch intensiv gepflegt.<\/p>\n\n\n\n<p>Deckschrubben mit Freunden wird ganz schnell zu einer spa\u00dfigen Angelegenheit.<\/p>\n\n\n\n<h4 class=\"wp-block-heading\">Tagesablauf auf der Shtandart<\/h4>\n\n\n\n<figure class=\"wp-block-table\"><table><tbody><tr><td>07.30<\/td><td>Fr\u00fchst\u00fcck<\/td><\/tr><tr><td>08.00<\/td><td>Flaggenparade<\/td><\/tr><tr><td>12.00<\/td><td>Mittagessen<\/td><\/tr><tr><td>16.00<\/td><td>Kaffeetrinken<\/td><\/tr><tr><td>20.00<\/td><td>Abendessen<\/td><\/tr><tr><td>24.00<\/td><td>Lichtaus, Beginn der Nachtwache<\/td><\/tr><\/tbody><\/table><\/figure>\n\n\n<p><strong>Hast Du Lust, das Bordleben auf der Shtandart kennenzulernen?<\/strong><\/p>\n<ul>\n<li><a href=\"https:\/\/shtandart.eu\/de\/services\/sail-with-us\/\">W\u00e4hle Deine Reise<\/a><\/li>\n<li><a href=\"https:\/\/shtandart.eu\/de\/prepare-your-journey\/\">Reisevorbereitung<\/a><\/li>\n<\/ul>","protected":false},"excerpt":{"rendered":"<p>Sailing on Shtandart gives you a unique opportunity to personally experience the life of an 18th century sailor. At the same time, in spite of being a replica of the 18th century frigate, Shtandart offers modern levels of comfort and safety. At sea Upon arrival on the ship, each person is assigned to a watch. [&hellip;]<\/p>","protected":false},"author":990011,"featured_media":0,"parent":223,"menu_order":0,"comment_status":"closed","ping_status":"closed","template":"","meta":{"_themeisle_gutenberg_block_has_review":false,"footnotes":""},"class_list":["post-864","page","type-page","status-publish","hentry"],"yoast_head":"<!-- This site is optimized with the Yoast SEO plugin v25.5 - https:\/\/yoast.com\/wordpress\/plugins\/seo\/ -->\n<title>Life On Board - Shtandart<\/title>\n<meta name=\"robots\" content=\"index, follow, max-snippet:-1, max-image-preview:large, max-video-preview:-1\" \/>\n<link rel=\"canonical\" href=\"https:\/\/shtandart.eu\/de\/about-shtandart\/life-on-board\/\" \/>\n<meta property=\"og:locale\" content=\"de_DE\" \/>\n<meta property=\"og:type\" content=\"article\" \/>\n<meta property=\"og:title\" content=\"Life On Board - Shtandart\" \/>\n<meta property=\"og:description\" content=\"Sailing on Shtandart gives you a unique opportunity to personally experience the life of an 18th century sailor. At the same time, in spite of being a replica of the 18th century frigate, Shtandart offers modern levels of comfort and safety. At sea Upon arrival on the ship, each person is assigned to a watch. [&hellip;]\" \/>\n<meta property=\"og:url\" content=\"https:\/\/shtandart.eu\/de\/about-shtandart\/life-on-board\/\" \/>\n<meta property=\"og:site_name\" content=\"Shtandart\" \/>\n<meta property=\"article:publisher\" content=\"https:\/\/www.facebook.com\/Frigate.Shtandart\/\" \/>\n<meta property=\"article:modified_time\" content=\"2023-12-24T09:58:59+00:00\" \/>\n<meta property=\"og:image\" content=\"http:\/\/shtandart.eu\/wp-content\/uploads\/2023\/11\/7T5A2365-1024x673.jpg\" \/>\n<meta name=\"twitter:card\" content=\"summary_large_image\" \/>\n<meta name=\"twitter:label1\" content=\"Gesch\u00e4tzte Lesezeit\" \/>\n\t<meta name=\"twitter:data1\" content=\"3\u00a0Minuten\" \/>\n<script type=\"application\/ld+json\" class=\"yoast-schema-graph\">{\"@context\":\"https:\/\/schema.org\",\"@graph\":[{\"@type\":\"WebPage\",\"@id\":\"https:\/\/shtandart.eu\/ru\/about-shtandart\/life-on-board\/\",\"url\":\"https:\/\/shtandart.eu\/ru\/about-shtandart\/life-on-board\/\",\"name\":\"Life On Board - Shtandart\",\"isPartOf\":{\"@id\":\"https:\/\/shtandart.eu\/#website\"},\"primaryImageOfPage\":{\"@id\":\"https:\/\/shtandart.eu\/ru\/about-shtandart\/life-on-board\/#primaryimage\"},\"image\":{\"@id\":\"https:\/\/shtandart.eu\/ru\/about-shtandart\/life-on-board\/#primaryimage\"},\"thumbnailUrl\":\"http:\/\/shtandart.eu\/wp-content\/uploads\/2023\/11\/7T5A2365-1024x673.jpg\",\"datePublished\":\"2021-01-07T17:27:24+00:00\",\"dateModified\":\"2023-12-24T09:58:59+00:00\",\"breadcrumb\":{\"@id\":\"https:\/\/shtandart.eu\/ru\/about-shtandart\/life-on-board\/#breadcrumb\"},\"inLanguage\":\"de\",\"potentialAction\":[{\"@type\":\"ReadAction\",\"target\":[\"https:\/\/shtandart.eu\/ru\/about-shtandart\/life-on-board\/\"]}]},{\"@type\":\"ImageObject\",\"inLanguage\":\"de\",\"@id\":\"https:\/\/shtandart.eu\/ru\/about-shtandart\/life-on-board\/#primaryimage\",\"url\":\"http:\/\/shtandart.eu\/wp-content\/uploads\/2023\/11\/7T5A2365-1024x673.jpg\",\"contentUrl\":\"http:\/\/shtandart.eu\/wp-content\/uploads\/2023\/11\/7T5A2365-1024x673.jpg\"},{\"@type\":\"BreadcrumbList\",\"@id\":\"https:\/\/shtandart.eu\/ru\/about-shtandart\/life-on-board\/#breadcrumb\",\"itemListElement\":[{\"@type\":\"ListItem\",\"position\":1,\"name\":\"Home\",\"item\":\"https:\/\/shtandart.eu\/\"},{\"@type\":\"ListItem\",\"position\":2,\"name\":\"About Shtandart\",\"item\":\"https:\/\/shtandart.eu\/ru\/about-shtandart\/\"},{\"@type\":\"ListItem\",\"position\":3,\"name\":\"Life On Board\"}]},{\"@type\":\"WebSite\",\"@id\":\"https:\/\/shtandart.eu\/#website\",\"url\":\"https:\/\/shtandart.eu\/\",\"name\":\"Shtandart\",\"description\":\"\",\"publisher\":{\"@id\":\"https:\/\/shtandart.eu\/#organization\"},\"potentialAction\":[{\"@type\":\"SearchAction\",\"target\":{\"@type\":\"EntryPoint\",\"urlTemplate\":\"https:\/\/shtandart.eu\/?s={search_term_string}\"},\"query-input\":{\"@type\":\"PropertyValueSpecification\",\"valueRequired\":true,\"valueName\":\"search_term_string\"}}],\"inLanguage\":\"de\"},{\"@type\":\"Organization\",\"@id\":\"https:\/\/shtandart.eu\/#organization\",\"name\":\"Shtandart\",\"url\":\"https:\/\/shtandart.eu\/\",\"logo\":{\"@type\":\"ImageObject\",\"inLanguage\":\"de\",\"@id\":\"https:\/\/shtandart.eu\/#\/schema\/logo\/image\/\",\"url\":\"https:\/\/shtandart.eu\/wp-content\/uploads\/2023\/12\/\u0411\u0435\u0437-\u0438\u043c\u0435\u043d\u0438-2.png\",\"contentUrl\":\"https:\/\/shtandart.eu\/wp-content\/uploads\/2023\/12\/\u0411\u0435\u0437-\u0438\u043c\u0435\u043d\u0438-2.png\",\"width\":512,\"height\":511,\"caption\":\"Shtandart\"},\"image\":{\"@id\":\"https:\/\/shtandart.eu\/#\/schema\/logo\/image\/\"},\"sameAs\":[\"https:\/\/www.facebook.com\/Frigate.Shtandart\/\"]}]}<\/script>\n<!-- \/ Yoast SEO plugin. -->","yoast_head_json":{"title":"Life On Board - Shtandart","robots":{"index":"index","follow":"follow","max-snippet":"max-snippet:-1","max-image-preview":"max-image-preview:large","max-video-preview":"max-video-preview:-1"},"canonical":"https:\/\/shtandart.eu\/de\/about-shtandart\/life-on-board\/","og_locale":"de_DE","og_type":"article","og_title":"Life On Board - Shtandart","og_description":"Sailing on Shtandart gives you a unique opportunity to personally experience the life of an 18th century sailor. At the same time, in spite of being a replica of the 18th century frigate, Shtandart offers modern levels of comfort and safety. At sea Upon arrival on the ship, each person is assigned to a watch. [&hellip;]","og_url":"https:\/\/shtandart.eu\/de\/about-shtandart\/life-on-board\/","og_site_name":"Shtandart","article_publisher":"https:\/\/www.facebook.com\/Frigate.Shtandart\/","article_modified_time":"2023-12-24T09:58:59+00:00","og_image":[{"url":"http:\/\/shtandart.eu\/wp-content\/uploads\/2023\/11\/7T5A2365-1024x673.jpg","type":"","width":"","height":""}],"twitter_card":"summary_large_image","twitter_misc":{"Gesch\u00e4tzte Lesezeit":"3\u00a0Minuten"},"schema":{"@context":"https:\/\/schema.org","@graph":[{"@type":"WebPage","@id":"https:\/\/shtandart.eu\/ru\/about-shtandart\/life-on-board\/","url":"https:\/\/shtandart.eu\/ru\/about-shtandart\/life-on-board\/","name":"Life On Board - Shtandart","isPartOf":{"@id":"https:\/\/shtandart.eu\/#website"},"primaryImageOfPage":{"@id":"https:\/\/shtandart.eu\/ru\/about-shtandart\/life-on-board\/#primaryimage"},"image":{"@id":"https:\/\/shtandart.eu\/ru\/about-shtandart\/life-on-board\/#primaryimage"},"thumbnailUrl":"http:\/\/shtandart.eu\/wp-content\/uploads\/2023\/11\/7T5A2365-1024x673.jpg","datePublished":"2021-01-07T17:27:24+00:00","dateModified":"2023-12-24T09:58:59+00:00","breadcrumb":{"@id":"https:\/\/shtandart.eu\/ru\/about-shtandart\/life-on-board\/#breadcrumb"},"inLanguage":"de","potentialAction":[{"@type":"ReadAction","target":["https:\/\/shtandart.eu\/ru\/about-shtandart\/life-on-board\/"]}]},{"@type":"ImageObject","inLanguage":"de","@id":"https:\/\/shtandart.eu\/ru\/about-shtandart\/life-on-board\/#primaryimage","url":"http:\/\/shtandart.eu\/wp-content\/uploads\/2023\/11\/7T5A2365-1024x673.jpg","contentUrl":"http:\/\/shtandart.eu\/wp-content\/uploads\/2023\/11\/7T5A2365-1024x673.jpg"},{"@type":"BreadcrumbList","@id":"https:\/\/shtandart.eu\/ru\/about-shtandart\/life-on-board\/#breadcrumb","itemListElement":[{"@type":"ListItem","position":1,"name":"Home","item":"https:\/\/shtandart.eu\/"},{"@type":"ListItem","position":2,"name":"About Shtandart","item":"https:\/\/shtandart.eu\/ru\/about-shtandart\/"},{"@type":"ListItem","position":3,"name":"Life On Board"}]},{"@type":"WebSite","@id":"https:\/\/shtandart.eu\/#website","url":"https:\/\/shtandart.eu\/","name":"Shtandart","description":"","publisher":{"@id":"https:\/\/shtandart.eu\/#organization"},"potentialAction":[{"@type":"SearchAction","target":{"@type":"EntryPoint","urlTemplate":"https:\/\/shtandart.eu\/?s={search_term_string}"},"query-input":{"@type":"PropertyValueSpecification","valueRequired":true,"valueName":"search_term_string"}}],"inLanguage":"de"},{"@type":"Organization","@id":"https:\/\/shtandart.eu\/#organization","name":"Shtandart","url":"https:\/\/shtandart.eu\/","logo":{"@type":"ImageObject","inLanguage":"de","@id":"https:\/\/shtandart.eu\/#\/schema\/logo\/image\/","url":"https:\/\/shtandart.eu\/wp-content\/uploads\/2023\/12\/\u0411\u0435\u0437-\u0438\u043c\u0435\u043d\u0438-2.png","contentUrl":"https:\/\/shtandart.eu\/wp-content\/uploads\/2023\/12\/\u0411\u0435\u0437-\u0438\u043c\u0435\u043d\u0438-2.png","width":512,"height":511,"caption":"Shtandart"},"image":{"@id":"https:\/\/shtandart.eu\/#\/schema\/logo\/image\/"},"sameAs":["https:\/\/www.facebook.com\/Frigate.Shtandart\/"]}]}},"_links":{"self":[{"href":"https:\/\/shtandart.eu\/de\/wp-json\/wp\/v2\/pages\/864","targetHints":{"allow":["GET"]}}],"collection":[{"href":"https:\/\/shtandart.eu\/de\/wp-json\/wp\/v2\/pages"}],"about":[{"href":"https:\/\/shtandart.eu\/de\/wp-json\/wp\/v2\/types\/page"}],"author":[{"embeddable":true,"href":"https:\/\/shtandart.eu\/de\/wp-json\/wp\/v2\/users\/990011"}],"replies":[{"embeddable":true,"href":"https:\/\/shtandart.eu\/de\/wp-json\/wp\/v2\/comments?post=864"}],"version-history":[{"count":23,"href":"https:\/\/shtandart.eu\/de\/wp-json\/wp\/v2\/pages\/864\/revisions"}],"predecessor-version":[{"id":4474,"href":"https:\/\/shtandart.eu\/de\/wp-json\/wp\/v2\/pages\/864\/revisions\/4474"}],"up":[{"embeddable":true,"href":"https:\/\/shtandart.eu\/de\/wp-json\/wp\/v2\/pages\/223"}],"wp:attachment":[{"href":"https:\/\/shtandart.eu\/de\/wp-json\/wp\/v2\/media?parent=864"}],"curies":[{"name":"wp","href":"https:\/\/api.w.org\/{rel}","templated":true}]}}