{"id":4833,"date":"2025-08-20T08:54:11","date_gmt":"2025-08-20T06:54:11","guid":{"rendered":"https:\/\/shtandart.eu\/?page_id=4833"},"modified":"2025-08-20T17:30:35","modified_gmt":"2025-08-20T15:30:35","slug":"alanya-alanya-08-10-19-10-2025","status":"publish","type":"page","link":"https:\/\/shtandart.eu\/de\/alanya-alanya-08-10-19-10-2025\/","title":{"rendered":"Alanya &#8211; Alanya 08.11-19.11 2025"},"content":{"rendered":"<p><strong>Departure from: Alanya<br>Boarding: 08\/11 2025, 17:00<br>Destination: Alanya<br>Arrival: 19\/11 2025, 06:00<br>Tage an Bord: 10<\/strong><\/p>\n\n\n\n<p><strong>A November Sailing Adventure Along the Turkish Riviera Aboard the Frigate Shtandart<\/strong><\/p>\n\n\n\n<p>This November, set out on a 12-day maritime journey along the sun-drenched coasts of southern Turkey aboard the&nbsp;Shtandart&nbsp;\u2014 a faithful replica of an 18th-century frigate. Departing and returning to Alanya, you\u2019ll experience the timeless beauty of the Mediterranean at the close of autumn, when the sea is calm, and the air crisp. <\/p>\n\n\n\n<b>Step Into the Life of a Tall Ship Sailor<\/b>\n\n\n\n<p>You will take part in the daily life of a historic sailing vessel. As part of the crew, you\u2019ll become part of the ship\u2019s story:<\/p>\n\n\n\n<ul class=\"wp-block-list\">\n<li>Set and adjust sails by hand<\/li>\n\n\n\n<li>Take your turn on watch and learn the art of navigation<\/li>\n\n\n\n<li>Climb the rigging for breathtaking views of sea and shore<\/li>\n\n\n\n<li>Take the helm under the guidance of experienced sailors<\/li>\n<\/ul>\n\n\n\n<p>No prior sailing knowledge is required \u2014 everything you need to know will be taught on board.<\/p>\n\n\n\n<p><strong>A Voyage Through History<\/strong><br><br>The Turkish Riviera is rich with legacies of ancient civilizations. From rugged coves and pine-clad hills to historic harbors once frequented by traders and seafarers, each day brings new horizons. Expect crisp November winds, golden light on the sea, and nights filled with constellations that guided sailors for centuries. You will see the Mediterranean as the ancient seafarers knew it.<\/p>\n\n\n\n<p><strong>Join the Shtandart \u2013 and Sail Into the Past<\/strong><br><br>This 12-day Alanya-to-Alanya voyage is more than a trip \u2014 it\u2019s an adventure of teamwork, discovery, and seafaring tradition. Step aboard the&nbsp;Shtandart&nbsp;and carry forward the spirit of the Mediterranean\u2019s great maritime heritage.<\/p>\n\n\n\n<p><strong>Unterbringung und sonstige Leistungen<\/strong><\/p>\n\n\n\n<p>Du hast Die Wahl: schlafe in einer H\u00e4ngematte, wie die Seeleute vor 300 Jahren oder w\u00e4hle eine Koje, falls noch verf\u00fcgbar. Sowohl an Land als auch auf See gibt es t\u00e4glich vier Mahlzeiten. Das Leben an Bord ist eingeteilt in Wachen, an denen Du w\u00e4hrend Deines Aufenthalts an Bord aktiv teilnehmen wirst.<\/p>\n\n\n\n<p class=\" translation-block\">Hier erf\u00e4hrst Du mehr \u00fcber das Leben an Bord  <a href=\"https:\/\/shtandart.eu\/about-shtandart\/life-on-board\/\" target=\"_self\">hier<\/a>.<\/p>\n\n\n\n<p class=\" translation-block\">Schick deine Anfrage an <a href=\"mailto:voyage@shtandart.eu\" target=\"_self\">voyage@shtandart.eu<\/a>, um dir dein Abenteuer zu sichern!<\/p>","protected":false},"excerpt":{"rendered":"<p>Departure from: AlanyaBoarding: 08\/11 2025, 17:00Destination: AlanyaArrival: 19\/11 2025, 06:00Days on board: 10 A November Sailing Adventure Along the Turkish Riviera Aboard the Frigate Shtandart This November, set out on a 12-day maritime journey along the sun-drenched coasts of southern Turkey aboard the&nbsp;Shtandart&nbsp;\u2014 a faithful replica of an 18th-century frigate. Departing and returning to Alanya, [&hellip;]<\/p>","protected":false},"author":990011,"featured_media":0,"parent":0,"menu_order":0,"comment_status":"closed","ping_status":"closed","template":"","meta":{"_themeisle_gutenberg_block_has_review":false,"footnotes":""},"class_list":["post-4833","page","type-page","status-publish","hentry"],"yoast_head":"<!-- This site is optimized with the Yoast SEO plugin v25.5 - https:\/\/yoast.com\/wordpress\/plugins\/seo\/ -->\n<title>Alanya - Alanya 08.11-19.11 2025 - Shtandart<\/title>\n<meta name=\"robots\" content=\"index, follow, max-snippet:-1, max-image-preview:large, max-video-preview:-1\" \/>\n<link rel=\"canonical\" href=\"https:\/\/shtandart.eu\/de\/alanya-alanya-08-10-19-10-2025\/\" \/>\n<meta property=\"og:locale\" content=\"de_DE\" \/>\n<meta property=\"og:type\" content=\"article\" \/>\n<meta property=\"og:title\" content=\"Alanya - Alanya 08.11-19.11 2025 - Shtandart\" \/>\n<meta property=\"og:description\" content=\"Departure from: AlanyaBoarding: 08\/11 2025, 17:00Destination: AlanyaArrival: 19\/11 2025, 06:00Days on board: 10 A November Sailing Adventure Along the Turkish Riviera Aboard the Frigate Shtandart This November, set out on a 12-day maritime journey along the sun-drenched coasts of southern Turkey aboard the&nbsp;Shtandart&nbsp;\u2014 a faithful replica of an 18th-century frigate. Departing and returning to Alanya, [&hellip;]\" \/>\n<meta property=\"og:url\" content=\"https:\/\/shtandart.eu\/de\/alanya-alanya-08-10-19-10-2025\/\" \/>\n<meta property=\"og:site_name\" content=\"Shtandart\" \/>\n<meta property=\"article:publisher\" content=\"https:\/\/www.facebook.com\/Frigate.Shtandart\/\" \/>\n<meta property=\"article:modified_time\" content=\"2025-08-20T15:30:35+00:00\" \/>\n<meta name=\"twitter:card\" content=\"summary_large_image\" \/>\n<meta name=\"twitter:label1\" content=\"Gesch\u00e4tzte Lesezeit\" \/>\n\t<meta name=\"twitter:data1\" content=\"2\u00a0Minuten\" \/>\n<script type=\"application\/ld+json\" class=\"yoast-schema-graph\">{\"@context\":\"https:\/\/schema.org\",\"@graph\":[{\"@type\":\"WebPage\",\"@id\":\"https:\/\/shtandart.eu\/alanya-alanya-08-10-19-10-2025\/\",\"url\":\"https:\/\/shtandart.eu\/alanya-alanya-08-10-19-10-2025\/\",\"name\":\"Alanya - Alanya 08.11-19.11 2025 - Shtandart\",\"isPartOf\":{\"@id\":\"https:\/\/shtandart.eu\/#website\"},\"datePublished\":\"2025-08-20T06:54:11+00:00\",\"dateModified\":\"2025-08-20T15:30:35+00:00\",\"breadcrumb\":{\"@id\":\"https:\/\/shtandart.eu\/alanya-alanya-08-10-19-10-2025\/#breadcrumb\"},\"inLanguage\":\"de\",\"potentialAction\":[{\"@type\":\"ReadAction\",\"target\":[\"https:\/\/shtandart.eu\/alanya-alanya-08-10-19-10-2025\/\"]}]},{\"@type\":\"BreadcrumbList\",\"@id\":\"https:\/\/shtandart.eu\/alanya-alanya-08-10-19-10-2025\/#breadcrumb\",\"itemListElement\":[{\"@type\":\"ListItem\",\"position\":1,\"name\":\"Home\",\"item\":\"https:\/\/shtandart.eu\/\"},{\"@type\":\"ListItem\",\"position\":2,\"name\":\"Alanya &#8211; Alanya 08.11-19.11 2025\"}]},{\"@type\":\"WebSite\",\"@id\":\"https:\/\/shtandart.eu\/#website\",\"url\":\"https:\/\/shtandart.eu\/\",\"name\":\"Shtandart\",\"description\":\"\",\"publisher\":{\"@id\":\"https:\/\/shtandart.eu\/#organization\"},\"potentialAction\":[{\"@type\":\"SearchAction\",\"target\":{\"@type\":\"EntryPoint\",\"urlTemplate\":\"https:\/\/shtandart.eu\/?s={search_term_string}\"},\"query-input\":{\"@type\":\"PropertyValueSpecification\",\"valueRequired\":true,\"valueName\":\"search_term_string\"}}],\"inLanguage\":\"de\"},{\"@type\":\"Organization\",\"@id\":\"https:\/\/shtandart.eu\/#organization\",\"name\":\"Shtandart\",\"url\":\"https:\/\/shtandart.eu\/\",\"logo\":{\"@type\":\"ImageObject\",\"inLanguage\":\"de\",\"@id\":\"https:\/\/shtandart.eu\/#\/schema\/logo\/image\/\",\"url\":\"https:\/\/shtandart.eu\/wp-content\/uploads\/2023\/12\/\u0411\u0435\u0437-\u0438\u043c\u0435\u043d\u0438-2.png\",\"contentUrl\":\"https:\/\/shtandart.eu\/wp-content\/uploads\/2023\/12\/\u0411\u0435\u0437-\u0438\u043c\u0435\u043d\u0438-2.png\",\"width\":512,\"height\":511,\"caption\":\"Shtandart\"},\"image\":{\"@id\":\"https:\/\/shtandart.eu\/#\/schema\/logo\/image\/\"},\"sameAs\":[\"https:\/\/www.facebook.com\/Frigate.Shtandart\/\"]}]}<\/script>\n<!-- \/ Yoast SEO plugin. -->","yoast_head_json":{"title":"Alanya - Alanya 08.11-19.11 2025 - Shtandart","robots":{"index":"index","follow":"follow","max-snippet":"max-snippet:-1","max-image-preview":"max-image-preview:large","max-video-preview":"max-video-preview:-1"},"canonical":"https:\/\/shtandart.eu\/de\/alanya-alanya-08-10-19-10-2025\/","og_locale":"de_DE","og_type":"article","og_title":"Alanya - Alanya 08.11-19.11 2025 - Shtandart","og_description":"Departure from: AlanyaBoarding: 08\/11 2025, 17:00Destination: AlanyaArrival: 19\/11 2025, 06:00Days on board: 10 A November Sailing Adventure Along the Turkish Riviera Aboard the Frigate Shtandart This November, set out on a 12-day maritime journey along the sun-drenched coasts of southern Turkey aboard the&nbsp;Shtandart&nbsp;\u2014 a faithful replica of an 18th-century frigate. Departing and returning to Alanya, [&hellip;]","og_url":"https:\/\/shtandart.eu\/de\/alanya-alanya-08-10-19-10-2025\/","og_site_name":"Shtandart","article_publisher":"https:\/\/www.facebook.com\/Frigate.Shtandart\/","article_modified_time":"2025-08-20T15:30:35+00:00","twitter_card":"summary_large_image","twitter_misc":{"Gesch\u00e4tzte Lesezeit":"2\u00a0Minuten"},"schema":{"@context":"https:\/\/schema.org","@graph":[{"@type":"WebPage","@id":"https:\/\/shtandart.eu\/alanya-alanya-08-10-19-10-2025\/","url":"https:\/\/shtandart.eu\/alanya-alanya-08-10-19-10-2025\/","name":"Alanya - Alanya 08.11-19.11 2025 - Shtandart","isPartOf":{"@id":"https:\/\/shtandart.eu\/#website"},"datePublished":"2025-08-20T06:54:11+00:00","dateModified":"2025-08-20T15:30:35+00:00","breadcrumb":{"@id":"https:\/\/shtandart.eu\/alanya-alanya-08-10-19-10-2025\/#breadcrumb"},"inLanguage":"de","potentialAction":[{"@type":"ReadAction","target":["https:\/\/shtandart.eu\/alanya-alanya-08-10-19-10-2025\/"]}]},{"@type":"BreadcrumbList","@id":"https:\/\/shtandart.eu\/alanya-alanya-08-10-19-10-2025\/#breadcrumb","itemListElement":[{"@type":"ListItem","position":1,"name":"Home","item":"https:\/\/shtandart.eu\/"},{"@type":"ListItem","position":2,"name":"Alanya &#8211; Alanya 08.11-19.11 2025"}]},{"@type":"WebSite","@id":"https:\/\/shtandart.eu\/#website","url":"https:\/\/shtandart.eu\/","name":"Shtandart","description":"","publisher":{"@id":"https:\/\/shtandart.eu\/#organization"},"potentialAction":[{"@type":"SearchAction","target":{"@type":"EntryPoint","urlTemplate":"https:\/\/shtandart.eu\/?s={search_term_string}"},"query-input":{"@type":"PropertyValueSpecification","valueRequired":true,"valueName":"search_term_string"}}],"inLanguage":"de"},{"@type":"Organization","@id":"https:\/\/shtandart.eu\/#organization","name":"Shtandart","url":"https:\/\/shtandart.eu\/","logo":{"@type":"ImageObject","inLanguage":"de","@id":"https:\/\/shtandart.eu\/#\/schema\/logo\/image\/","url":"https:\/\/shtandart.eu\/wp-content\/uploads\/2023\/12\/\u0411\u0435\u0437-\u0438\u043c\u0435\u043d\u0438-2.png","contentUrl":"https:\/\/shtandart.eu\/wp-content\/uploads\/2023\/12\/\u0411\u0435\u0437-\u0438\u043c\u0435\u043d\u0438-2.png","width":512,"height":511,"caption":"Shtandart"},"image":{"@id":"https:\/\/shtandart.eu\/#\/schema\/logo\/image\/"},"sameAs":["https:\/\/www.facebook.com\/Frigate.Shtandart\/"]}]}},"_links":{"self":[{"href":"https:\/\/shtandart.eu\/de\/wp-json\/wp\/v2\/pages\/4833","targetHints":{"allow":["GET"]}}],"collection":[{"href":"https:\/\/shtandart.eu\/de\/wp-json\/wp\/v2\/pages"}],"about":[{"href":"https:\/\/shtandart.eu\/de\/wp-json\/wp\/v2\/types\/page"}],"author":[{"embeddable":true,"href":"https:\/\/shtandart.eu\/de\/wp-json\/wp\/v2\/users\/990011"}],"replies":[{"embeddable":true,"href":"https:\/\/shtandart.eu\/de\/wp-json\/wp\/v2\/comments?post=4833"}],"version-history":[{"count":8,"href":"https:\/\/shtandart.eu\/de\/wp-json\/wp\/v2\/pages\/4833\/revisions"}],"predecessor-version":[{"id":4853,"href":"https:\/\/shtandart.eu\/de\/wp-json\/wp\/v2\/pages\/4833\/revisions\/4853"}],"wp:attachment":[{"href":"https:\/\/shtandart.eu\/de\/wp-json\/wp\/v2\/media?parent=4833"}],"curies":[{"name":"wp","href":"https:\/\/api.w.org\/{rel}","templated":true}]}}