{"id":4823,"date":"2025-08-14T11:56:56","date_gmt":"2025-08-14T09:56:56","guid":{"rendered":"https:\/\/shtandart.eu\/?page_id=4823"},"modified":"2025-08-26T11:57:58","modified_gmt":"2025-08-26T09:57:58","slug":"tanger-tunisia-27-09-5-10-2025","status":"publish","type":"page","link":"https:\/\/shtandart.eu\/de\/tanger-tunisia-27-09-5-10-2025\/","title":{"rendered":"Tanger \u2013 Bizerte 27.09 \u2013 5.10.2025"},"content":{"rendered":"<p><strong>Departure from: Tanger, Morocco<br>Boarding: 27\/09 2025, 10:00<br>Destination: Bizerte, Tunisia<br>Disembarkation: 5\/10 2025, 10:00<br>Tage an Bord: 10<\/strong><\/p>\n\n\n\n<p><strong>Sail from Tanger to Tunisia Aboard the Shtandart<\/strong><\/p>\n\n\n\n<p>Set sail this autumn on a once-in-a-lifetime voyage from the vibrant Moroccan port of&nbsp;Tanger&nbsp;to the storied shores of&nbsp;Tunisia. Aboard the&nbsp;Shtandart&nbsp;\u2014 the replica of an 18th-century frigate \u2014 you\u2019ll navigate the western and central Mediterranean, tracing the maritime paths of ancient traders and explorers.<\/p>\n\n\n\n<p><strong>Be Part of the Crew on a Historic Tall Ship<\/strong><\/p>\n\n\n\n<p>This is no luxury cruise \u2014 it\u2019s a real sailing adventure. You\u2019ll live and work as part of the crew, learning the timeless skills of traditional seamanship:<\/p>\n\n\n\n<ul class=\"wp-block-list\">\n<li>Set and trim sails to match the Mediterranean winds<\/li>\n\n\n\n<li>Join watch rotations and navigate by compass and stars<\/li>\n\n\n\n<li>Climb the rigging and furl sails high above deck<\/li>\n\n\n\n<li>Take the helm and guide a 34-meter wooden frigate across open seas<\/li>\n<\/ul>\n\n\n\n<p>No prior sailing experience is needed. Our professional crew will teach you everything you need to know.<\/p>\n\n\n\n<p><strong>Sail in the Wake of Civilizations<\/strong><\/p>\n\n\n\n<p>As you journey east along the North African coast, you\u2019ll cross waters once ruled by&nbsp;Carthaginians,&nbsp;Romans,&nbsp;Arabs, and&nbsp;Ottomans. Expect stunning sunsets, historic coastal landscapes, and stops in ports steeped in thousands of years of maritime tradition.<\/p>\n\n\n\n<p><strong>Join the Shtandart and Experience Sailing Like Never Before<\/strong><\/p>\n\n\n\n<p>From the Atlantic-facing port of Tanger to the historic harbors of Tunisia, discover a voyage filled with teamwork, learning, and adventure. Step aboard the&nbsp;Shtandart&nbsp;\u2014 and sail not just across seas, but through time.<\/p>\n\n\n\n<p><\/p>\n\n\n\n<p><strong>Unterbringung und sonstige Leistungen<\/strong><\/p>\n\n\n\n<p>Du hast Die Wahl: schlafe in einer H\u00e4ngematte, wie die Seeleute vor 300 Jahren oder w\u00e4hle eine Koje, falls noch verf\u00fcgbar. Sowohl an Land als auch auf See gibt es t\u00e4glich vier Mahlzeiten. Das Leben an Bord ist eingeteilt in Wachen, an denen Du w\u00e4hrend Deines Aufenthalts an Bord aktiv teilnehmen wirst.<\/p>\n\n\n\n<p class=\" translation-block\">Hier erf\u00e4hrst Du mehr \u00fcber das Leben an Bord  <a href=\"https:\/\/shtandart.eu\/about-shtandart\/life-on-board\/\" target=\"_self\">hier<\/a>.<\/p>\n\n\n\n<p class=\" translation-block\">Schick deine Anfrage an <a href=\"mailto:voyage@shtandart.eu\" target=\"_self\">voyage@shtandart.eu<\/a>, um dir dein Abenteuer zu sichern!<\/p>","protected":false},"excerpt":{"rendered":"<p>Departure from: Tanger, MoroccoBoarding: 27\/09 2025, 10:00Destination: Bizerte, TunisiaDisembarkation: 5\/10 2025, 10:00Days on board: 10 Sail from Tanger to Tunisia Aboard the Shtandart Set sail this autumn on a once-in-a-lifetime voyage from the vibrant Moroccan port of&nbsp;Tanger&nbsp;to the storied shores of&nbsp;Tunisia. Aboard the&nbsp;Shtandart&nbsp;\u2014 the replica of an 18th-century frigate \u2014 you\u2019ll navigate the western and [&hellip;]<\/p>","protected":false},"author":990011,"featured_media":0,"parent":0,"menu_order":0,"comment_status":"closed","ping_status":"closed","template":"","meta":{"_themeisle_gutenberg_block_has_review":false,"footnotes":""},"class_list":["post-4823","page","type-page","status-publish","hentry"],"yoast_head":"<!-- This site is optimized with the Yoast SEO plugin v25.5 - https:\/\/yoast.com\/wordpress\/plugins\/seo\/ -->\n<title>Tanger \u2013 Bizerte 27.09 \u2013 5.10.2025 - Shtandart<\/title>\n<meta name=\"robots\" content=\"index, follow, max-snippet:-1, max-image-preview:large, max-video-preview:-1\" \/>\n<link rel=\"canonical\" href=\"https:\/\/shtandart.eu\/de\/tanger-tunisia-27-09-5-10-2025\/\" \/>\n<meta property=\"og:locale\" content=\"de_DE\" \/>\n<meta property=\"og:type\" content=\"article\" \/>\n<meta property=\"og:title\" content=\"Tanger \u2013 Bizerte 27.09 \u2013 5.10.2025 - Shtandart\" \/>\n<meta property=\"og:description\" content=\"Departure from: Tanger, MoroccoBoarding: 27\/09 2025, 10:00Destination: Bizerte, TunisiaDisembarkation: 5\/10 2025, 10:00Days on board: 10 Sail from Tanger to Tunisia Aboard the Shtandart Set sail this autumn on a once-in-a-lifetime voyage from the vibrant Moroccan port of&nbsp;Tanger&nbsp;to the storied shores of&nbsp;Tunisia. Aboard the&nbsp;Shtandart&nbsp;\u2014 the replica of an 18th-century frigate \u2014 you\u2019ll navigate the western and [&hellip;]\" \/>\n<meta property=\"og:url\" content=\"https:\/\/shtandart.eu\/de\/tanger-tunisia-27-09-5-10-2025\/\" \/>\n<meta property=\"og:site_name\" content=\"Shtandart\" \/>\n<meta property=\"article:publisher\" content=\"https:\/\/www.facebook.com\/Frigate.Shtandart\/\" \/>\n<meta property=\"article:modified_time\" content=\"2025-08-26T09:57:58+00:00\" \/>\n<meta name=\"twitter:card\" content=\"summary_large_image\" \/>\n<meta name=\"twitter:label1\" content=\"Gesch\u00e4tzte Lesezeit\" \/>\n\t<meta name=\"twitter:data1\" content=\"2\u00a0Minuten\" \/>\n<script type=\"application\/ld+json\" class=\"yoast-schema-graph\">{\"@context\":\"https:\/\/schema.org\",\"@graph\":[{\"@type\":\"WebPage\",\"@id\":\"https:\/\/shtandart.eu\/tanger-tunisia-27-09-5-10-2025\/\",\"url\":\"https:\/\/shtandart.eu\/tanger-tunisia-27-09-5-10-2025\/\",\"name\":\"Tanger \u2013 Bizerte 27.09 \u2013 5.10.2025 - Shtandart\",\"isPartOf\":{\"@id\":\"https:\/\/shtandart.eu\/#website\"},\"datePublished\":\"2025-08-14T09:56:56+00:00\",\"dateModified\":\"2025-08-26T09:57:58+00:00\",\"breadcrumb\":{\"@id\":\"https:\/\/shtandart.eu\/tanger-tunisia-27-09-5-10-2025\/#breadcrumb\"},\"inLanguage\":\"de\",\"potentialAction\":[{\"@type\":\"ReadAction\",\"target\":[\"https:\/\/shtandart.eu\/tanger-tunisia-27-09-5-10-2025\/\"]}]},{\"@type\":\"BreadcrumbList\",\"@id\":\"https:\/\/shtandart.eu\/tanger-tunisia-27-09-5-10-2025\/#breadcrumb\",\"itemListElement\":[{\"@type\":\"ListItem\",\"position\":1,\"name\":\"Home\",\"item\":\"https:\/\/shtandart.eu\/\"},{\"@type\":\"ListItem\",\"position\":2,\"name\":\"Tanger \u2013 Bizerte 27.09 \u2013 5.10.2025\"}]},{\"@type\":\"WebSite\",\"@id\":\"https:\/\/shtandart.eu\/#website\",\"url\":\"https:\/\/shtandart.eu\/\",\"name\":\"Shtandart\",\"description\":\"\",\"publisher\":{\"@id\":\"https:\/\/shtandart.eu\/#organization\"},\"potentialAction\":[{\"@type\":\"SearchAction\",\"target\":{\"@type\":\"EntryPoint\",\"urlTemplate\":\"https:\/\/shtandart.eu\/?s={search_term_string}\"},\"query-input\":{\"@type\":\"PropertyValueSpecification\",\"valueRequired\":true,\"valueName\":\"search_term_string\"}}],\"inLanguage\":\"de\"},{\"@type\":\"Organization\",\"@id\":\"https:\/\/shtandart.eu\/#organization\",\"name\":\"Shtandart\",\"url\":\"https:\/\/shtandart.eu\/\",\"logo\":{\"@type\":\"ImageObject\",\"inLanguage\":\"de\",\"@id\":\"https:\/\/shtandart.eu\/#\/schema\/logo\/image\/\",\"url\":\"https:\/\/shtandart.eu\/wp-content\/uploads\/2023\/12\/\u0411\u0435\u0437-\u0438\u043c\u0435\u043d\u0438-2.png\",\"contentUrl\":\"https:\/\/shtandart.eu\/wp-content\/uploads\/2023\/12\/\u0411\u0435\u0437-\u0438\u043c\u0435\u043d\u0438-2.png\",\"width\":512,\"height\":511,\"caption\":\"Shtandart\"},\"image\":{\"@id\":\"https:\/\/shtandart.eu\/#\/schema\/logo\/image\/\"},\"sameAs\":[\"https:\/\/www.facebook.com\/Frigate.Shtandart\/\"]}]}<\/script>\n<!-- \/ Yoast SEO plugin. -->","yoast_head_json":{"title":"Tanger \u2013 Bizerte 27.09 \u2013 5.10.2025 - Shtandart","robots":{"index":"index","follow":"follow","max-snippet":"max-snippet:-1","max-image-preview":"max-image-preview:large","max-video-preview":"max-video-preview:-1"},"canonical":"https:\/\/shtandart.eu\/de\/tanger-tunisia-27-09-5-10-2025\/","og_locale":"de_DE","og_type":"article","og_title":"Tanger \u2013 Bizerte 27.09 \u2013 5.10.2025 - Shtandart","og_description":"Departure from: Tanger, MoroccoBoarding: 27\/09 2025, 10:00Destination: Bizerte, TunisiaDisembarkation: 5\/10 2025, 10:00Days on board: 10 Sail from Tanger to Tunisia Aboard the Shtandart Set sail this autumn on a once-in-a-lifetime voyage from the vibrant Moroccan port of&nbsp;Tanger&nbsp;to the storied shores of&nbsp;Tunisia. Aboard the&nbsp;Shtandart&nbsp;\u2014 the replica of an 18th-century frigate \u2014 you\u2019ll navigate the western and [&hellip;]","og_url":"https:\/\/shtandart.eu\/de\/tanger-tunisia-27-09-5-10-2025\/","og_site_name":"Shtandart","article_publisher":"https:\/\/www.facebook.com\/Frigate.Shtandart\/","article_modified_time":"2025-08-26T09:57:58+00:00","twitter_card":"summary_large_image","twitter_misc":{"Gesch\u00e4tzte Lesezeit":"2\u00a0Minuten"},"schema":{"@context":"https:\/\/schema.org","@graph":[{"@type":"WebPage","@id":"https:\/\/shtandart.eu\/tanger-tunisia-27-09-5-10-2025\/","url":"https:\/\/shtandart.eu\/tanger-tunisia-27-09-5-10-2025\/","name":"Tanger \u2013 Bizerte 27.09 \u2013 5.10.2025 - Shtandart","isPartOf":{"@id":"https:\/\/shtandart.eu\/#website"},"datePublished":"2025-08-14T09:56:56+00:00","dateModified":"2025-08-26T09:57:58+00:00","breadcrumb":{"@id":"https:\/\/shtandart.eu\/tanger-tunisia-27-09-5-10-2025\/#breadcrumb"},"inLanguage":"de","potentialAction":[{"@type":"ReadAction","target":["https:\/\/shtandart.eu\/tanger-tunisia-27-09-5-10-2025\/"]}]},{"@type":"BreadcrumbList","@id":"https:\/\/shtandart.eu\/tanger-tunisia-27-09-5-10-2025\/#breadcrumb","itemListElement":[{"@type":"ListItem","position":1,"name":"Home","item":"https:\/\/shtandart.eu\/"},{"@type":"ListItem","position":2,"name":"Tanger \u2013 Bizerte 27.09 \u2013 5.10.2025"}]},{"@type":"WebSite","@id":"https:\/\/shtandart.eu\/#website","url":"https:\/\/shtandart.eu\/","name":"Shtandart","description":"","publisher":{"@id":"https:\/\/shtandart.eu\/#organization"},"potentialAction":[{"@type":"SearchAction","target":{"@type":"EntryPoint","urlTemplate":"https:\/\/shtandart.eu\/?s={search_term_string}"},"query-input":{"@type":"PropertyValueSpecification","valueRequired":true,"valueName":"search_term_string"}}],"inLanguage":"de"},{"@type":"Organization","@id":"https:\/\/shtandart.eu\/#organization","name":"Shtandart","url":"https:\/\/shtandart.eu\/","logo":{"@type":"ImageObject","inLanguage":"de","@id":"https:\/\/shtandart.eu\/#\/schema\/logo\/image\/","url":"https:\/\/shtandart.eu\/wp-content\/uploads\/2023\/12\/\u0411\u0435\u0437-\u0438\u043c\u0435\u043d\u0438-2.png","contentUrl":"https:\/\/shtandart.eu\/wp-content\/uploads\/2023\/12\/\u0411\u0435\u0437-\u0438\u043c\u0435\u043d\u0438-2.png","width":512,"height":511,"caption":"Shtandart"},"image":{"@id":"https:\/\/shtandart.eu\/#\/schema\/logo\/image\/"},"sameAs":["https:\/\/www.facebook.com\/Frigate.Shtandart\/"]}]}},"_links":{"self":[{"href":"https:\/\/shtandart.eu\/de\/wp-json\/wp\/v2\/pages\/4823","targetHints":{"allow":["GET"]}}],"collection":[{"href":"https:\/\/shtandart.eu\/de\/wp-json\/wp\/v2\/pages"}],"about":[{"href":"https:\/\/shtandart.eu\/de\/wp-json\/wp\/v2\/types\/page"}],"author":[{"embeddable":true,"href":"https:\/\/shtandart.eu\/de\/wp-json\/wp\/v2\/users\/990011"}],"replies":[{"embeddable":true,"href":"https:\/\/shtandart.eu\/de\/wp-json\/wp\/v2\/comments?post=4823"}],"version-history":[{"count":4,"href":"https:\/\/shtandart.eu\/de\/wp-json\/wp\/v2\/pages\/4823\/revisions"}],"predecessor-version":[{"id":4855,"href":"https:\/\/shtandart.eu\/de\/wp-json\/wp\/v2\/pages\/4823\/revisions\/4855"}],"wp:attachment":[{"href":"https:\/\/shtandart.eu\/de\/wp-json\/wp\/v2\/media?parent=4823"}],"curies":[{"name":"wp","href":"https:\/\/api.w.org\/{rel}","templated":true}]}}