{"id":4101,"date":"2024-12-06T10:20:13","date_gmt":"2024-12-06T09:20:13","guid":{"rendered":"https:\/\/shtandart.eu\/?page_id=4101"},"modified":"2025-04-15T17:15:58","modified_gmt":"2025-04-15T15:15:58","slug":"arcachon-la-rochelle-20-04-24-04-2025","status":"publish","type":"page","link":"https:\/\/shtandart.eu\/de\/arcachon-la-rochelle-20-04-24-04-2025\/","title":{"rendered":"La Rochelle &#8211; La Rochelle  20.04 \u2013 24.04 2025"},"content":{"rendered":"<p><strong>Departure from: <del datetime=\"2025-04-15T12:21:25+00:00\">Arcachon<\/del> changed: La Rochelle<br>Boarding: 20\/04, 2025, 18:00<br>Destination: La Rochelle<br>Disembarkation: 24\/04, 2025, 18:00<br>Days on board: 5&nbsp;<\/strong><\/p>\n\n\n\n<p><!---p>Sail from Arcachon to La Rochelle aboard the replica of the historic frigate Shtandart!<br>Join us for a captivating 5-day voyage as we set sail from the picturesque Bay of Arcachon back to the historic port of La Rochelle. This hands-on adventure combines the thrill of traditional sailing with the beauty of France\u2019s Atlantic coastline and a deep dive into the rich traditions of 18th-century seafaring.<\/p---><\/p>\n\n\n\n<p><!--<p><strong>Sail the Atlantic Coast<\/strong><br>Depart from Arcachon, a stunning seaside town known for its serene waters and towering sand dunes, and navigate along the breathtaking French coastline. As we journey north, enjoy pristine beaches, rugged cliffs, and the dynamic waters of the Bay of Biscay before reaching La Rochelle, a city steeped in maritime history.<\/p>--><\/p>\n\n\n\n<p>You won\u2019t be a passenger\u2014you\u2019ll be an active member of the crew. Learn to hoist the sails, climb the masts, and steer the helm as you work with your shipmates to guide the\u00a0Shtandart.<\/p>\n\n\n\n<p class=\" translation-block\"><strong>Live Maritime History<\/strong><br>The&nbsp;<em>Shtandart<\/em>&nbsp;is a faithful replica of an 18th-century wooden frigate, and every detail reflects the craftsmanship of the Age of Sail. Explore its rigging, wooden hull, and timeless design as you experience firsthand what it was like to sail a ship of this grandeur.<\/p>\n\n\n\n<p>Gain hands-on experience in celestial and coastal navigation and learn how to work with tides and wind. Experience the routines of 18th-century sailors, from handling sails to life aboard the ship, as you connect with maritime history in a way few ever do.<\/p>\n\n\n\n<p><strong>No Experience Needed<strong><\/strong>!<\/strong><\/p>\n\n\n\n<p>Whether you\u2019re an experienced sailor or brand new to the world of traditional sailing, this voyage is for everyone. Our experienced crew will guide you through every step, ensuring a safe and rewarding experience for any adventurers.<\/p>\n\n\n\n<p>Watch stunning sunsets, stargaze under the vast night sky, and let the rhythm of the waves carry you to a wonderful place of dreams.<\/p>\n\n\n\n<p><strong>Unterbringung und sonstige Leistungen<\/strong><\/p>\n\n\n\n<p>Du hast Die Wahl: schlafe in einer H\u00e4ngematte, wie die Seeleute vor 300 Jahren oder w\u00e4hle eine Koje, falls noch verf\u00fcgbar. Sowohl an Land als auch auf See gibt es t\u00e4glich vier Mahlzeiten. Das Leben an Bord ist eingeteilt in Wachen, an denen Du w\u00e4hrend Deines Aufenthalts an Bord aktiv teilnehmen wirst.<\/p>\n\n\n\n<p class=\" translation-block\">Hier erf\u00e4hrst Du mehr \u00fcber das Leben an Bord  <a href=\"https:\/\/shtandart.eu\/about-shtandart\/life-on-board\/\" target=\"_self\">hier<\/a>.<\/p>\n\n\n\n<p class=\" translation-block\">Schick deine Anfrage an <a href=\"mailto:voyage@shtandart.eu\" target=\"_self\">voyage@shtandart.eu<\/a>, um dir dein Abenteuer zu sichern!<\/p>\n\n\n\n<p><\/p>","protected":false},"excerpt":{"rendered":"<p>Departure from: Arcachon changed: La RochelleBoarding: 20\/04, 2025, 18:00Destination: La RochelleDisembarkation: 24\/04, 2025, 18:00Days on board: 5&nbsp; You won\u2019t be a passenger\u2014you\u2019ll be an active member of the crew. Learn to hoist the sails, climb the masts, and steer the helm as you work with your shipmates to guide the\u00a0Shtandart. Live Maritime HistoryThe&nbsp;Shtandart&nbsp;is a faithful [&hellip;]<\/p>","protected":false},"author":990011,"featured_media":0,"parent":0,"menu_order":0,"comment_status":"closed","ping_status":"closed","template":"","meta":{"_themeisle_gutenberg_block_has_review":false,"footnotes":""},"class_list":["post-4101","page","type-page","status-publish","hentry"],"yoast_head":"<!-- This site is optimized with the Yoast SEO plugin v25.5 - https:\/\/yoast.com\/wordpress\/plugins\/seo\/ -->\n<title>La Rochelle - La Rochelle 20.04 \u2013 24.04 2025 - Shtandart<\/title>\n<meta name=\"robots\" content=\"index, follow, max-snippet:-1, max-image-preview:large, max-video-preview:-1\" \/>\n<link rel=\"canonical\" href=\"https:\/\/shtandart.eu\/de\/arcachon-la-rochelle-20-04-24-04-2025\/\" \/>\n<meta property=\"og:locale\" content=\"de_DE\" \/>\n<meta property=\"og:type\" content=\"article\" \/>\n<meta property=\"og:title\" content=\"La Rochelle - La Rochelle 20.04 \u2013 24.04 2025 - Shtandart\" \/>\n<meta property=\"og:description\" content=\"Departure from: Arcachon changed: La RochelleBoarding: 20\/04, 2025, 18:00Destination: La RochelleDisembarkation: 24\/04, 2025, 18:00Days on board: 5&nbsp; You won\u2019t be a passenger\u2014you\u2019ll be an active member of the crew. Learn to hoist the sails, climb the masts, and steer the helm as you work with your shipmates to guide the\u00a0Shtandart. Live Maritime HistoryThe&nbsp;Shtandart&nbsp;is a faithful [&hellip;]\" \/>\n<meta property=\"og:url\" content=\"https:\/\/shtandart.eu\/de\/arcachon-la-rochelle-20-04-24-04-2025\/\" \/>\n<meta property=\"og:site_name\" content=\"Shtandart\" \/>\n<meta property=\"article:publisher\" content=\"https:\/\/www.facebook.com\/Frigate.Shtandart\/\" \/>\n<meta property=\"article:modified_time\" content=\"2025-04-15T15:15:58+00:00\" \/>\n<meta name=\"twitter:card\" content=\"summary_large_image\" \/>\n<meta name=\"twitter:label1\" content=\"Gesch\u00e4tzte Lesezeit\" \/>\n\t<meta name=\"twitter:data1\" content=\"1\u00a0Minute\" \/>\n<script type=\"application\/ld+json\" class=\"yoast-schema-graph\">{\"@context\":\"https:\/\/schema.org\",\"@graph\":[{\"@type\":\"WebPage\",\"@id\":\"https:\/\/shtandart.eu\/arcachon-la-rochelle-20-04-24-04-2025\/\",\"url\":\"https:\/\/shtandart.eu\/arcachon-la-rochelle-20-04-24-04-2025\/\",\"name\":\"La Rochelle - La Rochelle 20.04 \u2013 24.04 2025 - Shtandart\",\"isPartOf\":{\"@id\":\"https:\/\/shtandart.eu\/#website\"},\"datePublished\":\"2024-12-06T09:20:13+00:00\",\"dateModified\":\"2025-04-15T15:15:58+00:00\",\"breadcrumb\":{\"@id\":\"https:\/\/shtandart.eu\/arcachon-la-rochelle-20-04-24-04-2025\/#breadcrumb\"},\"inLanguage\":\"de\",\"potentialAction\":[{\"@type\":\"ReadAction\",\"target\":[\"https:\/\/shtandart.eu\/arcachon-la-rochelle-20-04-24-04-2025\/\"]}]},{\"@type\":\"BreadcrumbList\",\"@id\":\"https:\/\/shtandart.eu\/arcachon-la-rochelle-20-04-24-04-2025\/#breadcrumb\",\"itemListElement\":[{\"@type\":\"ListItem\",\"position\":1,\"name\":\"Home\",\"item\":\"https:\/\/shtandart.eu\/\"},{\"@type\":\"ListItem\",\"position\":2,\"name\":\"La Rochelle &#8211; La Rochelle 20.04 \u2013 24.04 2025\"}]},{\"@type\":\"WebSite\",\"@id\":\"https:\/\/shtandart.eu\/#website\",\"url\":\"https:\/\/shtandart.eu\/\",\"name\":\"Shtandart\",\"description\":\"\",\"publisher\":{\"@id\":\"https:\/\/shtandart.eu\/#organization\"},\"potentialAction\":[{\"@type\":\"SearchAction\",\"target\":{\"@type\":\"EntryPoint\",\"urlTemplate\":\"https:\/\/shtandart.eu\/?s={search_term_string}\"},\"query-input\":{\"@type\":\"PropertyValueSpecification\",\"valueRequired\":true,\"valueName\":\"search_term_string\"}}],\"inLanguage\":\"de\"},{\"@type\":\"Organization\",\"@id\":\"https:\/\/shtandart.eu\/#organization\",\"name\":\"Shtandart\",\"url\":\"https:\/\/shtandart.eu\/\",\"logo\":{\"@type\":\"ImageObject\",\"inLanguage\":\"de\",\"@id\":\"https:\/\/shtandart.eu\/#\/schema\/logo\/image\/\",\"url\":\"https:\/\/shtandart.eu\/wp-content\/uploads\/2023\/12\/\u0411\u0435\u0437-\u0438\u043c\u0435\u043d\u0438-2.png\",\"contentUrl\":\"https:\/\/shtandart.eu\/wp-content\/uploads\/2023\/12\/\u0411\u0435\u0437-\u0438\u043c\u0435\u043d\u0438-2.png\",\"width\":512,\"height\":511,\"caption\":\"Shtandart\"},\"image\":{\"@id\":\"https:\/\/shtandart.eu\/#\/schema\/logo\/image\/\"},\"sameAs\":[\"https:\/\/www.facebook.com\/Frigate.Shtandart\/\"]}]}<\/script>\n<!-- \/ Yoast SEO plugin. -->","yoast_head_json":{"title":"La Rochelle - La Rochelle 20.04 \u2013 24.04 2025 - Shtandart","robots":{"index":"index","follow":"follow","max-snippet":"max-snippet:-1","max-image-preview":"max-image-preview:large","max-video-preview":"max-video-preview:-1"},"canonical":"https:\/\/shtandart.eu\/de\/arcachon-la-rochelle-20-04-24-04-2025\/","og_locale":"de_DE","og_type":"article","og_title":"La Rochelle - La Rochelle 20.04 \u2013 24.04 2025 - Shtandart","og_description":"Departure from: Arcachon changed: La RochelleBoarding: 20\/04, 2025, 18:00Destination: La RochelleDisembarkation: 24\/04, 2025, 18:00Days on board: 5&nbsp; You won\u2019t be a passenger\u2014you\u2019ll be an active member of the crew. Learn to hoist the sails, climb the masts, and steer the helm as you work with your shipmates to guide the\u00a0Shtandart. Live Maritime HistoryThe&nbsp;Shtandart&nbsp;is a faithful [&hellip;]","og_url":"https:\/\/shtandart.eu\/de\/arcachon-la-rochelle-20-04-24-04-2025\/","og_site_name":"Shtandart","article_publisher":"https:\/\/www.facebook.com\/Frigate.Shtandart\/","article_modified_time":"2025-04-15T15:15:58+00:00","twitter_card":"summary_large_image","twitter_misc":{"Gesch\u00e4tzte Lesezeit":"1\u00a0Minute"},"schema":{"@context":"https:\/\/schema.org","@graph":[{"@type":"WebPage","@id":"https:\/\/shtandart.eu\/arcachon-la-rochelle-20-04-24-04-2025\/","url":"https:\/\/shtandart.eu\/arcachon-la-rochelle-20-04-24-04-2025\/","name":"La Rochelle - La Rochelle 20.04 \u2013 24.04 2025 - Shtandart","isPartOf":{"@id":"https:\/\/shtandart.eu\/#website"},"datePublished":"2024-12-06T09:20:13+00:00","dateModified":"2025-04-15T15:15:58+00:00","breadcrumb":{"@id":"https:\/\/shtandart.eu\/arcachon-la-rochelle-20-04-24-04-2025\/#breadcrumb"},"inLanguage":"de","potentialAction":[{"@type":"ReadAction","target":["https:\/\/shtandart.eu\/arcachon-la-rochelle-20-04-24-04-2025\/"]}]},{"@type":"BreadcrumbList","@id":"https:\/\/shtandart.eu\/arcachon-la-rochelle-20-04-24-04-2025\/#breadcrumb","itemListElement":[{"@type":"ListItem","position":1,"name":"Home","item":"https:\/\/shtandart.eu\/"},{"@type":"ListItem","position":2,"name":"La Rochelle &#8211; La Rochelle 20.04 \u2013 24.04 2025"}]},{"@type":"WebSite","@id":"https:\/\/shtandart.eu\/#website","url":"https:\/\/shtandart.eu\/","name":"Shtandart","description":"","publisher":{"@id":"https:\/\/shtandart.eu\/#organization"},"potentialAction":[{"@type":"SearchAction","target":{"@type":"EntryPoint","urlTemplate":"https:\/\/shtandart.eu\/?s={search_term_string}"},"query-input":{"@type":"PropertyValueSpecification","valueRequired":true,"valueName":"search_term_string"}}],"inLanguage":"de"},{"@type":"Organization","@id":"https:\/\/shtandart.eu\/#organization","name":"Shtandart","url":"https:\/\/shtandart.eu\/","logo":{"@type":"ImageObject","inLanguage":"de","@id":"https:\/\/shtandart.eu\/#\/schema\/logo\/image\/","url":"https:\/\/shtandart.eu\/wp-content\/uploads\/2023\/12\/\u0411\u0435\u0437-\u0438\u043c\u0435\u043d\u0438-2.png","contentUrl":"https:\/\/shtandart.eu\/wp-content\/uploads\/2023\/12\/\u0411\u0435\u0437-\u0438\u043c\u0435\u043d\u0438-2.png","width":512,"height":511,"caption":"Shtandart"},"image":{"@id":"https:\/\/shtandart.eu\/#\/schema\/logo\/image\/"},"sameAs":["https:\/\/www.facebook.com\/Frigate.Shtandart\/"]}]}},"_links":{"self":[{"href":"https:\/\/shtandart.eu\/de\/wp-json\/wp\/v2\/pages\/4101","targetHints":{"allow":["GET"]}}],"collection":[{"href":"https:\/\/shtandart.eu\/de\/wp-json\/wp\/v2\/pages"}],"about":[{"href":"https:\/\/shtandart.eu\/de\/wp-json\/wp\/v2\/types\/page"}],"author":[{"embeddable":true,"href":"https:\/\/shtandart.eu\/de\/wp-json\/wp\/v2\/users\/990011"}],"replies":[{"embeddable":true,"href":"https:\/\/shtandart.eu\/de\/wp-json\/wp\/v2\/comments?post=4101"}],"version-history":[{"count":10,"href":"https:\/\/shtandart.eu\/de\/wp-json\/wp\/v2\/pages\/4101\/revisions"}],"predecessor-version":[{"id":4483,"href":"https:\/\/shtandart.eu\/de\/wp-json\/wp\/v2\/pages\/4101\/revisions\/4483"}],"wp:attachment":[{"href":"https:\/\/shtandart.eu\/de\/wp-json\/wp\/v2\/media?parent=4101"}],"curies":[{"name":"wp","href":"https:\/\/api.w.org\/{rel}","templated":true}]}}