{"id":4039,"date":"2024-11-28T12:52:36","date_gmt":"2024-11-28T11:52:36","guid":{"rendered":"https:\/\/shtandart.eu\/?page_id=4039"},"modified":"2024-12-12T17:31:55","modified_gmt":"2024-12-12T16:31:55","slug":"la-rochelle-la-rochelle-28-02-02-03-2025","status":"publish","type":"page","link":"https:\/\/shtandart.eu\/de\/la-rochelle-la-rochelle-28-02-02-03-2025\/","title":{"rendered":"La Rochelle \u2013 La Rochelle 28.02 \u2013 02.03 2025"},"content":{"rendered":"<p><strong>Departure from: La Rochelle<br>Boarding: 28\/02, 2025, 16:00<br>Destination: La Rochelle<br>Disembarkation: 02\/03, 2025, at 18:00<br>Tage an Bord: 3<\/strong><\/p>\n\n\n\n<p class=\" translation-block\">Welcome on board the frigate Shtandart! Here you can really travel in time back 300 years and feel what it\u2019s like to be an 18<sup>th<\/sup>&nbsp;century sailor.<\/p>\n\n\n\n<p>Our voyages are an unforgettable journey of adventure, history, and connection with the sea. Join our crew, hoist the sails, climb the masts and steer the ship as we navigate stunning coastlines and open waters.<\/p>\n\n\n\n<p>Even after a few days with Shtandart, you will get well experienced in sail handling, steering the ship and keep your course using both compass and landmarks or stars.<\/p>\n\n\n\n<p><strong>Unterbringung und sonstige Leistungen<\/strong><\/p>\n\n\n\n<p>Du hast Die Wahl: schlafe in einer H\u00e4ngematte, wie die Seeleute vor 300 Jahren oder w\u00e4hle eine Koje, falls noch verf\u00fcgbar. Sowohl an Land als auch auf See gibt es t\u00e4glich vier Mahlzeiten. Das Leben an Bord ist eingeteilt in Wachen, an denen Du w\u00e4hrend Deines Aufenthalts an Bord aktiv teilnehmen wirst.<\/p>\n\n\n\n<p class=\" translation-block\">Hier erf\u00e4hrst Du mehr \u00fcber das Leben an Bord  <a href=\"https:\/\/shtandart.eu\/about-shtandart\/life-on-board\/\" target=\"_self\">hier<\/a>.<\/p>\n\n\n\n<p class=\" translation-block\">Are you ready to sail with us? Send a request to <a href=\"mailto:voyage@shtandart.eu\" target=\"_self\">voyage@shtandart.eu<\/a> to reserve your adventure!<\/p>","protected":false},"excerpt":{"rendered":"<p>Departure from: La RochelleBoarding: 28\/02, 2025, 16:00Destination: La RochelleDisembarkation: 02\/03, 2025, at 18:00Days on board: 3 Welcome on board the frigate Shtandart! Here you can really travel in time back 300 years and feel what it\u2019s like to be an 18th&nbsp;century sailor.&nbsp; Our voyages are an unforgettable journey of adventure, history, and connection with the [&hellip;]<\/p>","protected":false},"author":990011,"featured_media":0,"parent":0,"menu_order":0,"comment_status":"closed","ping_status":"closed","template":"","meta":{"_themeisle_gutenberg_block_has_review":false,"footnotes":""},"class_list":["post-4039","page","type-page","status-publish","hentry"],"yoast_head":"<!-- This site is optimized with the Yoast SEO plugin v25.5 - https:\/\/yoast.com\/wordpress\/plugins\/seo\/ -->\n<title>La Rochelle \u2013 La Rochelle 28.02 \u2013 02.03 2025 - Shtandart<\/title>\n<meta name=\"robots\" content=\"index, follow, max-snippet:-1, max-image-preview:large, max-video-preview:-1\" \/>\n<link rel=\"canonical\" href=\"https:\/\/shtandart.eu\/de\/la-rochelle-la-rochelle-28-02-02-03-2025\/\" \/>\n<meta property=\"og:locale\" content=\"de_DE\" \/>\n<meta property=\"og:type\" content=\"article\" \/>\n<meta property=\"og:title\" content=\"La Rochelle \u2013 La Rochelle 28.02 \u2013 02.03 2025 - Shtandart\" \/>\n<meta property=\"og:description\" content=\"Departure from: La RochelleBoarding: 28\/02, 2025, 16:00Destination: La RochelleDisembarkation: 02\/03, 2025, at 18:00Days on board: 3 Welcome on board the frigate Shtandart! Here you can really travel in time back 300 years and feel what it\u2019s like to be an 18th&nbsp;century sailor.&nbsp; Our voyages are an unforgettable journey of adventure, history, and connection with the [&hellip;]\" \/>\n<meta property=\"og:url\" content=\"https:\/\/shtandart.eu\/de\/la-rochelle-la-rochelle-28-02-02-03-2025\/\" \/>\n<meta property=\"og:site_name\" content=\"Shtandart\" \/>\n<meta property=\"article:publisher\" content=\"https:\/\/www.facebook.com\/Frigate.Shtandart\/\" \/>\n<meta property=\"article:modified_time\" content=\"2024-12-12T16:31:55+00:00\" \/>\n<meta name=\"twitter:card\" content=\"summary_large_image\" \/>\n<meta name=\"twitter:label1\" content=\"Gesch\u00e4tzte Lesezeit\" \/>\n\t<meta name=\"twitter:data1\" content=\"1\u00a0Minute\" \/>\n<script type=\"application\/ld+json\" class=\"yoast-schema-graph\">{\"@context\":\"https:\/\/schema.org\",\"@graph\":[{\"@type\":\"WebPage\",\"@id\":\"https:\/\/shtandart.eu\/la-rochelle-la-rochelle-28-02-02-03-2025\/\",\"url\":\"https:\/\/shtandart.eu\/la-rochelle-la-rochelle-28-02-02-03-2025\/\",\"name\":\"La Rochelle \u2013 La Rochelle 28.02 \u2013 02.03 2025 - Shtandart\",\"isPartOf\":{\"@id\":\"https:\/\/shtandart.eu\/#website\"},\"datePublished\":\"2024-11-28T11:52:36+00:00\",\"dateModified\":\"2024-12-12T16:31:55+00:00\",\"breadcrumb\":{\"@id\":\"https:\/\/shtandart.eu\/la-rochelle-la-rochelle-28-02-02-03-2025\/#breadcrumb\"},\"inLanguage\":\"de\",\"potentialAction\":[{\"@type\":\"ReadAction\",\"target\":[\"https:\/\/shtandart.eu\/la-rochelle-la-rochelle-28-02-02-03-2025\/\"]}]},{\"@type\":\"BreadcrumbList\",\"@id\":\"https:\/\/shtandart.eu\/la-rochelle-la-rochelle-28-02-02-03-2025\/#breadcrumb\",\"itemListElement\":[{\"@type\":\"ListItem\",\"position\":1,\"name\":\"Home\",\"item\":\"https:\/\/shtandart.eu\/\"},{\"@type\":\"ListItem\",\"position\":2,\"name\":\"La Rochelle \u2013 La Rochelle 28.02 \u2013 02.03 2025\"}]},{\"@type\":\"WebSite\",\"@id\":\"https:\/\/shtandart.eu\/#website\",\"url\":\"https:\/\/shtandart.eu\/\",\"name\":\"Shtandart\",\"description\":\"\",\"publisher\":{\"@id\":\"https:\/\/shtandart.eu\/#organization\"},\"potentialAction\":[{\"@type\":\"SearchAction\",\"target\":{\"@type\":\"EntryPoint\",\"urlTemplate\":\"https:\/\/shtandart.eu\/?s={search_term_string}\"},\"query-input\":{\"@type\":\"PropertyValueSpecification\",\"valueRequired\":true,\"valueName\":\"search_term_string\"}}],\"inLanguage\":\"de\"},{\"@type\":\"Organization\",\"@id\":\"https:\/\/shtandart.eu\/#organization\",\"name\":\"Shtandart\",\"url\":\"https:\/\/shtandart.eu\/\",\"logo\":{\"@type\":\"ImageObject\",\"inLanguage\":\"de\",\"@id\":\"https:\/\/shtandart.eu\/#\/schema\/logo\/image\/\",\"url\":\"https:\/\/shtandart.eu\/wp-content\/uploads\/2023\/12\/\u0411\u0435\u0437-\u0438\u043c\u0435\u043d\u0438-2.png\",\"contentUrl\":\"https:\/\/shtandart.eu\/wp-content\/uploads\/2023\/12\/\u0411\u0435\u0437-\u0438\u043c\u0435\u043d\u0438-2.png\",\"width\":512,\"height\":511,\"caption\":\"Shtandart\"},\"image\":{\"@id\":\"https:\/\/shtandart.eu\/#\/schema\/logo\/image\/\"},\"sameAs\":[\"https:\/\/www.facebook.com\/Frigate.Shtandart\/\"]}]}<\/script>\n<!-- \/ Yoast SEO plugin. -->","yoast_head_json":{"title":"La Rochelle \u2013 La Rochelle 28.02 \u2013 02.03 2025 - Shtandart","robots":{"index":"index","follow":"follow","max-snippet":"max-snippet:-1","max-image-preview":"max-image-preview:large","max-video-preview":"max-video-preview:-1"},"canonical":"https:\/\/shtandart.eu\/de\/la-rochelle-la-rochelle-28-02-02-03-2025\/","og_locale":"de_DE","og_type":"article","og_title":"La Rochelle \u2013 La Rochelle 28.02 \u2013 02.03 2025 - Shtandart","og_description":"Departure from: La RochelleBoarding: 28\/02, 2025, 16:00Destination: La RochelleDisembarkation: 02\/03, 2025, at 18:00Days on board: 3 Welcome on board the frigate Shtandart! Here you can really travel in time back 300 years and feel what it\u2019s like to be an 18th&nbsp;century sailor.&nbsp; Our voyages are an unforgettable journey of adventure, history, and connection with the [&hellip;]","og_url":"https:\/\/shtandart.eu\/de\/la-rochelle-la-rochelle-28-02-02-03-2025\/","og_site_name":"Shtandart","article_publisher":"https:\/\/www.facebook.com\/Frigate.Shtandart\/","article_modified_time":"2024-12-12T16:31:55+00:00","twitter_card":"summary_large_image","twitter_misc":{"Gesch\u00e4tzte Lesezeit":"1\u00a0Minute"},"schema":{"@context":"https:\/\/schema.org","@graph":[{"@type":"WebPage","@id":"https:\/\/shtandart.eu\/la-rochelle-la-rochelle-28-02-02-03-2025\/","url":"https:\/\/shtandart.eu\/la-rochelle-la-rochelle-28-02-02-03-2025\/","name":"La Rochelle \u2013 La Rochelle 28.02 \u2013 02.03 2025 - Shtandart","isPartOf":{"@id":"https:\/\/shtandart.eu\/#website"},"datePublished":"2024-11-28T11:52:36+00:00","dateModified":"2024-12-12T16:31:55+00:00","breadcrumb":{"@id":"https:\/\/shtandart.eu\/la-rochelle-la-rochelle-28-02-02-03-2025\/#breadcrumb"},"inLanguage":"de","potentialAction":[{"@type":"ReadAction","target":["https:\/\/shtandart.eu\/la-rochelle-la-rochelle-28-02-02-03-2025\/"]}]},{"@type":"BreadcrumbList","@id":"https:\/\/shtandart.eu\/la-rochelle-la-rochelle-28-02-02-03-2025\/#breadcrumb","itemListElement":[{"@type":"ListItem","position":1,"name":"Home","item":"https:\/\/shtandart.eu\/"},{"@type":"ListItem","position":2,"name":"La Rochelle \u2013 La Rochelle 28.02 \u2013 02.03 2025"}]},{"@type":"WebSite","@id":"https:\/\/shtandart.eu\/#website","url":"https:\/\/shtandart.eu\/","name":"Shtandart","description":"","publisher":{"@id":"https:\/\/shtandart.eu\/#organization"},"potentialAction":[{"@type":"SearchAction","target":{"@type":"EntryPoint","urlTemplate":"https:\/\/shtandart.eu\/?s={search_term_string}"},"query-input":{"@type":"PropertyValueSpecification","valueRequired":true,"valueName":"search_term_string"}}],"inLanguage":"de"},{"@type":"Organization","@id":"https:\/\/shtandart.eu\/#organization","name":"Shtandart","url":"https:\/\/shtandart.eu\/","logo":{"@type":"ImageObject","inLanguage":"de","@id":"https:\/\/shtandart.eu\/#\/schema\/logo\/image\/","url":"https:\/\/shtandart.eu\/wp-content\/uploads\/2023\/12\/\u0411\u0435\u0437-\u0438\u043c\u0435\u043d\u0438-2.png","contentUrl":"https:\/\/shtandart.eu\/wp-content\/uploads\/2023\/12\/\u0411\u0435\u0437-\u0438\u043c\u0435\u043d\u0438-2.png","width":512,"height":511,"caption":"Shtandart"},"image":{"@id":"https:\/\/shtandart.eu\/#\/schema\/logo\/image\/"},"sameAs":["https:\/\/www.facebook.com\/Frigate.Shtandart\/"]}]}},"_links":{"self":[{"href":"https:\/\/shtandart.eu\/de\/wp-json\/wp\/v2\/pages\/4039","targetHints":{"allow":["GET"]}}],"collection":[{"href":"https:\/\/shtandart.eu\/de\/wp-json\/wp\/v2\/pages"}],"about":[{"href":"https:\/\/shtandart.eu\/de\/wp-json\/wp\/v2\/types\/page"}],"author":[{"embeddable":true,"href":"https:\/\/shtandart.eu\/de\/wp-json\/wp\/v2\/users\/990011"}],"replies":[{"embeddable":true,"href":"https:\/\/shtandart.eu\/de\/wp-json\/wp\/v2\/comments?post=4039"}],"version-history":[{"count":5,"href":"https:\/\/shtandart.eu\/de\/wp-json\/wp\/v2\/pages\/4039\/revisions"}],"predecessor-version":[{"id":4122,"href":"https:\/\/shtandart.eu\/de\/wp-json\/wp\/v2\/pages\/4039\/revisions\/4122"}],"wp:attachment":[{"href":"https:\/\/shtandart.eu\/de\/wp-json\/wp\/v2\/media?parent=4039"}],"curies":[{"name":"wp","href":"https:\/\/api.w.org\/{rel}","templated":true}]}}