{"id":3615,"date":"2024-06-16T15:54:52","date_gmt":"2024-06-16T13:54:52","guid":{"rendered":"https:\/\/shtandart.eu\/?page_id=3615"},"modified":"2024-06-16T15:54:53","modified_gmt":"2024-06-16T13:54:53","slug":"sea-festival-in-granville-20-08-25-08","status":"publish","type":"page","link":"https:\/\/shtandart.eu\/de\/sea-festival-in-granville-20-08-25-08\/","title":{"rendered":"Sea festival in Granville 20.08-25.08"},"content":{"rendered":"<p><strong>Port of embarkation: Granville<br>Boarding: August 21, 2024, 19:00<br>Von Bord gehen: <strong>August<\/strong> 25, 2024, 16:00<br>Days on board: 4<br>Contribution for Organising the Voyage: 200\u20ac\/150\u20ac<\/strong><\/p>\n\n\n\n<p>We invite you to become part of the maritime festival in Granville and join the crew of the Shtandart, the replica of the historic 1703 frigate.<\/p>\n\n\n\n<p>The first ever&nbsp;La Rochelle Maritime Festival&nbsp;will take place&nbsp;from 20th&nbsp;to 23rd&nbsp;June 2024. Enjoy a unique experience at this new international event celebrating the world of tall-ship and maritime heritage!<\/p>\n\n\n\n<p><strong>Unterbringung und sonstige Leistungen<\/strong><\/p>\n\n\n\n<p>Du hast Die Wahl: schlafe in einer H\u00e4ngematte, wie die Seeleute vor 300 Jahren oder w\u00e4hle eine Koje, falls noch verf\u00fcgbar. Sowohl an Land als auch auf See gibt es t\u00e4glich vier Mahlzeiten. Das Leben an Bord ist eingeteilt in Wachen, an denen Du w\u00e4hrend Deines Aufenthalts an Bord aktiv teilnehmen wirst.<\/p>\n\n\n\n<p class=\" translation-block\">Hier erf\u00e4hrst Du mehr \u00fcber das Leben an Bord  <a href=\"https:\/\/shtandart.eu\/about-shtandart\/life-on-board\/\" target=\"_self\">hier<\/a>.<\/p>","protected":false},"excerpt":{"rendered":"<p>Port of embarkation: GranvilleBoarding: August 21, 2024, 19:00Disembarkation: August 25, 2024, 16:00Days on board: 4Contribution for Organising the Voyage: 200\u20ac\/150\u20ac We invite you to become part of the maritime festival in Granville and join the crew of the Shtandart, the replica of the historic 1703 frigate. The first ever&nbsp;La Rochelle Maritime Festival&nbsp;will take place&nbsp;from 20th&nbsp;to [&hellip;]<\/p>","protected":false},"author":990011,"featured_media":0,"parent":0,"menu_order":0,"comment_status":"closed","ping_status":"closed","template":"","meta":{"_themeisle_gutenberg_block_has_review":false,"footnotes":""},"class_list":["post-3615","page","type-page","status-publish","hentry"],"yoast_head":"<!-- This site is optimized with the Yoast SEO plugin v25.5 - https:\/\/yoast.com\/wordpress\/plugins\/seo\/ -->\n<title>Sea festival in Granville 20.08-25.08 - Shtandart<\/title>\n<meta name=\"robots\" content=\"index, follow, max-snippet:-1, max-image-preview:large, max-video-preview:-1\" \/>\n<link rel=\"canonical\" href=\"https:\/\/shtandart.eu\/de\/sea-festival-in-granville-20-08-25-08\/\" \/>\n<meta property=\"og:locale\" content=\"de_DE\" \/>\n<meta property=\"og:type\" content=\"article\" \/>\n<meta property=\"og:title\" content=\"Sea festival in Granville 20.08-25.08 - Shtandart\" \/>\n<meta property=\"og:description\" content=\"Port of embarkation: GranvilleBoarding: August 21, 2024, 19:00Disembarkation: August 25, 2024, 16:00Days on board: 4Contribution for Organising the Voyage: 200\u20ac\/150\u20ac We invite you to become part of the maritime festival in Granville and join the crew of the Shtandart, the replica of the historic 1703 frigate. The first ever&nbsp;La Rochelle Maritime Festival&nbsp;will take place&nbsp;from 20th&nbsp;to [&hellip;]\" \/>\n<meta property=\"og:url\" content=\"https:\/\/shtandart.eu\/de\/sea-festival-in-granville-20-08-25-08\/\" \/>\n<meta property=\"og:site_name\" content=\"Shtandart\" \/>\n<meta property=\"article:publisher\" content=\"https:\/\/www.facebook.com\/Frigate.Shtandart\/\" \/>\n<meta property=\"article:modified_time\" content=\"2024-06-16T13:54:53+00:00\" \/>\n<meta name=\"twitter:card\" content=\"summary_large_image\" \/>\n<meta name=\"twitter:label1\" content=\"Gesch\u00e4tzte Lesezeit\" \/>\n\t<meta name=\"twitter:data1\" content=\"1\u00a0Minute\" \/>\n<script type=\"application\/ld+json\" class=\"yoast-schema-graph\">{\"@context\":\"https:\/\/schema.org\",\"@graph\":[{\"@type\":\"WebPage\",\"@id\":\"https:\/\/shtandart.eu\/sea-festival-in-granville-20-08-25-08\/\",\"url\":\"https:\/\/shtandart.eu\/sea-festival-in-granville-20-08-25-08\/\",\"name\":\"Sea festival in Granville 20.08-25.08 - Shtandart\",\"isPartOf\":{\"@id\":\"https:\/\/shtandart.eu\/#website\"},\"datePublished\":\"2024-06-16T13:54:52+00:00\",\"dateModified\":\"2024-06-16T13:54:53+00:00\",\"breadcrumb\":{\"@id\":\"https:\/\/shtandart.eu\/sea-festival-in-granville-20-08-25-08\/#breadcrumb\"},\"inLanguage\":\"de\",\"potentialAction\":[{\"@type\":\"ReadAction\",\"target\":[\"https:\/\/shtandart.eu\/sea-festival-in-granville-20-08-25-08\/\"]}]},{\"@type\":\"BreadcrumbList\",\"@id\":\"https:\/\/shtandart.eu\/sea-festival-in-granville-20-08-25-08\/#breadcrumb\",\"itemListElement\":[{\"@type\":\"ListItem\",\"position\":1,\"name\":\"Home\",\"item\":\"https:\/\/shtandart.eu\/\"},{\"@type\":\"ListItem\",\"position\":2,\"name\":\"Sea festival in Granville 20.08-25.08\"}]},{\"@type\":\"WebSite\",\"@id\":\"https:\/\/shtandart.eu\/#website\",\"url\":\"https:\/\/shtandart.eu\/\",\"name\":\"Shtandart\",\"description\":\"\",\"publisher\":{\"@id\":\"https:\/\/shtandart.eu\/#organization\"},\"potentialAction\":[{\"@type\":\"SearchAction\",\"target\":{\"@type\":\"EntryPoint\",\"urlTemplate\":\"https:\/\/shtandart.eu\/?s={search_term_string}\"},\"query-input\":{\"@type\":\"PropertyValueSpecification\",\"valueRequired\":true,\"valueName\":\"search_term_string\"}}],\"inLanguage\":\"de\"},{\"@type\":\"Organization\",\"@id\":\"https:\/\/shtandart.eu\/#organization\",\"name\":\"Shtandart\",\"url\":\"https:\/\/shtandart.eu\/\",\"logo\":{\"@type\":\"ImageObject\",\"inLanguage\":\"de\",\"@id\":\"https:\/\/shtandart.eu\/#\/schema\/logo\/image\/\",\"url\":\"https:\/\/shtandart.eu\/wp-content\/uploads\/2023\/12\/\u0411\u0435\u0437-\u0438\u043c\u0435\u043d\u0438-2.png\",\"contentUrl\":\"https:\/\/shtandart.eu\/wp-content\/uploads\/2023\/12\/\u0411\u0435\u0437-\u0438\u043c\u0435\u043d\u0438-2.png\",\"width\":512,\"height\":511,\"caption\":\"Shtandart\"},\"image\":{\"@id\":\"https:\/\/shtandart.eu\/#\/schema\/logo\/image\/\"},\"sameAs\":[\"https:\/\/www.facebook.com\/Frigate.Shtandart\/\"]}]}<\/script>\n<!-- \/ Yoast SEO plugin. -->","yoast_head_json":{"title":"Sea festival in Granville 20.08-25.08 - Shtandart","robots":{"index":"index","follow":"follow","max-snippet":"max-snippet:-1","max-image-preview":"max-image-preview:large","max-video-preview":"max-video-preview:-1"},"canonical":"https:\/\/shtandart.eu\/de\/sea-festival-in-granville-20-08-25-08\/","og_locale":"de_DE","og_type":"article","og_title":"Sea festival in Granville 20.08-25.08 - Shtandart","og_description":"Port of embarkation: GranvilleBoarding: August 21, 2024, 19:00Disembarkation: August 25, 2024, 16:00Days on board: 4Contribution for Organising the Voyage: 200\u20ac\/150\u20ac We invite you to become part of the maritime festival in Granville and join the crew of the Shtandart, the replica of the historic 1703 frigate. The first ever&nbsp;La Rochelle Maritime Festival&nbsp;will take place&nbsp;from 20th&nbsp;to [&hellip;]","og_url":"https:\/\/shtandart.eu\/de\/sea-festival-in-granville-20-08-25-08\/","og_site_name":"Shtandart","article_publisher":"https:\/\/www.facebook.com\/Frigate.Shtandart\/","article_modified_time":"2024-06-16T13:54:53+00:00","twitter_card":"summary_large_image","twitter_misc":{"Gesch\u00e4tzte Lesezeit":"1\u00a0Minute"},"schema":{"@context":"https:\/\/schema.org","@graph":[{"@type":"WebPage","@id":"https:\/\/shtandart.eu\/sea-festival-in-granville-20-08-25-08\/","url":"https:\/\/shtandart.eu\/sea-festival-in-granville-20-08-25-08\/","name":"Sea festival in Granville 20.08-25.08 - Shtandart","isPartOf":{"@id":"https:\/\/shtandart.eu\/#website"},"datePublished":"2024-06-16T13:54:52+00:00","dateModified":"2024-06-16T13:54:53+00:00","breadcrumb":{"@id":"https:\/\/shtandart.eu\/sea-festival-in-granville-20-08-25-08\/#breadcrumb"},"inLanguage":"de","potentialAction":[{"@type":"ReadAction","target":["https:\/\/shtandart.eu\/sea-festival-in-granville-20-08-25-08\/"]}]},{"@type":"BreadcrumbList","@id":"https:\/\/shtandart.eu\/sea-festival-in-granville-20-08-25-08\/#breadcrumb","itemListElement":[{"@type":"ListItem","position":1,"name":"Home","item":"https:\/\/shtandart.eu\/"},{"@type":"ListItem","position":2,"name":"Sea festival in Granville 20.08-25.08"}]},{"@type":"WebSite","@id":"https:\/\/shtandart.eu\/#website","url":"https:\/\/shtandart.eu\/","name":"Shtandart","description":"","publisher":{"@id":"https:\/\/shtandart.eu\/#organization"},"potentialAction":[{"@type":"SearchAction","target":{"@type":"EntryPoint","urlTemplate":"https:\/\/shtandart.eu\/?s={search_term_string}"},"query-input":{"@type":"PropertyValueSpecification","valueRequired":true,"valueName":"search_term_string"}}],"inLanguage":"de"},{"@type":"Organization","@id":"https:\/\/shtandart.eu\/#organization","name":"Shtandart","url":"https:\/\/shtandart.eu\/","logo":{"@type":"ImageObject","inLanguage":"de","@id":"https:\/\/shtandart.eu\/#\/schema\/logo\/image\/","url":"https:\/\/shtandart.eu\/wp-content\/uploads\/2023\/12\/\u0411\u0435\u0437-\u0438\u043c\u0435\u043d\u0438-2.png","contentUrl":"https:\/\/shtandart.eu\/wp-content\/uploads\/2023\/12\/\u0411\u0435\u0437-\u0438\u043c\u0435\u043d\u0438-2.png","width":512,"height":511,"caption":"Shtandart"},"image":{"@id":"https:\/\/shtandart.eu\/#\/schema\/logo\/image\/"},"sameAs":["https:\/\/www.facebook.com\/Frigate.Shtandart\/"]}]}},"_links":{"self":[{"href":"https:\/\/shtandart.eu\/de\/wp-json\/wp\/v2\/pages\/3615","targetHints":{"allow":["GET"]}}],"collection":[{"href":"https:\/\/shtandart.eu\/de\/wp-json\/wp\/v2\/pages"}],"about":[{"href":"https:\/\/shtandart.eu\/de\/wp-json\/wp\/v2\/types\/page"}],"author":[{"embeddable":true,"href":"https:\/\/shtandart.eu\/de\/wp-json\/wp\/v2\/users\/990011"}],"replies":[{"embeddable":true,"href":"https:\/\/shtandart.eu\/de\/wp-json\/wp\/v2\/comments?post=3615"}],"version-history":[{"count":1,"href":"https:\/\/shtandart.eu\/de\/wp-json\/wp\/v2\/pages\/3615\/revisions"}],"predecessor-version":[{"id":3616,"href":"https:\/\/shtandart.eu\/de\/wp-json\/wp\/v2\/pages\/3615\/revisions\/3616"}],"wp:attachment":[{"href":"https:\/\/shtandart.eu\/de\/wp-json\/wp\/v2\/media?parent=3615"}],"curies":[{"name":"wp","href":"https:\/\/api.w.org\/{rel}","templated":true}]}}