{"id":2717,"date":"2023-11-25T18:42:16","date_gmt":"2023-11-25T17:42:16","guid":{"rendered":"https:\/\/shtandart.eu\/?page_id=2717"},"modified":"2024-07-07T11:47:21","modified_gmt":"2024-07-07T09:47:21","slug":"faq","status":"publish","type":"page","link":"https:\/\/shtandart.eu\/de\/faq\/","title":{"rendered":"FAQ"},"content":{"rendered":"<h2 class=\"wp-block-heading\">Allgemeine Informationen<\/h2>\n\n\n\n<p><strong>Wo liegt die Shtandart und wohin f\u00e4hrt sie in naher Zukunft?&nbsp;<\/strong><\/p>\n\n\n\n<p>Derzeit hat die Shandart ihren Liegeplatz in Europa. Auf unserer Website kannst Du sehen, <a href=\"https:\/\/www.vesselfinder.com\/vessels\/details\/518999255\">wo wir derzeit festgemacht haben<\/a> und dort findest Du auch unsere geplanten Reisen - siehe unter <a href=\"https:\/\/shtandart.eu\/de\/services\/sail-with-us\/\">regelm\u00e4\u00dfig aktualisierter Fahrplan<\/a>.<\/p>\n\n\n\n<p><strong>Wie gro\u00df ist unsere Crew?<\/strong><\/p>\n\n\n\n<p>Das kommt auf die jeweilige Lage an. Normalerweise haben wir 5 oder 6 Mitglieder unserer professionellen Crew an Bord sowie 8 bis 8 Freiwillige, die viele Jahre Segelerfahrung haben.<\/p>\n\n\n\n<p><strong>Kann man in die Masten aufentern?<\/strong><\/p>\n\n\n\n<p>Wenn Du uns auf einem l\u00e4ngeren T\u00f6rn begleitest, kannst Du Teil der Crew werden und kannst Du dir richtige Segelerfahrung aneignen, einschlie\u00dflich des Aufenterns in die Masten. In H\u00e4fen und w\u00e4hrend eines Kurzt\u00f6rns ist die spezielle Erlaubnis des Kapit\u00e4ns erforderlich, um auch hier die notwendige Sicherheit zu gew\u00e4hrleisten.<\/p>\n\n\n\n<h2 class=\"wp-block-heading\">Mach\u2018 Dich fertig zum Segeln!<\/h2>\n\n\n\n<p><strong>Wie sind die Lebensbedingungen an Bord?<\/strong>&nbsp;<\/p>\n\n\n\n<p>Einzelheiten \u00fcber die Lebensbedingungen and Bord findest Du <a href=\"https:\/\/shtandart.eu\/de\/prepare-your-journey\/\">hier<\/a>.<\/p>\n\n\n\n<p><strong>Was soll ich mit an Bord bringen?<\/strong>&nbsp;<\/p>\n\n\n\n<p>Hier findest Du eine Liste der notwendigen Sachen <a href=\"\/de\/life-on-board\/\">hier<\/a>.<\/p>\n\n\n\n<p><strong>Brauche ich spezielle Kleidung?<\/strong><\/p>\n\n\n\n<p>Je nach Wetterlage ben\u00f6tigst Du Kleidung, die Dich auf See warm und trocken h\u00e4lt. Hier findest Du mehr zu diesem Thema <a href=\"https:\/\/shtandart.eu\/de\/prepare-your-journey\/\">hier<\/a>.<\/p>\n\n\n\n<p><strong>Muss ich Verpflegung mitbringen?<\/strong><\/p>\n\n\n\n<p>Nein, im T\u00f6rnpreis sind 4 t\u00e4gliche Malzeiten enthalten.<\/p>\n\n\n\n<p><strong>Wie lange kann ich mitsegeln?<\/strong>&nbsp;<\/p>\n\n\n\n<p class=\" translation-block\">When you go sailing with us, you can book as many legs of the journey as you like. You can view all of them in <a href=\"\/services\/sail-with-us\/\" target=\"_self\">our sailing plan<\/a> and choose the ones which are the most convenient for you.<\/p>\n\n\n\n<p><strong>Kann ich fr\u00fcher an Bord kommen und l\u00e4nger bleiben?<\/strong><\/p>\n\n\n\n<p>Wenn Du fr\u00fcher an Bord kommen oder l\u00e4nger an Bord bleiben m\u00f6chtest als die regul\u00e4re T\u00f6rndauer, brauchst Du die Genehmigung des Kapit\u00e4ns und musst auch einen zus\u00e4tzlichen Betrag bezahlen.<\/p>\n\n\n\n<p><strong>Kann ich auch dann mitsegeln, wenn ich \u00fcber Segeln nichts wei\u00df und noch nie gesegelt bin?<\/strong><\/p>\n\n\n\n<p>Ja nat\u00fcrlich! Der Segelt\u00f6rn ist so gestaltet, dass Du alles lernst, was Du an Bord brauchst. Je l\u00e4nger Du an Bord bleibst, desto mehr lernst Du! \ud83d\ude42<\/p>\n\n\n\n<p><strong>Welche Sprache spricht die Crew?<\/strong><\/p>\n\n\n\n<p>Die Arbeitssprache an Bord ist Englisch. Es gibt aber immer ein paar Crewmitglieder, die Franz\u00f6sisch oder Russisch sprechen. H\u00e4ufig wird an Bord auch Deutsch gesprochen.&nbsp;<\/p>\n\n\n\n<p><strong>Kann ich auch dann kommen, wenn ich nur wenig Englisch spreche?<\/strong><\/p>\n\n\n\n<p>Ja klar, nirgends lernst Du besser Dich zu verst\u00e4ndigen als an Bord eines Schiffes.<\/p>\n\n\n\n<p><strong>Kann ich mit Freunden oder der Familie kommen?<\/strong><\/p>\n\n\n\n<p>Ja klar, Segeln ist ein gro\u00dfes Abenteuer, das Du gerne mit Freunden oder der Familie teilen kannst.<\/p>\n\n\n\n<p><strong>Kann ich meine Kinder auf einen langen T\u00f6rn mitnehmen?<\/strong><\/p>\n\n\n\n<p>Ja, auf der Sthandart hatten wir schon Mitsegler, die j\u00fcnger als 7 Jahre alt waren. Kinder k\u00f6nnen gerne im Rahmen ihrer M\u00f6glichkeiten am Segelalltag teilnehmen. Das hilft ihnen im \u00dcbrigen ihre Selbst\u00e4ndigkeit und Kontaktfreudigkeit auszubilden und dar\u00fcber hinaus erhalten sie unvergessliche Eindr\u00fccke.&nbsp;<\/p>\n\n\n\n<p><strong>Kann ich meine Kleinkinder auf einem Kurzt\u00f6rn mitnehmen?<\/strong><\/p>\n\n\n\n<p>Das geht schon, aber wir empfehlen ausdr\u00fccklich, vorher die Wetterbedingungen zu pr\u00fcfen, weil Segeln in st\u00fcrmischer See f\u00fcr Kinder oft schwierig ist. Auch ist die Erlaubnis des Kapit\u00e4ns erforderlich, um sicherzustellen, dass die Bedingungen des Segelt\u00f6rns f\u00fcr eine Mitnahme von Kleinkindern geeignet sind.<\/p>\n\n\n\n<p><strong>Kann ich mit einem Haustier kommen?<\/strong><\/p>\n\n\n\n<p>Nur wenn die Reise kurz ist und der Kapit\u00e4n die Erlaubnis erteilt hat.&nbsp;<\/p>\n\n\n\n<p><strong>Meine Pl\u00e4ne haben sich ge\u00e4ndert. Wie kann ich eine R\u00fcckerstattung beantragen?<\/strong><\/p>\n\n\n\n<p class=\" translation-block\">Bitte lesen Sie die <a href=\"\/refund-policy\/\" target=\"_self\">R\u00fcckerstattungsrichtlinien<\/a> und kontaktieren Sie uns dann per E-Mail an voyage@shtandart.eu. Alternativ haben Sie die M\u00f6glichkeit, sich f\u00fcr einen anderen Reiseabschnitt erneut anzumelden oder einen Geschenkgutschein mit einer G\u00fcltigkeit von 3 Jahren zu erhalten.<\/p>\n\n\n\n<h2 class=\"wp-block-heading\">Freiwillige<\/h2>\n\n\n\n<p><strong>Wie kann ich Freiwilliger werden?<\/strong><\/p>\n\n\n\n<p>Es gibt daf\u00fcr drei Wege: Erstens kannst Du uns im Herbst oder Winter bei Reparaturarbeiten helfen. Zweitens kannst Du Dich einem Freiwilligenprogramm anschlie\u00dfen und Drittens kannst Du auf Kostenbasis bei einem oder mehreren T\u00f6rns mitfahren und Dich als Crewmitglied qualifizieren. <a href=\"https:\/\/shtandart.eu\/de\/services\/volunteers\/\">Hier gibt es mehr Informationen dazu! <\/a><\/p>","protected":false},"excerpt":{"rendered":"<p>General information Where is the Shtandart located and where will the ship go in the near future?&nbsp; At the moment, the ship is located in Europe. On our website, you can find where we are now as well as a regularly updated sailing plan. How big is the crew? It depends, but generally we have [&hellip;]<\/p>","protected":false},"author":990011,"featured_media":0,"parent":0,"menu_order":0,"comment_status":"closed","ping_status":"closed","template":"","meta":{"_themeisle_gutenberg_block_has_review":false,"footnotes":""},"class_list":["post-2717","page","type-page","status-publish","hentry"],"yoast_head":"<!-- This site is optimized with the Yoast SEO plugin v25.5 - https:\/\/yoast.com\/wordpress\/plugins\/seo\/ -->\n<title>FAQ - Shtandart<\/title>\n<meta name=\"robots\" content=\"index, follow, max-snippet:-1, max-image-preview:large, max-video-preview:-1\" \/>\n<link rel=\"canonical\" href=\"https:\/\/shtandart.eu\/de\/faq\/\" \/>\n<meta property=\"og:locale\" content=\"de_DE\" \/>\n<meta property=\"og:type\" content=\"article\" \/>\n<meta property=\"og:title\" content=\"FAQ - Shtandart\" \/>\n<meta property=\"og:description\" content=\"General information Where is the Shtandart located and where will the ship go in the near future?&nbsp; At the moment, the ship is located in Europe. On our website, you can find where we are now as well as a regularly updated sailing plan. How big is the crew? It depends, but generally we have [&hellip;]\" \/>\n<meta property=\"og:url\" content=\"https:\/\/shtandart.eu\/de\/faq\/\" \/>\n<meta property=\"og:site_name\" content=\"Shtandart\" \/>\n<meta property=\"article:publisher\" content=\"https:\/\/www.facebook.com\/Frigate.Shtandart\/\" \/>\n<meta property=\"article:modified_time\" content=\"2024-07-07T09:47:21+00:00\" \/>\n<meta name=\"twitter:card\" content=\"summary_large_image\" \/>\n<meta name=\"twitter:label1\" content=\"Gesch\u00e4tzte Lesezeit\" \/>\n\t<meta name=\"twitter:data1\" content=\"3\u00a0Minuten\" \/>\n<script type=\"application\/ld+json\" class=\"yoast-schema-graph\">{\"@context\":\"https:\/\/schema.org\",\"@graph\":[{\"@type\":\"WebPage\",\"@id\":\"https:\/\/shtandart.eu\/de\/faq\/\",\"url\":\"https:\/\/shtandart.eu\/de\/faq\/\",\"name\":\"FAQ - Shtandart\",\"isPartOf\":{\"@id\":\"https:\/\/shtandart.eu\/#website\"},\"datePublished\":\"2023-11-25T17:42:16+00:00\",\"dateModified\":\"2024-07-07T09:47:21+00:00\",\"breadcrumb\":{\"@id\":\"https:\/\/shtandart.eu\/de\/faq\/#breadcrumb\"},\"inLanguage\":\"de\",\"potentialAction\":[{\"@type\":\"ReadAction\",\"target\":[\"https:\/\/shtandart.eu\/de\/faq\/\"]}]},{\"@type\":\"BreadcrumbList\",\"@id\":\"https:\/\/shtandart.eu\/de\/faq\/#breadcrumb\",\"itemListElement\":[{\"@type\":\"ListItem\",\"position\":1,\"name\":\"Home\",\"item\":\"https:\/\/shtandart.eu\/\"},{\"@type\":\"ListItem\",\"position\":2,\"name\":\"FAQ\"}]},{\"@type\":\"WebSite\",\"@id\":\"https:\/\/shtandart.eu\/#website\",\"url\":\"https:\/\/shtandart.eu\/\",\"name\":\"Shtandart\",\"description\":\"\",\"publisher\":{\"@id\":\"https:\/\/shtandart.eu\/#organization\"},\"potentialAction\":[{\"@type\":\"SearchAction\",\"target\":{\"@type\":\"EntryPoint\",\"urlTemplate\":\"https:\/\/shtandart.eu\/?s={search_term_string}\"},\"query-input\":{\"@type\":\"PropertyValueSpecification\",\"valueRequired\":true,\"valueName\":\"search_term_string\"}}],\"inLanguage\":\"de\"},{\"@type\":\"Organization\",\"@id\":\"https:\/\/shtandart.eu\/#organization\",\"name\":\"Shtandart\",\"url\":\"https:\/\/shtandart.eu\/\",\"logo\":{\"@type\":\"ImageObject\",\"inLanguage\":\"de\",\"@id\":\"https:\/\/shtandart.eu\/#\/schema\/logo\/image\/\",\"url\":\"https:\/\/shtandart.eu\/wp-content\/uploads\/2023\/12\/\u0411\u0435\u0437-\u0438\u043c\u0435\u043d\u0438-2.png\",\"contentUrl\":\"https:\/\/shtandart.eu\/wp-content\/uploads\/2023\/12\/\u0411\u0435\u0437-\u0438\u043c\u0435\u043d\u0438-2.png\",\"width\":512,\"height\":511,\"caption\":\"Shtandart\"},\"image\":{\"@id\":\"https:\/\/shtandart.eu\/#\/schema\/logo\/image\/\"},\"sameAs\":[\"https:\/\/www.facebook.com\/Frigate.Shtandart\/\"]}]}<\/script>\n<!-- \/ Yoast SEO plugin. -->","yoast_head_json":{"title":"FAQ - Shtandart","robots":{"index":"index","follow":"follow","max-snippet":"max-snippet:-1","max-image-preview":"max-image-preview:large","max-video-preview":"max-video-preview:-1"},"canonical":"https:\/\/shtandart.eu\/de\/faq\/","og_locale":"de_DE","og_type":"article","og_title":"FAQ - Shtandart","og_description":"General information Where is the Shtandart located and where will the ship go in the near future?&nbsp; At the moment, the ship is located in Europe. On our website, you can find where we are now as well as a regularly updated sailing plan. How big is the crew? It depends, but generally we have [&hellip;]","og_url":"https:\/\/shtandart.eu\/de\/faq\/","og_site_name":"Shtandart","article_publisher":"https:\/\/www.facebook.com\/Frigate.Shtandart\/","article_modified_time":"2024-07-07T09:47:21+00:00","twitter_card":"summary_large_image","twitter_misc":{"Gesch\u00e4tzte Lesezeit":"3\u00a0Minuten"},"schema":{"@context":"https:\/\/schema.org","@graph":[{"@type":"WebPage","@id":"https:\/\/shtandart.eu\/de\/faq\/","url":"https:\/\/shtandart.eu\/de\/faq\/","name":"FAQ - Shtandart","isPartOf":{"@id":"https:\/\/shtandart.eu\/#website"},"datePublished":"2023-11-25T17:42:16+00:00","dateModified":"2024-07-07T09:47:21+00:00","breadcrumb":{"@id":"https:\/\/shtandart.eu\/de\/faq\/#breadcrumb"},"inLanguage":"de","potentialAction":[{"@type":"ReadAction","target":["https:\/\/shtandart.eu\/de\/faq\/"]}]},{"@type":"BreadcrumbList","@id":"https:\/\/shtandart.eu\/de\/faq\/#breadcrumb","itemListElement":[{"@type":"ListItem","position":1,"name":"Home","item":"https:\/\/shtandart.eu\/"},{"@type":"ListItem","position":2,"name":"FAQ"}]},{"@type":"WebSite","@id":"https:\/\/shtandart.eu\/#website","url":"https:\/\/shtandart.eu\/","name":"Shtandart","description":"","publisher":{"@id":"https:\/\/shtandart.eu\/#organization"},"potentialAction":[{"@type":"SearchAction","target":{"@type":"EntryPoint","urlTemplate":"https:\/\/shtandart.eu\/?s={search_term_string}"},"query-input":{"@type":"PropertyValueSpecification","valueRequired":true,"valueName":"search_term_string"}}],"inLanguage":"de"},{"@type":"Organization","@id":"https:\/\/shtandart.eu\/#organization","name":"Shtandart","url":"https:\/\/shtandart.eu\/","logo":{"@type":"ImageObject","inLanguage":"de","@id":"https:\/\/shtandart.eu\/#\/schema\/logo\/image\/","url":"https:\/\/shtandart.eu\/wp-content\/uploads\/2023\/12\/\u0411\u0435\u0437-\u0438\u043c\u0435\u043d\u0438-2.png","contentUrl":"https:\/\/shtandart.eu\/wp-content\/uploads\/2023\/12\/\u0411\u0435\u0437-\u0438\u043c\u0435\u043d\u0438-2.png","width":512,"height":511,"caption":"Shtandart"},"image":{"@id":"https:\/\/shtandart.eu\/#\/schema\/logo\/image\/"},"sameAs":["https:\/\/www.facebook.com\/Frigate.Shtandart\/"]}]}},"_links":{"self":[{"href":"https:\/\/shtandart.eu\/de\/wp-json\/wp\/v2\/pages\/2717","targetHints":{"allow":["GET"]}}],"collection":[{"href":"https:\/\/shtandart.eu\/de\/wp-json\/wp\/v2\/pages"}],"about":[{"href":"https:\/\/shtandart.eu\/de\/wp-json\/wp\/v2\/types\/page"}],"author":[{"embeddable":true,"href":"https:\/\/shtandart.eu\/de\/wp-json\/wp\/v2\/users\/990011"}],"replies":[{"embeddable":true,"href":"https:\/\/shtandart.eu\/de\/wp-json\/wp\/v2\/comments?post=2717"}],"version-history":[{"count":5,"href":"https:\/\/shtandart.eu\/de\/wp-json\/wp\/v2\/pages\/2717\/revisions"}],"predecessor-version":[{"id":3646,"href":"https:\/\/shtandart.eu\/de\/wp-json\/wp\/v2\/pages\/2717\/revisions\/3646"}],"wp:attachment":[{"href":"https:\/\/shtandart.eu\/de\/wp-json\/wp\/v2\/media?parent=2717"}],"curies":[{"name":"wp","href":"https:\/\/api.w.org\/{rel}","templated":true}]}}